{"id":55442,"date":"2025-01-14T10:04:46","date_gmt":"2025-01-14T08:04:46","guid":{"rendered":"https:\/\/miumjau.ee\/toode\/churu-kakiem-sortiments-ar-vistu-un-liellopu-galu-20-gab\/"},"modified":"2025-01-14T10:04:46","modified_gmt":"2025-01-14T08:04:46","slug":"churu-kakiem-sortiments-ar-vistu-un-liellopu-galu-20-gab","status":"publish","type":"product","link":"https:\/\/miumjau.ee\/lv\/produkts\/churu-kakiem-sortiments-ar-vistu-un-liellopu-galu-20-gab\/","title":{"rendered":"Churu ka\u0137iem, sortiments ar vistu un liellopu ga\u013cu, 20 gab."},"content":{"rendered":"","protected":false},"excerpt":{"rendered":"<p data-start=\"168\" data-end=\"358\"><strong data-start=\"168\" data-end=\"226\">GATAVOTS NO VESEL\u012aG\u0100M SAST\u0100VDA\u013b\u0100M, KAM VAR UZTIC\u0112TIES:<\/strong> Katrs Inaba produkts ir gatavots no gard\u0101m kvalitat\u012bv\u0101m sast\u0101vda\u013c\u0101m, tostarp ferm\u0101 audz\u0113tas vistas un\/vai dab\u0101 nozvejotas tuncis.<\/p>\n<p data-start=\"360\" data-end=\"620\"><strong data-start=\"360\" data-end=\"419\">UZTUR\u0112JIET SAVU KA\u0136I HIDRAT\u0112TU, NEPALIELINOT KALORIJAS:<\/strong> katrs gardais kr\u0113mveida Churu t\u016bbi\u0146a satur 91% mitruma un tikai se\u0161as kalorijas (desmitda\u013ca no tradicion\u0101lo sauso ka\u0137u k\u0101rumu kalorij\u0101m), padarot to par vesel\u012bgu uzkodu, par kuru varat justies labi.<\/p>\n<p data-start=\"622\" data-end=\"858\"><strong data-start=\"622\" data-end=\"649\">BEZ NEV\u0112LAM\u0100M PIEDEV\u0100M:<\/strong> j\u016bsu ka\u0137a draugs mums ir svar\u012bgs, t\u0101p\u0113c m\u0113s esam izsl\u0113gu\u0161i no m\u016bsu ka\u0137u k\u0101rumiem graudus, konservantus, m\u0101ksl\u012bg\u0101s kr\u0101sas un karag\u0113nu, bet pievienoju\u0161i taur\u012bnu, lai pal\u012bdz\u0113tu uzlabot vi\u0146u visp\u0101r\u0113jo vesel\u012bbu.<\/p>\n<p data-start=\"860\" data-end=\"1089\"><strong data-start=\"860\" data-end=\"897\">\u013bAUJIET VI\u0145IEM \u0112ST TIE\u0160I NO JUMS:<\/strong> \u0161\u012bs kr\u0113mveida pild\u012bt\u0101s t\u016bbi\u0146as paredz\u0113tas k\u0101 interakt\u012bvas roku baro\u0161anas uzkodas, ta\u010du t\u0101s var izmantot ar\u012b k\u0101 papildin\u0101jumu sausai vai mitrai bar\u012bbai vai k\u0101 l\u012bdzekli medikamentu sl\u0113p\u0161anai.<\/p>\n<p data-start=\"1091\" data-end=\"1196\"><strong data-start=\"1091\" data-end=\"1128\">PIEVIENOT SAVU KA\u0136A DZ\u012aVEI GAR\u0160U:<\/strong> pieejamas da\u017e\u0101das gar\u0161as, ka\u0137i var atrast savu iecien\u012bt\u0101ko gar\u0161u.<\/p>\n<p data-start=\"1198\" data-end=\"1212\"><strong data-start=\"1198\" data-end=\"1210\">SAST\u0100VS:<\/strong><\/p>\n<p data-start=\"1214\" data-end=\"1234\"><strong data-start=\"1214\" data-end=\"1232\">KAST\u0112 20 gab.:<\/strong><\/p>\n<ul data-start=\"1235\" data-end=\"2071\">\n<li data-section-id=\"12qfmyb\" data-start=\"1235\" data-end=\"1446\">\n<p data-start=\"1237\" data-end=\"1446\">Vistas ar sieru recepte x5 t\u016bbi\u0146as: \u016bdens, vistas ga\u013ca, siers (piens, \u016bdens, fosforsk\u0101be), tapioka ciete, dab\u012bgie arom\u0101ti, dab\u012bg\u0101 vistas gar\u0161a, guar gumija, E vitam\u012bna piedeva, taur\u012bns, za\u013c\u0101s t\u0113jas ekstrakts<\/p>\n<\/li>\n<li data-section-id=\"ue1n0d\" data-start=\"1447\" data-end=\"1646\">\n<p data-start=\"1449\" data-end=\"1646\">Vistas ar liellopu ga\u013cu recepte x5 t\u016bbi\u0146as: \u016bdens, vistas ga\u013ca, tapioka ciete, liellopa ga\u013ca, dab\u012bgie arom\u0101ti, dab\u012bg\u0101 vistas gar\u0161a, guar gumija, E vitam\u012bna piedeva, taur\u012bns, za\u013c\u0101s t\u0113jas ekstrakts<\/p>\n<\/li>\n<li data-section-id=\"16wfyw8\" data-start=\"1647\" data-end=\"1889\">\n<p data-start=\"1649\" data-end=\"1889\">Vistas, liellopu ga\u013cas un siera recepte x5 t\u016bbi\u0146as: \u016bdens, vistas ga\u013ca, siers (piens, \u016bdens, fosforsk\u0101be), tapioka ciete, liellopa ga\u013ca, dab\u012bgie arom\u0101ti, dab\u012bg\u0101 vistas gar\u0161a, guar gumija, E vitam\u012bna piedeva, taur\u012bns, za\u013c\u0101s t\u0113jas ekstrakts<\/p>\n<\/li>\n<li data-section-id=\"5puwkl\" data-start=\"1890\" data-end=\"2071\">\n<p data-start=\"1892\" data-end=\"2071\">Vistas ar lasi recepte x5 t\u016bbi\u0146as: \u016bdens, vistas ga\u013ca, tapioka ciete, lasis, dab\u012bgie arom\u0101ti, dab\u012bg\u0101 j\u016bras gar\u0161a, guar gumija, E vitam\u012bna piedeva, taur\u012bns, za\u013c\u0101s t\u0113jas ekstrakts<\/p>\n<\/li>\n<\/ul>\n","protected":false},"featured_media":55435,"template":"","meta":[],"product_brand":[],"product_cat":[570],"product_tag":[],"class_list":{"0":"post-55442","1":"product","2":"type-product","3":"status-publish","4":"has-post-thumbnail","6":"product_cat-naski","8":"first","9":"instock","10":"taxable","11":"shipping-taxable","12":"purchasable","13":"product-type-simple"},"yoast_head":"<!-- This site is optimized with the Yoast SEO plugin v27.4 - https:\/\/yoast.com\/product\/yoast-seo-wordpress\/ -->\n<title>Churu ka\u0137iem, sortiments ar vistu un liellopu ga\u013cu, 20 gab. - MiuMjau<\/title>\n<meta name=\"robots\" content=\"index, follow, max-snippet:-1, max-image-preview:large, max-video-preview:-1\" \/>\n<link rel=\"canonical\" href=\"https:\/\/miumjau.ee\/lv\/produkts\/churu-kakiem-sortiments-ar-vistu-un-liellopu-galu-20-gab\/\" \/>\n<meta property=\"og:locale\" content=\"lv_LV\" \/>\n<meta property=\"og:type\" content=\"article\" \/>\n<meta property=\"og:title\" content=\"Churu ka\u0137iem, sortiments ar vistu un liellopu ga\u013cu, 20 gab. - MiuMjau\" \/>\n<meta property=\"og:description\" content=\"GATAVOTS NO VESEL\u012aG\u0100M SAST\u0100VDA\u013b\u0100M, KAM VAR UZTIC\u0112TIES: Katrs Inaba produkts ir gatavots no gard\u0101m kvalitat\u012bv\u0101m sast\u0101vda\u013c\u0101m, tostarp ferm\u0101 audz\u0113tas vistas un\/vai dab\u0101 nozvejotas tuncis. UZTUR\u0112JIET SAVU KA\u0136I HIDRAT\u0112TU, NEPALIELINOT KALORIJAS: katrs gardais kr\u0113mveida Churu t\u016bbi\u0146a satur 91% mitruma un tikai se\u0161as kalorijas (desmitda\u013ca no tradicion\u0101lo sauso ka\u0137u k\u0101rumu kalorij\u0101m), padarot to par vesel\u012bgu uzkodu, par kuru varat justies labi. BEZ NEV\u0112LAM\u0100M PIEDEV\u0100M: j\u016bsu ka\u0137a draugs mums ir svar\u012bgs, t\u0101p\u0113c m\u0113s esam izsl\u0113gu\u0161i no m\u016bsu ka\u0137u k\u0101rumiem graudus, konservantus, m\u0101ksl\u012bg\u0101s kr\u0101sas un karag\u0113nu, bet pievienoju\u0161i taur\u012bnu, lai pal\u012bdz\u0113tu uzlabot vi\u0146u visp\u0101r\u0113jo vesel\u012bbu. \u013bAUJIET VI\u0145IEM \u0112ST TIE\u0160I NO JUMS: \u0161\u012bs kr\u0113mveida pild\u012bt\u0101s t\u016bbi\u0146as paredz\u0113tas k\u0101 interakt\u012bvas roku baro\u0161anas uzkodas, ta\u010du t\u0101s var izmantot ar\u012b k\u0101 papildin\u0101jumu sausai vai mitrai bar\u012bbai vai k\u0101 l\u012bdzekli medikamentu sl\u0113p\u0161anai. PIEVIENOT SAVU KA\u0136A DZ\u012aVEI GAR\u0160U: pieejamas da\u017e\u0101das gar\u0161as, ka\u0137i var atrast savu iecien\u012bt\u0101ko gar\u0161u. SAST\u0100VS: KAST\u0112 20 gab.:     Vistas ar sieru recepte x5 t\u016bbi\u0146as: \u016bdens, vistas ga\u013ca, siers (piens, \u016bdens, fosforsk\u0101be), tapioka ciete, dab\u012bgie arom\u0101ti, dab\u012bg\u0101 vistas gar\u0161a, guar gumija, E vitam\u012bna piedeva, taur\u012bns, za\u013c\u0101s t\u0113jas ekstrakts    Vistas ar liellopu ga\u013cu recepte x5 t\u016bbi\u0146as: \u016bdens, vistas ga\u013ca, tapioka ciete, liellopa ga\u013ca, dab\u012bgie arom\u0101ti, dab\u012bg\u0101 vistas gar\u0161a, guar gumija, E vitam\u012bna piedeva, taur\u012bns, za\u013c\u0101s t\u0113jas ekstrakts    Vistas, liellopu ga\u013cas un siera recepte x5 t\u016bbi\u0146as: \u016bdens, vistas ga\u013ca, siers (piens, \u016bdens, fosforsk\u0101be), tapioka ciete, liellopa ga\u013ca, dab\u012bgie arom\u0101ti, dab\u012bg\u0101 vistas gar\u0161a, guar gumija, E vitam\u012bna piedeva, taur\u012bns, za\u013c\u0101s t\u0113jas ekstrakts    Vistas ar lasi recepte x5 t\u016bbi\u0146as: \u016bdens, vistas ga\u013ca, tapioka ciete, lasis, dab\u012bgie arom\u0101ti, dab\u012bg\u0101 j\u016bras gar\u0161a, guar gumija, E vitam\u012bna piedeva, taur\u012bns, za\u013c\u0101s t\u0113jas ekstrakts\" \/>\n<meta property=\"og:url\" content=\"https:\/\/miumjau.ee\/lv\/produkts\/churu-kakiem-sortiments-ar-vistu-un-liellopu-galu-20-gab\/\" \/>\n<meta property=\"og:site_name\" content=\"MiuMjau\" \/>\n<meta property=\"article:publisher\" content=\"https:\/\/www.facebook.com\/miumjaupood\/\" \/>\n<meta property=\"og:image\" content=\"https:\/\/miumjau.ee\/wp-content\/uploads\/2025\/01\/churu-maiused-kassidele-uued8.jpg\" \/>\n\t<meta property=\"og:image:width\" content=\"600\" \/>\n\t<meta property=\"og:image:height\" content=\"800\" \/>\n\t<meta property=\"og:image:type\" content=\"image\/jpeg\" \/>\n<meta name=\"twitter:card\" content=\"summary_large_image\" \/>\n<script type=\"application\/ld+json\" class=\"yoast-schema-graph\">{\"@context\":\"https:\\\/\\\/schema.org\",\"@graph\":[{\"@type\":\"WebPage\",\"@id\":\"https:\\\/\\\/miumjau.ee\\\/lv\\\/produkts\\\/churu-kakiem-sortiments-ar-vistu-un-liellopu-galu-20-gab\\\/\",\"url\":\"https:\\\/\\\/miumjau.ee\\\/lv\\\/produkts\\\/churu-kakiem-sortiments-ar-vistu-un-liellopu-galu-20-gab\\\/\",\"name\":\"Churu ka\u0137iem, sortiments ar vistu un liellopu ga\u013cu, 20 gab. - MiuMjau\",\"isPartOf\":{\"@id\":\"https:\\\/\\\/miumjau.ee\\\/#website\"},\"primaryImageOfPage\":{\"@id\":\"https:\\\/\\\/miumjau.ee\\\/lv\\\/produkts\\\/churu-kakiem-sortiments-ar-vistu-un-liellopu-galu-20-gab\\\/#primaryimage\"},\"image\":{\"@id\":\"https:\\\/\\\/miumjau.ee\\\/lv\\\/produkts\\\/churu-kakiem-sortiments-ar-vistu-un-liellopu-galu-20-gab\\\/#primaryimage\"},\"thumbnailUrl\":\"https:\\\/\\\/miumjau.ee\\\/wp-content\\\/uploads\\\/2025\\\/01\\\/churu-maiused-kassidele-uued8.jpg\",\"datePublished\":\"2025-01-14T08:04:46+00:00\",\"breadcrumb\":{\"@id\":\"https:\\\/\\\/miumjau.ee\\\/lv\\\/produkts\\\/churu-kakiem-sortiments-ar-vistu-un-liellopu-galu-20-gab\\\/#breadcrumb\"},\"inLanguage\":\"lv-LV\",\"potentialAction\":[{\"@type\":\"ReadAction\",\"target\":[\"https:\\\/\\\/miumjau.ee\\\/lv\\\/produkts\\\/churu-kakiem-sortiments-ar-vistu-un-liellopu-galu-20-gab\\\/\"]}]},{\"@type\":\"ImageObject\",\"inLanguage\":\"lv-LV\",\"@id\":\"https:\\\/\\\/miumjau.ee\\\/lv\\\/produkts\\\/churu-kakiem-sortiments-ar-vistu-un-liellopu-galu-20-gab\\\/#primaryimage\",\"url\":\"https:\\\/\\\/miumjau.ee\\\/wp-content\\\/uploads\\\/2025\\\/01\\\/churu-maiused-kassidele-uued8.jpg\",\"contentUrl\":\"https:\\\/\\\/miumjau.ee\\\/wp-content\\\/uploads\\\/2025\\\/01\\\/churu-maiused-kassidele-uued8.jpg\",\"width\":600,\"height\":800},{\"@type\":\"BreadcrumbList\",\"@id\":\"https:\\\/\\\/miumjau.ee\\\/lv\\\/produkts\\\/churu-kakiem-sortiments-ar-vistu-un-liellopu-galu-20-gab\\\/#breadcrumb\",\"itemListElement\":[{\"@type\":\"ListItem\",\"position\":1,\"name\":\"Home\",\"item\":\"https:\\\/\\\/miumjau.ee\\\/lv\\\/\"},{\"@type\":\"ListItem\",\"position\":2,\"name\":\"Veikals\",\"item\":\"https:\\\/\\\/miumjau.ee\\\/lv\\\/veikals\\\/\"},{\"@type\":\"ListItem\",\"position\":3,\"name\":\"Churu ka\u0137iem, sortiments ar vistu un liellopu ga\u013cu, 20 gab.\"}]},{\"@type\":\"WebSite\",\"@id\":\"https:\\\/\\\/miumjau.ee\\\/#website\",\"url\":\"https:\\\/\\\/miumjau.ee\\\/\",\"name\":\"MiuMjau\",\"description\":\"Kraapimispuud kassidele\",\"publisher\":{\"@id\":\"https:\\\/\\\/miumjau.ee\\\/#organization\"},\"potentialAction\":[{\"@type\":\"SearchAction\",\"target\":{\"@type\":\"EntryPoint\",\"urlTemplate\":\"https:\\\/\\\/miumjau.ee\\\/?s={search_term_string}\"},\"query-input\":{\"@type\":\"PropertyValueSpecification\",\"valueRequired\":true,\"valueName\":\"search_term_string\"}}],\"inLanguage\":\"lv-LV\"},{\"@type\":\"Organization\",\"@id\":\"https:\\\/\\\/miumjau.ee\\\/#organization\",\"name\":\"MiuMjau O\u00dc\",\"url\":\"https:\\\/\\\/miumjau.ee\\\/\",\"logo\":{\"@type\":\"ImageObject\",\"inLanguage\":\"lv-LV\",\"@id\":\"https:\\\/\\\/miumjau.ee\\\/#\\\/schema\\\/logo\\\/image\\\/\",\"url\":\"https:\\\/\\\/miumjau.ee\\\/wp-content\\\/uploads\\\/2022\\\/04\\\/MiuMjau-logo-kollane.png\",\"contentUrl\":\"https:\\\/\\\/miumjau.ee\\\/wp-content\\\/uploads\\\/2022\\\/04\\\/MiuMjau-logo-kollane.png\",\"width\":219,\"height\":100,\"caption\":\"MiuMjau O\u00dc\"},\"image\":{\"@id\":\"https:\\\/\\\/miumjau.ee\\\/#\\\/schema\\\/logo\\\/image\\\/\"},\"sameAs\":[\"https:\\\/\\\/www.facebook.com\\\/miumjaupood\\\/\"]}]}<\/script>\n<!-- \/ Yoast SEO plugin. -->","yoast_head_json":{"title":"Churu ka\u0137iem, sortiments ar vistu un liellopu ga\u013cu, 20 gab. - MiuMjau","robots":{"index":"index","follow":"follow","max-snippet":"max-snippet:-1","max-image-preview":"max-image-preview:large","max-video-preview":"max-video-preview:-1"},"canonical":"https:\/\/miumjau.ee\/lv\/produkts\/churu-kakiem-sortiments-ar-vistu-un-liellopu-galu-20-gab\/","og_locale":"lv_LV","og_type":"article","og_title":"Churu ka\u0137iem, sortiments ar vistu un liellopu ga\u013cu, 20 gab. - MiuMjau","og_description":"GATAVOTS NO VESEL\u012aG\u0100M SAST\u0100VDA\u013b\u0100M, KAM VAR UZTIC\u0112TIES: Katrs Inaba produkts ir gatavots no gard\u0101m kvalitat\u012bv\u0101m sast\u0101vda\u013c\u0101m, tostarp ferm\u0101 audz\u0113tas vistas un\/vai dab\u0101 nozvejotas tuncis. UZTUR\u0112JIET SAVU KA\u0136I HIDRAT\u0112TU, NEPALIELINOT KALORIJAS: katrs gardais kr\u0113mveida Churu t\u016bbi\u0146a satur 91% mitruma un tikai se\u0161as kalorijas (desmitda\u013ca no tradicion\u0101lo sauso ka\u0137u k\u0101rumu kalorij\u0101m), padarot to par vesel\u012bgu uzkodu, par kuru varat justies labi. BEZ NEV\u0112LAM\u0100M PIEDEV\u0100M: j\u016bsu ka\u0137a draugs mums ir svar\u012bgs, t\u0101p\u0113c m\u0113s esam izsl\u0113gu\u0161i no m\u016bsu ka\u0137u k\u0101rumiem graudus, konservantus, m\u0101ksl\u012bg\u0101s kr\u0101sas un karag\u0113nu, bet pievienoju\u0161i taur\u012bnu, lai pal\u012bdz\u0113tu uzlabot vi\u0146u visp\u0101r\u0113jo vesel\u012bbu. \u013bAUJIET VI\u0145IEM \u0112ST TIE\u0160I NO JUMS: \u0161\u012bs kr\u0113mveida pild\u012bt\u0101s t\u016bbi\u0146as paredz\u0113tas k\u0101 interakt\u012bvas roku baro\u0161anas uzkodas, ta\u010du t\u0101s var izmantot ar\u012b k\u0101 papildin\u0101jumu sausai vai mitrai bar\u012bbai vai k\u0101 l\u012bdzekli medikamentu sl\u0113p\u0161anai. PIEVIENOT SAVU KA\u0136A DZ\u012aVEI GAR\u0160U: pieejamas da\u017e\u0101das gar\u0161as, ka\u0137i var atrast savu iecien\u012bt\u0101ko gar\u0161u. SAST\u0100VS: KAST\u0112 20 gab.:     Vistas ar sieru recepte x5 t\u016bbi\u0146as: \u016bdens, vistas ga\u013ca, siers (piens, \u016bdens, fosforsk\u0101be), tapioka ciete, dab\u012bgie arom\u0101ti, dab\u012bg\u0101 vistas gar\u0161a, guar gumija, E vitam\u012bna piedeva, taur\u012bns, za\u013c\u0101s t\u0113jas ekstrakts    Vistas ar liellopu ga\u013cu recepte x5 t\u016bbi\u0146as: \u016bdens, vistas ga\u013ca, tapioka ciete, liellopa ga\u013ca, dab\u012bgie arom\u0101ti, dab\u012bg\u0101 vistas gar\u0161a, guar gumija, E vitam\u012bna piedeva, taur\u012bns, za\u013c\u0101s t\u0113jas ekstrakts    Vistas, liellopu ga\u013cas un siera recepte x5 t\u016bbi\u0146as: \u016bdens, vistas ga\u013ca, siers (piens, \u016bdens, fosforsk\u0101be), tapioka ciete, liellopa ga\u013ca, dab\u012bgie arom\u0101ti, dab\u012bg\u0101 vistas gar\u0161a, guar gumija, E vitam\u012bna piedeva, taur\u012bns, za\u013c\u0101s t\u0113jas ekstrakts    Vistas ar lasi recepte x5 t\u016bbi\u0146as: \u016bdens, vistas ga\u013ca, tapioka ciete, lasis, dab\u012bgie arom\u0101ti, dab\u012bg\u0101 j\u016bras gar\u0161a, guar gumija, E vitam\u012bna piedeva, taur\u012bns, za\u013c\u0101s t\u0113jas ekstrakts","og_url":"https:\/\/miumjau.ee\/lv\/produkts\/churu-kakiem-sortiments-ar-vistu-un-liellopu-galu-20-gab\/","og_site_name":"MiuMjau","article_publisher":"https:\/\/www.facebook.com\/miumjaupood\/","og_image":[{"width":600,"height":800,"url":"https:\/\/miumjau.ee\/wp-content\/uploads\/2025\/01\/churu-maiused-kassidele-uued8.jpg","type":"image\/jpeg"}],"twitter_card":"summary_large_image","schema":{"@context":"https:\/\/schema.org","@graph":[{"@type":"WebPage","@id":"https:\/\/miumjau.ee\/lv\/produkts\/churu-kakiem-sortiments-ar-vistu-un-liellopu-galu-20-gab\/","url":"https:\/\/miumjau.ee\/lv\/produkts\/churu-kakiem-sortiments-ar-vistu-un-liellopu-galu-20-gab\/","name":"Churu ka\u0137iem, sortiments ar vistu un liellopu ga\u013cu, 20 gab. - MiuMjau","isPartOf":{"@id":"https:\/\/miumjau.ee\/#website"},"primaryImageOfPage":{"@id":"https:\/\/miumjau.ee\/lv\/produkts\/churu-kakiem-sortiments-ar-vistu-un-liellopu-galu-20-gab\/#primaryimage"},"image":{"@id":"https:\/\/miumjau.ee\/lv\/produkts\/churu-kakiem-sortiments-ar-vistu-un-liellopu-galu-20-gab\/#primaryimage"},"thumbnailUrl":"https:\/\/miumjau.ee\/wp-content\/uploads\/2025\/01\/churu-maiused-kassidele-uued8.jpg","datePublished":"2025-01-14T08:04:46+00:00","breadcrumb":{"@id":"https:\/\/miumjau.ee\/lv\/produkts\/churu-kakiem-sortiments-ar-vistu-un-liellopu-galu-20-gab\/#breadcrumb"},"inLanguage":"lv-LV","potentialAction":[{"@type":"ReadAction","target":["https:\/\/miumjau.ee\/lv\/produkts\/churu-kakiem-sortiments-ar-vistu-un-liellopu-galu-20-gab\/"]}]},{"@type":"ImageObject","inLanguage":"lv-LV","@id":"https:\/\/miumjau.ee\/lv\/produkts\/churu-kakiem-sortiments-ar-vistu-un-liellopu-galu-20-gab\/#primaryimage","url":"https:\/\/miumjau.ee\/wp-content\/uploads\/2025\/01\/churu-maiused-kassidele-uued8.jpg","contentUrl":"https:\/\/miumjau.ee\/wp-content\/uploads\/2025\/01\/churu-maiused-kassidele-uued8.jpg","width":600,"height":800},{"@type":"BreadcrumbList","@id":"https:\/\/miumjau.ee\/lv\/produkts\/churu-kakiem-sortiments-ar-vistu-un-liellopu-galu-20-gab\/#breadcrumb","itemListElement":[{"@type":"ListItem","position":1,"name":"Home","item":"https:\/\/miumjau.ee\/lv\/"},{"@type":"ListItem","position":2,"name":"Veikals","item":"https:\/\/miumjau.ee\/lv\/veikals\/"},{"@type":"ListItem","position":3,"name":"Churu ka\u0137iem, sortiments ar vistu un liellopu ga\u013cu, 20 gab."}]},{"@type":"WebSite","@id":"https:\/\/miumjau.ee\/#website","url":"https:\/\/miumjau.ee\/","name":"MiuMjau","description":"Kraapimispuud kassidele","publisher":{"@id":"https:\/\/miumjau.ee\/#organization"},"potentialAction":[{"@type":"SearchAction","target":{"@type":"EntryPoint","urlTemplate":"https:\/\/miumjau.ee\/?s={search_term_string}"},"query-input":{"@type":"PropertyValueSpecification","valueRequired":true,"valueName":"search_term_string"}}],"inLanguage":"lv-LV"},{"@type":"Organization","@id":"https:\/\/miumjau.ee\/#organization","name":"MiuMjau O\u00dc","url":"https:\/\/miumjau.ee\/","logo":{"@type":"ImageObject","inLanguage":"lv-LV","@id":"https:\/\/miumjau.ee\/#\/schema\/logo\/image\/","url":"https:\/\/miumjau.ee\/wp-content\/uploads\/2022\/04\/MiuMjau-logo-kollane.png","contentUrl":"https:\/\/miumjau.ee\/wp-content\/uploads\/2022\/04\/MiuMjau-logo-kollane.png","width":219,"height":100,"caption":"MiuMjau O\u00dc"},"image":{"@id":"https:\/\/miumjau.ee\/#\/schema\/logo\/image\/"},"sameAs":["https:\/\/www.facebook.com\/miumjaupood\/"]}]}},"_links":{"self":[{"href":"https:\/\/miumjau.ee\/lv\/wp-json\/wp\/v2\/product\/55442","targetHints":{"allow":["GET"]}}],"collection":[{"href":"https:\/\/miumjau.ee\/lv\/wp-json\/wp\/v2\/product"}],"about":[{"href":"https:\/\/miumjau.ee\/lv\/wp-json\/wp\/v2\/types\/product"}],"wp:featuredmedia":[{"embeddable":true,"href":"https:\/\/miumjau.ee\/lv\/wp-json\/wp\/v2\/media\/55435"}],"wp:attachment":[{"href":"https:\/\/miumjau.ee\/lv\/wp-json\/wp\/v2\/media?parent=55442"}],"wp:term":[{"taxonomy":"product_brand","embeddable":true,"href":"https:\/\/miumjau.ee\/lv\/wp-json\/wp\/v2\/product_brand?post=55442"},{"taxonomy":"product_cat","embeddable":true,"href":"https:\/\/miumjau.ee\/lv\/wp-json\/wp\/v2\/product_cat?post=55442"},{"taxonomy":"product_tag","embeddable":true,"href":"https:\/\/miumjau.ee\/lv\/wp-json\/wp\/v2\/product_tag?post=55442"}],"curies":[{"name":"wp","href":"https:\/\/api.w.org\/{rel}","templated":true}]}}