{"id":55416,"date":"2025-01-14T08:44:26","date_gmt":"2025-01-14T06:44:26","guid":{"rendered":"https:\/\/miumjau.ee\/toode\/churu-kremigs-karums-kakim-ar-tunci-un-liellopu-galu-4x14-g\/"},"modified":"2025-01-14T08:44:26","modified_gmt":"2025-01-14T06:44:26","slug":"churu-kremigs-karums-kakim-ar-tunci-un-liellopu-galu-4x14-g","status":"publish","type":"product","link":"https:\/\/miumjau.ee\/lv\/produkts\/churu-kremigs-karums-kakim-ar-tunci-un-liellopu-galu-4x14-g\/","title":{"rendered":"Churu kr\u0113m\u012bgs k\u0101rums ka\u0137im ar tunci un liellopu ga\u013cu 4&#215;14 g"},"content":{"rendered":"","protected":false},"excerpt":{"rendered":"<p data-start=\"181\" data-end=\"386\">Inaba Churu k\u0101rumi ka\u0137iem ir \u013coti vilino\u0161a balva, kas vienlaikus baro un mitrina j\u016bsu ka\u0137i. Tie ir gatavoti no augst\u0101k\u0101s kvalit\u0101tes izejviel\u0101m un sniedz daudzas labv\u0113l\u012bgas \u012bpa\u0161\u012bbas j\u016bsu ka\u0137a \u0113dienkartei.<\/p>\n<p data-start=\"388\" data-end=\"497\">Inaba Churu z\u012bmols pied\u0101v\u0101 pat\u0113r\u0113t\u0101jiem pla\u0161u kl\u0101stu mitru k\u0101rumu ka\u0137iem, kuri ir \u013coti iecien\u012bti ka\u0137u vid\u016b.<\/p>\n<p data-start=\"499\" data-end=\"669\"><strong data-start=\"499\" data-end=\"530\">Kas ir Churu k\u0101rumi ka\u0137iem?<\/strong><br data-start=\"530\" data-end=\"533\" \/>Inaba Churu k\u0101rumi ir da\u013c\u0113ji mitri uzkodu un k\u0101rumu veidi, kas \u0101tri k\u013c\u016bst par ka\u0137a iecien\u012bt\u0101kajiem. To daudzajos ieguvumos var izcelt:<\/p>\n<ul data-start=\"671\" data-end=\"781\">\n<li data-section-id=\"1nopebp\" data-start=\"671\" data-end=\"695\">\n<p data-start=\"673\" data-end=\"695\">Papildus mitrin\u0101\u0161ana<\/p>\n<\/li>\n<li data-section-id=\"1mlsf81\" data-start=\"696\" data-end=\"759\">\n<p data-start=\"698\" data-end=\"759\">\u013boti zems tauku saturs (piem\u0113rots ar\u012b steriliz\u0113tiem ka\u0137iem)<\/p>\n<\/li>\n<li data-section-id=\"1g5ob1f\" data-start=\"760\" data-end=\"781\">\n<p data-start=\"762\" data-end=\"781\">Neatvair\u0101ma gar\u0161a<\/p>\n<\/li>\n<\/ul>\n<p data-start=\"783\" data-end=\"943\">Tie ir gatavoti no augst\u0101k\u0101s kvalit\u0101tes izejviel\u0101m, t\u0101p\u0113c papildus gar\u0161ai tie ir vesel\u012bga balva, kas nodro\u0161ina ka\u0137im augstas biolo\u0123isk\u0101s v\u0113rt\u012bbas uzturvielas.<\/p>\n<p data-start=\"945\" data-end=\"1056\">Ja j\u016bsu ka\u0137is v\u0113l nav m\u0113\u0123in\u0101jis Churu k\u0101rumus, negaidiet vairs! Tie noteikti k\u013c\u016bs par vi\u0146a iecien\u012bt\u0101ko balvu!<\/p>\n<p data-start=\"1058\" data-end=\"1360\"><strong data-start=\"1058\" data-end=\"1070\">Sast\u0101vs:<\/strong> tuncis 28,2%, tapioka (\u017e\u0101v\u0113ta), liellopu ga\u013ca 1,8%, tuncis ekstrakts, kolag\u0113ns<br data-start=\"1149\" data-end=\"1152\" \/><strong data-start=\"1152\" data-end=\"1179\">Tehnolo\u0123iskie piedevas:<\/strong> guar gumija<br data-start=\"1191\" data-end=\"1194\" \/><strong data-start=\"1194\" data-end=\"1214\">Uztura piedevas:<\/strong> vitam\u012bns E<br data-start=\"1225\" data-end=\"1228\" \/><strong data-start=\"1228\" data-end=\"1253\">Anal\u012btiskais sast\u0101vs:<\/strong> prote\u012bns 8,5%, tauki 0,5%, \u0161\u0137iedras 0,1%, mitrums 88%, pelni 1,5%<br data-start=\"1319\" data-end=\"1322\" \/><strong data-start=\"1322\" data-end=\"1346\">Ener\u0123\u0113tisk\u0101 v\u0113rt\u012bba:<\/strong> 440 kcal\/kg<\/p>\n","protected":false},"featured_media":55417,"template":"","meta":[],"product_brand":[],"product_cat":[570],"product_tag":[],"class_list":{"0":"post-55416","1":"product","2":"type-product","3":"status-publish","4":"has-post-thumbnail","6":"product_cat-naski","8":"first","9":"instock","10":"taxable","11":"shipping-taxable","12":"purchasable","13":"product-type-simple"},"yoast_head":"<!-- This site is optimized with the Yoast SEO plugin v27.4 - https:\/\/yoast.com\/product\/yoast-seo-wordpress\/ -->\n<title>Churu kr\u0113m\u012bgs k\u0101rums ka\u0137im ar tunci un liellopu ga\u013cu 4x14 g - MiuMjau<\/title>\n<meta name=\"robots\" content=\"index, follow, max-snippet:-1, max-image-preview:large, max-video-preview:-1\" \/>\n<link rel=\"canonical\" href=\"https:\/\/miumjau.ee\/lv\/produkts\/churu-kremigs-karums-kakim-ar-tunci-un-liellopu-galu-4x14-g\/\" \/>\n<meta property=\"og:locale\" content=\"lv_LV\" \/>\n<meta property=\"og:type\" content=\"article\" \/>\n<meta property=\"og:title\" content=\"Churu kr\u0113m\u012bgs k\u0101rums ka\u0137im ar tunci un liellopu ga\u013cu 4x14 g - MiuMjau\" \/>\n<meta property=\"og:description\" content=\"Inaba Churu k\u0101rumi ka\u0137iem ir \u013coti vilino\u0161a balva, kas vienlaikus baro un mitrina j\u016bsu ka\u0137i. Tie ir gatavoti no augst\u0101k\u0101s kvalit\u0101tes izejviel\u0101m un sniedz daudzas labv\u0113l\u012bgas \u012bpa\u0161\u012bbas j\u016bsu ka\u0137a \u0113dienkartei. Inaba Churu z\u012bmols pied\u0101v\u0101 pat\u0113r\u0113t\u0101jiem pla\u0161u kl\u0101stu mitru k\u0101rumu ka\u0137iem, kuri ir \u013coti iecien\u012bti ka\u0137u vid\u016b. Kas ir Churu k\u0101rumi ka\u0137iem?Inaba Churu k\u0101rumi ir da\u013c\u0113ji mitri uzkodu un k\u0101rumu veidi, kas \u0101tri k\u013c\u016bst par ka\u0137a iecien\u012bt\u0101kajiem. To daudzajos ieguvumos var izcelt:     Papildus mitrin\u0101\u0161ana    \u013boti zems tauku saturs (piem\u0113rots ar\u012b steriliz\u0113tiem ka\u0137iem)    Neatvair\u0101ma gar\u0161a   Tie ir gatavoti no augst\u0101k\u0101s kvalit\u0101tes izejviel\u0101m, t\u0101p\u0113c papildus gar\u0161ai tie ir vesel\u012bga balva, kas nodro\u0161ina ka\u0137im augstas biolo\u0123isk\u0101s v\u0113rt\u012bbas uzturvielas. Ja j\u016bsu ka\u0137is v\u0113l nav m\u0113\u0123in\u0101jis Churu k\u0101rumus, negaidiet vairs! Tie noteikti k\u013c\u016bs par vi\u0146a iecien\u012bt\u0101ko balvu! Sast\u0101vs: tuncis 28,2%, tapioka (\u017e\u0101v\u0113ta), liellopu ga\u013ca 1,8%, tuncis ekstrakts, kolag\u0113nsTehnolo\u0123iskie piedevas: guar gumijaUztura piedevas: vitam\u012bns EAnal\u012btiskais sast\u0101vs: prote\u012bns 8,5%, tauki 0,5%, \u0161\u0137iedras 0,1%, mitrums 88%, pelni 1,5%Ener\u0123\u0113tisk\u0101 v\u0113rt\u012bba: 440 kcal\/kg\" \/>\n<meta property=\"og:url\" content=\"https:\/\/miumjau.ee\/lv\/produkts\/churu-kremigs-karums-kakim-ar-tunci-un-liellopu-galu-4x14-g\/\" \/>\n<meta property=\"og:site_name\" content=\"MiuMjau\" \/>\n<meta property=\"article:publisher\" content=\"https:\/\/www.facebook.com\/miumjaupood\/\" \/>\n<meta property=\"og:image\" content=\"https:\/\/miumjau.ee\/wp-content\/uploads\/2025\/01\/churu-maiused-kassidele-uued7.jpg\" \/>\n\t<meta property=\"og:image:width\" content=\"600\" \/>\n\t<meta property=\"og:image:height\" content=\"800\" \/>\n\t<meta property=\"og:image:type\" content=\"image\/jpeg\" \/>\n<meta name=\"twitter:card\" content=\"summary_large_image\" \/>\n<script type=\"application\/ld+json\" class=\"yoast-schema-graph\">{\"@context\":\"https:\\\/\\\/schema.org\",\"@graph\":[{\"@type\":\"WebPage\",\"@id\":\"https:\\\/\\\/miumjau.ee\\\/lv\\\/produkts\\\/churu-kremigs-karums-kakim-ar-tunci-un-liellopu-galu-4x14-g\\\/\",\"url\":\"https:\\\/\\\/miumjau.ee\\\/lv\\\/produkts\\\/churu-kremigs-karums-kakim-ar-tunci-un-liellopu-galu-4x14-g\\\/\",\"name\":\"Churu kr\u0113m\u012bgs k\u0101rums ka\u0137im ar tunci un liellopu ga\u013cu 4x14 g - MiuMjau\",\"isPartOf\":{\"@id\":\"https:\\\/\\\/miumjau.ee\\\/#website\"},\"primaryImageOfPage\":{\"@id\":\"https:\\\/\\\/miumjau.ee\\\/lv\\\/produkts\\\/churu-kremigs-karums-kakim-ar-tunci-un-liellopu-galu-4x14-g\\\/#primaryimage\"},\"image\":{\"@id\":\"https:\\\/\\\/miumjau.ee\\\/lv\\\/produkts\\\/churu-kremigs-karums-kakim-ar-tunci-un-liellopu-galu-4x14-g\\\/#primaryimage\"},\"thumbnailUrl\":\"https:\\\/\\\/miumjau.ee\\\/wp-content\\\/uploads\\\/2025\\\/01\\\/churu-maiused-kassidele-uued7.jpg\",\"datePublished\":\"2025-01-14T06:44:26+00:00\",\"breadcrumb\":{\"@id\":\"https:\\\/\\\/miumjau.ee\\\/lv\\\/produkts\\\/churu-kremigs-karums-kakim-ar-tunci-un-liellopu-galu-4x14-g\\\/#breadcrumb\"},\"inLanguage\":\"lv-LV\",\"potentialAction\":[{\"@type\":\"ReadAction\",\"target\":[\"https:\\\/\\\/miumjau.ee\\\/lv\\\/produkts\\\/churu-kremigs-karums-kakim-ar-tunci-un-liellopu-galu-4x14-g\\\/\"]}]},{\"@type\":\"ImageObject\",\"inLanguage\":\"lv-LV\",\"@id\":\"https:\\\/\\\/miumjau.ee\\\/lv\\\/produkts\\\/churu-kremigs-karums-kakim-ar-tunci-un-liellopu-galu-4x14-g\\\/#primaryimage\",\"url\":\"https:\\\/\\\/miumjau.ee\\\/wp-content\\\/uploads\\\/2025\\\/01\\\/churu-maiused-kassidele-uued7.jpg\",\"contentUrl\":\"https:\\\/\\\/miumjau.ee\\\/wp-content\\\/uploads\\\/2025\\\/01\\\/churu-maiused-kassidele-uued7.jpg\",\"width\":600,\"height\":800},{\"@type\":\"BreadcrumbList\",\"@id\":\"https:\\\/\\\/miumjau.ee\\\/lv\\\/produkts\\\/churu-kremigs-karums-kakim-ar-tunci-un-liellopu-galu-4x14-g\\\/#breadcrumb\",\"itemListElement\":[{\"@type\":\"ListItem\",\"position\":1,\"name\":\"Home\",\"item\":\"https:\\\/\\\/miumjau.ee\\\/lv\\\/\"},{\"@type\":\"ListItem\",\"position\":2,\"name\":\"Veikals\",\"item\":\"https:\\\/\\\/miumjau.ee\\\/lv\\\/veikals\\\/\"},{\"@type\":\"ListItem\",\"position\":3,\"name\":\"Churu kr\u0113m\u012bgs k\u0101rums ka\u0137im ar tunci un liellopu ga\u013cu 4&#215;14 g\"}]},{\"@type\":\"WebSite\",\"@id\":\"https:\\\/\\\/miumjau.ee\\\/#website\",\"url\":\"https:\\\/\\\/miumjau.ee\\\/\",\"name\":\"MiuMjau\",\"description\":\"Kraapimispuud kassidele\",\"publisher\":{\"@id\":\"https:\\\/\\\/miumjau.ee\\\/#organization\"},\"potentialAction\":[{\"@type\":\"SearchAction\",\"target\":{\"@type\":\"EntryPoint\",\"urlTemplate\":\"https:\\\/\\\/miumjau.ee\\\/?s={search_term_string}\"},\"query-input\":{\"@type\":\"PropertyValueSpecification\",\"valueRequired\":true,\"valueName\":\"search_term_string\"}}],\"inLanguage\":\"lv-LV\"},{\"@type\":\"Organization\",\"@id\":\"https:\\\/\\\/miumjau.ee\\\/#organization\",\"name\":\"MiuMjau O\u00dc\",\"url\":\"https:\\\/\\\/miumjau.ee\\\/\",\"logo\":{\"@type\":\"ImageObject\",\"inLanguage\":\"lv-LV\",\"@id\":\"https:\\\/\\\/miumjau.ee\\\/#\\\/schema\\\/logo\\\/image\\\/\",\"url\":\"https:\\\/\\\/miumjau.ee\\\/wp-content\\\/uploads\\\/2022\\\/04\\\/MiuMjau-logo-kollane.png\",\"contentUrl\":\"https:\\\/\\\/miumjau.ee\\\/wp-content\\\/uploads\\\/2022\\\/04\\\/MiuMjau-logo-kollane.png\",\"width\":219,\"height\":100,\"caption\":\"MiuMjau O\u00dc\"},\"image\":{\"@id\":\"https:\\\/\\\/miumjau.ee\\\/#\\\/schema\\\/logo\\\/image\\\/\"},\"sameAs\":[\"https:\\\/\\\/www.facebook.com\\\/miumjaupood\\\/\"]}]}<\/script>\n<!-- \/ Yoast SEO plugin. -->","yoast_head_json":{"title":"Churu kr\u0113m\u012bgs k\u0101rums ka\u0137im ar tunci un liellopu ga\u013cu 4x14 g - MiuMjau","robots":{"index":"index","follow":"follow","max-snippet":"max-snippet:-1","max-image-preview":"max-image-preview:large","max-video-preview":"max-video-preview:-1"},"canonical":"https:\/\/miumjau.ee\/lv\/produkts\/churu-kremigs-karums-kakim-ar-tunci-un-liellopu-galu-4x14-g\/","og_locale":"lv_LV","og_type":"article","og_title":"Churu kr\u0113m\u012bgs k\u0101rums ka\u0137im ar tunci un liellopu ga\u013cu 4x14 g - MiuMjau","og_description":"Inaba Churu k\u0101rumi ka\u0137iem ir \u013coti vilino\u0161a balva, kas vienlaikus baro un mitrina j\u016bsu ka\u0137i. Tie ir gatavoti no augst\u0101k\u0101s kvalit\u0101tes izejviel\u0101m un sniedz daudzas labv\u0113l\u012bgas \u012bpa\u0161\u012bbas j\u016bsu ka\u0137a \u0113dienkartei. Inaba Churu z\u012bmols pied\u0101v\u0101 pat\u0113r\u0113t\u0101jiem pla\u0161u kl\u0101stu mitru k\u0101rumu ka\u0137iem, kuri ir \u013coti iecien\u012bti ka\u0137u vid\u016b. Kas ir Churu k\u0101rumi ka\u0137iem?Inaba Churu k\u0101rumi ir da\u013c\u0113ji mitri uzkodu un k\u0101rumu veidi, kas \u0101tri k\u013c\u016bst par ka\u0137a iecien\u012bt\u0101kajiem. To daudzajos ieguvumos var izcelt:     Papildus mitrin\u0101\u0161ana    \u013boti zems tauku saturs (piem\u0113rots ar\u012b steriliz\u0113tiem ka\u0137iem)    Neatvair\u0101ma gar\u0161a   Tie ir gatavoti no augst\u0101k\u0101s kvalit\u0101tes izejviel\u0101m, t\u0101p\u0113c papildus gar\u0161ai tie ir vesel\u012bga balva, kas nodro\u0161ina ka\u0137im augstas biolo\u0123isk\u0101s v\u0113rt\u012bbas uzturvielas. Ja j\u016bsu ka\u0137is v\u0113l nav m\u0113\u0123in\u0101jis Churu k\u0101rumus, negaidiet vairs! Tie noteikti k\u013c\u016bs par vi\u0146a iecien\u012bt\u0101ko balvu! Sast\u0101vs: tuncis 28,2%, tapioka (\u017e\u0101v\u0113ta), liellopu ga\u013ca 1,8%, tuncis ekstrakts, kolag\u0113nsTehnolo\u0123iskie piedevas: guar gumijaUztura piedevas: vitam\u012bns EAnal\u012btiskais sast\u0101vs: prote\u012bns 8,5%, tauki 0,5%, \u0161\u0137iedras 0,1%, mitrums 88%, pelni 1,5%Ener\u0123\u0113tisk\u0101 v\u0113rt\u012bba: 440 kcal\/kg","og_url":"https:\/\/miumjau.ee\/lv\/produkts\/churu-kremigs-karums-kakim-ar-tunci-un-liellopu-galu-4x14-g\/","og_site_name":"MiuMjau","article_publisher":"https:\/\/www.facebook.com\/miumjaupood\/","og_image":[{"width":600,"height":800,"url":"https:\/\/miumjau.ee\/wp-content\/uploads\/2025\/01\/churu-maiused-kassidele-uued7.jpg","type":"image\/jpeg"}],"twitter_card":"summary_large_image","schema":{"@context":"https:\/\/schema.org","@graph":[{"@type":"WebPage","@id":"https:\/\/miumjau.ee\/lv\/produkts\/churu-kremigs-karums-kakim-ar-tunci-un-liellopu-galu-4x14-g\/","url":"https:\/\/miumjau.ee\/lv\/produkts\/churu-kremigs-karums-kakim-ar-tunci-un-liellopu-galu-4x14-g\/","name":"Churu kr\u0113m\u012bgs k\u0101rums ka\u0137im ar tunci un liellopu ga\u013cu 4x14 g - MiuMjau","isPartOf":{"@id":"https:\/\/miumjau.ee\/#website"},"primaryImageOfPage":{"@id":"https:\/\/miumjau.ee\/lv\/produkts\/churu-kremigs-karums-kakim-ar-tunci-un-liellopu-galu-4x14-g\/#primaryimage"},"image":{"@id":"https:\/\/miumjau.ee\/lv\/produkts\/churu-kremigs-karums-kakim-ar-tunci-un-liellopu-galu-4x14-g\/#primaryimage"},"thumbnailUrl":"https:\/\/miumjau.ee\/wp-content\/uploads\/2025\/01\/churu-maiused-kassidele-uued7.jpg","datePublished":"2025-01-14T06:44:26+00:00","breadcrumb":{"@id":"https:\/\/miumjau.ee\/lv\/produkts\/churu-kremigs-karums-kakim-ar-tunci-un-liellopu-galu-4x14-g\/#breadcrumb"},"inLanguage":"lv-LV","potentialAction":[{"@type":"ReadAction","target":["https:\/\/miumjau.ee\/lv\/produkts\/churu-kremigs-karums-kakim-ar-tunci-un-liellopu-galu-4x14-g\/"]}]},{"@type":"ImageObject","inLanguage":"lv-LV","@id":"https:\/\/miumjau.ee\/lv\/produkts\/churu-kremigs-karums-kakim-ar-tunci-un-liellopu-galu-4x14-g\/#primaryimage","url":"https:\/\/miumjau.ee\/wp-content\/uploads\/2025\/01\/churu-maiused-kassidele-uued7.jpg","contentUrl":"https:\/\/miumjau.ee\/wp-content\/uploads\/2025\/01\/churu-maiused-kassidele-uued7.jpg","width":600,"height":800},{"@type":"BreadcrumbList","@id":"https:\/\/miumjau.ee\/lv\/produkts\/churu-kremigs-karums-kakim-ar-tunci-un-liellopu-galu-4x14-g\/#breadcrumb","itemListElement":[{"@type":"ListItem","position":1,"name":"Home","item":"https:\/\/miumjau.ee\/lv\/"},{"@type":"ListItem","position":2,"name":"Veikals","item":"https:\/\/miumjau.ee\/lv\/veikals\/"},{"@type":"ListItem","position":3,"name":"Churu kr\u0113m\u012bgs k\u0101rums ka\u0137im ar tunci un liellopu ga\u013cu 4&#215;14 g"}]},{"@type":"WebSite","@id":"https:\/\/miumjau.ee\/#website","url":"https:\/\/miumjau.ee\/","name":"MiuMjau","description":"Kraapimispuud kassidele","publisher":{"@id":"https:\/\/miumjau.ee\/#organization"},"potentialAction":[{"@type":"SearchAction","target":{"@type":"EntryPoint","urlTemplate":"https:\/\/miumjau.ee\/?s={search_term_string}"},"query-input":{"@type":"PropertyValueSpecification","valueRequired":true,"valueName":"search_term_string"}}],"inLanguage":"lv-LV"},{"@type":"Organization","@id":"https:\/\/miumjau.ee\/#organization","name":"MiuMjau O\u00dc","url":"https:\/\/miumjau.ee\/","logo":{"@type":"ImageObject","inLanguage":"lv-LV","@id":"https:\/\/miumjau.ee\/#\/schema\/logo\/image\/","url":"https:\/\/miumjau.ee\/wp-content\/uploads\/2022\/04\/MiuMjau-logo-kollane.png","contentUrl":"https:\/\/miumjau.ee\/wp-content\/uploads\/2022\/04\/MiuMjau-logo-kollane.png","width":219,"height":100,"caption":"MiuMjau O\u00dc"},"image":{"@id":"https:\/\/miumjau.ee\/#\/schema\/logo\/image\/"},"sameAs":["https:\/\/www.facebook.com\/miumjaupood\/"]}]}},"_links":{"self":[{"href":"https:\/\/miumjau.ee\/lv\/wp-json\/wp\/v2\/product\/55416","targetHints":{"allow":["GET"]}}],"collection":[{"href":"https:\/\/miumjau.ee\/lv\/wp-json\/wp\/v2\/product"}],"about":[{"href":"https:\/\/miumjau.ee\/lv\/wp-json\/wp\/v2\/types\/product"}],"wp:featuredmedia":[{"embeddable":true,"href":"https:\/\/miumjau.ee\/lv\/wp-json\/wp\/v2\/media\/55417"}],"wp:attachment":[{"href":"https:\/\/miumjau.ee\/lv\/wp-json\/wp\/v2\/media?parent=55416"}],"wp:term":[{"taxonomy":"product_brand","embeddable":true,"href":"https:\/\/miumjau.ee\/lv\/wp-json\/wp\/v2\/product_brand?post=55416"},{"taxonomy":"product_cat","embeddable":true,"href":"https:\/\/miumjau.ee\/lv\/wp-json\/wp\/v2\/product_cat?post=55416"},{"taxonomy":"product_tag","embeddable":true,"href":"https:\/\/miumjau.ee\/lv\/wp-json\/wp\/v2\/product_tag?post=55416"}],"curies":[{"name":"wp","href":"https:\/\/api.w.org\/{rel}","templated":true}]}}