{"id":55415,"date":"2025-01-29T12:02:06","date_gmt":"2025-01-29T10:02:06","guid":{"rendered":"https:\/\/miumjau.ee\/toode\/ontario-garsigs-tuncis-biezenis-kakeniem-90-g\/"},"modified":"2026-03-20T16:23:44","modified_gmt":"2026-03-20T14:23:44","slug":"ontario-garsigs-tuncis-biezenis-kakeniem-90-g","status":"publish","type":"product","link":"https:\/\/miumjau.ee\/lv\/produkts\/ontario-garsigs-tuncis-biezenis-kakeniem-90-g\/","title":{"rendered":"Ontario skanus tuno tyr\u0117 ka\u010diukams 90 g"},"content":{"rendered":"","protected":false},"excerpt":{"rendered":"<div class=\"flex flex-col text-sm pb-25\">\n<section class=\"text-token-text-primary w-full focus:outline-none [--shadow-height:45px] has-data-writing-block:pointer-events-none has-data-writing-block:-mt-(--shadow-height) has-data-writing-block:pt-(--shadow-height) [&amp;:has([data-writing-block])&gt;*]:pointer-events-auto scroll-mt-[calc(var(--header-height)+min(200px,max(70px,20svh)))]\" dir=\"auto\" data-turn-id=\"request-WEB:082b08e1-047e-470e-9692-5c915d909c3c-22\" data-testid=\"conversation-turn-46\" data-scroll-anchor=\"true\" data-turn=\"assistant\">\n<div class=\"text-base my-auto mx-auto pb-10 [--thread-content-margin:var(--thread-content-margin-xs,calc(var(--spacing)*4))] @w-sm\/main:[--thread-content-margin:var(--thread-content-margin-sm,calc(var(--spacing)*6))] @w-lg\/main:[--thread-content-margin:var(--thread-content-margin-lg,calc(var(--spacing)*16))] px-(--thread-content-margin)\">\n<div class=\"[--thread-content-max-width:40rem] @w-lg\/main:[--thread-content-max-width:48rem] mx-auto max-w-(--thread-content-max-width) flex-1 group\/turn-messages focus-visible:outline-hidden relative flex w-full min-w-0 flex-col agent-turn\">\n<div class=\"flex max-w-full flex-col gap-4 grow\">\n<div class=\"min-h-8 text-message relative flex w-full flex-col items-end gap-2 text-start break-words whitespace-normal outline-none keyboard-focused:focus-ring [.text-message+&amp;]:mt-1\" dir=\"auto\" tabindex=\"0\" data-message-author-role=\"assistant\" data-message-id=\"56d99075-d4ca-40a7-9351-1bbeb00266df\" data-message-model-slug=\"gpt-5-mini\" data-turn-start-message=\"true\">\n<div class=\"flex w-full flex-col gap-1 empty:hidden\">\n<div class=\"markdown prose dark:prose-invert w-full wrap-break-word light markdown-new-styling\">\n<p data-start=\"880\" data-end=\"1134\">ONTARIO Kitten Tuna Fresh Meat Paste ka\u010diukams su tunu 90 g \u2013 ONTARIO Kitten Tuna Fresh Meat Paste yra papildomas maistas pastos pavidalu jauniesiems ka\u010diukams su tunu. Tinka naudoti nuo 4 m\u0117nesi\u0173 am\u017eiaus. 90 g. Patogus dozavimas ir laikymas \u0161aldytuve.<\/p>\n<p data-start=\"1136\" data-end=\"1434\"><strong data-start=\"1136\" data-end=\"1148\">Sud\u0117tis:<\/strong> vi\u0161tienos sultinys 66,472%, vi\u0161tiena 17,4%, tunas 11,52%, krakmolas 3,2%, ksantano guma 0,83%, druska 0,43%, \u017euvies aromatizatorius 0,1%, taurinas 0,018%, vitaminas E 0,011%, arbatos ekstraktas 0,007%, vitaminai (A, B2, B3, B5, D3, E, polidekstroze) 0,006%, kalcio karbonatas 0,006%.<\/p>\n<p data-start=\"1436\" data-end=\"1535\" data-is-last-node=\"\" data-is-only-node=\"\"><strong data-start=\"1436\" data-end=\"1459\">Kokyb\u0117s parametrai:<\/strong> \u017eali baltymai 5%, dr\u0117gm\u0117 89%, \u017eali riebalai 0,1%, pelenai 1%, skaidulos 1%.<\/p>\n<\/div>\n<\/div>\n<\/div>\n<\/div>\n<\/div>\n<\/div>\n<\/section>\n<\/div>\n","protected":false},"featured_media":55364,"template":"","meta":[],"product_brand":[],"product_cat":[570],"product_tag":[],"class_list":{"0":"post-55415","1":"product","2":"type-product","3":"status-publish","4":"has-post-thumbnail","6":"product_cat-naski","8":"first","9":"instock","10":"taxable","11":"shipping-taxable","12":"purchasable","13":"product-type-simple"},"yoast_head":"<!-- This site is optimized with the Yoast SEO plugin v27.4 - https:\/\/yoast.com\/product\/yoast-seo-wordpress\/ -->\n<title>Ontario skanus tuno tyr\u0117 ka\u010diukams 90 g - MiuMjau<\/title>\n<meta name=\"robots\" content=\"index, follow, max-snippet:-1, max-image-preview:large, max-video-preview:-1\" \/>\n<link rel=\"canonical\" href=\"https:\/\/miumjau.ee\/lv\/produkts\/ontario-garsigs-tuncis-biezenis-kakeniem-90-g\/\" \/>\n<meta property=\"og:locale\" content=\"lv_LV\" \/>\n<meta property=\"og:type\" content=\"article\" \/>\n<meta property=\"og:title\" content=\"Ontario skanus tuno tyr\u0117 ka\u010diukams 90 g - MiuMjau\" \/>\n<meta property=\"og:description\" content=\"ONTARIO Kitten Tuna Fresh Meat Paste ka\u010diukams su tunu 90 g \u2013 ONTARIO Kitten Tuna Fresh Meat Paste yra papildomas maistas pastos pavidalu jauniesiems ka\u010diukams su tunu. Tinka naudoti nuo 4 m\u0117nesi\u0173 am\u017eiaus. 90 g. Patogus dozavimas ir laikymas \u0161aldytuve. Sud\u0117tis: vi\u0161tienos sultinys 66,472%, vi\u0161tiena 17,4%, tunas 11,52%, krakmolas 3,2%, ksantano guma 0,83%, druska 0,43%, \u017euvies aromatizatorius 0,1%, taurinas 0,018%, vitaminas E 0,011%, arbatos ekstraktas 0,007%, vitaminai (A, B2, B3, B5, D3, E, polidekstroze) 0,006%, kalcio karbonatas 0,006%. Kokyb\u0117s parametrai: \u017eali baltymai 5%, dr\u0117gm\u0117 89%, \u017eali riebalai 0,1%, pelenai 1%, skaidulos 1%.\" \/>\n<meta property=\"og:url\" content=\"https:\/\/miumjau.ee\/lv\/produkts\/ontario-garsigs-tuncis-biezenis-kakeniem-90-g\/\" \/>\n<meta property=\"og:site_name\" content=\"MiuMjau\" \/>\n<meta property=\"article:publisher\" content=\"https:\/\/www.facebook.com\/miumjaupood\/\" \/>\n<meta property=\"article:modified_time\" content=\"2026-03-20T14:23:44+00:00\" \/>\n<meta property=\"og:image\" content=\"https:\/\/miumjau.ee\/wp-content\/uploads\/2025\/01\/ontario-pastad-kassidele-90g5.jpg\" \/>\n\t<meta property=\"og:image:width\" content=\"600\" \/>\n\t<meta property=\"og:image:height\" content=\"800\" \/>\n\t<meta property=\"og:image:type\" content=\"image\/jpeg\" \/>\n<meta name=\"twitter:card\" content=\"summary_large_image\" \/>\n<script type=\"application\/ld+json\" class=\"yoast-schema-graph\">{\"@context\":\"https:\\\/\\\/schema.org\",\"@graph\":[{\"@type\":\"WebPage\",\"@id\":\"https:\\\/\\\/miumjau.ee\\\/lv\\\/produkts\\\/ontario-garsigs-tuncis-biezenis-kakeniem-90-g\\\/\",\"url\":\"https:\\\/\\\/miumjau.ee\\\/lv\\\/produkts\\\/ontario-garsigs-tuncis-biezenis-kakeniem-90-g\\\/\",\"name\":\"Ontario skanus tuno tyr\u0117 ka\u010diukams 90 g - MiuMjau\",\"isPartOf\":{\"@id\":\"https:\\\/\\\/miumjau.ee\\\/#website\"},\"primaryImageOfPage\":{\"@id\":\"https:\\\/\\\/miumjau.ee\\\/lv\\\/produkts\\\/ontario-garsigs-tuncis-biezenis-kakeniem-90-g\\\/#primaryimage\"},\"image\":{\"@id\":\"https:\\\/\\\/miumjau.ee\\\/lv\\\/produkts\\\/ontario-garsigs-tuncis-biezenis-kakeniem-90-g\\\/#primaryimage\"},\"thumbnailUrl\":\"https:\\\/\\\/miumjau.ee\\\/wp-content\\\/uploads\\\/2025\\\/01\\\/ontario-pastad-kassidele-90g5.jpg\",\"datePublished\":\"2025-01-29T10:02:06+00:00\",\"dateModified\":\"2026-03-20T14:23:44+00:00\",\"breadcrumb\":{\"@id\":\"https:\\\/\\\/miumjau.ee\\\/lv\\\/produkts\\\/ontario-garsigs-tuncis-biezenis-kakeniem-90-g\\\/#breadcrumb\"},\"inLanguage\":\"lv-LV\",\"potentialAction\":[{\"@type\":\"ReadAction\",\"target\":[\"https:\\\/\\\/miumjau.ee\\\/lv\\\/produkts\\\/ontario-garsigs-tuncis-biezenis-kakeniem-90-g\\\/\"]}]},{\"@type\":\"ImageObject\",\"inLanguage\":\"lv-LV\",\"@id\":\"https:\\\/\\\/miumjau.ee\\\/lv\\\/produkts\\\/ontario-garsigs-tuncis-biezenis-kakeniem-90-g\\\/#primaryimage\",\"url\":\"https:\\\/\\\/miumjau.ee\\\/wp-content\\\/uploads\\\/2025\\\/01\\\/ontario-pastad-kassidele-90g5.jpg\",\"contentUrl\":\"https:\\\/\\\/miumjau.ee\\\/wp-content\\\/uploads\\\/2025\\\/01\\\/ontario-pastad-kassidele-90g5.jpg\",\"width\":600,\"height\":800,\"caption\":\"Ontario maitsev tuunikala p\u00fcree kassipoegadele 90g\"},{\"@type\":\"BreadcrumbList\",\"@id\":\"https:\\\/\\\/miumjau.ee\\\/lv\\\/produkts\\\/ontario-garsigs-tuncis-biezenis-kakeniem-90-g\\\/#breadcrumb\",\"itemListElement\":[{\"@type\":\"ListItem\",\"position\":1,\"name\":\"Home\",\"item\":\"https:\\\/\\\/miumjau.ee\\\/lv\\\/\"},{\"@type\":\"ListItem\",\"position\":2,\"name\":\"Veikals\",\"item\":\"https:\\\/\\\/miumjau.ee\\\/lv\\\/veikals\\\/\"},{\"@type\":\"ListItem\",\"position\":3,\"name\":\"Ontario skanus tuno tyr\u0117 ka\u010diukams 90 g\"}]},{\"@type\":\"WebSite\",\"@id\":\"https:\\\/\\\/miumjau.ee\\\/#website\",\"url\":\"https:\\\/\\\/miumjau.ee\\\/\",\"name\":\"MiuMjau\",\"description\":\"Kraapimispuud kassidele\",\"publisher\":{\"@id\":\"https:\\\/\\\/miumjau.ee\\\/#organization\"},\"potentialAction\":[{\"@type\":\"SearchAction\",\"target\":{\"@type\":\"EntryPoint\",\"urlTemplate\":\"https:\\\/\\\/miumjau.ee\\\/?s={search_term_string}\"},\"query-input\":{\"@type\":\"PropertyValueSpecification\",\"valueRequired\":true,\"valueName\":\"search_term_string\"}}],\"inLanguage\":\"lv-LV\"},{\"@type\":\"Organization\",\"@id\":\"https:\\\/\\\/miumjau.ee\\\/#organization\",\"name\":\"MiuMjau O\u00dc\",\"url\":\"https:\\\/\\\/miumjau.ee\\\/\",\"logo\":{\"@type\":\"ImageObject\",\"inLanguage\":\"lv-LV\",\"@id\":\"https:\\\/\\\/miumjau.ee\\\/#\\\/schema\\\/logo\\\/image\\\/\",\"url\":\"https:\\\/\\\/miumjau.ee\\\/wp-content\\\/uploads\\\/2022\\\/04\\\/MiuMjau-logo-kollane.png\",\"contentUrl\":\"https:\\\/\\\/miumjau.ee\\\/wp-content\\\/uploads\\\/2022\\\/04\\\/MiuMjau-logo-kollane.png\",\"width\":219,\"height\":100,\"caption\":\"MiuMjau O\u00dc\"},\"image\":{\"@id\":\"https:\\\/\\\/miumjau.ee\\\/#\\\/schema\\\/logo\\\/image\\\/\"},\"sameAs\":[\"https:\\\/\\\/www.facebook.com\\\/miumjaupood\\\/\"]}]}<\/script>\n<!-- \/ Yoast SEO plugin. -->","yoast_head_json":{"title":"Ontario skanus tuno tyr\u0117 ka\u010diukams 90 g - MiuMjau","robots":{"index":"index","follow":"follow","max-snippet":"max-snippet:-1","max-image-preview":"max-image-preview:large","max-video-preview":"max-video-preview:-1"},"canonical":"https:\/\/miumjau.ee\/lv\/produkts\/ontario-garsigs-tuncis-biezenis-kakeniem-90-g\/","og_locale":"lv_LV","og_type":"article","og_title":"Ontario skanus tuno tyr\u0117 ka\u010diukams 90 g - MiuMjau","og_description":"ONTARIO Kitten Tuna Fresh Meat Paste ka\u010diukams su tunu 90 g \u2013 ONTARIO Kitten Tuna Fresh Meat Paste yra papildomas maistas pastos pavidalu jauniesiems ka\u010diukams su tunu. Tinka naudoti nuo 4 m\u0117nesi\u0173 am\u017eiaus. 90 g. Patogus dozavimas ir laikymas \u0161aldytuve. Sud\u0117tis: vi\u0161tienos sultinys 66,472%, vi\u0161tiena 17,4%, tunas 11,52%, krakmolas 3,2%, ksantano guma 0,83%, druska 0,43%, \u017euvies aromatizatorius 0,1%, taurinas 0,018%, vitaminas E 0,011%, arbatos ekstraktas 0,007%, vitaminai (A, B2, B3, B5, D3, E, polidekstroze) 0,006%, kalcio karbonatas 0,006%. Kokyb\u0117s parametrai: \u017eali baltymai 5%, dr\u0117gm\u0117 89%, \u017eali riebalai 0,1%, pelenai 1%, skaidulos 1%.","og_url":"https:\/\/miumjau.ee\/lv\/produkts\/ontario-garsigs-tuncis-biezenis-kakeniem-90-g\/","og_site_name":"MiuMjau","article_publisher":"https:\/\/www.facebook.com\/miumjaupood\/","article_modified_time":"2026-03-20T14:23:44+00:00","og_image":[{"width":600,"height":800,"url":"https:\/\/miumjau.ee\/wp-content\/uploads\/2025\/01\/ontario-pastad-kassidele-90g5.jpg","type":"image\/jpeg"}],"twitter_card":"summary_large_image","schema":{"@context":"https:\/\/schema.org","@graph":[{"@type":"WebPage","@id":"https:\/\/miumjau.ee\/lv\/produkts\/ontario-garsigs-tuncis-biezenis-kakeniem-90-g\/","url":"https:\/\/miumjau.ee\/lv\/produkts\/ontario-garsigs-tuncis-biezenis-kakeniem-90-g\/","name":"Ontario skanus tuno tyr\u0117 ka\u010diukams 90 g - MiuMjau","isPartOf":{"@id":"https:\/\/miumjau.ee\/#website"},"primaryImageOfPage":{"@id":"https:\/\/miumjau.ee\/lv\/produkts\/ontario-garsigs-tuncis-biezenis-kakeniem-90-g\/#primaryimage"},"image":{"@id":"https:\/\/miumjau.ee\/lv\/produkts\/ontario-garsigs-tuncis-biezenis-kakeniem-90-g\/#primaryimage"},"thumbnailUrl":"https:\/\/miumjau.ee\/wp-content\/uploads\/2025\/01\/ontario-pastad-kassidele-90g5.jpg","datePublished":"2025-01-29T10:02:06+00:00","dateModified":"2026-03-20T14:23:44+00:00","breadcrumb":{"@id":"https:\/\/miumjau.ee\/lv\/produkts\/ontario-garsigs-tuncis-biezenis-kakeniem-90-g\/#breadcrumb"},"inLanguage":"lv-LV","potentialAction":[{"@type":"ReadAction","target":["https:\/\/miumjau.ee\/lv\/produkts\/ontario-garsigs-tuncis-biezenis-kakeniem-90-g\/"]}]},{"@type":"ImageObject","inLanguage":"lv-LV","@id":"https:\/\/miumjau.ee\/lv\/produkts\/ontario-garsigs-tuncis-biezenis-kakeniem-90-g\/#primaryimage","url":"https:\/\/miumjau.ee\/wp-content\/uploads\/2025\/01\/ontario-pastad-kassidele-90g5.jpg","contentUrl":"https:\/\/miumjau.ee\/wp-content\/uploads\/2025\/01\/ontario-pastad-kassidele-90g5.jpg","width":600,"height":800,"caption":"Ontario maitsev tuunikala p\u00fcree kassipoegadele 90g"},{"@type":"BreadcrumbList","@id":"https:\/\/miumjau.ee\/lv\/produkts\/ontario-garsigs-tuncis-biezenis-kakeniem-90-g\/#breadcrumb","itemListElement":[{"@type":"ListItem","position":1,"name":"Home","item":"https:\/\/miumjau.ee\/lv\/"},{"@type":"ListItem","position":2,"name":"Veikals","item":"https:\/\/miumjau.ee\/lv\/veikals\/"},{"@type":"ListItem","position":3,"name":"Ontario skanus tuno tyr\u0117 ka\u010diukams 90 g"}]},{"@type":"WebSite","@id":"https:\/\/miumjau.ee\/#website","url":"https:\/\/miumjau.ee\/","name":"MiuMjau","description":"Kraapimispuud kassidele","publisher":{"@id":"https:\/\/miumjau.ee\/#organization"},"potentialAction":[{"@type":"SearchAction","target":{"@type":"EntryPoint","urlTemplate":"https:\/\/miumjau.ee\/?s={search_term_string}"},"query-input":{"@type":"PropertyValueSpecification","valueRequired":true,"valueName":"search_term_string"}}],"inLanguage":"lv-LV"},{"@type":"Organization","@id":"https:\/\/miumjau.ee\/#organization","name":"MiuMjau O\u00dc","url":"https:\/\/miumjau.ee\/","logo":{"@type":"ImageObject","inLanguage":"lv-LV","@id":"https:\/\/miumjau.ee\/#\/schema\/logo\/image\/","url":"https:\/\/miumjau.ee\/wp-content\/uploads\/2022\/04\/MiuMjau-logo-kollane.png","contentUrl":"https:\/\/miumjau.ee\/wp-content\/uploads\/2022\/04\/MiuMjau-logo-kollane.png","width":219,"height":100,"caption":"MiuMjau O\u00dc"},"image":{"@id":"https:\/\/miumjau.ee\/#\/schema\/logo\/image\/"},"sameAs":["https:\/\/www.facebook.com\/miumjaupood\/"]}]}},"_links":{"self":[{"href":"https:\/\/miumjau.ee\/lv\/wp-json\/wp\/v2\/product\/55415","targetHints":{"allow":["GET"]}}],"collection":[{"href":"https:\/\/miumjau.ee\/lv\/wp-json\/wp\/v2\/product"}],"about":[{"href":"https:\/\/miumjau.ee\/lv\/wp-json\/wp\/v2\/types\/product"}],"wp:featuredmedia":[{"embeddable":true,"href":"https:\/\/miumjau.ee\/lv\/wp-json\/wp\/v2\/media\/55364"}],"wp:attachment":[{"href":"https:\/\/miumjau.ee\/lv\/wp-json\/wp\/v2\/media?parent=55415"}],"wp:term":[{"taxonomy":"product_brand","embeddable":true,"href":"https:\/\/miumjau.ee\/lv\/wp-json\/wp\/v2\/product_brand?post=55415"},{"taxonomy":"product_cat","embeddable":true,"href":"https:\/\/miumjau.ee\/lv\/wp-json\/wp\/v2\/product_cat?post=55415"},{"taxonomy":"product_tag","embeddable":true,"href":"https:\/\/miumjau.ee\/lv\/wp-json\/wp\/v2\/product_tag?post=55415"}],"curies":[{"name":"wp","href":"https:\/\/api.w.org\/{rel}","templated":true}]}}