{"id":55411,"date":"2025-02-17T18:37:21","date_gmt":"2025-02-17T16:37:21","guid":{"rendered":"https:\/\/miumjau.ee\/toode\/ontario-kremigs-skidrs-karums-5x14-g-tuncis-un-lasis\/"},"modified":"2025-02-17T18:37:21","modified_gmt":"2025-02-17T16:37:21","slug":"ontario-kremigs-skidrs-karums-5x14-g-tuncis-un-lasis","status":"publish","type":"product","link":"https:\/\/miumjau.ee\/lv\/produkts\/ontario-kremigs-skidrs-karums-5x14-g-tuncis-un-lasis\/","title":{"rendered":"Ontario kr\u0113m\u012bgs \u0161\u0137idrs k\u0101rums 5&#215;14 g, tuncis un lasis"},"content":{"rendered":"","protected":false},"excerpt":{"rendered":"<p data-start=\"178\" data-end=\"294\">Pied\u0101v\u0101jiet savam ka\u0137im Ontario kr\u0113m\u012bgos k\u0101rumus, kas bag\u0101tina vi\u0146a \u0113dienkarti un sniedz baud\u012bjumu katr\u0101 kumos\u0101 \u2764\ufe0f<\/p>\n<p data-start=\"296\" data-end=\"541\">Ontario Lickable Treat ir m\u012bksta un gar\u0161\u012bga pasta, kas piem\u0113rota k\u0101 papildbar\u012bba gan pieaugu\u0161iem ka\u0137iem, gan ka\u0137\u0113niem no 3 m\u0113ne\u0161u vecuma. Tas nav tikai k\u0101rums \u2013 tas ir vesel\u012bga izv\u0113le, kas atbalsta j\u016bsu ka\u0137a visp\u0101r\u0113jo labkl\u0101j\u012bbu un vitalit\u0101ti.<\/p>\n<p data-start=\"543\" data-end=\"834\"><strong data-start=\"543\" data-end=\"570\">Galven\u0101s priek\u0161roc\u012bbas:<\/strong><br data-start=\"570\" data-end=\"573\" \/>\u2714 <strong data-start=\"575\" data-end=\"598\">Gar\u0161\u012bga kombin\u0101cija<\/strong> \u2013 Tuncis un lasis ir ka\u0137iem neatvair\u0101mi vilino\u0161i un piem\u0113roti pat visizv\u0113l\u012bg\u0101kajiem m\u0101jdz\u012bvniekiem. Abas zivis ir viegli sagremojamas un bag\u0101tas ar augstas kvalit\u0101tes prote\u012bnu, pal\u012bdzot uztur\u0113t j\u016bsu ka\u0137a ener\u0123iju un stiprus musku\u013cus.<\/p>\n<p data-start=\"836\" data-end=\"998\">\u2714 <strong data-start=\"838\" data-end=\"858\">Maigs gremo\u0161anai<\/strong> \u2013 Kr\u0113m\u012bg\u0101 tekst\u016bra padara k\u0101rumu viegli sagremojamu, piem\u0113rotu ar\u012b ka\u0137iem ar jut\u012bgu v\u0113deru vai tiem, kuriem ir gr\u016bt\u012bbas \u0113st cieto bar\u012bbu.<\/p>\n<p data-start=\"1000\" data-end=\"1164\">\u2714 <strong data-start=\"1002\" data-end=\"1029\">Dabisks un t\u012brs sast\u0101vs<\/strong> \u2013 Nesatur m\u0101ksl\u012bg\u0101s kr\u0101svielas, aromatiz\u0113t\u0101jus vai konservantus, nodro\u0161inot j\u016bsu ka\u0137im t\u012bru un dabisku p\u0101rtiku bez liekiem piedev\u0101m.<\/p>\n<p data-start=\"1166\" data-end=\"1334\">\u2714 <strong data-start=\"1168\" data-end=\"1194\">Bag\u0101ts uzturvielu zi\u0146\u0101<\/strong> \u2013 Tuncis un lasis satur omega-3 tauksk\u0101bes, kas atbalsta vesel\u012bgu ka\u017eoku, \u0101du un sirds darb\u012bbu, k\u0101 ar\u012b stiprina im\u016bnsist\u0113mu un gremo\u0161anu.<\/p>\n<p data-start=\"1336\" data-end=\"1479\">\u2714 <strong data-start=\"1338\" data-end=\"1357\">\u0112rts iepakojums<\/strong> \u2013 Komplekts satur piecus 14 g maisi\u0146us, kas nodro\u0161ina k\u0101ruma svaigumu un \u0113rt\u012bbu gan ikdienas lieto\u0161anai, gan ce\u013co\u0161anai.<\/p>\n<p data-start=\"1481\" data-end=\"1671\"><strong data-start=\"1481\" data-end=\"1493\">Sast\u0101vs:<\/strong> \u016bdens 64,356%, tuncis 21,00%, lasis 6,70%, vista 4,20%, tapiokas ciete 2,70%, ksant\u0101na sve\u0137i 0,55%, lins\u0113klu e\u013c\u013ca 0,40%, taur\u012bns 0,09%, vitam\u012bni (A, B2, B3, B5, D3, E) 0,004%.<\/p>\n<p data-start=\"1673\" data-end=\"1773\"><strong data-start=\"1673\" data-end=\"1698\">Anal\u012btiskais sast\u0101vs:<\/strong> kopprote\u012bns 7%, koptauki 0,1%, \u0161\u0137iedrvielas 0,5%, pelni 1%, mitrums 88%.<\/p>\n<p data-start=\"1775\" data-end=\"1873\"><strong data-start=\"1775\" data-end=\"1792\">Papildvielas:<\/strong> taur\u012bns 900 mg, vitam\u012bni (A, B2, B3, B5, D3, E) 40 mg, ksant\u0101na sve\u0137i 5500 mg.<\/p>\n","protected":false},"featured_media":55402,"template":"","meta":[],"product_brand":[],"product_cat":[570],"product_tag":[],"class_list":{"0":"post-55411","1":"product","2":"type-product","3":"status-publish","4":"has-post-thumbnail","6":"product_cat-naski","8":"first","9":"instock","10":"sale","11":"taxable","12":"shipping-taxable","13":"purchasable","14":"product-type-simple"},"yoast_head":"<!-- This site is optimized with the Yoast SEO plugin v27.4 - https:\/\/yoast.com\/product\/yoast-seo-wordpress\/ -->\n<title>Ontario kr\u0113m\u012bgs \u0161\u0137idrs k\u0101rums 5x14 g, tuncis un lasis - MiuMjau<\/title>\n<meta name=\"robots\" content=\"index, follow, max-snippet:-1, max-image-preview:large, max-video-preview:-1\" \/>\n<link rel=\"canonical\" href=\"https:\/\/miumjau.ee\/lv\/produkts\/ontario-kremigs-skidrs-karums-5x14-g-tuncis-un-lasis\/\" \/>\n<meta property=\"og:locale\" content=\"lv_LV\" \/>\n<meta property=\"og:type\" content=\"article\" \/>\n<meta property=\"og:title\" content=\"Ontario kr\u0113m\u012bgs \u0161\u0137idrs k\u0101rums 5x14 g, tuncis un lasis - MiuMjau\" \/>\n<meta property=\"og:description\" content=\"Pied\u0101v\u0101jiet savam ka\u0137im Ontario kr\u0113m\u012bgos k\u0101rumus, kas bag\u0101tina vi\u0146a \u0113dienkarti un sniedz baud\u012bjumu katr\u0101 kumos\u0101 \u2764\ufe0f Ontario Lickable Treat ir m\u012bksta un gar\u0161\u012bga pasta, kas piem\u0113rota k\u0101 papildbar\u012bba gan pieaugu\u0161iem ka\u0137iem, gan ka\u0137\u0113niem no 3 m\u0113ne\u0161u vecuma. Tas nav tikai k\u0101rums \u2013 tas ir vesel\u012bga izv\u0113le, kas atbalsta j\u016bsu ka\u0137a visp\u0101r\u0113jo labkl\u0101j\u012bbu un vitalit\u0101ti. Galven\u0101s priek\u0161roc\u012bbas:\u2714 Gar\u0161\u012bga kombin\u0101cija \u2013 Tuncis un lasis ir ka\u0137iem neatvair\u0101mi vilino\u0161i un piem\u0113roti pat visizv\u0113l\u012bg\u0101kajiem m\u0101jdz\u012bvniekiem. Abas zivis ir viegli sagremojamas un bag\u0101tas ar augstas kvalit\u0101tes prote\u012bnu, pal\u012bdzot uztur\u0113t j\u016bsu ka\u0137a ener\u0123iju un stiprus musku\u013cus. \u2714 Maigs gremo\u0161anai \u2013 Kr\u0113m\u012bg\u0101 tekst\u016bra padara k\u0101rumu viegli sagremojamu, piem\u0113rotu ar\u012b ka\u0137iem ar jut\u012bgu v\u0113deru vai tiem, kuriem ir gr\u016bt\u012bbas \u0113st cieto bar\u012bbu. \u2714 Dabisks un t\u012brs sast\u0101vs \u2013 Nesatur m\u0101ksl\u012bg\u0101s kr\u0101svielas, aromatiz\u0113t\u0101jus vai konservantus, nodro\u0161inot j\u016bsu ka\u0137im t\u012bru un dabisku p\u0101rtiku bez liekiem piedev\u0101m. \u2714 Bag\u0101ts uzturvielu zi\u0146\u0101 \u2013 Tuncis un lasis satur omega-3 tauksk\u0101bes, kas atbalsta vesel\u012bgu ka\u017eoku, \u0101du un sirds darb\u012bbu, k\u0101 ar\u012b stiprina im\u016bnsist\u0113mu un gremo\u0161anu. \u2714 \u0112rts iepakojums \u2013 Komplekts satur piecus 14 g maisi\u0146us, kas nodro\u0161ina k\u0101ruma svaigumu un \u0113rt\u012bbu gan ikdienas lieto\u0161anai, gan ce\u013co\u0161anai. Sast\u0101vs: \u016bdens 64,356%, tuncis 21,00%, lasis 6,70%, vista 4,20%, tapiokas ciete 2,70%, ksant\u0101na sve\u0137i 0,55%, lins\u0113klu e\u013c\u013ca 0,40%, taur\u012bns 0,09%, vitam\u012bni (A, B2, B3, B5, D3, E) 0,004%. Anal\u012btiskais sast\u0101vs: kopprote\u012bns 7%, koptauki 0,1%, \u0161\u0137iedrvielas 0,5%, pelni 1%, mitrums 88%. Papildvielas: taur\u012bns 900 mg, vitam\u012bni (A, B2, B3, B5, D3, E) 40 mg, ksant\u0101na sve\u0137i 5500 mg.\" \/>\n<meta property=\"og:url\" content=\"https:\/\/miumjau.ee\/lv\/produkts\/ontario-kremigs-skidrs-karums-5x14-g-tuncis-un-lasis\/\" \/>\n<meta property=\"og:site_name\" content=\"MiuMjau\" \/>\n<meta property=\"article:publisher\" content=\"https:\/\/www.facebook.com\/miumjaupood\/\" \/>\n<meta property=\"og:image\" content=\"https:\/\/miumjau.ee\/wp-content\/uploads\/2025\/02\/ontario-vedelmaius-kassidele2.jpg\" \/>\n\t<meta property=\"og:image:width\" content=\"600\" \/>\n\t<meta property=\"og:image:height\" content=\"800\" \/>\n\t<meta property=\"og:image:type\" content=\"image\/jpeg\" \/>\n<meta name=\"twitter:card\" content=\"summary_large_image\" \/>\n<script type=\"application\/ld+json\" class=\"yoast-schema-graph\">{\"@context\":\"https:\\\/\\\/schema.org\",\"@graph\":[{\"@type\":\"WebPage\",\"@id\":\"https:\\\/\\\/miumjau.ee\\\/lv\\\/produkts\\\/ontario-kremigs-skidrs-karums-5x14-g-tuncis-un-lasis\\\/\",\"url\":\"https:\\\/\\\/miumjau.ee\\\/lv\\\/produkts\\\/ontario-kremigs-skidrs-karums-5x14-g-tuncis-un-lasis\\\/\",\"name\":\"Ontario kr\u0113m\u012bgs \u0161\u0137idrs k\u0101rums 5x14 g, tuncis un lasis - MiuMjau\",\"isPartOf\":{\"@id\":\"https:\\\/\\\/miumjau.ee\\\/#website\"},\"primaryImageOfPage\":{\"@id\":\"https:\\\/\\\/miumjau.ee\\\/lv\\\/produkts\\\/ontario-kremigs-skidrs-karums-5x14-g-tuncis-un-lasis\\\/#primaryimage\"},\"image\":{\"@id\":\"https:\\\/\\\/miumjau.ee\\\/lv\\\/produkts\\\/ontario-kremigs-skidrs-karums-5x14-g-tuncis-un-lasis\\\/#primaryimage\"},\"thumbnailUrl\":\"https:\\\/\\\/miumjau.ee\\\/wp-content\\\/uploads\\\/2025\\\/02\\\/ontario-vedelmaius-kassidele2.jpg\",\"datePublished\":\"2025-02-17T16:37:21+00:00\",\"breadcrumb\":{\"@id\":\"https:\\\/\\\/miumjau.ee\\\/lv\\\/produkts\\\/ontario-kremigs-skidrs-karums-5x14-g-tuncis-un-lasis\\\/#breadcrumb\"},\"inLanguage\":\"lv-LV\",\"potentialAction\":[{\"@type\":\"ReadAction\",\"target\":[\"https:\\\/\\\/miumjau.ee\\\/lv\\\/produkts\\\/ontario-kremigs-skidrs-karums-5x14-g-tuncis-un-lasis\\\/\"]}]},{\"@type\":\"ImageObject\",\"inLanguage\":\"lv-LV\",\"@id\":\"https:\\\/\\\/miumjau.ee\\\/lv\\\/produkts\\\/ontario-kremigs-skidrs-karums-5x14-g-tuncis-un-lasis\\\/#primaryimage\",\"url\":\"https:\\\/\\\/miumjau.ee\\\/wp-content\\\/uploads\\\/2025\\\/02\\\/ontario-vedelmaius-kassidele2.jpg\",\"contentUrl\":\"https:\\\/\\\/miumjau.ee\\\/wp-content\\\/uploads\\\/2025\\\/02\\\/ontario-vedelmaius-kassidele2.jpg\",\"width\":600,\"height\":800},{\"@type\":\"BreadcrumbList\",\"@id\":\"https:\\\/\\\/miumjau.ee\\\/lv\\\/produkts\\\/ontario-kremigs-skidrs-karums-5x14-g-tuncis-un-lasis\\\/#breadcrumb\",\"itemListElement\":[{\"@type\":\"ListItem\",\"position\":1,\"name\":\"Home\",\"item\":\"https:\\\/\\\/miumjau.ee\\\/lv\\\/\"},{\"@type\":\"ListItem\",\"position\":2,\"name\":\"Veikals\",\"item\":\"https:\\\/\\\/miumjau.ee\\\/lv\\\/veikals\\\/\"},{\"@type\":\"ListItem\",\"position\":3,\"name\":\"Ontario kr\u0113m\u012bgs \u0161\u0137idrs k\u0101rums 5&#215;14 g, tuncis un lasis\"}]},{\"@type\":\"WebSite\",\"@id\":\"https:\\\/\\\/miumjau.ee\\\/#website\",\"url\":\"https:\\\/\\\/miumjau.ee\\\/\",\"name\":\"MiuMjau\",\"description\":\"Kraapimispuud kassidele\",\"publisher\":{\"@id\":\"https:\\\/\\\/miumjau.ee\\\/#organization\"},\"potentialAction\":[{\"@type\":\"SearchAction\",\"target\":{\"@type\":\"EntryPoint\",\"urlTemplate\":\"https:\\\/\\\/miumjau.ee\\\/?s={search_term_string}\"},\"query-input\":{\"@type\":\"PropertyValueSpecification\",\"valueRequired\":true,\"valueName\":\"search_term_string\"}}],\"inLanguage\":\"lv-LV\"},{\"@type\":\"Organization\",\"@id\":\"https:\\\/\\\/miumjau.ee\\\/#organization\",\"name\":\"MiuMjau O\u00dc\",\"url\":\"https:\\\/\\\/miumjau.ee\\\/\",\"logo\":{\"@type\":\"ImageObject\",\"inLanguage\":\"lv-LV\",\"@id\":\"https:\\\/\\\/miumjau.ee\\\/#\\\/schema\\\/logo\\\/image\\\/\",\"url\":\"https:\\\/\\\/miumjau.ee\\\/wp-content\\\/uploads\\\/2022\\\/04\\\/MiuMjau-logo-kollane.png\",\"contentUrl\":\"https:\\\/\\\/miumjau.ee\\\/wp-content\\\/uploads\\\/2022\\\/04\\\/MiuMjau-logo-kollane.png\",\"width\":219,\"height\":100,\"caption\":\"MiuMjau O\u00dc\"},\"image\":{\"@id\":\"https:\\\/\\\/miumjau.ee\\\/#\\\/schema\\\/logo\\\/image\\\/\"},\"sameAs\":[\"https:\\\/\\\/www.facebook.com\\\/miumjaupood\\\/\"]}]}<\/script>\n<!-- \/ Yoast SEO plugin. -->","yoast_head_json":{"title":"Ontario kr\u0113m\u012bgs \u0161\u0137idrs k\u0101rums 5x14 g, tuncis un lasis - MiuMjau","robots":{"index":"index","follow":"follow","max-snippet":"max-snippet:-1","max-image-preview":"max-image-preview:large","max-video-preview":"max-video-preview:-1"},"canonical":"https:\/\/miumjau.ee\/lv\/produkts\/ontario-kremigs-skidrs-karums-5x14-g-tuncis-un-lasis\/","og_locale":"lv_LV","og_type":"article","og_title":"Ontario kr\u0113m\u012bgs \u0161\u0137idrs k\u0101rums 5x14 g, tuncis un lasis - MiuMjau","og_description":"Pied\u0101v\u0101jiet savam ka\u0137im Ontario kr\u0113m\u012bgos k\u0101rumus, kas bag\u0101tina vi\u0146a \u0113dienkarti un sniedz baud\u012bjumu katr\u0101 kumos\u0101 \u2764\ufe0f Ontario Lickable Treat ir m\u012bksta un gar\u0161\u012bga pasta, kas piem\u0113rota k\u0101 papildbar\u012bba gan pieaugu\u0161iem ka\u0137iem, gan ka\u0137\u0113niem no 3 m\u0113ne\u0161u vecuma. Tas nav tikai k\u0101rums \u2013 tas ir vesel\u012bga izv\u0113le, kas atbalsta j\u016bsu ka\u0137a visp\u0101r\u0113jo labkl\u0101j\u012bbu un vitalit\u0101ti. Galven\u0101s priek\u0161roc\u012bbas:\u2714 Gar\u0161\u012bga kombin\u0101cija \u2013 Tuncis un lasis ir ka\u0137iem neatvair\u0101mi vilino\u0161i un piem\u0113roti pat visizv\u0113l\u012bg\u0101kajiem m\u0101jdz\u012bvniekiem. Abas zivis ir viegli sagremojamas un bag\u0101tas ar augstas kvalit\u0101tes prote\u012bnu, pal\u012bdzot uztur\u0113t j\u016bsu ka\u0137a ener\u0123iju un stiprus musku\u013cus. \u2714 Maigs gremo\u0161anai \u2013 Kr\u0113m\u012bg\u0101 tekst\u016bra padara k\u0101rumu viegli sagremojamu, piem\u0113rotu ar\u012b ka\u0137iem ar jut\u012bgu v\u0113deru vai tiem, kuriem ir gr\u016bt\u012bbas \u0113st cieto bar\u012bbu. \u2714 Dabisks un t\u012brs sast\u0101vs \u2013 Nesatur m\u0101ksl\u012bg\u0101s kr\u0101svielas, aromatiz\u0113t\u0101jus vai konservantus, nodro\u0161inot j\u016bsu ka\u0137im t\u012bru un dabisku p\u0101rtiku bez liekiem piedev\u0101m. \u2714 Bag\u0101ts uzturvielu zi\u0146\u0101 \u2013 Tuncis un lasis satur omega-3 tauksk\u0101bes, kas atbalsta vesel\u012bgu ka\u017eoku, \u0101du un sirds darb\u012bbu, k\u0101 ar\u012b stiprina im\u016bnsist\u0113mu un gremo\u0161anu. \u2714 \u0112rts iepakojums \u2013 Komplekts satur piecus 14 g maisi\u0146us, kas nodro\u0161ina k\u0101ruma svaigumu un \u0113rt\u012bbu gan ikdienas lieto\u0161anai, gan ce\u013co\u0161anai. Sast\u0101vs: \u016bdens 64,356%, tuncis 21,00%, lasis 6,70%, vista 4,20%, tapiokas ciete 2,70%, ksant\u0101na sve\u0137i 0,55%, lins\u0113klu e\u013c\u013ca 0,40%, taur\u012bns 0,09%, vitam\u012bni (A, B2, B3, B5, D3, E) 0,004%. Anal\u012btiskais sast\u0101vs: kopprote\u012bns 7%, koptauki 0,1%, \u0161\u0137iedrvielas 0,5%, pelni 1%, mitrums 88%. Papildvielas: taur\u012bns 900 mg, vitam\u012bni (A, B2, B3, B5, D3, E) 40 mg, ksant\u0101na sve\u0137i 5500 mg.","og_url":"https:\/\/miumjau.ee\/lv\/produkts\/ontario-kremigs-skidrs-karums-5x14-g-tuncis-un-lasis\/","og_site_name":"MiuMjau","article_publisher":"https:\/\/www.facebook.com\/miumjaupood\/","og_image":[{"width":600,"height":800,"url":"https:\/\/miumjau.ee\/wp-content\/uploads\/2025\/02\/ontario-vedelmaius-kassidele2.jpg","type":"image\/jpeg"}],"twitter_card":"summary_large_image","schema":{"@context":"https:\/\/schema.org","@graph":[{"@type":"WebPage","@id":"https:\/\/miumjau.ee\/lv\/produkts\/ontario-kremigs-skidrs-karums-5x14-g-tuncis-un-lasis\/","url":"https:\/\/miumjau.ee\/lv\/produkts\/ontario-kremigs-skidrs-karums-5x14-g-tuncis-un-lasis\/","name":"Ontario kr\u0113m\u012bgs \u0161\u0137idrs k\u0101rums 5x14 g, tuncis un lasis - MiuMjau","isPartOf":{"@id":"https:\/\/miumjau.ee\/#website"},"primaryImageOfPage":{"@id":"https:\/\/miumjau.ee\/lv\/produkts\/ontario-kremigs-skidrs-karums-5x14-g-tuncis-un-lasis\/#primaryimage"},"image":{"@id":"https:\/\/miumjau.ee\/lv\/produkts\/ontario-kremigs-skidrs-karums-5x14-g-tuncis-un-lasis\/#primaryimage"},"thumbnailUrl":"https:\/\/miumjau.ee\/wp-content\/uploads\/2025\/02\/ontario-vedelmaius-kassidele2.jpg","datePublished":"2025-02-17T16:37:21+00:00","breadcrumb":{"@id":"https:\/\/miumjau.ee\/lv\/produkts\/ontario-kremigs-skidrs-karums-5x14-g-tuncis-un-lasis\/#breadcrumb"},"inLanguage":"lv-LV","potentialAction":[{"@type":"ReadAction","target":["https:\/\/miumjau.ee\/lv\/produkts\/ontario-kremigs-skidrs-karums-5x14-g-tuncis-un-lasis\/"]}]},{"@type":"ImageObject","inLanguage":"lv-LV","@id":"https:\/\/miumjau.ee\/lv\/produkts\/ontario-kremigs-skidrs-karums-5x14-g-tuncis-un-lasis\/#primaryimage","url":"https:\/\/miumjau.ee\/wp-content\/uploads\/2025\/02\/ontario-vedelmaius-kassidele2.jpg","contentUrl":"https:\/\/miumjau.ee\/wp-content\/uploads\/2025\/02\/ontario-vedelmaius-kassidele2.jpg","width":600,"height":800},{"@type":"BreadcrumbList","@id":"https:\/\/miumjau.ee\/lv\/produkts\/ontario-kremigs-skidrs-karums-5x14-g-tuncis-un-lasis\/#breadcrumb","itemListElement":[{"@type":"ListItem","position":1,"name":"Home","item":"https:\/\/miumjau.ee\/lv\/"},{"@type":"ListItem","position":2,"name":"Veikals","item":"https:\/\/miumjau.ee\/lv\/veikals\/"},{"@type":"ListItem","position":3,"name":"Ontario kr\u0113m\u012bgs \u0161\u0137idrs k\u0101rums 5&#215;14 g, tuncis un lasis"}]},{"@type":"WebSite","@id":"https:\/\/miumjau.ee\/#website","url":"https:\/\/miumjau.ee\/","name":"MiuMjau","description":"Kraapimispuud kassidele","publisher":{"@id":"https:\/\/miumjau.ee\/#organization"},"potentialAction":[{"@type":"SearchAction","target":{"@type":"EntryPoint","urlTemplate":"https:\/\/miumjau.ee\/?s={search_term_string}"},"query-input":{"@type":"PropertyValueSpecification","valueRequired":true,"valueName":"search_term_string"}}],"inLanguage":"lv-LV"},{"@type":"Organization","@id":"https:\/\/miumjau.ee\/#organization","name":"MiuMjau O\u00dc","url":"https:\/\/miumjau.ee\/","logo":{"@type":"ImageObject","inLanguage":"lv-LV","@id":"https:\/\/miumjau.ee\/#\/schema\/logo\/image\/","url":"https:\/\/miumjau.ee\/wp-content\/uploads\/2022\/04\/MiuMjau-logo-kollane.png","contentUrl":"https:\/\/miumjau.ee\/wp-content\/uploads\/2022\/04\/MiuMjau-logo-kollane.png","width":219,"height":100,"caption":"MiuMjau O\u00dc"},"image":{"@id":"https:\/\/miumjau.ee\/#\/schema\/logo\/image\/"},"sameAs":["https:\/\/www.facebook.com\/miumjaupood\/"]}]}},"_links":{"self":[{"href":"https:\/\/miumjau.ee\/lv\/wp-json\/wp\/v2\/product\/55411","targetHints":{"allow":["GET"]}}],"collection":[{"href":"https:\/\/miumjau.ee\/lv\/wp-json\/wp\/v2\/product"}],"about":[{"href":"https:\/\/miumjau.ee\/lv\/wp-json\/wp\/v2\/types\/product"}],"wp:featuredmedia":[{"embeddable":true,"href":"https:\/\/miumjau.ee\/lv\/wp-json\/wp\/v2\/media\/55402"}],"wp:attachment":[{"href":"https:\/\/miumjau.ee\/lv\/wp-json\/wp\/v2\/media?parent=55411"}],"wp:term":[{"taxonomy":"product_brand","embeddable":true,"href":"https:\/\/miumjau.ee\/lv\/wp-json\/wp\/v2\/product_brand?post=55411"},{"taxonomy":"product_cat","embeddable":true,"href":"https:\/\/miumjau.ee\/lv\/wp-json\/wp\/v2\/product_cat?post=55411"},{"taxonomy":"product_tag","embeddable":true,"href":"https:\/\/miumjau.ee\/lv\/wp-json\/wp\/v2\/product_tag?post=55411"}],"curies":[{"name":"wp","href":"https:\/\/api.w.org\/{rel}","templated":true}]}}