{"id":55391,"date":"2025-02-17T15:26:27","date_gmt":"2025-02-17T13:26:27","guid":{"rendered":"https:\/\/miumjau.ee\/toode\/brit-premium-komplekts-family-plate-jelly-12x85-g\/"},"modified":"2025-02-17T15:26:27","modified_gmt":"2025-02-17T13:26:27","slug":"brit-premium-komplekts-family-plate-jelly-12x85-g","status":"publish","type":"product","link":"https:\/\/miumjau.ee\/lv\/produkts\/brit-premium-komplekts-family-plate-jelly-12x85-g\/","title":{"rendered":"Brit Premium komplekts \u201eFamily Plate Jelly\u201c 12&#215;85 g"},"content":{"rendered":"","protected":false},"excerpt":{"rendered":"<p data-start=\"176\" data-end=\"538\">Vai v\u0113lies savam ka\u0137im gar\u0161\u012bgu un pilnv\u0113rt\u012bgu bar\u012bbu? Brit Premium konservu komplekts pied\u0101v\u0101 \u010detras da\u017e\u0101das gar\u0161as, lai Tavs m\u012blulis baud\u012btu daudzveid\u012bgu un barojo\u0161u malt\u012bti. Ar augstu ga\u013cas saturu, vesel\u012bg\u0101m sast\u0101vda\u013c\u0101m un ka\u0137u iecien\u012bts \u2013 ide\u0101la izv\u0113le ikdienas \u0113dienrei\u017eu nodro\u0161in\u0101\u0161anai! 12 iepakojumi nodro\u0161ina \u0113rt\u012bbu un kvalit\u0101ti, ko Tavs ka\u0137is pelna. \ud83d\udc3e<\/p>\n<p data-start=\"540\" data-end=\"1185\"><strong data-start=\"540\" data-end=\"568\">Vistas fileja konservos:<\/strong> 82% ga\u013cas un dz\u012bvnieku izcelsmes produktu filejas (8% vista), augu izcelsmes produkti (0,4% inul\u012bns), miner\u0101lvielas.<br data-start=\"685\" data-end=\"688\" \/><strong data-start=\"688\" data-end=\"714\">La\u0161a fileja konservos:<\/strong> 74% ga\u013ca un dz\u012bvnieku izcelsmes produkti, zivis un zivju produkti (la\u0161a fileja 8%), augu izcelsmes atvasin\u0101jumi (inul\u012bns 0,4%), miner\u0101lvielas.<br data-start=\"857\" data-end=\"860\" \/><strong data-start=\"860\" data-end=\"890\">Liellopu fileja konservos:<\/strong> 82% dz\u012bvnieku izcelsmes ga\u013ca un fileja (liellopu ga\u013ca 8%), augu izcelsmes produkti (inul\u012bns 0,4%), miner\u0101lvielas.<br data-start=\"1004\" data-end=\"1007\" \/><strong data-start=\"1007\" data-end=\"1034\">Var\u017eu fileja konservos:<\/strong> 74% ga\u013cas un dz\u012bvnieku izcelsmes produktu filejas, zivis un zivju produkti (8% var\u017eu fileja), augu izcelsmes produkti (0,4% inul\u012bns), miner\u0101lvielas.<\/p>\n","protected":false},"featured_media":45039,"template":"","meta":[],"product_brand":[],"product_cat":[571],"product_tag":[],"class_list":{"0":"post-55391","1":"product","2":"type-product","3":"status-publish","4":"has-post-thumbnail","6":"product_cat-mitra-bariba","8":"first","9":"instock","10":"taxable","11":"shipping-taxable","12":"purchasable","13":"product-type-simple"},"yoast_head":"<!-- This site is optimized with the Yoast SEO plugin v27.4 - https:\/\/yoast.com\/product\/yoast-seo-wordpress\/ -->\n<title>Brit Premium komplekts \u201eFamily Plate Jelly\u201c 12x85 g - MiuMjau<\/title>\n<meta name=\"robots\" content=\"index, follow, max-snippet:-1, max-image-preview:large, max-video-preview:-1\" \/>\n<link rel=\"canonical\" href=\"https:\/\/miumjau.ee\/lv\/produkts\/brit-premium-komplekts-family-plate-jelly-12x85-g\/\" \/>\n<meta property=\"og:locale\" content=\"lv_LV\" \/>\n<meta property=\"og:type\" content=\"article\" \/>\n<meta property=\"og:title\" content=\"Brit Premium komplekts \u201eFamily Plate Jelly\u201c 12x85 g - MiuMjau\" \/>\n<meta property=\"og:description\" content=\"Vai v\u0113lies savam ka\u0137im gar\u0161\u012bgu un pilnv\u0113rt\u012bgu bar\u012bbu? Brit Premium konservu komplekts pied\u0101v\u0101 \u010detras da\u017e\u0101das gar\u0161as, lai Tavs m\u012blulis baud\u012btu daudzveid\u012bgu un barojo\u0161u malt\u012bti. Ar augstu ga\u013cas saturu, vesel\u012bg\u0101m sast\u0101vda\u013c\u0101m un ka\u0137u iecien\u012bts \u2013 ide\u0101la izv\u0113le ikdienas \u0113dienrei\u017eu nodro\u0161in\u0101\u0161anai! 12 iepakojumi nodro\u0161ina \u0113rt\u012bbu un kvalit\u0101ti, ko Tavs ka\u0137is pelna. \ud83d\udc3e Vistas fileja konservos: 82% ga\u013cas un dz\u012bvnieku izcelsmes produktu filejas (8% vista), augu izcelsmes produkti (0,4% inul\u012bns), miner\u0101lvielas.La\u0161a fileja konservos: 74% ga\u013ca un dz\u012bvnieku izcelsmes produkti, zivis un zivju produkti (la\u0161a fileja 8%), augu izcelsmes atvasin\u0101jumi (inul\u012bns 0,4%), miner\u0101lvielas.Liellopu fileja konservos: 82% dz\u012bvnieku izcelsmes ga\u013ca un fileja (liellopu ga\u013ca 8%), augu izcelsmes produkti (inul\u012bns 0,4%), miner\u0101lvielas.Var\u017eu fileja konservos: 74% ga\u013cas un dz\u012bvnieku izcelsmes produktu filejas, zivis un zivju produkti (8% var\u017eu fileja), augu izcelsmes produkti (0,4% inul\u012bns), miner\u0101lvielas.\" \/>\n<meta property=\"og:url\" content=\"https:\/\/miumjau.ee\/lv\/produkts\/brit-premium-komplekts-family-plate-jelly-12x85-g\/\" \/>\n<meta property=\"og:site_name\" content=\"MiuMjau\" \/>\n<meta property=\"article:publisher\" content=\"https:\/\/www.facebook.com\/miumjaupood\/\" \/>\n<meta property=\"og:image\" content=\"https:\/\/miumjau.ee\/wp-content\/uploads\/2025\/02\/brit-premium-margtoidud-kassile-family1.jpg\" \/>\n\t<meta property=\"og:image:width\" content=\"600\" \/>\n\t<meta property=\"og:image:height\" content=\"800\" \/>\n\t<meta property=\"og:image:type\" content=\"image\/jpeg\" \/>\n<meta name=\"twitter:card\" content=\"summary_large_image\" \/>\n<script type=\"application\/ld+json\" class=\"yoast-schema-graph\">{\"@context\":\"https:\\\/\\\/schema.org\",\"@graph\":[{\"@type\":\"WebPage\",\"@id\":\"https:\\\/\\\/miumjau.ee\\\/lv\\\/produkts\\\/brit-premium-komplekts-family-plate-jelly-12x85-g\\\/\",\"url\":\"https:\\\/\\\/miumjau.ee\\\/lv\\\/produkts\\\/brit-premium-komplekts-family-plate-jelly-12x85-g\\\/\",\"name\":\"Brit Premium komplekts \u201eFamily Plate Jelly\u201c 12x85 g - MiuMjau\",\"isPartOf\":{\"@id\":\"https:\\\/\\\/miumjau.ee\\\/#website\"},\"primaryImageOfPage\":{\"@id\":\"https:\\\/\\\/miumjau.ee\\\/lv\\\/produkts\\\/brit-premium-komplekts-family-plate-jelly-12x85-g\\\/#primaryimage\"},\"image\":{\"@id\":\"https:\\\/\\\/miumjau.ee\\\/lv\\\/produkts\\\/brit-premium-komplekts-family-plate-jelly-12x85-g\\\/#primaryimage\"},\"thumbnailUrl\":\"https:\\\/\\\/miumjau.ee\\\/wp-content\\\/uploads\\\/2025\\\/02\\\/brit-premium-margtoidud-kassile-family1.jpg\",\"datePublished\":\"2025-02-17T13:26:27+00:00\",\"breadcrumb\":{\"@id\":\"https:\\\/\\\/miumjau.ee\\\/lv\\\/produkts\\\/brit-premium-komplekts-family-plate-jelly-12x85-g\\\/#breadcrumb\"},\"inLanguage\":\"lv-LV\",\"potentialAction\":[{\"@type\":\"ReadAction\",\"target\":[\"https:\\\/\\\/miumjau.ee\\\/lv\\\/produkts\\\/brit-premium-komplekts-family-plate-jelly-12x85-g\\\/\"]}]},{\"@type\":\"ImageObject\",\"inLanguage\":\"lv-LV\",\"@id\":\"https:\\\/\\\/miumjau.ee\\\/lv\\\/produkts\\\/brit-premium-komplekts-family-plate-jelly-12x85-g\\\/#primaryimage\",\"url\":\"https:\\\/\\\/miumjau.ee\\\/wp-content\\\/uploads\\\/2025\\\/02\\\/brit-premium-margtoidud-kassile-family1.jpg\",\"contentUrl\":\"https:\\\/\\\/miumjau.ee\\\/wp-content\\\/uploads\\\/2025\\\/02\\\/brit-premium-margtoidud-kassile-family1.jpg\",\"width\":600,\"height\":800,\"caption\":\"Brit Premium assortii \\\"Family Plate Jelly\\\" 12x85g\"},{\"@type\":\"BreadcrumbList\",\"@id\":\"https:\\\/\\\/miumjau.ee\\\/lv\\\/produkts\\\/brit-premium-komplekts-family-plate-jelly-12x85-g\\\/#breadcrumb\",\"itemListElement\":[{\"@type\":\"ListItem\",\"position\":1,\"name\":\"Home\",\"item\":\"https:\\\/\\\/miumjau.ee\\\/lv\\\/\"},{\"@type\":\"ListItem\",\"position\":2,\"name\":\"Veikals\",\"item\":\"https:\\\/\\\/miumjau.ee\\\/lv\\\/veikals\\\/\"},{\"@type\":\"ListItem\",\"position\":3,\"name\":\"Brit Premium komplekts \u201eFamily Plate Jelly\u201c 12&#215;85 g\"}]},{\"@type\":\"WebSite\",\"@id\":\"https:\\\/\\\/miumjau.ee\\\/#website\",\"url\":\"https:\\\/\\\/miumjau.ee\\\/\",\"name\":\"MiuMjau\",\"description\":\"Kraapimispuud kassidele\",\"publisher\":{\"@id\":\"https:\\\/\\\/miumjau.ee\\\/#organization\"},\"potentialAction\":[{\"@type\":\"SearchAction\",\"target\":{\"@type\":\"EntryPoint\",\"urlTemplate\":\"https:\\\/\\\/miumjau.ee\\\/?s={search_term_string}\"},\"query-input\":{\"@type\":\"PropertyValueSpecification\",\"valueRequired\":true,\"valueName\":\"search_term_string\"}}],\"inLanguage\":\"lv-LV\"},{\"@type\":\"Organization\",\"@id\":\"https:\\\/\\\/miumjau.ee\\\/#organization\",\"name\":\"MiuMjau O\u00dc\",\"url\":\"https:\\\/\\\/miumjau.ee\\\/\",\"logo\":{\"@type\":\"ImageObject\",\"inLanguage\":\"lv-LV\",\"@id\":\"https:\\\/\\\/miumjau.ee\\\/#\\\/schema\\\/logo\\\/image\\\/\",\"url\":\"https:\\\/\\\/miumjau.ee\\\/wp-content\\\/uploads\\\/2022\\\/04\\\/MiuMjau-logo-kollane.png\",\"contentUrl\":\"https:\\\/\\\/miumjau.ee\\\/wp-content\\\/uploads\\\/2022\\\/04\\\/MiuMjau-logo-kollane.png\",\"width\":219,\"height\":100,\"caption\":\"MiuMjau O\u00dc\"},\"image\":{\"@id\":\"https:\\\/\\\/miumjau.ee\\\/#\\\/schema\\\/logo\\\/image\\\/\"},\"sameAs\":[\"https:\\\/\\\/www.facebook.com\\\/miumjaupood\\\/\"]}]}<\/script>\n<!-- \/ Yoast SEO plugin. -->","yoast_head_json":{"title":"Brit Premium komplekts \u201eFamily Plate Jelly\u201c 12x85 g - MiuMjau","robots":{"index":"index","follow":"follow","max-snippet":"max-snippet:-1","max-image-preview":"max-image-preview:large","max-video-preview":"max-video-preview:-1"},"canonical":"https:\/\/miumjau.ee\/lv\/produkts\/brit-premium-komplekts-family-plate-jelly-12x85-g\/","og_locale":"lv_LV","og_type":"article","og_title":"Brit Premium komplekts \u201eFamily Plate Jelly\u201c 12x85 g - MiuMjau","og_description":"Vai v\u0113lies savam ka\u0137im gar\u0161\u012bgu un pilnv\u0113rt\u012bgu bar\u012bbu? Brit Premium konservu komplekts pied\u0101v\u0101 \u010detras da\u017e\u0101das gar\u0161as, lai Tavs m\u012blulis baud\u012btu daudzveid\u012bgu un barojo\u0161u malt\u012bti. Ar augstu ga\u013cas saturu, vesel\u012bg\u0101m sast\u0101vda\u013c\u0101m un ka\u0137u iecien\u012bts \u2013 ide\u0101la izv\u0113le ikdienas \u0113dienrei\u017eu nodro\u0161in\u0101\u0161anai! 12 iepakojumi nodro\u0161ina \u0113rt\u012bbu un kvalit\u0101ti, ko Tavs ka\u0137is pelna. \ud83d\udc3e Vistas fileja konservos: 82% ga\u013cas un dz\u012bvnieku izcelsmes produktu filejas (8% vista), augu izcelsmes produkti (0,4% inul\u012bns), miner\u0101lvielas.La\u0161a fileja konservos: 74% ga\u013ca un dz\u012bvnieku izcelsmes produkti, zivis un zivju produkti (la\u0161a fileja 8%), augu izcelsmes atvasin\u0101jumi (inul\u012bns 0,4%), miner\u0101lvielas.Liellopu fileja konservos: 82% dz\u012bvnieku izcelsmes ga\u013ca un fileja (liellopu ga\u013ca 8%), augu izcelsmes produkti (inul\u012bns 0,4%), miner\u0101lvielas.Var\u017eu fileja konservos: 74% ga\u013cas un dz\u012bvnieku izcelsmes produktu filejas, zivis un zivju produkti (8% var\u017eu fileja), augu izcelsmes produkti (0,4% inul\u012bns), miner\u0101lvielas.","og_url":"https:\/\/miumjau.ee\/lv\/produkts\/brit-premium-komplekts-family-plate-jelly-12x85-g\/","og_site_name":"MiuMjau","article_publisher":"https:\/\/www.facebook.com\/miumjaupood\/","og_image":[{"width":600,"height":800,"url":"https:\/\/miumjau.ee\/wp-content\/uploads\/2025\/02\/brit-premium-margtoidud-kassile-family1.jpg","type":"image\/jpeg"}],"twitter_card":"summary_large_image","schema":{"@context":"https:\/\/schema.org","@graph":[{"@type":"WebPage","@id":"https:\/\/miumjau.ee\/lv\/produkts\/brit-premium-komplekts-family-plate-jelly-12x85-g\/","url":"https:\/\/miumjau.ee\/lv\/produkts\/brit-premium-komplekts-family-plate-jelly-12x85-g\/","name":"Brit Premium komplekts \u201eFamily Plate Jelly\u201c 12x85 g - MiuMjau","isPartOf":{"@id":"https:\/\/miumjau.ee\/#website"},"primaryImageOfPage":{"@id":"https:\/\/miumjau.ee\/lv\/produkts\/brit-premium-komplekts-family-plate-jelly-12x85-g\/#primaryimage"},"image":{"@id":"https:\/\/miumjau.ee\/lv\/produkts\/brit-premium-komplekts-family-plate-jelly-12x85-g\/#primaryimage"},"thumbnailUrl":"https:\/\/miumjau.ee\/wp-content\/uploads\/2025\/02\/brit-premium-margtoidud-kassile-family1.jpg","datePublished":"2025-02-17T13:26:27+00:00","breadcrumb":{"@id":"https:\/\/miumjau.ee\/lv\/produkts\/brit-premium-komplekts-family-plate-jelly-12x85-g\/#breadcrumb"},"inLanguage":"lv-LV","potentialAction":[{"@type":"ReadAction","target":["https:\/\/miumjau.ee\/lv\/produkts\/brit-premium-komplekts-family-plate-jelly-12x85-g\/"]}]},{"@type":"ImageObject","inLanguage":"lv-LV","@id":"https:\/\/miumjau.ee\/lv\/produkts\/brit-premium-komplekts-family-plate-jelly-12x85-g\/#primaryimage","url":"https:\/\/miumjau.ee\/wp-content\/uploads\/2025\/02\/brit-premium-margtoidud-kassile-family1.jpg","contentUrl":"https:\/\/miumjau.ee\/wp-content\/uploads\/2025\/02\/brit-premium-margtoidud-kassile-family1.jpg","width":600,"height":800,"caption":"Brit Premium assortii \"Family Plate Jelly\" 12x85g"},{"@type":"BreadcrumbList","@id":"https:\/\/miumjau.ee\/lv\/produkts\/brit-premium-komplekts-family-plate-jelly-12x85-g\/#breadcrumb","itemListElement":[{"@type":"ListItem","position":1,"name":"Home","item":"https:\/\/miumjau.ee\/lv\/"},{"@type":"ListItem","position":2,"name":"Veikals","item":"https:\/\/miumjau.ee\/lv\/veikals\/"},{"@type":"ListItem","position":3,"name":"Brit Premium komplekts \u201eFamily Plate Jelly\u201c 12&#215;85 g"}]},{"@type":"WebSite","@id":"https:\/\/miumjau.ee\/#website","url":"https:\/\/miumjau.ee\/","name":"MiuMjau","description":"Kraapimispuud kassidele","publisher":{"@id":"https:\/\/miumjau.ee\/#organization"},"potentialAction":[{"@type":"SearchAction","target":{"@type":"EntryPoint","urlTemplate":"https:\/\/miumjau.ee\/?s={search_term_string}"},"query-input":{"@type":"PropertyValueSpecification","valueRequired":true,"valueName":"search_term_string"}}],"inLanguage":"lv-LV"},{"@type":"Organization","@id":"https:\/\/miumjau.ee\/#organization","name":"MiuMjau O\u00dc","url":"https:\/\/miumjau.ee\/","logo":{"@type":"ImageObject","inLanguage":"lv-LV","@id":"https:\/\/miumjau.ee\/#\/schema\/logo\/image\/","url":"https:\/\/miumjau.ee\/wp-content\/uploads\/2022\/04\/MiuMjau-logo-kollane.png","contentUrl":"https:\/\/miumjau.ee\/wp-content\/uploads\/2022\/04\/MiuMjau-logo-kollane.png","width":219,"height":100,"caption":"MiuMjau O\u00dc"},"image":{"@id":"https:\/\/miumjau.ee\/#\/schema\/logo\/image\/"},"sameAs":["https:\/\/www.facebook.com\/miumjaupood\/"]}]}},"_links":{"self":[{"href":"https:\/\/miumjau.ee\/lv\/wp-json\/wp\/v2\/product\/55391","targetHints":{"allow":["GET"]}}],"collection":[{"href":"https:\/\/miumjau.ee\/lv\/wp-json\/wp\/v2\/product"}],"about":[{"href":"https:\/\/miumjau.ee\/lv\/wp-json\/wp\/v2\/types\/product"}],"wp:featuredmedia":[{"embeddable":true,"href":"https:\/\/miumjau.ee\/lv\/wp-json\/wp\/v2\/media\/45039"}],"wp:attachment":[{"href":"https:\/\/miumjau.ee\/lv\/wp-json\/wp\/v2\/media?parent=55391"}],"wp:term":[{"taxonomy":"product_brand","embeddable":true,"href":"https:\/\/miumjau.ee\/lv\/wp-json\/wp\/v2\/product_brand?post=55391"},{"taxonomy":"product_cat","embeddable":true,"href":"https:\/\/miumjau.ee\/lv\/wp-json\/wp\/v2\/product_cat?post=55391"},{"taxonomy":"product_tag","embeddable":true,"href":"https:\/\/miumjau.ee\/lv\/wp-json\/wp\/v2\/product_tag?post=55391"}],"curies":[{"name":"wp","href":"https:\/\/api.w.org\/{rel}","templated":true}]}}