{"id":55357,"date":"2025-02-17T19:09:44","date_gmt":"2025-02-17T17:09:44","guid":{"rendered":"https:\/\/miumjau.ee\/toode\/ontario-tray-pastete-kakiem-ar-vistu-un-aknam-115-g\/"},"modified":"2025-02-17T19:09:44","modified_gmt":"2025-02-17T17:09:44","slug":"ontario-tray-pastete-kakiem-ar-vistu-un-aknam-115-g","status":"publish","type":"product","link":"https:\/\/miumjau.ee\/lv\/produkts\/ontario-tray-pastete-kakiem-ar-vistu-un-aknam-115-g\/","title":{"rendered":"Ontario Tray past\u0113te ka\u0137iem ar vistu un akn\u0101m 115 g"},"content":{"rendered":"","protected":false},"excerpt":{"rendered":"<p data-start=\"170\" data-end=\"389\">ONTARIO past\u0113te ir pilnv\u0113rt\u012bga bar\u012bba, kas izgatavota no augstas kvalit\u0101tes sast\u0101vda\u013c\u0101m un nodro\u0161ina ka\u0137im dab\u012bgu ener\u0123iju un sabalans\u0113tu uzturu. Gar\u0161\u012bga past\u0113te ar akn\u0101m un d\u0101rze\u0146iem, kurai j\u016bsu ka\u0137is nesp\u0113s pretoties.<\/p>\n<p data-start=\"391\" data-end=\"485\">Piem\u0113rota visu vecumu un \u0161\u0137ir\u0146u ka\u0137iem. Satur 93% ga\u013cas un dz\u012bvnieku izcelsmes blakusproduktu.<\/p>\n<p data-start=\"487\" data-end=\"995\">\u2714 Augsta kvalit\u0101te \u2013 izgatavota no cilv\u0113ku pat\u0113ri\u0146am piem\u0113rotas ga\u013cas.<br data-start=\"557\" data-end=\"560\" \/>\u2714 Dab\u012bgas uzturvielas \u2013 visi vitam\u012bni un miner\u0101lvielas saglab\u0101ti, pateicoties apstr\u0101dei augst\u0101 temperat\u016br\u0101 un spiedien\u0101.<br data-start=\"680\" data-end=\"683\" \/>\u2714 Bag\u0101tin\u0101ta ar taur\u012bnu \u2013 atbalsta redzi un nervu sist\u0113mu.<br data-start=\"741\" data-end=\"744\" \/>\u2714 Intens\u012bva gar\u0161a \u2013 aknas pie\u0161\u0137ir sp\u0113c\u012bgu un pievilc\u012bgu arom\u0101tu, ko ka\u0137i m\u012bl.<br data-start=\"821\" data-end=\"824\" \/>\u2714 Viegli sagremojama \u2013 m\u012bkst\u0101 tekst\u016bra piem\u0113rota ar\u012b ka\u0137iem ar jut\u012bgu gremo\u0161anu.<br data-start=\"904\" data-end=\"907\" \/>\u2714 Bez m\u0101ksl\u012bg\u0101m piedev\u0101m \u2013 nesatur konservantus, kr\u0101svielas un m\u0101ksl\u012bgos aromatiz\u0113t\u0101jus.<\/p>\n<p data-start=\"997\" data-end=\"1220\"><strong data-start=\"997\" data-end=\"1009\">Sast\u0101vs:<\/strong> 92% ga\u013ca un dz\u012bvnieku izcelsmes blakusprodukti (t.sk. 10% liellopu aknas, vista), miner\u0101lvielas.<br data-start=\"1106\" data-end=\"1109\" \/><strong data-start=\"1109\" data-end=\"1134\">Anal\u012btiskais sast\u0101vs:<\/strong> Kopprote\u012bns: 10,39%, koptauki: 9,07%, pelni: 2,15%, \u0161\u0137iedrvielas: 0,44%, mitrums: 74%<\/p>\n","protected":false},"featured_media":55358,"template":"","meta":[],"product_brand":[],"product_cat":[571],"product_tag":[],"class_list":{"0":"post-55357","1":"product","2":"type-product","3":"status-publish","4":"has-post-thumbnail","6":"product_cat-mitra-bariba","8":"first","9":"instock","10":"taxable","11":"shipping-taxable","12":"purchasable","13":"product-type-simple"},"yoast_head":"<!-- This site is optimized with the Yoast SEO plugin v27.4 - https:\/\/yoast.com\/product\/yoast-seo-wordpress\/ -->\n<title>Ontario Tray past\u0113te ka\u0137iem ar vistu un akn\u0101m 115 g - MiuMjau<\/title>\n<meta name=\"robots\" content=\"index, follow, max-snippet:-1, max-image-preview:large, max-video-preview:-1\" \/>\n<link rel=\"canonical\" href=\"https:\/\/miumjau.ee\/lv\/produkts\/ontario-tray-pastete-kakiem-ar-vistu-un-aknam-115-g\/\" \/>\n<meta property=\"og:locale\" content=\"lv_LV\" \/>\n<meta property=\"og:type\" content=\"article\" \/>\n<meta property=\"og:title\" content=\"Ontario Tray past\u0113te ka\u0137iem ar vistu un akn\u0101m 115 g - MiuMjau\" \/>\n<meta property=\"og:description\" content=\"ONTARIO past\u0113te ir pilnv\u0113rt\u012bga bar\u012bba, kas izgatavota no augstas kvalit\u0101tes sast\u0101vda\u013c\u0101m un nodro\u0161ina ka\u0137im dab\u012bgu ener\u0123iju un sabalans\u0113tu uzturu. Gar\u0161\u012bga past\u0113te ar akn\u0101m un d\u0101rze\u0146iem, kurai j\u016bsu ka\u0137is nesp\u0113s pretoties. Piem\u0113rota visu vecumu un \u0161\u0137ir\u0146u ka\u0137iem. Satur 93% ga\u013cas un dz\u012bvnieku izcelsmes blakusproduktu. \u2714 Augsta kvalit\u0101te \u2013 izgatavota no cilv\u0113ku pat\u0113ri\u0146am piem\u0113rotas ga\u013cas.\u2714 Dab\u012bgas uzturvielas \u2013 visi vitam\u012bni un miner\u0101lvielas saglab\u0101ti, pateicoties apstr\u0101dei augst\u0101 temperat\u016br\u0101 un spiedien\u0101.\u2714 Bag\u0101tin\u0101ta ar taur\u012bnu \u2013 atbalsta redzi un nervu sist\u0113mu.\u2714 Intens\u012bva gar\u0161a \u2013 aknas pie\u0161\u0137ir sp\u0113c\u012bgu un pievilc\u012bgu arom\u0101tu, ko ka\u0137i m\u012bl.\u2714 Viegli sagremojama \u2013 m\u012bkst\u0101 tekst\u016bra piem\u0113rota ar\u012b ka\u0137iem ar jut\u012bgu gremo\u0161anu.\u2714 Bez m\u0101ksl\u012bg\u0101m piedev\u0101m \u2013 nesatur konservantus, kr\u0101svielas un m\u0101ksl\u012bgos aromatiz\u0113t\u0101jus. Sast\u0101vs: 92% ga\u013ca un dz\u012bvnieku izcelsmes blakusprodukti (t.sk. 10% liellopu aknas, vista), miner\u0101lvielas.Anal\u012btiskais sast\u0101vs: Kopprote\u012bns: 10,39%, koptauki: 9,07%, pelni: 2,15%, \u0161\u0137iedrvielas: 0,44%, mitrums: 74%\" \/>\n<meta property=\"og:url\" content=\"https:\/\/miumjau.ee\/lv\/produkts\/ontario-tray-pastete-kakiem-ar-vistu-un-aknam-115-g\/\" \/>\n<meta property=\"og:site_name\" content=\"MiuMjau\" \/>\n<meta property=\"article:publisher\" content=\"https:\/\/www.facebook.com\/miumjaupood\/\" \/>\n<meta property=\"og:image\" content=\"https:\/\/miumjau.ee\/wp-content\/uploads\/2025\/02\/ontario-tray-pasteet1.jpg\" \/>\n\t<meta property=\"og:image:width\" content=\"600\" \/>\n\t<meta property=\"og:image:height\" content=\"800\" \/>\n\t<meta property=\"og:image:type\" content=\"image\/jpeg\" \/>\n<meta name=\"twitter:card\" content=\"summary_large_image\" \/>\n<script type=\"application\/ld+json\" class=\"yoast-schema-graph\">{\"@context\":\"https:\\\/\\\/schema.org\",\"@graph\":[{\"@type\":\"WebPage\",\"@id\":\"https:\\\/\\\/miumjau.ee\\\/lv\\\/produkts\\\/ontario-tray-pastete-kakiem-ar-vistu-un-aknam-115-g\\\/\",\"url\":\"https:\\\/\\\/miumjau.ee\\\/lv\\\/produkts\\\/ontario-tray-pastete-kakiem-ar-vistu-un-aknam-115-g\\\/\",\"name\":\"Ontario Tray past\u0113te ka\u0137iem ar vistu un akn\u0101m 115 g - MiuMjau\",\"isPartOf\":{\"@id\":\"https:\\\/\\\/miumjau.ee\\\/#website\"},\"primaryImageOfPage\":{\"@id\":\"https:\\\/\\\/miumjau.ee\\\/lv\\\/produkts\\\/ontario-tray-pastete-kakiem-ar-vistu-un-aknam-115-g\\\/#primaryimage\"},\"image\":{\"@id\":\"https:\\\/\\\/miumjau.ee\\\/lv\\\/produkts\\\/ontario-tray-pastete-kakiem-ar-vistu-un-aknam-115-g\\\/#primaryimage\"},\"thumbnailUrl\":\"https:\\\/\\\/miumjau.ee\\\/wp-content\\\/uploads\\\/2025\\\/02\\\/ontario-tray-pasteet1.jpg\",\"datePublished\":\"2025-02-17T17:09:44+00:00\",\"breadcrumb\":{\"@id\":\"https:\\\/\\\/miumjau.ee\\\/lv\\\/produkts\\\/ontario-tray-pastete-kakiem-ar-vistu-un-aknam-115-g\\\/#breadcrumb\"},\"inLanguage\":\"lv-LV\",\"potentialAction\":[{\"@type\":\"ReadAction\",\"target\":[\"https:\\\/\\\/miumjau.ee\\\/lv\\\/produkts\\\/ontario-tray-pastete-kakiem-ar-vistu-un-aknam-115-g\\\/\"]}]},{\"@type\":\"ImageObject\",\"inLanguage\":\"lv-LV\",\"@id\":\"https:\\\/\\\/miumjau.ee\\\/lv\\\/produkts\\\/ontario-tray-pastete-kakiem-ar-vistu-un-aknam-115-g\\\/#primaryimage\",\"url\":\"https:\\\/\\\/miumjau.ee\\\/wp-content\\\/uploads\\\/2025\\\/02\\\/ontario-tray-pasteet1.jpg\",\"contentUrl\":\"https:\\\/\\\/miumjau.ee\\\/wp-content\\\/uploads\\\/2025\\\/02\\\/ontario-tray-pasteet1.jpg\",\"width\":600,\"height\":800},{\"@type\":\"BreadcrumbList\",\"@id\":\"https:\\\/\\\/miumjau.ee\\\/lv\\\/produkts\\\/ontario-tray-pastete-kakiem-ar-vistu-un-aknam-115-g\\\/#breadcrumb\",\"itemListElement\":[{\"@type\":\"ListItem\",\"position\":1,\"name\":\"Home\",\"item\":\"https:\\\/\\\/miumjau.ee\\\/lv\\\/\"},{\"@type\":\"ListItem\",\"position\":2,\"name\":\"Veikals\",\"item\":\"https:\\\/\\\/miumjau.ee\\\/lv\\\/veikals\\\/\"},{\"@type\":\"ListItem\",\"position\":3,\"name\":\"Ontario Tray past\u0113te ka\u0137iem ar vistu un akn\u0101m 115 g\"}]},{\"@type\":\"WebSite\",\"@id\":\"https:\\\/\\\/miumjau.ee\\\/#website\",\"url\":\"https:\\\/\\\/miumjau.ee\\\/\",\"name\":\"MiuMjau\",\"description\":\"Kraapimispuud kassidele\",\"publisher\":{\"@id\":\"https:\\\/\\\/miumjau.ee\\\/#organization\"},\"potentialAction\":[{\"@type\":\"SearchAction\",\"target\":{\"@type\":\"EntryPoint\",\"urlTemplate\":\"https:\\\/\\\/miumjau.ee\\\/?s={search_term_string}\"},\"query-input\":{\"@type\":\"PropertyValueSpecification\",\"valueRequired\":true,\"valueName\":\"search_term_string\"}}],\"inLanguage\":\"lv-LV\"},{\"@type\":\"Organization\",\"@id\":\"https:\\\/\\\/miumjau.ee\\\/#organization\",\"name\":\"MiuMjau O\u00dc\",\"url\":\"https:\\\/\\\/miumjau.ee\\\/\",\"logo\":{\"@type\":\"ImageObject\",\"inLanguage\":\"lv-LV\",\"@id\":\"https:\\\/\\\/miumjau.ee\\\/#\\\/schema\\\/logo\\\/image\\\/\",\"url\":\"https:\\\/\\\/miumjau.ee\\\/wp-content\\\/uploads\\\/2022\\\/04\\\/MiuMjau-logo-kollane.png\",\"contentUrl\":\"https:\\\/\\\/miumjau.ee\\\/wp-content\\\/uploads\\\/2022\\\/04\\\/MiuMjau-logo-kollane.png\",\"width\":219,\"height\":100,\"caption\":\"MiuMjau O\u00dc\"},\"image\":{\"@id\":\"https:\\\/\\\/miumjau.ee\\\/#\\\/schema\\\/logo\\\/image\\\/\"},\"sameAs\":[\"https:\\\/\\\/www.facebook.com\\\/miumjaupood\\\/\"]}]}<\/script>\n<!-- \/ Yoast SEO plugin. -->","yoast_head_json":{"title":"Ontario Tray past\u0113te ka\u0137iem ar vistu un akn\u0101m 115 g - MiuMjau","robots":{"index":"index","follow":"follow","max-snippet":"max-snippet:-1","max-image-preview":"max-image-preview:large","max-video-preview":"max-video-preview:-1"},"canonical":"https:\/\/miumjau.ee\/lv\/produkts\/ontario-tray-pastete-kakiem-ar-vistu-un-aknam-115-g\/","og_locale":"lv_LV","og_type":"article","og_title":"Ontario Tray past\u0113te ka\u0137iem ar vistu un akn\u0101m 115 g - MiuMjau","og_description":"ONTARIO past\u0113te ir pilnv\u0113rt\u012bga bar\u012bba, kas izgatavota no augstas kvalit\u0101tes sast\u0101vda\u013c\u0101m un nodro\u0161ina ka\u0137im dab\u012bgu ener\u0123iju un sabalans\u0113tu uzturu. Gar\u0161\u012bga past\u0113te ar akn\u0101m un d\u0101rze\u0146iem, kurai j\u016bsu ka\u0137is nesp\u0113s pretoties. Piem\u0113rota visu vecumu un \u0161\u0137ir\u0146u ka\u0137iem. Satur 93% ga\u013cas un dz\u012bvnieku izcelsmes blakusproduktu. \u2714 Augsta kvalit\u0101te \u2013 izgatavota no cilv\u0113ku pat\u0113ri\u0146am piem\u0113rotas ga\u013cas.\u2714 Dab\u012bgas uzturvielas \u2013 visi vitam\u012bni un miner\u0101lvielas saglab\u0101ti, pateicoties apstr\u0101dei augst\u0101 temperat\u016br\u0101 un spiedien\u0101.\u2714 Bag\u0101tin\u0101ta ar taur\u012bnu \u2013 atbalsta redzi un nervu sist\u0113mu.\u2714 Intens\u012bva gar\u0161a \u2013 aknas pie\u0161\u0137ir sp\u0113c\u012bgu un pievilc\u012bgu arom\u0101tu, ko ka\u0137i m\u012bl.\u2714 Viegli sagremojama \u2013 m\u012bkst\u0101 tekst\u016bra piem\u0113rota ar\u012b ka\u0137iem ar jut\u012bgu gremo\u0161anu.\u2714 Bez m\u0101ksl\u012bg\u0101m piedev\u0101m \u2013 nesatur konservantus, kr\u0101svielas un m\u0101ksl\u012bgos aromatiz\u0113t\u0101jus. Sast\u0101vs: 92% ga\u013ca un dz\u012bvnieku izcelsmes blakusprodukti (t.sk. 10% liellopu aknas, vista), miner\u0101lvielas.Anal\u012btiskais sast\u0101vs: Kopprote\u012bns: 10,39%, koptauki: 9,07%, pelni: 2,15%, \u0161\u0137iedrvielas: 0,44%, mitrums: 74%","og_url":"https:\/\/miumjau.ee\/lv\/produkts\/ontario-tray-pastete-kakiem-ar-vistu-un-aknam-115-g\/","og_site_name":"MiuMjau","article_publisher":"https:\/\/www.facebook.com\/miumjaupood\/","og_image":[{"width":600,"height":800,"url":"https:\/\/miumjau.ee\/wp-content\/uploads\/2025\/02\/ontario-tray-pasteet1.jpg","type":"image\/jpeg"}],"twitter_card":"summary_large_image","schema":{"@context":"https:\/\/schema.org","@graph":[{"@type":"WebPage","@id":"https:\/\/miumjau.ee\/lv\/produkts\/ontario-tray-pastete-kakiem-ar-vistu-un-aknam-115-g\/","url":"https:\/\/miumjau.ee\/lv\/produkts\/ontario-tray-pastete-kakiem-ar-vistu-un-aknam-115-g\/","name":"Ontario Tray past\u0113te ka\u0137iem ar vistu un akn\u0101m 115 g - MiuMjau","isPartOf":{"@id":"https:\/\/miumjau.ee\/#website"},"primaryImageOfPage":{"@id":"https:\/\/miumjau.ee\/lv\/produkts\/ontario-tray-pastete-kakiem-ar-vistu-un-aknam-115-g\/#primaryimage"},"image":{"@id":"https:\/\/miumjau.ee\/lv\/produkts\/ontario-tray-pastete-kakiem-ar-vistu-un-aknam-115-g\/#primaryimage"},"thumbnailUrl":"https:\/\/miumjau.ee\/wp-content\/uploads\/2025\/02\/ontario-tray-pasteet1.jpg","datePublished":"2025-02-17T17:09:44+00:00","breadcrumb":{"@id":"https:\/\/miumjau.ee\/lv\/produkts\/ontario-tray-pastete-kakiem-ar-vistu-un-aknam-115-g\/#breadcrumb"},"inLanguage":"lv-LV","potentialAction":[{"@type":"ReadAction","target":["https:\/\/miumjau.ee\/lv\/produkts\/ontario-tray-pastete-kakiem-ar-vistu-un-aknam-115-g\/"]}]},{"@type":"ImageObject","inLanguage":"lv-LV","@id":"https:\/\/miumjau.ee\/lv\/produkts\/ontario-tray-pastete-kakiem-ar-vistu-un-aknam-115-g\/#primaryimage","url":"https:\/\/miumjau.ee\/wp-content\/uploads\/2025\/02\/ontario-tray-pasteet1.jpg","contentUrl":"https:\/\/miumjau.ee\/wp-content\/uploads\/2025\/02\/ontario-tray-pasteet1.jpg","width":600,"height":800},{"@type":"BreadcrumbList","@id":"https:\/\/miumjau.ee\/lv\/produkts\/ontario-tray-pastete-kakiem-ar-vistu-un-aknam-115-g\/#breadcrumb","itemListElement":[{"@type":"ListItem","position":1,"name":"Home","item":"https:\/\/miumjau.ee\/lv\/"},{"@type":"ListItem","position":2,"name":"Veikals","item":"https:\/\/miumjau.ee\/lv\/veikals\/"},{"@type":"ListItem","position":3,"name":"Ontario Tray past\u0113te ka\u0137iem ar vistu un akn\u0101m 115 g"}]},{"@type":"WebSite","@id":"https:\/\/miumjau.ee\/#website","url":"https:\/\/miumjau.ee\/","name":"MiuMjau","description":"Kraapimispuud kassidele","publisher":{"@id":"https:\/\/miumjau.ee\/#organization"},"potentialAction":[{"@type":"SearchAction","target":{"@type":"EntryPoint","urlTemplate":"https:\/\/miumjau.ee\/?s={search_term_string}"},"query-input":{"@type":"PropertyValueSpecification","valueRequired":true,"valueName":"search_term_string"}}],"inLanguage":"lv-LV"},{"@type":"Organization","@id":"https:\/\/miumjau.ee\/#organization","name":"MiuMjau O\u00dc","url":"https:\/\/miumjau.ee\/","logo":{"@type":"ImageObject","inLanguage":"lv-LV","@id":"https:\/\/miumjau.ee\/#\/schema\/logo\/image\/","url":"https:\/\/miumjau.ee\/wp-content\/uploads\/2022\/04\/MiuMjau-logo-kollane.png","contentUrl":"https:\/\/miumjau.ee\/wp-content\/uploads\/2022\/04\/MiuMjau-logo-kollane.png","width":219,"height":100,"caption":"MiuMjau O\u00dc"},"image":{"@id":"https:\/\/miumjau.ee\/#\/schema\/logo\/image\/"},"sameAs":["https:\/\/www.facebook.com\/miumjaupood\/"]}]}},"_links":{"self":[{"href":"https:\/\/miumjau.ee\/lv\/wp-json\/wp\/v2\/product\/55357","targetHints":{"allow":["GET"]}}],"collection":[{"href":"https:\/\/miumjau.ee\/lv\/wp-json\/wp\/v2\/product"}],"about":[{"href":"https:\/\/miumjau.ee\/lv\/wp-json\/wp\/v2\/types\/product"}],"wp:featuredmedia":[{"embeddable":true,"href":"https:\/\/miumjau.ee\/lv\/wp-json\/wp\/v2\/media\/55358"}],"wp:attachment":[{"href":"https:\/\/miumjau.ee\/lv\/wp-json\/wp\/v2\/media?parent=55357"}],"wp:term":[{"taxonomy":"product_brand","embeddable":true,"href":"https:\/\/miumjau.ee\/lv\/wp-json\/wp\/v2\/product_brand?post=55357"},{"taxonomy":"product_cat","embeddable":true,"href":"https:\/\/miumjau.ee\/lv\/wp-json\/wp\/v2\/product_cat?post=55357"},{"taxonomy":"product_tag","embeddable":true,"href":"https:\/\/miumjau.ee\/lv\/wp-json\/wp\/v2\/product_tag?post=55357"}],"curies":[{"name":"wp","href":"https:\/\/api.w.org\/{rel}","templated":true}]}}