{"id":55353,"date":"2025-02-17T19:09:46","date_gmt":"2025-02-17T17:09:46","guid":{"rendered":"https:\/\/miumjau.ee\/toode\/ontario-tray-pastete-kakiem-ar-vistu-un-liellopu-galu-115-g\/"},"modified":"2025-02-17T19:09:46","modified_gmt":"2025-02-17T17:09:46","slug":"ontario-tray-pastete-kakiem-ar-vistu-un-liellopu-galu-115-g","status":"publish","type":"product","link":"https:\/\/miumjau.ee\/lv\/produkts\/ontario-tray-pastete-kakiem-ar-vistu-un-liellopu-galu-115-g\/","title":{"rendered":"Ontario Tray past\u0113te ka\u0137iem ar vistu un liellopu ga\u013cu 115 g"},"content":{"rendered":"","protected":false},"excerpt":{"rendered":"<p data-start=\"178\" data-end=\"263\">Pilnv\u0113rt\u012bga konserv\u0113ta bar\u012bba ka\u0137iem \u2013 m\u012bksta past\u0113te. Viegli \u0113st un viegli sagremot.<\/p>\n<p data-start=\"265\" data-end=\"486\">Pagatavota augst\u0101 temperat\u016br\u0101 un spiedien\u0101, lai saglab\u0101tu visus vitam\u012bnus un svar\u012bg\u0101s uzturvielas. Satur taur\u012bnu, kas atbalsta ka\u0137a redzi, nervu sist\u0113mu un visp\u0101r\u0113jo vesel\u012bbu. Gar\u0161\u012bga vistas un liellopu ga\u013cas kombin\u0101cija.<\/p>\n<p data-start=\"488\" data-end=\"504\"><strong data-start=\"488\" data-end=\"498\">Svars:<\/strong> 115 g<\/p>\n<p data-start=\"506\" data-end=\"612\"><strong data-start=\"506\" data-end=\"518\">Sast\u0101vs:<\/strong> 93% ga\u013ca un dz\u012bvnieku izcelsmes blakusprodukti (81% vista, 19% liellopu ga\u013ca), miner\u0101lvielas.<\/p>\n","protected":false},"featured_media":55354,"template":"","meta":[],"product_brand":[],"product_cat":[571],"product_tag":[],"class_list":{"0":"post-55353","1":"product","2":"type-product","3":"status-publish","4":"has-post-thumbnail","6":"product_cat-mitra-bariba","8":"first","9":"instock","10":"downloadable","11":"taxable","12":"shipping-taxable","13":"purchasable","14":"product-type-simple"},"yoast_head":"<!-- This site is optimized with the Yoast SEO plugin v27.4 - https:\/\/yoast.com\/product\/yoast-seo-wordpress\/ -->\n<title>Ontario Tray past\u0113te ka\u0137iem ar vistu un liellopu ga\u013cu 115 g - MiuMjau<\/title>\n<meta name=\"robots\" content=\"index, follow, max-snippet:-1, max-image-preview:large, max-video-preview:-1\" \/>\n<link rel=\"canonical\" href=\"https:\/\/miumjau.ee\/lv\/produkts\/ontario-tray-pastete-kakiem-ar-vistu-un-liellopu-galu-115-g\/\" \/>\n<meta property=\"og:locale\" content=\"lv_LV\" \/>\n<meta property=\"og:type\" content=\"article\" \/>\n<meta property=\"og:title\" content=\"Ontario Tray past\u0113te ka\u0137iem ar vistu un liellopu ga\u013cu 115 g - MiuMjau\" \/>\n<meta property=\"og:description\" content=\"Pilnv\u0113rt\u012bga konserv\u0113ta bar\u012bba ka\u0137iem \u2013 m\u012bksta past\u0113te. Viegli \u0113st un viegli sagremot. Pagatavota augst\u0101 temperat\u016br\u0101 un spiedien\u0101, lai saglab\u0101tu visus vitam\u012bnus un svar\u012bg\u0101s uzturvielas. Satur taur\u012bnu, kas atbalsta ka\u0137a redzi, nervu sist\u0113mu un visp\u0101r\u0113jo vesel\u012bbu. Gar\u0161\u012bga vistas un liellopu ga\u013cas kombin\u0101cija. Svars: 115 g Sast\u0101vs: 93% ga\u013ca un dz\u012bvnieku izcelsmes blakusprodukti (81% vista, 19% liellopu ga\u013ca), miner\u0101lvielas.\" \/>\n<meta property=\"og:url\" content=\"https:\/\/miumjau.ee\/lv\/produkts\/ontario-tray-pastete-kakiem-ar-vistu-un-liellopu-galu-115-g\/\" \/>\n<meta property=\"og:site_name\" content=\"MiuMjau\" \/>\n<meta property=\"article:publisher\" content=\"https:\/\/www.facebook.com\/miumjaupood\/\" \/>\n<meta property=\"og:image\" content=\"https:\/\/miumjau.ee\/wp-content\/uploads\/2025\/02\/ontario-tray-pasteet2.jpg\" \/>\n\t<meta property=\"og:image:width\" content=\"600\" \/>\n\t<meta property=\"og:image:height\" content=\"800\" \/>\n\t<meta property=\"og:image:type\" content=\"image\/jpeg\" \/>\n<meta name=\"twitter:card\" content=\"summary_large_image\" \/>\n<script type=\"application\/ld+json\" class=\"yoast-schema-graph\">{\"@context\":\"https:\\\/\\\/schema.org\",\"@graph\":[{\"@type\":\"WebPage\",\"@id\":\"https:\\\/\\\/miumjau.ee\\\/lv\\\/produkts\\\/ontario-tray-pastete-kakiem-ar-vistu-un-liellopu-galu-115-g\\\/\",\"url\":\"https:\\\/\\\/miumjau.ee\\\/lv\\\/produkts\\\/ontario-tray-pastete-kakiem-ar-vistu-un-liellopu-galu-115-g\\\/\",\"name\":\"Ontario Tray past\u0113te ka\u0137iem ar vistu un liellopu ga\u013cu 115 g - MiuMjau\",\"isPartOf\":{\"@id\":\"https:\\\/\\\/miumjau.ee\\\/#website\"},\"primaryImageOfPage\":{\"@id\":\"https:\\\/\\\/miumjau.ee\\\/lv\\\/produkts\\\/ontario-tray-pastete-kakiem-ar-vistu-un-liellopu-galu-115-g\\\/#primaryimage\"},\"image\":{\"@id\":\"https:\\\/\\\/miumjau.ee\\\/lv\\\/produkts\\\/ontario-tray-pastete-kakiem-ar-vistu-un-liellopu-galu-115-g\\\/#primaryimage\"},\"thumbnailUrl\":\"https:\\\/\\\/miumjau.ee\\\/wp-content\\\/uploads\\\/2025\\\/02\\\/ontario-tray-pasteet2.jpg\",\"datePublished\":\"2025-02-17T17:09:46+00:00\",\"breadcrumb\":{\"@id\":\"https:\\\/\\\/miumjau.ee\\\/lv\\\/produkts\\\/ontario-tray-pastete-kakiem-ar-vistu-un-liellopu-galu-115-g\\\/#breadcrumb\"},\"inLanguage\":\"lv-LV\",\"potentialAction\":[{\"@type\":\"ReadAction\",\"target\":[\"https:\\\/\\\/miumjau.ee\\\/lv\\\/produkts\\\/ontario-tray-pastete-kakiem-ar-vistu-un-liellopu-galu-115-g\\\/\"]}]},{\"@type\":\"ImageObject\",\"inLanguage\":\"lv-LV\",\"@id\":\"https:\\\/\\\/miumjau.ee\\\/lv\\\/produkts\\\/ontario-tray-pastete-kakiem-ar-vistu-un-liellopu-galu-115-g\\\/#primaryimage\",\"url\":\"https:\\\/\\\/miumjau.ee\\\/wp-content\\\/uploads\\\/2025\\\/02\\\/ontario-tray-pasteet2.jpg\",\"contentUrl\":\"https:\\\/\\\/miumjau.ee\\\/wp-content\\\/uploads\\\/2025\\\/02\\\/ontario-tray-pasteet2.jpg\",\"width\":600,\"height\":800},{\"@type\":\"BreadcrumbList\",\"@id\":\"https:\\\/\\\/miumjau.ee\\\/lv\\\/produkts\\\/ontario-tray-pastete-kakiem-ar-vistu-un-liellopu-galu-115-g\\\/#breadcrumb\",\"itemListElement\":[{\"@type\":\"ListItem\",\"position\":1,\"name\":\"Home\",\"item\":\"https:\\\/\\\/miumjau.ee\\\/lv\\\/\"},{\"@type\":\"ListItem\",\"position\":2,\"name\":\"Veikals\",\"item\":\"https:\\\/\\\/miumjau.ee\\\/lv\\\/veikals\\\/\"},{\"@type\":\"ListItem\",\"position\":3,\"name\":\"Ontario Tray past\u0113te ka\u0137iem ar vistu un liellopu ga\u013cu 115 g\"}]},{\"@type\":\"WebSite\",\"@id\":\"https:\\\/\\\/miumjau.ee\\\/#website\",\"url\":\"https:\\\/\\\/miumjau.ee\\\/\",\"name\":\"MiuMjau\",\"description\":\"Kraapimispuud kassidele\",\"publisher\":{\"@id\":\"https:\\\/\\\/miumjau.ee\\\/#organization\"},\"potentialAction\":[{\"@type\":\"SearchAction\",\"target\":{\"@type\":\"EntryPoint\",\"urlTemplate\":\"https:\\\/\\\/miumjau.ee\\\/?s={search_term_string}\"},\"query-input\":{\"@type\":\"PropertyValueSpecification\",\"valueRequired\":true,\"valueName\":\"search_term_string\"}}],\"inLanguage\":\"lv-LV\"},{\"@type\":\"Organization\",\"@id\":\"https:\\\/\\\/miumjau.ee\\\/#organization\",\"name\":\"MiuMjau O\u00dc\",\"url\":\"https:\\\/\\\/miumjau.ee\\\/\",\"logo\":{\"@type\":\"ImageObject\",\"inLanguage\":\"lv-LV\",\"@id\":\"https:\\\/\\\/miumjau.ee\\\/#\\\/schema\\\/logo\\\/image\\\/\",\"url\":\"https:\\\/\\\/miumjau.ee\\\/wp-content\\\/uploads\\\/2022\\\/04\\\/MiuMjau-logo-kollane.png\",\"contentUrl\":\"https:\\\/\\\/miumjau.ee\\\/wp-content\\\/uploads\\\/2022\\\/04\\\/MiuMjau-logo-kollane.png\",\"width\":219,\"height\":100,\"caption\":\"MiuMjau O\u00dc\"},\"image\":{\"@id\":\"https:\\\/\\\/miumjau.ee\\\/#\\\/schema\\\/logo\\\/image\\\/\"},\"sameAs\":[\"https:\\\/\\\/www.facebook.com\\\/miumjaupood\\\/\"]}]}<\/script>\n<!-- \/ Yoast SEO plugin. -->","yoast_head_json":{"title":"Ontario Tray past\u0113te ka\u0137iem ar vistu un liellopu ga\u013cu 115 g - MiuMjau","robots":{"index":"index","follow":"follow","max-snippet":"max-snippet:-1","max-image-preview":"max-image-preview:large","max-video-preview":"max-video-preview:-1"},"canonical":"https:\/\/miumjau.ee\/lv\/produkts\/ontario-tray-pastete-kakiem-ar-vistu-un-liellopu-galu-115-g\/","og_locale":"lv_LV","og_type":"article","og_title":"Ontario Tray past\u0113te ka\u0137iem ar vistu un liellopu ga\u013cu 115 g - MiuMjau","og_description":"Pilnv\u0113rt\u012bga konserv\u0113ta bar\u012bba ka\u0137iem \u2013 m\u012bksta past\u0113te. Viegli \u0113st un viegli sagremot. Pagatavota augst\u0101 temperat\u016br\u0101 un spiedien\u0101, lai saglab\u0101tu visus vitam\u012bnus un svar\u012bg\u0101s uzturvielas. Satur taur\u012bnu, kas atbalsta ka\u0137a redzi, nervu sist\u0113mu un visp\u0101r\u0113jo vesel\u012bbu. Gar\u0161\u012bga vistas un liellopu ga\u013cas kombin\u0101cija. Svars: 115 g Sast\u0101vs: 93% ga\u013ca un dz\u012bvnieku izcelsmes blakusprodukti (81% vista, 19% liellopu ga\u013ca), miner\u0101lvielas.","og_url":"https:\/\/miumjau.ee\/lv\/produkts\/ontario-tray-pastete-kakiem-ar-vistu-un-liellopu-galu-115-g\/","og_site_name":"MiuMjau","article_publisher":"https:\/\/www.facebook.com\/miumjaupood\/","og_image":[{"width":600,"height":800,"url":"https:\/\/miumjau.ee\/wp-content\/uploads\/2025\/02\/ontario-tray-pasteet2.jpg","type":"image\/jpeg"}],"twitter_card":"summary_large_image","schema":{"@context":"https:\/\/schema.org","@graph":[{"@type":"WebPage","@id":"https:\/\/miumjau.ee\/lv\/produkts\/ontario-tray-pastete-kakiem-ar-vistu-un-liellopu-galu-115-g\/","url":"https:\/\/miumjau.ee\/lv\/produkts\/ontario-tray-pastete-kakiem-ar-vistu-un-liellopu-galu-115-g\/","name":"Ontario Tray past\u0113te ka\u0137iem ar vistu un liellopu ga\u013cu 115 g - MiuMjau","isPartOf":{"@id":"https:\/\/miumjau.ee\/#website"},"primaryImageOfPage":{"@id":"https:\/\/miumjau.ee\/lv\/produkts\/ontario-tray-pastete-kakiem-ar-vistu-un-liellopu-galu-115-g\/#primaryimage"},"image":{"@id":"https:\/\/miumjau.ee\/lv\/produkts\/ontario-tray-pastete-kakiem-ar-vistu-un-liellopu-galu-115-g\/#primaryimage"},"thumbnailUrl":"https:\/\/miumjau.ee\/wp-content\/uploads\/2025\/02\/ontario-tray-pasteet2.jpg","datePublished":"2025-02-17T17:09:46+00:00","breadcrumb":{"@id":"https:\/\/miumjau.ee\/lv\/produkts\/ontario-tray-pastete-kakiem-ar-vistu-un-liellopu-galu-115-g\/#breadcrumb"},"inLanguage":"lv-LV","potentialAction":[{"@type":"ReadAction","target":["https:\/\/miumjau.ee\/lv\/produkts\/ontario-tray-pastete-kakiem-ar-vistu-un-liellopu-galu-115-g\/"]}]},{"@type":"ImageObject","inLanguage":"lv-LV","@id":"https:\/\/miumjau.ee\/lv\/produkts\/ontario-tray-pastete-kakiem-ar-vistu-un-liellopu-galu-115-g\/#primaryimage","url":"https:\/\/miumjau.ee\/wp-content\/uploads\/2025\/02\/ontario-tray-pasteet2.jpg","contentUrl":"https:\/\/miumjau.ee\/wp-content\/uploads\/2025\/02\/ontario-tray-pasteet2.jpg","width":600,"height":800},{"@type":"BreadcrumbList","@id":"https:\/\/miumjau.ee\/lv\/produkts\/ontario-tray-pastete-kakiem-ar-vistu-un-liellopu-galu-115-g\/#breadcrumb","itemListElement":[{"@type":"ListItem","position":1,"name":"Home","item":"https:\/\/miumjau.ee\/lv\/"},{"@type":"ListItem","position":2,"name":"Veikals","item":"https:\/\/miumjau.ee\/lv\/veikals\/"},{"@type":"ListItem","position":3,"name":"Ontario Tray past\u0113te ka\u0137iem ar vistu un liellopu ga\u013cu 115 g"}]},{"@type":"WebSite","@id":"https:\/\/miumjau.ee\/#website","url":"https:\/\/miumjau.ee\/","name":"MiuMjau","description":"Kraapimispuud kassidele","publisher":{"@id":"https:\/\/miumjau.ee\/#organization"},"potentialAction":[{"@type":"SearchAction","target":{"@type":"EntryPoint","urlTemplate":"https:\/\/miumjau.ee\/?s={search_term_string}"},"query-input":{"@type":"PropertyValueSpecification","valueRequired":true,"valueName":"search_term_string"}}],"inLanguage":"lv-LV"},{"@type":"Organization","@id":"https:\/\/miumjau.ee\/#organization","name":"MiuMjau O\u00dc","url":"https:\/\/miumjau.ee\/","logo":{"@type":"ImageObject","inLanguage":"lv-LV","@id":"https:\/\/miumjau.ee\/#\/schema\/logo\/image\/","url":"https:\/\/miumjau.ee\/wp-content\/uploads\/2022\/04\/MiuMjau-logo-kollane.png","contentUrl":"https:\/\/miumjau.ee\/wp-content\/uploads\/2022\/04\/MiuMjau-logo-kollane.png","width":219,"height":100,"caption":"MiuMjau O\u00dc"},"image":{"@id":"https:\/\/miumjau.ee\/#\/schema\/logo\/image\/"},"sameAs":["https:\/\/www.facebook.com\/miumjaupood\/"]}]}},"_links":{"self":[{"href":"https:\/\/miumjau.ee\/lv\/wp-json\/wp\/v2\/product\/55353","targetHints":{"allow":["GET"]}}],"collection":[{"href":"https:\/\/miumjau.ee\/lv\/wp-json\/wp\/v2\/product"}],"about":[{"href":"https:\/\/miumjau.ee\/lv\/wp-json\/wp\/v2\/types\/product"}],"wp:featuredmedia":[{"embeddable":true,"href":"https:\/\/miumjau.ee\/lv\/wp-json\/wp\/v2\/media\/55354"}],"wp:attachment":[{"href":"https:\/\/miumjau.ee\/lv\/wp-json\/wp\/v2\/media?parent=55353"}],"wp:term":[{"taxonomy":"product_brand","embeddable":true,"href":"https:\/\/miumjau.ee\/lv\/wp-json\/wp\/v2\/product_brand?post=55353"},{"taxonomy":"product_cat","embeddable":true,"href":"https:\/\/miumjau.ee\/lv\/wp-json\/wp\/v2\/product_cat?post=55353"},{"taxonomy":"product_tag","embeddable":true,"href":"https:\/\/miumjau.ee\/lv\/wp-json\/wp\/v2\/product_tag?post=55353"}],"curies":[{"name":"wp","href":"https:\/\/api.w.org\/{rel}","templated":true}]}}