{"id":55351,"date":"2025-02-17T21:19:13","date_gmt":"2025-02-17T19:19:13","guid":{"rendered":"https:\/\/miumjau.ee\/toode\/ontario-herb-mitra-bariba-kakiem-ar-vistu-garnelem-un-rozmarinu-80-g\/"},"modified":"2025-02-17T21:19:13","modified_gmt":"2025-02-17T19:19:13","slug":"ontario-herb-mitra-bariba-kakiem-ar-vistu-garnelem-un-rozmarinu-80-g","status":"publish","type":"product","link":"https:\/\/miumjau.ee\/lv\/produkts\/ontario-herb-mitra-bariba-kakiem-ar-vistu-garnelem-un-rozmarinu-80-g\/","title":{"rendered":"Ontario Herb mitr\u0101 bar\u012bba ka\u0137iem ar vistu, garnel\u0113m un rozmar\u012bnu 80 g"},"content":{"rendered":"","protected":false},"excerpt":{"rendered":"<p data-start=\"188\" data-end=\"351\">Ide\u0101la izv\u0113le ka\u0137iem, kuri m\u012bl gar\u0161\u012bgu un vesel\u012bgu bar\u012bbu \u2013 vista un garneles nodro\u0161ina izsmalcin\u0101tu gar\u0161u, vienlaikus atbalstot j\u016bsu m\u012blu\u013ca vesel\u012bbu un gremo\u0161anu!<\/p>\n<p data-start=\"353\" data-end=\"525\">Papildbar\u012bba pieaugu\u0161iem ka\u0137iem. Gar\u0161\u012bgi vistas gabali\u0146i ar garnel\u0113m un zir\u0146iem izsmalcin\u0101t\u0101 m\u0113rc\u0113, kas veicina \u0161\u0137idruma uz\u0146em\u0161anu un pie\u0161\u0137ir \u0113dienkartei pat\u012bkamu da\u017e\u0101d\u012bbu.<\/p>\n<p data-start=\"527\" data-end=\"969\">\u2714 45% vistas \u2013 lielisks olbaltumvielu avots stipriem musku\u013ciem un labai vesel\u012bbai.<br data-start=\"609\" data-end=\"612\" \/>\u2714 8% garneles \u2013 gar\u0161\u012bgs un uzturviel\u0101m bag\u0101ts j\u016bras vel\u0161u papildin\u0101jums, bag\u0101ts ar omega-3 tauksk\u0101b\u0113m.<br data-start=\"714\" data-end=\"717\" \/>\u2714 Rozmar\u012bns \u2013 atbalsta gremo\u0161anu un darbojas k\u0101 dab\u012bgs antioksidants.<br data-start=\"786\" data-end=\"789\" \/>\u2714 Dab\u012bgs un kvalitat\u012bvs sast\u0101vs \u2013 nesatur m\u0101ksl\u012bg\u0101s kr\u0101svielas, konservantus un piedevas.<br data-start=\"878\" data-end=\"881\" \/>\u2714 Daudzpus\u012bga lieto\u0161ana \u2013 ide\u0101li piem\u0113rots k\u0101 uzkoda vai pievieno\u0161anai sausajai bar\u012bbai.<\/p>\n<p data-start=\"971\" data-end=\"1041\"><strong data-start=\"971\" data-end=\"983\">Sast\u0101vs:<\/strong> 45% vista, 8% garneles, 3% zir\u0146i, 1% r\u012bsi, rozmar\u012bns u.c.<\/p>\n<p data-start=\"1043\" data-end=\"1144\"><strong data-start=\"1043\" data-end=\"1068\">Anal\u012btiskais sast\u0101vs:<\/strong> Olbaltumvielas 10%, tauki 0,2%, \u0161\u0137iedrvielas 0,3%, pelni 1,5%, mitrums 88%.<\/p>\n<p data-start=\"1146\" data-end=\"1288\"><strong data-start=\"1146\" data-end=\"1162\">Uzglab\u0101\u0161ana:<\/strong> Glab\u0101t saus\u0101 un v\u0113s\u0101 viet\u0101. P\u0113c atv\u0113r\u0161anas uzglab\u0101t ledusskap\u012b un izlietot 3 dienu laik\u0101. Nodro\u0161in\u0101t piek\u013cuvi svaigam \u016bdenim.<\/p>\n","protected":false},"featured_media":52481,"template":"","meta":[],"product_brand":[],"product_cat":[571],"product_tag":[],"class_list":{"0":"post-55351","1":"product","2":"type-product","3":"status-publish","4":"has-post-thumbnail","6":"product_cat-mitra-bariba","8":"first","9":"outofstock","10":"sale","11":"taxable","12":"shipping-taxable","13":"purchasable","14":"product-type-simple"},"yoast_head":"<!-- This site is optimized with the Yoast SEO plugin v27.4 - https:\/\/yoast.com\/product\/yoast-seo-wordpress\/ -->\n<title>Ontario Herb mitr\u0101 bar\u012bba ka\u0137iem ar vistu, garnel\u0113m un rozmar\u012bnu 80 g - MiuMjau<\/title>\n<meta name=\"robots\" content=\"index, follow, max-snippet:-1, max-image-preview:large, max-video-preview:-1\" \/>\n<link rel=\"canonical\" href=\"https:\/\/miumjau.ee\/lv\/produkts\/ontario-herb-mitra-bariba-kakiem-ar-vistu-garnelem-un-rozmarinu-80-g\/\" \/>\n<meta property=\"og:locale\" content=\"lv_LV\" \/>\n<meta property=\"og:type\" content=\"article\" \/>\n<meta property=\"og:title\" content=\"Ontario Herb mitr\u0101 bar\u012bba ka\u0137iem ar vistu, garnel\u0113m un rozmar\u012bnu 80 g - MiuMjau\" \/>\n<meta property=\"og:description\" content=\"Ide\u0101la izv\u0113le ka\u0137iem, kuri m\u012bl gar\u0161\u012bgu un vesel\u012bgu bar\u012bbu \u2013 vista un garneles nodro\u0161ina izsmalcin\u0101tu gar\u0161u, vienlaikus atbalstot j\u016bsu m\u012blu\u013ca vesel\u012bbu un gremo\u0161anu! Papildbar\u012bba pieaugu\u0161iem ka\u0137iem. Gar\u0161\u012bgi vistas gabali\u0146i ar garnel\u0113m un zir\u0146iem izsmalcin\u0101t\u0101 m\u0113rc\u0113, kas veicina \u0161\u0137idruma uz\u0146em\u0161anu un pie\u0161\u0137ir \u0113dienkartei pat\u012bkamu da\u017e\u0101d\u012bbu. \u2714 45% vistas \u2013 lielisks olbaltumvielu avots stipriem musku\u013ciem un labai vesel\u012bbai.\u2714 8% garneles \u2013 gar\u0161\u012bgs un uzturviel\u0101m bag\u0101ts j\u016bras vel\u0161u papildin\u0101jums, bag\u0101ts ar omega-3 tauksk\u0101b\u0113m.\u2714 Rozmar\u012bns \u2013 atbalsta gremo\u0161anu un darbojas k\u0101 dab\u012bgs antioksidants.\u2714 Dab\u012bgs un kvalitat\u012bvs sast\u0101vs \u2013 nesatur m\u0101ksl\u012bg\u0101s kr\u0101svielas, konservantus un piedevas.\u2714 Daudzpus\u012bga lieto\u0161ana \u2013 ide\u0101li piem\u0113rots k\u0101 uzkoda vai pievieno\u0161anai sausajai bar\u012bbai. Sast\u0101vs: 45% vista, 8% garneles, 3% zir\u0146i, 1% r\u012bsi, rozmar\u012bns u.c. Anal\u012btiskais sast\u0101vs: Olbaltumvielas 10%, tauki 0,2%, \u0161\u0137iedrvielas 0,3%, pelni 1,5%, mitrums 88%. Uzglab\u0101\u0161ana: Glab\u0101t saus\u0101 un v\u0113s\u0101 viet\u0101. P\u0113c atv\u0113r\u0161anas uzglab\u0101t ledusskap\u012b un izlietot 3 dienu laik\u0101. Nodro\u0161in\u0101t piek\u013cuvi svaigam \u016bdenim.\" \/>\n<meta property=\"og:url\" content=\"https:\/\/miumjau.ee\/lv\/produkts\/ontario-herb-mitra-bariba-kakiem-ar-vistu-garnelem-un-rozmarinu-80-g\/\" \/>\n<meta property=\"og:site_name\" content=\"MiuMjau\" \/>\n<meta property=\"article:publisher\" content=\"https:\/\/www.facebook.com\/miumjaupood\/\" \/>\n<meta property=\"og:image\" content=\"https:\/\/miumjau.ee\/wp-content\/uploads\/2025\/02\/ontario-herb-margtoit-kassile3.jpg\" \/>\n\t<meta property=\"og:image:width\" content=\"600\" \/>\n\t<meta property=\"og:image:height\" content=\"800\" \/>\n\t<meta property=\"og:image:type\" content=\"image\/jpeg\" \/>\n<meta name=\"twitter:card\" content=\"summary_large_image\" \/>\n<script type=\"application\/ld+json\" class=\"yoast-schema-graph\">{\"@context\":\"https:\\\/\\\/schema.org\",\"@graph\":[{\"@type\":\"WebPage\",\"@id\":\"https:\\\/\\\/miumjau.ee\\\/lv\\\/produkts\\\/ontario-herb-mitra-bariba-kakiem-ar-vistu-garnelem-un-rozmarinu-80-g\\\/\",\"url\":\"https:\\\/\\\/miumjau.ee\\\/lv\\\/produkts\\\/ontario-herb-mitra-bariba-kakiem-ar-vistu-garnelem-un-rozmarinu-80-g\\\/\",\"name\":\"Ontario Herb mitr\u0101 bar\u012bba ka\u0137iem ar vistu, garnel\u0113m un rozmar\u012bnu 80 g - MiuMjau\",\"isPartOf\":{\"@id\":\"https:\\\/\\\/miumjau.ee\\\/#website\"},\"primaryImageOfPage\":{\"@id\":\"https:\\\/\\\/miumjau.ee\\\/lv\\\/produkts\\\/ontario-herb-mitra-bariba-kakiem-ar-vistu-garnelem-un-rozmarinu-80-g\\\/#primaryimage\"},\"image\":{\"@id\":\"https:\\\/\\\/miumjau.ee\\\/lv\\\/produkts\\\/ontario-herb-mitra-bariba-kakiem-ar-vistu-garnelem-un-rozmarinu-80-g\\\/#primaryimage\"},\"thumbnailUrl\":\"https:\\\/\\\/miumjau.ee\\\/wp-content\\\/uploads\\\/2025\\\/02\\\/ontario-herb-margtoit-kassile3.jpg\",\"datePublished\":\"2025-02-17T19:19:13+00:00\",\"breadcrumb\":{\"@id\":\"https:\\\/\\\/miumjau.ee\\\/lv\\\/produkts\\\/ontario-herb-mitra-bariba-kakiem-ar-vistu-garnelem-un-rozmarinu-80-g\\\/#breadcrumb\"},\"inLanguage\":\"lv-LV\",\"potentialAction\":[{\"@type\":\"ReadAction\",\"target\":[\"https:\\\/\\\/miumjau.ee\\\/lv\\\/produkts\\\/ontario-herb-mitra-bariba-kakiem-ar-vistu-garnelem-un-rozmarinu-80-g\\\/\"]}]},{\"@type\":\"ImageObject\",\"inLanguage\":\"lv-LV\",\"@id\":\"https:\\\/\\\/miumjau.ee\\\/lv\\\/produkts\\\/ontario-herb-mitra-bariba-kakiem-ar-vistu-garnelem-un-rozmarinu-80-g\\\/#primaryimage\",\"url\":\"https:\\\/\\\/miumjau.ee\\\/wp-content\\\/uploads\\\/2025\\\/02\\\/ontario-herb-margtoit-kassile3.jpg\",\"contentUrl\":\"https:\\\/\\\/miumjau.ee\\\/wp-content\\\/uploads\\\/2025\\\/02\\\/ontario-herb-margtoit-kassile3.jpg\",\"width\":600,\"height\":800,\"caption\":\"Ontario Herb m\u00e4rgtoit kassile kana, krevettide ja rosmariiniga 80g\"},{\"@type\":\"BreadcrumbList\",\"@id\":\"https:\\\/\\\/miumjau.ee\\\/lv\\\/produkts\\\/ontario-herb-mitra-bariba-kakiem-ar-vistu-garnelem-un-rozmarinu-80-g\\\/#breadcrumb\",\"itemListElement\":[{\"@type\":\"ListItem\",\"position\":1,\"name\":\"Home\",\"item\":\"https:\\\/\\\/miumjau.ee\\\/lv\\\/\"},{\"@type\":\"ListItem\",\"position\":2,\"name\":\"Veikals\",\"item\":\"https:\\\/\\\/miumjau.ee\\\/lv\\\/veikals\\\/\"},{\"@type\":\"ListItem\",\"position\":3,\"name\":\"Ontario Herb mitr\u0101 bar\u012bba ka\u0137iem ar vistu, garnel\u0113m un rozmar\u012bnu 80 g\"}]},{\"@type\":\"WebSite\",\"@id\":\"https:\\\/\\\/miumjau.ee\\\/#website\",\"url\":\"https:\\\/\\\/miumjau.ee\\\/\",\"name\":\"MiuMjau\",\"description\":\"Kraapimispuud kassidele\",\"publisher\":{\"@id\":\"https:\\\/\\\/miumjau.ee\\\/#organization\"},\"potentialAction\":[{\"@type\":\"SearchAction\",\"target\":{\"@type\":\"EntryPoint\",\"urlTemplate\":\"https:\\\/\\\/miumjau.ee\\\/?s={search_term_string}\"},\"query-input\":{\"@type\":\"PropertyValueSpecification\",\"valueRequired\":true,\"valueName\":\"search_term_string\"}}],\"inLanguage\":\"lv-LV\"},{\"@type\":\"Organization\",\"@id\":\"https:\\\/\\\/miumjau.ee\\\/#organization\",\"name\":\"MiuMjau O\u00dc\",\"url\":\"https:\\\/\\\/miumjau.ee\\\/\",\"logo\":{\"@type\":\"ImageObject\",\"inLanguage\":\"lv-LV\",\"@id\":\"https:\\\/\\\/miumjau.ee\\\/#\\\/schema\\\/logo\\\/image\\\/\",\"url\":\"https:\\\/\\\/miumjau.ee\\\/wp-content\\\/uploads\\\/2022\\\/04\\\/MiuMjau-logo-kollane.png\",\"contentUrl\":\"https:\\\/\\\/miumjau.ee\\\/wp-content\\\/uploads\\\/2022\\\/04\\\/MiuMjau-logo-kollane.png\",\"width\":219,\"height\":100,\"caption\":\"MiuMjau O\u00dc\"},\"image\":{\"@id\":\"https:\\\/\\\/miumjau.ee\\\/#\\\/schema\\\/logo\\\/image\\\/\"},\"sameAs\":[\"https:\\\/\\\/www.facebook.com\\\/miumjaupood\\\/\"]}]}<\/script>\n<!-- \/ Yoast SEO plugin. -->","yoast_head_json":{"title":"Ontario Herb mitr\u0101 bar\u012bba ka\u0137iem ar vistu, garnel\u0113m un rozmar\u012bnu 80 g - MiuMjau","robots":{"index":"index","follow":"follow","max-snippet":"max-snippet:-1","max-image-preview":"max-image-preview:large","max-video-preview":"max-video-preview:-1"},"canonical":"https:\/\/miumjau.ee\/lv\/produkts\/ontario-herb-mitra-bariba-kakiem-ar-vistu-garnelem-un-rozmarinu-80-g\/","og_locale":"lv_LV","og_type":"article","og_title":"Ontario Herb mitr\u0101 bar\u012bba ka\u0137iem ar vistu, garnel\u0113m un rozmar\u012bnu 80 g - MiuMjau","og_description":"Ide\u0101la izv\u0113le ka\u0137iem, kuri m\u012bl gar\u0161\u012bgu un vesel\u012bgu bar\u012bbu \u2013 vista un garneles nodro\u0161ina izsmalcin\u0101tu gar\u0161u, vienlaikus atbalstot j\u016bsu m\u012blu\u013ca vesel\u012bbu un gremo\u0161anu! Papildbar\u012bba pieaugu\u0161iem ka\u0137iem. Gar\u0161\u012bgi vistas gabali\u0146i ar garnel\u0113m un zir\u0146iem izsmalcin\u0101t\u0101 m\u0113rc\u0113, kas veicina \u0161\u0137idruma uz\u0146em\u0161anu un pie\u0161\u0137ir \u0113dienkartei pat\u012bkamu da\u017e\u0101d\u012bbu. \u2714 45% vistas \u2013 lielisks olbaltumvielu avots stipriem musku\u013ciem un labai vesel\u012bbai.\u2714 8% garneles \u2013 gar\u0161\u012bgs un uzturviel\u0101m bag\u0101ts j\u016bras vel\u0161u papildin\u0101jums, bag\u0101ts ar omega-3 tauksk\u0101b\u0113m.\u2714 Rozmar\u012bns \u2013 atbalsta gremo\u0161anu un darbojas k\u0101 dab\u012bgs antioksidants.\u2714 Dab\u012bgs un kvalitat\u012bvs sast\u0101vs \u2013 nesatur m\u0101ksl\u012bg\u0101s kr\u0101svielas, konservantus un piedevas.\u2714 Daudzpus\u012bga lieto\u0161ana \u2013 ide\u0101li piem\u0113rots k\u0101 uzkoda vai pievieno\u0161anai sausajai bar\u012bbai. Sast\u0101vs: 45% vista, 8% garneles, 3% zir\u0146i, 1% r\u012bsi, rozmar\u012bns u.c. Anal\u012btiskais sast\u0101vs: Olbaltumvielas 10%, tauki 0,2%, \u0161\u0137iedrvielas 0,3%, pelni 1,5%, mitrums 88%. Uzglab\u0101\u0161ana: Glab\u0101t saus\u0101 un v\u0113s\u0101 viet\u0101. P\u0113c atv\u0113r\u0161anas uzglab\u0101t ledusskap\u012b un izlietot 3 dienu laik\u0101. Nodro\u0161in\u0101t piek\u013cuvi svaigam \u016bdenim.","og_url":"https:\/\/miumjau.ee\/lv\/produkts\/ontario-herb-mitra-bariba-kakiem-ar-vistu-garnelem-un-rozmarinu-80-g\/","og_site_name":"MiuMjau","article_publisher":"https:\/\/www.facebook.com\/miumjaupood\/","og_image":[{"width":600,"height":800,"url":"https:\/\/miumjau.ee\/wp-content\/uploads\/2025\/02\/ontario-herb-margtoit-kassile3.jpg","type":"image\/jpeg"}],"twitter_card":"summary_large_image","schema":{"@context":"https:\/\/schema.org","@graph":[{"@type":"WebPage","@id":"https:\/\/miumjau.ee\/lv\/produkts\/ontario-herb-mitra-bariba-kakiem-ar-vistu-garnelem-un-rozmarinu-80-g\/","url":"https:\/\/miumjau.ee\/lv\/produkts\/ontario-herb-mitra-bariba-kakiem-ar-vistu-garnelem-un-rozmarinu-80-g\/","name":"Ontario Herb mitr\u0101 bar\u012bba ka\u0137iem ar vistu, garnel\u0113m un rozmar\u012bnu 80 g - MiuMjau","isPartOf":{"@id":"https:\/\/miumjau.ee\/#website"},"primaryImageOfPage":{"@id":"https:\/\/miumjau.ee\/lv\/produkts\/ontario-herb-mitra-bariba-kakiem-ar-vistu-garnelem-un-rozmarinu-80-g\/#primaryimage"},"image":{"@id":"https:\/\/miumjau.ee\/lv\/produkts\/ontario-herb-mitra-bariba-kakiem-ar-vistu-garnelem-un-rozmarinu-80-g\/#primaryimage"},"thumbnailUrl":"https:\/\/miumjau.ee\/wp-content\/uploads\/2025\/02\/ontario-herb-margtoit-kassile3.jpg","datePublished":"2025-02-17T19:19:13+00:00","breadcrumb":{"@id":"https:\/\/miumjau.ee\/lv\/produkts\/ontario-herb-mitra-bariba-kakiem-ar-vistu-garnelem-un-rozmarinu-80-g\/#breadcrumb"},"inLanguage":"lv-LV","potentialAction":[{"@type":"ReadAction","target":["https:\/\/miumjau.ee\/lv\/produkts\/ontario-herb-mitra-bariba-kakiem-ar-vistu-garnelem-un-rozmarinu-80-g\/"]}]},{"@type":"ImageObject","inLanguage":"lv-LV","@id":"https:\/\/miumjau.ee\/lv\/produkts\/ontario-herb-mitra-bariba-kakiem-ar-vistu-garnelem-un-rozmarinu-80-g\/#primaryimage","url":"https:\/\/miumjau.ee\/wp-content\/uploads\/2025\/02\/ontario-herb-margtoit-kassile3.jpg","contentUrl":"https:\/\/miumjau.ee\/wp-content\/uploads\/2025\/02\/ontario-herb-margtoit-kassile3.jpg","width":600,"height":800,"caption":"Ontario Herb m\u00e4rgtoit kassile kana, krevettide ja rosmariiniga 80g"},{"@type":"BreadcrumbList","@id":"https:\/\/miumjau.ee\/lv\/produkts\/ontario-herb-mitra-bariba-kakiem-ar-vistu-garnelem-un-rozmarinu-80-g\/#breadcrumb","itemListElement":[{"@type":"ListItem","position":1,"name":"Home","item":"https:\/\/miumjau.ee\/lv\/"},{"@type":"ListItem","position":2,"name":"Veikals","item":"https:\/\/miumjau.ee\/lv\/veikals\/"},{"@type":"ListItem","position":3,"name":"Ontario Herb mitr\u0101 bar\u012bba ka\u0137iem ar vistu, garnel\u0113m un rozmar\u012bnu 80 g"}]},{"@type":"WebSite","@id":"https:\/\/miumjau.ee\/#website","url":"https:\/\/miumjau.ee\/","name":"MiuMjau","description":"Kraapimispuud kassidele","publisher":{"@id":"https:\/\/miumjau.ee\/#organization"},"potentialAction":[{"@type":"SearchAction","target":{"@type":"EntryPoint","urlTemplate":"https:\/\/miumjau.ee\/?s={search_term_string}"},"query-input":{"@type":"PropertyValueSpecification","valueRequired":true,"valueName":"search_term_string"}}],"inLanguage":"lv-LV"},{"@type":"Organization","@id":"https:\/\/miumjau.ee\/#organization","name":"MiuMjau O\u00dc","url":"https:\/\/miumjau.ee\/","logo":{"@type":"ImageObject","inLanguage":"lv-LV","@id":"https:\/\/miumjau.ee\/#\/schema\/logo\/image\/","url":"https:\/\/miumjau.ee\/wp-content\/uploads\/2022\/04\/MiuMjau-logo-kollane.png","contentUrl":"https:\/\/miumjau.ee\/wp-content\/uploads\/2022\/04\/MiuMjau-logo-kollane.png","width":219,"height":100,"caption":"MiuMjau O\u00dc"},"image":{"@id":"https:\/\/miumjau.ee\/#\/schema\/logo\/image\/"},"sameAs":["https:\/\/www.facebook.com\/miumjaupood\/"]}]}},"_links":{"self":[{"href":"https:\/\/miumjau.ee\/lv\/wp-json\/wp\/v2\/product\/55351","targetHints":{"allow":["GET"]}}],"collection":[{"href":"https:\/\/miumjau.ee\/lv\/wp-json\/wp\/v2\/product"}],"about":[{"href":"https:\/\/miumjau.ee\/lv\/wp-json\/wp\/v2\/types\/product"}],"wp:featuredmedia":[{"embeddable":true,"href":"https:\/\/miumjau.ee\/lv\/wp-json\/wp\/v2\/media\/52481"}],"wp:attachment":[{"href":"https:\/\/miumjau.ee\/lv\/wp-json\/wp\/v2\/media?parent=55351"}],"wp:term":[{"taxonomy":"product_brand","embeddable":true,"href":"https:\/\/miumjau.ee\/lv\/wp-json\/wp\/v2\/product_brand?post=55351"},{"taxonomy":"product_cat","embeddable":true,"href":"https:\/\/miumjau.ee\/lv\/wp-json\/wp\/v2\/product_cat?post=55351"},{"taxonomy":"product_tag","embeddable":true,"href":"https:\/\/miumjau.ee\/lv\/wp-json\/wp\/v2\/product_tag?post=55351"}],"curies":[{"name":"wp","href":"https:\/\/api.w.org\/{rel}","templated":true}]}}