{"id":55343,"date":"2025-03-17T23:00:56","date_gmt":"2025-03-17T21:00:56","guid":{"rendered":"https:\/\/miumjau.ee\/toode\/ambrosia-sausa-bariba-kakiem-pile-un-titars-5-kg\/"},"modified":"2025-03-17T23:00:56","modified_gmt":"2025-03-17T21:00:56","slug":"ambrosia-sausa-bariba-kakiem-pile-un-titars-5-kg","status":"publish","type":"product","link":"https:\/\/miumjau.ee\/lv\/produkts\/ambrosia-sausa-bariba-kakiem-pile-un-titars-5-kg\/","title":{"rendered":"Ambrosia saus\u0101 bar\u012bba ka\u0137iem, p\u012ble un t\u012btars, 5 kg"},"content":{"rendered":"","protected":false},"excerpt":{"rendered":"<p data-start=\"3385\" data-end=\"3829\">M\u016bsu Ambrosia Fresh Duck &amp; Turkey recepte apvieno prote\u012bniem bag\u0101tas svaigas p\u012bles filejas un uzturviel\u0101m bag\u0101tu kalt\u0113tu t\u012btara ga\u013cu, ko papildina r\u016bp\u012bgi atlas\u012bti aug\u013ci un d\u0101rze\u0146i. \u0160\u012b recepte ir \u012bpa\u0161i izstr\u0101d\u0101ta jut\u012bgiem iek\u0161telpu ka\u0137iem un ir ide\u0101li piem\u0113rota ar\u012b steriliz\u0113tiem un liek\u0101 svara ka\u0137iem. Zemais tauku saturs pal\u012bdz nov\u0113rst svara pieaugumu, savuk\u0101rt DL-metion\u012bns un zemais magnija l\u012bmenis samazina struv\u012bta akme\u0146u veido\u0161an\u0101s risku.<\/p>\n<p data-start=\"3831\" data-end=\"4125\">Lai atbalst\u012btu visp\u0101r\u0113jo vesel\u012bbu, Fresh Duck &amp; Turkey recepte satur prebiotikas un probiotikas gremo\u0161anas uzlabo\u0161anai un im\u016bnsist\u0113mas stiprin\u0101\u0161anai, hondroit\u012bnu un glikozam\u012bnu loc\u012btavu aizsardz\u012bbai, k\u0101 ar\u012b taur\u012bnu smadze\u0146u att\u012bst\u012bbas, sirds un asinsvadu sist\u0113mas un musku\u013cu darb\u012bbas atbalstam.<\/p>\n<p data-start=\"4127\" data-end=\"4642\"><strong data-start=\"4127\" data-end=\"4139\">Sast\u0101vs:<\/strong> Svaiga p\u012ble (32%), kalt\u0113ts t\u012btars (28%), kalt\u0113tas kartupe\u013cu p\u0101rslas, veseli zir\u0146i, \u0161\u0137eltie zir\u0146i, kalt\u0113ts bie\u0161u m\u012bkstums, lignoceluloze, hidroliz\u0113ts raugs, la\u0161a e\u013c\u013ca (1%), miner\u0101lvielas, kalt\u0113ts cigori\u0146\u0161 (dabisks FOS un inul\u012bna avots), kalt\u0113ti \u0101boli, kalt\u0113ti burk\u0101ni, kalt\u0113ts alus raugs, kalt\u0113ts brokolis, kalt\u0113tas dz\u0113rvenes, kalt\u0113tas mellenes, glikozam\u012bna hidrohlor\u012bds (100 mg\/kg), hondroit\u012bna sulf\u0101ts (100 mg\/kg), kalt\u0113ti augi (Yucca schidigera, Rosmarinus sp., Curcuma sp., Citrus sp., Eugenia sp.).<\/p>\n<p data-start=\"4644\" data-end=\"4842\"><strong data-start=\"4644\" data-end=\"4661\">Uzturv\u0113rt\u012bba:<\/strong> Kopprote\u012bns 38%, koptauki 13%, omega-3 tauksk\u0101bes 0,4%, omega-6 tauksk\u0101bes 1,8%, pelni 8%, \u0161\u0137iedrvielas 5,0%, mitrums 6,0%, kalcijs (Ca) 1,8%, fosfors (P) 1,2%, magnijs (Mg) 0,09%.<\/p>\n<p data-start=\"4844\" data-end=\"4864\"><strong data-start=\"4844\" data-end=\"4864\">Pieejams uzreiz!<\/strong><\/p>\n","protected":false},"featured_media":55344,"template":"","meta":[],"product_brand":[],"product_cat":[569],"product_tag":[],"class_list":{"0":"post-55343","1":"product","2":"type-product","3":"status-publish","4":"has-post-thumbnail","6":"product_cat-sausa-bariba","8":"first","9":"instock","10":"sale","11":"taxable","12":"shipping-taxable","13":"purchasable","14":"product-type-simple"},"yoast_head":"<!-- This site is optimized with the Yoast SEO plugin v27.4 - https:\/\/yoast.com\/product\/yoast-seo-wordpress\/ -->\n<title>Ambrosia saus\u0101 bar\u012bba ka\u0137iem, p\u012ble un t\u012btars, 5 kg - MiuMjau<\/title>\n<meta name=\"robots\" content=\"index, follow, max-snippet:-1, max-image-preview:large, max-video-preview:-1\" \/>\n<link rel=\"canonical\" href=\"https:\/\/miumjau.ee\/lv\/produkts\/ambrosia-sausa-bariba-kakiem-pile-un-titars-5-kg\/\" \/>\n<meta property=\"og:locale\" content=\"lv_LV\" \/>\n<meta property=\"og:type\" content=\"article\" \/>\n<meta property=\"og:title\" content=\"Ambrosia saus\u0101 bar\u012bba ka\u0137iem, p\u012ble un t\u012btars, 5 kg - MiuMjau\" \/>\n<meta property=\"og:description\" content=\"M\u016bsu Ambrosia Fresh Duck &amp; Turkey recepte apvieno prote\u012bniem bag\u0101tas svaigas p\u012bles filejas un uzturviel\u0101m bag\u0101tu kalt\u0113tu t\u012btara ga\u013cu, ko papildina r\u016bp\u012bgi atlas\u012bti aug\u013ci un d\u0101rze\u0146i. \u0160\u012b recepte ir \u012bpa\u0161i izstr\u0101d\u0101ta jut\u012bgiem iek\u0161telpu ka\u0137iem un ir ide\u0101li piem\u0113rota ar\u012b steriliz\u0113tiem un liek\u0101 svara ka\u0137iem. Zemais tauku saturs pal\u012bdz nov\u0113rst svara pieaugumu, savuk\u0101rt DL-metion\u012bns un zemais magnija l\u012bmenis samazina struv\u012bta akme\u0146u veido\u0161an\u0101s risku. Lai atbalst\u012btu visp\u0101r\u0113jo vesel\u012bbu, Fresh Duck &amp; Turkey recepte satur prebiotikas un probiotikas gremo\u0161anas uzlabo\u0161anai un im\u016bnsist\u0113mas stiprin\u0101\u0161anai, hondroit\u012bnu un glikozam\u012bnu loc\u012btavu aizsardz\u012bbai, k\u0101 ar\u012b taur\u012bnu smadze\u0146u att\u012bst\u012bbas, sirds un asinsvadu sist\u0113mas un musku\u013cu darb\u012bbas atbalstam. Sast\u0101vs: Svaiga p\u012ble (32%), kalt\u0113ts t\u012btars (28%), kalt\u0113tas kartupe\u013cu p\u0101rslas, veseli zir\u0146i, \u0161\u0137eltie zir\u0146i, kalt\u0113ts bie\u0161u m\u012bkstums, lignoceluloze, hidroliz\u0113ts raugs, la\u0161a e\u013c\u013ca (1%), miner\u0101lvielas, kalt\u0113ts cigori\u0146\u0161 (dabisks FOS un inul\u012bna avots), kalt\u0113ti \u0101boli, kalt\u0113ti burk\u0101ni, kalt\u0113ts alus raugs, kalt\u0113ts brokolis, kalt\u0113tas dz\u0113rvenes, kalt\u0113tas mellenes, glikozam\u012bna hidrohlor\u012bds (100 mg\/kg), hondroit\u012bna sulf\u0101ts (100 mg\/kg), kalt\u0113ti augi (Yucca schidigera, Rosmarinus sp., Curcuma sp., Citrus sp., Eugenia sp.). Uzturv\u0113rt\u012bba: Kopprote\u012bns 38%, koptauki 13%, omega-3 tauksk\u0101bes 0,4%, omega-6 tauksk\u0101bes 1,8%, pelni 8%, \u0161\u0137iedrvielas 5,0%, mitrums 6,0%, kalcijs (Ca) 1,8%, fosfors (P) 1,2%, magnijs (Mg) 0,09%. Pieejams uzreiz!\" \/>\n<meta property=\"og:url\" content=\"https:\/\/miumjau.ee\/lv\/produkts\/ambrosia-sausa-bariba-kakiem-pile-un-titars-5-kg\/\" \/>\n<meta property=\"og:site_name\" content=\"MiuMjau\" \/>\n<meta property=\"article:publisher\" content=\"https:\/\/www.facebook.com\/miumjaupood\/\" \/>\n<meta property=\"og:image\" content=\"https:\/\/miumjau.ee\/wp-content\/uploads\/2025\/03\/kassi-kuivtoit-ambrosia-duck-turkey-5kg-1.jpg\" \/>\n\t<meta property=\"og:image:width\" content=\"600\" \/>\n\t<meta property=\"og:image:height\" content=\"800\" \/>\n\t<meta property=\"og:image:type\" content=\"image\/jpeg\" \/>\n<meta name=\"twitter:card\" content=\"summary_large_image\" \/>\n<script type=\"application\/ld+json\" class=\"yoast-schema-graph\">{\"@context\":\"https:\\\/\\\/schema.org\",\"@graph\":[{\"@type\":\"WebPage\",\"@id\":\"https:\\\/\\\/miumjau.ee\\\/lv\\\/produkts\\\/ambrosia-sausa-bariba-kakiem-pile-un-titars-5-kg\\\/\",\"url\":\"https:\\\/\\\/miumjau.ee\\\/lv\\\/produkts\\\/ambrosia-sausa-bariba-kakiem-pile-un-titars-5-kg\\\/\",\"name\":\"Ambrosia saus\u0101 bar\u012bba ka\u0137iem, p\u012ble un t\u012btars, 5 kg - MiuMjau\",\"isPartOf\":{\"@id\":\"https:\\\/\\\/miumjau.ee\\\/#website\"},\"primaryImageOfPage\":{\"@id\":\"https:\\\/\\\/miumjau.ee\\\/lv\\\/produkts\\\/ambrosia-sausa-bariba-kakiem-pile-un-titars-5-kg\\\/#primaryimage\"},\"image\":{\"@id\":\"https:\\\/\\\/miumjau.ee\\\/lv\\\/produkts\\\/ambrosia-sausa-bariba-kakiem-pile-un-titars-5-kg\\\/#primaryimage\"},\"thumbnailUrl\":\"https:\\\/\\\/miumjau.ee\\\/wp-content\\\/uploads\\\/2025\\\/03\\\/kassi-kuivtoit-ambrosia-duck-turkey-5kg-1.jpg\",\"datePublished\":\"2025-03-17T21:00:56+00:00\",\"breadcrumb\":{\"@id\":\"https:\\\/\\\/miumjau.ee\\\/lv\\\/produkts\\\/ambrosia-sausa-bariba-kakiem-pile-un-titars-5-kg\\\/#breadcrumb\"},\"inLanguage\":\"lv-LV\",\"potentialAction\":[{\"@type\":\"ReadAction\",\"target\":[\"https:\\\/\\\/miumjau.ee\\\/lv\\\/produkts\\\/ambrosia-sausa-bariba-kakiem-pile-un-titars-5-kg\\\/\"]}]},{\"@type\":\"ImageObject\",\"inLanguage\":\"lv-LV\",\"@id\":\"https:\\\/\\\/miumjau.ee\\\/lv\\\/produkts\\\/ambrosia-sausa-bariba-kakiem-pile-un-titars-5-kg\\\/#primaryimage\",\"url\":\"https:\\\/\\\/miumjau.ee\\\/wp-content\\\/uploads\\\/2025\\\/03\\\/kassi-kuivtoit-ambrosia-duck-turkey-5kg-1.jpg\",\"contentUrl\":\"https:\\\/\\\/miumjau.ee\\\/wp-content\\\/uploads\\\/2025\\\/03\\\/kassi-kuivtoit-ambrosia-duck-turkey-5kg-1.jpg\",\"width\":600,\"height\":800},{\"@type\":\"BreadcrumbList\",\"@id\":\"https:\\\/\\\/miumjau.ee\\\/lv\\\/produkts\\\/ambrosia-sausa-bariba-kakiem-pile-un-titars-5-kg\\\/#breadcrumb\",\"itemListElement\":[{\"@type\":\"ListItem\",\"position\":1,\"name\":\"Home\",\"item\":\"https:\\\/\\\/miumjau.ee\\\/lv\\\/\"},{\"@type\":\"ListItem\",\"position\":2,\"name\":\"Veikals\",\"item\":\"https:\\\/\\\/miumjau.ee\\\/lv\\\/veikals\\\/\"},{\"@type\":\"ListItem\",\"position\":3,\"name\":\"Ambrosia saus\u0101 bar\u012bba ka\u0137iem, p\u012ble un t\u012btars, 5 kg\"}]},{\"@type\":\"WebSite\",\"@id\":\"https:\\\/\\\/miumjau.ee\\\/#website\",\"url\":\"https:\\\/\\\/miumjau.ee\\\/\",\"name\":\"MiuMjau\",\"description\":\"Kraapimispuud kassidele\",\"publisher\":{\"@id\":\"https:\\\/\\\/miumjau.ee\\\/#organization\"},\"potentialAction\":[{\"@type\":\"SearchAction\",\"target\":{\"@type\":\"EntryPoint\",\"urlTemplate\":\"https:\\\/\\\/miumjau.ee\\\/?s={search_term_string}\"},\"query-input\":{\"@type\":\"PropertyValueSpecification\",\"valueRequired\":true,\"valueName\":\"search_term_string\"}}],\"inLanguage\":\"lv-LV\"},{\"@type\":\"Organization\",\"@id\":\"https:\\\/\\\/miumjau.ee\\\/#organization\",\"name\":\"MiuMjau O\u00dc\",\"url\":\"https:\\\/\\\/miumjau.ee\\\/\",\"logo\":{\"@type\":\"ImageObject\",\"inLanguage\":\"lv-LV\",\"@id\":\"https:\\\/\\\/miumjau.ee\\\/#\\\/schema\\\/logo\\\/image\\\/\",\"url\":\"https:\\\/\\\/miumjau.ee\\\/wp-content\\\/uploads\\\/2022\\\/04\\\/MiuMjau-logo-kollane.png\",\"contentUrl\":\"https:\\\/\\\/miumjau.ee\\\/wp-content\\\/uploads\\\/2022\\\/04\\\/MiuMjau-logo-kollane.png\",\"width\":219,\"height\":100,\"caption\":\"MiuMjau O\u00dc\"},\"image\":{\"@id\":\"https:\\\/\\\/miumjau.ee\\\/#\\\/schema\\\/logo\\\/image\\\/\"},\"sameAs\":[\"https:\\\/\\\/www.facebook.com\\\/miumjaupood\\\/\"]}]}<\/script>\n<!-- \/ Yoast SEO plugin. -->","yoast_head_json":{"title":"Ambrosia saus\u0101 bar\u012bba ka\u0137iem, p\u012ble un t\u012btars, 5 kg - MiuMjau","robots":{"index":"index","follow":"follow","max-snippet":"max-snippet:-1","max-image-preview":"max-image-preview:large","max-video-preview":"max-video-preview:-1"},"canonical":"https:\/\/miumjau.ee\/lv\/produkts\/ambrosia-sausa-bariba-kakiem-pile-un-titars-5-kg\/","og_locale":"lv_LV","og_type":"article","og_title":"Ambrosia saus\u0101 bar\u012bba ka\u0137iem, p\u012ble un t\u012btars, 5 kg - MiuMjau","og_description":"M\u016bsu Ambrosia Fresh Duck &amp; Turkey recepte apvieno prote\u012bniem bag\u0101tas svaigas p\u012bles filejas un uzturviel\u0101m bag\u0101tu kalt\u0113tu t\u012btara ga\u013cu, ko papildina r\u016bp\u012bgi atlas\u012bti aug\u013ci un d\u0101rze\u0146i. \u0160\u012b recepte ir \u012bpa\u0161i izstr\u0101d\u0101ta jut\u012bgiem iek\u0161telpu ka\u0137iem un ir ide\u0101li piem\u0113rota ar\u012b steriliz\u0113tiem un liek\u0101 svara ka\u0137iem. Zemais tauku saturs pal\u012bdz nov\u0113rst svara pieaugumu, savuk\u0101rt DL-metion\u012bns un zemais magnija l\u012bmenis samazina struv\u012bta akme\u0146u veido\u0161an\u0101s risku. Lai atbalst\u012btu visp\u0101r\u0113jo vesel\u012bbu, Fresh Duck &amp; Turkey recepte satur prebiotikas un probiotikas gremo\u0161anas uzlabo\u0161anai un im\u016bnsist\u0113mas stiprin\u0101\u0161anai, hondroit\u012bnu un glikozam\u012bnu loc\u012btavu aizsardz\u012bbai, k\u0101 ar\u012b taur\u012bnu smadze\u0146u att\u012bst\u012bbas, sirds un asinsvadu sist\u0113mas un musku\u013cu darb\u012bbas atbalstam. Sast\u0101vs: Svaiga p\u012ble (32%), kalt\u0113ts t\u012btars (28%), kalt\u0113tas kartupe\u013cu p\u0101rslas, veseli zir\u0146i, \u0161\u0137eltie zir\u0146i, kalt\u0113ts bie\u0161u m\u012bkstums, lignoceluloze, hidroliz\u0113ts raugs, la\u0161a e\u013c\u013ca (1%), miner\u0101lvielas, kalt\u0113ts cigori\u0146\u0161 (dabisks FOS un inul\u012bna avots), kalt\u0113ti \u0101boli, kalt\u0113ti burk\u0101ni, kalt\u0113ts alus raugs, kalt\u0113ts brokolis, kalt\u0113tas dz\u0113rvenes, kalt\u0113tas mellenes, glikozam\u012bna hidrohlor\u012bds (100 mg\/kg), hondroit\u012bna sulf\u0101ts (100 mg\/kg), kalt\u0113ti augi (Yucca schidigera, Rosmarinus sp., Curcuma sp., Citrus sp., Eugenia sp.). Uzturv\u0113rt\u012bba: Kopprote\u012bns 38%, koptauki 13%, omega-3 tauksk\u0101bes 0,4%, omega-6 tauksk\u0101bes 1,8%, pelni 8%, \u0161\u0137iedrvielas 5,0%, mitrums 6,0%, kalcijs (Ca) 1,8%, fosfors (P) 1,2%, magnijs (Mg) 0,09%. Pieejams uzreiz!","og_url":"https:\/\/miumjau.ee\/lv\/produkts\/ambrosia-sausa-bariba-kakiem-pile-un-titars-5-kg\/","og_site_name":"MiuMjau","article_publisher":"https:\/\/www.facebook.com\/miumjaupood\/","og_image":[{"width":600,"height":800,"url":"https:\/\/miumjau.ee\/wp-content\/uploads\/2025\/03\/kassi-kuivtoit-ambrosia-duck-turkey-5kg-1.jpg","type":"image\/jpeg"}],"twitter_card":"summary_large_image","schema":{"@context":"https:\/\/schema.org","@graph":[{"@type":"WebPage","@id":"https:\/\/miumjau.ee\/lv\/produkts\/ambrosia-sausa-bariba-kakiem-pile-un-titars-5-kg\/","url":"https:\/\/miumjau.ee\/lv\/produkts\/ambrosia-sausa-bariba-kakiem-pile-un-titars-5-kg\/","name":"Ambrosia saus\u0101 bar\u012bba ka\u0137iem, p\u012ble un t\u012btars, 5 kg - MiuMjau","isPartOf":{"@id":"https:\/\/miumjau.ee\/#website"},"primaryImageOfPage":{"@id":"https:\/\/miumjau.ee\/lv\/produkts\/ambrosia-sausa-bariba-kakiem-pile-un-titars-5-kg\/#primaryimage"},"image":{"@id":"https:\/\/miumjau.ee\/lv\/produkts\/ambrosia-sausa-bariba-kakiem-pile-un-titars-5-kg\/#primaryimage"},"thumbnailUrl":"https:\/\/miumjau.ee\/wp-content\/uploads\/2025\/03\/kassi-kuivtoit-ambrosia-duck-turkey-5kg-1.jpg","datePublished":"2025-03-17T21:00:56+00:00","breadcrumb":{"@id":"https:\/\/miumjau.ee\/lv\/produkts\/ambrosia-sausa-bariba-kakiem-pile-un-titars-5-kg\/#breadcrumb"},"inLanguage":"lv-LV","potentialAction":[{"@type":"ReadAction","target":["https:\/\/miumjau.ee\/lv\/produkts\/ambrosia-sausa-bariba-kakiem-pile-un-titars-5-kg\/"]}]},{"@type":"ImageObject","inLanguage":"lv-LV","@id":"https:\/\/miumjau.ee\/lv\/produkts\/ambrosia-sausa-bariba-kakiem-pile-un-titars-5-kg\/#primaryimage","url":"https:\/\/miumjau.ee\/wp-content\/uploads\/2025\/03\/kassi-kuivtoit-ambrosia-duck-turkey-5kg-1.jpg","contentUrl":"https:\/\/miumjau.ee\/wp-content\/uploads\/2025\/03\/kassi-kuivtoit-ambrosia-duck-turkey-5kg-1.jpg","width":600,"height":800},{"@type":"BreadcrumbList","@id":"https:\/\/miumjau.ee\/lv\/produkts\/ambrosia-sausa-bariba-kakiem-pile-un-titars-5-kg\/#breadcrumb","itemListElement":[{"@type":"ListItem","position":1,"name":"Home","item":"https:\/\/miumjau.ee\/lv\/"},{"@type":"ListItem","position":2,"name":"Veikals","item":"https:\/\/miumjau.ee\/lv\/veikals\/"},{"@type":"ListItem","position":3,"name":"Ambrosia saus\u0101 bar\u012bba ka\u0137iem, p\u012ble un t\u012btars, 5 kg"}]},{"@type":"WebSite","@id":"https:\/\/miumjau.ee\/#website","url":"https:\/\/miumjau.ee\/","name":"MiuMjau","description":"Kraapimispuud kassidele","publisher":{"@id":"https:\/\/miumjau.ee\/#organization"},"potentialAction":[{"@type":"SearchAction","target":{"@type":"EntryPoint","urlTemplate":"https:\/\/miumjau.ee\/?s={search_term_string}"},"query-input":{"@type":"PropertyValueSpecification","valueRequired":true,"valueName":"search_term_string"}}],"inLanguage":"lv-LV"},{"@type":"Organization","@id":"https:\/\/miumjau.ee\/#organization","name":"MiuMjau O\u00dc","url":"https:\/\/miumjau.ee\/","logo":{"@type":"ImageObject","inLanguage":"lv-LV","@id":"https:\/\/miumjau.ee\/#\/schema\/logo\/image\/","url":"https:\/\/miumjau.ee\/wp-content\/uploads\/2022\/04\/MiuMjau-logo-kollane.png","contentUrl":"https:\/\/miumjau.ee\/wp-content\/uploads\/2022\/04\/MiuMjau-logo-kollane.png","width":219,"height":100,"caption":"MiuMjau O\u00dc"},"image":{"@id":"https:\/\/miumjau.ee\/#\/schema\/logo\/image\/"},"sameAs":["https:\/\/www.facebook.com\/miumjaupood\/"]}]}},"_links":{"self":[{"href":"https:\/\/miumjau.ee\/lv\/wp-json\/wp\/v2\/product\/55343","targetHints":{"allow":["GET"]}}],"collection":[{"href":"https:\/\/miumjau.ee\/lv\/wp-json\/wp\/v2\/product"}],"about":[{"href":"https:\/\/miumjau.ee\/lv\/wp-json\/wp\/v2\/types\/product"}],"wp:featuredmedia":[{"embeddable":true,"href":"https:\/\/miumjau.ee\/lv\/wp-json\/wp\/v2\/media\/55344"}],"wp:attachment":[{"href":"https:\/\/miumjau.ee\/lv\/wp-json\/wp\/v2\/media?parent=55343"}],"wp:term":[{"taxonomy":"product_brand","embeddable":true,"href":"https:\/\/miumjau.ee\/lv\/wp-json\/wp\/v2\/product_brand?post=55343"},{"taxonomy":"product_cat","embeddable":true,"href":"https:\/\/miumjau.ee\/lv\/wp-json\/wp\/v2\/product_cat?post=55343"},{"taxonomy":"product_tag","embeddable":true,"href":"https:\/\/miumjau.ee\/lv\/wp-json\/wp\/v2\/product_tag?post=55343"}],"curies":[{"name":"wp","href":"https:\/\/api.w.org\/{rel}","templated":true}]}}