{"id":55339,"date":"2025-03-22T15:27:58","date_gmt":"2025-03-22T13:27:58","guid":{"rendered":"https:\/\/miumjau.ee\/toode\/treninu-karumi-sana-ar-trusa-galu-dabigi-100-g\/"},"modified":"2025-03-22T15:27:58","modified_gmt":"2025-03-22T13:27:58","slug":"treninu-karumi-sana-ar-trusa-galu-dabigi-100-g","status":"publish","type":"product","link":"https:\/\/miumjau.ee\/lv\/produkts\/treninu-karumi-sana-ar-trusa-galu-dabigi-100-g\/","title":{"rendered":"Treni\u0146u k\u0101rumi Sana ar tru\u0161a ga\u013cu, dab\u012bgi 100 g"},"content":{"rendered":"","protected":false},"excerpt":{"rendered":"<p data-start=\"2912\" data-end=\"3261\">SANADOG treni\u0146u k\u0101rumi, kas izgatavoti no t\u012bras ga\u013cas un superproduktiem, ir vesel\u012bgi, ar m\u012bkstu konsistenci un t\u0101p\u0113c ide\u0101li piem\u0113roti ikdienas treni\u0146u balv\u0101m un motiv\u0101cijai. Tie lieliski piem\u0113roti pozit\u012bv\u0101s pastiprin\u0101\u0161anas treni\u0146u metod\u0113m. T\u0101d\u0113j\u0101di j\u016bsu suns sa\u0146em pozit\u012bvu atgriezenisko saiti uzslavas vai k\u0101ruma veid\u0101, apbalvojot v\u0113lamo uzved\u012bbu.<\/p>\n<p data-start=\"3263\" data-end=\"3484\">Izejvielas n\u0101k no viet\u0113jiem ra\u017eot\u0101jiem un ir 100% izsekojamas. Pateicoties m\u016bsu saudz\u012bgajam ra\u017eo\u0161anas procesam, sast\u0101vda\u013c\u0101s eso\u0161\u0101s uzturvielas tiek saglab\u0101tas, pal\u012bdzot j\u016bsu sunim ilgsto\u0161i saglab\u0101t vesel\u012bbu un vitalit\u0101ti.<\/p>\n<p data-start=\"3486\" data-end=\"3686\">SANADOG k\u0101rumi nodro\u0161ina j\u016bsu sunim neatvair\u0101mi gar\u0161\u012bgu un vesel\u012bgu apbalvojuma uzkodu. Tie nedr\u016bp un nek\u013c\u016bst taukaini, t\u0101p\u0113c tos var \u0113rti tur\u0113t kabat\u0101 un tie ir lieliski piem\u0113roti ar\u012b treni\u0146iem dab\u0101.<\/p>\n<p data-start=\"3688\" data-end=\"3765\"><strong data-start=\"3688\" data-end=\"3700\">Sast\u0101vs:<\/strong> 95% tru\u0161a ga\u013ca, 5% dab\u012bgais augu glicer\u012bns. Papildbar\u012bba su\u0146iem.<\/p>\n<p data-start=\"3767\" data-end=\"3859\"><strong data-start=\"3767\" data-end=\"3779\">Anal\u012bze:<\/strong> Olbaltumvielas \u2013 36%, tauki \u2013 16%, mitrums \u2013 8%, pelni \u2013 8%, \u0161\u0137iedrvielas \u2013 2%.<\/p>\n<p data-start=\"3861\" data-end=\"3881\">Papildbar\u012bba su\u0146iem.<\/p>\n<p data-start=\"3883\" data-end=\"3985\"><strong data-start=\"3883\" data-end=\"3899\">Uzglab\u0101\u0161ana:<\/strong> Glab\u0101t v\u0113s\u0101 un saus\u0101 viet\u0101, pasarg\u0101t no tie\u0161iem saules stariem. Tas ir tik vienk\u0101r\u0161i!<\/p>\n<p data-start=\"3987\" data-end=\"4149\"><strong data-start=\"3987\" data-end=\"4011\">Baro\u0161anas ieteikumi:<\/strong> Piem\u0113rots kuc\u0113niem no 12 ned\u0113\u013cu vecuma.<br data-start=\"4051\" data-end=\"4054\" \/>L\u016bdzu, uzraugiet savu suni baro\u0161anas laik\u0101 un vienm\u0113r nodro\u0161iniet svaigu un t\u012bru dzeramo \u016bdeni.<\/p>\n","protected":false},"featured_media":55340,"template":"","meta":[],"product_brand":[],"product_cat":[576],"product_tag":[],"class_list":{"0":"post-55339","1":"product","2":"type-product","3":"status-publish","4":"has-post-thumbnail","6":"product_cat-naski-suniem","8":"first","9":"outofstock","10":"taxable","11":"shipping-taxable","12":"purchasable","13":"product-type-simple"},"yoast_head":"<!-- This site is optimized with the Yoast SEO plugin v27.4 - https:\/\/yoast.com\/product\/yoast-seo-wordpress\/ -->\n<title>Treni\u0146u k\u0101rumi Sana ar tru\u0161a ga\u013cu, dab\u012bgi 100 g - MiuMjau<\/title>\n<meta name=\"robots\" content=\"index, follow, max-snippet:-1, max-image-preview:large, max-video-preview:-1\" \/>\n<link rel=\"canonical\" href=\"https:\/\/miumjau.ee\/lv\/produkts\/treninu-karumi-sana-ar-trusa-galu-dabigi-100-g\/\" \/>\n<meta property=\"og:locale\" content=\"lv_LV\" \/>\n<meta property=\"og:type\" content=\"article\" \/>\n<meta property=\"og:title\" content=\"Treni\u0146u k\u0101rumi Sana ar tru\u0161a ga\u013cu, dab\u012bgi 100 g - MiuMjau\" \/>\n<meta property=\"og:description\" content=\"SANADOG treni\u0146u k\u0101rumi, kas izgatavoti no t\u012bras ga\u013cas un superproduktiem, ir vesel\u012bgi, ar m\u012bkstu konsistenci un t\u0101p\u0113c ide\u0101li piem\u0113roti ikdienas treni\u0146u balv\u0101m un motiv\u0101cijai. Tie lieliski piem\u0113roti pozit\u012bv\u0101s pastiprin\u0101\u0161anas treni\u0146u metod\u0113m. T\u0101d\u0113j\u0101di j\u016bsu suns sa\u0146em pozit\u012bvu atgriezenisko saiti uzslavas vai k\u0101ruma veid\u0101, apbalvojot v\u0113lamo uzved\u012bbu. Izejvielas n\u0101k no viet\u0113jiem ra\u017eot\u0101jiem un ir 100% izsekojamas. Pateicoties m\u016bsu saudz\u012bgajam ra\u017eo\u0161anas procesam, sast\u0101vda\u013c\u0101s eso\u0161\u0101s uzturvielas tiek saglab\u0101tas, pal\u012bdzot j\u016bsu sunim ilgsto\u0161i saglab\u0101t vesel\u012bbu un vitalit\u0101ti. SANADOG k\u0101rumi nodro\u0161ina j\u016bsu sunim neatvair\u0101mi gar\u0161\u012bgu un vesel\u012bgu apbalvojuma uzkodu. Tie nedr\u016bp un nek\u013c\u016bst taukaini, t\u0101p\u0113c tos var \u0113rti tur\u0113t kabat\u0101 un tie ir lieliski piem\u0113roti ar\u012b treni\u0146iem dab\u0101. Sast\u0101vs: 95% tru\u0161a ga\u013ca, 5% dab\u012bgais augu glicer\u012bns. Papildbar\u012bba su\u0146iem. Anal\u012bze: Olbaltumvielas \u2013 36%, tauki \u2013 16%, mitrums \u2013 8%, pelni \u2013 8%, \u0161\u0137iedrvielas \u2013 2%. Papildbar\u012bba su\u0146iem. Uzglab\u0101\u0161ana: Glab\u0101t v\u0113s\u0101 un saus\u0101 viet\u0101, pasarg\u0101t no tie\u0161iem saules stariem. Tas ir tik vienk\u0101r\u0161i! Baro\u0161anas ieteikumi: Piem\u0113rots kuc\u0113niem no 12 ned\u0113\u013cu vecuma.L\u016bdzu, uzraugiet savu suni baro\u0161anas laik\u0101 un vienm\u0113r nodro\u0161iniet svaigu un t\u012bru dzeramo \u016bdeni.\" \/>\n<meta property=\"og:url\" content=\"https:\/\/miumjau.ee\/lv\/produkts\/treninu-karumi-sana-ar-trusa-galu-dabigi-100-g\/\" \/>\n<meta property=\"og:site_name\" content=\"MiuMjau\" \/>\n<meta property=\"article:publisher\" content=\"https:\/\/www.facebook.com\/miumjaupood\/\" \/>\n<meta property=\"og:image\" content=\"https:\/\/miumjau.ee\/wp-content\/uploads\/2025\/03\/treeningmaius-sana-janes-100g.webp\" \/>\n\t<meta property=\"og:image:width\" content=\"600\" \/>\n\t<meta property=\"og:image:height\" content=\"800\" \/>\n\t<meta property=\"og:image:type\" content=\"image\/webp\" \/>\n<meta name=\"twitter:card\" content=\"summary_large_image\" \/>\n<script type=\"application\/ld+json\" class=\"yoast-schema-graph\">{\"@context\":\"https:\\\/\\\/schema.org\",\"@graph\":[{\"@type\":\"WebPage\",\"@id\":\"https:\\\/\\\/miumjau.ee\\\/lv\\\/produkts\\\/treninu-karumi-sana-ar-trusa-galu-dabigi-100-g\\\/\",\"url\":\"https:\\\/\\\/miumjau.ee\\\/lv\\\/produkts\\\/treninu-karumi-sana-ar-trusa-galu-dabigi-100-g\\\/\",\"name\":\"Treni\u0146u k\u0101rumi Sana ar tru\u0161a ga\u013cu, dab\u012bgi 100 g - MiuMjau\",\"isPartOf\":{\"@id\":\"https:\\\/\\\/miumjau.ee\\\/#website\"},\"primaryImageOfPage\":{\"@id\":\"https:\\\/\\\/miumjau.ee\\\/lv\\\/produkts\\\/treninu-karumi-sana-ar-trusa-galu-dabigi-100-g\\\/#primaryimage\"},\"image\":{\"@id\":\"https:\\\/\\\/miumjau.ee\\\/lv\\\/produkts\\\/treninu-karumi-sana-ar-trusa-galu-dabigi-100-g\\\/#primaryimage\"},\"thumbnailUrl\":\"https:\\\/\\\/miumjau.ee\\\/wp-content\\\/uploads\\\/2025\\\/03\\\/treeningmaius-sana-janes-100g.webp\",\"datePublished\":\"2025-03-22T13:27:58+00:00\",\"breadcrumb\":{\"@id\":\"https:\\\/\\\/miumjau.ee\\\/lv\\\/produkts\\\/treninu-karumi-sana-ar-trusa-galu-dabigi-100-g\\\/#breadcrumb\"},\"inLanguage\":\"lv-LV\",\"potentialAction\":[{\"@type\":\"ReadAction\",\"target\":[\"https:\\\/\\\/miumjau.ee\\\/lv\\\/produkts\\\/treninu-karumi-sana-ar-trusa-galu-dabigi-100-g\\\/\"]}]},{\"@type\":\"ImageObject\",\"inLanguage\":\"lv-LV\",\"@id\":\"https:\\\/\\\/miumjau.ee\\\/lv\\\/produkts\\\/treninu-karumi-sana-ar-trusa-galu-dabigi-100-g\\\/#primaryimage\",\"url\":\"https:\\\/\\\/miumjau.ee\\\/wp-content\\\/uploads\\\/2025\\\/03\\\/treeningmaius-sana-janes-100g.webp\",\"contentUrl\":\"https:\\\/\\\/miumjau.ee\\\/wp-content\\\/uploads\\\/2025\\\/03\\\/treeningmaius-sana-janes-100g.webp\",\"width\":600,\"height\":800},{\"@type\":\"BreadcrumbList\",\"@id\":\"https:\\\/\\\/miumjau.ee\\\/lv\\\/produkts\\\/treninu-karumi-sana-ar-trusa-galu-dabigi-100-g\\\/#breadcrumb\",\"itemListElement\":[{\"@type\":\"ListItem\",\"position\":1,\"name\":\"Home\",\"item\":\"https:\\\/\\\/miumjau.ee\\\/lv\\\/\"},{\"@type\":\"ListItem\",\"position\":2,\"name\":\"Veikals\",\"item\":\"https:\\\/\\\/miumjau.ee\\\/lv\\\/veikals\\\/\"},{\"@type\":\"ListItem\",\"position\":3,\"name\":\"Treni\u0146u k\u0101rumi Sana ar tru\u0161a ga\u013cu, dab\u012bgi 100 g\"}]},{\"@type\":\"WebSite\",\"@id\":\"https:\\\/\\\/miumjau.ee\\\/#website\",\"url\":\"https:\\\/\\\/miumjau.ee\\\/\",\"name\":\"MiuMjau\",\"description\":\"Kraapimispuud kassidele\",\"publisher\":{\"@id\":\"https:\\\/\\\/miumjau.ee\\\/#organization\"},\"potentialAction\":[{\"@type\":\"SearchAction\",\"target\":{\"@type\":\"EntryPoint\",\"urlTemplate\":\"https:\\\/\\\/miumjau.ee\\\/?s={search_term_string}\"},\"query-input\":{\"@type\":\"PropertyValueSpecification\",\"valueRequired\":true,\"valueName\":\"search_term_string\"}}],\"inLanguage\":\"lv-LV\"},{\"@type\":\"Organization\",\"@id\":\"https:\\\/\\\/miumjau.ee\\\/#organization\",\"name\":\"MiuMjau O\u00dc\",\"url\":\"https:\\\/\\\/miumjau.ee\\\/\",\"logo\":{\"@type\":\"ImageObject\",\"inLanguage\":\"lv-LV\",\"@id\":\"https:\\\/\\\/miumjau.ee\\\/#\\\/schema\\\/logo\\\/image\\\/\",\"url\":\"https:\\\/\\\/miumjau.ee\\\/wp-content\\\/uploads\\\/2022\\\/04\\\/MiuMjau-logo-kollane.png\",\"contentUrl\":\"https:\\\/\\\/miumjau.ee\\\/wp-content\\\/uploads\\\/2022\\\/04\\\/MiuMjau-logo-kollane.png\",\"width\":219,\"height\":100,\"caption\":\"MiuMjau O\u00dc\"},\"image\":{\"@id\":\"https:\\\/\\\/miumjau.ee\\\/#\\\/schema\\\/logo\\\/image\\\/\"},\"sameAs\":[\"https:\\\/\\\/www.facebook.com\\\/miumjaupood\\\/\"]}]}<\/script>\n<!-- \/ Yoast SEO plugin. -->","yoast_head_json":{"title":"Treni\u0146u k\u0101rumi Sana ar tru\u0161a ga\u013cu, dab\u012bgi 100 g - MiuMjau","robots":{"index":"index","follow":"follow","max-snippet":"max-snippet:-1","max-image-preview":"max-image-preview:large","max-video-preview":"max-video-preview:-1"},"canonical":"https:\/\/miumjau.ee\/lv\/produkts\/treninu-karumi-sana-ar-trusa-galu-dabigi-100-g\/","og_locale":"lv_LV","og_type":"article","og_title":"Treni\u0146u k\u0101rumi Sana ar tru\u0161a ga\u013cu, dab\u012bgi 100 g - MiuMjau","og_description":"SANADOG treni\u0146u k\u0101rumi, kas izgatavoti no t\u012bras ga\u013cas un superproduktiem, ir vesel\u012bgi, ar m\u012bkstu konsistenci un t\u0101p\u0113c ide\u0101li piem\u0113roti ikdienas treni\u0146u balv\u0101m un motiv\u0101cijai. Tie lieliski piem\u0113roti pozit\u012bv\u0101s pastiprin\u0101\u0161anas treni\u0146u metod\u0113m. T\u0101d\u0113j\u0101di j\u016bsu suns sa\u0146em pozit\u012bvu atgriezenisko saiti uzslavas vai k\u0101ruma veid\u0101, apbalvojot v\u0113lamo uzved\u012bbu. Izejvielas n\u0101k no viet\u0113jiem ra\u017eot\u0101jiem un ir 100% izsekojamas. Pateicoties m\u016bsu saudz\u012bgajam ra\u017eo\u0161anas procesam, sast\u0101vda\u013c\u0101s eso\u0161\u0101s uzturvielas tiek saglab\u0101tas, pal\u012bdzot j\u016bsu sunim ilgsto\u0161i saglab\u0101t vesel\u012bbu un vitalit\u0101ti. SANADOG k\u0101rumi nodro\u0161ina j\u016bsu sunim neatvair\u0101mi gar\u0161\u012bgu un vesel\u012bgu apbalvojuma uzkodu. Tie nedr\u016bp un nek\u013c\u016bst taukaini, t\u0101p\u0113c tos var \u0113rti tur\u0113t kabat\u0101 un tie ir lieliski piem\u0113roti ar\u012b treni\u0146iem dab\u0101. Sast\u0101vs: 95% tru\u0161a ga\u013ca, 5% dab\u012bgais augu glicer\u012bns. Papildbar\u012bba su\u0146iem. Anal\u012bze: Olbaltumvielas \u2013 36%, tauki \u2013 16%, mitrums \u2013 8%, pelni \u2013 8%, \u0161\u0137iedrvielas \u2013 2%. Papildbar\u012bba su\u0146iem. Uzglab\u0101\u0161ana: Glab\u0101t v\u0113s\u0101 un saus\u0101 viet\u0101, pasarg\u0101t no tie\u0161iem saules stariem. Tas ir tik vienk\u0101r\u0161i! Baro\u0161anas ieteikumi: Piem\u0113rots kuc\u0113niem no 12 ned\u0113\u013cu vecuma.L\u016bdzu, uzraugiet savu suni baro\u0161anas laik\u0101 un vienm\u0113r nodro\u0161iniet svaigu un t\u012bru dzeramo \u016bdeni.","og_url":"https:\/\/miumjau.ee\/lv\/produkts\/treninu-karumi-sana-ar-trusa-galu-dabigi-100-g\/","og_site_name":"MiuMjau","article_publisher":"https:\/\/www.facebook.com\/miumjaupood\/","og_image":[{"width":600,"height":800,"url":"https:\/\/miumjau.ee\/wp-content\/uploads\/2025\/03\/treeningmaius-sana-janes-100g.webp","type":"image\/webp"}],"twitter_card":"summary_large_image","schema":{"@context":"https:\/\/schema.org","@graph":[{"@type":"WebPage","@id":"https:\/\/miumjau.ee\/lv\/produkts\/treninu-karumi-sana-ar-trusa-galu-dabigi-100-g\/","url":"https:\/\/miumjau.ee\/lv\/produkts\/treninu-karumi-sana-ar-trusa-galu-dabigi-100-g\/","name":"Treni\u0146u k\u0101rumi Sana ar tru\u0161a ga\u013cu, dab\u012bgi 100 g - MiuMjau","isPartOf":{"@id":"https:\/\/miumjau.ee\/#website"},"primaryImageOfPage":{"@id":"https:\/\/miumjau.ee\/lv\/produkts\/treninu-karumi-sana-ar-trusa-galu-dabigi-100-g\/#primaryimage"},"image":{"@id":"https:\/\/miumjau.ee\/lv\/produkts\/treninu-karumi-sana-ar-trusa-galu-dabigi-100-g\/#primaryimage"},"thumbnailUrl":"https:\/\/miumjau.ee\/wp-content\/uploads\/2025\/03\/treeningmaius-sana-janes-100g.webp","datePublished":"2025-03-22T13:27:58+00:00","breadcrumb":{"@id":"https:\/\/miumjau.ee\/lv\/produkts\/treninu-karumi-sana-ar-trusa-galu-dabigi-100-g\/#breadcrumb"},"inLanguage":"lv-LV","potentialAction":[{"@type":"ReadAction","target":["https:\/\/miumjau.ee\/lv\/produkts\/treninu-karumi-sana-ar-trusa-galu-dabigi-100-g\/"]}]},{"@type":"ImageObject","inLanguage":"lv-LV","@id":"https:\/\/miumjau.ee\/lv\/produkts\/treninu-karumi-sana-ar-trusa-galu-dabigi-100-g\/#primaryimage","url":"https:\/\/miumjau.ee\/wp-content\/uploads\/2025\/03\/treeningmaius-sana-janes-100g.webp","contentUrl":"https:\/\/miumjau.ee\/wp-content\/uploads\/2025\/03\/treeningmaius-sana-janes-100g.webp","width":600,"height":800},{"@type":"BreadcrumbList","@id":"https:\/\/miumjau.ee\/lv\/produkts\/treninu-karumi-sana-ar-trusa-galu-dabigi-100-g\/#breadcrumb","itemListElement":[{"@type":"ListItem","position":1,"name":"Home","item":"https:\/\/miumjau.ee\/lv\/"},{"@type":"ListItem","position":2,"name":"Veikals","item":"https:\/\/miumjau.ee\/lv\/veikals\/"},{"@type":"ListItem","position":3,"name":"Treni\u0146u k\u0101rumi Sana ar tru\u0161a ga\u013cu, dab\u012bgi 100 g"}]},{"@type":"WebSite","@id":"https:\/\/miumjau.ee\/#website","url":"https:\/\/miumjau.ee\/","name":"MiuMjau","description":"Kraapimispuud kassidele","publisher":{"@id":"https:\/\/miumjau.ee\/#organization"},"potentialAction":[{"@type":"SearchAction","target":{"@type":"EntryPoint","urlTemplate":"https:\/\/miumjau.ee\/?s={search_term_string}"},"query-input":{"@type":"PropertyValueSpecification","valueRequired":true,"valueName":"search_term_string"}}],"inLanguage":"lv-LV"},{"@type":"Organization","@id":"https:\/\/miumjau.ee\/#organization","name":"MiuMjau O\u00dc","url":"https:\/\/miumjau.ee\/","logo":{"@type":"ImageObject","inLanguage":"lv-LV","@id":"https:\/\/miumjau.ee\/#\/schema\/logo\/image\/","url":"https:\/\/miumjau.ee\/wp-content\/uploads\/2022\/04\/MiuMjau-logo-kollane.png","contentUrl":"https:\/\/miumjau.ee\/wp-content\/uploads\/2022\/04\/MiuMjau-logo-kollane.png","width":219,"height":100,"caption":"MiuMjau O\u00dc"},"image":{"@id":"https:\/\/miumjau.ee\/#\/schema\/logo\/image\/"},"sameAs":["https:\/\/www.facebook.com\/miumjaupood\/"]}]}},"_links":{"self":[{"href":"https:\/\/miumjau.ee\/lv\/wp-json\/wp\/v2\/product\/55339","targetHints":{"allow":["GET"]}}],"collection":[{"href":"https:\/\/miumjau.ee\/lv\/wp-json\/wp\/v2\/product"}],"about":[{"href":"https:\/\/miumjau.ee\/lv\/wp-json\/wp\/v2\/types\/product"}],"wp:featuredmedia":[{"embeddable":true,"href":"https:\/\/miumjau.ee\/lv\/wp-json\/wp\/v2\/media\/55340"}],"wp:attachment":[{"href":"https:\/\/miumjau.ee\/lv\/wp-json\/wp\/v2\/media?parent=55339"}],"wp:term":[{"taxonomy":"product_brand","embeddable":true,"href":"https:\/\/miumjau.ee\/lv\/wp-json\/wp\/v2\/product_brand?post=55339"},{"taxonomy":"product_cat","embeddable":true,"href":"https:\/\/miumjau.ee\/lv\/wp-json\/wp\/v2\/product_cat?post=55339"},{"taxonomy":"product_tag","embeddable":true,"href":"https:\/\/miumjau.ee\/lv\/wp-json\/wp\/v2\/product_tag?post=55339"}],"curies":[{"name":"wp","href":"https:\/\/api.w.org\/{rel}","templated":true}]}}