{"id":55309,"date":"2025-04-07T15:34:03","date_gmt":"2025-04-07T12:34:03","guid":{"rendered":"https:\/\/miumjau.ee\/toode\/ambrosia-holistic-fresh-lamb-ar-galu-bagata-sunu-bariba-5-kg\/"},"modified":"2025-04-07T15:34:03","modified_gmt":"2025-04-07T12:34:03","slug":"ambrosia-holistic-fresh-lamb-ar-galu-bagata-sunu-bariba-5-kg","status":"publish","type":"product","link":"https:\/\/miumjau.ee\/lv\/produkts\/ambrosia-holistic-fresh-lamb-ar-galu-bagata-sunu-bariba-5-kg\/","title":{"rendered":"Ambrosia Holistic Fresh Lamb, ar ga\u013cu bag\u0101ta su\u0146u bar\u012bba 5 kg"},"content":{"rendered":"","protected":false},"excerpt":{"rendered":"<p data-start=\"3807\" data-end=\"3889\"><strong data-start=\"3807\" data-end=\"3889\">Ambrosia Fresh Lamb \u2013 Hipoaler\u0123isks j\u0113ra ga\u013cas super\u0113diens pieaugu\u0161iem su\u0146iem!<\/strong><\/p>\n<p data-start=\"3891\" data-end=\"4246\">Ambrosia Fresh Lamb recepte ienes su\u0146u bar\u012bbas pasaul\u0113 t\u012bru un maigu j\u0113ra ga\u013cu \u2013 viegli sagremojamu, hipoaler\u0123isku olbaltumvielu avotu, kas lieliski piem\u0113rots ar\u012b su\u0146iem ar jut\u012bgu gremo\u0161anu. Vidusj\u016bras piesk\u0101rienu pie\u0161\u0137ir ol\u012bve\u013c\u013ca, gar\u0161augi un aug\u013ci, nodro\u0161inot sabalans\u0113tu antioksidantu mais\u012bjumu, kas atbalsta j\u016bsu su\u0146a visp\u0101r\u0113jo vesel\u012bbu un vitalit\u0101ti.<\/p>\n<p data-start=\"4248\" data-end=\"4686\">T\u012brs sast\u0101vs, t\u012bra gar\u0161a \u2013 rad\u012bts, dom\u0101jot par su\u0146u labsaj\u016btu.<br data-start=\"4310\" data-end=\"4313\" \/>\ud83d\udc11 Svaiga j\u0113ra ga\u013ca \u2013 augstas kvalit\u0101tes, viegli sagremojams prote\u012bns musku\u013cu stiprin\u0101\u0161anai.<br data-start=\"4405\" data-end=\"4408\" \/>Ol\u012bve\u013c\u013ca \u2013 dab\u012bgs tauku avots, kas atbalsta \u0101das un apmatojuma vesel\u012bbu.<br data-start=\"4480\" data-end=\"4483\" \/>\ud83c\udf4f Vidusj\u016bras aug\u013ci un gar\u0161augi \u2013 dab\u012bgi antioksidanti un gremo\u0161anu veicino\u0161as sast\u0101vda\u013cas.<br data-start=\"4574\" data-end=\"4577\" \/>\ud83e\udda0 Pre- un probiotikas \u2013 atbalsta gremo\u0161anu un stiprina imunit\u0101ti.<br data-start=\"4643\" data-end=\"4646\" \/>\ud83d\udc93 Pievienots taur\u012bns \u2013 sirds vesel\u012bbai.<\/p>\n<p data-start=\"4688\" data-end=\"5082\"><strong data-start=\"4688\" data-end=\"4700\">Sast\u0101vs:<\/strong> J\u0113ra ga\u013ca 60 % (t.sk. svaiga j\u0113ra ga\u013ca 30 %, kalt\u0113ta j\u0113ra ga\u013ca 22 %, j\u0113ra tauki 5 %, hidroliz\u0113ts j\u0113ra prote\u012bns 3 %), saldais kartupelis, veseli zir\u0146i, kalt\u0113ta lucerna, kalt\u0113ts bie\u0161u m\u012bkstums, cigori\u0146u sakne (inul\u012bna un FOS avots 1 %), ol\u012bve\u013c\u013ca (0,5 %), lins\u0113klas, MOS (mann\u0101na oligosahar\u012bdi 0,15 %), kalt\u0113ts \u0101bols, tom\u0101ts, grie\u0137u sier\u0101boli\u0146\u0161, bumbieris, apels\u012bns, oregano, timi\u0101ns.<\/p>\n<p data-start=\"5084\" data-end=\"5193\"><strong data-start=\"5084\" data-end=\"5105\">Piedevas (uz kg):<\/strong> A vitam\u012bns \u2013 24 000 IU, D3 vitam\u012bns \u2013 2 000 IU, E vitam\u012bns \u2013 200 mg, taur\u012bns \u2013 1 500 mg<\/p>\n<p data-start=\"5195\" data-end=\"5373\"><strong data-start=\"5195\" data-end=\"5220\">Anal\u012btiskais sast\u0101vs:<\/strong> Kopprote\u012bns 27 %, koptauki 17 %, omega-3 tauksk\u0101bes 0,4 %, omega-6 tauksk\u0101bes 1,3 %, kop\u0161\u0137iedra 4,5 %, pelni 10 %, mitrums 9 %, kalcijs 2 %, fosfors 1 %<\/p>\n<p data-start=\"5375\" data-end=\"5417\"><strong data-start=\"5375\" data-end=\"5403\">Metaboliz\u0113jam\u0101 ener\u0123ija:<\/strong> 3 633 kcal\/kg<\/p>\n<p data-start=\"5419\" data-end=\"5516\" data-is-last-node=\"\" data-is-only-node=\"\">\ud83d\udc9a Ambrosia Fresh Lamb \u2013 t\u012bra j\u0113ra ga\u013ca, t\u012bra ener\u0123ija \u2013 rad\u012bta su\u0146iem, kuri ir peln\u012bju\u0161i lab\u0101ko!<\/p>\n","protected":false},"featured_media":50956,"template":"","meta":[],"product_brand":[],"product_cat":[575],"product_tag":[],"class_list":{"0":"post-55309","1":"product","2":"type-product","3":"status-publish","4":"has-post-thumbnail","6":"product_cat-sausa-bariba-suniem","8":"first","9":"instock","10":"sale","11":"taxable","12":"shipping-taxable","13":"purchasable","14":"product-type-simple"},"yoast_head":"<!-- This site is optimized with the Yoast SEO plugin v27.2 - https:\/\/yoast.com\/product\/yoast-seo-wordpress\/ -->\n<title>Ambrosia Holistic Fresh Lamb, ar ga\u013cu bag\u0101ta su\u0146u bar\u012bba 5 kg - MiuMjau<\/title>\n<meta name=\"robots\" content=\"index, follow, max-snippet:-1, max-image-preview:large, max-video-preview:-1\" \/>\n<link rel=\"canonical\" href=\"https:\/\/miumjau.ee\/lv\/produkts\/ambrosia-holistic-fresh-lamb-ar-galu-bagata-sunu-bariba-5-kg\/\" \/>\n<meta property=\"og:locale\" content=\"lv_LV\" \/>\n<meta property=\"og:type\" content=\"article\" \/>\n<meta property=\"og:title\" content=\"Ambrosia Holistic Fresh Lamb, ar ga\u013cu bag\u0101ta su\u0146u bar\u012bba 5 kg - MiuMjau\" \/>\n<meta property=\"og:description\" content=\"Ambrosia Fresh Lamb \u2013 Hipoaler\u0123isks j\u0113ra ga\u013cas super\u0113diens pieaugu\u0161iem su\u0146iem! Ambrosia Fresh Lamb recepte ienes su\u0146u bar\u012bbas pasaul\u0113 t\u012bru un maigu j\u0113ra ga\u013cu \u2013 viegli sagremojamu, hipoaler\u0123isku olbaltumvielu avotu, kas lieliski piem\u0113rots ar\u012b su\u0146iem ar jut\u012bgu gremo\u0161anu. Vidusj\u016bras piesk\u0101rienu pie\u0161\u0137ir ol\u012bve\u013c\u013ca, gar\u0161augi un aug\u013ci, nodro\u0161inot sabalans\u0113tu antioksidantu mais\u012bjumu, kas atbalsta j\u016bsu su\u0146a visp\u0101r\u0113jo vesel\u012bbu un vitalit\u0101ti. T\u012brs sast\u0101vs, t\u012bra gar\u0161a \u2013 rad\u012bts, dom\u0101jot par su\u0146u labsaj\u016btu.\ud83d\udc11 Svaiga j\u0113ra ga\u013ca \u2013 augstas kvalit\u0101tes, viegli sagremojams prote\u012bns musku\u013cu stiprin\u0101\u0161anai.Ol\u012bve\u013c\u013ca \u2013 dab\u012bgs tauku avots, kas atbalsta \u0101das un apmatojuma vesel\u012bbu.\ud83c\udf4f Vidusj\u016bras aug\u013ci un gar\u0161augi \u2013 dab\u012bgi antioksidanti un gremo\u0161anu veicino\u0161as sast\u0101vda\u013cas.\ud83e\udda0 Pre- un probiotikas \u2013 atbalsta gremo\u0161anu un stiprina imunit\u0101ti.\ud83d\udc93 Pievienots taur\u012bns \u2013 sirds vesel\u012bbai. Sast\u0101vs: J\u0113ra ga\u013ca 60 % (t.sk. svaiga j\u0113ra ga\u013ca 30 %, kalt\u0113ta j\u0113ra ga\u013ca 22 %, j\u0113ra tauki 5 %, hidroliz\u0113ts j\u0113ra prote\u012bns 3 %), saldais kartupelis, veseli zir\u0146i, kalt\u0113ta lucerna, kalt\u0113ts bie\u0161u m\u012bkstums, cigori\u0146u sakne (inul\u012bna un FOS avots 1 %), ol\u012bve\u013c\u013ca (0,5 %), lins\u0113klas, MOS (mann\u0101na oligosahar\u012bdi 0,15 %), kalt\u0113ts \u0101bols, tom\u0101ts, grie\u0137u sier\u0101boli\u0146\u0161, bumbieris, apels\u012bns, oregano, timi\u0101ns. Piedevas (uz kg): A vitam\u012bns \u2013 24 000 IU, D3 vitam\u012bns \u2013 2 000 IU, E vitam\u012bns \u2013 200 mg, taur\u012bns \u2013 1 500 mg Anal\u012btiskais sast\u0101vs: Kopprote\u012bns 27 %, koptauki 17 %, omega-3 tauksk\u0101bes 0,4 %, omega-6 tauksk\u0101bes 1,3 %, kop\u0161\u0137iedra 4,5 %, pelni 10 %, mitrums 9 %, kalcijs 2 %, fosfors 1 % Metaboliz\u0113jam\u0101 ener\u0123ija: 3 633 kcal\/kg \ud83d\udc9a Ambrosia Fresh Lamb \u2013 t\u012bra j\u0113ra ga\u013ca, t\u012bra ener\u0123ija \u2013 rad\u012bta su\u0146iem, kuri ir peln\u012bju\u0161i lab\u0101ko!\" \/>\n<meta property=\"og:url\" content=\"https:\/\/miumjau.ee\/lv\/produkts\/ambrosia-holistic-fresh-lamb-ar-galu-bagata-sunu-bariba-5-kg\/\" \/>\n<meta property=\"og:site_name\" content=\"MiuMjau\" \/>\n<meta property=\"article:publisher\" content=\"https:\/\/www.facebook.com\/miumjaupood\/\" \/>\n<meta property=\"og:image\" content=\"https:\/\/miumjau.ee\/wp-content\/uploads\/2025\/04\/ambrosia-adult-fresh-lamb-Photoroom.webp\" \/>\n\t<meta property=\"og:image:width\" content=\"600\" \/>\n\t<meta property=\"og:image:height\" content=\"800\" \/>\n\t<meta property=\"og:image:type\" content=\"image\/webp\" \/>\n<meta name=\"twitter:card\" content=\"summary_large_image\" \/>\n<script type=\"application\/ld+json\" class=\"yoast-schema-graph\">{\"@context\":\"https:\/\/schema.org\",\"@graph\":[{\"@type\":\"WebPage\",\"@id\":\"https:\/\/miumjau.ee\/lv\/produkts\/ambrosia-holistic-fresh-lamb-ar-galu-bagata-sunu-bariba-5-kg\/\",\"url\":\"https:\/\/miumjau.ee\/lv\/produkts\/ambrosia-holistic-fresh-lamb-ar-galu-bagata-sunu-bariba-5-kg\/\",\"name\":\"Ambrosia Holistic Fresh Lamb, ar ga\u013cu bag\u0101ta su\u0146u bar\u012bba 5 kg - MiuMjau\",\"isPartOf\":{\"@id\":\"https:\/\/miumjau.ee\/#website\"},\"primaryImageOfPage\":{\"@id\":\"https:\/\/miumjau.ee\/lv\/produkts\/ambrosia-holistic-fresh-lamb-ar-galu-bagata-sunu-bariba-5-kg\/#primaryimage\"},\"image\":{\"@id\":\"https:\/\/miumjau.ee\/lv\/produkts\/ambrosia-holistic-fresh-lamb-ar-galu-bagata-sunu-bariba-5-kg\/#primaryimage\"},\"thumbnailUrl\":\"https:\/\/miumjau.ee\/wp-content\/uploads\/2025\/04\/ambrosia-adult-fresh-lamb-Photoroom.webp\",\"datePublished\":\"2025-04-07T12:34:03+00:00\",\"breadcrumb\":{\"@id\":\"https:\/\/miumjau.ee\/lv\/produkts\/ambrosia-holistic-fresh-lamb-ar-galu-bagata-sunu-bariba-5-kg\/#breadcrumb\"},\"inLanguage\":\"lv-LV\",\"potentialAction\":[{\"@type\":\"ReadAction\",\"target\":[\"https:\/\/miumjau.ee\/lv\/produkts\/ambrosia-holistic-fresh-lamb-ar-galu-bagata-sunu-bariba-5-kg\/\"]}]},{\"@type\":\"ImageObject\",\"inLanguage\":\"lv-LV\",\"@id\":\"https:\/\/miumjau.ee\/lv\/produkts\/ambrosia-holistic-fresh-lamb-ar-galu-bagata-sunu-bariba-5-kg\/#primaryimage\",\"url\":\"https:\/\/miumjau.ee\/wp-content\/uploads\/2025\/04\/ambrosia-adult-fresh-lamb-Photoroom.webp\",\"contentUrl\":\"https:\/\/miumjau.ee\/wp-content\/uploads\/2025\/04\/ambrosia-adult-fresh-lamb-Photoroom.webp\",\"width\":600,\"height\":800},{\"@type\":\"BreadcrumbList\",\"@id\":\"https:\/\/miumjau.ee\/lv\/produkts\/ambrosia-holistic-fresh-lamb-ar-galu-bagata-sunu-bariba-5-kg\/#breadcrumb\",\"itemListElement\":[{\"@type\":\"ListItem\",\"position\":1,\"name\":\"Home\",\"item\":\"https:\/\/miumjau.ee\/lv\/\"},{\"@type\":\"ListItem\",\"position\":2,\"name\":\"Veikals\",\"item\":\"https:\/\/miumjau.ee\/lv\/veikals\/\"},{\"@type\":\"ListItem\",\"position\":3,\"name\":\"Ambrosia Holistic Fresh Lamb, ar ga\u013cu bag\u0101ta su\u0146u bar\u012bba 5 kg\"}]},{\"@type\":\"WebSite\",\"@id\":\"https:\/\/miumjau.ee\/#website\",\"url\":\"https:\/\/miumjau.ee\/\",\"name\":\"MiuMjau\",\"description\":\"Kraapimispuud kassidele\",\"publisher\":{\"@id\":\"https:\/\/miumjau.ee\/#organization\"},\"potentialAction\":[{\"@type\":\"SearchAction\",\"target\":{\"@type\":\"EntryPoint\",\"urlTemplate\":\"https:\/\/miumjau.ee\/?s={search_term_string}\"},\"query-input\":{\"@type\":\"PropertyValueSpecification\",\"valueRequired\":true,\"valueName\":\"search_term_string\"}}],\"inLanguage\":\"lv-LV\"},{\"@type\":\"Organization\",\"@id\":\"https:\/\/miumjau.ee\/#organization\",\"name\":\"MiuMjau O\u00dc\",\"url\":\"https:\/\/miumjau.ee\/\",\"logo\":{\"@type\":\"ImageObject\",\"inLanguage\":\"lv-LV\",\"@id\":\"https:\/\/miumjau.ee\/#\/schema\/logo\/image\/\",\"url\":\"https:\/\/miumjau.ee\/wp-content\/uploads\/2022\/04\/MiuMjau-logo-kollane.png\",\"contentUrl\":\"https:\/\/miumjau.ee\/wp-content\/uploads\/2022\/04\/MiuMjau-logo-kollane.png\",\"width\":219,\"height\":100,\"caption\":\"MiuMjau O\u00dc\"},\"image\":{\"@id\":\"https:\/\/miumjau.ee\/#\/schema\/logo\/image\/\"},\"sameAs\":[\"https:\/\/www.facebook.com\/miumjaupood\/\"]}]}<\/script>\n<!-- \/ Yoast SEO plugin. -->","yoast_head_json":{"title":"Ambrosia Holistic Fresh Lamb, ar ga\u013cu bag\u0101ta su\u0146u bar\u012bba 5 kg - MiuMjau","robots":{"index":"index","follow":"follow","max-snippet":"max-snippet:-1","max-image-preview":"max-image-preview:large","max-video-preview":"max-video-preview:-1"},"canonical":"https:\/\/miumjau.ee\/lv\/produkts\/ambrosia-holistic-fresh-lamb-ar-galu-bagata-sunu-bariba-5-kg\/","og_locale":"lv_LV","og_type":"article","og_title":"Ambrosia Holistic Fresh Lamb, ar ga\u013cu bag\u0101ta su\u0146u bar\u012bba 5 kg - MiuMjau","og_description":"Ambrosia Fresh Lamb \u2013 Hipoaler\u0123isks j\u0113ra ga\u013cas super\u0113diens pieaugu\u0161iem su\u0146iem! Ambrosia Fresh Lamb recepte ienes su\u0146u bar\u012bbas pasaul\u0113 t\u012bru un maigu j\u0113ra ga\u013cu \u2013 viegli sagremojamu, hipoaler\u0123isku olbaltumvielu avotu, kas lieliski piem\u0113rots ar\u012b su\u0146iem ar jut\u012bgu gremo\u0161anu. Vidusj\u016bras piesk\u0101rienu pie\u0161\u0137ir ol\u012bve\u013c\u013ca, gar\u0161augi un aug\u013ci, nodro\u0161inot sabalans\u0113tu antioksidantu mais\u012bjumu, kas atbalsta j\u016bsu su\u0146a visp\u0101r\u0113jo vesel\u012bbu un vitalit\u0101ti. T\u012brs sast\u0101vs, t\u012bra gar\u0161a \u2013 rad\u012bts, dom\u0101jot par su\u0146u labsaj\u016btu.\ud83d\udc11 Svaiga j\u0113ra ga\u013ca \u2013 augstas kvalit\u0101tes, viegli sagremojams prote\u012bns musku\u013cu stiprin\u0101\u0161anai.Ol\u012bve\u013c\u013ca \u2013 dab\u012bgs tauku avots, kas atbalsta \u0101das un apmatojuma vesel\u012bbu.\ud83c\udf4f Vidusj\u016bras aug\u013ci un gar\u0161augi \u2013 dab\u012bgi antioksidanti un gremo\u0161anu veicino\u0161as sast\u0101vda\u013cas.\ud83e\udda0 Pre- un probiotikas \u2013 atbalsta gremo\u0161anu un stiprina imunit\u0101ti.\ud83d\udc93 Pievienots taur\u012bns \u2013 sirds vesel\u012bbai. Sast\u0101vs: J\u0113ra ga\u013ca 60 % (t.sk. svaiga j\u0113ra ga\u013ca 30 %, kalt\u0113ta j\u0113ra ga\u013ca 22 %, j\u0113ra tauki 5 %, hidroliz\u0113ts j\u0113ra prote\u012bns 3 %), saldais kartupelis, veseli zir\u0146i, kalt\u0113ta lucerna, kalt\u0113ts bie\u0161u m\u012bkstums, cigori\u0146u sakne (inul\u012bna un FOS avots 1 %), ol\u012bve\u013c\u013ca (0,5 %), lins\u0113klas, MOS (mann\u0101na oligosahar\u012bdi 0,15 %), kalt\u0113ts \u0101bols, tom\u0101ts, grie\u0137u sier\u0101boli\u0146\u0161, bumbieris, apels\u012bns, oregano, timi\u0101ns. Piedevas (uz kg): A vitam\u012bns \u2013 24 000 IU, D3 vitam\u012bns \u2013 2 000 IU, E vitam\u012bns \u2013 200 mg, taur\u012bns \u2013 1 500 mg Anal\u012btiskais sast\u0101vs: Kopprote\u012bns 27 %, koptauki 17 %, omega-3 tauksk\u0101bes 0,4 %, omega-6 tauksk\u0101bes 1,3 %, kop\u0161\u0137iedra 4,5 %, pelni 10 %, mitrums 9 %, kalcijs 2 %, fosfors 1 % Metaboliz\u0113jam\u0101 ener\u0123ija: 3 633 kcal\/kg \ud83d\udc9a Ambrosia Fresh Lamb \u2013 t\u012bra j\u0113ra ga\u013ca, t\u012bra ener\u0123ija \u2013 rad\u012bta su\u0146iem, kuri ir peln\u012bju\u0161i lab\u0101ko!","og_url":"https:\/\/miumjau.ee\/lv\/produkts\/ambrosia-holistic-fresh-lamb-ar-galu-bagata-sunu-bariba-5-kg\/","og_site_name":"MiuMjau","article_publisher":"https:\/\/www.facebook.com\/miumjaupood\/","og_image":[{"width":600,"height":800,"url":"https:\/\/miumjau.ee\/wp-content\/uploads\/2025\/04\/ambrosia-adult-fresh-lamb-Photoroom.webp","type":"image\/webp"}],"twitter_card":"summary_large_image","schema":{"@context":"https:\/\/schema.org","@graph":[{"@type":"WebPage","@id":"https:\/\/miumjau.ee\/lv\/produkts\/ambrosia-holistic-fresh-lamb-ar-galu-bagata-sunu-bariba-5-kg\/","url":"https:\/\/miumjau.ee\/lv\/produkts\/ambrosia-holistic-fresh-lamb-ar-galu-bagata-sunu-bariba-5-kg\/","name":"Ambrosia Holistic Fresh Lamb, ar ga\u013cu bag\u0101ta su\u0146u bar\u012bba 5 kg - MiuMjau","isPartOf":{"@id":"https:\/\/miumjau.ee\/#website"},"primaryImageOfPage":{"@id":"https:\/\/miumjau.ee\/lv\/produkts\/ambrosia-holistic-fresh-lamb-ar-galu-bagata-sunu-bariba-5-kg\/#primaryimage"},"image":{"@id":"https:\/\/miumjau.ee\/lv\/produkts\/ambrosia-holistic-fresh-lamb-ar-galu-bagata-sunu-bariba-5-kg\/#primaryimage"},"thumbnailUrl":"https:\/\/miumjau.ee\/wp-content\/uploads\/2025\/04\/ambrosia-adult-fresh-lamb-Photoroom.webp","datePublished":"2025-04-07T12:34:03+00:00","breadcrumb":{"@id":"https:\/\/miumjau.ee\/lv\/produkts\/ambrosia-holistic-fresh-lamb-ar-galu-bagata-sunu-bariba-5-kg\/#breadcrumb"},"inLanguage":"lv-LV","potentialAction":[{"@type":"ReadAction","target":["https:\/\/miumjau.ee\/lv\/produkts\/ambrosia-holistic-fresh-lamb-ar-galu-bagata-sunu-bariba-5-kg\/"]}]},{"@type":"ImageObject","inLanguage":"lv-LV","@id":"https:\/\/miumjau.ee\/lv\/produkts\/ambrosia-holistic-fresh-lamb-ar-galu-bagata-sunu-bariba-5-kg\/#primaryimage","url":"https:\/\/miumjau.ee\/wp-content\/uploads\/2025\/04\/ambrosia-adult-fresh-lamb-Photoroom.webp","contentUrl":"https:\/\/miumjau.ee\/wp-content\/uploads\/2025\/04\/ambrosia-adult-fresh-lamb-Photoroom.webp","width":600,"height":800},{"@type":"BreadcrumbList","@id":"https:\/\/miumjau.ee\/lv\/produkts\/ambrosia-holistic-fresh-lamb-ar-galu-bagata-sunu-bariba-5-kg\/#breadcrumb","itemListElement":[{"@type":"ListItem","position":1,"name":"Home","item":"https:\/\/miumjau.ee\/lv\/"},{"@type":"ListItem","position":2,"name":"Veikals","item":"https:\/\/miumjau.ee\/lv\/veikals\/"},{"@type":"ListItem","position":3,"name":"Ambrosia Holistic Fresh Lamb, ar ga\u013cu bag\u0101ta su\u0146u bar\u012bba 5 kg"}]},{"@type":"WebSite","@id":"https:\/\/miumjau.ee\/#website","url":"https:\/\/miumjau.ee\/","name":"MiuMjau","description":"Kraapimispuud kassidele","publisher":{"@id":"https:\/\/miumjau.ee\/#organization"},"potentialAction":[{"@type":"SearchAction","target":{"@type":"EntryPoint","urlTemplate":"https:\/\/miumjau.ee\/?s={search_term_string}"},"query-input":{"@type":"PropertyValueSpecification","valueRequired":true,"valueName":"search_term_string"}}],"inLanguage":"lv-LV"},{"@type":"Organization","@id":"https:\/\/miumjau.ee\/#organization","name":"MiuMjau O\u00dc","url":"https:\/\/miumjau.ee\/","logo":{"@type":"ImageObject","inLanguage":"lv-LV","@id":"https:\/\/miumjau.ee\/#\/schema\/logo\/image\/","url":"https:\/\/miumjau.ee\/wp-content\/uploads\/2022\/04\/MiuMjau-logo-kollane.png","contentUrl":"https:\/\/miumjau.ee\/wp-content\/uploads\/2022\/04\/MiuMjau-logo-kollane.png","width":219,"height":100,"caption":"MiuMjau O\u00dc"},"image":{"@id":"https:\/\/miumjau.ee\/#\/schema\/logo\/image\/"},"sameAs":["https:\/\/www.facebook.com\/miumjaupood\/"]}]}},"_links":{"self":[{"href":"https:\/\/miumjau.ee\/lv\/wp-json\/wp\/v2\/product\/55309","targetHints":{"allow":["GET"]}}],"collection":[{"href":"https:\/\/miumjau.ee\/lv\/wp-json\/wp\/v2\/product"}],"about":[{"href":"https:\/\/miumjau.ee\/lv\/wp-json\/wp\/v2\/types\/product"}],"wp:featuredmedia":[{"embeddable":true,"href":"https:\/\/miumjau.ee\/lv\/wp-json\/wp\/v2\/media\/50956"}],"wp:attachment":[{"href":"https:\/\/miumjau.ee\/lv\/wp-json\/wp\/v2\/media?parent=55309"}],"wp:term":[{"taxonomy":"product_brand","embeddable":true,"href":"https:\/\/miumjau.ee\/lv\/wp-json\/wp\/v2\/product_brand?post=55309"},{"taxonomy":"product_cat","embeddable":true,"href":"https:\/\/miumjau.ee\/lv\/wp-json\/wp\/v2\/product_cat?post=55309"},{"taxonomy":"product_tag","embeddable":true,"href":"https:\/\/miumjau.ee\/lv\/wp-json\/wp\/v2\/product_tag?post=55309"}],"curies":[{"name":"wp","href":"https:\/\/api.w.org\/{rel}","templated":true}]}}