{"id":55290,"date":"2026-01-27T09:20:56","date_gmt":"2026-01-27T07:20:56","guid":{"rendered":"https:\/\/miumjau.ee\/toode\/madison-ortopediska-gulta-suniem-zala-s\/"},"modified":"2026-01-27T09:20:56","modified_gmt":"2026-01-27T07:20:56","slug":"madison-ortopediska-gulta-suniem-zala-s","status":"publish","type":"product","link":"https:\/\/miumjau.ee\/lv\/produkts\/madison-ortopediska-gulta-suniem-zala-s\/","title":{"rendered":"Madison ortop\u0113disk\u0101 gulta su\u0146iem, za\u013ca S"},"content":{"rendered":"","protected":false},"excerpt":{"rendered":"<p data-start=\"1462\" data-end=\"1648\">Ide\u0101la vieta su\u0146iem ar loc\u012btavu probl\u0113m\u0101m. Izgatavota no iztur\u012bgiem materi\u0101liem un piem\u0113rota intens\u012bvai lieto\u0161anai. Produktam ir OEKO-TEX sertifik\u0101ts, kas garant\u0113 dro\u0161\u012bbu un kvalit\u0101ti.<\/p>\n<p data-start=\"1650\" data-end=\"1688\"><strong data-start=\"1650\" data-end=\"1686\">Galven\u0101s \u012bpa\u0161\u012bbas un tehnolo\u0123ija<\/strong><\/p>\n<ul data-start=\"1690\" data-end=\"2352\">\n<li data-section-id=\"1mr2lll\" data-start=\"1690\" data-end=\"1935\">\n<p data-start=\"1692\" data-end=\"1935\"><strong data-start=\"1692\" data-end=\"1722\">Ortop\u0113disks atmi\u0146as putas:<\/strong> Madison spilveni pild\u012bti ar speci\u0101l\u0101m atmi\u0146as put\u0101m, kas piel\u0101gojas su\u0146a \u0137erme\u0146a formai, nodro\u0161inot optim\u0101lu spiediena sadal\u012bjumu mugurkaulam un loc\u012btav\u0101m. Atmi\u0146as putas k\u013c\u016bst m\u012bkst\u0101kas \u0137erme\u0146a siltuma ietekm\u0113.<\/p>\n<\/li>\n<li data-section-id=\"1ciwb8y\" data-start=\"1936\" data-end=\"2144\">\n<p data-start=\"1938\" data-end=\"2144\"><strong data-start=\"1938\" data-end=\"1961\">Divsl\u0101\u0146u pild\u012bjums:<\/strong> Spilvens sast\u0101v no div\u0101m da\u013c\u0101m \u2013 stingras pamatnes putas un aug\u0161\u0113j\u0101 atmi\u0146as putas. Atmi\u0146as putas p\u0113c spiediena atbr\u012bvo\u0161anas l\u0113n\u0101m atjauno s\u0101kotn\u0113jo formu (aptuveni 0,5\u20135 sekundes).<\/p>\n<\/li>\n<li data-section-id=\"17nwdly\" data-start=\"2145\" data-end=\"2261\">\n<p data-start=\"2147\" data-end=\"2261\"><strong data-start=\"2147\" data-end=\"2170\">Maksim\u0101ls komforts:<\/strong> Spilvens p\u0101rkl\u0101ts ar m\u012bkstu samta audumu (100% poliesters), nodro\u0161inot maksim\u0101lu \u0113rtumu.<\/p>\n<\/li>\n<li data-section-id=\"yfa08i\" data-start=\"2262\" data-end=\"2352\">\n<p data-start=\"2264\" data-end=\"2352\"><strong data-start=\"2264\" data-end=\"2285\">Nesl\u012bdo\u0161a apak\u0161a:<\/strong> Apak\u0161\u0113j\u0101 puse apr\u012bkota ar sa\u0137eres sl\u0101ni, kas tur spilvenu viet\u0101.<\/p>\n<\/li>\n<\/ul>\n<p data-start=\"2354\" data-end=\"2386\"><strong data-start=\"2354\" data-end=\"2384\">K\u0101p\u0113c izv\u0113l\u0113ties \u0161o gultu?<\/strong><\/p>\n<ul data-start=\"2387\" data-end=\"2650\">\n<li data-section-id=\"igjy6\" data-start=\"2387\" data-end=\"2451\">\n<p data-start=\"2389\" data-end=\"2451\"><strong data-start=\"2389\" data-end=\"2416\">\u016adens atgr\u016bdo\u0161s audums:<\/strong> \u0160\u0137idrumi nekav\u0113joties neies\u016bcas.<\/p>\n<\/li>\n<li data-section-id=\"kfvs7n\" data-start=\"2452\" data-end=\"2522\">\n<p data-start=\"2454\" data-end=\"2522\"><strong data-start=\"2454\" data-end=\"2479\">\u016adensiztur\u012bgs sl\u0101nis:<\/strong> Papildu \u016bdensiztur\u012bgs sl\u0101nis zem auduma.<\/p>\n<\/li>\n<li data-section-id=\"1x11ki\" data-start=\"2523\" data-end=\"2576\">\n<p data-start=\"2525\" data-end=\"2576\"><strong data-start=\"2525\" data-end=\"2574\">Dabisks komforts un ilgsto\u0161a svaiguma saj\u016bta.<\/strong><\/p>\n<\/li>\n<li data-section-id=\"cw4vlv\" data-start=\"2577\" data-end=\"2615\">\n<p data-start=\"2579\" data-end=\"2615\"><strong data-start=\"2579\" data-end=\"2613\">Vienk\u0101r\u0161a t\u012br\u012b\u0161ana un kop\u0161ana.<\/strong><\/p>\n<\/li>\n<li data-section-id=\"16hzqz8\" data-start=\"2616\" data-end=\"2650\">\n<p data-start=\"2618\" data-end=\"2650\"><strong data-start=\"2618\" data-end=\"2648\">Kvalitat\u012bvs r\u0101v\u0113jsl\u0113dz\u0113js.<\/strong><\/p>\n<\/li>\n<\/ul>\n<p data-start=\"2652\" data-end=\"2692\"><strong data-start=\"2652\" data-end=\"2674\">Izm\u0113ri (S izm\u0113rs):<\/strong> 45 x 55 x 12 cm<\/p>\n","protected":false},"featured_media":53098,"template":"","meta":[],"product_brand":[],"product_cat":[857],"product_tag":[],"class_list":{"0":"post-55290","1":"product","2":"type-product","3":"status-publish","4":"has-post-thumbnail","6":"product_cat-gultas-paklaji-gulammaisi","8":"first","9":"instock","10":"taxable","11":"shipping-taxable","12":"purchasable","13":"product-type-simple"},"yoast_head":"<!-- This site is optimized with the Yoast SEO plugin v27.4 - https:\/\/yoast.com\/product\/yoast-seo-wordpress\/ -->\n<title>Madison ortop\u0113disk\u0101 gulta su\u0146iem, za\u013ca S - MiuMjau<\/title>\n<meta name=\"robots\" content=\"index, follow, max-snippet:-1, max-image-preview:large, max-video-preview:-1\" \/>\n<link rel=\"canonical\" href=\"https:\/\/miumjau.ee\/lv\/produkts\/madison-ortopediska-gulta-suniem-zala-s\/\" \/>\n<meta property=\"og:locale\" content=\"lv_LV\" \/>\n<meta property=\"og:type\" content=\"article\" \/>\n<meta property=\"og:title\" content=\"Madison ortop\u0113disk\u0101 gulta su\u0146iem, za\u013ca S - MiuMjau\" \/>\n<meta property=\"og:description\" content=\"Ide\u0101la vieta su\u0146iem ar loc\u012btavu probl\u0113m\u0101m. Izgatavota no iztur\u012bgiem materi\u0101liem un piem\u0113rota intens\u012bvai lieto\u0161anai. Produktam ir OEKO-TEX sertifik\u0101ts, kas garant\u0113 dro\u0161\u012bbu un kvalit\u0101ti. Galven\u0101s \u012bpa\u0161\u012bbas un tehnolo\u0123ija     Ortop\u0113disks atmi\u0146as putas: Madison spilveni pild\u012bti ar speci\u0101l\u0101m atmi\u0146as put\u0101m, kas piel\u0101gojas su\u0146a \u0137erme\u0146a formai, nodro\u0161inot optim\u0101lu spiediena sadal\u012bjumu mugurkaulam un loc\u012btav\u0101m. Atmi\u0146as putas k\u013c\u016bst m\u012bkst\u0101kas \u0137erme\u0146a siltuma ietekm\u0113.    Divsl\u0101\u0146u pild\u012bjums: Spilvens sast\u0101v no div\u0101m da\u013c\u0101m \u2013 stingras pamatnes putas un aug\u0161\u0113j\u0101 atmi\u0146as putas. Atmi\u0146as putas p\u0113c spiediena atbr\u012bvo\u0161anas l\u0113n\u0101m atjauno s\u0101kotn\u0113jo formu (aptuveni 0,5\u20135 sekundes).    Maksim\u0101ls komforts: Spilvens p\u0101rkl\u0101ts ar m\u012bkstu samta audumu (100% poliesters), nodro\u0161inot maksim\u0101lu \u0113rtumu.    Nesl\u012bdo\u0161a apak\u0161a: Apak\u0161\u0113j\u0101 puse apr\u012bkota ar sa\u0137eres sl\u0101ni, kas tur spilvenu viet\u0101.   K\u0101p\u0113c izv\u0113l\u0113ties \u0161o gultu?     \u016adens atgr\u016bdo\u0161s audums: \u0160\u0137idrumi nekav\u0113joties neies\u016bcas.    \u016adensiztur\u012bgs sl\u0101nis: Papildu \u016bdensiztur\u012bgs sl\u0101nis zem auduma.    Dabisks komforts un ilgsto\u0161a svaiguma saj\u016bta.    Vienk\u0101r\u0161a t\u012br\u012b\u0161ana un kop\u0161ana.    Kvalitat\u012bvs r\u0101v\u0113jsl\u0113dz\u0113js.   Izm\u0113ri (S izm\u0113rs): 45 x 55 x 12 cm\" \/>\n<meta property=\"og:url\" content=\"https:\/\/miumjau.ee\/lv\/produkts\/madison-ortopediska-gulta-suniem-zala-s\/\" \/>\n<meta property=\"og:site_name\" content=\"MiuMjau\" \/>\n<meta property=\"article:publisher\" content=\"https:\/\/www.facebook.com\/miumjaupood\/\" \/>\n<meta property=\"og:image\" content=\"https:\/\/miumjau.ee\/wp-content\/uploads\/2026\/01\/pesa-koerale6.jpg\" \/>\n\t<meta property=\"og:image:width\" content=\"600\" \/>\n\t<meta property=\"og:image:height\" content=\"800\" \/>\n\t<meta property=\"og:image:type\" content=\"image\/jpeg\" \/>\n<meta name=\"twitter:card\" content=\"summary_large_image\" \/>\n<script type=\"application\/ld+json\" class=\"yoast-schema-graph\">{\"@context\":\"https:\\\/\\\/schema.org\",\"@graph\":[{\"@type\":\"WebPage\",\"@id\":\"https:\\\/\\\/miumjau.ee\\\/lv\\\/produkts\\\/madison-ortopediska-gulta-suniem-zala-s\\\/\",\"url\":\"https:\\\/\\\/miumjau.ee\\\/lv\\\/produkts\\\/madison-ortopediska-gulta-suniem-zala-s\\\/\",\"name\":\"Madison ortop\u0113disk\u0101 gulta su\u0146iem, za\u013ca S - MiuMjau\",\"isPartOf\":{\"@id\":\"https:\\\/\\\/miumjau.ee\\\/#website\"},\"primaryImageOfPage\":{\"@id\":\"https:\\\/\\\/miumjau.ee\\\/lv\\\/produkts\\\/madison-ortopediska-gulta-suniem-zala-s\\\/#primaryimage\"},\"image\":{\"@id\":\"https:\\\/\\\/miumjau.ee\\\/lv\\\/produkts\\\/madison-ortopediska-gulta-suniem-zala-s\\\/#primaryimage\"},\"thumbnailUrl\":\"https:\\\/\\\/miumjau.ee\\\/wp-content\\\/uploads\\\/2026\\\/01\\\/pesa-koerale6.jpg\",\"datePublished\":\"2026-01-27T07:20:56+00:00\",\"breadcrumb\":{\"@id\":\"https:\\\/\\\/miumjau.ee\\\/lv\\\/produkts\\\/madison-ortopediska-gulta-suniem-zala-s\\\/#breadcrumb\"},\"inLanguage\":\"lv-LV\",\"potentialAction\":[{\"@type\":\"ReadAction\",\"target\":[\"https:\\\/\\\/miumjau.ee\\\/lv\\\/produkts\\\/madison-ortopediska-gulta-suniem-zala-s\\\/\"]}]},{\"@type\":\"ImageObject\",\"inLanguage\":\"lv-LV\",\"@id\":\"https:\\\/\\\/miumjau.ee\\\/lv\\\/produkts\\\/madison-ortopediska-gulta-suniem-zala-s\\\/#primaryimage\",\"url\":\"https:\\\/\\\/miumjau.ee\\\/wp-content\\\/uploads\\\/2026\\\/01\\\/pesa-koerale6.jpg\",\"contentUrl\":\"https:\\\/\\\/miumjau.ee\\\/wp-content\\\/uploads\\\/2026\\\/01\\\/pesa-koerale6.jpg\",\"width\":600,\"height\":800,\"caption\":\"Madison ortopeediline pesa koerale, roheline S\"},{\"@type\":\"BreadcrumbList\",\"@id\":\"https:\\\/\\\/miumjau.ee\\\/lv\\\/produkts\\\/madison-ortopediska-gulta-suniem-zala-s\\\/#breadcrumb\",\"itemListElement\":[{\"@type\":\"ListItem\",\"position\":1,\"name\":\"Home\",\"item\":\"https:\\\/\\\/miumjau.ee\\\/lv\\\/\"},{\"@type\":\"ListItem\",\"position\":2,\"name\":\"Veikals\",\"item\":\"https:\\\/\\\/miumjau.ee\\\/lv\\\/veikals\\\/\"},{\"@type\":\"ListItem\",\"position\":3,\"name\":\"Madison ortop\u0113disk\u0101 gulta su\u0146iem, za\u013ca S\"}]},{\"@type\":\"WebSite\",\"@id\":\"https:\\\/\\\/miumjau.ee\\\/#website\",\"url\":\"https:\\\/\\\/miumjau.ee\\\/\",\"name\":\"MiuMjau\",\"description\":\"Kraapimispuud kassidele\",\"publisher\":{\"@id\":\"https:\\\/\\\/miumjau.ee\\\/#organization\"},\"potentialAction\":[{\"@type\":\"SearchAction\",\"target\":{\"@type\":\"EntryPoint\",\"urlTemplate\":\"https:\\\/\\\/miumjau.ee\\\/?s={search_term_string}\"},\"query-input\":{\"@type\":\"PropertyValueSpecification\",\"valueRequired\":true,\"valueName\":\"search_term_string\"}}],\"inLanguage\":\"lv-LV\"},{\"@type\":\"Organization\",\"@id\":\"https:\\\/\\\/miumjau.ee\\\/#organization\",\"name\":\"MiuMjau O\u00dc\",\"url\":\"https:\\\/\\\/miumjau.ee\\\/\",\"logo\":{\"@type\":\"ImageObject\",\"inLanguage\":\"lv-LV\",\"@id\":\"https:\\\/\\\/miumjau.ee\\\/#\\\/schema\\\/logo\\\/image\\\/\",\"url\":\"https:\\\/\\\/miumjau.ee\\\/wp-content\\\/uploads\\\/2022\\\/04\\\/MiuMjau-logo-kollane.png\",\"contentUrl\":\"https:\\\/\\\/miumjau.ee\\\/wp-content\\\/uploads\\\/2022\\\/04\\\/MiuMjau-logo-kollane.png\",\"width\":219,\"height\":100,\"caption\":\"MiuMjau O\u00dc\"},\"image\":{\"@id\":\"https:\\\/\\\/miumjau.ee\\\/#\\\/schema\\\/logo\\\/image\\\/\"},\"sameAs\":[\"https:\\\/\\\/www.facebook.com\\\/miumjaupood\\\/\"]}]}<\/script>\n<!-- \/ Yoast SEO plugin. -->","yoast_head_json":{"title":"Madison ortop\u0113disk\u0101 gulta su\u0146iem, za\u013ca S - MiuMjau","robots":{"index":"index","follow":"follow","max-snippet":"max-snippet:-1","max-image-preview":"max-image-preview:large","max-video-preview":"max-video-preview:-1"},"canonical":"https:\/\/miumjau.ee\/lv\/produkts\/madison-ortopediska-gulta-suniem-zala-s\/","og_locale":"lv_LV","og_type":"article","og_title":"Madison ortop\u0113disk\u0101 gulta su\u0146iem, za\u013ca S - MiuMjau","og_description":"Ide\u0101la vieta su\u0146iem ar loc\u012btavu probl\u0113m\u0101m. Izgatavota no iztur\u012bgiem materi\u0101liem un piem\u0113rota intens\u012bvai lieto\u0161anai. Produktam ir OEKO-TEX sertifik\u0101ts, kas garant\u0113 dro\u0161\u012bbu un kvalit\u0101ti. Galven\u0101s \u012bpa\u0161\u012bbas un tehnolo\u0123ija     Ortop\u0113disks atmi\u0146as putas: Madison spilveni pild\u012bti ar speci\u0101l\u0101m atmi\u0146as put\u0101m, kas piel\u0101gojas su\u0146a \u0137erme\u0146a formai, nodro\u0161inot optim\u0101lu spiediena sadal\u012bjumu mugurkaulam un loc\u012btav\u0101m. Atmi\u0146as putas k\u013c\u016bst m\u012bkst\u0101kas \u0137erme\u0146a siltuma ietekm\u0113.    Divsl\u0101\u0146u pild\u012bjums: Spilvens sast\u0101v no div\u0101m da\u013c\u0101m \u2013 stingras pamatnes putas un aug\u0161\u0113j\u0101 atmi\u0146as putas. Atmi\u0146as putas p\u0113c spiediena atbr\u012bvo\u0161anas l\u0113n\u0101m atjauno s\u0101kotn\u0113jo formu (aptuveni 0,5\u20135 sekundes).    Maksim\u0101ls komforts: Spilvens p\u0101rkl\u0101ts ar m\u012bkstu samta audumu (100% poliesters), nodro\u0161inot maksim\u0101lu \u0113rtumu.    Nesl\u012bdo\u0161a apak\u0161a: Apak\u0161\u0113j\u0101 puse apr\u012bkota ar sa\u0137eres sl\u0101ni, kas tur spilvenu viet\u0101.   K\u0101p\u0113c izv\u0113l\u0113ties \u0161o gultu?     \u016adens atgr\u016bdo\u0161s audums: \u0160\u0137idrumi nekav\u0113joties neies\u016bcas.    \u016adensiztur\u012bgs sl\u0101nis: Papildu \u016bdensiztur\u012bgs sl\u0101nis zem auduma.    Dabisks komforts un ilgsto\u0161a svaiguma saj\u016bta.    Vienk\u0101r\u0161a t\u012br\u012b\u0161ana un kop\u0161ana.    Kvalitat\u012bvs r\u0101v\u0113jsl\u0113dz\u0113js.   Izm\u0113ri (S izm\u0113rs): 45 x 55 x 12 cm","og_url":"https:\/\/miumjau.ee\/lv\/produkts\/madison-ortopediska-gulta-suniem-zala-s\/","og_site_name":"MiuMjau","article_publisher":"https:\/\/www.facebook.com\/miumjaupood\/","og_image":[{"width":600,"height":800,"url":"https:\/\/miumjau.ee\/wp-content\/uploads\/2026\/01\/pesa-koerale6.jpg","type":"image\/jpeg"}],"twitter_card":"summary_large_image","schema":{"@context":"https:\/\/schema.org","@graph":[{"@type":"WebPage","@id":"https:\/\/miumjau.ee\/lv\/produkts\/madison-ortopediska-gulta-suniem-zala-s\/","url":"https:\/\/miumjau.ee\/lv\/produkts\/madison-ortopediska-gulta-suniem-zala-s\/","name":"Madison ortop\u0113disk\u0101 gulta su\u0146iem, za\u013ca S - MiuMjau","isPartOf":{"@id":"https:\/\/miumjau.ee\/#website"},"primaryImageOfPage":{"@id":"https:\/\/miumjau.ee\/lv\/produkts\/madison-ortopediska-gulta-suniem-zala-s\/#primaryimage"},"image":{"@id":"https:\/\/miumjau.ee\/lv\/produkts\/madison-ortopediska-gulta-suniem-zala-s\/#primaryimage"},"thumbnailUrl":"https:\/\/miumjau.ee\/wp-content\/uploads\/2026\/01\/pesa-koerale6.jpg","datePublished":"2026-01-27T07:20:56+00:00","breadcrumb":{"@id":"https:\/\/miumjau.ee\/lv\/produkts\/madison-ortopediska-gulta-suniem-zala-s\/#breadcrumb"},"inLanguage":"lv-LV","potentialAction":[{"@type":"ReadAction","target":["https:\/\/miumjau.ee\/lv\/produkts\/madison-ortopediska-gulta-suniem-zala-s\/"]}]},{"@type":"ImageObject","inLanguage":"lv-LV","@id":"https:\/\/miumjau.ee\/lv\/produkts\/madison-ortopediska-gulta-suniem-zala-s\/#primaryimage","url":"https:\/\/miumjau.ee\/wp-content\/uploads\/2026\/01\/pesa-koerale6.jpg","contentUrl":"https:\/\/miumjau.ee\/wp-content\/uploads\/2026\/01\/pesa-koerale6.jpg","width":600,"height":800,"caption":"Madison ortopeediline pesa koerale, roheline S"},{"@type":"BreadcrumbList","@id":"https:\/\/miumjau.ee\/lv\/produkts\/madison-ortopediska-gulta-suniem-zala-s\/#breadcrumb","itemListElement":[{"@type":"ListItem","position":1,"name":"Home","item":"https:\/\/miumjau.ee\/lv\/"},{"@type":"ListItem","position":2,"name":"Veikals","item":"https:\/\/miumjau.ee\/lv\/veikals\/"},{"@type":"ListItem","position":3,"name":"Madison ortop\u0113disk\u0101 gulta su\u0146iem, za\u013ca S"}]},{"@type":"WebSite","@id":"https:\/\/miumjau.ee\/#website","url":"https:\/\/miumjau.ee\/","name":"MiuMjau","description":"Kraapimispuud kassidele","publisher":{"@id":"https:\/\/miumjau.ee\/#organization"},"potentialAction":[{"@type":"SearchAction","target":{"@type":"EntryPoint","urlTemplate":"https:\/\/miumjau.ee\/?s={search_term_string}"},"query-input":{"@type":"PropertyValueSpecification","valueRequired":true,"valueName":"search_term_string"}}],"inLanguage":"lv-LV"},{"@type":"Organization","@id":"https:\/\/miumjau.ee\/#organization","name":"MiuMjau O\u00dc","url":"https:\/\/miumjau.ee\/","logo":{"@type":"ImageObject","inLanguage":"lv-LV","@id":"https:\/\/miumjau.ee\/#\/schema\/logo\/image\/","url":"https:\/\/miumjau.ee\/wp-content\/uploads\/2022\/04\/MiuMjau-logo-kollane.png","contentUrl":"https:\/\/miumjau.ee\/wp-content\/uploads\/2022\/04\/MiuMjau-logo-kollane.png","width":219,"height":100,"caption":"MiuMjau O\u00dc"},"image":{"@id":"https:\/\/miumjau.ee\/#\/schema\/logo\/image\/"},"sameAs":["https:\/\/www.facebook.com\/miumjaupood\/"]}]}},"_links":{"self":[{"href":"https:\/\/miumjau.ee\/lv\/wp-json\/wp\/v2\/product\/55290","targetHints":{"allow":["GET"]}}],"collection":[{"href":"https:\/\/miumjau.ee\/lv\/wp-json\/wp\/v2\/product"}],"about":[{"href":"https:\/\/miumjau.ee\/lv\/wp-json\/wp\/v2\/types\/product"}],"wp:featuredmedia":[{"embeddable":true,"href":"https:\/\/miumjau.ee\/lv\/wp-json\/wp\/v2\/media\/53098"}],"wp:attachment":[{"href":"https:\/\/miumjau.ee\/lv\/wp-json\/wp\/v2\/media?parent=55290"}],"wp:term":[{"taxonomy":"product_brand","embeddable":true,"href":"https:\/\/miumjau.ee\/lv\/wp-json\/wp\/v2\/product_brand?post=55290"},{"taxonomy":"product_cat","embeddable":true,"href":"https:\/\/miumjau.ee\/lv\/wp-json\/wp\/v2\/product_cat?post=55290"},{"taxonomy":"product_tag","embeddable":true,"href":"https:\/\/miumjau.ee\/lv\/wp-json\/wp\/v2\/product_tag?post=55290"}],"curies":[{"name":"wp","href":"https:\/\/api.w.org\/{rel}","templated":true}]}}