{"id":55284,"date":"2026-01-27T09:27:34","date_gmt":"2026-01-27T07:27:34","guid":{"rendered":"https:\/\/miumjau.ee\/toode\/madison-manchester-lounge-sunu-gulta-zala-s\/"},"modified":"2026-01-27T09:27:34","modified_gmt":"2026-01-27T07:27:34","slug":"madison-manchester-lounge-sunu-gulta-zala-s","status":"publish","type":"product","link":"https:\/\/miumjau.ee\/lv\/produkts\/madison-manchester-lounge-sunu-gulta-zala-s\/","title":{"rendered":"Madison Manchester Lounge su\u0146u gulta, za\u013ca S"},"content":{"rendered":"","protected":false},"excerpt":{"rendered":"<p data-start=\"1315\" data-end=\"1480\">Ide\u0101la vieta su\u0146iem, kuriem pat\u012bk pavad\u012bt laiku \u0101r\u0101. Manchester ir augstas kvalit\u0101tes lounge stila gulta, kas izstr\u0101d\u0101ta, \u0146emot v\u0113r\u0101 komfortu, dro\u0161\u012bbu un iztur\u012bbu.<\/p>\n<p data-start=\"1482\" data-end=\"1508\"><strong data-start=\"1482\" data-end=\"1506\">Materi\u0101ls un kop\u0161ana<\/strong><\/p>\n<ul data-start=\"1510\" data-end=\"2041\">\n<li data-section-id=\"1q6gi5u\" data-start=\"1510\" data-end=\"1662\">\n<p data-start=\"1512\" data-end=\"1662\"><strong data-start=\"1512\" data-end=\"1538\">\u012apa\u0161i iztur\u012bgs audums:<\/strong> Spilvens izgatavots no viena no stipr\u0101kajiem ad\u012btiem materi\u0101liem (100% akrils\/Dralon \u0161\u0137iedras) un ir \u013coti viegli kopjams.<\/p>\n<\/li>\n<li data-section-id=\"oopxrq\" data-start=\"1663\" data-end=\"1816\">\n<p data-start=\"1665\" data-end=\"1816\"><strong data-start=\"1665\" data-end=\"1694\">\u016adens atgr\u016bdo\u0161s p\u0101rvalks:<\/strong> Pateicoties \u012bpa\u0161ai p\u0101rkl\u0101juma k\u0101rtai, atbr\u012bvo\u0161an\u0101s no br\u012bviem mati\u0146iem un traipiem ir vienk\u0101r\u0161a \u2013 vienk\u0101r\u0161i noslaukiet.<\/p>\n<\/li>\n<li data-section-id=\"1xcxrp9\" data-start=\"1817\" data-end=\"1905\">\n<p data-start=\"1819\" data-end=\"1905\"><strong data-start=\"1819\" data-end=\"1842\">Mazg\u0101jams p\u0101rvalks:<\/strong> Spilvena p\u0101rvalks ir no\u0146emams un to var mazg\u0101t ve\u013cas ma\u0161\u012bn\u0101.<\/p>\n<\/li>\n<li data-section-id=\"1voh2ps\" data-start=\"1906\" data-end=\"2041\">\n<p data-start=\"1908\" data-end=\"2041\"><strong data-start=\"1908\" data-end=\"1927\">\u0112rts pild\u012bjums:<\/strong> Izgatavots no p\u0101rstr\u0101d\u0101tas putas un silikona mais\u012bjuma. Lai atjaunotu p\u016bkaino izskatu, pietiek viegli sakrat\u012bt.<\/p>\n<\/li>\n<\/ul>\n<p data-start=\"2043\" data-end=\"2072\"><strong data-start=\"2043\" data-end=\"2070\">Tehnisk\u0101s priek\u0161roc\u012bbas<\/strong><\/p>\n<ul data-start=\"2073\" data-end=\"2326\">\n<li data-section-id=\"erd2ae\" data-start=\"2073\" data-end=\"2121\">\n<p data-start=\"2075\" data-end=\"2121\"><strong data-start=\"2075\" data-end=\"2091\">100% akrils:<\/strong> Nodro\u0161ina auduma ilgm\u016b\u017e\u012bbu.<\/p>\n<\/li>\n<li data-section-id=\"ocr8um\" data-start=\"2122\" data-end=\"2197\">\n<p data-start=\"2124\" data-end=\"2197\"><strong data-start=\"2124\" data-end=\"2156\">Gaisa un mitruma regul\u0113\u0161ana:<\/strong> Materi\u0101ls elpo un nep\u0101rv\u0113r\u0161as smac\u012bgs.<\/p>\n<\/li>\n<li data-section-id=\"1pao5kn\" data-start=\"2198\" data-end=\"2260\">\n<p data-start=\"2200\" data-end=\"2260\"><strong data-start=\"2200\" data-end=\"2225\">Antibakteri\u0101la k\u0101rta:<\/strong> Pal\u012bdz uztur\u0113t gultu higi\u0113nisku.<\/p>\n<\/li>\n<li data-section-id=\"r2rpm1\" data-start=\"2261\" data-end=\"2326\">\n<p data-start=\"2263\" data-end=\"2326\"><strong data-start=\"2263\" data-end=\"2293\">Kvalitat\u012bvs r\u0101v\u0113jsl\u0113dz\u0113js:<\/strong> Iztur\u012bgs un uzticams elements.<\/p>\n<\/li>\n<\/ul>\n<p data-start=\"2328\" data-end=\"2368\"><strong data-start=\"2328\" data-end=\"2350\">Izm\u0113ri (S izm\u0113rs):<\/strong> 80 x 65 x 15 cm<\/p>\n","protected":false},"featured_media":53140,"template":"","meta":[],"product_brand":[],"product_cat":[857],"product_tag":[],"class_list":{"0":"post-55284","1":"product","2":"type-product","3":"status-publish","4":"has-post-thumbnail","6":"product_cat-gultas-paklaji-gulammaisi","8":"first","9":"instock","10":"taxable","11":"shipping-taxable","12":"purchasable","13":"product-type-simple"},"yoast_head":"<!-- This site is optimized with the Yoast SEO plugin v27.4 - https:\/\/yoast.com\/product\/yoast-seo-wordpress\/ -->\n<title>Madison Manchester Lounge su\u0146u gulta, za\u013ca S - MiuMjau<\/title>\n<meta name=\"robots\" content=\"index, follow, max-snippet:-1, max-image-preview:large, max-video-preview:-1\" \/>\n<link rel=\"canonical\" href=\"https:\/\/miumjau.ee\/lv\/produkts\/madison-manchester-lounge-sunu-gulta-zala-s\/\" \/>\n<meta property=\"og:locale\" content=\"lv_LV\" \/>\n<meta property=\"og:type\" content=\"article\" \/>\n<meta property=\"og:title\" content=\"Madison Manchester Lounge su\u0146u gulta, za\u013ca S - MiuMjau\" \/>\n<meta property=\"og:description\" content=\"Ide\u0101la vieta su\u0146iem, kuriem pat\u012bk pavad\u012bt laiku \u0101r\u0101. Manchester ir augstas kvalit\u0101tes lounge stila gulta, kas izstr\u0101d\u0101ta, \u0146emot v\u0113r\u0101 komfortu, dro\u0161\u012bbu un iztur\u012bbu. Materi\u0101ls un kop\u0161ana     \u012apa\u0161i iztur\u012bgs audums: Spilvens izgatavots no viena no stipr\u0101kajiem ad\u012btiem materi\u0101liem (100% akrils\/Dralon \u0161\u0137iedras) un ir \u013coti viegli kopjams.    \u016adens atgr\u016bdo\u0161s p\u0101rvalks: Pateicoties \u012bpa\u0161ai p\u0101rkl\u0101juma k\u0101rtai, atbr\u012bvo\u0161an\u0101s no br\u012bviem mati\u0146iem un traipiem ir vienk\u0101r\u0161a \u2013 vienk\u0101r\u0161i noslaukiet.    Mazg\u0101jams p\u0101rvalks: Spilvena p\u0101rvalks ir no\u0146emams un to var mazg\u0101t ve\u013cas ma\u0161\u012bn\u0101.    \u0112rts pild\u012bjums: Izgatavots no p\u0101rstr\u0101d\u0101tas putas un silikona mais\u012bjuma. Lai atjaunotu p\u016bkaino izskatu, pietiek viegli sakrat\u012bt.   Tehnisk\u0101s priek\u0161roc\u012bbas     100% akrils: Nodro\u0161ina auduma ilgm\u016b\u017e\u012bbu.    Gaisa un mitruma regul\u0113\u0161ana: Materi\u0101ls elpo un nep\u0101rv\u0113r\u0161as smac\u012bgs.    Antibakteri\u0101la k\u0101rta: Pal\u012bdz uztur\u0113t gultu higi\u0113nisku.    Kvalitat\u012bvs r\u0101v\u0113jsl\u0113dz\u0113js: Iztur\u012bgs un uzticams elements.   Izm\u0113ri (S izm\u0113rs): 80 x 65 x 15 cm\" \/>\n<meta property=\"og:url\" content=\"https:\/\/miumjau.ee\/lv\/produkts\/madison-manchester-lounge-sunu-gulta-zala-s\/\" \/>\n<meta property=\"og:site_name\" content=\"MiuMjau\" \/>\n<meta property=\"article:publisher\" content=\"https:\/\/www.facebook.com\/miumjaupood\/\" \/>\n<meta property=\"og:image\" content=\"https:\/\/miumjau.ee\/wp-content\/uploads\/2026\/01\/pesa-koerale13.jpg\" \/>\n\t<meta property=\"og:image:width\" content=\"600\" \/>\n\t<meta property=\"og:image:height\" content=\"800\" \/>\n\t<meta property=\"og:image:type\" content=\"image\/jpeg\" \/>\n<meta name=\"twitter:card\" content=\"summary_large_image\" \/>\n<script type=\"application\/ld+json\" class=\"yoast-schema-graph\">{\"@context\":\"https:\\\/\\\/schema.org\",\"@graph\":[{\"@type\":\"WebPage\",\"@id\":\"https:\\\/\\\/miumjau.ee\\\/lv\\\/produkts\\\/madison-manchester-lounge-sunu-gulta-zala-s\\\/\",\"url\":\"https:\\\/\\\/miumjau.ee\\\/lv\\\/produkts\\\/madison-manchester-lounge-sunu-gulta-zala-s\\\/\",\"name\":\"Madison Manchester Lounge su\u0146u gulta, za\u013ca S - MiuMjau\",\"isPartOf\":{\"@id\":\"https:\\\/\\\/miumjau.ee\\\/#website\"},\"primaryImageOfPage\":{\"@id\":\"https:\\\/\\\/miumjau.ee\\\/lv\\\/produkts\\\/madison-manchester-lounge-sunu-gulta-zala-s\\\/#primaryimage\"},\"image\":{\"@id\":\"https:\\\/\\\/miumjau.ee\\\/lv\\\/produkts\\\/madison-manchester-lounge-sunu-gulta-zala-s\\\/#primaryimage\"},\"thumbnailUrl\":\"https:\\\/\\\/miumjau.ee\\\/wp-content\\\/uploads\\\/2026\\\/01\\\/pesa-koerale13.jpg\",\"datePublished\":\"2026-01-27T07:27:34+00:00\",\"breadcrumb\":{\"@id\":\"https:\\\/\\\/miumjau.ee\\\/lv\\\/produkts\\\/madison-manchester-lounge-sunu-gulta-zala-s\\\/#breadcrumb\"},\"inLanguage\":\"lv-LV\",\"potentialAction\":[{\"@type\":\"ReadAction\",\"target\":[\"https:\\\/\\\/miumjau.ee\\\/lv\\\/produkts\\\/madison-manchester-lounge-sunu-gulta-zala-s\\\/\"]}]},{\"@type\":\"ImageObject\",\"inLanguage\":\"lv-LV\",\"@id\":\"https:\\\/\\\/miumjau.ee\\\/lv\\\/produkts\\\/madison-manchester-lounge-sunu-gulta-zala-s\\\/#primaryimage\",\"url\":\"https:\\\/\\\/miumjau.ee\\\/wp-content\\\/uploads\\\/2026\\\/01\\\/pesa-koerale13.jpg\",\"contentUrl\":\"https:\\\/\\\/miumjau.ee\\\/wp-content\\\/uploads\\\/2026\\\/01\\\/pesa-koerale13.jpg\",\"width\":600,\"height\":800,\"caption\":\"Madison Manchester Lounge koera voodi, roheline S\"},{\"@type\":\"BreadcrumbList\",\"@id\":\"https:\\\/\\\/miumjau.ee\\\/lv\\\/produkts\\\/madison-manchester-lounge-sunu-gulta-zala-s\\\/#breadcrumb\",\"itemListElement\":[{\"@type\":\"ListItem\",\"position\":1,\"name\":\"Home\",\"item\":\"https:\\\/\\\/miumjau.ee\\\/lv\\\/\"},{\"@type\":\"ListItem\",\"position\":2,\"name\":\"Veikals\",\"item\":\"https:\\\/\\\/miumjau.ee\\\/lv\\\/veikals\\\/\"},{\"@type\":\"ListItem\",\"position\":3,\"name\":\"Madison Manchester Lounge su\u0146u gulta, za\u013ca S\"}]},{\"@type\":\"WebSite\",\"@id\":\"https:\\\/\\\/miumjau.ee\\\/#website\",\"url\":\"https:\\\/\\\/miumjau.ee\\\/\",\"name\":\"MiuMjau\",\"description\":\"Kraapimispuud kassidele\",\"publisher\":{\"@id\":\"https:\\\/\\\/miumjau.ee\\\/#organization\"},\"potentialAction\":[{\"@type\":\"SearchAction\",\"target\":{\"@type\":\"EntryPoint\",\"urlTemplate\":\"https:\\\/\\\/miumjau.ee\\\/?s={search_term_string}\"},\"query-input\":{\"@type\":\"PropertyValueSpecification\",\"valueRequired\":true,\"valueName\":\"search_term_string\"}}],\"inLanguage\":\"lv-LV\"},{\"@type\":\"Organization\",\"@id\":\"https:\\\/\\\/miumjau.ee\\\/#organization\",\"name\":\"MiuMjau O\u00dc\",\"url\":\"https:\\\/\\\/miumjau.ee\\\/\",\"logo\":{\"@type\":\"ImageObject\",\"inLanguage\":\"lv-LV\",\"@id\":\"https:\\\/\\\/miumjau.ee\\\/#\\\/schema\\\/logo\\\/image\\\/\",\"url\":\"https:\\\/\\\/miumjau.ee\\\/wp-content\\\/uploads\\\/2022\\\/04\\\/MiuMjau-logo-kollane.png\",\"contentUrl\":\"https:\\\/\\\/miumjau.ee\\\/wp-content\\\/uploads\\\/2022\\\/04\\\/MiuMjau-logo-kollane.png\",\"width\":219,\"height\":100,\"caption\":\"MiuMjau O\u00dc\"},\"image\":{\"@id\":\"https:\\\/\\\/miumjau.ee\\\/#\\\/schema\\\/logo\\\/image\\\/\"},\"sameAs\":[\"https:\\\/\\\/www.facebook.com\\\/miumjaupood\\\/\"]}]}<\/script>\n<!-- \/ Yoast SEO plugin. -->","yoast_head_json":{"title":"Madison Manchester Lounge su\u0146u gulta, za\u013ca S - MiuMjau","robots":{"index":"index","follow":"follow","max-snippet":"max-snippet:-1","max-image-preview":"max-image-preview:large","max-video-preview":"max-video-preview:-1"},"canonical":"https:\/\/miumjau.ee\/lv\/produkts\/madison-manchester-lounge-sunu-gulta-zala-s\/","og_locale":"lv_LV","og_type":"article","og_title":"Madison Manchester Lounge su\u0146u gulta, za\u013ca S - MiuMjau","og_description":"Ide\u0101la vieta su\u0146iem, kuriem pat\u012bk pavad\u012bt laiku \u0101r\u0101. Manchester ir augstas kvalit\u0101tes lounge stila gulta, kas izstr\u0101d\u0101ta, \u0146emot v\u0113r\u0101 komfortu, dro\u0161\u012bbu un iztur\u012bbu. Materi\u0101ls un kop\u0161ana     \u012apa\u0161i iztur\u012bgs audums: Spilvens izgatavots no viena no stipr\u0101kajiem ad\u012btiem materi\u0101liem (100% akrils\/Dralon \u0161\u0137iedras) un ir \u013coti viegli kopjams.    \u016adens atgr\u016bdo\u0161s p\u0101rvalks: Pateicoties \u012bpa\u0161ai p\u0101rkl\u0101juma k\u0101rtai, atbr\u012bvo\u0161an\u0101s no br\u012bviem mati\u0146iem un traipiem ir vienk\u0101r\u0161a \u2013 vienk\u0101r\u0161i noslaukiet.    Mazg\u0101jams p\u0101rvalks: Spilvena p\u0101rvalks ir no\u0146emams un to var mazg\u0101t ve\u013cas ma\u0161\u012bn\u0101.    \u0112rts pild\u012bjums: Izgatavots no p\u0101rstr\u0101d\u0101tas putas un silikona mais\u012bjuma. Lai atjaunotu p\u016bkaino izskatu, pietiek viegli sakrat\u012bt.   Tehnisk\u0101s priek\u0161roc\u012bbas     100% akrils: Nodro\u0161ina auduma ilgm\u016b\u017e\u012bbu.    Gaisa un mitruma regul\u0113\u0161ana: Materi\u0101ls elpo un nep\u0101rv\u0113r\u0161as smac\u012bgs.    Antibakteri\u0101la k\u0101rta: Pal\u012bdz uztur\u0113t gultu higi\u0113nisku.    Kvalitat\u012bvs r\u0101v\u0113jsl\u0113dz\u0113js: Iztur\u012bgs un uzticams elements.   Izm\u0113ri (S izm\u0113rs): 80 x 65 x 15 cm","og_url":"https:\/\/miumjau.ee\/lv\/produkts\/madison-manchester-lounge-sunu-gulta-zala-s\/","og_site_name":"MiuMjau","article_publisher":"https:\/\/www.facebook.com\/miumjaupood\/","og_image":[{"width":600,"height":800,"url":"https:\/\/miumjau.ee\/wp-content\/uploads\/2026\/01\/pesa-koerale13.jpg","type":"image\/jpeg"}],"twitter_card":"summary_large_image","schema":{"@context":"https:\/\/schema.org","@graph":[{"@type":"WebPage","@id":"https:\/\/miumjau.ee\/lv\/produkts\/madison-manchester-lounge-sunu-gulta-zala-s\/","url":"https:\/\/miumjau.ee\/lv\/produkts\/madison-manchester-lounge-sunu-gulta-zala-s\/","name":"Madison Manchester Lounge su\u0146u gulta, za\u013ca S - MiuMjau","isPartOf":{"@id":"https:\/\/miumjau.ee\/#website"},"primaryImageOfPage":{"@id":"https:\/\/miumjau.ee\/lv\/produkts\/madison-manchester-lounge-sunu-gulta-zala-s\/#primaryimage"},"image":{"@id":"https:\/\/miumjau.ee\/lv\/produkts\/madison-manchester-lounge-sunu-gulta-zala-s\/#primaryimage"},"thumbnailUrl":"https:\/\/miumjau.ee\/wp-content\/uploads\/2026\/01\/pesa-koerale13.jpg","datePublished":"2026-01-27T07:27:34+00:00","breadcrumb":{"@id":"https:\/\/miumjau.ee\/lv\/produkts\/madison-manchester-lounge-sunu-gulta-zala-s\/#breadcrumb"},"inLanguage":"lv-LV","potentialAction":[{"@type":"ReadAction","target":["https:\/\/miumjau.ee\/lv\/produkts\/madison-manchester-lounge-sunu-gulta-zala-s\/"]}]},{"@type":"ImageObject","inLanguage":"lv-LV","@id":"https:\/\/miumjau.ee\/lv\/produkts\/madison-manchester-lounge-sunu-gulta-zala-s\/#primaryimage","url":"https:\/\/miumjau.ee\/wp-content\/uploads\/2026\/01\/pesa-koerale13.jpg","contentUrl":"https:\/\/miumjau.ee\/wp-content\/uploads\/2026\/01\/pesa-koerale13.jpg","width":600,"height":800,"caption":"Madison Manchester Lounge koera voodi, roheline S"},{"@type":"BreadcrumbList","@id":"https:\/\/miumjau.ee\/lv\/produkts\/madison-manchester-lounge-sunu-gulta-zala-s\/#breadcrumb","itemListElement":[{"@type":"ListItem","position":1,"name":"Home","item":"https:\/\/miumjau.ee\/lv\/"},{"@type":"ListItem","position":2,"name":"Veikals","item":"https:\/\/miumjau.ee\/lv\/veikals\/"},{"@type":"ListItem","position":3,"name":"Madison Manchester Lounge su\u0146u gulta, za\u013ca S"}]},{"@type":"WebSite","@id":"https:\/\/miumjau.ee\/#website","url":"https:\/\/miumjau.ee\/","name":"MiuMjau","description":"Kraapimispuud kassidele","publisher":{"@id":"https:\/\/miumjau.ee\/#organization"},"potentialAction":[{"@type":"SearchAction","target":{"@type":"EntryPoint","urlTemplate":"https:\/\/miumjau.ee\/?s={search_term_string}"},"query-input":{"@type":"PropertyValueSpecification","valueRequired":true,"valueName":"search_term_string"}}],"inLanguage":"lv-LV"},{"@type":"Organization","@id":"https:\/\/miumjau.ee\/#organization","name":"MiuMjau O\u00dc","url":"https:\/\/miumjau.ee\/","logo":{"@type":"ImageObject","inLanguage":"lv-LV","@id":"https:\/\/miumjau.ee\/#\/schema\/logo\/image\/","url":"https:\/\/miumjau.ee\/wp-content\/uploads\/2022\/04\/MiuMjau-logo-kollane.png","contentUrl":"https:\/\/miumjau.ee\/wp-content\/uploads\/2022\/04\/MiuMjau-logo-kollane.png","width":219,"height":100,"caption":"MiuMjau O\u00dc"},"image":{"@id":"https:\/\/miumjau.ee\/#\/schema\/logo\/image\/"},"sameAs":["https:\/\/www.facebook.com\/miumjaupood\/"]}]}},"_links":{"self":[{"href":"https:\/\/miumjau.ee\/lv\/wp-json\/wp\/v2\/product\/55284","targetHints":{"allow":["GET"]}}],"collection":[{"href":"https:\/\/miumjau.ee\/lv\/wp-json\/wp\/v2\/product"}],"about":[{"href":"https:\/\/miumjau.ee\/lv\/wp-json\/wp\/v2\/types\/product"}],"wp:featuredmedia":[{"embeddable":true,"href":"https:\/\/miumjau.ee\/lv\/wp-json\/wp\/v2\/media\/53140"}],"wp:attachment":[{"href":"https:\/\/miumjau.ee\/lv\/wp-json\/wp\/v2\/media?parent=55284"}],"wp:term":[{"taxonomy":"product_brand","embeddable":true,"href":"https:\/\/miumjau.ee\/lv\/wp-json\/wp\/v2\/product_brand?post=55284"},{"taxonomy":"product_cat","embeddable":true,"href":"https:\/\/miumjau.ee\/lv\/wp-json\/wp\/v2\/product_cat?post=55284"},{"taxonomy":"product_tag","embeddable":true,"href":"https:\/\/miumjau.ee\/lv\/wp-json\/wp\/v2\/product_tag?post=55284"}],"curies":[{"name":"wp","href":"https:\/\/api.w.org\/{rel}","templated":true}]}}