{"id":55271,"date":"2026-01-27T09:32:12","date_gmt":"2026-01-27T07:32:12","guid":{"rendered":"https:\/\/miumjau.ee\/toode\/afp-pingpong-spider-caukstosa-rotallieta-ar-kaku-pipariem\/"},"modified":"2026-01-27T09:32:12","modified_gmt":"2026-01-27T07:32:12","slug":"afp-pingpong-spider-caukstosa-rotallieta-ar-kaku-pipariem","status":"publish","type":"product","link":"https:\/\/miumjau.ee\/lv\/produkts\/afp-pingpong-spider-caukstosa-rotallieta-ar-kaku-pipariem\/","title":{"rendered":"AFP PingPong Spider \u010dauksto\u0161a rota\u013clieta ar ka\u0137u pipariem"},"content":{"rendered":"","protected":false},"excerpt":{"rendered":"<p data-start=\"670\" data-end=\"724\">Rota\u013clieta, kas stimul\u0113 j\u016bsu ka\u0137a med\u012bbu instinktus!<\/p>\n<p data-start=\"726\" data-end=\"959\">\u0160ai rota\u013clietai ir \u010dauksto\u0161s pild\u012bjums un pievienoti ka\u0137u pipari (catnip), padarot sp\u0113li v\u0113l aizraujo\u0161\u0101ku! Ar div\u0101m gar\u0101m k\u0101j\u0101m un fl\u012bsa un pl\u012b\u0161a kombin\u0101ciju t\u0101 ir vienk\u0101r\u0161i neatvair\u0101ma ka\u0137iem. Izgatavota no iztur\u012bgiem materi\u0101liem.<\/p>\n<p data-start=\"961\" data-end=\"1075\"><strong data-start=\"961\" data-end=\"975\">Materi\u0101ls:<\/strong> Fl\u012bss un m\u012bksts pl\u012b\u0161s<br data-start=\"997\" data-end=\"1000\" \/><strong data-start=\"1000\" data-end=\"1013\">Papildus:<\/strong> \u010cauksto\u0161s ska\u0146as efekts un ka\u0137u pipari<br data-start=\"1052\" data-end=\"1055\" \/><strong data-start=\"1055\" data-end=\"1065\">Kr\u0101sa:<\/strong> Nejau\u0161a<\/p>\n","protected":false},"featured_media":53032,"template":"","meta":[],"product_brand":[],"product_cat":[590],"product_tag":[],"class_list":{"0":"post-55271","1":"product","2":"type-product","3":"status-publish","4":"has-post-thumbnail","6":"product_cat-kaku-rotallietas","8":"first","9":"instock","10":"taxable","11":"shipping-taxable","12":"purchasable","13":"product-type-simple"},"yoast_head":"<!-- This site is optimized with the Yoast SEO plugin v27.4 - https:\/\/yoast.com\/product\/yoast-seo-wordpress\/ -->\n<title>AFP PingPong Spider \u010dauksto\u0161a rota\u013clieta ar ka\u0137u pipariem - MiuMjau<\/title>\n<meta name=\"robots\" content=\"index, follow, max-snippet:-1, max-image-preview:large, max-video-preview:-1\" \/>\n<link rel=\"canonical\" href=\"https:\/\/miumjau.ee\/lv\/produkts\/afp-pingpong-spider-caukstosa-rotallieta-ar-kaku-pipariem\/\" \/>\n<meta property=\"og:locale\" content=\"lv_LV\" \/>\n<meta property=\"og:type\" content=\"article\" \/>\n<meta property=\"og:title\" content=\"AFP PingPong Spider \u010dauksto\u0161a rota\u013clieta ar ka\u0137u pipariem - MiuMjau\" \/>\n<meta property=\"og:description\" content=\"Rota\u013clieta, kas stimul\u0113 j\u016bsu ka\u0137a med\u012bbu instinktus! \u0160ai rota\u013clietai ir \u010dauksto\u0161s pild\u012bjums un pievienoti ka\u0137u pipari (catnip), padarot sp\u0113li v\u0113l aizraujo\u0161\u0101ku! Ar div\u0101m gar\u0101m k\u0101j\u0101m un fl\u012bsa un pl\u012b\u0161a kombin\u0101ciju t\u0101 ir vienk\u0101r\u0161i neatvair\u0101ma ka\u0137iem. Izgatavota no iztur\u012bgiem materi\u0101liem. Materi\u0101ls: Fl\u012bss un m\u012bksts pl\u012b\u0161sPapildus: \u010cauksto\u0161s ska\u0146as efekts un ka\u0137u pipariKr\u0101sa: Nejau\u0161a\" \/>\n<meta property=\"og:url\" content=\"https:\/\/miumjau.ee\/lv\/produkts\/afp-pingpong-spider-caukstosa-rotallieta-ar-kaku-pipariem\/\" \/>\n<meta property=\"og:site_name\" content=\"MiuMjau\" \/>\n<meta property=\"article:publisher\" content=\"https:\/\/www.facebook.com\/miumjaupood\/\" \/>\n<meta property=\"og:image\" content=\"https:\/\/miumjau.ee\/wp-content\/uploads\/2026\/01\/manguasikassile4.jpg\" \/>\n\t<meta property=\"og:image:width\" content=\"600\" \/>\n\t<meta property=\"og:image:height\" content=\"800\" \/>\n\t<meta property=\"og:image:type\" content=\"image\/jpeg\" \/>\n<meta name=\"twitter:card\" content=\"summary_large_image\" \/>\n<script type=\"application\/ld+json\" class=\"yoast-schema-graph\">{\"@context\":\"https:\\\/\\\/schema.org\",\"@graph\":[{\"@type\":\"WebPage\",\"@id\":\"https:\\\/\\\/miumjau.ee\\\/lv\\\/produkts\\\/afp-pingpong-spider-caukstosa-rotallieta-ar-kaku-pipariem\\\/\",\"url\":\"https:\\\/\\\/miumjau.ee\\\/lv\\\/produkts\\\/afp-pingpong-spider-caukstosa-rotallieta-ar-kaku-pipariem\\\/\",\"name\":\"AFP PingPong Spider \u010dauksto\u0161a rota\u013clieta ar ka\u0137u pipariem - MiuMjau\",\"isPartOf\":{\"@id\":\"https:\\\/\\\/miumjau.ee\\\/#website\"},\"primaryImageOfPage\":{\"@id\":\"https:\\\/\\\/miumjau.ee\\\/lv\\\/produkts\\\/afp-pingpong-spider-caukstosa-rotallieta-ar-kaku-pipariem\\\/#primaryimage\"},\"image\":{\"@id\":\"https:\\\/\\\/miumjau.ee\\\/lv\\\/produkts\\\/afp-pingpong-spider-caukstosa-rotallieta-ar-kaku-pipariem\\\/#primaryimage\"},\"thumbnailUrl\":\"https:\\\/\\\/miumjau.ee\\\/wp-content\\\/uploads\\\/2026\\\/01\\\/manguasikassile4.jpg\",\"datePublished\":\"2026-01-27T07:32:12+00:00\",\"breadcrumb\":{\"@id\":\"https:\\\/\\\/miumjau.ee\\\/lv\\\/produkts\\\/afp-pingpong-spider-caukstosa-rotallieta-ar-kaku-pipariem\\\/#breadcrumb\"},\"inLanguage\":\"lv-LV\",\"potentialAction\":[{\"@type\":\"ReadAction\",\"target\":[\"https:\\\/\\\/miumjau.ee\\\/lv\\\/produkts\\\/afp-pingpong-spider-caukstosa-rotallieta-ar-kaku-pipariem\\\/\"]}]},{\"@type\":\"ImageObject\",\"inLanguage\":\"lv-LV\",\"@id\":\"https:\\\/\\\/miumjau.ee\\\/lv\\\/produkts\\\/afp-pingpong-spider-caukstosa-rotallieta-ar-kaku-pipariem\\\/#primaryimage\",\"url\":\"https:\\\/\\\/miumjau.ee\\\/wp-content\\\/uploads\\\/2026\\\/01\\\/manguasikassile4.jpg\",\"contentUrl\":\"https:\\\/\\\/miumjau.ee\\\/wp-content\\\/uploads\\\/2026\\\/01\\\/manguasikassile4.jpg\",\"width\":600,\"height\":800,\"caption\":\"AFP PingPong Spider kr\u00f5bisev catnipiga m\u00e4nguasi kassile\"},{\"@type\":\"BreadcrumbList\",\"@id\":\"https:\\\/\\\/miumjau.ee\\\/lv\\\/produkts\\\/afp-pingpong-spider-caukstosa-rotallieta-ar-kaku-pipariem\\\/#breadcrumb\",\"itemListElement\":[{\"@type\":\"ListItem\",\"position\":1,\"name\":\"Home\",\"item\":\"https:\\\/\\\/miumjau.ee\\\/lv\\\/\"},{\"@type\":\"ListItem\",\"position\":2,\"name\":\"Veikals\",\"item\":\"https:\\\/\\\/miumjau.ee\\\/lv\\\/veikals\\\/\"},{\"@type\":\"ListItem\",\"position\":3,\"name\":\"AFP PingPong Spider \u010dauksto\u0161a rota\u013clieta ar ka\u0137u pipariem\"}]},{\"@type\":\"WebSite\",\"@id\":\"https:\\\/\\\/miumjau.ee\\\/#website\",\"url\":\"https:\\\/\\\/miumjau.ee\\\/\",\"name\":\"MiuMjau\",\"description\":\"Kraapimispuud kassidele\",\"publisher\":{\"@id\":\"https:\\\/\\\/miumjau.ee\\\/#organization\"},\"potentialAction\":[{\"@type\":\"SearchAction\",\"target\":{\"@type\":\"EntryPoint\",\"urlTemplate\":\"https:\\\/\\\/miumjau.ee\\\/?s={search_term_string}\"},\"query-input\":{\"@type\":\"PropertyValueSpecification\",\"valueRequired\":true,\"valueName\":\"search_term_string\"}}],\"inLanguage\":\"lv-LV\"},{\"@type\":\"Organization\",\"@id\":\"https:\\\/\\\/miumjau.ee\\\/#organization\",\"name\":\"MiuMjau O\u00dc\",\"url\":\"https:\\\/\\\/miumjau.ee\\\/\",\"logo\":{\"@type\":\"ImageObject\",\"inLanguage\":\"lv-LV\",\"@id\":\"https:\\\/\\\/miumjau.ee\\\/#\\\/schema\\\/logo\\\/image\\\/\",\"url\":\"https:\\\/\\\/miumjau.ee\\\/wp-content\\\/uploads\\\/2022\\\/04\\\/MiuMjau-logo-kollane.png\",\"contentUrl\":\"https:\\\/\\\/miumjau.ee\\\/wp-content\\\/uploads\\\/2022\\\/04\\\/MiuMjau-logo-kollane.png\",\"width\":219,\"height\":100,\"caption\":\"MiuMjau O\u00dc\"},\"image\":{\"@id\":\"https:\\\/\\\/miumjau.ee\\\/#\\\/schema\\\/logo\\\/image\\\/\"},\"sameAs\":[\"https:\\\/\\\/www.facebook.com\\\/miumjaupood\\\/\"]}]}<\/script>\n<!-- \/ Yoast SEO plugin. -->","yoast_head_json":{"title":"AFP PingPong Spider \u010dauksto\u0161a rota\u013clieta ar ka\u0137u pipariem - MiuMjau","robots":{"index":"index","follow":"follow","max-snippet":"max-snippet:-1","max-image-preview":"max-image-preview:large","max-video-preview":"max-video-preview:-1"},"canonical":"https:\/\/miumjau.ee\/lv\/produkts\/afp-pingpong-spider-caukstosa-rotallieta-ar-kaku-pipariem\/","og_locale":"lv_LV","og_type":"article","og_title":"AFP PingPong Spider \u010dauksto\u0161a rota\u013clieta ar ka\u0137u pipariem - MiuMjau","og_description":"Rota\u013clieta, kas stimul\u0113 j\u016bsu ka\u0137a med\u012bbu instinktus! \u0160ai rota\u013clietai ir \u010dauksto\u0161s pild\u012bjums un pievienoti ka\u0137u pipari (catnip), padarot sp\u0113li v\u0113l aizraujo\u0161\u0101ku! Ar div\u0101m gar\u0101m k\u0101j\u0101m un fl\u012bsa un pl\u012b\u0161a kombin\u0101ciju t\u0101 ir vienk\u0101r\u0161i neatvair\u0101ma ka\u0137iem. Izgatavota no iztur\u012bgiem materi\u0101liem. Materi\u0101ls: Fl\u012bss un m\u012bksts pl\u012b\u0161sPapildus: \u010cauksto\u0161s ska\u0146as efekts un ka\u0137u pipariKr\u0101sa: Nejau\u0161a","og_url":"https:\/\/miumjau.ee\/lv\/produkts\/afp-pingpong-spider-caukstosa-rotallieta-ar-kaku-pipariem\/","og_site_name":"MiuMjau","article_publisher":"https:\/\/www.facebook.com\/miumjaupood\/","og_image":[{"width":600,"height":800,"url":"https:\/\/miumjau.ee\/wp-content\/uploads\/2026\/01\/manguasikassile4.jpg","type":"image\/jpeg"}],"twitter_card":"summary_large_image","schema":{"@context":"https:\/\/schema.org","@graph":[{"@type":"WebPage","@id":"https:\/\/miumjau.ee\/lv\/produkts\/afp-pingpong-spider-caukstosa-rotallieta-ar-kaku-pipariem\/","url":"https:\/\/miumjau.ee\/lv\/produkts\/afp-pingpong-spider-caukstosa-rotallieta-ar-kaku-pipariem\/","name":"AFP PingPong Spider \u010dauksto\u0161a rota\u013clieta ar ka\u0137u pipariem - MiuMjau","isPartOf":{"@id":"https:\/\/miumjau.ee\/#website"},"primaryImageOfPage":{"@id":"https:\/\/miumjau.ee\/lv\/produkts\/afp-pingpong-spider-caukstosa-rotallieta-ar-kaku-pipariem\/#primaryimage"},"image":{"@id":"https:\/\/miumjau.ee\/lv\/produkts\/afp-pingpong-spider-caukstosa-rotallieta-ar-kaku-pipariem\/#primaryimage"},"thumbnailUrl":"https:\/\/miumjau.ee\/wp-content\/uploads\/2026\/01\/manguasikassile4.jpg","datePublished":"2026-01-27T07:32:12+00:00","breadcrumb":{"@id":"https:\/\/miumjau.ee\/lv\/produkts\/afp-pingpong-spider-caukstosa-rotallieta-ar-kaku-pipariem\/#breadcrumb"},"inLanguage":"lv-LV","potentialAction":[{"@type":"ReadAction","target":["https:\/\/miumjau.ee\/lv\/produkts\/afp-pingpong-spider-caukstosa-rotallieta-ar-kaku-pipariem\/"]}]},{"@type":"ImageObject","inLanguage":"lv-LV","@id":"https:\/\/miumjau.ee\/lv\/produkts\/afp-pingpong-spider-caukstosa-rotallieta-ar-kaku-pipariem\/#primaryimage","url":"https:\/\/miumjau.ee\/wp-content\/uploads\/2026\/01\/manguasikassile4.jpg","contentUrl":"https:\/\/miumjau.ee\/wp-content\/uploads\/2026\/01\/manguasikassile4.jpg","width":600,"height":800,"caption":"AFP PingPong Spider kr\u00f5bisev catnipiga m\u00e4nguasi kassile"},{"@type":"BreadcrumbList","@id":"https:\/\/miumjau.ee\/lv\/produkts\/afp-pingpong-spider-caukstosa-rotallieta-ar-kaku-pipariem\/#breadcrumb","itemListElement":[{"@type":"ListItem","position":1,"name":"Home","item":"https:\/\/miumjau.ee\/lv\/"},{"@type":"ListItem","position":2,"name":"Veikals","item":"https:\/\/miumjau.ee\/lv\/veikals\/"},{"@type":"ListItem","position":3,"name":"AFP PingPong Spider \u010dauksto\u0161a rota\u013clieta ar ka\u0137u pipariem"}]},{"@type":"WebSite","@id":"https:\/\/miumjau.ee\/#website","url":"https:\/\/miumjau.ee\/","name":"MiuMjau","description":"Kraapimispuud kassidele","publisher":{"@id":"https:\/\/miumjau.ee\/#organization"},"potentialAction":[{"@type":"SearchAction","target":{"@type":"EntryPoint","urlTemplate":"https:\/\/miumjau.ee\/?s={search_term_string}"},"query-input":{"@type":"PropertyValueSpecification","valueRequired":true,"valueName":"search_term_string"}}],"inLanguage":"lv-LV"},{"@type":"Organization","@id":"https:\/\/miumjau.ee\/#organization","name":"MiuMjau O\u00dc","url":"https:\/\/miumjau.ee\/","logo":{"@type":"ImageObject","inLanguage":"lv-LV","@id":"https:\/\/miumjau.ee\/#\/schema\/logo\/image\/","url":"https:\/\/miumjau.ee\/wp-content\/uploads\/2022\/04\/MiuMjau-logo-kollane.png","contentUrl":"https:\/\/miumjau.ee\/wp-content\/uploads\/2022\/04\/MiuMjau-logo-kollane.png","width":219,"height":100,"caption":"MiuMjau O\u00dc"},"image":{"@id":"https:\/\/miumjau.ee\/#\/schema\/logo\/image\/"},"sameAs":["https:\/\/www.facebook.com\/miumjaupood\/"]}]}},"_links":{"self":[{"href":"https:\/\/miumjau.ee\/lv\/wp-json\/wp\/v2\/product\/55271","targetHints":{"allow":["GET"]}}],"collection":[{"href":"https:\/\/miumjau.ee\/lv\/wp-json\/wp\/v2\/product"}],"about":[{"href":"https:\/\/miumjau.ee\/lv\/wp-json\/wp\/v2\/types\/product"}],"wp:featuredmedia":[{"embeddable":true,"href":"https:\/\/miumjau.ee\/lv\/wp-json\/wp\/v2\/media\/53032"}],"wp:attachment":[{"href":"https:\/\/miumjau.ee\/lv\/wp-json\/wp\/v2\/media?parent=55271"}],"wp:term":[{"taxonomy":"product_brand","embeddable":true,"href":"https:\/\/miumjau.ee\/lv\/wp-json\/wp\/v2\/product_brand?post=55271"},{"taxonomy":"product_cat","embeddable":true,"href":"https:\/\/miumjau.ee\/lv\/wp-json\/wp\/v2\/product_cat?post=55271"},{"taxonomy":"product_tag","embeddable":true,"href":"https:\/\/miumjau.ee\/lv\/wp-json\/wp\/v2\/product_tag?post=55271"}],"curies":[{"name":"wp","href":"https:\/\/api.w.org\/{rel}","templated":true}]}}