{"id":55255,"date":"2026-01-27T09:38:33","date_gmt":"2026-01-27T07:38:33","guid":{"rendered":"https:\/\/miumjau.ee\/toode\/minus-one-2-bumbinas-ar-kaku-pipariem\/"},"modified":"2026-01-27T09:38:33","modified_gmt":"2026-01-27T07:38:33","slug":"minus-one-2-bumbinas-ar-kaku-pipariem","status":"publish","type":"product","link":"https:\/\/miumjau.ee\/lv\/produkts\/minus-one-2-bumbinas-ar-kaku-pipariem\/","title":{"rendered":"Minus One 2 bumbi\u0146as ar ka\u0137u pipariem"},"content":{"rendered":"","protected":false},"excerpt":{"rendered":"<p data-start=\"603\" data-end=\"711\">Minus One Classic Felt Cat Toys ir ka\u0137u rota\u013clietu komplekts, kas izgatavots no ilgtsp\u0113j\u012bgiem materi\u0101liem.<\/p>\n<p data-start=\"713\" data-end=\"937\">Rota\u013clietu \u0101rpuse izgatavota no Repreve\u00ae filca, Repreve\u00ae fl\u012bsa un poliestera mais\u012bjuma, bet pild\u012bjums satur ka\u0137u piparus (Nepeta cataria). Repreve\u00ae ir inovat\u012bvs materi\u0101ls, kas izgatavots no p\u0101rstr\u0101d\u0101t\u0101m plastmasas pudel\u0113m.<\/p>\n<p data-start=\"939\" data-end=\"968\">Komplekt\u0101 ir 2 rota\u013clietas.<\/p>\n","protected":false},"featured_media":53038,"template":"","meta":[],"product_brand":[],"product_cat":[590],"product_tag":[],"class_list":{"0":"post-55255","1":"product","2":"type-product","3":"status-publish","4":"has-post-thumbnail","6":"product_cat-kaku-rotallietas","8":"first","9":"instock","10":"taxable","11":"shipping-taxable","12":"purchasable","13":"product-type-simple"},"yoast_head":"<!-- This site is optimized with the Yoast SEO plugin v27.4 - https:\/\/yoast.com\/product\/yoast-seo-wordpress\/ -->\n<title>Minus One 2 bumbi\u0146as ar ka\u0137u pipariem - MiuMjau<\/title>\n<meta name=\"robots\" content=\"index, follow, max-snippet:-1, max-image-preview:large, max-video-preview:-1\" \/>\n<link rel=\"canonical\" href=\"https:\/\/miumjau.ee\/lv\/produkts\/minus-one-2-bumbinas-ar-kaku-pipariem\/\" \/>\n<meta property=\"og:locale\" content=\"lv_LV\" \/>\n<meta property=\"og:type\" content=\"article\" \/>\n<meta property=\"og:title\" content=\"Minus One 2 bumbi\u0146as ar ka\u0137u pipariem - MiuMjau\" \/>\n<meta property=\"og:description\" content=\"Minus One Classic Felt Cat Toys ir ka\u0137u rota\u013clietu komplekts, kas izgatavots no ilgtsp\u0113j\u012bgiem materi\u0101liem. Rota\u013clietu \u0101rpuse izgatavota no Repreve\u00ae filca, Repreve\u00ae fl\u012bsa un poliestera mais\u012bjuma, bet pild\u012bjums satur ka\u0137u piparus (Nepeta cataria). Repreve\u00ae ir inovat\u012bvs materi\u0101ls, kas izgatavots no p\u0101rstr\u0101d\u0101t\u0101m plastmasas pudel\u0113m. Komplekt\u0101 ir 2 rota\u013clietas.\" \/>\n<meta property=\"og:url\" content=\"https:\/\/miumjau.ee\/lv\/produkts\/minus-one-2-bumbinas-ar-kaku-pipariem\/\" \/>\n<meta property=\"og:site_name\" content=\"MiuMjau\" \/>\n<meta property=\"article:publisher\" content=\"https:\/\/www.facebook.com\/miumjaupood\/\" \/>\n<meta property=\"og:image\" content=\"https:\/\/miumjau.ee\/wp-content\/uploads\/2026\/01\/manguasikassile5.jpg\" \/>\n\t<meta property=\"og:image:width\" content=\"600\" \/>\n\t<meta property=\"og:image:height\" content=\"800\" \/>\n\t<meta property=\"og:image:type\" content=\"image\/jpeg\" \/>\n<meta name=\"twitter:card\" content=\"summary_large_image\" \/>\n<script type=\"application\/ld+json\" class=\"yoast-schema-graph\">{\"@context\":\"https:\\\/\\\/schema.org\",\"@graph\":[{\"@type\":\"WebPage\",\"@id\":\"https:\\\/\\\/miumjau.ee\\\/lv\\\/produkts\\\/minus-one-2-bumbinas-ar-kaku-pipariem\\\/\",\"url\":\"https:\\\/\\\/miumjau.ee\\\/lv\\\/produkts\\\/minus-one-2-bumbinas-ar-kaku-pipariem\\\/\",\"name\":\"Minus One 2 bumbi\u0146as ar ka\u0137u pipariem - MiuMjau\",\"isPartOf\":{\"@id\":\"https:\\\/\\\/miumjau.ee\\\/#website\"},\"primaryImageOfPage\":{\"@id\":\"https:\\\/\\\/miumjau.ee\\\/lv\\\/produkts\\\/minus-one-2-bumbinas-ar-kaku-pipariem\\\/#primaryimage\"},\"image\":{\"@id\":\"https:\\\/\\\/miumjau.ee\\\/lv\\\/produkts\\\/minus-one-2-bumbinas-ar-kaku-pipariem\\\/#primaryimage\"},\"thumbnailUrl\":\"https:\\\/\\\/miumjau.ee\\\/wp-content\\\/uploads\\\/2026\\\/01\\\/manguasikassile5.jpg\",\"datePublished\":\"2026-01-27T07:38:33+00:00\",\"breadcrumb\":{\"@id\":\"https:\\\/\\\/miumjau.ee\\\/lv\\\/produkts\\\/minus-one-2-bumbinas-ar-kaku-pipariem\\\/#breadcrumb\"},\"inLanguage\":\"lv-LV\",\"potentialAction\":[{\"@type\":\"ReadAction\",\"target\":[\"https:\\\/\\\/miumjau.ee\\\/lv\\\/produkts\\\/minus-one-2-bumbinas-ar-kaku-pipariem\\\/\"]}]},{\"@type\":\"ImageObject\",\"inLanguage\":\"lv-LV\",\"@id\":\"https:\\\/\\\/miumjau.ee\\\/lv\\\/produkts\\\/minus-one-2-bumbinas-ar-kaku-pipariem\\\/#primaryimage\",\"url\":\"https:\\\/\\\/miumjau.ee\\\/wp-content\\\/uploads\\\/2026\\\/01\\\/manguasikassile5.jpg\",\"contentUrl\":\"https:\\\/\\\/miumjau.ee\\\/wp-content\\\/uploads\\\/2026\\\/01\\\/manguasikassile5.jpg\",\"width\":600,\"height\":800,\"caption\":\"Minus One 2 pallikest kassile catnipiga\"},{\"@type\":\"BreadcrumbList\",\"@id\":\"https:\\\/\\\/miumjau.ee\\\/lv\\\/produkts\\\/minus-one-2-bumbinas-ar-kaku-pipariem\\\/#breadcrumb\",\"itemListElement\":[{\"@type\":\"ListItem\",\"position\":1,\"name\":\"Home\",\"item\":\"https:\\\/\\\/miumjau.ee\\\/lv\\\/\"},{\"@type\":\"ListItem\",\"position\":2,\"name\":\"Veikals\",\"item\":\"https:\\\/\\\/miumjau.ee\\\/lv\\\/veikals\\\/\"},{\"@type\":\"ListItem\",\"position\":3,\"name\":\"Minus One 2 bumbi\u0146as ar ka\u0137u pipariem\"}]},{\"@type\":\"WebSite\",\"@id\":\"https:\\\/\\\/miumjau.ee\\\/#website\",\"url\":\"https:\\\/\\\/miumjau.ee\\\/\",\"name\":\"MiuMjau\",\"description\":\"Kraapimispuud kassidele\",\"publisher\":{\"@id\":\"https:\\\/\\\/miumjau.ee\\\/#organization\"},\"potentialAction\":[{\"@type\":\"SearchAction\",\"target\":{\"@type\":\"EntryPoint\",\"urlTemplate\":\"https:\\\/\\\/miumjau.ee\\\/?s={search_term_string}\"},\"query-input\":{\"@type\":\"PropertyValueSpecification\",\"valueRequired\":true,\"valueName\":\"search_term_string\"}}],\"inLanguage\":\"lv-LV\"},{\"@type\":\"Organization\",\"@id\":\"https:\\\/\\\/miumjau.ee\\\/#organization\",\"name\":\"MiuMjau O\u00dc\",\"url\":\"https:\\\/\\\/miumjau.ee\\\/\",\"logo\":{\"@type\":\"ImageObject\",\"inLanguage\":\"lv-LV\",\"@id\":\"https:\\\/\\\/miumjau.ee\\\/#\\\/schema\\\/logo\\\/image\\\/\",\"url\":\"https:\\\/\\\/miumjau.ee\\\/wp-content\\\/uploads\\\/2022\\\/04\\\/MiuMjau-logo-kollane.png\",\"contentUrl\":\"https:\\\/\\\/miumjau.ee\\\/wp-content\\\/uploads\\\/2022\\\/04\\\/MiuMjau-logo-kollane.png\",\"width\":219,\"height\":100,\"caption\":\"MiuMjau O\u00dc\"},\"image\":{\"@id\":\"https:\\\/\\\/miumjau.ee\\\/#\\\/schema\\\/logo\\\/image\\\/\"},\"sameAs\":[\"https:\\\/\\\/www.facebook.com\\\/miumjaupood\\\/\"]}]}<\/script>\n<!-- \/ Yoast SEO plugin. -->","yoast_head_json":{"title":"Minus One 2 bumbi\u0146as ar ka\u0137u pipariem - MiuMjau","robots":{"index":"index","follow":"follow","max-snippet":"max-snippet:-1","max-image-preview":"max-image-preview:large","max-video-preview":"max-video-preview:-1"},"canonical":"https:\/\/miumjau.ee\/lv\/produkts\/minus-one-2-bumbinas-ar-kaku-pipariem\/","og_locale":"lv_LV","og_type":"article","og_title":"Minus One 2 bumbi\u0146as ar ka\u0137u pipariem - MiuMjau","og_description":"Minus One Classic Felt Cat Toys ir ka\u0137u rota\u013clietu komplekts, kas izgatavots no ilgtsp\u0113j\u012bgiem materi\u0101liem. Rota\u013clietu \u0101rpuse izgatavota no Repreve\u00ae filca, Repreve\u00ae fl\u012bsa un poliestera mais\u012bjuma, bet pild\u012bjums satur ka\u0137u piparus (Nepeta cataria). Repreve\u00ae ir inovat\u012bvs materi\u0101ls, kas izgatavots no p\u0101rstr\u0101d\u0101t\u0101m plastmasas pudel\u0113m. Komplekt\u0101 ir 2 rota\u013clietas.","og_url":"https:\/\/miumjau.ee\/lv\/produkts\/minus-one-2-bumbinas-ar-kaku-pipariem\/","og_site_name":"MiuMjau","article_publisher":"https:\/\/www.facebook.com\/miumjaupood\/","og_image":[{"width":600,"height":800,"url":"https:\/\/miumjau.ee\/wp-content\/uploads\/2026\/01\/manguasikassile5.jpg","type":"image\/jpeg"}],"twitter_card":"summary_large_image","schema":{"@context":"https:\/\/schema.org","@graph":[{"@type":"WebPage","@id":"https:\/\/miumjau.ee\/lv\/produkts\/minus-one-2-bumbinas-ar-kaku-pipariem\/","url":"https:\/\/miumjau.ee\/lv\/produkts\/minus-one-2-bumbinas-ar-kaku-pipariem\/","name":"Minus One 2 bumbi\u0146as ar ka\u0137u pipariem - MiuMjau","isPartOf":{"@id":"https:\/\/miumjau.ee\/#website"},"primaryImageOfPage":{"@id":"https:\/\/miumjau.ee\/lv\/produkts\/minus-one-2-bumbinas-ar-kaku-pipariem\/#primaryimage"},"image":{"@id":"https:\/\/miumjau.ee\/lv\/produkts\/minus-one-2-bumbinas-ar-kaku-pipariem\/#primaryimage"},"thumbnailUrl":"https:\/\/miumjau.ee\/wp-content\/uploads\/2026\/01\/manguasikassile5.jpg","datePublished":"2026-01-27T07:38:33+00:00","breadcrumb":{"@id":"https:\/\/miumjau.ee\/lv\/produkts\/minus-one-2-bumbinas-ar-kaku-pipariem\/#breadcrumb"},"inLanguage":"lv-LV","potentialAction":[{"@type":"ReadAction","target":["https:\/\/miumjau.ee\/lv\/produkts\/minus-one-2-bumbinas-ar-kaku-pipariem\/"]}]},{"@type":"ImageObject","inLanguage":"lv-LV","@id":"https:\/\/miumjau.ee\/lv\/produkts\/minus-one-2-bumbinas-ar-kaku-pipariem\/#primaryimage","url":"https:\/\/miumjau.ee\/wp-content\/uploads\/2026\/01\/manguasikassile5.jpg","contentUrl":"https:\/\/miumjau.ee\/wp-content\/uploads\/2026\/01\/manguasikassile5.jpg","width":600,"height":800,"caption":"Minus One 2 pallikest kassile catnipiga"},{"@type":"BreadcrumbList","@id":"https:\/\/miumjau.ee\/lv\/produkts\/minus-one-2-bumbinas-ar-kaku-pipariem\/#breadcrumb","itemListElement":[{"@type":"ListItem","position":1,"name":"Home","item":"https:\/\/miumjau.ee\/lv\/"},{"@type":"ListItem","position":2,"name":"Veikals","item":"https:\/\/miumjau.ee\/lv\/veikals\/"},{"@type":"ListItem","position":3,"name":"Minus One 2 bumbi\u0146as ar ka\u0137u pipariem"}]},{"@type":"WebSite","@id":"https:\/\/miumjau.ee\/#website","url":"https:\/\/miumjau.ee\/","name":"MiuMjau","description":"Kraapimispuud kassidele","publisher":{"@id":"https:\/\/miumjau.ee\/#organization"},"potentialAction":[{"@type":"SearchAction","target":{"@type":"EntryPoint","urlTemplate":"https:\/\/miumjau.ee\/?s={search_term_string}"},"query-input":{"@type":"PropertyValueSpecification","valueRequired":true,"valueName":"search_term_string"}}],"inLanguage":"lv-LV"},{"@type":"Organization","@id":"https:\/\/miumjau.ee\/#organization","name":"MiuMjau O\u00dc","url":"https:\/\/miumjau.ee\/","logo":{"@type":"ImageObject","inLanguage":"lv-LV","@id":"https:\/\/miumjau.ee\/#\/schema\/logo\/image\/","url":"https:\/\/miumjau.ee\/wp-content\/uploads\/2022\/04\/MiuMjau-logo-kollane.png","contentUrl":"https:\/\/miumjau.ee\/wp-content\/uploads\/2022\/04\/MiuMjau-logo-kollane.png","width":219,"height":100,"caption":"MiuMjau O\u00dc"},"image":{"@id":"https:\/\/miumjau.ee\/#\/schema\/logo\/image\/"},"sameAs":["https:\/\/www.facebook.com\/miumjaupood\/"]}]}},"_links":{"self":[{"href":"https:\/\/miumjau.ee\/lv\/wp-json\/wp\/v2\/product\/55255","targetHints":{"allow":["GET"]}}],"collection":[{"href":"https:\/\/miumjau.ee\/lv\/wp-json\/wp\/v2\/product"}],"about":[{"href":"https:\/\/miumjau.ee\/lv\/wp-json\/wp\/v2\/types\/product"}],"wp:featuredmedia":[{"embeddable":true,"href":"https:\/\/miumjau.ee\/lv\/wp-json\/wp\/v2\/media\/53038"}],"wp:attachment":[{"href":"https:\/\/miumjau.ee\/lv\/wp-json\/wp\/v2\/media?parent=55255"}],"wp:term":[{"taxonomy":"product_brand","embeddable":true,"href":"https:\/\/miumjau.ee\/lv\/wp-json\/wp\/v2\/product_brand?post=55255"},{"taxonomy":"product_cat","embeddable":true,"href":"https:\/\/miumjau.ee\/lv\/wp-json\/wp\/v2\/product_cat?post=55255"},{"taxonomy":"product_tag","embeddable":true,"href":"https:\/\/miumjau.ee\/lv\/wp-json\/wp\/v2\/product_tag?post=55255"}],"curies":[{"name":"wp","href":"https:\/\/api.w.org\/{rel}","templated":true}]}}