{"id":55250,"date":"2026-01-27T09:47:27","date_gmt":"2026-01-27T07:47:27","guid":{"rendered":"https:\/\/miumjau.ee\/toode\/cozy-dog-bunny-sildosa-rotallieta-suniem\/"},"modified":"2026-01-27T09:47:27","modified_gmt":"2026-01-27T07:47:27","slug":"cozy-dog-bunny-sildosa-rotallieta-suniem","status":"publish","type":"product","link":"https:\/\/miumjau.ee\/lv\/produkts\/cozy-dog-bunny-sildosa-rotallieta-suniem\/","title":{"rendered":"Cozy Dog Bunny sildo\u0161a rota\u013clieta su\u0146iem"},"content":{"rendered":"","protected":false},"excerpt":{"rendered":"<p data-start=\"1437\" data-end=\"1672\"><strong data-start=\"1437\" data-end=\"1484\">Cozy Dog Bunny \u2013 m\u012b\u013cais za\u0137\u012btis Tavam sunim<\/strong><br data-start=\"1484\" data-end=\"1487\" \/>Pied\u0101v\u0101 savam sunim siltumu un komfortu ar m\u012bl\u012bgo Cozy Dog Bunny! \u0160\u012b rota\u013clieta nav tikai m\u012bksta, t\u0101 apr\u012bkota ar sirds formas ier\u012bci, kas aktiviz\u0113joties imit\u0113 sirdsdarb\u012bbu 10 min\u016btes.<\/p>\n<p data-start=\"1674\" data-end=\"1990\">Katram Cozy Dog Bunny ir atsevi\u0161\u0137s maisi\u0146\u0161 ar turmal\u012bna akmenti\u0146iem, ko var \u012bsi uzsild\u012bt mikrovi\u013c\u0146u kr\u0101sn\u012b. Rota\u013clieta izstaro pat\u012bkamu siltumu. Siltuma, lavandas arom\u0101ta un sirdsdarb\u012bbas kombin\u0101cija nomierina suni. Ide\u0101li piem\u0113rots kuc\u0113niem, satrauktiem su\u0146iem vai jebkur\u0101 laik\u0101, kad nepiecie\u0161ams vair\u0101k komforta.<\/p>\n<p data-start=\"1992\" data-end=\"2020\"><strong data-start=\"1992\" data-end=\"2018\">Lieto\u0161anas instrukcija<\/strong><\/p>\n<ol data-start=\"2021\" data-end=\"2391\">\n<li data-section-id=\"1te1q1o\" data-start=\"2021\" data-end=\"2083\">\n<p data-start=\"2024\" data-end=\"2083\">Iz\u0146emiet maisi\u0146u ar turmal\u012bna akmenti\u0146iem no rota\u013clietas.<\/p>\n<\/li>\n<li data-section-id=\"y5qts8\" data-start=\"2084\" data-end=\"2127\">\n<p data-start=\"2087\" data-end=\"2127\">Ievietojiet maisi\u0146u mikrovi\u013c\u0146u kr\u0101sn\u012b.<\/p>\n<\/li>\n<li data-section-id=\"18x49sq\" data-start=\"2128\" data-end=\"2200\">\n<p data-start=\"2131\" data-end=\"2200\">Br\u012bdin\u0101jums: P\u0101rm\u0113r\u012bga uzsild\u012b\u0161ana var izrais\u012bt maisi\u0146a kaus\u0113\u0161anos.<\/p>\n<\/li>\n<li data-section-id=\"1sj9bf3\" data-start=\"2201\" data-end=\"2278\">\n<p data-start=\"2204\" data-end=\"2278\">Sildiet s\u0101kotn\u0113ji 10 sekundes, p\u0113c tam p\u0101rbaudiet akmenti\u0146u temperat\u016bru.<\/p>\n<\/li>\n<li data-section-id=\"1rck6x0\" data-start=\"2279\" data-end=\"2391\">\n<p data-start=\"2282\" data-end=\"2391\">Sildiet pak\u0101peniski, lai nepie\u013cautu p\u0101rkar\u0161anu; nevienam nevajadz\u0113tu sevi vai savu m\u0101jdz\u012bvnieku apdedzin\u0101t.<\/p>\n<\/li>\n<\/ol>\n<p data-start=\"2393\" data-end=\"2458\"><strong data-start=\"2393\" data-end=\"2405\">Svar\u012bgi:<\/strong> \u0160\u012b nav ko\u0161\u013c\u0101jama rota\u013clieta; lietojiet uzraudz\u012bb\u0101.<\/p>\n<p data-start=\"2460\" data-end=\"2486\"><strong data-start=\"2460\" data-end=\"2484\">Produkta inform\u0101cija<\/strong><\/p>\n<ul data-start=\"2487\" data-end=\"2593\">\n<li data-section-id=\"37pdxv\" data-start=\"2487\" data-end=\"2509\">\n<p data-start=\"2489\" data-end=\"2509\">Izm\u0113ri: 20 x 30 cm<\/p>\n<\/li>\n<li data-section-id=\"15o0gyu\" data-start=\"2510\" data-end=\"2593\">\n<p data-start=\"2512\" data-end=\"2593\">\u012apa\u0161\u012bbas: Sirdsdarb\u012bbas imit\u0101cija, sildo\u0161s maisi\u0146\u0161, nomierino\u0161a lavandas smar\u017ea<\/p>\n<\/li>\n<\/ul>\n","protected":false},"featured_media":53056,"template":"","meta":[],"product_brand":[],"product_cat":[592],"product_tag":[],"class_list":{"0":"post-55250","1":"product","2":"type-product","3":"status-publish","4":"has-post-thumbnail","6":"product_cat-rotallietas-suniem","8":"first","9":"instock","10":"taxable","11":"shipping-taxable","12":"purchasable","13":"product-type-simple"},"yoast_head":"<!-- This site is optimized with the Yoast SEO plugin v27.4 - https:\/\/yoast.com\/product\/yoast-seo-wordpress\/ -->\n<title>Cozy Dog Bunny sildo\u0161a rota\u013clieta su\u0146iem - MiuMjau<\/title>\n<meta name=\"robots\" content=\"index, follow, max-snippet:-1, max-image-preview:large, max-video-preview:-1\" \/>\n<link rel=\"canonical\" href=\"https:\/\/miumjau.ee\/lv\/produkts\/cozy-dog-bunny-sildosa-rotallieta-suniem\/\" \/>\n<meta property=\"og:locale\" content=\"lv_LV\" \/>\n<meta property=\"og:type\" content=\"article\" \/>\n<meta property=\"og:title\" content=\"Cozy Dog Bunny sildo\u0161a rota\u013clieta su\u0146iem - MiuMjau\" \/>\n<meta property=\"og:description\" content=\"Cozy Dog Bunny \u2013 m\u012b\u013cais za\u0137\u012btis Tavam sunimPied\u0101v\u0101 savam sunim siltumu un komfortu ar m\u012bl\u012bgo Cozy Dog Bunny! \u0160\u012b rota\u013clieta nav tikai m\u012bksta, t\u0101 apr\u012bkota ar sirds formas ier\u012bci, kas aktiviz\u0113joties imit\u0113 sirdsdarb\u012bbu 10 min\u016btes. Katram Cozy Dog Bunny ir atsevi\u0161\u0137s maisi\u0146\u0161 ar turmal\u012bna akmenti\u0146iem, ko var \u012bsi uzsild\u012bt mikrovi\u013c\u0146u kr\u0101sn\u012b. Rota\u013clieta izstaro pat\u012bkamu siltumu. Siltuma, lavandas arom\u0101ta un sirdsdarb\u012bbas kombin\u0101cija nomierina suni. Ide\u0101li piem\u0113rots kuc\u0113niem, satrauktiem su\u0146iem vai jebkur\u0101 laik\u0101, kad nepiecie\u0161ams vair\u0101k komforta. Lieto\u0161anas instrukcija     Iz\u0146emiet maisi\u0146u ar turmal\u012bna akmenti\u0146iem no rota\u013clietas.    Ievietojiet maisi\u0146u mikrovi\u013c\u0146u kr\u0101sn\u012b.    Br\u012bdin\u0101jums: P\u0101rm\u0113r\u012bga uzsild\u012b\u0161ana var izrais\u012bt maisi\u0146a kaus\u0113\u0161anos.    Sildiet s\u0101kotn\u0113ji 10 sekundes, p\u0113c tam p\u0101rbaudiet akmenti\u0146u temperat\u016bru.    Sildiet pak\u0101peniski, lai nepie\u013cautu p\u0101rkar\u0161anu; nevienam nevajadz\u0113tu sevi vai savu m\u0101jdz\u012bvnieku apdedzin\u0101t.   Svar\u012bgi: \u0160\u012b nav ko\u0161\u013c\u0101jama rota\u013clieta; lietojiet uzraudz\u012bb\u0101. Produkta inform\u0101cija     Izm\u0113ri: 20 x 30 cm    \u012apa\u0161\u012bbas: Sirdsdarb\u012bbas imit\u0101cija, sildo\u0161s maisi\u0146\u0161, nomierino\u0161a lavandas smar\u017ea\" \/>\n<meta property=\"og:url\" content=\"https:\/\/miumjau.ee\/lv\/produkts\/cozy-dog-bunny-sildosa-rotallieta-suniem\/\" \/>\n<meta property=\"og:site_name\" content=\"MiuMjau\" \/>\n<meta property=\"article:publisher\" content=\"https:\/\/www.facebook.com\/miumjaupood\/\" \/>\n<meta property=\"og:image\" content=\"https:\/\/miumjau.ee\/wp-content\/uploads\/2026\/01\/manguasi-koerale-roheline-janes2.jpg\" \/>\n\t<meta property=\"og:image:width\" content=\"600\" \/>\n\t<meta property=\"og:image:height\" content=\"800\" \/>\n\t<meta property=\"og:image:type\" content=\"image\/jpeg\" \/>\n<meta name=\"twitter:card\" content=\"summary_large_image\" \/>\n<script type=\"application\/ld+json\" class=\"yoast-schema-graph\">{\"@context\":\"https:\\\/\\\/schema.org\",\"@graph\":[{\"@type\":\"WebPage\",\"@id\":\"https:\\\/\\\/miumjau.ee\\\/lv\\\/produkts\\\/cozy-dog-bunny-sildosa-rotallieta-suniem\\\/\",\"url\":\"https:\\\/\\\/miumjau.ee\\\/lv\\\/produkts\\\/cozy-dog-bunny-sildosa-rotallieta-suniem\\\/\",\"name\":\"Cozy Dog Bunny sildo\u0161a rota\u013clieta su\u0146iem - MiuMjau\",\"isPartOf\":{\"@id\":\"https:\\\/\\\/miumjau.ee\\\/#website\"},\"primaryImageOfPage\":{\"@id\":\"https:\\\/\\\/miumjau.ee\\\/lv\\\/produkts\\\/cozy-dog-bunny-sildosa-rotallieta-suniem\\\/#primaryimage\"},\"image\":{\"@id\":\"https:\\\/\\\/miumjau.ee\\\/lv\\\/produkts\\\/cozy-dog-bunny-sildosa-rotallieta-suniem\\\/#primaryimage\"},\"thumbnailUrl\":\"https:\\\/\\\/miumjau.ee\\\/wp-content\\\/uploads\\\/2026\\\/01\\\/manguasi-koerale-roheline-janes2.jpg\",\"datePublished\":\"2026-01-27T07:47:27+00:00\",\"breadcrumb\":{\"@id\":\"https:\\\/\\\/miumjau.ee\\\/lv\\\/produkts\\\/cozy-dog-bunny-sildosa-rotallieta-suniem\\\/#breadcrumb\"},\"inLanguage\":\"lv-LV\",\"potentialAction\":[{\"@type\":\"ReadAction\",\"target\":[\"https:\\\/\\\/miumjau.ee\\\/lv\\\/produkts\\\/cozy-dog-bunny-sildosa-rotallieta-suniem\\\/\"]}]},{\"@type\":\"ImageObject\",\"inLanguage\":\"lv-LV\",\"@id\":\"https:\\\/\\\/miumjau.ee\\\/lv\\\/produkts\\\/cozy-dog-bunny-sildosa-rotallieta-suniem\\\/#primaryimage\",\"url\":\"https:\\\/\\\/miumjau.ee\\\/wp-content\\\/uploads\\\/2026\\\/01\\\/manguasi-koerale-roheline-janes2.jpg\",\"contentUrl\":\"https:\\\/\\\/miumjau.ee\\\/wp-content\\\/uploads\\\/2026\\\/01\\\/manguasi-koerale-roheline-janes2.jpg\",\"width\":600,\"height\":800,\"caption\":\"Cozy Dog Bunny soojendusega m\u00e4nguasi koerale\"},{\"@type\":\"BreadcrumbList\",\"@id\":\"https:\\\/\\\/miumjau.ee\\\/lv\\\/produkts\\\/cozy-dog-bunny-sildosa-rotallieta-suniem\\\/#breadcrumb\",\"itemListElement\":[{\"@type\":\"ListItem\",\"position\":1,\"name\":\"Home\",\"item\":\"https:\\\/\\\/miumjau.ee\\\/lv\\\/\"},{\"@type\":\"ListItem\",\"position\":2,\"name\":\"Veikals\",\"item\":\"https:\\\/\\\/miumjau.ee\\\/lv\\\/veikals\\\/\"},{\"@type\":\"ListItem\",\"position\":3,\"name\":\"Cozy Dog Bunny sildo\u0161a rota\u013clieta su\u0146iem\"}]},{\"@type\":\"WebSite\",\"@id\":\"https:\\\/\\\/miumjau.ee\\\/#website\",\"url\":\"https:\\\/\\\/miumjau.ee\\\/\",\"name\":\"MiuMjau\",\"description\":\"Kraapimispuud kassidele\",\"publisher\":{\"@id\":\"https:\\\/\\\/miumjau.ee\\\/#organization\"},\"potentialAction\":[{\"@type\":\"SearchAction\",\"target\":{\"@type\":\"EntryPoint\",\"urlTemplate\":\"https:\\\/\\\/miumjau.ee\\\/?s={search_term_string}\"},\"query-input\":{\"@type\":\"PropertyValueSpecification\",\"valueRequired\":true,\"valueName\":\"search_term_string\"}}],\"inLanguage\":\"lv-LV\"},{\"@type\":\"Organization\",\"@id\":\"https:\\\/\\\/miumjau.ee\\\/#organization\",\"name\":\"MiuMjau O\u00dc\",\"url\":\"https:\\\/\\\/miumjau.ee\\\/\",\"logo\":{\"@type\":\"ImageObject\",\"inLanguage\":\"lv-LV\",\"@id\":\"https:\\\/\\\/miumjau.ee\\\/#\\\/schema\\\/logo\\\/image\\\/\",\"url\":\"https:\\\/\\\/miumjau.ee\\\/wp-content\\\/uploads\\\/2022\\\/04\\\/MiuMjau-logo-kollane.png\",\"contentUrl\":\"https:\\\/\\\/miumjau.ee\\\/wp-content\\\/uploads\\\/2022\\\/04\\\/MiuMjau-logo-kollane.png\",\"width\":219,\"height\":100,\"caption\":\"MiuMjau O\u00dc\"},\"image\":{\"@id\":\"https:\\\/\\\/miumjau.ee\\\/#\\\/schema\\\/logo\\\/image\\\/\"},\"sameAs\":[\"https:\\\/\\\/www.facebook.com\\\/miumjaupood\\\/\"]}]}<\/script>\n<!-- \/ Yoast SEO plugin. -->","yoast_head_json":{"title":"Cozy Dog Bunny sildo\u0161a rota\u013clieta su\u0146iem - MiuMjau","robots":{"index":"index","follow":"follow","max-snippet":"max-snippet:-1","max-image-preview":"max-image-preview:large","max-video-preview":"max-video-preview:-1"},"canonical":"https:\/\/miumjau.ee\/lv\/produkts\/cozy-dog-bunny-sildosa-rotallieta-suniem\/","og_locale":"lv_LV","og_type":"article","og_title":"Cozy Dog Bunny sildo\u0161a rota\u013clieta su\u0146iem - MiuMjau","og_description":"Cozy Dog Bunny \u2013 m\u012b\u013cais za\u0137\u012btis Tavam sunimPied\u0101v\u0101 savam sunim siltumu un komfortu ar m\u012bl\u012bgo Cozy Dog Bunny! \u0160\u012b rota\u013clieta nav tikai m\u012bksta, t\u0101 apr\u012bkota ar sirds formas ier\u012bci, kas aktiviz\u0113joties imit\u0113 sirdsdarb\u012bbu 10 min\u016btes. Katram Cozy Dog Bunny ir atsevi\u0161\u0137s maisi\u0146\u0161 ar turmal\u012bna akmenti\u0146iem, ko var \u012bsi uzsild\u012bt mikrovi\u013c\u0146u kr\u0101sn\u012b. Rota\u013clieta izstaro pat\u012bkamu siltumu. Siltuma, lavandas arom\u0101ta un sirdsdarb\u012bbas kombin\u0101cija nomierina suni. Ide\u0101li piem\u0113rots kuc\u0113niem, satrauktiem su\u0146iem vai jebkur\u0101 laik\u0101, kad nepiecie\u0161ams vair\u0101k komforta. Lieto\u0161anas instrukcija     Iz\u0146emiet maisi\u0146u ar turmal\u012bna akmenti\u0146iem no rota\u013clietas.    Ievietojiet maisi\u0146u mikrovi\u013c\u0146u kr\u0101sn\u012b.    Br\u012bdin\u0101jums: P\u0101rm\u0113r\u012bga uzsild\u012b\u0161ana var izrais\u012bt maisi\u0146a kaus\u0113\u0161anos.    Sildiet s\u0101kotn\u0113ji 10 sekundes, p\u0113c tam p\u0101rbaudiet akmenti\u0146u temperat\u016bru.    Sildiet pak\u0101peniski, lai nepie\u013cautu p\u0101rkar\u0161anu; nevienam nevajadz\u0113tu sevi vai savu m\u0101jdz\u012bvnieku apdedzin\u0101t.   Svar\u012bgi: \u0160\u012b nav ko\u0161\u013c\u0101jama rota\u013clieta; lietojiet uzraudz\u012bb\u0101. Produkta inform\u0101cija     Izm\u0113ri: 20 x 30 cm    \u012apa\u0161\u012bbas: Sirdsdarb\u012bbas imit\u0101cija, sildo\u0161s maisi\u0146\u0161, nomierino\u0161a lavandas smar\u017ea","og_url":"https:\/\/miumjau.ee\/lv\/produkts\/cozy-dog-bunny-sildosa-rotallieta-suniem\/","og_site_name":"MiuMjau","article_publisher":"https:\/\/www.facebook.com\/miumjaupood\/","og_image":[{"width":600,"height":800,"url":"https:\/\/miumjau.ee\/wp-content\/uploads\/2026\/01\/manguasi-koerale-roheline-janes2.jpg","type":"image\/jpeg"}],"twitter_card":"summary_large_image","schema":{"@context":"https:\/\/schema.org","@graph":[{"@type":"WebPage","@id":"https:\/\/miumjau.ee\/lv\/produkts\/cozy-dog-bunny-sildosa-rotallieta-suniem\/","url":"https:\/\/miumjau.ee\/lv\/produkts\/cozy-dog-bunny-sildosa-rotallieta-suniem\/","name":"Cozy Dog Bunny sildo\u0161a rota\u013clieta su\u0146iem - MiuMjau","isPartOf":{"@id":"https:\/\/miumjau.ee\/#website"},"primaryImageOfPage":{"@id":"https:\/\/miumjau.ee\/lv\/produkts\/cozy-dog-bunny-sildosa-rotallieta-suniem\/#primaryimage"},"image":{"@id":"https:\/\/miumjau.ee\/lv\/produkts\/cozy-dog-bunny-sildosa-rotallieta-suniem\/#primaryimage"},"thumbnailUrl":"https:\/\/miumjau.ee\/wp-content\/uploads\/2026\/01\/manguasi-koerale-roheline-janes2.jpg","datePublished":"2026-01-27T07:47:27+00:00","breadcrumb":{"@id":"https:\/\/miumjau.ee\/lv\/produkts\/cozy-dog-bunny-sildosa-rotallieta-suniem\/#breadcrumb"},"inLanguage":"lv-LV","potentialAction":[{"@type":"ReadAction","target":["https:\/\/miumjau.ee\/lv\/produkts\/cozy-dog-bunny-sildosa-rotallieta-suniem\/"]}]},{"@type":"ImageObject","inLanguage":"lv-LV","@id":"https:\/\/miumjau.ee\/lv\/produkts\/cozy-dog-bunny-sildosa-rotallieta-suniem\/#primaryimage","url":"https:\/\/miumjau.ee\/wp-content\/uploads\/2026\/01\/manguasi-koerale-roheline-janes2.jpg","contentUrl":"https:\/\/miumjau.ee\/wp-content\/uploads\/2026\/01\/manguasi-koerale-roheline-janes2.jpg","width":600,"height":800,"caption":"Cozy Dog Bunny soojendusega m\u00e4nguasi koerale"},{"@type":"BreadcrumbList","@id":"https:\/\/miumjau.ee\/lv\/produkts\/cozy-dog-bunny-sildosa-rotallieta-suniem\/#breadcrumb","itemListElement":[{"@type":"ListItem","position":1,"name":"Home","item":"https:\/\/miumjau.ee\/lv\/"},{"@type":"ListItem","position":2,"name":"Veikals","item":"https:\/\/miumjau.ee\/lv\/veikals\/"},{"@type":"ListItem","position":3,"name":"Cozy Dog Bunny sildo\u0161a rota\u013clieta su\u0146iem"}]},{"@type":"WebSite","@id":"https:\/\/miumjau.ee\/#website","url":"https:\/\/miumjau.ee\/","name":"MiuMjau","description":"Kraapimispuud kassidele","publisher":{"@id":"https:\/\/miumjau.ee\/#organization"},"potentialAction":[{"@type":"SearchAction","target":{"@type":"EntryPoint","urlTemplate":"https:\/\/miumjau.ee\/?s={search_term_string}"},"query-input":{"@type":"PropertyValueSpecification","valueRequired":true,"valueName":"search_term_string"}}],"inLanguage":"lv-LV"},{"@type":"Organization","@id":"https:\/\/miumjau.ee\/#organization","name":"MiuMjau O\u00dc","url":"https:\/\/miumjau.ee\/","logo":{"@type":"ImageObject","inLanguage":"lv-LV","@id":"https:\/\/miumjau.ee\/#\/schema\/logo\/image\/","url":"https:\/\/miumjau.ee\/wp-content\/uploads\/2022\/04\/MiuMjau-logo-kollane.png","contentUrl":"https:\/\/miumjau.ee\/wp-content\/uploads\/2022\/04\/MiuMjau-logo-kollane.png","width":219,"height":100,"caption":"MiuMjau O\u00dc"},"image":{"@id":"https:\/\/miumjau.ee\/#\/schema\/logo\/image\/"},"sameAs":["https:\/\/www.facebook.com\/miumjaupood\/"]}]}},"_links":{"self":[{"href":"https:\/\/miumjau.ee\/lv\/wp-json\/wp\/v2\/product\/55250","targetHints":{"allow":["GET"]}}],"collection":[{"href":"https:\/\/miumjau.ee\/lv\/wp-json\/wp\/v2\/product"}],"about":[{"href":"https:\/\/miumjau.ee\/lv\/wp-json\/wp\/v2\/types\/product"}],"wp:featuredmedia":[{"embeddable":true,"href":"https:\/\/miumjau.ee\/lv\/wp-json\/wp\/v2\/media\/53056"}],"wp:attachment":[{"href":"https:\/\/miumjau.ee\/lv\/wp-json\/wp\/v2\/media?parent=55250"}],"wp:term":[{"taxonomy":"product_brand","embeddable":true,"href":"https:\/\/miumjau.ee\/lv\/wp-json\/wp\/v2\/product_brand?post=55250"},{"taxonomy":"product_cat","embeddable":true,"href":"https:\/\/miumjau.ee\/lv\/wp-json\/wp\/v2\/product_cat?post=55250"},{"taxonomy":"product_tag","embeddable":true,"href":"https:\/\/miumjau.ee\/lv\/wp-json\/wp\/v2\/product_tag?post=55250"}],"curies":[{"name":"wp","href":"https:\/\/api.w.org\/{rel}","templated":true}]}}