{"id":55245,"date":"2026-01-27T09:50:34","date_gmt":"2026-01-27T07:50:34","guid":{"rendered":"https:\/\/miumjau.ee\/toode\/kong-floppy-knots-bunny-rotallieta-suniem\/"},"modified":"2026-01-27T09:50:34","modified_gmt":"2026-01-27T07:50:34","slug":"kong-floppy-knots-bunny-rotallieta-suniem","status":"publish","type":"product","link":"https:\/\/miumjau.ee\/lv\/produkts\/kong-floppy-knots-bunny-rotallieta-suniem\/","title":{"rendered":"KONG Floppy Knots Bunny rota\u013clieta su\u0146iem"},"content":{"rendered":"","protected":false},"excerpt":{"rendered":"<p data-start=\"832\" data-end=\"1197\">KONG Floppy Knots ir jaun\u0101kie Knots saimes locek\u013ci ar jautru un \u201cpl\u012bsto\u0161u\u201d (floppy) dizainu, kas sniedz sunim aizraujo\u0161u krat\u012b\u0161anas prieku. Iek\u0161\u0113j\u0101 mezglot\u0101 virve \u0161\u0137iet re\u0101listiska su\u0146a koduma laik\u0101 un apmierina t\u0101 med\u012bbu instinktu, kam\u0113r da\u017e\u0101di materi\u0101li un \u010dirksto\u0161as deta\u013cas aicina sp\u0113l\u0113ties. Minim\u0101ls pild\u012bjums samazina net\u012brumus\u2014gatavojieties jautr\u0101m sp\u0113l\u0113m!<\/p>\n<ul data-start=\"1199\" data-end=\"1431\">\n<li data-section-id=\"vn97af\" data-start=\"1199\" data-end=\"1286\">\n<p data-start=\"1201\" data-end=\"1286\"><strong data-start=\"1201\" data-end=\"1248\">Iek\u0161\u0113j\u0101 mezglot\u0101 virve un elast\u012bgs dizains:<\/strong> Apmierina su\u0146a dabiskos instinktus.<\/p>\n<\/li>\n<li data-section-id=\"1y1jkux\" data-start=\"1287\" data-end=\"1359\">\n<p data-start=\"1289\" data-end=\"1359\"><strong data-start=\"1289\" data-end=\"1332\">Da\u017e\u0101di materi\u0101li un \u010dirksto\u0161as deta\u013cas:<\/strong> Aicina sun\u012bti sp\u0113l\u0113ties.<\/p>\n<\/li>\n<li data-section-id=\"1ul69qa\" data-start=\"1360\" data-end=\"1431\">\n<p data-start=\"1362\" data-end=\"1431\"><strong data-start=\"1362\" data-end=\"1385\">Minim\u0101ls pild\u012bjums:<\/strong> Maz\u0101k net\u012brumu, ja rota\u013clieta tiktu boj\u0101ta.<\/p>\n<\/li>\n<\/ul>\n","protected":false},"featured_media":53026,"template":"","meta":[],"product_brand":[],"product_cat":[592],"product_tag":[],"class_list":{"0":"post-55245","1":"product","2":"type-product","3":"status-publish","4":"has-post-thumbnail","6":"product_cat-rotallietas-suniem","8":"first","9":"instock","10":"taxable","11":"shipping-taxable","12":"purchasable","13":"product-type-simple"},"yoast_head":"<!-- This site is optimized with the Yoast SEO plugin v27.2 - https:\/\/yoast.com\/product\/yoast-seo-wordpress\/ -->\n<title>KONG Floppy Knots Bunny rota\u013clieta su\u0146iem - MiuMjau<\/title>\n<meta name=\"robots\" content=\"index, follow, max-snippet:-1, max-image-preview:large, max-video-preview:-1\" \/>\n<link rel=\"canonical\" href=\"https:\/\/miumjau.ee\/lv\/produkts\/kong-floppy-knots-bunny-rotallieta-suniem\/\" \/>\n<meta property=\"og:locale\" content=\"lv_LV\" \/>\n<meta property=\"og:type\" content=\"article\" \/>\n<meta property=\"og:title\" content=\"KONG Floppy Knots Bunny rota\u013clieta su\u0146iem - MiuMjau\" \/>\n<meta property=\"og:description\" content=\"KONG Floppy Knots ir jaun\u0101kie Knots saimes locek\u013ci ar jautru un \u201cpl\u012bsto\u0161u\u201d (floppy) dizainu, kas sniedz sunim aizraujo\u0161u krat\u012b\u0161anas prieku. Iek\u0161\u0113j\u0101 mezglot\u0101 virve \u0161\u0137iet re\u0101listiska su\u0146a koduma laik\u0101 un apmierina t\u0101 med\u012bbu instinktu, kam\u0113r da\u017e\u0101di materi\u0101li un \u010dirksto\u0161as deta\u013cas aicina sp\u0113l\u0113ties. Minim\u0101ls pild\u012bjums samazina net\u012brumus\u2014gatavojieties jautr\u0101m sp\u0113l\u0113m!     Iek\u0161\u0113j\u0101 mezglot\u0101 virve un elast\u012bgs dizains: Apmierina su\u0146a dabiskos instinktus.    Da\u017e\u0101di materi\u0101li un \u010dirksto\u0161as deta\u013cas: Aicina sun\u012bti sp\u0113l\u0113ties.    Minim\u0101ls pild\u012bjums: Maz\u0101k net\u012brumu, ja rota\u013clieta tiktu boj\u0101ta.\" \/>\n<meta property=\"og:url\" content=\"https:\/\/miumjau.ee\/lv\/produkts\/kong-floppy-knots-bunny-rotallieta-suniem\/\" \/>\n<meta property=\"og:site_name\" content=\"MiuMjau\" \/>\n<meta property=\"article:publisher\" content=\"https:\/\/www.facebook.com\/miumjaupood\/\" \/>\n<meta property=\"og:image\" content=\"https:\/\/miumjau.ee\/wp-content\/uploads\/2026\/01\/kong-manguasi-koerale4.jpg\" \/>\n\t<meta property=\"og:image:width\" content=\"600\" \/>\n\t<meta property=\"og:image:height\" content=\"800\" \/>\n\t<meta property=\"og:image:type\" content=\"image\/jpeg\" \/>\n<meta name=\"twitter:card\" content=\"summary_large_image\" \/>\n<script type=\"application\/ld+json\" class=\"yoast-schema-graph\">{\"@context\":\"https:\/\/schema.org\",\"@graph\":[{\"@type\":\"WebPage\",\"@id\":\"https:\/\/miumjau.ee\/lv\/produkts\/kong-floppy-knots-bunny-rotallieta-suniem\/\",\"url\":\"https:\/\/miumjau.ee\/lv\/produkts\/kong-floppy-knots-bunny-rotallieta-suniem\/\",\"name\":\"KONG Floppy Knots Bunny rota\u013clieta su\u0146iem - MiuMjau\",\"isPartOf\":{\"@id\":\"https:\/\/miumjau.ee\/#website\"},\"primaryImageOfPage\":{\"@id\":\"https:\/\/miumjau.ee\/lv\/produkts\/kong-floppy-knots-bunny-rotallieta-suniem\/#primaryimage\"},\"image\":{\"@id\":\"https:\/\/miumjau.ee\/lv\/produkts\/kong-floppy-knots-bunny-rotallieta-suniem\/#primaryimage\"},\"thumbnailUrl\":\"https:\/\/miumjau.ee\/wp-content\/uploads\/2026\/01\/kong-manguasi-koerale4.jpg\",\"datePublished\":\"2026-01-27T07:50:34+00:00\",\"breadcrumb\":{\"@id\":\"https:\/\/miumjau.ee\/lv\/produkts\/kong-floppy-knots-bunny-rotallieta-suniem\/#breadcrumb\"},\"inLanguage\":\"lv-LV\",\"potentialAction\":[{\"@type\":\"ReadAction\",\"target\":[\"https:\/\/miumjau.ee\/lv\/produkts\/kong-floppy-knots-bunny-rotallieta-suniem\/\"]}]},{\"@type\":\"ImageObject\",\"inLanguage\":\"lv-LV\",\"@id\":\"https:\/\/miumjau.ee\/lv\/produkts\/kong-floppy-knots-bunny-rotallieta-suniem\/#primaryimage\",\"url\":\"https:\/\/miumjau.ee\/wp-content\/uploads\/2026\/01\/kong-manguasi-koerale4.jpg\",\"contentUrl\":\"https:\/\/miumjau.ee\/wp-content\/uploads\/2026\/01\/kong-manguasi-koerale4.jpg\",\"width\":600,\"height\":800,\"caption\":\"KONG Floppy Knots Bunny m\u00e4nguasi koerale\"},{\"@type\":\"BreadcrumbList\",\"@id\":\"https:\/\/miumjau.ee\/lv\/produkts\/kong-floppy-knots-bunny-rotallieta-suniem\/#breadcrumb\",\"itemListElement\":[{\"@type\":\"ListItem\",\"position\":1,\"name\":\"Home\",\"item\":\"https:\/\/miumjau.ee\/lv\/\"},{\"@type\":\"ListItem\",\"position\":2,\"name\":\"Veikals\",\"item\":\"https:\/\/miumjau.ee\/lv\/veikals\/\"},{\"@type\":\"ListItem\",\"position\":3,\"name\":\"KONG Floppy Knots Bunny rota\u013clieta su\u0146iem\"}]},{\"@type\":\"WebSite\",\"@id\":\"https:\/\/miumjau.ee\/#website\",\"url\":\"https:\/\/miumjau.ee\/\",\"name\":\"MiuMjau\",\"description\":\"Kraapimispuud kassidele\",\"publisher\":{\"@id\":\"https:\/\/miumjau.ee\/#organization\"},\"potentialAction\":[{\"@type\":\"SearchAction\",\"target\":{\"@type\":\"EntryPoint\",\"urlTemplate\":\"https:\/\/miumjau.ee\/?s={search_term_string}\"},\"query-input\":{\"@type\":\"PropertyValueSpecification\",\"valueRequired\":true,\"valueName\":\"search_term_string\"}}],\"inLanguage\":\"lv-LV\"},{\"@type\":\"Organization\",\"@id\":\"https:\/\/miumjau.ee\/#organization\",\"name\":\"MiuMjau O\u00dc\",\"url\":\"https:\/\/miumjau.ee\/\",\"logo\":{\"@type\":\"ImageObject\",\"inLanguage\":\"lv-LV\",\"@id\":\"https:\/\/miumjau.ee\/#\/schema\/logo\/image\/\",\"url\":\"https:\/\/miumjau.ee\/wp-content\/uploads\/2022\/04\/MiuMjau-logo-kollane.png\",\"contentUrl\":\"https:\/\/miumjau.ee\/wp-content\/uploads\/2022\/04\/MiuMjau-logo-kollane.png\",\"width\":219,\"height\":100,\"caption\":\"MiuMjau O\u00dc\"},\"image\":{\"@id\":\"https:\/\/miumjau.ee\/#\/schema\/logo\/image\/\"},\"sameAs\":[\"https:\/\/www.facebook.com\/miumjaupood\/\"]}]}<\/script>\n<!-- \/ Yoast SEO plugin. -->","yoast_head_json":{"title":"KONG Floppy Knots Bunny rota\u013clieta su\u0146iem - MiuMjau","robots":{"index":"index","follow":"follow","max-snippet":"max-snippet:-1","max-image-preview":"max-image-preview:large","max-video-preview":"max-video-preview:-1"},"canonical":"https:\/\/miumjau.ee\/lv\/produkts\/kong-floppy-knots-bunny-rotallieta-suniem\/","og_locale":"lv_LV","og_type":"article","og_title":"KONG Floppy Knots Bunny rota\u013clieta su\u0146iem - MiuMjau","og_description":"KONG Floppy Knots ir jaun\u0101kie Knots saimes locek\u013ci ar jautru un \u201cpl\u012bsto\u0161u\u201d (floppy) dizainu, kas sniedz sunim aizraujo\u0161u krat\u012b\u0161anas prieku. Iek\u0161\u0113j\u0101 mezglot\u0101 virve \u0161\u0137iet re\u0101listiska su\u0146a koduma laik\u0101 un apmierina t\u0101 med\u012bbu instinktu, kam\u0113r da\u017e\u0101di materi\u0101li un \u010dirksto\u0161as deta\u013cas aicina sp\u0113l\u0113ties. Minim\u0101ls pild\u012bjums samazina net\u012brumus\u2014gatavojieties jautr\u0101m sp\u0113l\u0113m!     Iek\u0161\u0113j\u0101 mezglot\u0101 virve un elast\u012bgs dizains: Apmierina su\u0146a dabiskos instinktus.    Da\u017e\u0101di materi\u0101li un \u010dirksto\u0161as deta\u013cas: Aicina sun\u012bti sp\u0113l\u0113ties.    Minim\u0101ls pild\u012bjums: Maz\u0101k net\u012brumu, ja rota\u013clieta tiktu boj\u0101ta.","og_url":"https:\/\/miumjau.ee\/lv\/produkts\/kong-floppy-knots-bunny-rotallieta-suniem\/","og_site_name":"MiuMjau","article_publisher":"https:\/\/www.facebook.com\/miumjaupood\/","og_image":[{"width":600,"height":800,"url":"https:\/\/miumjau.ee\/wp-content\/uploads\/2026\/01\/kong-manguasi-koerale4.jpg","type":"image\/jpeg"}],"twitter_card":"summary_large_image","schema":{"@context":"https:\/\/schema.org","@graph":[{"@type":"WebPage","@id":"https:\/\/miumjau.ee\/lv\/produkts\/kong-floppy-knots-bunny-rotallieta-suniem\/","url":"https:\/\/miumjau.ee\/lv\/produkts\/kong-floppy-knots-bunny-rotallieta-suniem\/","name":"KONG Floppy Knots Bunny rota\u013clieta su\u0146iem - MiuMjau","isPartOf":{"@id":"https:\/\/miumjau.ee\/#website"},"primaryImageOfPage":{"@id":"https:\/\/miumjau.ee\/lv\/produkts\/kong-floppy-knots-bunny-rotallieta-suniem\/#primaryimage"},"image":{"@id":"https:\/\/miumjau.ee\/lv\/produkts\/kong-floppy-knots-bunny-rotallieta-suniem\/#primaryimage"},"thumbnailUrl":"https:\/\/miumjau.ee\/wp-content\/uploads\/2026\/01\/kong-manguasi-koerale4.jpg","datePublished":"2026-01-27T07:50:34+00:00","breadcrumb":{"@id":"https:\/\/miumjau.ee\/lv\/produkts\/kong-floppy-knots-bunny-rotallieta-suniem\/#breadcrumb"},"inLanguage":"lv-LV","potentialAction":[{"@type":"ReadAction","target":["https:\/\/miumjau.ee\/lv\/produkts\/kong-floppy-knots-bunny-rotallieta-suniem\/"]}]},{"@type":"ImageObject","inLanguage":"lv-LV","@id":"https:\/\/miumjau.ee\/lv\/produkts\/kong-floppy-knots-bunny-rotallieta-suniem\/#primaryimage","url":"https:\/\/miumjau.ee\/wp-content\/uploads\/2026\/01\/kong-manguasi-koerale4.jpg","contentUrl":"https:\/\/miumjau.ee\/wp-content\/uploads\/2026\/01\/kong-manguasi-koerale4.jpg","width":600,"height":800,"caption":"KONG Floppy Knots Bunny m\u00e4nguasi koerale"},{"@type":"BreadcrumbList","@id":"https:\/\/miumjau.ee\/lv\/produkts\/kong-floppy-knots-bunny-rotallieta-suniem\/#breadcrumb","itemListElement":[{"@type":"ListItem","position":1,"name":"Home","item":"https:\/\/miumjau.ee\/lv\/"},{"@type":"ListItem","position":2,"name":"Veikals","item":"https:\/\/miumjau.ee\/lv\/veikals\/"},{"@type":"ListItem","position":3,"name":"KONG Floppy Knots Bunny rota\u013clieta su\u0146iem"}]},{"@type":"WebSite","@id":"https:\/\/miumjau.ee\/#website","url":"https:\/\/miumjau.ee\/","name":"MiuMjau","description":"Kraapimispuud kassidele","publisher":{"@id":"https:\/\/miumjau.ee\/#organization"},"potentialAction":[{"@type":"SearchAction","target":{"@type":"EntryPoint","urlTemplate":"https:\/\/miumjau.ee\/?s={search_term_string}"},"query-input":{"@type":"PropertyValueSpecification","valueRequired":true,"valueName":"search_term_string"}}],"inLanguage":"lv-LV"},{"@type":"Organization","@id":"https:\/\/miumjau.ee\/#organization","name":"MiuMjau O\u00dc","url":"https:\/\/miumjau.ee\/","logo":{"@type":"ImageObject","inLanguage":"lv-LV","@id":"https:\/\/miumjau.ee\/#\/schema\/logo\/image\/","url":"https:\/\/miumjau.ee\/wp-content\/uploads\/2022\/04\/MiuMjau-logo-kollane.png","contentUrl":"https:\/\/miumjau.ee\/wp-content\/uploads\/2022\/04\/MiuMjau-logo-kollane.png","width":219,"height":100,"caption":"MiuMjau O\u00dc"},"image":{"@id":"https:\/\/miumjau.ee\/#\/schema\/logo\/image\/"},"sameAs":["https:\/\/www.facebook.com\/miumjaupood\/"]}]}},"_links":{"self":[{"href":"https:\/\/miumjau.ee\/lv\/wp-json\/wp\/v2\/product\/55245","targetHints":{"allow":["GET"]}}],"collection":[{"href":"https:\/\/miumjau.ee\/lv\/wp-json\/wp\/v2\/product"}],"about":[{"href":"https:\/\/miumjau.ee\/lv\/wp-json\/wp\/v2\/types\/product"}],"wp:featuredmedia":[{"embeddable":true,"href":"https:\/\/miumjau.ee\/lv\/wp-json\/wp\/v2\/media\/53026"}],"wp:attachment":[{"href":"https:\/\/miumjau.ee\/lv\/wp-json\/wp\/v2\/media?parent=55245"}],"wp:term":[{"taxonomy":"product_brand","embeddable":true,"href":"https:\/\/miumjau.ee\/lv\/wp-json\/wp\/v2\/product_brand?post=55245"},{"taxonomy":"product_cat","embeddable":true,"href":"https:\/\/miumjau.ee\/lv\/wp-json\/wp\/v2\/product_cat?post=55245"},{"taxonomy":"product_tag","embeddable":true,"href":"https:\/\/miumjau.ee\/lv\/wp-json\/wp\/v2\/product_tag?post=55245"}],"curies":[{"name":"wp","href":"https:\/\/api.w.org\/{rel}","templated":true}]}}