{"id":55238,"date":"2026-01-27T09:55:09","date_gmt":"2026-01-27T07:55:09","guid":{"rendered":"https:\/\/miumjau.ee\/toode\/kong-maxx-tug-rotallieta-suniem\/"},"modified":"2026-01-27T09:55:09","modified_gmt":"2026-01-27T07:55:09","slug":"kong-maxx-tug-rotallieta-suniem","status":"publish","type":"product","link":"https:\/\/miumjau.ee\/lv\/produkts\/kong-maxx-tug-rotallieta-suniem\/","title":{"rendered":"KONG Maxx Tug rota\u013clieta su\u0146iem"},"content":{"rendered":"","protected":false},"excerpt":{"rendered":"<p data-start=\"1277\" data-end=\"1849\"><strong data-start=\"1277\" data-end=\"1310\">KONG Maxx \u2013 izveidots iztur\u0113t<\/strong><br data-start=\"1310\" data-end=\"1313\" \/>KONG Maxx rota\u013clietas izstr\u0101d\u0101tas molekul\u0101r\u0101 l\u012bmen\u012b, lai nodro\u0161in\u0101tu maksim\u0101lu iztur\u012bbu, ilgsto\u0161u prieku sp\u0113l\u0113 un apmierin\u0101tu pat sp\u0113c\u012bg\u0101kos su\u0146u atnes\u0161anas instinktus. Rota\u013clietas p\u0101rkl\u0101tas ar materi\u0101lu, kas ir l\u012bdz piec\u0101m reiz\u0113m iztur\u012bg\u0101ks pret durv\u0113m nek\u0101 parasts pl\u012b\u0161a materi\u0101ls. \u0160\u012bs m\u012bkst\u0101s, bet iztur\u012bg\u0101s rota\u013clietas ir izgatavotas no \u012bpa\u0161i stipras diega un minim\u0101la \u0161uvuma, nodro\u0161inot ilgm\u016b\u017e\u012bbu jebkur\u0101 situ\u0101cij\u0101. Divk\u0101r\u0161s audums palielina iztur\u012bbu piedz\u012bvojumu piln\u0101m aktivit\u0101t\u0113m, un iek\u0161\u0113j\u0101 \u010dirkstul\u012bte saglab\u0101 su\u0146a interesi.<\/p>\n<p data-start=\"1851\" data-end=\"1880\"><strong data-start=\"1851\" data-end=\"1878\">Produkta priek\u0161roc\u012bbas:<\/strong><\/p>\n<ul data-start=\"1881\" data-end=\"2354\">\n<li data-section-id=\"1jl2bd7\" data-start=\"1881\" data-end=\"1953\">\n<p data-start=\"1883\" data-end=\"1953\"><strong data-start=\"1883\" data-end=\"1903\">Divk\u0101r\u0161s audums:<\/strong> Palielina iztur\u012bbu akt\u012bv\u0101m piedz\u012bvojumu sp\u0113l\u0113m.<\/p>\n<\/li>\n<li data-section-id=\"qsg17r\" data-start=\"1954\" data-end=\"2016\">\n<p data-start=\"1956\" data-end=\"2016\"><strong data-start=\"1956\" data-end=\"1980\">Iek\u0161\u0113j\u0101 \u010dirkstul\u012bte:<\/strong> Stimul\u0113 su\u0146a dabiskos instinktus.<\/p>\n<\/li>\n<li data-section-id=\"1dg6ze6\" data-start=\"2017\" data-end=\"2093\">\n<p data-start=\"2019\" data-end=\"2093\"><strong data-start=\"2019\" data-end=\"2060\">Ide\u0101li piem\u0113rots interakt\u012bvai sp\u0113lei:<\/strong> Piem\u0113rots gan telp\u0101s, gan \u0101r\u0101.<\/p>\n<\/li>\n<li data-section-id=\"1rb8e39\" data-start=\"2094\" data-end=\"2172\">\n<p data-start=\"2096\" data-end=\"2172\"><strong data-start=\"2096\" data-end=\"2115\">\u012apa\u0161i iztur\u012bgs:<\/strong> Dom\u0101ts nopietn\u0101m atnes\u0161anas sp\u0113l\u0113m un stiprai ko\u0161anai.<\/p>\n<\/li>\n<li data-section-id=\"qkpwy9\" data-start=\"2173\" data-end=\"2264\">\n<p data-start=\"2175\" data-end=\"2264\"><strong data-start=\"2175\" data-end=\"2228\">Iev\u0113rojami stipr\u0101ks nek\u0101 parasts pl\u012b\u0161a materi\u0101ls:<\/strong> Nodro\u0161ina ilgsto\u0161u sp\u0113les prieku.<\/p>\n<\/li>\n<li data-section-id=\"1nfs6lm\" data-start=\"2265\" data-end=\"2354\">\n<p data-start=\"2267\" data-end=\"2354\"><strong data-start=\"2267\" data-end=\"2308\">\u012apa\u0161i stiprs diegs un minim\u0101li \u0161uves:<\/strong> Maksim\u0101la iztur\u012bba pat intens\u012bv\u0101k\u0101s sp\u0113l\u0113s.<\/p>\n<\/li>\n<\/ul>\n","protected":false},"featured_media":53020,"template":"","meta":[],"product_brand":[],"product_cat":[592],"product_tag":[],"class_list":{"0":"post-55238","1":"product","2":"type-product","3":"status-publish","4":"has-post-thumbnail","6":"product_cat-rotallietas-suniem","8":"first","9":"instock","10":"taxable","11":"shipping-taxable","12":"purchasable","13":"product-type-simple"},"yoast_head":"<!-- This site is optimized with the Yoast SEO plugin v27.2 - https:\/\/yoast.com\/product\/yoast-seo-wordpress\/ -->\n<title>KONG Maxx Tug rota\u013clieta su\u0146iem - MiuMjau<\/title>\n<meta name=\"robots\" content=\"index, follow, max-snippet:-1, max-image-preview:large, max-video-preview:-1\" \/>\n<link rel=\"canonical\" href=\"https:\/\/miumjau.ee\/lv\/produkts\/kong-maxx-tug-rotallieta-suniem\/\" \/>\n<meta property=\"og:locale\" content=\"lv_LV\" \/>\n<meta property=\"og:type\" content=\"article\" \/>\n<meta property=\"og:title\" content=\"KONG Maxx Tug rota\u013clieta su\u0146iem - MiuMjau\" \/>\n<meta property=\"og:description\" content=\"KONG Maxx \u2013 izveidots iztur\u0113tKONG Maxx rota\u013clietas izstr\u0101d\u0101tas molekul\u0101r\u0101 l\u012bmen\u012b, lai nodro\u0161in\u0101tu maksim\u0101lu iztur\u012bbu, ilgsto\u0161u prieku sp\u0113l\u0113 un apmierin\u0101tu pat sp\u0113c\u012bg\u0101kos su\u0146u atnes\u0161anas instinktus. Rota\u013clietas p\u0101rkl\u0101tas ar materi\u0101lu, kas ir l\u012bdz piec\u0101m reiz\u0113m iztur\u012bg\u0101ks pret durv\u0113m nek\u0101 parasts pl\u012b\u0161a materi\u0101ls. \u0160\u012bs m\u012bkst\u0101s, bet iztur\u012bg\u0101s rota\u013clietas ir izgatavotas no \u012bpa\u0161i stipras diega un minim\u0101la \u0161uvuma, nodro\u0161inot ilgm\u016b\u017e\u012bbu jebkur\u0101 situ\u0101cij\u0101. Divk\u0101r\u0161s audums palielina iztur\u012bbu piedz\u012bvojumu piln\u0101m aktivit\u0101t\u0113m, un iek\u0161\u0113j\u0101 \u010dirkstul\u012bte saglab\u0101 su\u0146a interesi. Produkta priek\u0161roc\u012bbas:     Divk\u0101r\u0161s audums: Palielina iztur\u012bbu akt\u012bv\u0101m piedz\u012bvojumu sp\u0113l\u0113m.    Iek\u0161\u0113j\u0101 \u010dirkstul\u012bte: Stimul\u0113 su\u0146a dabiskos instinktus.    Ide\u0101li piem\u0113rots interakt\u012bvai sp\u0113lei: Piem\u0113rots gan telp\u0101s, gan \u0101r\u0101.    \u012apa\u0161i iztur\u012bgs: Dom\u0101ts nopietn\u0101m atnes\u0161anas sp\u0113l\u0113m un stiprai ko\u0161anai.    Iev\u0113rojami stipr\u0101ks nek\u0101 parasts pl\u012b\u0161a materi\u0101ls: Nodro\u0161ina ilgsto\u0161u sp\u0113les prieku.    \u012apa\u0161i stiprs diegs un minim\u0101li \u0161uves: Maksim\u0101la iztur\u012bba pat intens\u012bv\u0101k\u0101s sp\u0113l\u0113s.\" \/>\n<meta property=\"og:url\" content=\"https:\/\/miumjau.ee\/lv\/produkts\/kong-maxx-tug-rotallieta-suniem\/\" \/>\n<meta property=\"og:site_name\" content=\"MiuMjau\" \/>\n<meta property=\"article:publisher\" content=\"https:\/\/www.facebook.com\/miumjaupood\/\" \/>\n<meta property=\"og:image\" content=\"https:\/\/miumjau.ee\/wp-content\/uploads\/2026\/01\/kong-manguasi-koerale3.jpg\" \/>\n\t<meta property=\"og:image:width\" content=\"600\" \/>\n\t<meta property=\"og:image:height\" content=\"800\" \/>\n\t<meta property=\"og:image:type\" content=\"image\/jpeg\" \/>\n<meta name=\"twitter:card\" content=\"summary_large_image\" \/>\n<script type=\"application\/ld+json\" class=\"yoast-schema-graph\">{\"@context\":\"https:\/\/schema.org\",\"@graph\":[{\"@type\":\"WebPage\",\"@id\":\"https:\/\/miumjau.ee\/lv\/produkts\/kong-maxx-tug-rotallieta-suniem\/\",\"url\":\"https:\/\/miumjau.ee\/lv\/produkts\/kong-maxx-tug-rotallieta-suniem\/\",\"name\":\"KONG Maxx Tug rota\u013clieta su\u0146iem - MiuMjau\",\"isPartOf\":{\"@id\":\"https:\/\/miumjau.ee\/#website\"},\"primaryImageOfPage\":{\"@id\":\"https:\/\/miumjau.ee\/lv\/produkts\/kong-maxx-tug-rotallieta-suniem\/#primaryimage\"},\"image\":{\"@id\":\"https:\/\/miumjau.ee\/lv\/produkts\/kong-maxx-tug-rotallieta-suniem\/#primaryimage\"},\"thumbnailUrl\":\"https:\/\/miumjau.ee\/wp-content\/uploads\/2026\/01\/kong-manguasi-koerale3.jpg\",\"datePublished\":\"2026-01-27T07:55:09+00:00\",\"breadcrumb\":{\"@id\":\"https:\/\/miumjau.ee\/lv\/produkts\/kong-maxx-tug-rotallieta-suniem\/#breadcrumb\"},\"inLanguage\":\"lv-LV\",\"potentialAction\":[{\"@type\":\"ReadAction\",\"target\":[\"https:\/\/miumjau.ee\/lv\/produkts\/kong-maxx-tug-rotallieta-suniem\/\"]}]},{\"@type\":\"ImageObject\",\"inLanguage\":\"lv-LV\",\"@id\":\"https:\/\/miumjau.ee\/lv\/produkts\/kong-maxx-tug-rotallieta-suniem\/#primaryimage\",\"url\":\"https:\/\/miumjau.ee\/wp-content\/uploads\/2026\/01\/kong-manguasi-koerale3.jpg\",\"contentUrl\":\"https:\/\/miumjau.ee\/wp-content\/uploads\/2026\/01\/kong-manguasi-koerale3.jpg\",\"width\":600,\"height\":800,\"caption\":\"KONG Maxx Tug sikutamise m\u00e4nguasi koerale\"},{\"@type\":\"BreadcrumbList\",\"@id\":\"https:\/\/miumjau.ee\/lv\/produkts\/kong-maxx-tug-rotallieta-suniem\/#breadcrumb\",\"itemListElement\":[{\"@type\":\"ListItem\",\"position\":1,\"name\":\"Home\",\"item\":\"https:\/\/miumjau.ee\/lv\/\"},{\"@type\":\"ListItem\",\"position\":2,\"name\":\"Veikals\",\"item\":\"https:\/\/miumjau.ee\/lv\/veikals\/\"},{\"@type\":\"ListItem\",\"position\":3,\"name\":\"KONG Maxx Tug rota\u013clieta su\u0146iem\"}]},{\"@type\":\"WebSite\",\"@id\":\"https:\/\/miumjau.ee\/#website\",\"url\":\"https:\/\/miumjau.ee\/\",\"name\":\"MiuMjau\",\"description\":\"Kraapimispuud kassidele\",\"publisher\":{\"@id\":\"https:\/\/miumjau.ee\/#organization\"},\"potentialAction\":[{\"@type\":\"SearchAction\",\"target\":{\"@type\":\"EntryPoint\",\"urlTemplate\":\"https:\/\/miumjau.ee\/?s={search_term_string}\"},\"query-input\":{\"@type\":\"PropertyValueSpecification\",\"valueRequired\":true,\"valueName\":\"search_term_string\"}}],\"inLanguage\":\"lv-LV\"},{\"@type\":\"Organization\",\"@id\":\"https:\/\/miumjau.ee\/#organization\",\"name\":\"MiuMjau O\u00dc\",\"url\":\"https:\/\/miumjau.ee\/\",\"logo\":{\"@type\":\"ImageObject\",\"inLanguage\":\"lv-LV\",\"@id\":\"https:\/\/miumjau.ee\/#\/schema\/logo\/image\/\",\"url\":\"https:\/\/miumjau.ee\/wp-content\/uploads\/2022\/04\/MiuMjau-logo-kollane.png\",\"contentUrl\":\"https:\/\/miumjau.ee\/wp-content\/uploads\/2022\/04\/MiuMjau-logo-kollane.png\",\"width\":219,\"height\":100,\"caption\":\"MiuMjau O\u00dc\"},\"image\":{\"@id\":\"https:\/\/miumjau.ee\/#\/schema\/logo\/image\/\"},\"sameAs\":[\"https:\/\/www.facebook.com\/miumjaupood\/\"]}]}<\/script>\n<!-- \/ Yoast SEO plugin. -->","yoast_head_json":{"title":"KONG Maxx Tug rota\u013clieta su\u0146iem - MiuMjau","robots":{"index":"index","follow":"follow","max-snippet":"max-snippet:-1","max-image-preview":"max-image-preview:large","max-video-preview":"max-video-preview:-1"},"canonical":"https:\/\/miumjau.ee\/lv\/produkts\/kong-maxx-tug-rotallieta-suniem\/","og_locale":"lv_LV","og_type":"article","og_title":"KONG Maxx Tug rota\u013clieta su\u0146iem - MiuMjau","og_description":"KONG Maxx \u2013 izveidots iztur\u0113tKONG Maxx rota\u013clietas izstr\u0101d\u0101tas molekul\u0101r\u0101 l\u012bmen\u012b, lai nodro\u0161in\u0101tu maksim\u0101lu iztur\u012bbu, ilgsto\u0161u prieku sp\u0113l\u0113 un apmierin\u0101tu pat sp\u0113c\u012bg\u0101kos su\u0146u atnes\u0161anas instinktus. Rota\u013clietas p\u0101rkl\u0101tas ar materi\u0101lu, kas ir l\u012bdz piec\u0101m reiz\u0113m iztur\u012bg\u0101ks pret durv\u0113m nek\u0101 parasts pl\u012b\u0161a materi\u0101ls. \u0160\u012bs m\u012bkst\u0101s, bet iztur\u012bg\u0101s rota\u013clietas ir izgatavotas no \u012bpa\u0161i stipras diega un minim\u0101la \u0161uvuma, nodro\u0161inot ilgm\u016b\u017e\u012bbu jebkur\u0101 situ\u0101cij\u0101. Divk\u0101r\u0161s audums palielina iztur\u012bbu piedz\u012bvojumu piln\u0101m aktivit\u0101t\u0113m, un iek\u0161\u0113j\u0101 \u010dirkstul\u012bte saglab\u0101 su\u0146a interesi. Produkta priek\u0161roc\u012bbas:     Divk\u0101r\u0161s audums: Palielina iztur\u012bbu akt\u012bv\u0101m piedz\u012bvojumu sp\u0113l\u0113m.    Iek\u0161\u0113j\u0101 \u010dirkstul\u012bte: Stimul\u0113 su\u0146a dabiskos instinktus.    Ide\u0101li piem\u0113rots interakt\u012bvai sp\u0113lei: Piem\u0113rots gan telp\u0101s, gan \u0101r\u0101.    \u012apa\u0161i iztur\u012bgs: Dom\u0101ts nopietn\u0101m atnes\u0161anas sp\u0113l\u0113m un stiprai ko\u0161anai.    Iev\u0113rojami stipr\u0101ks nek\u0101 parasts pl\u012b\u0161a materi\u0101ls: Nodro\u0161ina ilgsto\u0161u sp\u0113les prieku.    \u012apa\u0161i stiprs diegs un minim\u0101li \u0161uves: Maksim\u0101la iztur\u012bba pat intens\u012bv\u0101k\u0101s sp\u0113l\u0113s.","og_url":"https:\/\/miumjau.ee\/lv\/produkts\/kong-maxx-tug-rotallieta-suniem\/","og_site_name":"MiuMjau","article_publisher":"https:\/\/www.facebook.com\/miumjaupood\/","og_image":[{"width":600,"height":800,"url":"https:\/\/miumjau.ee\/wp-content\/uploads\/2026\/01\/kong-manguasi-koerale3.jpg","type":"image\/jpeg"}],"twitter_card":"summary_large_image","schema":{"@context":"https:\/\/schema.org","@graph":[{"@type":"WebPage","@id":"https:\/\/miumjau.ee\/lv\/produkts\/kong-maxx-tug-rotallieta-suniem\/","url":"https:\/\/miumjau.ee\/lv\/produkts\/kong-maxx-tug-rotallieta-suniem\/","name":"KONG Maxx Tug rota\u013clieta su\u0146iem - MiuMjau","isPartOf":{"@id":"https:\/\/miumjau.ee\/#website"},"primaryImageOfPage":{"@id":"https:\/\/miumjau.ee\/lv\/produkts\/kong-maxx-tug-rotallieta-suniem\/#primaryimage"},"image":{"@id":"https:\/\/miumjau.ee\/lv\/produkts\/kong-maxx-tug-rotallieta-suniem\/#primaryimage"},"thumbnailUrl":"https:\/\/miumjau.ee\/wp-content\/uploads\/2026\/01\/kong-manguasi-koerale3.jpg","datePublished":"2026-01-27T07:55:09+00:00","breadcrumb":{"@id":"https:\/\/miumjau.ee\/lv\/produkts\/kong-maxx-tug-rotallieta-suniem\/#breadcrumb"},"inLanguage":"lv-LV","potentialAction":[{"@type":"ReadAction","target":["https:\/\/miumjau.ee\/lv\/produkts\/kong-maxx-tug-rotallieta-suniem\/"]}]},{"@type":"ImageObject","inLanguage":"lv-LV","@id":"https:\/\/miumjau.ee\/lv\/produkts\/kong-maxx-tug-rotallieta-suniem\/#primaryimage","url":"https:\/\/miumjau.ee\/wp-content\/uploads\/2026\/01\/kong-manguasi-koerale3.jpg","contentUrl":"https:\/\/miumjau.ee\/wp-content\/uploads\/2026\/01\/kong-manguasi-koerale3.jpg","width":600,"height":800,"caption":"KONG Maxx Tug sikutamise m\u00e4nguasi koerale"},{"@type":"BreadcrumbList","@id":"https:\/\/miumjau.ee\/lv\/produkts\/kong-maxx-tug-rotallieta-suniem\/#breadcrumb","itemListElement":[{"@type":"ListItem","position":1,"name":"Home","item":"https:\/\/miumjau.ee\/lv\/"},{"@type":"ListItem","position":2,"name":"Veikals","item":"https:\/\/miumjau.ee\/lv\/veikals\/"},{"@type":"ListItem","position":3,"name":"KONG Maxx Tug rota\u013clieta su\u0146iem"}]},{"@type":"WebSite","@id":"https:\/\/miumjau.ee\/#website","url":"https:\/\/miumjau.ee\/","name":"MiuMjau","description":"Kraapimispuud kassidele","publisher":{"@id":"https:\/\/miumjau.ee\/#organization"},"potentialAction":[{"@type":"SearchAction","target":{"@type":"EntryPoint","urlTemplate":"https:\/\/miumjau.ee\/?s={search_term_string}"},"query-input":{"@type":"PropertyValueSpecification","valueRequired":true,"valueName":"search_term_string"}}],"inLanguage":"lv-LV"},{"@type":"Organization","@id":"https:\/\/miumjau.ee\/#organization","name":"MiuMjau O\u00dc","url":"https:\/\/miumjau.ee\/","logo":{"@type":"ImageObject","inLanguage":"lv-LV","@id":"https:\/\/miumjau.ee\/#\/schema\/logo\/image\/","url":"https:\/\/miumjau.ee\/wp-content\/uploads\/2022\/04\/MiuMjau-logo-kollane.png","contentUrl":"https:\/\/miumjau.ee\/wp-content\/uploads\/2022\/04\/MiuMjau-logo-kollane.png","width":219,"height":100,"caption":"MiuMjau O\u00dc"},"image":{"@id":"https:\/\/miumjau.ee\/#\/schema\/logo\/image\/"},"sameAs":["https:\/\/www.facebook.com\/miumjaupood\/"]}]}},"_links":{"self":[{"href":"https:\/\/miumjau.ee\/lv\/wp-json\/wp\/v2\/product\/55238","targetHints":{"allow":["GET"]}}],"collection":[{"href":"https:\/\/miumjau.ee\/lv\/wp-json\/wp\/v2\/product"}],"about":[{"href":"https:\/\/miumjau.ee\/lv\/wp-json\/wp\/v2\/types\/product"}],"wp:featuredmedia":[{"embeddable":true,"href":"https:\/\/miumjau.ee\/lv\/wp-json\/wp\/v2\/media\/53020"}],"wp:attachment":[{"href":"https:\/\/miumjau.ee\/lv\/wp-json\/wp\/v2\/media?parent=55238"}],"wp:term":[{"taxonomy":"product_brand","embeddable":true,"href":"https:\/\/miumjau.ee\/lv\/wp-json\/wp\/v2\/product_brand?post=55238"},{"taxonomy":"product_cat","embeddable":true,"href":"https:\/\/miumjau.ee\/lv\/wp-json\/wp\/v2\/product_cat?post=55238"},{"taxonomy":"product_tag","embeddable":true,"href":"https:\/\/miumjau.ee\/lv\/wp-json\/wp\/v2\/product_tag?post=55238"}],"curies":[{"name":"wp","href":"https:\/\/api.w.org\/{rel}","templated":true}]}}