{"id":55225,"date":"2026-01-29T10:41:22","date_gmt":"2026-01-29T08:41:22","guid":{"rendered":"https:\/\/miumjau.ee\/toode\/ibero-natural-mini-junior-auksti-preseta-sunu-bariba-ar-jeru-12-kg\/"},"modified":"2026-01-29T10:41:22","modified_gmt":"2026-01-29T08:41:22","slug":"ibero-natural-mini-junior-auksti-preseta-sunu-bariba-ar-jeru-12-kg","status":"publish","type":"product","link":"https:\/\/miumjau.ee\/lv\/produkts\/ibero-natural-mini-junior-auksti-preseta-sunu-bariba-ar-jeru-12-kg\/","title":{"rendered":"Ibero Natural Mini Junior auksti pres\u0113ta su\u0146u bar\u012bba ar j\u0113ru, 12 kg"},"content":{"rendered":"","protected":false},"excerpt":{"rendered":"<p data-start=\"2776\" data-end=\"2884\">Pilnv\u0113rt\u012bga auksti pres\u0113ta su\u0146u bar\u012bba, kas satur visas nepiecie\u0161am\u0101s uzturvielas mazo \u0161\u0137ir\u0146u JUNIOR su\u0146iem.<\/p>\n<p data-start=\"2886\" data-end=\"2962\">Apvieno auksti pres\u0113tas bar\u012bbas priek\u0161roc\u012bbas ar jaun\u0101m gar\u0161\u0101m Ibero s\u0113rij\u0101.<\/p>\n<p data-start=\"2964\" data-end=\"3069\">Saglab\u0101 Ibero s\u0113rijas galven\u0101s priek\u0161roc\u012bbas \u2013 augsts ga\u013cas saturs, ga\u013ca ieg\u016bta no viet\u0113j\u0101m saimniec\u012bb\u0101m.<\/p>\n<p data-start=\"3071\" data-end=\"3135\">100% DAB\u012aGS \u2013 k\u0101 visa Ibero s\u0113rija \u2013 bez \u0137\u012bmisk\u0101m viel\u0101m un \u0122MO.<\/p>\n<p data-start=\"3137\" data-end=\"3310\">Auksti pres\u0113tas bar\u012bbas nepiecie\u0161ams maz\u0101k \u2013 t\u0101 ir bar\u012bbas viel\u0101m bag\u0101t\u0101ka, kas noz\u012bm\u0113, ka pat ja t\u0101 ir d\u0101rg\u0101ka, ilgtermi\u0146\u0101 t\u0101 var b\u016bt izdev\u012bg\u0101ka, jo iepakojums kalpo ilg\u0101k.<\/p>\n<p data-start=\"3312\" data-end=\"3351\"><strong data-start=\"3312\" data-end=\"3351\">Auksti pres\u0113ta bar\u012bba ir piem\u0113rota:<\/strong><\/p>\n<p data-start=\"3353\" data-end=\"3564\">Stresainiem su\u0146iem \u2013 koncentr\u0113ta bar\u012bba ar augstu uzturv\u0113rt\u012bbu<br data-start=\"3415\" data-end=\"3418\" \/>Gr\u016bsn\u0101m kuc\u0113m \u2013 uzturviel\u0101m bag\u0101t\u0101ka di\u0113ta m\u0101tei un kuc\u0113niem<br data-start=\"3478\" data-end=\"3481\" \/>Audz\u0113t\u0101jiem \u2013 dabisk\u0101ka uztura pieeja ar dro\u0161u apstr\u0101di veterin\u0101r\u0101rsta uzraudz\u012bb\u0101<\/p>\n<p data-start=\"3566\" data-end=\"3581\"><strong data-start=\"3566\" data-end=\"3581\">Nor\u0101d\u012bjumi:<\/strong><\/p>\n<p data-start=\"3583\" data-end=\"3647\">Pak\u0101peniski p\u0101rejiet uz \u0161o bar\u012bbu.<br data-start=\"3617\" data-end=\"3620\" \/>Nodro\u0161iniet svaigu \u016bdeni.<\/p>\n<p data-start=\"3649\" data-end=\"3993\"><strong data-start=\"3649\" data-end=\"3661\">SAST\u0100VS:<\/strong> Kalt\u0113ta j\u0113ra ga\u013ca (34%), kalt\u0113ts saldais kartupelis, kalt\u0113ti kartupe\u013ci, liellopu tauki (15%), r\u012bsu milti (8%), j\u0113ra aknas (5%), auzu p\u0101rslas (4%), kalt\u0113ts \u0137irbis (2%), kalt\u0113tas j\u0113ra aknas (2%), kukur\u016bzas p\u0101rslas, kalt\u0113ti burk\u0101ni (1,2%), lins\u0113klas, cigori\u0146u ekstrakts, kalt\u0113ti augi, beta-glik\u0101ni, vitam\u012bnu un miner\u0101lvielu mais\u012bjums.<\/p>\n<p data-start=\"3995\" data-end=\"4142\"><strong data-start=\"3995\" data-end=\"4023\">ANAL\u012aTISK\u0100S SAST\u0100VDA\u013bAS:<\/strong> Prote\u012bns 26%, tauki 14%, \u0161\u0137iedrvielas 3,4%, pelni 6,8%, kalcijs 1,3%, fosfors 0,95%, n\u0101trijs 0,15%, mitrums maks. 10%.<\/p>\n<p data-start=\"4144\" data-end=\"4536\"><strong data-start=\"4144\" data-end=\"4167\">PIEDEVAS (uz 1 kg):<\/strong> Vitam\u012bni: A 16988 SV, D3 1698 SV, E 170 mg, B1 4,98 mg, B2 8,83 mg, B6 6,78 mg, B12 0,07 mg, C 118 mg, niac\u012bns 42,25 mg, pantot\u0113nsk\u0101be 17,47 mg, folijsk\u0101be 0,68 mg, biot\u012bns 0,42 mg. Miner\u0101li: jods 4,07 mg, sel\u0113ns 0,37 mg, dzelzs 99 mg, var\u0161 11,88 mg, cinks 125,7 mg, mang\u0101ns 11,88 mg, hol\u012bna hlor\u012bds 1835 mg. Antioksidanti: augu e\u013c\u013cu ekstrakti, bag\u0101ti ar tokoferoliem.<\/p>\n<p data-start=\"4538\" data-end=\"4577\">Metaboliz\u0113jam\u0101 ener\u0123ija: 3860 kcal\/kg<\/p>\n","protected":false},"featured_media":53238,"template":"","meta":[],"product_brand":[],"product_cat":[575],"product_tag":[],"class_list":{"0":"post-55225","1":"product","2":"type-product","3":"status-publish","4":"has-post-thumbnail","6":"product_cat-sausa-bariba-suniem","8":"first","9":"instock","10":"sale","11":"taxable","12":"shipping-taxable","13":"purchasable","14":"product-type-simple"},"yoast_head":"<!-- This site is optimized with the Yoast SEO plugin v27.4 - https:\/\/yoast.com\/product\/yoast-seo-wordpress\/ -->\n<title>Ibero Natural Mini Junior auksti pres\u0113ta su\u0146u bar\u012bba ar j\u0113ru, 12 kg - MiuMjau<\/title>\n<meta name=\"robots\" content=\"index, follow, max-snippet:-1, max-image-preview:large, max-video-preview:-1\" \/>\n<link rel=\"canonical\" href=\"https:\/\/miumjau.ee\/lv\/produkts\/ibero-natural-mini-junior-auksti-preseta-sunu-bariba-ar-jeru-12-kg\/\" \/>\n<meta property=\"og:locale\" content=\"lv_LV\" \/>\n<meta property=\"og:type\" content=\"article\" \/>\n<meta property=\"og:title\" content=\"Ibero Natural Mini Junior auksti pres\u0113ta su\u0146u bar\u012bba ar j\u0113ru, 12 kg - MiuMjau\" \/>\n<meta property=\"og:description\" content=\"Pilnv\u0113rt\u012bga auksti pres\u0113ta su\u0146u bar\u012bba, kas satur visas nepiecie\u0161am\u0101s uzturvielas mazo \u0161\u0137ir\u0146u JUNIOR su\u0146iem. Apvieno auksti pres\u0113tas bar\u012bbas priek\u0161roc\u012bbas ar jaun\u0101m gar\u0161\u0101m Ibero s\u0113rij\u0101. Saglab\u0101 Ibero s\u0113rijas galven\u0101s priek\u0161roc\u012bbas \u2013 augsts ga\u013cas saturs, ga\u013ca ieg\u016bta no viet\u0113j\u0101m saimniec\u012bb\u0101m. 100% DAB\u012aGS \u2013 k\u0101 visa Ibero s\u0113rija \u2013 bez \u0137\u012bmisk\u0101m viel\u0101m un \u0122MO. Auksti pres\u0113tas bar\u012bbas nepiecie\u0161ams maz\u0101k \u2013 t\u0101 ir bar\u012bbas viel\u0101m bag\u0101t\u0101ka, kas noz\u012bm\u0113, ka pat ja t\u0101 ir d\u0101rg\u0101ka, ilgtermi\u0146\u0101 t\u0101 var b\u016bt izdev\u012bg\u0101ka, jo iepakojums kalpo ilg\u0101k. Auksti pres\u0113ta bar\u012bba ir piem\u0113rota: Stresainiem su\u0146iem \u2013 koncentr\u0113ta bar\u012bba ar augstu uzturv\u0113rt\u012bbuGr\u016bsn\u0101m kuc\u0113m \u2013 uzturviel\u0101m bag\u0101t\u0101ka di\u0113ta m\u0101tei un kuc\u0113niemAudz\u0113t\u0101jiem \u2013 dabisk\u0101ka uztura pieeja ar dro\u0161u apstr\u0101di veterin\u0101r\u0101rsta uzraudz\u012bb\u0101 Nor\u0101d\u012bjumi: Pak\u0101peniski p\u0101rejiet uz \u0161o bar\u012bbu.Nodro\u0161iniet svaigu \u016bdeni. SAST\u0100VS: Kalt\u0113ta j\u0113ra ga\u013ca (34%), kalt\u0113ts saldais kartupelis, kalt\u0113ti kartupe\u013ci, liellopu tauki (15%), r\u012bsu milti (8%), j\u0113ra aknas (5%), auzu p\u0101rslas (4%), kalt\u0113ts \u0137irbis (2%), kalt\u0113tas j\u0113ra aknas (2%), kukur\u016bzas p\u0101rslas, kalt\u0113ti burk\u0101ni (1,2%), lins\u0113klas, cigori\u0146u ekstrakts, kalt\u0113ti augi, beta-glik\u0101ni, vitam\u012bnu un miner\u0101lvielu mais\u012bjums. ANAL\u012aTISK\u0100S SAST\u0100VDA\u013bAS: Prote\u012bns 26%, tauki 14%, \u0161\u0137iedrvielas 3,4%, pelni 6,8%, kalcijs 1,3%, fosfors 0,95%, n\u0101trijs 0,15%, mitrums maks. 10%. PIEDEVAS (uz 1 kg): Vitam\u012bni: A 16988 SV, D3 1698 SV, E 170 mg, B1 4,98 mg, B2 8,83 mg, B6 6,78 mg, B12 0,07 mg, C 118 mg, niac\u012bns 42,25 mg, pantot\u0113nsk\u0101be 17,47 mg, folijsk\u0101be 0,68 mg, biot\u012bns 0,42 mg. Miner\u0101li: jods 4,07 mg, sel\u0113ns 0,37 mg, dzelzs 99 mg, var\u0161 11,88 mg, cinks 125,7 mg, mang\u0101ns 11,88 mg, hol\u012bna hlor\u012bds 1835 mg. Antioksidanti: augu e\u013c\u013cu ekstrakti, bag\u0101ti ar tokoferoliem. Metaboliz\u0113jam\u0101 ener\u0123ija: 3860 kcal\/kg\" \/>\n<meta property=\"og:url\" content=\"https:\/\/miumjau.ee\/lv\/produkts\/ibero-natural-mini-junior-auksti-preseta-sunu-bariba-ar-jeru-12-kg\/\" \/>\n<meta property=\"og:site_name\" content=\"MiuMjau\" \/>\n<meta property=\"article:publisher\" content=\"https:\/\/www.facebook.com\/miumjaupood\/\" \/>\n<meta property=\"og:image\" content=\"https:\/\/miumjau.ee\/wp-content\/uploads\/2026\/01\/ibero-cp-mini-junior-lamb-12kg2.jpg\" \/>\n\t<meta property=\"og:image:width\" content=\"600\" \/>\n\t<meta property=\"og:image:height\" content=\"800\" \/>\n\t<meta property=\"og:image:type\" content=\"image\/jpeg\" \/>\n<meta name=\"twitter:card\" content=\"summary_large_image\" \/>\n<script type=\"application\/ld+json\" class=\"yoast-schema-graph\">{\"@context\":\"https:\\\/\\\/schema.org\",\"@graph\":[{\"@type\":\"WebPage\",\"@id\":\"https:\\\/\\\/miumjau.ee\\\/lv\\\/produkts\\\/ibero-natural-mini-junior-auksti-preseta-sunu-bariba-ar-jeru-12-kg\\\/\",\"url\":\"https:\\\/\\\/miumjau.ee\\\/lv\\\/produkts\\\/ibero-natural-mini-junior-auksti-preseta-sunu-bariba-ar-jeru-12-kg\\\/\",\"name\":\"Ibero Natural Mini Junior auksti pres\u0113ta su\u0146u bar\u012bba ar j\u0113ru, 12 kg - MiuMjau\",\"isPartOf\":{\"@id\":\"https:\\\/\\\/miumjau.ee\\\/#website\"},\"primaryImageOfPage\":{\"@id\":\"https:\\\/\\\/miumjau.ee\\\/lv\\\/produkts\\\/ibero-natural-mini-junior-auksti-preseta-sunu-bariba-ar-jeru-12-kg\\\/#primaryimage\"},\"image\":{\"@id\":\"https:\\\/\\\/miumjau.ee\\\/lv\\\/produkts\\\/ibero-natural-mini-junior-auksti-preseta-sunu-bariba-ar-jeru-12-kg\\\/#primaryimage\"},\"thumbnailUrl\":\"https:\\\/\\\/miumjau.ee\\\/wp-content\\\/uploads\\\/2026\\\/01\\\/ibero-cp-mini-junior-lamb-12kg2.jpg\",\"datePublished\":\"2026-01-29T08:41:22+00:00\",\"breadcrumb\":{\"@id\":\"https:\\\/\\\/miumjau.ee\\\/lv\\\/produkts\\\/ibero-natural-mini-junior-auksti-preseta-sunu-bariba-ar-jeru-12-kg\\\/#breadcrumb\"},\"inLanguage\":\"lv-LV\",\"potentialAction\":[{\"@type\":\"ReadAction\",\"target\":[\"https:\\\/\\\/miumjau.ee\\\/lv\\\/produkts\\\/ibero-natural-mini-junior-auksti-preseta-sunu-bariba-ar-jeru-12-kg\\\/\"]}]},{\"@type\":\"ImageObject\",\"inLanguage\":\"lv-LV\",\"@id\":\"https:\\\/\\\/miumjau.ee\\\/lv\\\/produkts\\\/ibero-natural-mini-junior-auksti-preseta-sunu-bariba-ar-jeru-12-kg\\\/#primaryimage\",\"url\":\"https:\\\/\\\/miumjau.ee\\\/wp-content\\\/uploads\\\/2026\\\/01\\\/ibero-cp-mini-junior-lamb-12kg2.jpg\",\"contentUrl\":\"https:\\\/\\\/miumjau.ee\\\/wp-content\\\/uploads\\\/2026\\\/01\\\/ibero-cp-mini-junior-lamb-12kg2.jpg\",\"width\":600,\"height\":800,\"caption\":\"Ibero Natural Mini Junior k\u00fclmpressitud toit lambaga, 12kg\"},{\"@type\":\"BreadcrumbList\",\"@id\":\"https:\\\/\\\/miumjau.ee\\\/lv\\\/produkts\\\/ibero-natural-mini-junior-auksti-preseta-sunu-bariba-ar-jeru-12-kg\\\/#breadcrumb\",\"itemListElement\":[{\"@type\":\"ListItem\",\"position\":1,\"name\":\"Home\",\"item\":\"https:\\\/\\\/miumjau.ee\\\/lv\\\/\"},{\"@type\":\"ListItem\",\"position\":2,\"name\":\"Veikals\",\"item\":\"https:\\\/\\\/miumjau.ee\\\/lv\\\/veikals\\\/\"},{\"@type\":\"ListItem\",\"position\":3,\"name\":\"Ibero Natural Mini Junior auksti pres\u0113ta su\u0146u bar\u012bba ar j\u0113ru, 12 kg\"}]},{\"@type\":\"WebSite\",\"@id\":\"https:\\\/\\\/miumjau.ee\\\/#website\",\"url\":\"https:\\\/\\\/miumjau.ee\\\/\",\"name\":\"MiuMjau\",\"description\":\"Kraapimispuud kassidele\",\"publisher\":{\"@id\":\"https:\\\/\\\/miumjau.ee\\\/#organization\"},\"potentialAction\":[{\"@type\":\"SearchAction\",\"target\":{\"@type\":\"EntryPoint\",\"urlTemplate\":\"https:\\\/\\\/miumjau.ee\\\/?s={search_term_string}\"},\"query-input\":{\"@type\":\"PropertyValueSpecification\",\"valueRequired\":true,\"valueName\":\"search_term_string\"}}],\"inLanguage\":\"lv-LV\"},{\"@type\":\"Organization\",\"@id\":\"https:\\\/\\\/miumjau.ee\\\/#organization\",\"name\":\"MiuMjau O\u00dc\",\"url\":\"https:\\\/\\\/miumjau.ee\\\/\",\"logo\":{\"@type\":\"ImageObject\",\"inLanguage\":\"lv-LV\",\"@id\":\"https:\\\/\\\/miumjau.ee\\\/#\\\/schema\\\/logo\\\/image\\\/\",\"url\":\"https:\\\/\\\/miumjau.ee\\\/wp-content\\\/uploads\\\/2022\\\/04\\\/MiuMjau-logo-kollane.png\",\"contentUrl\":\"https:\\\/\\\/miumjau.ee\\\/wp-content\\\/uploads\\\/2022\\\/04\\\/MiuMjau-logo-kollane.png\",\"width\":219,\"height\":100,\"caption\":\"MiuMjau O\u00dc\"},\"image\":{\"@id\":\"https:\\\/\\\/miumjau.ee\\\/#\\\/schema\\\/logo\\\/image\\\/\"},\"sameAs\":[\"https:\\\/\\\/www.facebook.com\\\/miumjaupood\\\/\"]}]}<\/script>\n<!-- \/ Yoast SEO plugin. -->","yoast_head_json":{"title":"Ibero Natural Mini Junior auksti pres\u0113ta su\u0146u bar\u012bba ar j\u0113ru, 12 kg - MiuMjau","robots":{"index":"index","follow":"follow","max-snippet":"max-snippet:-1","max-image-preview":"max-image-preview:large","max-video-preview":"max-video-preview:-1"},"canonical":"https:\/\/miumjau.ee\/lv\/produkts\/ibero-natural-mini-junior-auksti-preseta-sunu-bariba-ar-jeru-12-kg\/","og_locale":"lv_LV","og_type":"article","og_title":"Ibero Natural Mini Junior auksti pres\u0113ta su\u0146u bar\u012bba ar j\u0113ru, 12 kg - MiuMjau","og_description":"Pilnv\u0113rt\u012bga auksti pres\u0113ta su\u0146u bar\u012bba, kas satur visas nepiecie\u0161am\u0101s uzturvielas mazo \u0161\u0137ir\u0146u JUNIOR su\u0146iem. Apvieno auksti pres\u0113tas bar\u012bbas priek\u0161roc\u012bbas ar jaun\u0101m gar\u0161\u0101m Ibero s\u0113rij\u0101. Saglab\u0101 Ibero s\u0113rijas galven\u0101s priek\u0161roc\u012bbas \u2013 augsts ga\u013cas saturs, ga\u013ca ieg\u016bta no viet\u0113j\u0101m saimniec\u012bb\u0101m. 100% DAB\u012aGS \u2013 k\u0101 visa Ibero s\u0113rija \u2013 bez \u0137\u012bmisk\u0101m viel\u0101m un \u0122MO. Auksti pres\u0113tas bar\u012bbas nepiecie\u0161ams maz\u0101k \u2013 t\u0101 ir bar\u012bbas viel\u0101m bag\u0101t\u0101ka, kas noz\u012bm\u0113, ka pat ja t\u0101 ir d\u0101rg\u0101ka, ilgtermi\u0146\u0101 t\u0101 var b\u016bt izdev\u012bg\u0101ka, jo iepakojums kalpo ilg\u0101k. Auksti pres\u0113ta bar\u012bba ir piem\u0113rota: Stresainiem su\u0146iem \u2013 koncentr\u0113ta bar\u012bba ar augstu uzturv\u0113rt\u012bbuGr\u016bsn\u0101m kuc\u0113m \u2013 uzturviel\u0101m bag\u0101t\u0101ka di\u0113ta m\u0101tei un kuc\u0113niemAudz\u0113t\u0101jiem \u2013 dabisk\u0101ka uztura pieeja ar dro\u0161u apstr\u0101di veterin\u0101r\u0101rsta uzraudz\u012bb\u0101 Nor\u0101d\u012bjumi: Pak\u0101peniski p\u0101rejiet uz \u0161o bar\u012bbu.Nodro\u0161iniet svaigu \u016bdeni. SAST\u0100VS: Kalt\u0113ta j\u0113ra ga\u013ca (34%), kalt\u0113ts saldais kartupelis, kalt\u0113ti kartupe\u013ci, liellopu tauki (15%), r\u012bsu milti (8%), j\u0113ra aknas (5%), auzu p\u0101rslas (4%), kalt\u0113ts \u0137irbis (2%), kalt\u0113tas j\u0113ra aknas (2%), kukur\u016bzas p\u0101rslas, kalt\u0113ti burk\u0101ni (1,2%), lins\u0113klas, cigori\u0146u ekstrakts, kalt\u0113ti augi, beta-glik\u0101ni, vitam\u012bnu un miner\u0101lvielu mais\u012bjums. ANAL\u012aTISK\u0100S SAST\u0100VDA\u013bAS: Prote\u012bns 26%, tauki 14%, \u0161\u0137iedrvielas 3,4%, pelni 6,8%, kalcijs 1,3%, fosfors 0,95%, n\u0101trijs 0,15%, mitrums maks. 10%. PIEDEVAS (uz 1 kg): Vitam\u012bni: A 16988 SV, D3 1698 SV, E 170 mg, B1 4,98 mg, B2 8,83 mg, B6 6,78 mg, B12 0,07 mg, C 118 mg, niac\u012bns 42,25 mg, pantot\u0113nsk\u0101be 17,47 mg, folijsk\u0101be 0,68 mg, biot\u012bns 0,42 mg. Miner\u0101li: jods 4,07 mg, sel\u0113ns 0,37 mg, dzelzs 99 mg, var\u0161 11,88 mg, cinks 125,7 mg, mang\u0101ns 11,88 mg, hol\u012bna hlor\u012bds 1835 mg. Antioksidanti: augu e\u013c\u013cu ekstrakti, bag\u0101ti ar tokoferoliem. Metaboliz\u0113jam\u0101 ener\u0123ija: 3860 kcal\/kg","og_url":"https:\/\/miumjau.ee\/lv\/produkts\/ibero-natural-mini-junior-auksti-preseta-sunu-bariba-ar-jeru-12-kg\/","og_site_name":"MiuMjau","article_publisher":"https:\/\/www.facebook.com\/miumjaupood\/","og_image":[{"width":600,"height":800,"url":"https:\/\/miumjau.ee\/wp-content\/uploads\/2026\/01\/ibero-cp-mini-junior-lamb-12kg2.jpg","type":"image\/jpeg"}],"twitter_card":"summary_large_image","schema":{"@context":"https:\/\/schema.org","@graph":[{"@type":"WebPage","@id":"https:\/\/miumjau.ee\/lv\/produkts\/ibero-natural-mini-junior-auksti-preseta-sunu-bariba-ar-jeru-12-kg\/","url":"https:\/\/miumjau.ee\/lv\/produkts\/ibero-natural-mini-junior-auksti-preseta-sunu-bariba-ar-jeru-12-kg\/","name":"Ibero Natural Mini Junior auksti pres\u0113ta su\u0146u bar\u012bba ar j\u0113ru, 12 kg - MiuMjau","isPartOf":{"@id":"https:\/\/miumjau.ee\/#website"},"primaryImageOfPage":{"@id":"https:\/\/miumjau.ee\/lv\/produkts\/ibero-natural-mini-junior-auksti-preseta-sunu-bariba-ar-jeru-12-kg\/#primaryimage"},"image":{"@id":"https:\/\/miumjau.ee\/lv\/produkts\/ibero-natural-mini-junior-auksti-preseta-sunu-bariba-ar-jeru-12-kg\/#primaryimage"},"thumbnailUrl":"https:\/\/miumjau.ee\/wp-content\/uploads\/2026\/01\/ibero-cp-mini-junior-lamb-12kg2.jpg","datePublished":"2026-01-29T08:41:22+00:00","breadcrumb":{"@id":"https:\/\/miumjau.ee\/lv\/produkts\/ibero-natural-mini-junior-auksti-preseta-sunu-bariba-ar-jeru-12-kg\/#breadcrumb"},"inLanguage":"lv-LV","potentialAction":[{"@type":"ReadAction","target":["https:\/\/miumjau.ee\/lv\/produkts\/ibero-natural-mini-junior-auksti-preseta-sunu-bariba-ar-jeru-12-kg\/"]}]},{"@type":"ImageObject","inLanguage":"lv-LV","@id":"https:\/\/miumjau.ee\/lv\/produkts\/ibero-natural-mini-junior-auksti-preseta-sunu-bariba-ar-jeru-12-kg\/#primaryimage","url":"https:\/\/miumjau.ee\/wp-content\/uploads\/2026\/01\/ibero-cp-mini-junior-lamb-12kg2.jpg","contentUrl":"https:\/\/miumjau.ee\/wp-content\/uploads\/2026\/01\/ibero-cp-mini-junior-lamb-12kg2.jpg","width":600,"height":800,"caption":"Ibero Natural Mini Junior k\u00fclmpressitud toit lambaga, 12kg"},{"@type":"BreadcrumbList","@id":"https:\/\/miumjau.ee\/lv\/produkts\/ibero-natural-mini-junior-auksti-preseta-sunu-bariba-ar-jeru-12-kg\/#breadcrumb","itemListElement":[{"@type":"ListItem","position":1,"name":"Home","item":"https:\/\/miumjau.ee\/lv\/"},{"@type":"ListItem","position":2,"name":"Veikals","item":"https:\/\/miumjau.ee\/lv\/veikals\/"},{"@type":"ListItem","position":3,"name":"Ibero Natural Mini Junior auksti pres\u0113ta su\u0146u bar\u012bba ar j\u0113ru, 12 kg"}]},{"@type":"WebSite","@id":"https:\/\/miumjau.ee\/#website","url":"https:\/\/miumjau.ee\/","name":"MiuMjau","description":"Kraapimispuud kassidele","publisher":{"@id":"https:\/\/miumjau.ee\/#organization"},"potentialAction":[{"@type":"SearchAction","target":{"@type":"EntryPoint","urlTemplate":"https:\/\/miumjau.ee\/?s={search_term_string}"},"query-input":{"@type":"PropertyValueSpecification","valueRequired":true,"valueName":"search_term_string"}}],"inLanguage":"lv-LV"},{"@type":"Organization","@id":"https:\/\/miumjau.ee\/#organization","name":"MiuMjau O\u00dc","url":"https:\/\/miumjau.ee\/","logo":{"@type":"ImageObject","inLanguage":"lv-LV","@id":"https:\/\/miumjau.ee\/#\/schema\/logo\/image\/","url":"https:\/\/miumjau.ee\/wp-content\/uploads\/2022\/04\/MiuMjau-logo-kollane.png","contentUrl":"https:\/\/miumjau.ee\/wp-content\/uploads\/2022\/04\/MiuMjau-logo-kollane.png","width":219,"height":100,"caption":"MiuMjau O\u00dc"},"image":{"@id":"https:\/\/miumjau.ee\/#\/schema\/logo\/image\/"},"sameAs":["https:\/\/www.facebook.com\/miumjaupood\/"]}]}},"_links":{"self":[{"href":"https:\/\/miumjau.ee\/lv\/wp-json\/wp\/v2\/product\/55225","targetHints":{"allow":["GET"]}}],"collection":[{"href":"https:\/\/miumjau.ee\/lv\/wp-json\/wp\/v2\/product"}],"about":[{"href":"https:\/\/miumjau.ee\/lv\/wp-json\/wp\/v2\/types\/product"}],"wp:featuredmedia":[{"embeddable":true,"href":"https:\/\/miumjau.ee\/lv\/wp-json\/wp\/v2\/media\/53238"}],"wp:attachment":[{"href":"https:\/\/miumjau.ee\/lv\/wp-json\/wp\/v2\/media?parent=55225"}],"wp:term":[{"taxonomy":"product_brand","embeddable":true,"href":"https:\/\/miumjau.ee\/lv\/wp-json\/wp\/v2\/product_brand?post=55225"},{"taxonomy":"product_cat","embeddable":true,"href":"https:\/\/miumjau.ee\/lv\/wp-json\/wp\/v2\/product_cat?post=55225"},{"taxonomy":"product_tag","embeddable":true,"href":"https:\/\/miumjau.ee\/lv\/wp-json\/wp\/v2\/product_tag?post=55225"}],"curies":[{"name":"wp","href":"https:\/\/api.w.org\/{rel}","templated":true}]}}