{"id":55222,"date":"2026-01-29T14:28:58","date_gmt":"2026-01-29T12:28:58","guid":{"rendered":"https:\/\/miumjau.ee\/toode\/ibero-bezgraudu-sunu-bariba-medium-maxi-adult-salmon-12-kg\/"},"modified":"2026-01-29T14:28:58","modified_gmt":"2026-01-29T12:28:58","slug":"ibero-bezgraudu-sunu-bariba-medium-maxi-adult-salmon-12-kg","status":"publish","type":"product","link":"https:\/\/miumjau.ee\/lv\/produkts\/ibero-bezgraudu-sunu-bariba-medium-maxi-adult-salmon-12-kg\/","title":{"rendered":"Ibero bezgraudu su\u0146u bar\u012bba Medium &#038; Maxi Adult Salmon, 12 kg"},"content":{"rendered":"","protected":false},"excerpt":{"rendered":"<p data-start=\"2956\" data-end=\"3194\">Pilnv\u0113rt\u012bga, bezgraudu super premium klases bar\u012bba vid\u0113jo un lielo \u0161\u0137ir\u0146u pieaugu\u0161iem su\u0146iem no 1 gada vecuma, kuras pamat\u0101 ir augsts la\u0161a un sard\u012b\u0146u saturs \u2013 ide\u0101la izv\u0113le vesel\u012bgas \u0101das, apmatojuma un visp\u0101r\u0113j\u0101s vitalit\u0101tes uztur\u0113\u0161anai.<\/p>\n<p data-start=\"3196\" data-end=\"3223\"><strong data-start=\"3196\" data-end=\"3223\">Galven\u0101s priek\u0161roc\u012bbas:<\/strong><\/p>\n<p data-start=\"3225\" data-end=\"4197\">Bezgraudu recepte \u2013 nesatur kvie\u0161us, kukur\u016bzu un mie\u017eus; piem\u0113rota jut\u012bgiem su\u0146iem un su\u0146iem ar p\u0101rtikas nepanes\u012bbu.<br data-start=\"3341\" data-end=\"3344\" \/>Augsts la\u0161a saturs (30%) \u2013 kalt\u0113ts lasis k\u0101 galvenais dz\u012bvnieku olbaltumvielu avots ir viegli sagremojams un bag\u0101ts ar omega-3 tauksk\u0101b\u0113m, kas atbalsta \u0101das, apmatojuma un im\u016bnsist\u0113mas vesel\u012bbu.<br data-start=\"3538\" data-end=\"3541\" \/>Kalt\u0113tas sard\u012bnes (6%) \u2013 dabisks olbaltumvielu, EPA un DHA avots, kas uzlabo uzturv\u0113rt\u012bbu un gar\u0161u.<br data-start=\"3640\" data-end=\"3643\" \/>La\u0161a e\u013c\u013ca (14%) \u2013 viens no kvalitat\u012bv\u0101kajiem omega-3 tauksk\u0101bju avotiem, kas atbalsta sirds un smadze\u0146u darb\u012bbu un nodro\u0161ina sp\u012bd\u012bgu apmatojumu.<br data-start=\"3787\" data-end=\"3790\" \/>Dab\u012bgi ener\u0123ijas avoti \u2013 saldais kartupelis un jams nodro\u0161ina ilgsto\u0161u un stabilu ener\u0123iju.<br data-start=\"3881\" data-end=\"3884\" \/>\u010cia s\u0113klas \u2013 bag\u0101tas ar \u0161\u0137iedrviel\u0101m, omega-3 tauksk\u0101b\u0113m un antioksidantiem.<br data-start=\"3960\" data-end=\"3963\" \/>100% dab\u012bgs \u2013 nesatur graudus, \u0137imik\u0101lijas, \u0122MO, m\u0101ksl\u012bgos konservantus un kr\u0101svielas.<br data-start=\"4049\" data-end=\"4052\" \/>Funkcion\u0101l\u0101s sast\u0101vda\u013cas \u2013 cigori\u0146u ekstrakts, juk\u0101, beta-glik\u0101ni, glikozam\u012bns un hondroit\u012bns atbalsta gremo\u0161anu, imunit\u0101ti un loc\u012btavu vesel\u012bbu.<\/p>\n<p data-start=\"4199\" data-end=\"4213\"><strong data-start=\"4199\" data-end=\"4213\">Piem\u0113rots:<\/strong><\/p>\n<p data-start=\"4215\" data-end=\"4429\">\u2714 Vid\u0113jo un lielo \u0161\u0137ir\u0146u pieaugu\u0161iem su\u0146iem<br data-start=\"4258\" data-end=\"4261\" \/>\u2714 Su\u0146iem ar \u0101das probl\u0113m\u0101m vai bl\u0101vu apmatojumu<br data-start=\"4308\" data-end=\"4311\" \/>\u2714 Su\u0146iem ar jut\u012bgu gremo\u0161anu vai ga\u013cas aler\u0123ij\u0101m<br data-start=\"4359\" data-end=\"4362\" \/>\u2714 Su\u0146iem, kuriem nepiecie\u0161ama viegli sagremojama bezgraudu bar\u012bba<\/p>\n<p data-start=\"4431\" data-end=\"4717\"><strong data-start=\"4431\" data-end=\"4443\">SAST\u0100VS:<\/strong> Kalt\u0113ts lasis 30%, saldais kartupelis, kalt\u0113ti kartupe\u013ci, la\u0161a e\u013c\u013ca 14%, kalt\u0113tas sard\u012bnes 6%, kalt\u0113ts \u0137irbis 2%, kalt\u0113ti burk\u0101ni 1,2%, \u010dia s\u0113klas 0,1%, lins\u0113klas, cigori\u0146u ekstrakts, juk\u0101, beta-glik\u0101ni, glikozam\u012bns, hondroit\u012bna sulf\u0101ts, vitam\u012bnu un miner\u0101lvielu mais\u012bjums.<\/p>\n<p data-start=\"4719\" data-end=\"4869\"><strong data-start=\"4719\" data-end=\"4747\">ANAL\u012aTISK\u0100S SAST\u0100VDA\u013bAS:<\/strong> Kopprote\u012bns 25%, tauki 14%, \u0161\u0137iedrvielas 3,2%, pelni 7,5%, kalcijs 1,1%, fosfors 0,85%, n\u0101trijs 0,15%, mitrums maks. 10%.<\/p>\n<p data-start=\"4871\" data-end=\"5334\"><strong data-start=\"4871\" data-end=\"4892\">PIEDEVAS (uz kg):<\/strong> A vitam\u012bns 16300 SV, D3 vitam\u012bns 1630 SV, E vitam\u012bns 160 mg, B1 vitam\u012bns 4,8 mg, B2 vitam\u012bns 8 mg, B6 vitam\u012bns 6,4 mg, B12 vitam\u012bns 0,07 mg, niac\u012bns 40 mg, pantot\u0113nsk\u0101be 16 mg, folijsk\u0101be 0,64 mg, biot\u012bns 0,4 mg, C vitam\u012bns 160 mg, jods 4 mg, sel\u0113ns 0,35 mg, dzelzs 96 mg, var\u0161 12 mg, cinks 120 mg, mang\u0101ns 12 mg, hol\u012bna hlor\u012bds 1728 mg, glikozam\u012bns 400 mg, hondroit\u012bna sulf\u0101ts 350 mg. Antioksidanti: tokoferoliem bag\u0101ti augu e\u013c\u013cu ekstrakti.<\/p>\n<p data-start=\"5336\" data-end=\"5375\">Metaboliz\u0113jam\u0101 ener\u0123ija: 3790 kcal\/kg<\/p>\n<p data-start=\"5377\" data-end=\"5500\"><strong data-start=\"5377\" data-end=\"5418\">Baro\u0161anas un uzglab\u0101\u0161anas nor\u0101d\u012bjumi:<\/strong><br data-start=\"5418\" data-end=\"5421\" \/>Pasniegt sausu. Nodro\u0161in\u0101t piek\u013cuvi svaigam \u016bdenim. Uzglab\u0101t v\u0113s\u0101, saus\u0101 viet\u0101.<\/p>\n","protected":false},"featured_media":53304,"template":"","meta":[],"product_brand":[],"product_cat":[575],"product_tag":[],"class_list":{"0":"post-55222","1":"product","2":"type-product","3":"status-publish","4":"has-post-thumbnail","6":"product_cat-sausa-bariba-suniem","8":"first","9":"instock","10":"taxable","11":"shipping-taxable","12":"purchasable","13":"product-type-simple"},"yoast_head":"<!-- This site is optimized with the Yoast SEO plugin v27.4 - https:\/\/yoast.com\/product\/yoast-seo-wordpress\/ -->\n<title>Ibero bezgraudu su\u0146u bar\u012bba Medium &amp; Maxi Adult Salmon, 12 kg - MiuMjau<\/title>\n<meta name=\"robots\" content=\"index, follow, max-snippet:-1, max-image-preview:large, max-video-preview:-1\" \/>\n<link rel=\"canonical\" href=\"https:\/\/miumjau.ee\/lv\/produkts\/ibero-bezgraudu-sunu-bariba-medium-maxi-adult-salmon-12-kg\/\" \/>\n<meta property=\"og:locale\" content=\"lv_LV\" \/>\n<meta property=\"og:type\" content=\"article\" \/>\n<meta property=\"og:title\" content=\"Ibero bezgraudu su\u0146u bar\u012bba Medium &amp; Maxi Adult Salmon, 12 kg - MiuMjau\" \/>\n<meta property=\"og:description\" content=\"Pilnv\u0113rt\u012bga, bezgraudu super premium klases bar\u012bba vid\u0113jo un lielo \u0161\u0137ir\u0146u pieaugu\u0161iem su\u0146iem no 1 gada vecuma, kuras pamat\u0101 ir augsts la\u0161a un sard\u012b\u0146u saturs \u2013 ide\u0101la izv\u0113le vesel\u012bgas \u0101das, apmatojuma un visp\u0101r\u0113j\u0101s vitalit\u0101tes uztur\u0113\u0161anai. Galven\u0101s priek\u0161roc\u012bbas: Bezgraudu recepte \u2013 nesatur kvie\u0161us, kukur\u016bzu un mie\u017eus; piem\u0113rota jut\u012bgiem su\u0146iem un su\u0146iem ar p\u0101rtikas nepanes\u012bbu.Augsts la\u0161a saturs (30%) \u2013 kalt\u0113ts lasis k\u0101 galvenais dz\u012bvnieku olbaltumvielu avots ir viegli sagremojams un bag\u0101ts ar omega-3 tauksk\u0101b\u0113m, kas atbalsta \u0101das, apmatojuma un im\u016bnsist\u0113mas vesel\u012bbu.Kalt\u0113tas sard\u012bnes (6%) \u2013 dabisks olbaltumvielu, EPA un DHA avots, kas uzlabo uzturv\u0113rt\u012bbu un gar\u0161u.La\u0161a e\u013c\u013ca (14%) \u2013 viens no kvalitat\u012bv\u0101kajiem omega-3 tauksk\u0101bju avotiem, kas atbalsta sirds un smadze\u0146u darb\u012bbu un nodro\u0161ina sp\u012bd\u012bgu apmatojumu.Dab\u012bgi ener\u0123ijas avoti \u2013 saldais kartupelis un jams nodro\u0161ina ilgsto\u0161u un stabilu ener\u0123iju.\u010cia s\u0113klas \u2013 bag\u0101tas ar \u0161\u0137iedrviel\u0101m, omega-3 tauksk\u0101b\u0113m un antioksidantiem.100% dab\u012bgs \u2013 nesatur graudus, \u0137imik\u0101lijas, \u0122MO, m\u0101ksl\u012bgos konservantus un kr\u0101svielas.Funkcion\u0101l\u0101s sast\u0101vda\u013cas \u2013 cigori\u0146u ekstrakts, juk\u0101, beta-glik\u0101ni, glikozam\u012bns un hondroit\u012bns atbalsta gremo\u0161anu, imunit\u0101ti un loc\u012btavu vesel\u012bbu. Piem\u0113rots: \u2714 Vid\u0113jo un lielo \u0161\u0137ir\u0146u pieaugu\u0161iem su\u0146iem\u2714 Su\u0146iem ar \u0101das probl\u0113m\u0101m vai bl\u0101vu apmatojumu\u2714 Su\u0146iem ar jut\u012bgu gremo\u0161anu vai ga\u013cas aler\u0123ij\u0101m\u2714 Su\u0146iem, kuriem nepiecie\u0161ama viegli sagremojama bezgraudu bar\u012bba SAST\u0100VS: Kalt\u0113ts lasis 30%, saldais kartupelis, kalt\u0113ti kartupe\u013ci, la\u0161a e\u013c\u013ca 14%, kalt\u0113tas sard\u012bnes 6%, kalt\u0113ts \u0137irbis 2%, kalt\u0113ti burk\u0101ni 1,2%, \u010dia s\u0113klas 0,1%, lins\u0113klas, cigori\u0146u ekstrakts, juk\u0101, beta-glik\u0101ni, glikozam\u012bns, hondroit\u012bna sulf\u0101ts, vitam\u012bnu un miner\u0101lvielu mais\u012bjums. ANAL\u012aTISK\u0100S SAST\u0100VDA\u013bAS: Kopprote\u012bns 25%, tauki 14%, \u0161\u0137iedrvielas 3,2%, pelni 7,5%, kalcijs 1,1%, fosfors 0,85%, n\u0101trijs 0,15%, mitrums maks. 10%. PIEDEVAS (uz kg): A vitam\u012bns 16300 SV, D3 vitam\u012bns 1630 SV, E vitam\u012bns 160 mg, B1 vitam\u012bns 4,8 mg, B2 vitam\u012bns 8 mg, B6 vitam\u012bns 6,4 mg, B12 vitam\u012bns 0,07 mg, niac\u012bns 40 mg, pantot\u0113nsk\u0101be 16 mg, folijsk\u0101be 0,64 mg, biot\u012bns 0,4 mg, C vitam\u012bns 160 mg, jods 4 mg, sel\u0113ns 0,35 mg, dzelzs 96 mg, var\u0161 12 mg, cinks 120 mg, mang\u0101ns 12 mg, hol\u012bna hlor\u012bds 1728 mg, glikozam\u012bns 400 mg, hondroit\u012bna sulf\u0101ts 350 mg. Antioksidanti: tokoferoliem bag\u0101ti augu e\u013c\u013cu ekstrakti. Metaboliz\u0113jam\u0101 ener\u0123ija: 3790 kcal\/kg Baro\u0161anas un uzglab\u0101\u0161anas nor\u0101d\u012bjumi:Pasniegt sausu. Nodro\u0161in\u0101t piek\u013cuvi svaigam \u016bdenim. Uzglab\u0101t v\u0113s\u0101, saus\u0101 viet\u0101.\" \/>\n<meta property=\"og:url\" content=\"https:\/\/miumjau.ee\/lv\/produkts\/ibero-bezgraudu-sunu-bariba-medium-maxi-adult-salmon-12-kg\/\" \/>\n<meta property=\"og:site_name\" content=\"MiuMjau\" \/>\n<meta property=\"article:publisher\" content=\"https:\/\/www.facebook.com\/miumjaupood\/\" \/>\n<meta property=\"og:image\" content=\"https:\/\/miumjau.ee\/wp-content\/uploads\/2026\/01\/ibero-GF-ML-lohe-12kg-2.jpg\" \/>\n\t<meta property=\"og:image:width\" content=\"600\" \/>\n\t<meta property=\"og:image:height\" content=\"800\" \/>\n\t<meta property=\"og:image:type\" content=\"image\/jpeg\" \/>\n<meta name=\"twitter:card\" content=\"summary_large_image\" \/>\n<script type=\"application\/ld+json\" class=\"yoast-schema-graph\">{\"@context\":\"https:\\\/\\\/schema.org\",\"@graph\":[{\"@type\":\"WebPage\",\"@id\":\"https:\\\/\\\/miumjau.ee\\\/lv\\\/produkts\\\/ibero-bezgraudu-sunu-bariba-medium-maxi-adult-salmon-12-kg\\\/\",\"url\":\"https:\\\/\\\/miumjau.ee\\\/lv\\\/produkts\\\/ibero-bezgraudu-sunu-bariba-medium-maxi-adult-salmon-12-kg\\\/\",\"name\":\"Ibero bezgraudu su\u0146u bar\u012bba Medium & Maxi Adult Salmon, 12 kg - MiuMjau\",\"isPartOf\":{\"@id\":\"https:\\\/\\\/miumjau.ee\\\/#website\"},\"primaryImageOfPage\":{\"@id\":\"https:\\\/\\\/miumjau.ee\\\/lv\\\/produkts\\\/ibero-bezgraudu-sunu-bariba-medium-maxi-adult-salmon-12-kg\\\/#primaryimage\"},\"image\":{\"@id\":\"https:\\\/\\\/miumjau.ee\\\/lv\\\/produkts\\\/ibero-bezgraudu-sunu-bariba-medium-maxi-adult-salmon-12-kg\\\/#primaryimage\"},\"thumbnailUrl\":\"https:\\\/\\\/miumjau.ee\\\/wp-content\\\/uploads\\\/2026\\\/01\\\/ibero-GF-ML-lohe-12kg-2.jpg\",\"datePublished\":\"2026-01-29T12:28:58+00:00\",\"breadcrumb\":{\"@id\":\"https:\\\/\\\/miumjau.ee\\\/lv\\\/produkts\\\/ibero-bezgraudu-sunu-bariba-medium-maxi-adult-salmon-12-kg\\\/#breadcrumb\"},\"inLanguage\":\"lv-LV\",\"potentialAction\":[{\"@type\":\"ReadAction\",\"target\":[\"https:\\\/\\\/miumjau.ee\\\/lv\\\/produkts\\\/ibero-bezgraudu-sunu-bariba-medium-maxi-adult-salmon-12-kg\\\/\"]}]},{\"@type\":\"ImageObject\",\"inLanguage\":\"lv-LV\",\"@id\":\"https:\\\/\\\/miumjau.ee\\\/lv\\\/produkts\\\/ibero-bezgraudu-sunu-bariba-medium-maxi-adult-salmon-12-kg\\\/#primaryimage\",\"url\":\"https:\\\/\\\/miumjau.ee\\\/wp-content\\\/uploads\\\/2026\\\/01\\\/ibero-GF-ML-lohe-12kg-2.jpg\",\"contentUrl\":\"https:\\\/\\\/miumjau.ee\\\/wp-content\\\/uploads\\\/2026\\\/01\\\/ibero-GF-ML-lohe-12kg-2.jpg\",\"width\":600,\"height\":800,\"caption\":\"Ibero Grain-free Dog Medium & Maxi Adult Salmon, 12kg\"},{\"@type\":\"BreadcrumbList\",\"@id\":\"https:\\\/\\\/miumjau.ee\\\/lv\\\/produkts\\\/ibero-bezgraudu-sunu-bariba-medium-maxi-adult-salmon-12-kg\\\/#breadcrumb\",\"itemListElement\":[{\"@type\":\"ListItem\",\"position\":1,\"name\":\"Home\",\"item\":\"https:\\\/\\\/miumjau.ee\\\/lv\\\/\"},{\"@type\":\"ListItem\",\"position\":2,\"name\":\"Veikals\",\"item\":\"https:\\\/\\\/miumjau.ee\\\/lv\\\/veikals\\\/\"},{\"@type\":\"ListItem\",\"position\":3,\"name\":\"Ibero bezgraudu su\u0146u bar\u012bba Medium &#038; Maxi Adult Salmon, 12 kg\"}]},{\"@type\":\"WebSite\",\"@id\":\"https:\\\/\\\/miumjau.ee\\\/#website\",\"url\":\"https:\\\/\\\/miumjau.ee\\\/\",\"name\":\"MiuMjau\",\"description\":\"Kraapimispuud kassidele\",\"publisher\":{\"@id\":\"https:\\\/\\\/miumjau.ee\\\/#organization\"},\"potentialAction\":[{\"@type\":\"SearchAction\",\"target\":{\"@type\":\"EntryPoint\",\"urlTemplate\":\"https:\\\/\\\/miumjau.ee\\\/?s={search_term_string}\"},\"query-input\":{\"@type\":\"PropertyValueSpecification\",\"valueRequired\":true,\"valueName\":\"search_term_string\"}}],\"inLanguage\":\"lv-LV\"},{\"@type\":\"Organization\",\"@id\":\"https:\\\/\\\/miumjau.ee\\\/#organization\",\"name\":\"MiuMjau O\u00dc\",\"url\":\"https:\\\/\\\/miumjau.ee\\\/\",\"logo\":{\"@type\":\"ImageObject\",\"inLanguage\":\"lv-LV\",\"@id\":\"https:\\\/\\\/miumjau.ee\\\/#\\\/schema\\\/logo\\\/image\\\/\",\"url\":\"https:\\\/\\\/miumjau.ee\\\/wp-content\\\/uploads\\\/2022\\\/04\\\/MiuMjau-logo-kollane.png\",\"contentUrl\":\"https:\\\/\\\/miumjau.ee\\\/wp-content\\\/uploads\\\/2022\\\/04\\\/MiuMjau-logo-kollane.png\",\"width\":219,\"height\":100,\"caption\":\"MiuMjau O\u00dc\"},\"image\":{\"@id\":\"https:\\\/\\\/miumjau.ee\\\/#\\\/schema\\\/logo\\\/image\\\/\"},\"sameAs\":[\"https:\\\/\\\/www.facebook.com\\\/miumjaupood\\\/\"]}]}<\/script>\n<!-- \/ Yoast SEO plugin. -->","yoast_head_json":{"title":"Ibero bezgraudu su\u0146u bar\u012bba Medium & Maxi Adult Salmon, 12 kg - MiuMjau","robots":{"index":"index","follow":"follow","max-snippet":"max-snippet:-1","max-image-preview":"max-image-preview:large","max-video-preview":"max-video-preview:-1"},"canonical":"https:\/\/miumjau.ee\/lv\/produkts\/ibero-bezgraudu-sunu-bariba-medium-maxi-adult-salmon-12-kg\/","og_locale":"lv_LV","og_type":"article","og_title":"Ibero bezgraudu su\u0146u bar\u012bba Medium & Maxi Adult Salmon, 12 kg - MiuMjau","og_description":"Pilnv\u0113rt\u012bga, bezgraudu super premium klases bar\u012bba vid\u0113jo un lielo \u0161\u0137ir\u0146u pieaugu\u0161iem su\u0146iem no 1 gada vecuma, kuras pamat\u0101 ir augsts la\u0161a un sard\u012b\u0146u saturs \u2013 ide\u0101la izv\u0113le vesel\u012bgas \u0101das, apmatojuma un visp\u0101r\u0113j\u0101s vitalit\u0101tes uztur\u0113\u0161anai. Galven\u0101s priek\u0161roc\u012bbas: Bezgraudu recepte \u2013 nesatur kvie\u0161us, kukur\u016bzu un mie\u017eus; piem\u0113rota jut\u012bgiem su\u0146iem un su\u0146iem ar p\u0101rtikas nepanes\u012bbu.Augsts la\u0161a saturs (30%) \u2013 kalt\u0113ts lasis k\u0101 galvenais dz\u012bvnieku olbaltumvielu avots ir viegli sagremojams un bag\u0101ts ar omega-3 tauksk\u0101b\u0113m, kas atbalsta \u0101das, apmatojuma un im\u016bnsist\u0113mas vesel\u012bbu.Kalt\u0113tas sard\u012bnes (6%) \u2013 dabisks olbaltumvielu, EPA un DHA avots, kas uzlabo uzturv\u0113rt\u012bbu un gar\u0161u.La\u0161a e\u013c\u013ca (14%) \u2013 viens no kvalitat\u012bv\u0101kajiem omega-3 tauksk\u0101bju avotiem, kas atbalsta sirds un smadze\u0146u darb\u012bbu un nodro\u0161ina sp\u012bd\u012bgu apmatojumu.Dab\u012bgi ener\u0123ijas avoti \u2013 saldais kartupelis un jams nodro\u0161ina ilgsto\u0161u un stabilu ener\u0123iju.\u010cia s\u0113klas \u2013 bag\u0101tas ar \u0161\u0137iedrviel\u0101m, omega-3 tauksk\u0101b\u0113m un antioksidantiem.100% dab\u012bgs \u2013 nesatur graudus, \u0137imik\u0101lijas, \u0122MO, m\u0101ksl\u012bgos konservantus un kr\u0101svielas.Funkcion\u0101l\u0101s sast\u0101vda\u013cas \u2013 cigori\u0146u ekstrakts, juk\u0101, beta-glik\u0101ni, glikozam\u012bns un hondroit\u012bns atbalsta gremo\u0161anu, imunit\u0101ti un loc\u012btavu vesel\u012bbu. Piem\u0113rots: \u2714 Vid\u0113jo un lielo \u0161\u0137ir\u0146u pieaugu\u0161iem su\u0146iem\u2714 Su\u0146iem ar \u0101das probl\u0113m\u0101m vai bl\u0101vu apmatojumu\u2714 Su\u0146iem ar jut\u012bgu gremo\u0161anu vai ga\u013cas aler\u0123ij\u0101m\u2714 Su\u0146iem, kuriem nepiecie\u0161ama viegli sagremojama bezgraudu bar\u012bba SAST\u0100VS: Kalt\u0113ts lasis 30%, saldais kartupelis, kalt\u0113ti kartupe\u013ci, la\u0161a e\u013c\u013ca 14%, kalt\u0113tas sard\u012bnes 6%, kalt\u0113ts \u0137irbis 2%, kalt\u0113ti burk\u0101ni 1,2%, \u010dia s\u0113klas 0,1%, lins\u0113klas, cigori\u0146u ekstrakts, juk\u0101, beta-glik\u0101ni, glikozam\u012bns, hondroit\u012bna sulf\u0101ts, vitam\u012bnu un miner\u0101lvielu mais\u012bjums. ANAL\u012aTISK\u0100S SAST\u0100VDA\u013bAS: Kopprote\u012bns 25%, tauki 14%, \u0161\u0137iedrvielas 3,2%, pelni 7,5%, kalcijs 1,1%, fosfors 0,85%, n\u0101trijs 0,15%, mitrums maks. 10%. PIEDEVAS (uz kg): A vitam\u012bns 16300 SV, D3 vitam\u012bns 1630 SV, E vitam\u012bns 160 mg, B1 vitam\u012bns 4,8 mg, B2 vitam\u012bns 8 mg, B6 vitam\u012bns 6,4 mg, B12 vitam\u012bns 0,07 mg, niac\u012bns 40 mg, pantot\u0113nsk\u0101be 16 mg, folijsk\u0101be 0,64 mg, biot\u012bns 0,4 mg, C vitam\u012bns 160 mg, jods 4 mg, sel\u0113ns 0,35 mg, dzelzs 96 mg, var\u0161 12 mg, cinks 120 mg, mang\u0101ns 12 mg, hol\u012bna hlor\u012bds 1728 mg, glikozam\u012bns 400 mg, hondroit\u012bna sulf\u0101ts 350 mg. Antioksidanti: tokoferoliem bag\u0101ti augu e\u013c\u013cu ekstrakti. Metaboliz\u0113jam\u0101 ener\u0123ija: 3790 kcal\/kg Baro\u0161anas un uzglab\u0101\u0161anas nor\u0101d\u012bjumi:Pasniegt sausu. Nodro\u0161in\u0101t piek\u013cuvi svaigam \u016bdenim. Uzglab\u0101t v\u0113s\u0101, saus\u0101 viet\u0101.","og_url":"https:\/\/miumjau.ee\/lv\/produkts\/ibero-bezgraudu-sunu-bariba-medium-maxi-adult-salmon-12-kg\/","og_site_name":"MiuMjau","article_publisher":"https:\/\/www.facebook.com\/miumjaupood\/","og_image":[{"width":600,"height":800,"url":"https:\/\/miumjau.ee\/wp-content\/uploads\/2026\/01\/ibero-GF-ML-lohe-12kg-2.jpg","type":"image\/jpeg"}],"twitter_card":"summary_large_image","schema":{"@context":"https:\/\/schema.org","@graph":[{"@type":"WebPage","@id":"https:\/\/miumjau.ee\/lv\/produkts\/ibero-bezgraudu-sunu-bariba-medium-maxi-adult-salmon-12-kg\/","url":"https:\/\/miumjau.ee\/lv\/produkts\/ibero-bezgraudu-sunu-bariba-medium-maxi-adult-salmon-12-kg\/","name":"Ibero bezgraudu su\u0146u bar\u012bba Medium & Maxi Adult Salmon, 12 kg - MiuMjau","isPartOf":{"@id":"https:\/\/miumjau.ee\/#website"},"primaryImageOfPage":{"@id":"https:\/\/miumjau.ee\/lv\/produkts\/ibero-bezgraudu-sunu-bariba-medium-maxi-adult-salmon-12-kg\/#primaryimage"},"image":{"@id":"https:\/\/miumjau.ee\/lv\/produkts\/ibero-bezgraudu-sunu-bariba-medium-maxi-adult-salmon-12-kg\/#primaryimage"},"thumbnailUrl":"https:\/\/miumjau.ee\/wp-content\/uploads\/2026\/01\/ibero-GF-ML-lohe-12kg-2.jpg","datePublished":"2026-01-29T12:28:58+00:00","breadcrumb":{"@id":"https:\/\/miumjau.ee\/lv\/produkts\/ibero-bezgraudu-sunu-bariba-medium-maxi-adult-salmon-12-kg\/#breadcrumb"},"inLanguage":"lv-LV","potentialAction":[{"@type":"ReadAction","target":["https:\/\/miumjau.ee\/lv\/produkts\/ibero-bezgraudu-sunu-bariba-medium-maxi-adult-salmon-12-kg\/"]}]},{"@type":"ImageObject","inLanguage":"lv-LV","@id":"https:\/\/miumjau.ee\/lv\/produkts\/ibero-bezgraudu-sunu-bariba-medium-maxi-adult-salmon-12-kg\/#primaryimage","url":"https:\/\/miumjau.ee\/wp-content\/uploads\/2026\/01\/ibero-GF-ML-lohe-12kg-2.jpg","contentUrl":"https:\/\/miumjau.ee\/wp-content\/uploads\/2026\/01\/ibero-GF-ML-lohe-12kg-2.jpg","width":600,"height":800,"caption":"Ibero Grain-free Dog Medium & Maxi Adult Salmon, 12kg"},{"@type":"BreadcrumbList","@id":"https:\/\/miumjau.ee\/lv\/produkts\/ibero-bezgraudu-sunu-bariba-medium-maxi-adult-salmon-12-kg\/#breadcrumb","itemListElement":[{"@type":"ListItem","position":1,"name":"Home","item":"https:\/\/miumjau.ee\/lv\/"},{"@type":"ListItem","position":2,"name":"Veikals","item":"https:\/\/miumjau.ee\/lv\/veikals\/"},{"@type":"ListItem","position":3,"name":"Ibero bezgraudu su\u0146u bar\u012bba Medium &#038; Maxi Adult Salmon, 12 kg"}]},{"@type":"WebSite","@id":"https:\/\/miumjau.ee\/#website","url":"https:\/\/miumjau.ee\/","name":"MiuMjau","description":"Kraapimispuud kassidele","publisher":{"@id":"https:\/\/miumjau.ee\/#organization"},"potentialAction":[{"@type":"SearchAction","target":{"@type":"EntryPoint","urlTemplate":"https:\/\/miumjau.ee\/?s={search_term_string}"},"query-input":{"@type":"PropertyValueSpecification","valueRequired":true,"valueName":"search_term_string"}}],"inLanguage":"lv-LV"},{"@type":"Organization","@id":"https:\/\/miumjau.ee\/#organization","name":"MiuMjau O\u00dc","url":"https:\/\/miumjau.ee\/","logo":{"@type":"ImageObject","inLanguage":"lv-LV","@id":"https:\/\/miumjau.ee\/#\/schema\/logo\/image\/","url":"https:\/\/miumjau.ee\/wp-content\/uploads\/2022\/04\/MiuMjau-logo-kollane.png","contentUrl":"https:\/\/miumjau.ee\/wp-content\/uploads\/2022\/04\/MiuMjau-logo-kollane.png","width":219,"height":100,"caption":"MiuMjau O\u00dc"},"image":{"@id":"https:\/\/miumjau.ee\/#\/schema\/logo\/image\/"},"sameAs":["https:\/\/www.facebook.com\/miumjaupood\/"]}]}},"_links":{"self":[{"href":"https:\/\/miumjau.ee\/lv\/wp-json\/wp\/v2\/product\/55222","targetHints":{"allow":["GET"]}}],"collection":[{"href":"https:\/\/miumjau.ee\/lv\/wp-json\/wp\/v2\/product"}],"about":[{"href":"https:\/\/miumjau.ee\/lv\/wp-json\/wp\/v2\/types\/product"}],"wp:featuredmedia":[{"embeddable":true,"href":"https:\/\/miumjau.ee\/lv\/wp-json\/wp\/v2\/media\/53304"}],"wp:attachment":[{"href":"https:\/\/miumjau.ee\/lv\/wp-json\/wp\/v2\/media?parent=55222"}],"wp:term":[{"taxonomy":"product_brand","embeddable":true,"href":"https:\/\/miumjau.ee\/lv\/wp-json\/wp\/v2\/product_brand?post=55222"},{"taxonomy":"product_cat","embeddable":true,"href":"https:\/\/miumjau.ee\/lv\/wp-json\/wp\/v2\/product_cat?post=55222"},{"taxonomy":"product_tag","embeddable":true,"href":"https:\/\/miumjau.ee\/lv\/wp-json\/wp\/v2\/product_tag?post=55222"}],"curies":[{"name":"wp","href":"https:\/\/api.w.org\/{rel}","templated":true}]}}