{"id":55196,"date":"2026-01-29T14:29:03","date_gmt":"2026-01-29T12:29:03","guid":{"rendered":"https:\/\/miumjau.ee\/toode\/ibero-grain-free-dog-mini-adult-lamb-2-kg\/"},"modified":"2026-01-29T14:29:03","modified_gmt":"2026-01-29T12:29:03","slug":"ibero-grain-free-dog-mini-adult-lamb-2-kg","status":"publish","type":"product","link":"https:\/\/miumjau.ee\/lv\/produkts\/ibero-grain-free-dog-mini-adult-lamb-2-kg\/","title":{"rendered":"Ibero Grain-free Dog Mini Adult Lamb, 2 kg"},"content":{"rendered":"","protected":false},"excerpt":{"rendered":"<p data-start=\"2699\" data-end=\"2785\">Pilnv\u0113rt\u012bga superpremium graudaugu nesaturo\u0161a bar\u012bba mazu \u0161\u0137ir\u0146u pieaugu\u0161iem su\u0146iem.<\/p>\n<p data-start=\"2787\" data-end=\"2816\"><strong data-start=\"2787\" data-end=\"2814\">Galven\u0101s priek\u0161roc\u012bbas:<\/strong><\/p>\n<ul data-start=\"2818\" data-end=\"3764\">\n<li data-section-id=\"1oidw1i\" data-start=\"2818\" data-end=\"2970\">\n<p data-start=\"2820\" data-end=\"2970\"><strong data-start=\"2820\" data-end=\"2841\">Bezgraudu recepte<\/strong> \u2013 nesatur kvie\u0161us, kukur\u016bzu vai mie\u017eus, ide\u0101li maziem su\u0146iem ar jut\u012bgu gremo\u0161anas sist\u0113mu vai noslieci uz p\u0101rtikas nepanes\u012bbu.<\/p>\n<\/li>\n<li data-section-id=\"kvic0n\" data-start=\"2971\" data-end=\"3155\">\n<p data-start=\"2973\" data-end=\"3155\"><strong data-start=\"2973\" data-end=\"3007\">Augsts j\u0113ra ga\u013cas saturs (34%)<\/strong> \u2013 kalt\u0113ta j\u0113ra ga\u013ca k\u0101 galvenais dz\u012bvnieku olbaltumvielu avots ir viegli sagremojama, hipoaler\u0123iska un \u013coti gar\u0161\u012bga pat izv\u0113l\u012bgiem maziem su\u0146iem.<\/p>\n<\/li>\n<li data-section-id=\"1hgusdg\" data-start=\"3156\" data-end=\"3284\">\n<p data-start=\"3158\" data-end=\"3284\"><strong data-start=\"3158\" data-end=\"3186\">Dabiskas ener\u0123ijas avoti<\/strong> \u2013 saldais kartupelis un jamss nodro\u0161ina vienm\u0113r\u012bgu un sabalans\u0113tu ener\u0123iju visas dienas garum\u0101.<\/p>\n<\/li>\n<li data-section-id=\"1a6ldq\" data-start=\"3285\" data-end=\"3374\">\n<p data-start=\"3287\" data-end=\"3374\"><strong data-start=\"3287\" data-end=\"3301\">J\u0113ra aknas<\/strong> \u2013 bag\u0101tas ar B vitam\u012bniem, atbalsta vielmai\u0146u, dz\u012bvotsp\u0113ju un apet\u012bti.<\/p>\n<\/li>\n<li data-section-id=\"w03tom\" data-start=\"3375\" data-end=\"3489\">\n<p data-start=\"3377\" data-end=\"3489\"><strong data-start=\"3377\" data-end=\"3391\">\u010cia s\u0113klas<\/strong> \u2013 omega-3 tauksk\u0101bju, antioksidantu un \u0161\u0137iedrvielu avots vesel\u012bgai \u0101dai, spalvai un gremo\u0161anai.<\/p>\n<\/li>\n<li data-section-id=\"28mw2v\" data-start=\"3490\" data-end=\"3593\">\n<p data-start=\"3492\" data-end=\"3593\"><strong data-start=\"3492\" data-end=\"3508\">100% dabisks<\/strong> \u2013 nesatur graudaugus, \u0137\u012bmiskas vielas, GMO, m\u0101ksl\u012bgus konservantus vai kr\u0101svielas.<\/p>\n<\/li>\n<li data-section-id=\"165ayqy\" data-start=\"3594\" data-end=\"3764\">\n<p data-start=\"3596\" data-end=\"3764\"><strong data-start=\"3596\" data-end=\"3624\">Funkcion\u0101las sast\u0101vda\u013cas<\/strong> \u2013 cigori\u0146u ekstrakts, juka, beta-glik\u0101ni, glikozam\u012bns un hondroit\u012bns atbalsta mazo su\u0146u imunit\u0101ti, labu gremo\u0161anu un vesel\u012bgas loc\u012btavas.<\/p>\n<\/li>\n<\/ul>\n<p data-start=\"3766\" data-end=\"3993\"><strong data-start=\"3766\" data-end=\"3780\">Piem\u0113rots:<\/strong><br data-start=\"3780\" data-end=\"3783\" \/>\u2714 Mazu \u0161\u0137ir\u0146u pieaugu\u0161iem su\u0146iem<br data-start=\"3815\" data-end=\"3818\" \/>\u2714 Su\u0146iem ar jut\u012bgu gremo\u0161anu vai p\u0101rtikas nepanes\u012bbu<br data-start=\"3870\" data-end=\"3873\" \/>\u2714 Mazajiem su\u0146iem, kas dod priek\u0161roku gar\u0161\u012bgai un viegli sagremojamai bar\u012bbai<br data-start=\"3950\" data-end=\"3953\" \/>\u2714 Su\u0146iem ar graudaugu nesaturo\u0161u di\u0113tu<\/p>\n<p data-start=\"3995\" data-end=\"4321\"><strong data-start=\"3995\" data-end=\"4011\">Sast\u0101vda\u013cas:<\/strong> Kalt\u0113ta j\u0113ra ga\u013ca 34%, saldais kartupelis, kalt\u0113ti kartupe\u013ci, liellopu tauki 14%, j\u0113ra aknas 5%, kalt\u0113ta \u0137irbis 2%, kalt\u0113tas j\u0113ra aknas 2%, kalt\u0113ta burk\u0101ni 1,2%, Sp\u0101nijas salvija 0,1%, linu s\u0113klas, cigori\u0146u ekstrakts, juka, beta-glik\u0101ni, glikozam\u012bns, hondroit\u012bna sulf\u0101ts, vitam\u012bnu un miner\u0101lvielu mais\u012bjums.<\/p>\n<p data-start=\"4323\" data-end=\"4472\"><strong data-start=\"4323\" data-end=\"4351\">Anal\u012btisk\u0101s sast\u0101vda\u013cas:<\/strong> Olbaltumvielas 26%, tauki 14%, \u0161\u0137iedra 3,2%, pelni 6,9%, kalcijs 1,1%, fosfors 0,85%, n\u0101trijs 0,15%, mitrums max. 10%.<\/p>\n<p data-start=\"4474\" data-end=\"4935\"><strong data-start=\"4474\" data-end=\"4492\">Piedevas (kg):<\/strong> A vitam\u012bns 16,800 R\u00dc, D3 vitam\u012bns 1,680 R\u00dc, E vitam\u012bns 168 mg, B1 vitam\u012bns 4,8 mg, B2 vitam\u012bns 8 mg, B6 vitam\u012bns 6,4 mg, B12 vitam\u012bns 0,07 mg, niac\u012bns 40 mg, pantot\u0113nsk\u0101be 16 mg, folsk\u0101be 0,64 mg, biot\u012bns 0,4 mg, C vitam\u012bns 160 mg, jods 4 mg, sel\u0113ns 0,35 mg, dzelzs 96 mg, var\u0161 12 mg, cinks 120 mg, mang\u0101ns 12 mg, hol\u012bna hlor\u012bds 1,728 mg, glikozam\u012bns 400 mg, hondroit\u012bna sulf\u0101ts 350 mg. Antioksidanti: tokoferolu bag\u0101ti augu e\u013c\u013cu ekstrakti.<\/p>\n<p data-start=\"4937\" data-end=\"4981\"><strong data-start=\"4937\" data-end=\"4965\">Metaboliz\u0113jam\u0101 ener\u0123ija:<\/strong> 3,870 kcal\/kg<\/p>\n<p data-start=\"4983\" data-end=\"5394\"><strong data-start=\"4983\" data-end=\"5024\">Baro\u0161anas un uzglab\u0101\u0161anas nor\u0101d\u012bjumi:<\/strong><br data-start=\"5024\" data-end=\"5027\" \/>Pasniedz saus\u0101 veid\u0101. Nodro\u0161iniet su\u0146iem piek\u013cuvi svaigam \u016bdenim. Individu\u0101l\u0101s baro\u0161anas vajadz\u012bbas atkar\u012bgas no vecuma, \u0161\u0137irnes, aktivit\u0101tes l\u012bme\u0146a un fiziolo\u0123isk\u0101 st\u0101vok\u013ca. P\u0113c katras baro\u0161anas nodro\u0161iniet, ka iepakojums ir cie\u0161i aizv\u0113rts, un glab\u0101jiet v\u0113s\u0101, saus\u0101 viet\u0101, aizsarg\u0101jot no tie\u0161iem saules stariem. Lab\u0101kais pirms \/ partijas datums: skat\u012bt iepakojumu.<\/p>\n","protected":false},"featured_media":53286,"template":"","meta":[],"product_brand":[],"product_cat":[575],"product_tag":[],"class_list":{"0":"post-55196","1":"product","2":"type-product","3":"status-publish","4":"has-post-thumbnail","6":"product_cat-sausa-bariba-suniem","8":"first","9":"instock","10":"sale","11":"taxable","12":"shipping-taxable","13":"purchasable","14":"product-type-simple"},"yoast_head":"<!-- This site is optimized with the Yoast SEO plugin v27.4 - https:\/\/yoast.com\/product\/yoast-seo-wordpress\/ -->\n<title>Ibero Grain-free Dog Mini Adult Lamb, 2 kg - MiuMjau<\/title>\n<meta name=\"robots\" content=\"index, follow, max-snippet:-1, max-image-preview:large, max-video-preview:-1\" \/>\n<link rel=\"canonical\" href=\"https:\/\/miumjau.ee\/lv\/produkts\/ibero-grain-free-dog-mini-adult-lamb-2-kg\/\" \/>\n<meta property=\"og:locale\" content=\"lv_LV\" \/>\n<meta property=\"og:type\" content=\"article\" \/>\n<meta property=\"og:title\" content=\"Ibero Grain-free Dog Mini Adult Lamb, 2 kg - MiuMjau\" \/>\n<meta property=\"og:description\" content=\"Pilnv\u0113rt\u012bga superpremium graudaugu nesaturo\u0161a bar\u012bba mazu \u0161\u0137ir\u0146u pieaugu\u0161iem su\u0146iem. Galven\u0101s priek\u0161roc\u012bbas:     Bezgraudu recepte \u2013 nesatur kvie\u0161us, kukur\u016bzu vai mie\u017eus, ide\u0101li maziem su\u0146iem ar jut\u012bgu gremo\u0161anas sist\u0113mu vai noslieci uz p\u0101rtikas nepanes\u012bbu.    Augsts j\u0113ra ga\u013cas saturs (34%) \u2013 kalt\u0113ta j\u0113ra ga\u013ca k\u0101 galvenais dz\u012bvnieku olbaltumvielu avots ir viegli sagremojama, hipoaler\u0123iska un \u013coti gar\u0161\u012bga pat izv\u0113l\u012bgiem maziem su\u0146iem.    Dabiskas ener\u0123ijas avoti \u2013 saldais kartupelis un jamss nodro\u0161ina vienm\u0113r\u012bgu un sabalans\u0113tu ener\u0123iju visas dienas garum\u0101.    J\u0113ra aknas \u2013 bag\u0101tas ar B vitam\u012bniem, atbalsta vielmai\u0146u, dz\u012bvotsp\u0113ju un apet\u012bti.    \u010cia s\u0113klas \u2013 omega-3 tauksk\u0101bju, antioksidantu un \u0161\u0137iedrvielu avots vesel\u012bgai \u0101dai, spalvai un gremo\u0161anai.    100% dabisks \u2013 nesatur graudaugus, \u0137\u012bmiskas vielas, GMO, m\u0101ksl\u012bgus konservantus vai kr\u0101svielas.    Funkcion\u0101las sast\u0101vda\u013cas \u2013 cigori\u0146u ekstrakts, juka, beta-glik\u0101ni, glikozam\u012bns un hondroit\u012bns atbalsta mazo su\u0146u imunit\u0101ti, labu gremo\u0161anu un vesel\u012bgas loc\u012btavas.   Piem\u0113rots:\u2714 Mazu \u0161\u0137ir\u0146u pieaugu\u0161iem su\u0146iem\u2714 Su\u0146iem ar jut\u012bgu gremo\u0161anu vai p\u0101rtikas nepanes\u012bbu\u2714 Mazajiem su\u0146iem, kas dod priek\u0161roku gar\u0161\u012bgai un viegli sagremojamai bar\u012bbai\u2714 Su\u0146iem ar graudaugu nesaturo\u0161u di\u0113tu Sast\u0101vda\u013cas: Kalt\u0113ta j\u0113ra ga\u013ca 34%, saldais kartupelis, kalt\u0113ti kartupe\u013ci, liellopu tauki 14%, j\u0113ra aknas 5%, kalt\u0113ta \u0137irbis 2%, kalt\u0113tas j\u0113ra aknas 2%, kalt\u0113ta burk\u0101ni 1,2%, Sp\u0101nijas salvija 0,1%, linu s\u0113klas, cigori\u0146u ekstrakts, juka, beta-glik\u0101ni, glikozam\u012bns, hondroit\u012bna sulf\u0101ts, vitam\u012bnu un miner\u0101lvielu mais\u012bjums. Anal\u012btisk\u0101s sast\u0101vda\u013cas: Olbaltumvielas 26%, tauki 14%, \u0161\u0137iedra 3,2%, pelni 6,9%, kalcijs 1,1%, fosfors 0,85%, n\u0101trijs 0,15%, mitrums max. 10%. Piedevas (kg): A vitam\u012bns 16,800 R\u00dc, D3 vitam\u012bns 1,680 R\u00dc, E vitam\u012bns 168 mg, B1 vitam\u012bns 4,8 mg, B2 vitam\u012bns 8 mg, B6 vitam\u012bns 6,4 mg, B12 vitam\u012bns 0,07 mg, niac\u012bns 40 mg, pantot\u0113nsk\u0101be 16 mg, folsk\u0101be 0,64 mg, biot\u012bns 0,4 mg, C vitam\u012bns 160 mg, jods 4 mg, sel\u0113ns 0,35 mg, dzelzs 96 mg, var\u0161 12 mg, cinks 120 mg, mang\u0101ns 12 mg, hol\u012bna hlor\u012bds 1,728 mg, glikozam\u012bns 400 mg, hondroit\u012bna sulf\u0101ts 350 mg. Antioksidanti: tokoferolu bag\u0101ti augu e\u013c\u013cu ekstrakti. Metaboliz\u0113jam\u0101 ener\u0123ija: 3,870 kcal\/kg Baro\u0161anas un uzglab\u0101\u0161anas nor\u0101d\u012bjumi:Pasniedz saus\u0101 veid\u0101. Nodro\u0161iniet su\u0146iem piek\u013cuvi svaigam \u016bdenim. Individu\u0101l\u0101s baro\u0161anas vajadz\u012bbas atkar\u012bgas no vecuma, \u0161\u0137irnes, aktivit\u0101tes l\u012bme\u0146a un fiziolo\u0123isk\u0101 st\u0101vok\u013ca. P\u0113c katras baro\u0161anas nodro\u0161iniet, ka iepakojums ir cie\u0161i aizv\u0113rts, un glab\u0101jiet v\u0113s\u0101, saus\u0101 viet\u0101, aizsarg\u0101jot no tie\u0161iem saules stariem. Lab\u0101kais pirms \/ partijas datums: skat\u012bt iepakojumu.\" \/>\n<meta property=\"og:url\" content=\"https:\/\/miumjau.ee\/lv\/produkts\/ibero-grain-free-dog-mini-adult-lamb-2-kg\/\" \/>\n<meta property=\"og:site_name\" content=\"MiuMjau\" \/>\n<meta property=\"article:publisher\" content=\"https:\/\/www.facebook.com\/miumjaupood\/\" \/>\n<meta property=\"og:image\" content=\"https:\/\/miumjau.ee\/wp-content\/uploads\/2026\/01\/ibero-grainfree-mini-adult-lamb2.jpg\" \/>\n\t<meta property=\"og:image:width\" content=\"600\" \/>\n\t<meta property=\"og:image:height\" content=\"800\" \/>\n\t<meta property=\"og:image:type\" content=\"image\/jpeg\" \/>\n<meta name=\"twitter:card\" content=\"summary_large_image\" \/>\n<script type=\"application\/ld+json\" class=\"yoast-schema-graph\">{\"@context\":\"https:\\\/\\\/schema.org\",\"@graph\":[{\"@type\":\"WebPage\",\"@id\":\"https:\\\/\\\/miumjau.ee\\\/lv\\\/produkts\\\/ibero-grain-free-dog-mini-adult-lamb-2-kg\\\/\",\"url\":\"https:\\\/\\\/miumjau.ee\\\/lv\\\/produkts\\\/ibero-grain-free-dog-mini-adult-lamb-2-kg\\\/\",\"name\":\"Ibero Grain-free Dog Mini Adult Lamb, 2 kg - MiuMjau\",\"isPartOf\":{\"@id\":\"https:\\\/\\\/miumjau.ee\\\/#website\"},\"primaryImageOfPage\":{\"@id\":\"https:\\\/\\\/miumjau.ee\\\/lv\\\/produkts\\\/ibero-grain-free-dog-mini-adult-lamb-2-kg\\\/#primaryimage\"},\"image\":{\"@id\":\"https:\\\/\\\/miumjau.ee\\\/lv\\\/produkts\\\/ibero-grain-free-dog-mini-adult-lamb-2-kg\\\/#primaryimage\"},\"thumbnailUrl\":\"https:\\\/\\\/miumjau.ee\\\/wp-content\\\/uploads\\\/2026\\\/01\\\/ibero-grainfree-mini-adult-lamb2.jpg\",\"datePublished\":\"2026-01-29T12:29:03+00:00\",\"breadcrumb\":{\"@id\":\"https:\\\/\\\/miumjau.ee\\\/lv\\\/produkts\\\/ibero-grain-free-dog-mini-adult-lamb-2-kg\\\/#breadcrumb\"},\"inLanguage\":\"lv-LV\",\"potentialAction\":[{\"@type\":\"ReadAction\",\"target\":[\"https:\\\/\\\/miumjau.ee\\\/lv\\\/produkts\\\/ibero-grain-free-dog-mini-adult-lamb-2-kg\\\/\"]}]},{\"@type\":\"ImageObject\",\"inLanguage\":\"lv-LV\",\"@id\":\"https:\\\/\\\/miumjau.ee\\\/lv\\\/produkts\\\/ibero-grain-free-dog-mini-adult-lamb-2-kg\\\/#primaryimage\",\"url\":\"https:\\\/\\\/miumjau.ee\\\/wp-content\\\/uploads\\\/2026\\\/01\\\/ibero-grainfree-mini-adult-lamb2.jpg\",\"contentUrl\":\"https:\\\/\\\/miumjau.ee\\\/wp-content\\\/uploads\\\/2026\\\/01\\\/ibero-grainfree-mini-adult-lamb2.jpg\",\"width\":600,\"height\":800,\"caption\":\"Ibero Grain-free Dog Mini Adult Lamb, 2kg\"},{\"@type\":\"BreadcrumbList\",\"@id\":\"https:\\\/\\\/miumjau.ee\\\/lv\\\/produkts\\\/ibero-grain-free-dog-mini-adult-lamb-2-kg\\\/#breadcrumb\",\"itemListElement\":[{\"@type\":\"ListItem\",\"position\":1,\"name\":\"Home\",\"item\":\"https:\\\/\\\/miumjau.ee\\\/lv\\\/\"},{\"@type\":\"ListItem\",\"position\":2,\"name\":\"Veikals\",\"item\":\"https:\\\/\\\/miumjau.ee\\\/lv\\\/veikals\\\/\"},{\"@type\":\"ListItem\",\"position\":3,\"name\":\"Ibero Grain-free Dog Mini Adult Lamb, 2 kg\"}]},{\"@type\":\"WebSite\",\"@id\":\"https:\\\/\\\/miumjau.ee\\\/#website\",\"url\":\"https:\\\/\\\/miumjau.ee\\\/\",\"name\":\"MiuMjau\",\"description\":\"Kraapimispuud kassidele\",\"publisher\":{\"@id\":\"https:\\\/\\\/miumjau.ee\\\/#organization\"},\"potentialAction\":[{\"@type\":\"SearchAction\",\"target\":{\"@type\":\"EntryPoint\",\"urlTemplate\":\"https:\\\/\\\/miumjau.ee\\\/?s={search_term_string}\"},\"query-input\":{\"@type\":\"PropertyValueSpecification\",\"valueRequired\":true,\"valueName\":\"search_term_string\"}}],\"inLanguage\":\"lv-LV\"},{\"@type\":\"Organization\",\"@id\":\"https:\\\/\\\/miumjau.ee\\\/#organization\",\"name\":\"MiuMjau O\u00dc\",\"url\":\"https:\\\/\\\/miumjau.ee\\\/\",\"logo\":{\"@type\":\"ImageObject\",\"inLanguage\":\"lv-LV\",\"@id\":\"https:\\\/\\\/miumjau.ee\\\/#\\\/schema\\\/logo\\\/image\\\/\",\"url\":\"https:\\\/\\\/miumjau.ee\\\/wp-content\\\/uploads\\\/2022\\\/04\\\/MiuMjau-logo-kollane.png\",\"contentUrl\":\"https:\\\/\\\/miumjau.ee\\\/wp-content\\\/uploads\\\/2022\\\/04\\\/MiuMjau-logo-kollane.png\",\"width\":219,\"height\":100,\"caption\":\"MiuMjau O\u00dc\"},\"image\":{\"@id\":\"https:\\\/\\\/miumjau.ee\\\/#\\\/schema\\\/logo\\\/image\\\/\"},\"sameAs\":[\"https:\\\/\\\/www.facebook.com\\\/miumjaupood\\\/\"]}]}<\/script>\n<!-- \/ Yoast SEO plugin. -->","yoast_head_json":{"title":"Ibero Grain-free Dog Mini Adult Lamb, 2 kg - MiuMjau","robots":{"index":"index","follow":"follow","max-snippet":"max-snippet:-1","max-image-preview":"max-image-preview:large","max-video-preview":"max-video-preview:-1"},"canonical":"https:\/\/miumjau.ee\/lv\/produkts\/ibero-grain-free-dog-mini-adult-lamb-2-kg\/","og_locale":"lv_LV","og_type":"article","og_title":"Ibero Grain-free Dog Mini Adult Lamb, 2 kg - MiuMjau","og_description":"Pilnv\u0113rt\u012bga superpremium graudaugu nesaturo\u0161a bar\u012bba mazu \u0161\u0137ir\u0146u pieaugu\u0161iem su\u0146iem. Galven\u0101s priek\u0161roc\u012bbas:     Bezgraudu recepte \u2013 nesatur kvie\u0161us, kukur\u016bzu vai mie\u017eus, ide\u0101li maziem su\u0146iem ar jut\u012bgu gremo\u0161anas sist\u0113mu vai noslieci uz p\u0101rtikas nepanes\u012bbu.    Augsts j\u0113ra ga\u013cas saturs (34%) \u2013 kalt\u0113ta j\u0113ra ga\u013ca k\u0101 galvenais dz\u012bvnieku olbaltumvielu avots ir viegli sagremojama, hipoaler\u0123iska un \u013coti gar\u0161\u012bga pat izv\u0113l\u012bgiem maziem su\u0146iem.    Dabiskas ener\u0123ijas avoti \u2013 saldais kartupelis un jamss nodro\u0161ina vienm\u0113r\u012bgu un sabalans\u0113tu ener\u0123iju visas dienas garum\u0101.    J\u0113ra aknas \u2013 bag\u0101tas ar B vitam\u012bniem, atbalsta vielmai\u0146u, dz\u012bvotsp\u0113ju un apet\u012bti.    \u010cia s\u0113klas \u2013 omega-3 tauksk\u0101bju, antioksidantu un \u0161\u0137iedrvielu avots vesel\u012bgai \u0101dai, spalvai un gremo\u0161anai.    100% dabisks \u2013 nesatur graudaugus, \u0137\u012bmiskas vielas, GMO, m\u0101ksl\u012bgus konservantus vai kr\u0101svielas.    Funkcion\u0101las sast\u0101vda\u013cas \u2013 cigori\u0146u ekstrakts, juka, beta-glik\u0101ni, glikozam\u012bns un hondroit\u012bns atbalsta mazo su\u0146u imunit\u0101ti, labu gremo\u0161anu un vesel\u012bgas loc\u012btavas.   Piem\u0113rots:\u2714 Mazu \u0161\u0137ir\u0146u pieaugu\u0161iem su\u0146iem\u2714 Su\u0146iem ar jut\u012bgu gremo\u0161anu vai p\u0101rtikas nepanes\u012bbu\u2714 Mazajiem su\u0146iem, kas dod priek\u0161roku gar\u0161\u012bgai un viegli sagremojamai bar\u012bbai\u2714 Su\u0146iem ar graudaugu nesaturo\u0161u di\u0113tu Sast\u0101vda\u013cas: Kalt\u0113ta j\u0113ra ga\u013ca 34%, saldais kartupelis, kalt\u0113ti kartupe\u013ci, liellopu tauki 14%, j\u0113ra aknas 5%, kalt\u0113ta \u0137irbis 2%, kalt\u0113tas j\u0113ra aknas 2%, kalt\u0113ta burk\u0101ni 1,2%, Sp\u0101nijas salvija 0,1%, linu s\u0113klas, cigori\u0146u ekstrakts, juka, beta-glik\u0101ni, glikozam\u012bns, hondroit\u012bna sulf\u0101ts, vitam\u012bnu un miner\u0101lvielu mais\u012bjums. Anal\u012btisk\u0101s sast\u0101vda\u013cas: Olbaltumvielas 26%, tauki 14%, \u0161\u0137iedra 3,2%, pelni 6,9%, kalcijs 1,1%, fosfors 0,85%, n\u0101trijs 0,15%, mitrums max. 10%. Piedevas (kg): A vitam\u012bns 16,800 R\u00dc, D3 vitam\u012bns 1,680 R\u00dc, E vitam\u012bns 168 mg, B1 vitam\u012bns 4,8 mg, B2 vitam\u012bns 8 mg, B6 vitam\u012bns 6,4 mg, B12 vitam\u012bns 0,07 mg, niac\u012bns 40 mg, pantot\u0113nsk\u0101be 16 mg, folsk\u0101be 0,64 mg, biot\u012bns 0,4 mg, C vitam\u012bns 160 mg, jods 4 mg, sel\u0113ns 0,35 mg, dzelzs 96 mg, var\u0161 12 mg, cinks 120 mg, mang\u0101ns 12 mg, hol\u012bna hlor\u012bds 1,728 mg, glikozam\u012bns 400 mg, hondroit\u012bna sulf\u0101ts 350 mg. Antioksidanti: tokoferolu bag\u0101ti augu e\u013c\u013cu ekstrakti. Metaboliz\u0113jam\u0101 ener\u0123ija: 3,870 kcal\/kg Baro\u0161anas un uzglab\u0101\u0161anas nor\u0101d\u012bjumi:Pasniedz saus\u0101 veid\u0101. Nodro\u0161iniet su\u0146iem piek\u013cuvi svaigam \u016bdenim. Individu\u0101l\u0101s baro\u0161anas vajadz\u012bbas atkar\u012bgas no vecuma, \u0161\u0137irnes, aktivit\u0101tes l\u012bme\u0146a un fiziolo\u0123isk\u0101 st\u0101vok\u013ca. P\u0113c katras baro\u0161anas nodro\u0161iniet, ka iepakojums ir cie\u0161i aizv\u0113rts, un glab\u0101jiet v\u0113s\u0101, saus\u0101 viet\u0101, aizsarg\u0101jot no tie\u0161iem saules stariem. Lab\u0101kais pirms \/ partijas datums: skat\u012bt iepakojumu.","og_url":"https:\/\/miumjau.ee\/lv\/produkts\/ibero-grain-free-dog-mini-adult-lamb-2-kg\/","og_site_name":"MiuMjau","article_publisher":"https:\/\/www.facebook.com\/miumjaupood\/","og_image":[{"width":600,"height":800,"url":"https:\/\/miumjau.ee\/wp-content\/uploads\/2026\/01\/ibero-grainfree-mini-adult-lamb2.jpg","type":"image\/jpeg"}],"twitter_card":"summary_large_image","schema":{"@context":"https:\/\/schema.org","@graph":[{"@type":"WebPage","@id":"https:\/\/miumjau.ee\/lv\/produkts\/ibero-grain-free-dog-mini-adult-lamb-2-kg\/","url":"https:\/\/miumjau.ee\/lv\/produkts\/ibero-grain-free-dog-mini-adult-lamb-2-kg\/","name":"Ibero Grain-free Dog Mini Adult Lamb, 2 kg - MiuMjau","isPartOf":{"@id":"https:\/\/miumjau.ee\/#website"},"primaryImageOfPage":{"@id":"https:\/\/miumjau.ee\/lv\/produkts\/ibero-grain-free-dog-mini-adult-lamb-2-kg\/#primaryimage"},"image":{"@id":"https:\/\/miumjau.ee\/lv\/produkts\/ibero-grain-free-dog-mini-adult-lamb-2-kg\/#primaryimage"},"thumbnailUrl":"https:\/\/miumjau.ee\/wp-content\/uploads\/2026\/01\/ibero-grainfree-mini-adult-lamb2.jpg","datePublished":"2026-01-29T12:29:03+00:00","breadcrumb":{"@id":"https:\/\/miumjau.ee\/lv\/produkts\/ibero-grain-free-dog-mini-adult-lamb-2-kg\/#breadcrumb"},"inLanguage":"lv-LV","potentialAction":[{"@type":"ReadAction","target":["https:\/\/miumjau.ee\/lv\/produkts\/ibero-grain-free-dog-mini-adult-lamb-2-kg\/"]}]},{"@type":"ImageObject","inLanguage":"lv-LV","@id":"https:\/\/miumjau.ee\/lv\/produkts\/ibero-grain-free-dog-mini-adult-lamb-2-kg\/#primaryimage","url":"https:\/\/miumjau.ee\/wp-content\/uploads\/2026\/01\/ibero-grainfree-mini-adult-lamb2.jpg","contentUrl":"https:\/\/miumjau.ee\/wp-content\/uploads\/2026\/01\/ibero-grainfree-mini-adult-lamb2.jpg","width":600,"height":800,"caption":"Ibero Grain-free Dog Mini Adult Lamb, 2kg"},{"@type":"BreadcrumbList","@id":"https:\/\/miumjau.ee\/lv\/produkts\/ibero-grain-free-dog-mini-adult-lamb-2-kg\/#breadcrumb","itemListElement":[{"@type":"ListItem","position":1,"name":"Home","item":"https:\/\/miumjau.ee\/lv\/"},{"@type":"ListItem","position":2,"name":"Veikals","item":"https:\/\/miumjau.ee\/lv\/veikals\/"},{"@type":"ListItem","position":3,"name":"Ibero Grain-free Dog Mini Adult Lamb, 2 kg"}]},{"@type":"WebSite","@id":"https:\/\/miumjau.ee\/#website","url":"https:\/\/miumjau.ee\/","name":"MiuMjau","description":"Kraapimispuud kassidele","publisher":{"@id":"https:\/\/miumjau.ee\/#organization"},"potentialAction":[{"@type":"SearchAction","target":{"@type":"EntryPoint","urlTemplate":"https:\/\/miumjau.ee\/?s={search_term_string}"},"query-input":{"@type":"PropertyValueSpecification","valueRequired":true,"valueName":"search_term_string"}}],"inLanguage":"lv-LV"},{"@type":"Organization","@id":"https:\/\/miumjau.ee\/#organization","name":"MiuMjau O\u00dc","url":"https:\/\/miumjau.ee\/","logo":{"@type":"ImageObject","inLanguage":"lv-LV","@id":"https:\/\/miumjau.ee\/#\/schema\/logo\/image\/","url":"https:\/\/miumjau.ee\/wp-content\/uploads\/2022\/04\/MiuMjau-logo-kollane.png","contentUrl":"https:\/\/miumjau.ee\/wp-content\/uploads\/2022\/04\/MiuMjau-logo-kollane.png","width":219,"height":100,"caption":"MiuMjau O\u00dc"},"image":{"@id":"https:\/\/miumjau.ee\/#\/schema\/logo\/image\/"},"sameAs":["https:\/\/www.facebook.com\/miumjaupood\/"]}]}},"_links":{"self":[{"href":"https:\/\/miumjau.ee\/lv\/wp-json\/wp\/v2\/product\/55196","targetHints":{"allow":["GET"]}}],"collection":[{"href":"https:\/\/miumjau.ee\/lv\/wp-json\/wp\/v2\/product"}],"about":[{"href":"https:\/\/miumjau.ee\/lv\/wp-json\/wp\/v2\/types\/product"}],"wp:featuredmedia":[{"embeddable":true,"href":"https:\/\/miumjau.ee\/lv\/wp-json\/wp\/v2\/media\/53286"}],"wp:attachment":[{"href":"https:\/\/miumjau.ee\/lv\/wp-json\/wp\/v2\/media?parent=55196"}],"wp:term":[{"taxonomy":"product_brand","embeddable":true,"href":"https:\/\/miumjau.ee\/lv\/wp-json\/wp\/v2\/product_brand?post=55196"},{"taxonomy":"product_cat","embeddable":true,"href":"https:\/\/miumjau.ee\/lv\/wp-json\/wp\/v2\/product_cat?post=55196"},{"taxonomy":"product_tag","embeddable":true,"href":"https:\/\/miumjau.ee\/lv\/wp-json\/wp\/v2\/product_tag?post=55196"}],"curies":[{"name":"wp","href":"https:\/\/api.w.org\/{rel}","templated":true}]}}