{"id":55191,"date":"2026-02-03T11:41:26","date_gmt":"2026-02-03T09:41:26","guid":{"rendered":"https:\/\/miumjau.ee\/toode\/aatas-cat-creamy-chicken-mix-24-x-80-g\/"},"modified":"2026-02-03T11:41:26","modified_gmt":"2026-02-03T09:41:26","slug":"aatas-cat-creamy-chicken-mix-24-x-80-g","status":"publish","type":"product","link":"https:\/\/miumjau.ee\/lv\/produkts\/aatas-cat-creamy-chicken-mix-24-x-80-g\/","title":{"rendered":"Aatas Cat Creamy Chicken MIX 24 \u00d7 80 g"},"content":{"rendered":"","protected":false},"excerpt":{"rendered":"<p data-start=\"2350\" data-end=\"2713\"><strong data-start=\"2350\" data-end=\"2383\">MIUMJAU VISP\u0100R\u012aGI PIRKTS 2025<\/strong><br data-start=\"2383\" data-end=\"2386\" \/>Gar\u0161\u012bga papildbar\u012bba ka\u0137iem, pagatavota no daudz ga\u013cas. \u0160aj\u0101 komplekt\u0101 ir MIX gar\u0161as no Creamy s\u0113rijas, vismaz 3 da\u017e\u0101das gar\u0161as. Ka\u0137i m\u012bl da\u017e\u0101d\u012bbu! Visi Creamy konservi ir vistas ga\u013cas b\u0101z\u0113, pievienotas j\u016bras veltes un daudz m\u0113rces. Ja ka\u0137is dod priek\u0161roku ga\u013cai bez m\u0113rces, ieskatieties Aatas Tantalizing Tuna MIX komplekt\u0101.<\/p>\n<p data-start=\"2715\" data-end=\"2743\"><strong data-start=\"2715\" data-end=\"2741\">Konservu gar\u0161as kast\u0113:<\/strong><\/p>\n<ul data-start=\"2744\" data-end=\"3597\">\n<li data-section-id=\"zo1mbq\" data-start=\"2744\" data-end=\"2947\">\n<p data-start=\"2746\" data-end=\"2947\"><strong data-start=\"2746\" data-end=\"2766\">Vista un surimi:<\/strong> vistas buljons, vista, surimi, biezin\u0101t\u0101ji (modific\u0113ts tapiokas ciete, ksant\u0101na gumija)<br data-start=\"2854\" data-end=\"2857\" \/>Anal\u012btisk\u0101s sast\u0101vda\u013cas: prote\u012bns \u22659%, tauki \u22650,3%, \u0161\u0137iedra \u22641%, pelni \u22642%, mitrums \u226489%<\/p>\n<\/li>\n<li data-section-id=\"azzyeg\" data-start=\"2949\" data-end=\"3107\">\n<p data-start=\"2951\" data-end=\"3107\"><strong data-start=\"2951\" data-end=\"2971\">Vista un tuncis:<\/strong> vistas buljons, vista, tuncis, biezin\u0101t\u0101ji<br data-start=\"3014\" data-end=\"3017\" \/>Anal\u012btisk\u0101s sast\u0101vda\u013cas: prote\u012bns \u22659%, tauki \u22650,3%, \u0161\u0137iedra \u22641%, pelni \u22642%, mitrums \u226489%<\/p>\n<\/li>\n<li data-section-id=\"1ehmru0\" data-start=\"3109\" data-end=\"3269\">\n<p data-start=\"3111\" data-end=\"3269\"><strong data-start=\"3111\" data-end=\"3132\">Vista un sard\u012bne:<\/strong> vistas buljons, vista, sard\u012bne, biezin\u0101t\u0101ji<br data-start=\"3176\" data-end=\"3179\" \/>Anal\u012btisk\u0101s sast\u0101vda\u013cas: prote\u012bns \u22659%, tauki \u22650,3%, \u0161\u0137iedra \u22641%, pelni \u22642%, mitrums \u226489%<\/p>\n<\/li>\n<li data-section-id=\"1t1cwq0\" data-start=\"3271\" data-end=\"3437\">\n<p data-start=\"3273\" data-end=\"3437\"><strong data-start=\"3273\" data-end=\"3297\">Vista un balta zivs:<\/strong> vistas buljons, vista, balta zivs, biezin\u0101t\u0101ji<br data-start=\"3344\" data-end=\"3347\" \/>Anal\u012btisk\u0101s sast\u0101vda\u013cas: prote\u012bns \u22659%, tauki \u22650,3%, \u0161\u0137iedra \u22641%, pelni \u22642%, mitrums \u226489%<\/p>\n<\/li>\n<li data-section-id=\"xpz8o8\" data-start=\"3439\" data-end=\"3597\">\n<p data-start=\"3441\" data-end=\"3597\"><strong data-start=\"3441\" data-end=\"3461\">Vista un krabis:<\/strong> vistas buljons, vista, krabis, biezin\u0101t\u0101ji<br data-start=\"3504\" data-end=\"3507\" \/>Anal\u012btisk\u0101s sast\u0101vda\u013cas: prote\u012bns \u22659%, tauki \u22650,3%, \u0161\u0137iedra \u22641%, pelni \u22642%, mitrums \u226489%<\/p>\n<\/li>\n<\/ul>\n<p data-start=\"3599\" data-end=\"3614\"><strong data-start=\"3599\" data-end=\"3612\">\u012apa\u0161\u012bbas:<\/strong><\/p>\n<ul data-start=\"3615\" data-end=\"3780\">\n<li data-section-id=\"159ca49\" data-start=\"3615\" data-end=\"3630\">\n<p data-start=\"3617\" data-end=\"3630\">Dab\u012bga ga\u013ca<\/p>\n<\/li>\n<li data-section-id=\"9lvynn\" data-start=\"3631\" data-end=\"3664\">\n<p data-start=\"3633\" data-end=\"3664\">Zems tauku un kaloriju saturs<\/p>\n<\/li>\n<li data-section-id=\"1rttd9v\" data-start=\"3665\" data-end=\"3696\">\n<p data-start=\"3667\" data-end=\"3696\">Pat\u012bk gandr\u012bz visiem ka\u0137iem<\/p>\n<\/li>\n<li data-section-id=\"1sw8e5t\" data-start=\"3697\" data-end=\"3713\">\n<p data-start=\"3699\" data-end=\"3713\">Bez graudiem<\/p>\n<\/li>\n<li data-section-id=\"xshvo7\" data-start=\"3714\" data-end=\"3735\">\n<p data-start=\"3716\" data-end=\"3735\">Bez konservantiem<\/p>\n<\/li>\n<li data-section-id=\"17f3sk0\" data-start=\"3736\" data-end=\"3747\">\n<p data-start=\"3738\" data-end=\"3747\">Bez GMO<\/p>\n<\/li>\n<li data-section-id=\"1e3oy1i\" data-start=\"3748\" data-end=\"3780\">\n<p data-start=\"3750\" data-end=\"3780\">Kop\u0101 24 konservi, katrs 80 g<\/p>\n<\/li>\n<\/ul>\n<p data-start=\"3782\" data-end=\"3995\"><strong data-start=\"3782\" data-end=\"3807\">Baro\u0161anas nor\u0101d\u012bjumi:<\/strong><br data-start=\"3807\" data-end=\"3810\" \/>Neatv\u0113rtus konservus uzglab\u0101t istabas temperat\u016br\u0101. Nesald\u0113t. P\u0101rpaliku\u0161o \u0113dienu glab\u0101t ledusskap\u012b. Tikai ka\u0137iem. Padoms: ja \u0113diens ir p\u0101r\u0101k auksts, sasiliniet to b\u013cod\u0101 ar siltu \u016bdeni.<\/p>\n","protected":false},"featured_media":53381,"template":"","meta":[],"product_brand":[],"product_cat":[571],"product_tag":[],"class_list":{"0":"post-55191","1":"product","2":"type-product","3":"status-publish","4":"has-post-thumbnail","6":"product_cat-mitra-bariba","8":"first","9":"instock","10":"taxable","11":"shipping-taxable","12":"purchasable","13":"product-type-simple"},"yoast_head":"<!-- This site is optimized with the Yoast SEO plugin v27.4 - https:\/\/yoast.com\/product\/yoast-seo-wordpress\/ -->\n<title>Aatas Cat Creamy Chicken MIX 24 \u00d7 80 g - MiuMjau<\/title>\n<meta name=\"robots\" content=\"index, follow, max-snippet:-1, max-image-preview:large, max-video-preview:-1\" \/>\n<link rel=\"canonical\" href=\"https:\/\/miumjau.ee\/lv\/produkts\/aatas-cat-creamy-chicken-mix-24-x-80-g\/\" \/>\n<meta property=\"og:locale\" content=\"lv_LV\" \/>\n<meta property=\"og:type\" content=\"article\" \/>\n<meta property=\"og:title\" content=\"Aatas Cat Creamy Chicken MIX 24 \u00d7 80 g - MiuMjau\" \/>\n<meta property=\"og:description\" content=\"MIUMJAU VISP\u0100R\u012aGI PIRKTS 2025Gar\u0161\u012bga papildbar\u012bba ka\u0137iem, pagatavota no daudz ga\u013cas. \u0160aj\u0101 komplekt\u0101 ir MIX gar\u0161as no Creamy s\u0113rijas, vismaz 3 da\u017e\u0101das gar\u0161as. Ka\u0137i m\u012bl da\u017e\u0101d\u012bbu! Visi Creamy konservi ir vistas ga\u013cas b\u0101z\u0113, pievienotas j\u016bras veltes un daudz m\u0113rces. Ja ka\u0137is dod priek\u0161roku ga\u013cai bez m\u0113rces, ieskatieties Aatas Tantalizing Tuna MIX komplekt\u0101. Konservu gar\u0161as kast\u0113:     Vista un surimi: vistas buljons, vista, surimi, biezin\u0101t\u0101ji (modific\u0113ts tapiokas ciete, ksant\u0101na gumija)Anal\u012btisk\u0101s sast\u0101vda\u013cas: prote\u012bns \u22659%, tauki \u22650,3%, \u0161\u0137iedra \u22641%, pelni \u22642%, mitrums \u226489%    Vista un tuncis: vistas buljons, vista, tuncis, biezin\u0101t\u0101jiAnal\u012btisk\u0101s sast\u0101vda\u013cas: prote\u012bns \u22659%, tauki \u22650,3%, \u0161\u0137iedra \u22641%, pelni \u22642%, mitrums \u226489%    Vista un sard\u012bne: vistas buljons, vista, sard\u012bne, biezin\u0101t\u0101jiAnal\u012btisk\u0101s sast\u0101vda\u013cas: prote\u012bns \u22659%, tauki \u22650,3%, \u0161\u0137iedra \u22641%, pelni \u22642%, mitrums \u226489%    Vista un balta zivs: vistas buljons, vista, balta zivs, biezin\u0101t\u0101jiAnal\u012btisk\u0101s sast\u0101vda\u013cas: prote\u012bns \u22659%, tauki \u22650,3%, \u0161\u0137iedra \u22641%, pelni \u22642%, mitrums \u226489%    Vista un krabis: vistas buljons, vista, krabis, biezin\u0101t\u0101jiAnal\u012btisk\u0101s sast\u0101vda\u013cas: prote\u012bns \u22659%, tauki \u22650,3%, \u0161\u0137iedra \u22641%, pelni \u22642%, mitrums \u226489%   \u012apa\u0161\u012bbas:     Dab\u012bga ga\u013ca    Zems tauku un kaloriju saturs    Pat\u012bk gandr\u012bz visiem ka\u0137iem    Bez graudiem    Bez konservantiem    Bez GMO    Kop\u0101 24 konservi, katrs 80 g   Baro\u0161anas nor\u0101d\u012bjumi:Neatv\u0113rtus konservus uzglab\u0101t istabas temperat\u016br\u0101. Nesald\u0113t. P\u0101rpaliku\u0161o \u0113dienu glab\u0101t ledusskap\u012b. Tikai ka\u0137iem. Padoms: ja \u0113diens ir p\u0101r\u0101k auksts, sasiliniet to b\u013cod\u0101 ar siltu \u016bdeni.\" \/>\n<meta property=\"og:url\" content=\"https:\/\/miumjau.ee\/lv\/produkts\/aatas-cat-creamy-chicken-mix-24-x-80-g\/\" \/>\n<meta property=\"og:site_name\" content=\"MiuMjau\" \/>\n<meta property=\"article:publisher\" content=\"https:\/\/www.facebook.com\/miumjaupood\/\" \/>\n<meta property=\"og:image\" content=\"https:\/\/miumjau.ee\/wp-content\/uploads\/2026\/02\/aatas-creamy-mix.png\" \/>\n\t<meta property=\"og:image:width\" content=\"600\" \/>\n\t<meta property=\"og:image:height\" content=\"800\" \/>\n\t<meta property=\"og:image:type\" content=\"image\/png\" \/>\n<meta name=\"twitter:card\" content=\"summary_large_image\" \/>\n<script type=\"application\/ld+json\" class=\"yoast-schema-graph\">{\"@context\":\"https:\\\/\\\/schema.org\",\"@graph\":[{\"@type\":\"WebPage\",\"@id\":\"https:\\\/\\\/miumjau.ee\\\/lv\\\/produkts\\\/aatas-cat-creamy-chicken-mix-24-x-80-g\\\/\",\"url\":\"https:\\\/\\\/miumjau.ee\\\/lv\\\/produkts\\\/aatas-cat-creamy-chicken-mix-24-x-80-g\\\/\",\"name\":\"Aatas Cat Creamy Chicken MIX 24 \u00d7 80 g - MiuMjau\",\"isPartOf\":{\"@id\":\"https:\\\/\\\/miumjau.ee\\\/#website\"},\"primaryImageOfPage\":{\"@id\":\"https:\\\/\\\/miumjau.ee\\\/lv\\\/produkts\\\/aatas-cat-creamy-chicken-mix-24-x-80-g\\\/#primaryimage\"},\"image\":{\"@id\":\"https:\\\/\\\/miumjau.ee\\\/lv\\\/produkts\\\/aatas-cat-creamy-chicken-mix-24-x-80-g\\\/#primaryimage\"},\"thumbnailUrl\":\"https:\\\/\\\/miumjau.ee\\\/wp-content\\\/uploads\\\/2026\\\/02\\\/aatas-creamy-mix.png\",\"datePublished\":\"2026-02-03T09:41:26+00:00\",\"breadcrumb\":{\"@id\":\"https:\\\/\\\/miumjau.ee\\\/lv\\\/produkts\\\/aatas-cat-creamy-chicken-mix-24-x-80-g\\\/#breadcrumb\"},\"inLanguage\":\"lv-LV\",\"potentialAction\":[{\"@type\":\"ReadAction\",\"target\":[\"https:\\\/\\\/miumjau.ee\\\/lv\\\/produkts\\\/aatas-cat-creamy-chicken-mix-24-x-80-g\\\/\"]}]},{\"@type\":\"ImageObject\",\"inLanguage\":\"lv-LV\",\"@id\":\"https:\\\/\\\/miumjau.ee\\\/lv\\\/produkts\\\/aatas-cat-creamy-chicken-mix-24-x-80-g\\\/#primaryimage\",\"url\":\"https:\\\/\\\/miumjau.ee\\\/wp-content\\\/uploads\\\/2026\\\/02\\\/aatas-creamy-mix.png\",\"contentUrl\":\"https:\\\/\\\/miumjau.ee\\\/wp-content\\\/uploads\\\/2026\\\/02\\\/aatas-creamy-mix.png\",\"width\":600,\"height\":800,\"caption\":\"Aatas Cat Creamy Chicken MIX 24 x 80g\"},{\"@type\":\"BreadcrumbList\",\"@id\":\"https:\\\/\\\/miumjau.ee\\\/lv\\\/produkts\\\/aatas-cat-creamy-chicken-mix-24-x-80-g\\\/#breadcrumb\",\"itemListElement\":[{\"@type\":\"ListItem\",\"position\":1,\"name\":\"Home\",\"item\":\"https:\\\/\\\/miumjau.ee\\\/lv\\\/\"},{\"@type\":\"ListItem\",\"position\":2,\"name\":\"Veikals\",\"item\":\"https:\\\/\\\/miumjau.ee\\\/lv\\\/veikals\\\/\"},{\"@type\":\"ListItem\",\"position\":3,\"name\":\"Aatas Cat Creamy Chicken MIX 24 \u00d7 80 g\"}]},{\"@type\":\"WebSite\",\"@id\":\"https:\\\/\\\/miumjau.ee\\\/#website\",\"url\":\"https:\\\/\\\/miumjau.ee\\\/\",\"name\":\"MiuMjau\",\"description\":\"Kraapimispuud kassidele\",\"publisher\":{\"@id\":\"https:\\\/\\\/miumjau.ee\\\/#organization\"},\"potentialAction\":[{\"@type\":\"SearchAction\",\"target\":{\"@type\":\"EntryPoint\",\"urlTemplate\":\"https:\\\/\\\/miumjau.ee\\\/?s={search_term_string}\"},\"query-input\":{\"@type\":\"PropertyValueSpecification\",\"valueRequired\":true,\"valueName\":\"search_term_string\"}}],\"inLanguage\":\"lv-LV\"},{\"@type\":\"Organization\",\"@id\":\"https:\\\/\\\/miumjau.ee\\\/#organization\",\"name\":\"MiuMjau O\u00dc\",\"url\":\"https:\\\/\\\/miumjau.ee\\\/\",\"logo\":{\"@type\":\"ImageObject\",\"inLanguage\":\"lv-LV\",\"@id\":\"https:\\\/\\\/miumjau.ee\\\/#\\\/schema\\\/logo\\\/image\\\/\",\"url\":\"https:\\\/\\\/miumjau.ee\\\/wp-content\\\/uploads\\\/2022\\\/04\\\/MiuMjau-logo-kollane.png\",\"contentUrl\":\"https:\\\/\\\/miumjau.ee\\\/wp-content\\\/uploads\\\/2022\\\/04\\\/MiuMjau-logo-kollane.png\",\"width\":219,\"height\":100,\"caption\":\"MiuMjau O\u00dc\"},\"image\":{\"@id\":\"https:\\\/\\\/miumjau.ee\\\/#\\\/schema\\\/logo\\\/image\\\/\"},\"sameAs\":[\"https:\\\/\\\/www.facebook.com\\\/miumjaupood\\\/\"]}]}<\/script>\n<!-- \/ Yoast SEO plugin. -->","yoast_head_json":{"title":"Aatas Cat Creamy Chicken MIX 24 \u00d7 80 g - MiuMjau","robots":{"index":"index","follow":"follow","max-snippet":"max-snippet:-1","max-image-preview":"max-image-preview:large","max-video-preview":"max-video-preview:-1"},"canonical":"https:\/\/miumjau.ee\/lv\/produkts\/aatas-cat-creamy-chicken-mix-24-x-80-g\/","og_locale":"lv_LV","og_type":"article","og_title":"Aatas Cat Creamy Chicken MIX 24 \u00d7 80 g - MiuMjau","og_description":"MIUMJAU VISP\u0100R\u012aGI PIRKTS 2025Gar\u0161\u012bga papildbar\u012bba ka\u0137iem, pagatavota no daudz ga\u013cas. \u0160aj\u0101 komplekt\u0101 ir MIX gar\u0161as no Creamy s\u0113rijas, vismaz 3 da\u017e\u0101das gar\u0161as. Ka\u0137i m\u012bl da\u017e\u0101d\u012bbu! Visi Creamy konservi ir vistas ga\u013cas b\u0101z\u0113, pievienotas j\u016bras veltes un daudz m\u0113rces. Ja ka\u0137is dod priek\u0161roku ga\u013cai bez m\u0113rces, ieskatieties Aatas Tantalizing Tuna MIX komplekt\u0101. Konservu gar\u0161as kast\u0113:     Vista un surimi: vistas buljons, vista, surimi, biezin\u0101t\u0101ji (modific\u0113ts tapiokas ciete, ksant\u0101na gumija)Anal\u012btisk\u0101s sast\u0101vda\u013cas: prote\u012bns \u22659%, tauki \u22650,3%, \u0161\u0137iedra \u22641%, pelni \u22642%, mitrums \u226489%    Vista un tuncis: vistas buljons, vista, tuncis, biezin\u0101t\u0101jiAnal\u012btisk\u0101s sast\u0101vda\u013cas: prote\u012bns \u22659%, tauki \u22650,3%, \u0161\u0137iedra \u22641%, pelni \u22642%, mitrums \u226489%    Vista un sard\u012bne: vistas buljons, vista, sard\u012bne, biezin\u0101t\u0101jiAnal\u012btisk\u0101s sast\u0101vda\u013cas: prote\u012bns \u22659%, tauki \u22650,3%, \u0161\u0137iedra \u22641%, pelni \u22642%, mitrums \u226489%    Vista un balta zivs: vistas buljons, vista, balta zivs, biezin\u0101t\u0101jiAnal\u012btisk\u0101s sast\u0101vda\u013cas: prote\u012bns \u22659%, tauki \u22650,3%, \u0161\u0137iedra \u22641%, pelni \u22642%, mitrums \u226489%    Vista un krabis: vistas buljons, vista, krabis, biezin\u0101t\u0101jiAnal\u012btisk\u0101s sast\u0101vda\u013cas: prote\u012bns \u22659%, tauki \u22650,3%, \u0161\u0137iedra \u22641%, pelni \u22642%, mitrums \u226489%   \u012apa\u0161\u012bbas:     Dab\u012bga ga\u013ca    Zems tauku un kaloriju saturs    Pat\u012bk gandr\u012bz visiem ka\u0137iem    Bez graudiem    Bez konservantiem    Bez GMO    Kop\u0101 24 konservi, katrs 80 g   Baro\u0161anas nor\u0101d\u012bjumi:Neatv\u0113rtus konservus uzglab\u0101t istabas temperat\u016br\u0101. Nesald\u0113t. P\u0101rpaliku\u0161o \u0113dienu glab\u0101t ledusskap\u012b. Tikai ka\u0137iem. Padoms: ja \u0113diens ir p\u0101r\u0101k auksts, sasiliniet to b\u013cod\u0101 ar siltu \u016bdeni.","og_url":"https:\/\/miumjau.ee\/lv\/produkts\/aatas-cat-creamy-chicken-mix-24-x-80-g\/","og_site_name":"MiuMjau","article_publisher":"https:\/\/www.facebook.com\/miumjaupood\/","og_image":[{"width":600,"height":800,"url":"https:\/\/miumjau.ee\/wp-content\/uploads\/2026\/02\/aatas-creamy-mix.png","type":"image\/png"}],"twitter_card":"summary_large_image","schema":{"@context":"https:\/\/schema.org","@graph":[{"@type":"WebPage","@id":"https:\/\/miumjau.ee\/lv\/produkts\/aatas-cat-creamy-chicken-mix-24-x-80-g\/","url":"https:\/\/miumjau.ee\/lv\/produkts\/aatas-cat-creamy-chicken-mix-24-x-80-g\/","name":"Aatas Cat Creamy Chicken MIX 24 \u00d7 80 g - MiuMjau","isPartOf":{"@id":"https:\/\/miumjau.ee\/#website"},"primaryImageOfPage":{"@id":"https:\/\/miumjau.ee\/lv\/produkts\/aatas-cat-creamy-chicken-mix-24-x-80-g\/#primaryimage"},"image":{"@id":"https:\/\/miumjau.ee\/lv\/produkts\/aatas-cat-creamy-chicken-mix-24-x-80-g\/#primaryimage"},"thumbnailUrl":"https:\/\/miumjau.ee\/wp-content\/uploads\/2026\/02\/aatas-creamy-mix.png","datePublished":"2026-02-03T09:41:26+00:00","breadcrumb":{"@id":"https:\/\/miumjau.ee\/lv\/produkts\/aatas-cat-creamy-chicken-mix-24-x-80-g\/#breadcrumb"},"inLanguage":"lv-LV","potentialAction":[{"@type":"ReadAction","target":["https:\/\/miumjau.ee\/lv\/produkts\/aatas-cat-creamy-chicken-mix-24-x-80-g\/"]}]},{"@type":"ImageObject","inLanguage":"lv-LV","@id":"https:\/\/miumjau.ee\/lv\/produkts\/aatas-cat-creamy-chicken-mix-24-x-80-g\/#primaryimage","url":"https:\/\/miumjau.ee\/wp-content\/uploads\/2026\/02\/aatas-creamy-mix.png","contentUrl":"https:\/\/miumjau.ee\/wp-content\/uploads\/2026\/02\/aatas-creamy-mix.png","width":600,"height":800,"caption":"Aatas Cat Creamy Chicken MIX 24 x 80g"},{"@type":"BreadcrumbList","@id":"https:\/\/miumjau.ee\/lv\/produkts\/aatas-cat-creamy-chicken-mix-24-x-80-g\/#breadcrumb","itemListElement":[{"@type":"ListItem","position":1,"name":"Home","item":"https:\/\/miumjau.ee\/lv\/"},{"@type":"ListItem","position":2,"name":"Veikals","item":"https:\/\/miumjau.ee\/lv\/veikals\/"},{"@type":"ListItem","position":3,"name":"Aatas Cat Creamy Chicken MIX 24 \u00d7 80 g"}]},{"@type":"WebSite","@id":"https:\/\/miumjau.ee\/#website","url":"https:\/\/miumjau.ee\/","name":"MiuMjau","description":"Kraapimispuud kassidele","publisher":{"@id":"https:\/\/miumjau.ee\/#organization"},"potentialAction":[{"@type":"SearchAction","target":{"@type":"EntryPoint","urlTemplate":"https:\/\/miumjau.ee\/?s={search_term_string}"},"query-input":{"@type":"PropertyValueSpecification","valueRequired":true,"valueName":"search_term_string"}}],"inLanguage":"lv-LV"},{"@type":"Organization","@id":"https:\/\/miumjau.ee\/#organization","name":"MiuMjau O\u00dc","url":"https:\/\/miumjau.ee\/","logo":{"@type":"ImageObject","inLanguage":"lv-LV","@id":"https:\/\/miumjau.ee\/#\/schema\/logo\/image\/","url":"https:\/\/miumjau.ee\/wp-content\/uploads\/2022\/04\/MiuMjau-logo-kollane.png","contentUrl":"https:\/\/miumjau.ee\/wp-content\/uploads\/2022\/04\/MiuMjau-logo-kollane.png","width":219,"height":100,"caption":"MiuMjau O\u00dc"},"image":{"@id":"https:\/\/miumjau.ee\/#\/schema\/logo\/image\/"},"sameAs":["https:\/\/www.facebook.com\/miumjaupood\/"]}]}},"_links":{"self":[{"href":"https:\/\/miumjau.ee\/lv\/wp-json\/wp\/v2\/product\/55191","targetHints":{"allow":["GET"]}}],"collection":[{"href":"https:\/\/miumjau.ee\/lv\/wp-json\/wp\/v2\/product"}],"about":[{"href":"https:\/\/miumjau.ee\/lv\/wp-json\/wp\/v2\/types\/product"}],"wp:featuredmedia":[{"embeddable":true,"href":"https:\/\/miumjau.ee\/lv\/wp-json\/wp\/v2\/media\/53381"}],"wp:attachment":[{"href":"https:\/\/miumjau.ee\/lv\/wp-json\/wp\/v2\/media?parent=55191"}],"wp:term":[{"taxonomy":"product_brand","embeddable":true,"href":"https:\/\/miumjau.ee\/lv\/wp-json\/wp\/v2\/product_brand?post=55191"},{"taxonomy":"product_cat","embeddable":true,"href":"https:\/\/miumjau.ee\/lv\/wp-json\/wp\/v2\/product_cat?post=55191"},{"taxonomy":"product_tag","embeddable":true,"href":"https:\/\/miumjau.ee\/lv\/wp-json\/wp\/v2\/product_tag?post=55191"}],"curies":[{"name":"wp","href":"https:\/\/api.w.org\/{rel}","templated":true}]}}