{"id":55186,"date":"2026-02-03T12:13:40","date_gmt":"2026-02-03T10:13:40","guid":{"rendered":"https:\/\/miumjau.ee\/toode\/nutrolin-gut-flora-uztura-pasta-kakiem-un-suniem-200-g\/"},"modified":"2026-02-03T12:13:40","modified_gmt":"2026-02-03T10:13:40","slug":"nutrolin-gut-flora-uztura-pasta-kakiem-un-suniem-200-g","status":"publish","type":"product","link":"https:\/\/miumjau.ee\/lv\/produkts\/nutrolin-gut-flora-uztura-pasta-kakiem-un-suniem-200-g\/","title":{"rendered":"Nutrolin Gut &#038; Flora uztura pasta ka\u0137iem un su\u0146iem 200 g"},"content":{"rendered":"","protected":false},"excerpt":{"rendered":"<p data-start=\"1431\" data-end=\"1752\">Nutrolin Gut &amp; Flora ir ikdienas uztura bag\u0101tin\u0101t\u0101js su\u0146iem un ka\u0137iem. Tas satur Omega-3 tauksk\u0101bes, kas aizsarg\u0101 zarnu sienu, bet probiotikas un prebiotikas atbalsta zarnu mikrofloru. Divk\u0101r\u0161a iedarb\u012bba maksim\u0101lam efektam. Stabiliz\u0113ts sast\u0101vs, nesatur \u016bdeni. Gar\u0161\u012bga un viegli lietojama pasta (oleog\u0113ls) \u0113rt\u0101 iepakojum\u0101.<\/p>\n<p data-start=\"1754\" data-end=\"1923\"><strong data-start=\"1754\" data-end=\"1793\">Dienas deva 20 kg dz\u012bvniekam satur:<\/strong><br data-start=\"1793\" data-end=\"1796\" \/>1000 mg Omega-3 EPA un DHA,<br data-start=\"1823\" data-end=\"1826\" \/>vienu miljardu dz\u012bvu probiotisko bakt\u0113riju (<em data-start=\"1870\" data-end=\"1892\">Enterococcus faecium<\/em>),<br data-start=\"1894\" data-end=\"1897\" \/>50 mg dab\u012bg\u0101 E vitam\u012bna.<\/p>\n<p data-start=\"1925\" data-end=\"2330\"><strong data-start=\"1925\" data-end=\"1937\">Sast\u0101vs:<\/strong> zivju e\u013c\u013ca*, raugs, inul\u012bns, krils (<em data-start=\"1974\" data-end=\"1993\">Euphausia superba<\/em>), bag\u0101t\u012bgi uzturvielu avoti: Omega-3 tauksk\u0101bes, prebiotiskais MOS, beta-glik\u0101ns un hit\u012bns, prebiotiskais FOS un frukt\u0101ni, Omega-3 fosfolip\u012bdi. Dab\u012bg\u0101s piedevas: <em data-start=\"2156\" data-end=\"2178\">Enterococcus faecium<\/em>, DSM 10663\/NCIMB 10415 (4b), E vitam\u012bns (3a700), tokoferola ekstrakts (1b306), rozmar\u012bna ekstrakts (2b). Probiotika zarnu mikrofloras l\u012bdzsvaro\u0161anai.<\/p>\n<p data-start=\"2332\" data-end=\"2414\"><strong data-start=\"2332\" data-end=\"2360\">Anal\u012btisk\u0101s sast\u0101vda\u013cas:<\/strong> tauki 75,7%, prote\u012bns 7,1%, \u0161\u0137iedra 8,1%, pelni 5%.<\/p>\n<p data-start=\"2416\" data-end=\"2541\"><strong data-start=\"2416\" data-end=\"2434\">Vien\u0101 porcij\u0101:<\/strong> Omega-3 \u2013 1000 mg, <em data-start=\"2454\" data-end=\"2476\">Enterococcus faecium<\/em> \u2013 10\u2079 CFU, E vitam\u012bns \u2013 50 mg, viens miljards dz\u012bvu bakt\u0113riju.<\/p>\n","protected":false},"featured_media":53387,"template":"","meta":[],"product_brand":[],"product_cat":[870,878],"product_tag":[],"class_list":{"0":"post-55186","1":"product","2":"type-product","3":"status-publish","4":"has-post-thumbnail","6":"product_cat-uztura-bagatinataji-suniem","7":"product_cat-vitamini-uztura-bagatinataji-kakiem","9":"first","10":"instock","11":"sale","12":"taxable","13":"shipping-taxable","14":"purchasable","15":"product-type-simple"},"yoast_head":"<!-- This site is optimized with the Yoast SEO plugin v27.4 - https:\/\/yoast.com\/product\/yoast-seo-wordpress\/ -->\n<title>Nutrolin Gut &amp; Flora uztura pasta ka\u0137iem un su\u0146iem 200 g - MiuMjau<\/title>\n<meta name=\"robots\" content=\"index, follow, max-snippet:-1, max-image-preview:large, max-video-preview:-1\" \/>\n<link rel=\"canonical\" href=\"https:\/\/miumjau.ee\/lv\/produkts\/nutrolin-gut-flora-uztura-pasta-kakiem-un-suniem-200-g\/\" \/>\n<meta property=\"og:locale\" content=\"lv_LV\" \/>\n<meta property=\"og:type\" content=\"article\" \/>\n<meta property=\"og:title\" content=\"Nutrolin Gut &amp; Flora uztura pasta ka\u0137iem un su\u0146iem 200 g - MiuMjau\" \/>\n<meta property=\"og:description\" content=\"Nutrolin Gut &amp; Flora ir ikdienas uztura bag\u0101tin\u0101t\u0101js su\u0146iem un ka\u0137iem. Tas satur Omega-3 tauksk\u0101bes, kas aizsarg\u0101 zarnu sienu, bet probiotikas un prebiotikas atbalsta zarnu mikrofloru. Divk\u0101r\u0161a iedarb\u012bba maksim\u0101lam efektam. Stabiliz\u0113ts sast\u0101vs, nesatur \u016bdeni. Gar\u0161\u012bga un viegli lietojama pasta (oleog\u0113ls) \u0113rt\u0101 iepakojum\u0101. Dienas deva 20 kg dz\u012bvniekam satur:1000 mg Omega-3 EPA un DHA,vienu miljardu dz\u012bvu probiotisko bakt\u0113riju (Enterococcus faecium),50 mg dab\u012bg\u0101 E vitam\u012bna. Sast\u0101vs: zivju e\u013c\u013ca*, raugs, inul\u012bns, krils (Euphausia superba), bag\u0101t\u012bgi uzturvielu avoti: Omega-3 tauksk\u0101bes, prebiotiskais MOS, beta-glik\u0101ns un hit\u012bns, prebiotiskais FOS un frukt\u0101ni, Omega-3 fosfolip\u012bdi. Dab\u012bg\u0101s piedevas: Enterococcus faecium, DSM 10663\/NCIMB 10415 (4b), E vitam\u012bns (3a700), tokoferola ekstrakts (1b306), rozmar\u012bna ekstrakts (2b). Probiotika zarnu mikrofloras l\u012bdzsvaro\u0161anai. Anal\u012btisk\u0101s sast\u0101vda\u013cas: tauki 75,7%, prote\u012bns 7,1%, \u0161\u0137iedra 8,1%, pelni 5%. Vien\u0101 porcij\u0101: Omega-3 \u2013 1000 mg, Enterococcus faecium \u2013 10\u2079 CFU, E vitam\u012bns \u2013 50 mg, viens miljards dz\u012bvu bakt\u0113riju.\" \/>\n<meta property=\"og:url\" content=\"https:\/\/miumjau.ee\/lv\/produkts\/nutrolin-gut-flora-uztura-pasta-kakiem-un-suniem-200-g\/\" \/>\n<meta property=\"og:site_name\" content=\"MiuMjau\" \/>\n<meta property=\"article:publisher\" content=\"https:\/\/www.facebook.com\/miumjaupood\/\" \/>\n<meta property=\"og:image\" content=\"https:\/\/miumjau.ee\/wp-content\/uploads\/2026\/02\/Nutrolin\u00aeGUTFLORApastewhitebg.jpg\" \/>\n\t<meta property=\"og:image:width\" content=\"600\" \/>\n\t<meta property=\"og:image:height\" content=\"800\" \/>\n\t<meta property=\"og:image:type\" content=\"image\/jpeg\" \/>\n<meta name=\"twitter:card\" content=\"summary_large_image\" \/>\n<script type=\"application\/ld+json\" class=\"yoast-schema-graph\">{\"@context\":\"https:\\\/\\\/schema.org\",\"@graph\":[{\"@type\":\"WebPage\",\"@id\":\"https:\\\/\\\/miumjau.ee\\\/lv\\\/produkts\\\/nutrolin-gut-flora-uztura-pasta-kakiem-un-suniem-200-g\\\/\",\"url\":\"https:\\\/\\\/miumjau.ee\\\/lv\\\/produkts\\\/nutrolin-gut-flora-uztura-pasta-kakiem-un-suniem-200-g\\\/\",\"name\":\"Nutrolin Gut & Flora uztura pasta ka\u0137iem un su\u0146iem 200 g - MiuMjau\",\"isPartOf\":{\"@id\":\"https:\\\/\\\/miumjau.ee\\\/#website\"},\"primaryImageOfPage\":{\"@id\":\"https:\\\/\\\/miumjau.ee\\\/lv\\\/produkts\\\/nutrolin-gut-flora-uztura-pasta-kakiem-un-suniem-200-g\\\/#primaryimage\"},\"image\":{\"@id\":\"https:\\\/\\\/miumjau.ee\\\/lv\\\/produkts\\\/nutrolin-gut-flora-uztura-pasta-kakiem-un-suniem-200-g\\\/#primaryimage\"},\"thumbnailUrl\":\"https:\\\/\\\/miumjau.ee\\\/wp-content\\\/uploads\\\/2026\\\/02\\\/Nutrolin\u00aeGUTFLORApastewhitebg.jpg\",\"datePublished\":\"2026-02-03T10:13:40+00:00\",\"breadcrumb\":{\"@id\":\"https:\\\/\\\/miumjau.ee\\\/lv\\\/produkts\\\/nutrolin-gut-flora-uztura-pasta-kakiem-un-suniem-200-g\\\/#breadcrumb\"},\"inLanguage\":\"lv-LV\",\"potentialAction\":[{\"@type\":\"ReadAction\",\"target\":[\"https:\\\/\\\/miumjau.ee\\\/lv\\\/produkts\\\/nutrolin-gut-flora-uztura-pasta-kakiem-un-suniem-200-g\\\/\"]}]},{\"@type\":\"ImageObject\",\"inLanguage\":\"lv-LV\",\"@id\":\"https:\\\/\\\/miumjau.ee\\\/lv\\\/produkts\\\/nutrolin-gut-flora-uztura-pasta-kakiem-un-suniem-200-g\\\/#primaryimage\",\"url\":\"https:\\\/\\\/miumjau.ee\\\/wp-content\\\/uploads\\\/2026\\\/02\\\/Nutrolin\u00aeGUTFLORApastewhitebg.jpg\",\"contentUrl\":\"https:\\\/\\\/miumjau.ee\\\/wp-content\\\/uploads\\\/2026\\\/02\\\/Nutrolin\u00aeGUTFLORApastewhitebg.jpg\",\"width\":600,\"height\":800,\"caption\":\"Nutrolin Gut&Flora toitainetepasta kassidele ja koertele 200g\"},{\"@type\":\"BreadcrumbList\",\"@id\":\"https:\\\/\\\/miumjau.ee\\\/lv\\\/produkts\\\/nutrolin-gut-flora-uztura-pasta-kakiem-un-suniem-200-g\\\/#breadcrumb\",\"itemListElement\":[{\"@type\":\"ListItem\",\"position\":1,\"name\":\"Home\",\"item\":\"https:\\\/\\\/miumjau.ee\\\/lv\\\/\"},{\"@type\":\"ListItem\",\"position\":2,\"name\":\"Veikals\",\"item\":\"https:\\\/\\\/miumjau.ee\\\/lv\\\/veikals\\\/\"},{\"@type\":\"ListItem\",\"position\":3,\"name\":\"Nutrolin Gut &#038; Flora uztura pasta ka\u0137iem un su\u0146iem 200 g\"}]},{\"@type\":\"WebSite\",\"@id\":\"https:\\\/\\\/miumjau.ee\\\/#website\",\"url\":\"https:\\\/\\\/miumjau.ee\\\/\",\"name\":\"MiuMjau\",\"description\":\"Kraapimispuud kassidele\",\"publisher\":{\"@id\":\"https:\\\/\\\/miumjau.ee\\\/#organization\"},\"potentialAction\":[{\"@type\":\"SearchAction\",\"target\":{\"@type\":\"EntryPoint\",\"urlTemplate\":\"https:\\\/\\\/miumjau.ee\\\/?s={search_term_string}\"},\"query-input\":{\"@type\":\"PropertyValueSpecification\",\"valueRequired\":true,\"valueName\":\"search_term_string\"}}],\"inLanguage\":\"lv-LV\"},{\"@type\":\"Organization\",\"@id\":\"https:\\\/\\\/miumjau.ee\\\/#organization\",\"name\":\"MiuMjau O\u00dc\",\"url\":\"https:\\\/\\\/miumjau.ee\\\/\",\"logo\":{\"@type\":\"ImageObject\",\"inLanguage\":\"lv-LV\",\"@id\":\"https:\\\/\\\/miumjau.ee\\\/#\\\/schema\\\/logo\\\/image\\\/\",\"url\":\"https:\\\/\\\/miumjau.ee\\\/wp-content\\\/uploads\\\/2022\\\/04\\\/MiuMjau-logo-kollane.png\",\"contentUrl\":\"https:\\\/\\\/miumjau.ee\\\/wp-content\\\/uploads\\\/2022\\\/04\\\/MiuMjau-logo-kollane.png\",\"width\":219,\"height\":100,\"caption\":\"MiuMjau O\u00dc\"},\"image\":{\"@id\":\"https:\\\/\\\/miumjau.ee\\\/#\\\/schema\\\/logo\\\/image\\\/\"},\"sameAs\":[\"https:\\\/\\\/www.facebook.com\\\/miumjaupood\\\/\"]}]}<\/script>\n<!-- \/ Yoast SEO plugin. -->","yoast_head_json":{"title":"Nutrolin Gut & Flora uztura pasta ka\u0137iem un su\u0146iem 200 g - MiuMjau","robots":{"index":"index","follow":"follow","max-snippet":"max-snippet:-1","max-image-preview":"max-image-preview:large","max-video-preview":"max-video-preview:-1"},"canonical":"https:\/\/miumjau.ee\/lv\/produkts\/nutrolin-gut-flora-uztura-pasta-kakiem-un-suniem-200-g\/","og_locale":"lv_LV","og_type":"article","og_title":"Nutrolin Gut & Flora uztura pasta ka\u0137iem un su\u0146iem 200 g - MiuMjau","og_description":"Nutrolin Gut &amp; Flora ir ikdienas uztura bag\u0101tin\u0101t\u0101js su\u0146iem un ka\u0137iem. Tas satur Omega-3 tauksk\u0101bes, kas aizsarg\u0101 zarnu sienu, bet probiotikas un prebiotikas atbalsta zarnu mikrofloru. Divk\u0101r\u0161a iedarb\u012bba maksim\u0101lam efektam. Stabiliz\u0113ts sast\u0101vs, nesatur \u016bdeni. Gar\u0161\u012bga un viegli lietojama pasta (oleog\u0113ls) \u0113rt\u0101 iepakojum\u0101. Dienas deva 20 kg dz\u012bvniekam satur:1000 mg Omega-3 EPA un DHA,vienu miljardu dz\u012bvu probiotisko bakt\u0113riju (Enterococcus faecium),50 mg dab\u012bg\u0101 E vitam\u012bna. Sast\u0101vs: zivju e\u013c\u013ca*, raugs, inul\u012bns, krils (Euphausia superba), bag\u0101t\u012bgi uzturvielu avoti: Omega-3 tauksk\u0101bes, prebiotiskais MOS, beta-glik\u0101ns un hit\u012bns, prebiotiskais FOS un frukt\u0101ni, Omega-3 fosfolip\u012bdi. Dab\u012bg\u0101s piedevas: Enterococcus faecium, DSM 10663\/NCIMB 10415 (4b), E vitam\u012bns (3a700), tokoferola ekstrakts (1b306), rozmar\u012bna ekstrakts (2b). Probiotika zarnu mikrofloras l\u012bdzsvaro\u0161anai. Anal\u012btisk\u0101s sast\u0101vda\u013cas: tauki 75,7%, prote\u012bns 7,1%, \u0161\u0137iedra 8,1%, pelni 5%. Vien\u0101 porcij\u0101: Omega-3 \u2013 1000 mg, Enterococcus faecium \u2013 10\u2079 CFU, E vitam\u012bns \u2013 50 mg, viens miljards dz\u012bvu bakt\u0113riju.","og_url":"https:\/\/miumjau.ee\/lv\/produkts\/nutrolin-gut-flora-uztura-pasta-kakiem-un-suniem-200-g\/","og_site_name":"MiuMjau","article_publisher":"https:\/\/www.facebook.com\/miumjaupood\/","og_image":[{"width":600,"height":800,"url":"https:\/\/miumjau.ee\/wp-content\/uploads\/2026\/02\/Nutrolin\u00aeGUTFLORApastewhitebg.jpg","type":"image\/jpeg"}],"twitter_card":"summary_large_image","schema":{"@context":"https:\/\/schema.org","@graph":[{"@type":"WebPage","@id":"https:\/\/miumjau.ee\/lv\/produkts\/nutrolin-gut-flora-uztura-pasta-kakiem-un-suniem-200-g\/","url":"https:\/\/miumjau.ee\/lv\/produkts\/nutrolin-gut-flora-uztura-pasta-kakiem-un-suniem-200-g\/","name":"Nutrolin Gut & Flora uztura pasta ka\u0137iem un su\u0146iem 200 g - MiuMjau","isPartOf":{"@id":"https:\/\/miumjau.ee\/#website"},"primaryImageOfPage":{"@id":"https:\/\/miumjau.ee\/lv\/produkts\/nutrolin-gut-flora-uztura-pasta-kakiem-un-suniem-200-g\/#primaryimage"},"image":{"@id":"https:\/\/miumjau.ee\/lv\/produkts\/nutrolin-gut-flora-uztura-pasta-kakiem-un-suniem-200-g\/#primaryimage"},"thumbnailUrl":"https:\/\/miumjau.ee\/wp-content\/uploads\/2026\/02\/Nutrolin\u00aeGUTFLORApastewhitebg.jpg","datePublished":"2026-02-03T10:13:40+00:00","breadcrumb":{"@id":"https:\/\/miumjau.ee\/lv\/produkts\/nutrolin-gut-flora-uztura-pasta-kakiem-un-suniem-200-g\/#breadcrumb"},"inLanguage":"lv-LV","potentialAction":[{"@type":"ReadAction","target":["https:\/\/miumjau.ee\/lv\/produkts\/nutrolin-gut-flora-uztura-pasta-kakiem-un-suniem-200-g\/"]}]},{"@type":"ImageObject","inLanguage":"lv-LV","@id":"https:\/\/miumjau.ee\/lv\/produkts\/nutrolin-gut-flora-uztura-pasta-kakiem-un-suniem-200-g\/#primaryimage","url":"https:\/\/miumjau.ee\/wp-content\/uploads\/2026\/02\/Nutrolin\u00aeGUTFLORApastewhitebg.jpg","contentUrl":"https:\/\/miumjau.ee\/wp-content\/uploads\/2026\/02\/Nutrolin\u00aeGUTFLORApastewhitebg.jpg","width":600,"height":800,"caption":"Nutrolin Gut&Flora toitainetepasta kassidele ja koertele 200g"},{"@type":"BreadcrumbList","@id":"https:\/\/miumjau.ee\/lv\/produkts\/nutrolin-gut-flora-uztura-pasta-kakiem-un-suniem-200-g\/#breadcrumb","itemListElement":[{"@type":"ListItem","position":1,"name":"Home","item":"https:\/\/miumjau.ee\/lv\/"},{"@type":"ListItem","position":2,"name":"Veikals","item":"https:\/\/miumjau.ee\/lv\/veikals\/"},{"@type":"ListItem","position":3,"name":"Nutrolin Gut &#038; Flora uztura pasta ka\u0137iem un su\u0146iem 200 g"}]},{"@type":"WebSite","@id":"https:\/\/miumjau.ee\/#website","url":"https:\/\/miumjau.ee\/","name":"MiuMjau","description":"Kraapimispuud kassidele","publisher":{"@id":"https:\/\/miumjau.ee\/#organization"},"potentialAction":[{"@type":"SearchAction","target":{"@type":"EntryPoint","urlTemplate":"https:\/\/miumjau.ee\/?s={search_term_string}"},"query-input":{"@type":"PropertyValueSpecification","valueRequired":true,"valueName":"search_term_string"}}],"inLanguage":"lv-LV"},{"@type":"Organization","@id":"https:\/\/miumjau.ee\/#organization","name":"MiuMjau O\u00dc","url":"https:\/\/miumjau.ee\/","logo":{"@type":"ImageObject","inLanguage":"lv-LV","@id":"https:\/\/miumjau.ee\/#\/schema\/logo\/image\/","url":"https:\/\/miumjau.ee\/wp-content\/uploads\/2022\/04\/MiuMjau-logo-kollane.png","contentUrl":"https:\/\/miumjau.ee\/wp-content\/uploads\/2022\/04\/MiuMjau-logo-kollane.png","width":219,"height":100,"caption":"MiuMjau O\u00dc"},"image":{"@id":"https:\/\/miumjau.ee\/#\/schema\/logo\/image\/"},"sameAs":["https:\/\/www.facebook.com\/miumjaupood\/"]}]}},"_links":{"self":[{"href":"https:\/\/miumjau.ee\/lv\/wp-json\/wp\/v2\/product\/55186","targetHints":{"allow":["GET"]}}],"collection":[{"href":"https:\/\/miumjau.ee\/lv\/wp-json\/wp\/v2\/product"}],"about":[{"href":"https:\/\/miumjau.ee\/lv\/wp-json\/wp\/v2\/types\/product"}],"wp:featuredmedia":[{"embeddable":true,"href":"https:\/\/miumjau.ee\/lv\/wp-json\/wp\/v2\/media\/53387"}],"wp:attachment":[{"href":"https:\/\/miumjau.ee\/lv\/wp-json\/wp\/v2\/media?parent=55186"}],"wp:term":[{"taxonomy":"product_brand","embeddable":true,"href":"https:\/\/miumjau.ee\/lv\/wp-json\/wp\/v2\/product_brand?post=55186"},{"taxonomy":"product_cat","embeddable":true,"href":"https:\/\/miumjau.ee\/lv\/wp-json\/wp\/v2\/product_cat?post=55186"},{"taxonomy":"product_tag","embeddable":true,"href":"https:\/\/miumjau.ee\/lv\/wp-json\/wp\/v2\/product_tag?post=55186"}],"curies":[{"name":"wp","href":"https:\/\/api.w.org\/{rel}","templated":true}]}}