{"id":55175,"date":"2026-02-24T10:18:43","date_gmt":"2026-02-24T08:18:43","guid":{"rendered":"https:\/\/miumjau.ee\/toode\/uniq-pets-delight-shake-ar-lasi-un-dzervenem-6-x-60-g\/"},"modified":"2026-02-24T10:18:43","modified_gmt":"2026-02-24T08:18:43","slug":"uniq-pets-delight-shake-ar-lasi-un-dzervenem-6-x-60-g","status":"publish","type":"product","link":"https:\/\/miumjau.ee\/lv\/produkts\/uniq-pets-delight-shake-ar-lasi-un-dzervenem-6-x-60-g\/","title":{"rendered":"Uniq Pets Delight Shake ar lasi un dz\u0113rven\u0113m 6 \u00d7 60 g"},"content":{"rendered":"","protected":false},"excerpt":{"rendered":"<p data-start=\"1786\" data-end=\"1889\">Papildbar\u012bba ka\u0137iem, kas nodro\u0161ina da\u017e\u0101d\u012bbu uztur\u0101. Kr\u0113m\u012bgs \u201cshake\u201d tipa biezenis ar lasi un dz\u0113rven\u0113m.<\/p>\n<p data-start=\"1891\" data-end=\"2143\"><strong data-start=\"1891\" data-end=\"1909\">Priek\u0161roc\u012bbas:<\/strong><br data-start=\"1909\" data-end=\"1912\" \/>Sabalans\u0113ts uzturs: ga\u013ca + aug\u013ci<br data-start=\"1944\" data-end=\"1947\" \/>Lasis \u2013 kvalitat\u012bvs prote\u012bns<br data-start=\"1975\" data-end=\"1978\" \/>Dz\u0113rvenes \u2013 antioksidanti un vitam\u012bni<br data-start=\"2015\" data-end=\"2018\" \/>Piem\u0113rots karstam laikam \u2013 pal\u012bdz hidrat\u0101cijai<br data-start=\"2064\" data-end=\"2067\" \/>Piem\u0113rots ar\u012b ziem\u0101 \u2013 viegli \u0113dams<br data-start=\"2101\" data-end=\"2104\" \/>Kr\u0113m\u012bga tekst\u016bra \u2013 viegli sagremojams<\/p>\n<p data-start=\"2145\" data-end=\"2266\"><strong data-start=\"2145\" data-end=\"2157\">Sast\u0101vs:<\/strong> lasis 22%, vistas fileja 20%, olu dzeltenums 3%, dz\u0113rvenes 3%, taur\u012bns 0,5%, gu\u0101ra sve\u0137i 0,5%, buljons 51%<\/p>\n<p data-start=\"2268\" data-end=\"2362\"><strong data-start=\"2268\" data-end=\"2296\">Anal\u012btisk\u0101s sast\u0101vda\u013cas:<\/strong> mitrums \u226490%, prote\u012bns \u22656,5%, tauki \u22652%, pelni \u22643%, \u0161\u0137iedra \u22641%<\/p>\n","protected":false},"featured_media":54149,"template":"","meta":[],"product_brand":[],"product_cat":[571],"product_tag":[],"class_list":{"0":"post-55175","1":"product","2":"type-product","3":"status-publish","4":"has-post-thumbnail","6":"product_cat-mitra-bariba","8":"first","9":"instock","10":"taxable","11":"shipping-taxable","12":"purchasable","13":"product-type-simple"},"yoast_head":"<!-- This site is optimized with the Yoast SEO plugin v27.4 - https:\/\/yoast.com\/product\/yoast-seo-wordpress\/ -->\n<title>Uniq Pets Delight Shake ar lasi un dz\u0113rven\u0113m 6 \u00d7 60 g - MiuMjau<\/title>\n<meta name=\"robots\" content=\"index, follow, max-snippet:-1, max-image-preview:large, max-video-preview:-1\" \/>\n<link rel=\"canonical\" href=\"https:\/\/miumjau.ee\/lv\/produkts\/uniq-pets-delight-shake-ar-lasi-un-dzervenem-6-x-60-g\/\" \/>\n<meta property=\"og:locale\" content=\"lv_LV\" \/>\n<meta property=\"og:type\" content=\"article\" \/>\n<meta property=\"og:title\" content=\"Uniq Pets Delight Shake ar lasi un dz\u0113rven\u0113m 6 \u00d7 60 g - MiuMjau\" \/>\n<meta property=\"og:description\" content=\"Papildbar\u012bba ka\u0137iem, kas nodro\u0161ina da\u017e\u0101d\u012bbu uztur\u0101. Kr\u0113m\u012bgs \u201cshake\u201d tipa biezenis ar lasi un dz\u0113rven\u0113m. Priek\u0161roc\u012bbas:Sabalans\u0113ts uzturs: ga\u013ca + aug\u013ciLasis \u2013 kvalitat\u012bvs prote\u012bnsDz\u0113rvenes \u2013 antioksidanti un vitam\u012bniPiem\u0113rots karstam laikam \u2013 pal\u012bdz hidrat\u0101cijaiPiem\u0113rots ar\u012b ziem\u0101 \u2013 viegli \u0113damsKr\u0113m\u012bga tekst\u016bra \u2013 viegli sagremojams Sast\u0101vs: lasis 22%, vistas fileja 20%, olu dzeltenums 3%, dz\u0113rvenes 3%, taur\u012bns 0,5%, gu\u0101ra sve\u0137i 0,5%, buljons 51% Anal\u012btisk\u0101s sast\u0101vda\u013cas: mitrums \u226490%, prote\u012bns \u22656,5%, tauki \u22652%, pelni \u22643%, \u0161\u0137iedra \u22641%\" \/>\n<meta property=\"og:url\" content=\"https:\/\/miumjau.ee\/lv\/produkts\/uniq-pets-delight-shake-ar-lasi-un-dzervenem-6-x-60-g\/\" \/>\n<meta property=\"og:site_name\" content=\"MiuMjau\" \/>\n<meta property=\"article:publisher\" content=\"https:\/\/www.facebook.com\/miumjaupood\/\" \/>\n<meta property=\"og:image\" content=\"https:\/\/miumjau.ee\/wp-content\/uploads\/2026\/02\/uniq-delight-shake-lohe-johvikad1.jpg\" \/>\n\t<meta property=\"og:image:width\" content=\"600\" \/>\n\t<meta property=\"og:image:height\" content=\"800\" \/>\n\t<meta property=\"og:image:type\" content=\"image\/jpeg\" \/>\n<meta name=\"twitter:card\" content=\"summary_large_image\" \/>\n<script type=\"application\/ld+json\" class=\"yoast-schema-graph\">{\"@context\":\"https:\\\/\\\/schema.org\",\"@graph\":[{\"@type\":\"WebPage\",\"@id\":\"https:\\\/\\\/miumjau.ee\\\/lv\\\/produkts\\\/uniq-pets-delight-shake-ar-lasi-un-dzervenem-6-x-60-g\\\/\",\"url\":\"https:\\\/\\\/miumjau.ee\\\/lv\\\/produkts\\\/uniq-pets-delight-shake-ar-lasi-un-dzervenem-6-x-60-g\\\/\",\"name\":\"Uniq Pets Delight Shake ar lasi un dz\u0113rven\u0113m 6 \u00d7 60 g - MiuMjau\",\"isPartOf\":{\"@id\":\"https:\\\/\\\/miumjau.ee\\\/#website\"},\"primaryImageOfPage\":{\"@id\":\"https:\\\/\\\/miumjau.ee\\\/lv\\\/produkts\\\/uniq-pets-delight-shake-ar-lasi-un-dzervenem-6-x-60-g\\\/#primaryimage\"},\"image\":{\"@id\":\"https:\\\/\\\/miumjau.ee\\\/lv\\\/produkts\\\/uniq-pets-delight-shake-ar-lasi-un-dzervenem-6-x-60-g\\\/#primaryimage\"},\"thumbnailUrl\":\"https:\\\/\\\/miumjau.ee\\\/wp-content\\\/uploads\\\/2026\\\/02\\\/uniq-delight-shake-lohe-johvikad1.jpg\",\"datePublished\":\"2026-02-24T08:18:43+00:00\",\"breadcrumb\":{\"@id\":\"https:\\\/\\\/miumjau.ee\\\/lv\\\/produkts\\\/uniq-pets-delight-shake-ar-lasi-un-dzervenem-6-x-60-g\\\/#breadcrumb\"},\"inLanguage\":\"lv-LV\",\"potentialAction\":[{\"@type\":\"ReadAction\",\"target\":[\"https:\\\/\\\/miumjau.ee\\\/lv\\\/produkts\\\/uniq-pets-delight-shake-ar-lasi-un-dzervenem-6-x-60-g\\\/\"]}]},{\"@type\":\"ImageObject\",\"inLanguage\":\"lv-LV\",\"@id\":\"https:\\\/\\\/miumjau.ee\\\/lv\\\/produkts\\\/uniq-pets-delight-shake-ar-lasi-un-dzervenem-6-x-60-g\\\/#primaryimage\",\"url\":\"https:\\\/\\\/miumjau.ee\\\/wp-content\\\/uploads\\\/2026\\\/02\\\/uniq-delight-shake-lohe-johvikad1.jpg\",\"contentUrl\":\"https:\\\/\\\/miumjau.ee\\\/wp-content\\\/uploads\\\/2026\\\/02\\\/uniq-delight-shake-lohe-johvikad1.jpg\",\"width\":600,\"height\":800,\"caption\":\"Uniq Pets Delight Shake l\u00f5he ja j\u00f5hvikatega 6x60g\"},{\"@type\":\"BreadcrumbList\",\"@id\":\"https:\\\/\\\/miumjau.ee\\\/lv\\\/produkts\\\/uniq-pets-delight-shake-ar-lasi-un-dzervenem-6-x-60-g\\\/#breadcrumb\",\"itemListElement\":[{\"@type\":\"ListItem\",\"position\":1,\"name\":\"Home\",\"item\":\"https:\\\/\\\/miumjau.ee\\\/lv\\\/\"},{\"@type\":\"ListItem\",\"position\":2,\"name\":\"Veikals\",\"item\":\"https:\\\/\\\/miumjau.ee\\\/lv\\\/veikals\\\/\"},{\"@type\":\"ListItem\",\"position\":3,\"name\":\"Uniq Pets Delight Shake ar lasi un dz\u0113rven\u0113m 6 \u00d7 60 g\"}]},{\"@type\":\"WebSite\",\"@id\":\"https:\\\/\\\/miumjau.ee\\\/#website\",\"url\":\"https:\\\/\\\/miumjau.ee\\\/\",\"name\":\"MiuMjau\",\"description\":\"Kraapimispuud kassidele\",\"publisher\":{\"@id\":\"https:\\\/\\\/miumjau.ee\\\/#organization\"},\"potentialAction\":[{\"@type\":\"SearchAction\",\"target\":{\"@type\":\"EntryPoint\",\"urlTemplate\":\"https:\\\/\\\/miumjau.ee\\\/?s={search_term_string}\"},\"query-input\":{\"@type\":\"PropertyValueSpecification\",\"valueRequired\":true,\"valueName\":\"search_term_string\"}}],\"inLanguage\":\"lv-LV\"},{\"@type\":\"Organization\",\"@id\":\"https:\\\/\\\/miumjau.ee\\\/#organization\",\"name\":\"MiuMjau O\u00dc\",\"url\":\"https:\\\/\\\/miumjau.ee\\\/\",\"logo\":{\"@type\":\"ImageObject\",\"inLanguage\":\"lv-LV\",\"@id\":\"https:\\\/\\\/miumjau.ee\\\/#\\\/schema\\\/logo\\\/image\\\/\",\"url\":\"https:\\\/\\\/miumjau.ee\\\/wp-content\\\/uploads\\\/2022\\\/04\\\/MiuMjau-logo-kollane.png\",\"contentUrl\":\"https:\\\/\\\/miumjau.ee\\\/wp-content\\\/uploads\\\/2022\\\/04\\\/MiuMjau-logo-kollane.png\",\"width\":219,\"height\":100,\"caption\":\"MiuMjau O\u00dc\"},\"image\":{\"@id\":\"https:\\\/\\\/miumjau.ee\\\/#\\\/schema\\\/logo\\\/image\\\/\"},\"sameAs\":[\"https:\\\/\\\/www.facebook.com\\\/miumjaupood\\\/\"]}]}<\/script>\n<!-- \/ Yoast SEO plugin. -->","yoast_head_json":{"title":"Uniq Pets Delight Shake ar lasi un dz\u0113rven\u0113m 6 \u00d7 60 g - MiuMjau","robots":{"index":"index","follow":"follow","max-snippet":"max-snippet:-1","max-image-preview":"max-image-preview:large","max-video-preview":"max-video-preview:-1"},"canonical":"https:\/\/miumjau.ee\/lv\/produkts\/uniq-pets-delight-shake-ar-lasi-un-dzervenem-6-x-60-g\/","og_locale":"lv_LV","og_type":"article","og_title":"Uniq Pets Delight Shake ar lasi un dz\u0113rven\u0113m 6 \u00d7 60 g - MiuMjau","og_description":"Papildbar\u012bba ka\u0137iem, kas nodro\u0161ina da\u017e\u0101d\u012bbu uztur\u0101. Kr\u0113m\u012bgs \u201cshake\u201d tipa biezenis ar lasi un dz\u0113rven\u0113m. Priek\u0161roc\u012bbas:Sabalans\u0113ts uzturs: ga\u013ca + aug\u013ciLasis \u2013 kvalitat\u012bvs prote\u012bnsDz\u0113rvenes \u2013 antioksidanti un vitam\u012bniPiem\u0113rots karstam laikam \u2013 pal\u012bdz hidrat\u0101cijaiPiem\u0113rots ar\u012b ziem\u0101 \u2013 viegli \u0113damsKr\u0113m\u012bga tekst\u016bra \u2013 viegli sagremojams Sast\u0101vs: lasis 22%, vistas fileja 20%, olu dzeltenums 3%, dz\u0113rvenes 3%, taur\u012bns 0,5%, gu\u0101ra sve\u0137i 0,5%, buljons 51% Anal\u012btisk\u0101s sast\u0101vda\u013cas: mitrums \u226490%, prote\u012bns \u22656,5%, tauki \u22652%, pelni \u22643%, \u0161\u0137iedra \u22641%","og_url":"https:\/\/miumjau.ee\/lv\/produkts\/uniq-pets-delight-shake-ar-lasi-un-dzervenem-6-x-60-g\/","og_site_name":"MiuMjau","article_publisher":"https:\/\/www.facebook.com\/miumjaupood\/","og_image":[{"width":600,"height":800,"url":"https:\/\/miumjau.ee\/wp-content\/uploads\/2026\/02\/uniq-delight-shake-lohe-johvikad1.jpg","type":"image\/jpeg"}],"twitter_card":"summary_large_image","schema":{"@context":"https:\/\/schema.org","@graph":[{"@type":"WebPage","@id":"https:\/\/miumjau.ee\/lv\/produkts\/uniq-pets-delight-shake-ar-lasi-un-dzervenem-6-x-60-g\/","url":"https:\/\/miumjau.ee\/lv\/produkts\/uniq-pets-delight-shake-ar-lasi-un-dzervenem-6-x-60-g\/","name":"Uniq Pets Delight Shake ar lasi un dz\u0113rven\u0113m 6 \u00d7 60 g - MiuMjau","isPartOf":{"@id":"https:\/\/miumjau.ee\/#website"},"primaryImageOfPage":{"@id":"https:\/\/miumjau.ee\/lv\/produkts\/uniq-pets-delight-shake-ar-lasi-un-dzervenem-6-x-60-g\/#primaryimage"},"image":{"@id":"https:\/\/miumjau.ee\/lv\/produkts\/uniq-pets-delight-shake-ar-lasi-un-dzervenem-6-x-60-g\/#primaryimage"},"thumbnailUrl":"https:\/\/miumjau.ee\/wp-content\/uploads\/2026\/02\/uniq-delight-shake-lohe-johvikad1.jpg","datePublished":"2026-02-24T08:18:43+00:00","breadcrumb":{"@id":"https:\/\/miumjau.ee\/lv\/produkts\/uniq-pets-delight-shake-ar-lasi-un-dzervenem-6-x-60-g\/#breadcrumb"},"inLanguage":"lv-LV","potentialAction":[{"@type":"ReadAction","target":["https:\/\/miumjau.ee\/lv\/produkts\/uniq-pets-delight-shake-ar-lasi-un-dzervenem-6-x-60-g\/"]}]},{"@type":"ImageObject","inLanguage":"lv-LV","@id":"https:\/\/miumjau.ee\/lv\/produkts\/uniq-pets-delight-shake-ar-lasi-un-dzervenem-6-x-60-g\/#primaryimage","url":"https:\/\/miumjau.ee\/wp-content\/uploads\/2026\/02\/uniq-delight-shake-lohe-johvikad1.jpg","contentUrl":"https:\/\/miumjau.ee\/wp-content\/uploads\/2026\/02\/uniq-delight-shake-lohe-johvikad1.jpg","width":600,"height":800,"caption":"Uniq Pets Delight Shake l\u00f5he ja j\u00f5hvikatega 6x60g"},{"@type":"BreadcrumbList","@id":"https:\/\/miumjau.ee\/lv\/produkts\/uniq-pets-delight-shake-ar-lasi-un-dzervenem-6-x-60-g\/#breadcrumb","itemListElement":[{"@type":"ListItem","position":1,"name":"Home","item":"https:\/\/miumjau.ee\/lv\/"},{"@type":"ListItem","position":2,"name":"Veikals","item":"https:\/\/miumjau.ee\/lv\/veikals\/"},{"@type":"ListItem","position":3,"name":"Uniq Pets Delight Shake ar lasi un dz\u0113rven\u0113m 6 \u00d7 60 g"}]},{"@type":"WebSite","@id":"https:\/\/miumjau.ee\/#website","url":"https:\/\/miumjau.ee\/","name":"MiuMjau","description":"Kraapimispuud kassidele","publisher":{"@id":"https:\/\/miumjau.ee\/#organization"},"potentialAction":[{"@type":"SearchAction","target":{"@type":"EntryPoint","urlTemplate":"https:\/\/miumjau.ee\/?s={search_term_string}"},"query-input":{"@type":"PropertyValueSpecification","valueRequired":true,"valueName":"search_term_string"}}],"inLanguage":"lv-LV"},{"@type":"Organization","@id":"https:\/\/miumjau.ee\/#organization","name":"MiuMjau O\u00dc","url":"https:\/\/miumjau.ee\/","logo":{"@type":"ImageObject","inLanguage":"lv-LV","@id":"https:\/\/miumjau.ee\/#\/schema\/logo\/image\/","url":"https:\/\/miumjau.ee\/wp-content\/uploads\/2022\/04\/MiuMjau-logo-kollane.png","contentUrl":"https:\/\/miumjau.ee\/wp-content\/uploads\/2022\/04\/MiuMjau-logo-kollane.png","width":219,"height":100,"caption":"MiuMjau O\u00dc"},"image":{"@id":"https:\/\/miumjau.ee\/#\/schema\/logo\/image\/"},"sameAs":["https:\/\/www.facebook.com\/miumjaupood\/"]}]}},"_links":{"self":[{"href":"https:\/\/miumjau.ee\/lv\/wp-json\/wp\/v2\/product\/55175","targetHints":{"allow":["GET"]}}],"collection":[{"href":"https:\/\/miumjau.ee\/lv\/wp-json\/wp\/v2\/product"}],"about":[{"href":"https:\/\/miumjau.ee\/lv\/wp-json\/wp\/v2\/types\/product"}],"wp:featuredmedia":[{"embeddable":true,"href":"https:\/\/miumjau.ee\/lv\/wp-json\/wp\/v2\/media\/54149"}],"wp:attachment":[{"href":"https:\/\/miumjau.ee\/lv\/wp-json\/wp\/v2\/media?parent=55175"}],"wp:term":[{"taxonomy":"product_brand","embeddable":true,"href":"https:\/\/miumjau.ee\/lv\/wp-json\/wp\/v2\/product_brand?post=55175"},{"taxonomy":"product_cat","embeddable":true,"href":"https:\/\/miumjau.ee\/lv\/wp-json\/wp\/v2\/product_cat?post=55175"},{"taxonomy":"product_tag","embeddable":true,"href":"https:\/\/miumjau.ee\/lv\/wp-json\/wp\/v2\/product_tag?post=55175"}],"curies":[{"name":"wp","href":"https:\/\/api.w.org\/{rel}","templated":true}]}}