{"id":55165,"date":"2026-02-24T10:30:42","date_gmt":"2026-02-24T08:30:42","guid":{"rendered":"https:\/\/miumjau.ee\/toode\/uniq-pets-delicious-pate-ar-trusa-galu-un-psiliju-8-x-30-g\/"},"modified":"2026-02-24T10:30:42","modified_gmt":"2026-02-24T08:30:42","slug":"uniq-pets-delicious-pate-ar-trusa-galu-un-psiliju-8-x-30-g","status":"publish","type":"product","link":"https:\/\/miumjau.ee\/lv\/produkts\/uniq-pets-delicious-pate-ar-trusa-galu-un-psiliju-8-x-30-g\/","title":{"rendered":"Uniq Pets Delicious Pate ar tru\u0161a ga\u013cu un ps\u012bliju 8 \u00d7 30 g"},"content":{"rendered":"","protected":false},"excerpt":{"rendered":"<p data-start=\"2034\" data-end=\"2225\">Papildbar\u012bba ka\u0137iem, kas nodro\u0161ina da\u017e\u0101d\u012bbu ikdienas uztur\u0101. Maig\u0101 past\u0113te apvieno augstas kvalit\u0101tes vistas ga\u013cu un gremo\u0161anu veicino\u0161u ps\u012bliju, nodro\u0161inot sabalans\u0113tu papildbar\u012bbu ikdienai.<\/p>\n<p data-start=\"2227\" data-end=\"2693\"><strong data-start=\"2227\" data-end=\"2240\">\u012apa\u0161\u012bbas:<\/strong><br data-start=\"2240\" data-end=\"2243\" \/>Jauns olbaltumvielu avots: satur tru\u0161a ga\u013cu \u2013 ide\u0101li ka\u0137iem ar jut\u012bgu gremo\u0161anu un aler\u0123ij\u0101m<br data-start=\"2335\" data-end=\"2338\" \/>Pilnv\u0113rt\u012bgs ikdienas uzturs: bag\u0101tin\u0101ts ar vitam\u012bniem, miner\u0101lviel\u0101m un taur\u012bnu<br data-start=\"2417\" data-end=\"2420\" \/>Gremo\u0161anas atbalsts: satur prebiotikas (FOS) un ps\u012bliju zarnu vesel\u012bbai<br data-start=\"2491\" data-end=\"2494\" \/>Augsts olbaltumvielu saturs: vista, trusis un aknas pal\u012bdz uztur\u0113t musku\u013cus<br data-start=\"2569\" data-end=\"2572\" \/>\u0160\u0137idruma l\u012bdzsvars: 80% mitruma pal\u012bdz ur\u012bnce\u013cu vesel\u012bbai<br data-start=\"2629\" data-end=\"2632\" \/>Ide\u0101la porcija: 30 g iepakojums \u2013 svaigs un bez atkritumiem<\/p>\n<p data-start=\"2695\" data-end=\"2882\"><strong data-start=\"2695\" data-end=\"2707\">Sast\u0101vs:<\/strong> svaiga vista 40%, trusis 18%, vistas aknas 5%, vista ar kauliem 5%, vistas e\u013c\u013ca 3%, kukur\u016bzas ciete 1%, maltodekstr\u012bns 1%, ps\u012blija pulveris 0,5%, piedevas 1%, buljons 25,5%<\/p>\n<p data-start=\"2884\" data-end=\"3024\"><strong data-start=\"2884\" data-end=\"2897\">Piedevas:<\/strong> FOS, taur\u012bns, kalcija karbon\u0101ts, dzelzs, vara, cinka un mang\u0101na kompleksi, vitam\u012bni A, B grupa, E, biot\u012bns, folsk\u0101be, hol\u012bns<\/p>\n<p data-start=\"3026\" data-end=\"3119\"><strong data-start=\"3026\" data-end=\"3054\">Anal\u012btisk\u0101s sast\u0101vda\u013cas:<\/strong> prote\u012bns \u226512%, tauki \u22654%, \u0161\u0137iedra \u22642%, pelni \u22644%, mitrums \u226480%<\/p>\n<p data-start=\"3121\" data-end=\"3232\"><strong data-start=\"3121\" data-end=\"3145\">Baro\u0161anas ieteikumi:<\/strong><br data-start=\"3145\" data-end=\"3148\" \/>Ka\u0137\u0113niem (1\u20132 kg): 1 paci\u0146a dien\u0101<br data-start=\"3181\" data-end=\"3184\" \/>Pieaugu\u0161iem ka\u0137iem (3\u20135 kg): 1\u20132 paci\u0146as dien\u0101<\/p>\n<p data-start=\"3234\" data-end=\"3341\">P\u0113c atv\u0113r\u0161anas izlietot 2 stundu laik\u0101.<br data-start=\"3273\" data-end=\"3276\" \/>Neizmantot, ja iepakojums boj\u0101ts.<br data-start=\"3309\" data-end=\"3312\" \/>Uzglab\u0101t v\u0113s\u0101, saus\u0101 viet\u0101.<\/p>\n","protected":false},"featured_media":54137,"template":"","meta":[],"product_brand":[],"product_cat":[571],"product_tag":[],"class_list":{"0":"post-55165","1":"product","2":"type-product","3":"status-publish","4":"has-post-thumbnail","6":"product_cat-mitra-bariba","8":"first","9":"instock","10":"sale","11":"taxable","12":"shipping-taxable","13":"purchasable","14":"product-type-simple"},"yoast_head":"<!-- This site is optimized with the Yoast SEO plugin v27.4 - https:\/\/yoast.com\/product\/yoast-seo-wordpress\/ -->\n<title>Uniq Pets Delicious Pate ar tru\u0161a ga\u013cu un ps\u012bliju 8 \u00d7 30 g - MiuMjau<\/title>\n<meta name=\"robots\" content=\"index, follow, max-snippet:-1, max-image-preview:large, max-video-preview:-1\" \/>\n<link rel=\"canonical\" href=\"https:\/\/miumjau.ee\/lv\/produkts\/uniq-pets-delicious-pate-ar-trusa-galu-un-psiliju-8-x-30-g\/\" \/>\n<meta property=\"og:locale\" content=\"lv_LV\" \/>\n<meta property=\"og:type\" content=\"article\" \/>\n<meta property=\"og:title\" content=\"Uniq Pets Delicious Pate ar tru\u0161a ga\u013cu un ps\u012bliju 8 \u00d7 30 g - MiuMjau\" \/>\n<meta property=\"og:description\" content=\"Papildbar\u012bba ka\u0137iem, kas nodro\u0161ina da\u017e\u0101d\u012bbu ikdienas uztur\u0101. Maig\u0101 past\u0113te apvieno augstas kvalit\u0101tes vistas ga\u013cu un gremo\u0161anu veicino\u0161u ps\u012bliju, nodro\u0161inot sabalans\u0113tu papildbar\u012bbu ikdienai. \u012apa\u0161\u012bbas:Jauns olbaltumvielu avots: satur tru\u0161a ga\u013cu \u2013 ide\u0101li ka\u0137iem ar jut\u012bgu gremo\u0161anu un aler\u0123ij\u0101mPilnv\u0113rt\u012bgs ikdienas uzturs: bag\u0101tin\u0101ts ar vitam\u012bniem, miner\u0101lviel\u0101m un taur\u012bnuGremo\u0161anas atbalsts: satur prebiotikas (FOS) un ps\u012bliju zarnu vesel\u012bbaiAugsts olbaltumvielu saturs: vista, trusis un aknas pal\u012bdz uztur\u0113t musku\u013cus\u0160\u0137idruma l\u012bdzsvars: 80% mitruma pal\u012bdz ur\u012bnce\u013cu vesel\u012bbaiIde\u0101la porcija: 30 g iepakojums \u2013 svaigs un bez atkritumiem Sast\u0101vs: svaiga vista 40%, trusis 18%, vistas aknas 5%, vista ar kauliem 5%, vistas e\u013c\u013ca 3%, kukur\u016bzas ciete 1%, maltodekstr\u012bns 1%, ps\u012blija pulveris 0,5%, piedevas 1%, buljons 25,5% Piedevas: FOS, taur\u012bns, kalcija karbon\u0101ts, dzelzs, vara, cinka un mang\u0101na kompleksi, vitam\u012bni A, B grupa, E, biot\u012bns, folsk\u0101be, hol\u012bns Anal\u012btisk\u0101s sast\u0101vda\u013cas: prote\u012bns \u226512%, tauki \u22654%, \u0161\u0137iedra \u22642%, pelni \u22644%, mitrums \u226480% Baro\u0161anas ieteikumi:Ka\u0137\u0113niem (1\u20132 kg): 1 paci\u0146a dien\u0101Pieaugu\u0161iem ka\u0137iem (3\u20135 kg): 1\u20132 paci\u0146as dien\u0101 P\u0113c atv\u0113r\u0161anas izlietot 2 stundu laik\u0101.Neizmantot, ja iepakojums boj\u0101ts.Uzglab\u0101t v\u0113s\u0101, saus\u0101 viet\u0101.\" \/>\n<meta property=\"og:url\" content=\"https:\/\/miumjau.ee\/lv\/produkts\/uniq-pets-delicious-pate-ar-trusa-galu-un-psiliju-8-x-30-g\/\" \/>\n<meta property=\"og:site_name\" content=\"MiuMjau\" \/>\n<meta property=\"article:publisher\" content=\"https:\/\/www.facebook.com\/miumjaupood\/\" \/>\n<meta property=\"og:image\" content=\"https:\/\/miumjau.ee\/wp-content\/uploads\/2026\/02\/uniq-pate-kuulik-psullium6.jpg\" \/>\n\t<meta property=\"og:image:width\" content=\"600\" \/>\n\t<meta property=\"og:image:height\" content=\"800\" \/>\n\t<meta property=\"og:image:type\" content=\"image\/jpeg\" \/>\n<meta name=\"twitter:card\" content=\"summary_large_image\" \/>\n<script type=\"application\/ld+json\" class=\"yoast-schema-graph\">{\"@context\":\"https:\\\/\\\/schema.org\",\"@graph\":[{\"@type\":\"WebPage\",\"@id\":\"https:\\\/\\\/miumjau.ee\\\/lv\\\/produkts\\\/uniq-pets-delicious-pate-ar-trusa-galu-un-psiliju-8-x-30-g\\\/\",\"url\":\"https:\\\/\\\/miumjau.ee\\\/lv\\\/produkts\\\/uniq-pets-delicious-pate-ar-trusa-galu-un-psiliju-8-x-30-g\\\/\",\"name\":\"Uniq Pets Delicious Pate ar tru\u0161a ga\u013cu un ps\u012bliju 8 \u00d7 30 g - MiuMjau\",\"isPartOf\":{\"@id\":\"https:\\\/\\\/miumjau.ee\\\/#website\"},\"primaryImageOfPage\":{\"@id\":\"https:\\\/\\\/miumjau.ee\\\/lv\\\/produkts\\\/uniq-pets-delicious-pate-ar-trusa-galu-un-psiliju-8-x-30-g\\\/#primaryimage\"},\"image\":{\"@id\":\"https:\\\/\\\/miumjau.ee\\\/lv\\\/produkts\\\/uniq-pets-delicious-pate-ar-trusa-galu-un-psiliju-8-x-30-g\\\/#primaryimage\"},\"thumbnailUrl\":\"https:\\\/\\\/miumjau.ee\\\/wp-content\\\/uploads\\\/2026\\\/02\\\/uniq-pate-kuulik-psullium6.jpg\",\"datePublished\":\"2026-02-24T08:30:42+00:00\",\"breadcrumb\":{\"@id\":\"https:\\\/\\\/miumjau.ee\\\/lv\\\/produkts\\\/uniq-pets-delicious-pate-ar-trusa-galu-un-psiliju-8-x-30-g\\\/#breadcrumb\"},\"inLanguage\":\"lv-LV\",\"potentialAction\":[{\"@type\":\"ReadAction\",\"target\":[\"https:\\\/\\\/miumjau.ee\\\/lv\\\/produkts\\\/uniq-pets-delicious-pate-ar-trusa-galu-un-psiliju-8-x-30-g\\\/\"]}]},{\"@type\":\"ImageObject\",\"inLanguage\":\"lv-LV\",\"@id\":\"https:\\\/\\\/miumjau.ee\\\/lv\\\/produkts\\\/uniq-pets-delicious-pate-ar-trusa-galu-un-psiliju-8-x-30-g\\\/#primaryimage\",\"url\":\"https:\\\/\\\/miumjau.ee\\\/wp-content\\\/uploads\\\/2026\\\/02\\\/uniq-pate-kuulik-psullium6.jpg\",\"contentUrl\":\"https:\\\/\\\/miumjau.ee\\\/wp-content\\\/uploads\\\/2026\\\/02\\\/uniq-pate-kuulik-psullium6.jpg\",\"width\":600,\"height\":800,\"caption\":\"Uniq Pets Delicious Pate k\u00fc\u00fcliku ja ps\u00fclliumiga 8x30g\"},{\"@type\":\"BreadcrumbList\",\"@id\":\"https:\\\/\\\/miumjau.ee\\\/lv\\\/produkts\\\/uniq-pets-delicious-pate-ar-trusa-galu-un-psiliju-8-x-30-g\\\/#breadcrumb\",\"itemListElement\":[{\"@type\":\"ListItem\",\"position\":1,\"name\":\"Home\",\"item\":\"https:\\\/\\\/miumjau.ee\\\/lv\\\/\"},{\"@type\":\"ListItem\",\"position\":2,\"name\":\"Veikals\",\"item\":\"https:\\\/\\\/miumjau.ee\\\/lv\\\/veikals\\\/\"},{\"@type\":\"ListItem\",\"position\":3,\"name\":\"Uniq Pets Delicious Pate ar tru\u0161a ga\u013cu un ps\u012bliju 8 \u00d7 30 g\"}]},{\"@type\":\"WebSite\",\"@id\":\"https:\\\/\\\/miumjau.ee\\\/#website\",\"url\":\"https:\\\/\\\/miumjau.ee\\\/\",\"name\":\"MiuMjau\",\"description\":\"Kraapimispuud kassidele\",\"publisher\":{\"@id\":\"https:\\\/\\\/miumjau.ee\\\/#organization\"},\"potentialAction\":[{\"@type\":\"SearchAction\",\"target\":{\"@type\":\"EntryPoint\",\"urlTemplate\":\"https:\\\/\\\/miumjau.ee\\\/?s={search_term_string}\"},\"query-input\":{\"@type\":\"PropertyValueSpecification\",\"valueRequired\":true,\"valueName\":\"search_term_string\"}}],\"inLanguage\":\"lv-LV\"},{\"@type\":\"Organization\",\"@id\":\"https:\\\/\\\/miumjau.ee\\\/#organization\",\"name\":\"MiuMjau O\u00dc\",\"url\":\"https:\\\/\\\/miumjau.ee\\\/\",\"logo\":{\"@type\":\"ImageObject\",\"inLanguage\":\"lv-LV\",\"@id\":\"https:\\\/\\\/miumjau.ee\\\/#\\\/schema\\\/logo\\\/image\\\/\",\"url\":\"https:\\\/\\\/miumjau.ee\\\/wp-content\\\/uploads\\\/2022\\\/04\\\/MiuMjau-logo-kollane.png\",\"contentUrl\":\"https:\\\/\\\/miumjau.ee\\\/wp-content\\\/uploads\\\/2022\\\/04\\\/MiuMjau-logo-kollane.png\",\"width\":219,\"height\":100,\"caption\":\"MiuMjau O\u00dc\"},\"image\":{\"@id\":\"https:\\\/\\\/miumjau.ee\\\/#\\\/schema\\\/logo\\\/image\\\/\"},\"sameAs\":[\"https:\\\/\\\/www.facebook.com\\\/miumjaupood\\\/\"]}]}<\/script>\n<!-- \/ Yoast SEO plugin. -->","yoast_head_json":{"title":"Uniq Pets Delicious Pate ar tru\u0161a ga\u013cu un ps\u012bliju 8 \u00d7 30 g - MiuMjau","robots":{"index":"index","follow":"follow","max-snippet":"max-snippet:-1","max-image-preview":"max-image-preview:large","max-video-preview":"max-video-preview:-1"},"canonical":"https:\/\/miumjau.ee\/lv\/produkts\/uniq-pets-delicious-pate-ar-trusa-galu-un-psiliju-8-x-30-g\/","og_locale":"lv_LV","og_type":"article","og_title":"Uniq Pets Delicious Pate ar tru\u0161a ga\u013cu un ps\u012bliju 8 \u00d7 30 g - MiuMjau","og_description":"Papildbar\u012bba ka\u0137iem, kas nodro\u0161ina da\u017e\u0101d\u012bbu ikdienas uztur\u0101. Maig\u0101 past\u0113te apvieno augstas kvalit\u0101tes vistas ga\u013cu un gremo\u0161anu veicino\u0161u ps\u012bliju, nodro\u0161inot sabalans\u0113tu papildbar\u012bbu ikdienai. \u012apa\u0161\u012bbas:Jauns olbaltumvielu avots: satur tru\u0161a ga\u013cu \u2013 ide\u0101li ka\u0137iem ar jut\u012bgu gremo\u0161anu un aler\u0123ij\u0101mPilnv\u0113rt\u012bgs ikdienas uzturs: bag\u0101tin\u0101ts ar vitam\u012bniem, miner\u0101lviel\u0101m un taur\u012bnuGremo\u0161anas atbalsts: satur prebiotikas (FOS) un ps\u012bliju zarnu vesel\u012bbaiAugsts olbaltumvielu saturs: vista, trusis un aknas pal\u012bdz uztur\u0113t musku\u013cus\u0160\u0137idruma l\u012bdzsvars: 80% mitruma pal\u012bdz ur\u012bnce\u013cu vesel\u012bbaiIde\u0101la porcija: 30 g iepakojums \u2013 svaigs un bez atkritumiem Sast\u0101vs: svaiga vista 40%, trusis 18%, vistas aknas 5%, vista ar kauliem 5%, vistas e\u013c\u013ca 3%, kukur\u016bzas ciete 1%, maltodekstr\u012bns 1%, ps\u012blija pulveris 0,5%, piedevas 1%, buljons 25,5% Piedevas: FOS, taur\u012bns, kalcija karbon\u0101ts, dzelzs, vara, cinka un mang\u0101na kompleksi, vitam\u012bni A, B grupa, E, biot\u012bns, folsk\u0101be, hol\u012bns Anal\u012btisk\u0101s sast\u0101vda\u013cas: prote\u012bns \u226512%, tauki \u22654%, \u0161\u0137iedra \u22642%, pelni \u22644%, mitrums \u226480% Baro\u0161anas ieteikumi:Ka\u0137\u0113niem (1\u20132 kg): 1 paci\u0146a dien\u0101Pieaugu\u0161iem ka\u0137iem (3\u20135 kg): 1\u20132 paci\u0146as dien\u0101 P\u0113c atv\u0113r\u0161anas izlietot 2 stundu laik\u0101.Neizmantot, ja iepakojums boj\u0101ts.Uzglab\u0101t v\u0113s\u0101, saus\u0101 viet\u0101.","og_url":"https:\/\/miumjau.ee\/lv\/produkts\/uniq-pets-delicious-pate-ar-trusa-galu-un-psiliju-8-x-30-g\/","og_site_name":"MiuMjau","article_publisher":"https:\/\/www.facebook.com\/miumjaupood\/","og_image":[{"width":600,"height":800,"url":"https:\/\/miumjau.ee\/wp-content\/uploads\/2026\/02\/uniq-pate-kuulik-psullium6.jpg","type":"image\/jpeg"}],"twitter_card":"summary_large_image","schema":{"@context":"https:\/\/schema.org","@graph":[{"@type":"WebPage","@id":"https:\/\/miumjau.ee\/lv\/produkts\/uniq-pets-delicious-pate-ar-trusa-galu-un-psiliju-8-x-30-g\/","url":"https:\/\/miumjau.ee\/lv\/produkts\/uniq-pets-delicious-pate-ar-trusa-galu-un-psiliju-8-x-30-g\/","name":"Uniq Pets Delicious Pate ar tru\u0161a ga\u013cu un ps\u012bliju 8 \u00d7 30 g - MiuMjau","isPartOf":{"@id":"https:\/\/miumjau.ee\/#website"},"primaryImageOfPage":{"@id":"https:\/\/miumjau.ee\/lv\/produkts\/uniq-pets-delicious-pate-ar-trusa-galu-un-psiliju-8-x-30-g\/#primaryimage"},"image":{"@id":"https:\/\/miumjau.ee\/lv\/produkts\/uniq-pets-delicious-pate-ar-trusa-galu-un-psiliju-8-x-30-g\/#primaryimage"},"thumbnailUrl":"https:\/\/miumjau.ee\/wp-content\/uploads\/2026\/02\/uniq-pate-kuulik-psullium6.jpg","datePublished":"2026-02-24T08:30:42+00:00","breadcrumb":{"@id":"https:\/\/miumjau.ee\/lv\/produkts\/uniq-pets-delicious-pate-ar-trusa-galu-un-psiliju-8-x-30-g\/#breadcrumb"},"inLanguage":"lv-LV","potentialAction":[{"@type":"ReadAction","target":["https:\/\/miumjau.ee\/lv\/produkts\/uniq-pets-delicious-pate-ar-trusa-galu-un-psiliju-8-x-30-g\/"]}]},{"@type":"ImageObject","inLanguage":"lv-LV","@id":"https:\/\/miumjau.ee\/lv\/produkts\/uniq-pets-delicious-pate-ar-trusa-galu-un-psiliju-8-x-30-g\/#primaryimage","url":"https:\/\/miumjau.ee\/wp-content\/uploads\/2026\/02\/uniq-pate-kuulik-psullium6.jpg","contentUrl":"https:\/\/miumjau.ee\/wp-content\/uploads\/2026\/02\/uniq-pate-kuulik-psullium6.jpg","width":600,"height":800,"caption":"Uniq Pets Delicious Pate k\u00fc\u00fcliku ja ps\u00fclliumiga 8x30g"},{"@type":"BreadcrumbList","@id":"https:\/\/miumjau.ee\/lv\/produkts\/uniq-pets-delicious-pate-ar-trusa-galu-un-psiliju-8-x-30-g\/#breadcrumb","itemListElement":[{"@type":"ListItem","position":1,"name":"Home","item":"https:\/\/miumjau.ee\/lv\/"},{"@type":"ListItem","position":2,"name":"Veikals","item":"https:\/\/miumjau.ee\/lv\/veikals\/"},{"@type":"ListItem","position":3,"name":"Uniq Pets Delicious Pate ar tru\u0161a ga\u013cu un ps\u012bliju 8 \u00d7 30 g"}]},{"@type":"WebSite","@id":"https:\/\/miumjau.ee\/#website","url":"https:\/\/miumjau.ee\/","name":"MiuMjau","description":"Kraapimispuud kassidele","publisher":{"@id":"https:\/\/miumjau.ee\/#organization"},"potentialAction":[{"@type":"SearchAction","target":{"@type":"EntryPoint","urlTemplate":"https:\/\/miumjau.ee\/?s={search_term_string}"},"query-input":{"@type":"PropertyValueSpecification","valueRequired":true,"valueName":"search_term_string"}}],"inLanguage":"lv-LV"},{"@type":"Organization","@id":"https:\/\/miumjau.ee\/#organization","name":"MiuMjau O\u00dc","url":"https:\/\/miumjau.ee\/","logo":{"@type":"ImageObject","inLanguage":"lv-LV","@id":"https:\/\/miumjau.ee\/#\/schema\/logo\/image\/","url":"https:\/\/miumjau.ee\/wp-content\/uploads\/2022\/04\/MiuMjau-logo-kollane.png","contentUrl":"https:\/\/miumjau.ee\/wp-content\/uploads\/2022\/04\/MiuMjau-logo-kollane.png","width":219,"height":100,"caption":"MiuMjau O\u00dc"},"image":{"@id":"https:\/\/miumjau.ee\/#\/schema\/logo\/image\/"},"sameAs":["https:\/\/www.facebook.com\/miumjaupood\/"]}]}},"_links":{"self":[{"href":"https:\/\/miumjau.ee\/lv\/wp-json\/wp\/v2\/product\/55165","targetHints":{"allow":["GET"]}}],"collection":[{"href":"https:\/\/miumjau.ee\/lv\/wp-json\/wp\/v2\/product"}],"about":[{"href":"https:\/\/miumjau.ee\/lv\/wp-json\/wp\/v2\/types\/product"}],"wp:featuredmedia":[{"embeddable":true,"href":"https:\/\/miumjau.ee\/lv\/wp-json\/wp\/v2\/media\/54137"}],"wp:attachment":[{"href":"https:\/\/miumjau.ee\/lv\/wp-json\/wp\/v2\/media?parent=55165"}],"wp:term":[{"taxonomy":"product_brand","embeddable":true,"href":"https:\/\/miumjau.ee\/lv\/wp-json\/wp\/v2\/product_brand?post=55165"},{"taxonomy":"product_cat","embeddable":true,"href":"https:\/\/miumjau.ee\/lv\/wp-json\/wp\/v2\/product_cat?post=55165"},{"taxonomy":"product_tag","embeddable":true,"href":"https:\/\/miumjau.ee\/lv\/wp-json\/wp\/v2\/product_tag?post=55165"}],"curies":[{"name":"wp","href":"https:\/\/api.w.org\/{rel}","templated":true}]}}