{"id":55160,"date":"2026-02-25T10:19:05","date_gmt":"2026-02-25T08:19:05","guid":{"rendered":"https:\/\/miumjau.ee\/toode\/brit-mono-protein-sunu-konservi-ar-titaru-6-x-400-g\/"},"modified":"2026-02-25T10:19:05","modified_gmt":"2026-02-25T08:19:05","slug":"brit-mono-protein-sunu-konservi-ar-titaru-6-x-400-g","status":"publish","type":"product","link":"https:\/\/miumjau.ee\/lv\/produkts\/brit-mono-protein-sunu-konservi-ar-titaru-6-x-400-g\/","title":{"rendered":"Brit Mono Protein su\u0146u konservi ar t\u012btaru 6 \u00d7 400 g"},"content":{"rendered":"","protected":false},"excerpt":{"rendered":"<p data-start=\"1243\" data-end=\"1444\">100% T\u012aRS T\u012aTARA PROTE\u012aNS. Brit Mono Protein nodro\u0161ina pilnv\u0113rt\u012bgu un sabalans\u0113tu uzturu. Formula balst\u012bta uz vienu prote\u012bna avotu un ir ide\u0101la, lai samazin\u0101tu p\u0101rtikas aler\u0123iju un nepanesam\u012bbas risku.<\/p>\n<p data-start=\"1446\" data-end=\"1733\">Ide\u0101li piem\u0113rots su\u0146iem ar jut\u012bgu gremo\u0161anu, p\u0101rtikas aler\u0123ij\u0101m vai nepanesam\u012bbu.<br data-start=\"1527\" data-end=\"1530\" \/>Augsts ga\u013cas saturs un r\u016bp\u012bga apstr\u0101de nodro\u0161ina lielisku gar\u0161u un arom\u0101tu.<br data-start=\"1605\" data-end=\"1608\" \/>Ide\u0101ls papildin\u0101jums sausajai bar\u012bbai, pal\u012bdz uzlabot bar\u012bbas uz\u0146em\u0161anu un hidrat\u0101ciju.<br data-start=\"1695\" data-end=\"1698\" \/>BEZ GLUT\u0112NA \/ BEZ SOJAS \/ BEZ \u0122MO<\/p>\n<p data-start=\"1735\" data-end=\"1817\"><strong data-start=\"1735\" data-end=\"1747\">Sast\u0101vs:<\/strong> 74% t\u012btara ga\u013ca (ga\u013ca un org\u0101ni), 3% zir\u0146u ciete, 1% zir\u0146u \u0161\u0137iedra.<\/p>\n<p data-start=\"1819\" data-end=\"1958\"><strong data-start=\"1819\" data-end=\"1847\">Anal\u012btisk\u0101s sast\u0101vda\u013cas:<\/strong> kopprote\u012bns 9%, koptauki 10%, pelni 2%, mitrums 78%, \u0161\u0137iedra 0,5%, kalcijs 0,2%, fosfors 0,3%, n\u0101trijs 0,4%.<\/p>\n<p data-start=\"1960\" data-end=\"2256\"><strong data-start=\"1960\" data-end=\"1984\">Uzturvielu piedevas:<\/strong> D3 vitam\u012bns (3a671) 250 SV, E vitam\u012bns (3a700) 100 mg, cinks (3b606) 15 mg, dzelzs (3b106) 10 mg, mang\u0101ns (3b504) 3 mg, k\u0101lija jod\u012bds (3b204) 0,5 mg, k\u0101lija jod\u012bds (3b201) 0,5 mg, biot\u012bns (3a880) 0,2 mg. Tehnolo\u0123isk\u0101s piedevas uz 1 kg: ceratoniju sve\u0137i (E410) 5 000 mg.<\/p>\n<p data-start=\"2258\" data-end=\"2302\"><strong data-start=\"2258\" data-end=\"2286\">Metaboliz\u0113jam\u0101 ener\u0123ija:<\/strong> 1 260 kcal\/kg<\/p>\n","protected":false},"featured_media":54241,"template":"","meta":[],"product_brand":[],"product_cat":[577],"product_tag":[],"class_list":{"0":"post-55160","1":"product","2":"type-product","3":"status-publish","4":"has-post-thumbnail","6":"product_cat-mitra-bariba-suniem","8":"first","9":"instock","10":"taxable","11":"shipping-taxable","12":"purchasable","13":"product-type-simple"},"yoast_head":"<!-- This site is optimized with the Yoast SEO plugin v27.4 - https:\/\/yoast.com\/product\/yoast-seo-wordpress\/ -->\n<title>Brit Mono Protein su\u0146u konservi ar t\u012btaru 6 \u00d7 400 g - MiuMjau<\/title>\n<meta name=\"robots\" content=\"index, follow, max-snippet:-1, max-image-preview:large, max-video-preview:-1\" \/>\n<link rel=\"canonical\" href=\"https:\/\/miumjau.ee\/lv\/produkts\/brit-mono-protein-sunu-konservi-ar-titaru-6-x-400-g\/\" \/>\n<meta property=\"og:locale\" content=\"lv_LV\" \/>\n<meta property=\"og:type\" content=\"article\" \/>\n<meta property=\"og:title\" content=\"Brit Mono Protein su\u0146u konservi ar t\u012btaru 6 \u00d7 400 g - MiuMjau\" \/>\n<meta property=\"og:description\" content=\"100% T\u012aRS T\u012aTARA PROTE\u012aNS. Brit Mono Protein nodro\u0161ina pilnv\u0113rt\u012bgu un sabalans\u0113tu uzturu. Formula balst\u012bta uz vienu prote\u012bna avotu un ir ide\u0101la, lai samazin\u0101tu p\u0101rtikas aler\u0123iju un nepanesam\u012bbas risku. Ide\u0101li piem\u0113rots su\u0146iem ar jut\u012bgu gremo\u0161anu, p\u0101rtikas aler\u0123ij\u0101m vai nepanesam\u012bbu.Augsts ga\u013cas saturs un r\u016bp\u012bga apstr\u0101de nodro\u0161ina lielisku gar\u0161u un arom\u0101tu.Ide\u0101ls papildin\u0101jums sausajai bar\u012bbai, pal\u012bdz uzlabot bar\u012bbas uz\u0146em\u0161anu un hidrat\u0101ciju.BEZ GLUT\u0112NA \/ BEZ SOJAS \/ BEZ \u0122MO Sast\u0101vs: 74% t\u012btara ga\u013ca (ga\u013ca un org\u0101ni), 3% zir\u0146u ciete, 1% zir\u0146u \u0161\u0137iedra. Anal\u012btisk\u0101s sast\u0101vda\u013cas: kopprote\u012bns 9%, koptauki 10%, pelni 2%, mitrums 78%, \u0161\u0137iedra 0,5%, kalcijs 0,2%, fosfors 0,3%, n\u0101trijs 0,4%. Uzturvielu piedevas: D3 vitam\u012bns (3a671) 250 SV, E vitam\u012bns (3a700) 100 mg, cinks (3b606) 15 mg, dzelzs (3b106) 10 mg, mang\u0101ns (3b504) 3 mg, k\u0101lija jod\u012bds (3b204) 0,5 mg, k\u0101lija jod\u012bds (3b201) 0,5 mg, biot\u012bns (3a880) 0,2 mg. Tehnolo\u0123isk\u0101s piedevas uz 1 kg: ceratoniju sve\u0137i (E410) 5 000 mg. Metaboliz\u0113jam\u0101 ener\u0123ija: 1 260 kcal\/kg\" \/>\n<meta property=\"og:url\" content=\"https:\/\/miumjau.ee\/lv\/produkts\/brit-mono-protein-sunu-konservi-ar-titaru-6-x-400-g\/\" \/>\n<meta property=\"og:site_name\" content=\"MiuMjau\" \/>\n<meta property=\"article:publisher\" content=\"https:\/\/www.facebook.com\/miumjaupood\/\" \/>\n<meta property=\"og:image\" content=\"https:\/\/miumjau.ee\/wp-content\/uploads\/2026\/02\/brit-mono-turkey-square-600x800px.jpg\" \/>\n\t<meta property=\"og:image:width\" content=\"600\" \/>\n\t<meta property=\"og:image:height\" content=\"800\" \/>\n\t<meta property=\"og:image:type\" content=\"image\/jpeg\" \/>\n<meta name=\"twitter:card\" content=\"summary_large_image\" \/>\n<script type=\"application\/ld+json\" class=\"yoast-schema-graph\">{\"@context\":\"https:\\\/\\\/schema.org\",\"@graph\":[{\"@type\":\"WebPage\",\"@id\":\"https:\\\/\\\/miumjau.ee\\\/lv\\\/produkts\\\/brit-mono-protein-sunu-konservi-ar-titaru-6-x-400-g\\\/\",\"url\":\"https:\\\/\\\/miumjau.ee\\\/lv\\\/produkts\\\/brit-mono-protein-sunu-konservi-ar-titaru-6-x-400-g\\\/\",\"name\":\"Brit Mono Protein su\u0146u konservi ar t\u012btaru 6 \u00d7 400 g - MiuMjau\",\"isPartOf\":{\"@id\":\"https:\\\/\\\/miumjau.ee\\\/#website\"},\"primaryImageOfPage\":{\"@id\":\"https:\\\/\\\/miumjau.ee\\\/lv\\\/produkts\\\/brit-mono-protein-sunu-konservi-ar-titaru-6-x-400-g\\\/#primaryimage\"},\"image\":{\"@id\":\"https:\\\/\\\/miumjau.ee\\\/lv\\\/produkts\\\/brit-mono-protein-sunu-konservi-ar-titaru-6-x-400-g\\\/#primaryimage\"},\"thumbnailUrl\":\"https:\\\/\\\/miumjau.ee\\\/wp-content\\\/uploads\\\/2026\\\/02\\\/brit-mono-turkey-square-600x800px.jpg\",\"datePublished\":\"2026-02-25T08:19:05+00:00\",\"breadcrumb\":{\"@id\":\"https:\\\/\\\/miumjau.ee\\\/lv\\\/produkts\\\/brit-mono-protein-sunu-konservi-ar-titaru-6-x-400-g\\\/#breadcrumb\"},\"inLanguage\":\"lv-LV\",\"potentialAction\":[{\"@type\":\"ReadAction\",\"target\":[\"https:\\\/\\\/miumjau.ee\\\/lv\\\/produkts\\\/brit-mono-protein-sunu-konservi-ar-titaru-6-x-400-g\\\/\"]}]},{\"@type\":\"ImageObject\",\"inLanguage\":\"lv-LV\",\"@id\":\"https:\\\/\\\/miumjau.ee\\\/lv\\\/produkts\\\/brit-mono-protein-sunu-konservi-ar-titaru-6-x-400-g\\\/#primaryimage\",\"url\":\"https:\\\/\\\/miumjau.ee\\\/wp-content\\\/uploads\\\/2026\\\/02\\\/brit-mono-turkey-square-600x800px.jpg\",\"contentUrl\":\"https:\\\/\\\/miumjau.ee\\\/wp-content\\\/uploads\\\/2026\\\/02\\\/brit-mono-turkey-square-600x800px.jpg\",\"width\":600,\"height\":800},{\"@type\":\"BreadcrumbList\",\"@id\":\"https:\\\/\\\/miumjau.ee\\\/lv\\\/produkts\\\/brit-mono-protein-sunu-konservi-ar-titaru-6-x-400-g\\\/#breadcrumb\",\"itemListElement\":[{\"@type\":\"ListItem\",\"position\":1,\"name\":\"Home\",\"item\":\"https:\\\/\\\/miumjau.ee\\\/lv\\\/\"},{\"@type\":\"ListItem\",\"position\":2,\"name\":\"Veikals\",\"item\":\"https:\\\/\\\/miumjau.ee\\\/lv\\\/veikals\\\/\"},{\"@type\":\"ListItem\",\"position\":3,\"name\":\"Brit Mono Protein su\u0146u konservi ar t\u012btaru 6 \u00d7 400 g\"}]},{\"@type\":\"WebSite\",\"@id\":\"https:\\\/\\\/miumjau.ee\\\/#website\",\"url\":\"https:\\\/\\\/miumjau.ee\\\/\",\"name\":\"MiuMjau\",\"description\":\"Kraapimispuud kassidele\",\"publisher\":{\"@id\":\"https:\\\/\\\/miumjau.ee\\\/#organization\"},\"potentialAction\":[{\"@type\":\"SearchAction\",\"target\":{\"@type\":\"EntryPoint\",\"urlTemplate\":\"https:\\\/\\\/miumjau.ee\\\/?s={search_term_string}\"},\"query-input\":{\"@type\":\"PropertyValueSpecification\",\"valueRequired\":true,\"valueName\":\"search_term_string\"}}],\"inLanguage\":\"lv-LV\"},{\"@type\":\"Organization\",\"@id\":\"https:\\\/\\\/miumjau.ee\\\/#organization\",\"name\":\"MiuMjau O\u00dc\",\"url\":\"https:\\\/\\\/miumjau.ee\\\/\",\"logo\":{\"@type\":\"ImageObject\",\"inLanguage\":\"lv-LV\",\"@id\":\"https:\\\/\\\/miumjau.ee\\\/#\\\/schema\\\/logo\\\/image\\\/\",\"url\":\"https:\\\/\\\/miumjau.ee\\\/wp-content\\\/uploads\\\/2022\\\/04\\\/MiuMjau-logo-kollane.png\",\"contentUrl\":\"https:\\\/\\\/miumjau.ee\\\/wp-content\\\/uploads\\\/2022\\\/04\\\/MiuMjau-logo-kollane.png\",\"width\":219,\"height\":100,\"caption\":\"MiuMjau O\u00dc\"},\"image\":{\"@id\":\"https:\\\/\\\/miumjau.ee\\\/#\\\/schema\\\/logo\\\/image\\\/\"},\"sameAs\":[\"https:\\\/\\\/www.facebook.com\\\/miumjaupood\\\/\"]}]}<\/script>\n<!-- \/ Yoast SEO plugin. -->","yoast_head_json":{"title":"Brit Mono Protein su\u0146u konservi ar t\u012btaru 6 \u00d7 400 g - MiuMjau","robots":{"index":"index","follow":"follow","max-snippet":"max-snippet:-1","max-image-preview":"max-image-preview:large","max-video-preview":"max-video-preview:-1"},"canonical":"https:\/\/miumjau.ee\/lv\/produkts\/brit-mono-protein-sunu-konservi-ar-titaru-6-x-400-g\/","og_locale":"lv_LV","og_type":"article","og_title":"Brit Mono Protein su\u0146u konservi ar t\u012btaru 6 \u00d7 400 g - MiuMjau","og_description":"100% T\u012aRS T\u012aTARA PROTE\u012aNS. Brit Mono Protein nodro\u0161ina pilnv\u0113rt\u012bgu un sabalans\u0113tu uzturu. Formula balst\u012bta uz vienu prote\u012bna avotu un ir ide\u0101la, lai samazin\u0101tu p\u0101rtikas aler\u0123iju un nepanesam\u012bbas risku. Ide\u0101li piem\u0113rots su\u0146iem ar jut\u012bgu gremo\u0161anu, p\u0101rtikas aler\u0123ij\u0101m vai nepanesam\u012bbu.Augsts ga\u013cas saturs un r\u016bp\u012bga apstr\u0101de nodro\u0161ina lielisku gar\u0161u un arom\u0101tu.Ide\u0101ls papildin\u0101jums sausajai bar\u012bbai, pal\u012bdz uzlabot bar\u012bbas uz\u0146em\u0161anu un hidrat\u0101ciju.BEZ GLUT\u0112NA \/ BEZ SOJAS \/ BEZ \u0122MO Sast\u0101vs: 74% t\u012btara ga\u013ca (ga\u013ca un org\u0101ni), 3% zir\u0146u ciete, 1% zir\u0146u \u0161\u0137iedra. Anal\u012btisk\u0101s sast\u0101vda\u013cas: kopprote\u012bns 9%, koptauki 10%, pelni 2%, mitrums 78%, \u0161\u0137iedra 0,5%, kalcijs 0,2%, fosfors 0,3%, n\u0101trijs 0,4%. Uzturvielu piedevas: D3 vitam\u012bns (3a671) 250 SV, E vitam\u012bns (3a700) 100 mg, cinks (3b606) 15 mg, dzelzs (3b106) 10 mg, mang\u0101ns (3b504) 3 mg, k\u0101lija jod\u012bds (3b204) 0,5 mg, k\u0101lija jod\u012bds (3b201) 0,5 mg, biot\u012bns (3a880) 0,2 mg. Tehnolo\u0123isk\u0101s piedevas uz 1 kg: ceratoniju sve\u0137i (E410) 5 000 mg. Metaboliz\u0113jam\u0101 ener\u0123ija: 1 260 kcal\/kg","og_url":"https:\/\/miumjau.ee\/lv\/produkts\/brit-mono-protein-sunu-konservi-ar-titaru-6-x-400-g\/","og_site_name":"MiuMjau","article_publisher":"https:\/\/www.facebook.com\/miumjaupood\/","og_image":[{"width":600,"height":800,"url":"https:\/\/miumjau.ee\/wp-content\/uploads\/2026\/02\/brit-mono-turkey-square-600x800px.jpg","type":"image\/jpeg"}],"twitter_card":"summary_large_image","schema":{"@context":"https:\/\/schema.org","@graph":[{"@type":"WebPage","@id":"https:\/\/miumjau.ee\/lv\/produkts\/brit-mono-protein-sunu-konservi-ar-titaru-6-x-400-g\/","url":"https:\/\/miumjau.ee\/lv\/produkts\/brit-mono-protein-sunu-konservi-ar-titaru-6-x-400-g\/","name":"Brit Mono Protein su\u0146u konservi ar t\u012btaru 6 \u00d7 400 g - MiuMjau","isPartOf":{"@id":"https:\/\/miumjau.ee\/#website"},"primaryImageOfPage":{"@id":"https:\/\/miumjau.ee\/lv\/produkts\/brit-mono-protein-sunu-konservi-ar-titaru-6-x-400-g\/#primaryimage"},"image":{"@id":"https:\/\/miumjau.ee\/lv\/produkts\/brit-mono-protein-sunu-konservi-ar-titaru-6-x-400-g\/#primaryimage"},"thumbnailUrl":"https:\/\/miumjau.ee\/wp-content\/uploads\/2026\/02\/brit-mono-turkey-square-600x800px.jpg","datePublished":"2026-02-25T08:19:05+00:00","breadcrumb":{"@id":"https:\/\/miumjau.ee\/lv\/produkts\/brit-mono-protein-sunu-konservi-ar-titaru-6-x-400-g\/#breadcrumb"},"inLanguage":"lv-LV","potentialAction":[{"@type":"ReadAction","target":["https:\/\/miumjau.ee\/lv\/produkts\/brit-mono-protein-sunu-konservi-ar-titaru-6-x-400-g\/"]}]},{"@type":"ImageObject","inLanguage":"lv-LV","@id":"https:\/\/miumjau.ee\/lv\/produkts\/brit-mono-protein-sunu-konservi-ar-titaru-6-x-400-g\/#primaryimage","url":"https:\/\/miumjau.ee\/wp-content\/uploads\/2026\/02\/brit-mono-turkey-square-600x800px.jpg","contentUrl":"https:\/\/miumjau.ee\/wp-content\/uploads\/2026\/02\/brit-mono-turkey-square-600x800px.jpg","width":600,"height":800},{"@type":"BreadcrumbList","@id":"https:\/\/miumjau.ee\/lv\/produkts\/brit-mono-protein-sunu-konservi-ar-titaru-6-x-400-g\/#breadcrumb","itemListElement":[{"@type":"ListItem","position":1,"name":"Home","item":"https:\/\/miumjau.ee\/lv\/"},{"@type":"ListItem","position":2,"name":"Veikals","item":"https:\/\/miumjau.ee\/lv\/veikals\/"},{"@type":"ListItem","position":3,"name":"Brit Mono Protein su\u0146u konservi ar t\u012btaru 6 \u00d7 400 g"}]},{"@type":"WebSite","@id":"https:\/\/miumjau.ee\/#website","url":"https:\/\/miumjau.ee\/","name":"MiuMjau","description":"Kraapimispuud kassidele","publisher":{"@id":"https:\/\/miumjau.ee\/#organization"},"potentialAction":[{"@type":"SearchAction","target":{"@type":"EntryPoint","urlTemplate":"https:\/\/miumjau.ee\/?s={search_term_string}"},"query-input":{"@type":"PropertyValueSpecification","valueRequired":true,"valueName":"search_term_string"}}],"inLanguage":"lv-LV"},{"@type":"Organization","@id":"https:\/\/miumjau.ee\/#organization","name":"MiuMjau O\u00dc","url":"https:\/\/miumjau.ee\/","logo":{"@type":"ImageObject","inLanguage":"lv-LV","@id":"https:\/\/miumjau.ee\/#\/schema\/logo\/image\/","url":"https:\/\/miumjau.ee\/wp-content\/uploads\/2022\/04\/MiuMjau-logo-kollane.png","contentUrl":"https:\/\/miumjau.ee\/wp-content\/uploads\/2022\/04\/MiuMjau-logo-kollane.png","width":219,"height":100,"caption":"MiuMjau O\u00dc"},"image":{"@id":"https:\/\/miumjau.ee\/#\/schema\/logo\/image\/"},"sameAs":["https:\/\/www.facebook.com\/miumjaupood\/"]}]}},"_links":{"self":[{"href":"https:\/\/miumjau.ee\/lv\/wp-json\/wp\/v2\/product\/55160","targetHints":{"allow":["GET"]}}],"collection":[{"href":"https:\/\/miumjau.ee\/lv\/wp-json\/wp\/v2\/product"}],"about":[{"href":"https:\/\/miumjau.ee\/lv\/wp-json\/wp\/v2\/types\/product"}],"wp:featuredmedia":[{"embeddable":true,"href":"https:\/\/miumjau.ee\/lv\/wp-json\/wp\/v2\/media\/54241"}],"wp:attachment":[{"href":"https:\/\/miumjau.ee\/lv\/wp-json\/wp\/v2\/media?parent=55160"}],"wp:term":[{"taxonomy":"product_brand","embeddable":true,"href":"https:\/\/miumjau.ee\/lv\/wp-json\/wp\/v2\/product_brand?post=55160"},{"taxonomy":"product_cat","embeddable":true,"href":"https:\/\/miumjau.ee\/lv\/wp-json\/wp\/v2\/product_cat?post=55160"},{"taxonomy":"product_tag","embeddable":true,"href":"https:\/\/miumjau.ee\/lv\/wp-json\/wp\/v2\/product_tag?post=55160"}],"curies":[{"name":"wp","href":"https:\/\/api.w.org\/{rel}","templated":true}]}}