{"id":55136,"date":"2026-02-25T10:22:25","date_gmt":"2026-02-25T08:22:25","guid":{"rendered":"https:\/\/miumjau.ee\/toode\/brit-mono-protein-konservi-suniem-ar-aitas-galu-un-risiem-6x400g\/"},"modified":"2026-02-25T10:22:25","modified_gmt":"2026-02-25T08:22:25","slug":"brit-mono-protein-konservi-suniem-ar-aitas-galu-un-risiem-6x400g","status":"publish","type":"product","link":"https:\/\/miumjau.ee\/lv\/produkts\/brit-mono-protein-konservi-suniem-ar-aitas-galu-un-risiem-6x400g\/","title":{"rendered":"Brit Mono Protein konservi su\u0146iem ar aitas ga\u013cu un r\u012bsiem 6x400g"},"content":{"rendered":"","protected":false},"excerpt":{"rendered":"<p data-start=\"2590\" data-end=\"2805\">100% T\u012aRS AITAS OLBA\u013bUMS AR R\u012aSIEM. Brit Mono Protein nodro\u0161ina pilnv\u0113rt\u012bgu un sabalans\u0113tu uzturu. Formula balst\u012bta uz vienu olbaltumvielu avotu un ir ide\u0101la, lai samazin\u0101tu p\u0101rtikas aler\u0123iju un nepanesam\u012bbas risku.<\/p>\n<ul data-start=\"2807\" data-end=\"3115\">\n<li data-section-id=\"lqioju\" data-start=\"2807\" data-end=\"2892\">\n<p data-start=\"2809\" data-end=\"2892\">Ide\u0101li piem\u0113rots su\u0146iem ar jut\u012bgu gremo\u0161anu, p\u0101rtikas aler\u0123ij\u0101m vai nepanesam\u012bbu.<\/p>\n<\/li>\n<li data-section-id=\"1cza6du\" data-start=\"2893\" data-end=\"2984\">\n<p data-start=\"2895\" data-end=\"2984\">Augstas kvalit\u0101tes ga\u013cas saturs un r\u016bp\u012bga apstr\u0101de nodro\u0161ina lielisku gar\u0161u un arom\u0101tu.<\/p>\n<\/li>\n<li data-section-id=\"wypdd9\" data-start=\"2985\" data-end=\"3077\">\n<p data-start=\"2987\" data-end=\"3077\">Lielisks papildin\u0101jums sausajai bar\u012bbai, pal\u012bdz uzlabot \u0113\u0161anas paradumus un hidrat\u0101ciju.<\/p>\n<\/li>\n<li data-section-id=\"tupb6u\" data-start=\"3078\" data-end=\"3115\">\n<p data-start=\"3080\" data-end=\"3115\">BEZ GLUT\u0112NA \/ BEZ SOJAS \/ BEZ \u0122MO<\/p>\n<\/li>\n<\/ul>\n<p data-start=\"3117\" data-end=\"3209\"><strong data-start=\"3117\" data-end=\"3129\">Sast\u0101vs:<\/strong> 70 % aitas ga\u013ca (ga\u013ca un iek\u0161as), 4 % r\u012bsi, 3 % zir\u0146u ciete, 1 % zir\u0146u \u0161\u0137iedra.<\/p>\n<p data-start=\"3211\" data-end=\"3355\"><strong data-start=\"3211\" data-end=\"3239\">Anal\u012btisk\u0101s sast\u0101vda\u013cas:<\/strong> Olbaltumvielas 9 %, tauki 7 %, pelni 2 %, mitrums 78 %, \u0161\u0137iedra 0,7 %, kalcijs 0,2 %, fosfors 0,3 %, n\u0101trijs 0,4 %.<\/p>\n<p data-start=\"3357\" data-end=\"3630\"><strong data-start=\"3357\" data-end=\"3388\">Uzturvielu piedevas (1 kg):<\/strong> D3 vitam\u012bns (3a671) 250 IU, E vitam\u012bns (3a700) 100 mg, Cinks (3b606) 15 mg, Dzelzs (3b106) 10 mg, Mang\u0101ns (3b504) 3 mg, K\u0101lija jod\u012bds (3b201) 0,5 mg, Biot\u012bns (3a880) 0,2 mg.<br data-start=\"3562\" data-end=\"3565\" \/><strong data-start=\"3565\" data-end=\"3599\">Tehnolo\u0123isk\u0101s piedevas (1 kg):<\/strong> J\u0101\u0146ogu p\u0101ksts (E410) 5 000 mg.<\/p>\n<p data-start=\"3632\" data-end=\"3671\"><strong data-start=\"3632\" data-end=\"3657\">Metabolisma ener\u0123ija:<\/strong> 1,110 kcal\/kg<\/p>\n","protected":false},"featured_media":54229,"template":"","meta":[],"product_brand":[],"product_cat":[577],"product_tag":[],"class_list":{"0":"post-55136","1":"product","2":"type-product","3":"status-publish","4":"has-post-thumbnail","6":"product_cat-mitra-bariba-suniem","8":"first","9":"instock","10":"taxable","11":"shipping-taxable","12":"purchasable","13":"product-type-simple"},"yoast_head":"<!-- This site is optimized with the Yoast SEO plugin v27.4 - https:\/\/yoast.com\/product\/yoast-seo-wordpress\/ -->\n<title>Brit Mono Protein konservi su\u0146iem ar aitas ga\u013cu un r\u012bsiem 6x400g - MiuMjau<\/title>\n<meta name=\"robots\" content=\"index, follow, max-snippet:-1, max-image-preview:large, max-video-preview:-1\" \/>\n<link rel=\"canonical\" href=\"https:\/\/miumjau.ee\/lv\/produkts\/brit-mono-protein-konservi-suniem-ar-aitas-galu-un-risiem-6x400g\/\" \/>\n<meta property=\"og:locale\" content=\"lv_LV\" \/>\n<meta property=\"og:type\" content=\"article\" \/>\n<meta property=\"og:title\" content=\"Brit Mono Protein konservi su\u0146iem ar aitas ga\u013cu un r\u012bsiem 6x400g - MiuMjau\" \/>\n<meta property=\"og:description\" content=\"100% T\u012aRS AITAS OLBA\u013bUMS AR R\u012aSIEM. Brit Mono Protein nodro\u0161ina pilnv\u0113rt\u012bgu un sabalans\u0113tu uzturu. Formula balst\u012bta uz vienu olbaltumvielu avotu un ir ide\u0101la, lai samazin\u0101tu p\u0101rtikas aler\u0123iju un nepanesam\u012bbas risku.     Ide\u0101li piem\u0113rots su\u0146iem ar jut\u012bgu gremo\u0161anu, p\u0101rtikas aler\u0123ij\u0101m vai nepanesam\u012bbu.    Augstas kvalit\u0101tes ga\u013cas saturs un r\u016bp\u012bga apstr\u0101de nodro\u0161ina lielisku gar\u0161u un arom\u0101tu.    Lielisks papildin\u0101jums sausajai bar\u012bbai, pal\u012bdz uzlabot \u0113\u0161anas paradumus un hidrat\u0101ciju.    BEZ GLUT\u0112NA \/ BEZ SOJAS \/ BEZ \u0122MO   Sast\u0101vs: 70 % aitas ga\u013ca (ga\u013ca un iek\u0161as), 4 % r\u012bsi, 3 % zir\u0146u ciete, 1 % zir\u0146u \u0161\u0137iedra. Anal\u012btisk\u0101s sast\u0101vda\u013cas: Olbaltumvielas 9 %, tauki 7 %, pelni 2 %, mitrums 78 %, \u0161\u0137iedra 0,7 %, kalcijs 0,2 %, fosfors 0,3 %, n\u0101trijs 0,4 %. Uzturvielu piedevas (1 kg): D3 vitam\u012bns (3a671) 250 IU, E vitam\u012bns (3a700) 100 mg, Cinks (3b606) 15 mg, Dzelzs (3b106) 10 mg, Mang\u0101ns (3b504) 3 mg, K\u0101lija jod\u012bds (3b201) 0,5 mg, Biot\u012bns (3a880) 0,2 mg.Tehnolo\u0123isk\u0101s piedevas (1 kg): J\u0101\u0146ogu p\u0101ksts (E410) 5 000 mg. Metabolisma ener\u0123ija: 1,110 kcal\/kg\" \/>\n<meta property=\"og:url\" content=\"https:\/\/miumjau.ee\/lv\/produkts\/brit-mono-protein-konservi-suniem-ar-aitas-galu-un-risiem-6x400g\/\" \/>\n<meta property=\"og:site_name\" content=\"MiuMjau\" \/>\n<meta property=\"article:publisher\" content=\"https:\/\/www.facebook.com\/miumjaupood\/\" \/>\n<meta property=\"og:image\" content=\"https:\/\/miumjau.ee\/wp-content\/uploads\/2026\/02\/brit-mono-lamb-rice-600x800px.jpg\" \/>\n\t<meta property=\"og:image:width\" content=\"600\" \/>\n\t<meta property=\"og:image:height\" content=\"800\" \/>\n\t<meta property=\"og:image:type\" content=\"image\/jpeg\" \/>\n<meta name=\"twitter:card\" content=\"summary_large_image\" \/>\n<script type=\"application\/ld+json\" class=\"yoast-schema-graph\">{\"@context\":\"https:\\\/\\\/schema.org\",\"@graph\":[{\"@type\":\"WebPage\",\"@id\":\"https:\\\/\\\/miumjau.ee\\\/lv\\\/produkts\\\/brit-mono-protein-konservi-suniem-ar-aitas-galu-un-risiem-6x400g\\\/\",\"url\":\"https:\\\/\\\/miumjau.ee\\\/lv\\\/produkts\\\/brit-mono-protein-konservi-suniem-ar-aitas-galu-un-risiem-6x400g\\\/\",\"name\":\"Brit Mono Protein konservi su\u0146iem ar aitas ga\u013cu un r\u012bsiem 6x400g - MiuMjau\",\"isPartOf\":{\"@id\":\"https:\\\/\\\/miumjau.ee\\\/#website\"},\"primaryImageOfPage\":{\"@id\":\"https:\\\/\\\/miumjau.ee\\\/lv\\\/produkts\\\/brit-mono-protein-konservi-suniem-ar-aitas-galu-un-risiem-6x400g\\\/#primaryimage\"},\"image\":{\"@id\":\"https:\\\/\\\/miumjau.ee\\\/lv\\\/produkts\\\/brit-mono-protein-konservi-suniem-ar-aitas-galu-un-risiem-6x400g\\\/#primaryimage\"},\"thumbnailUrl\":\"https:\\\/\\\/miumjau.ee\\\/wp-content\\\/uploads\\\/2026\\\/02\\\/brit-mono-lamb-rice-600x800px.jpg\",\"datePublished\":\"2026-02-25T08:22:25+00:00\",\"breadcrumb\":{\"@id\":\"https:\\\/\\\/miumjau.ee\\\/lv\\\/produkts\\\/brit-mono-protein-konservi-suniem-ar-aitas-galu-un-risiem-6x400g\\\/#breadcrumb\"},\"inLanguage\":\"lv-LV\",\"potentialAction\":[{\"@type\":\"ReadAction\",\"target\":[\"https:\\\/\\\/miumjau.ee\\\/lv\\\/produkts\\\/brit-mono-protein-konservi-suniem-ar-aitas-galu-un-risiem-6x400g\\\/\"]}]},{\"@type\":\"ImageObject\",\"inLanguage\":\"lv-LV\",\"@id\":\"https:\\\/\\\/miumjau.ee\\\/lv\\\/produkts\\\/brit-mono-protein-konservi-suniem-ar-aitas-galu-un-risiem-6x400g\\\/#primaryimage\",\"url\":\"https:\\\/\\\/miumjau.ee\\\/wp-content\\\/uploads\\\/2026\\\/02\\\/brit-mono-lamb-rice-600x800px.jpg\",\"contentUrl\":\"https:\\\/\\\/miumjau.ee\\\/wp-content\\\/uploads\\\/2026\\\/02\\\/brit-mono-lamb-rice-600x800px.jpg\",\"width\":600,\"height\":800,\"caption\":\"Brit Mono Protein koera konserv lamba ja riisiga 6x 400g\"},{\"@type\":\"BreadcrumbList\",\"@id\":\"https:\\\/\\\/miumjau.ee\\\/lv\\\/produkts\\\/brit-mono-protein-konservi-suniem-ar-aitas-galu-un-risiem-6x400g\\\/#breadcrumb\",\"itemListElement\":[{\"@type\":\"ListItem\",\"position\":1,\"name\":\"Home\",\"item\":\"https:\\\/\\\/miumjau.ee\\\/lv\\\/\"},{\"@type\":\"ListItem\",\"position\":2,\"name\":\"Veikals\",\"item\":\"https:\\\/\\\/miumjau.ee\\\/lv\\\/veikals\\\/\"},{\"@type\":\"ListItem\",\"position\":3,\"name\":\"Brit Mono Protein konservi su\u0146iem ar aitas ga\u013cu un r\u012bsiem 6x400g\"}]},{\"@type\":\"WebSite\",\"@id\":\"https:\\\/\\\/miumjau.ee\\\/#website\",\"url\":\"https:\\\/\\\/miumjau.ee\\\/\",\"name\":\"MiuMjau\",\"description\":\"Kraapimispuud kassidele\",\"publisher\":{\"@id\":\"https:\\\/\\\/miumjau.ee\\\/#organization\"},\"potentialAction\":[{\"@type\":\"SearchAction\",\"target\":{\"@type\":\"EntryPoint\",\"urlTemplate\":\"https:\\\/\\\/miumjau.ee\\\/?s={search_term_string}\"},\"query-input\":{\"@type\":\"PropertyValueSpecification\",\"valueRequired\":true,\"valueName\":\"search_term_string\"}}],\"inLanguage\":\"lv-LV\"},{\"@type\":\"Organization\",\"@id\":\"https:\\\/\\\/miumjau.ee\\\/#organization\",\"name\":\"MiuMjau O\u00dc\",\"url\":\"https:\\\/\\\/miumjau.ee\\\/\",\"logo\":{\"@type\":\"ImageObject\",\"inLanguage\":\"lv-LV\",\"@id\":\"https:\\\/\\\/miumjau.ee\\\/#\\\/schema\\\/logo\\\/image\\\/\",\"url\":\"https:\\\/\\\/miumjau.ee\\\/wp-content\\\/uploads\\\/2022\\\/04\\\/MiuMjau-logo-kollane.png\",\"contentUrl\":\"https:\\\/\\\/miumjau.ee\\\/wp-content\\\/uploads\\\/2022\\\/04\\\/MiuMjau-logo-kollane.png\",\"width\":219,\"height\":100,\"caption\":\"MiuMjau O\u00dc\"},\"image\":{\"@id\":\"https:\\\/\\\/miumjau.ee\\\/#\\\/schema\\\/logo\\\/image\\\/\"},\"sameAs\":[\"https:\\\/\\\/www.facebook.com\\\/miumjaupood\\\/\"]}]}<\/script>\n<!-- \/ Yoast SEO plugin. -->","yoast_head_json":{"title":"Brit Mono Protein konservi su\u0146iem ar aitas ga\u013cu un r\u012bsiem 6x400g - MiuMjau","robots":{"index":"index","follow":"follow","max-snippet":"max-snippet:-1","max-image-preview":"max-image-preview:large","max-video-preview":"max-video-preview:-1"},"canonical":"https:\/\/miumjau.ee\/lv\/produkts\/brit-mono-protein-konservi-suniem-ar-aitas-galu-un-risiem-6x400g\/","og_locale":"lv_LV","og_type":"article","og_title":"Brit Mono Protein konservi su\u0146iem ar aitas ga\u013cu un r\u012bsiem 6x400g - MiuMjau","og_description":"100% T\u012aRS AITAS OLBA\u013bUMS AR R\u012aSIEM. Brit Mono Protein nodro\u0161ina pilnv\u0113rt\u012bgu un sabalans\u0113tu uzturu. Formula balst\u012bta uz vienu olbaltumvielu avotu un ir ide\u0101la, lai samazin\u0101tu p\u0101rtikas aler\u0123iju un nepanesam\u012bbas risku.     Ide\u0101li piem\u0113rots su\u0146iem ar jut\u012bgu gremo\u0161anu, p\u0101rtikas aler\u0123ij\u0101m vai nepanesam\u012bbu.    Augstas kvalit\u0101tes ga\u013cas saturs un r\u016bp\u012bga apstr\u0101de nodro\u0161ina lielisku gar\u0161u un arom\u0101tu.    Lielisks papildin\u0101jums sausajai bar\u012bbai, pal\u012bdz uzlabot \u0113\u0161anas paradumus un hidrat\u0101ciju.    BEZ GLUT\u0112NA \/ BEZ SOJAS \/ BEZ \u0122MO   Sast\u0101vs: 70 % aitas ga\u013ca (ga\u013ca un iek\u0161as), 4 % r\u012bsi, 3 % zir\u0146u ciete, 1 % zir\u0146u \u0161\u0137iedra. Anal\u012btisk\u0101s sast\u0101vda\u013cas: Olbaltumvielas 9 %, tauki 7 %, pelni 2 %, mitrums 78 %, \u0161\u0137iedra 0,7 %, kalcijs 0,2 %, fosfors 0,3 %, n\u0101trijs 0,4 %. Uzturvielu piedevas (1 kg): D3 vitam\u012bns (3a671) 250 IU, E vitam\u012bns (3a700) 100 mg, Cinks (3b606) 15 mg, Dzelzs (3b106) 10 mg, Mang\u0101ns (3b504) 3 mg, K\u0101lija jod\u012bds (3b201) 0,5 mg, Biot\u012bns (3a880) 0,2 mg.Tehnolo\u0123isk\u0101s piedevas (1 kg): J\u0101\u0146ogu p\u0101ksts (E410) 5 000 mg. Metabolisma ener\u0123ija: 1,110 kcal\/kg","og_url":"https:\/\/miumjau.ee\/lv\/produkts\/brit-mono-protein-konservi-suniem-ar-aitas-galu-un-risiem-6x400g\/","og_site_name":"MiuMjau","article_publisher":"https:\/\/www.facebook.com\/miumjaupood\/","og_image":[{"width":600,"height":800,"url":"https:\/\/miumjau.ee\/wp-content\/uploads\/2026\/02\/brit-mono-lamb-rice-600x800px.jpg","type":"image\/jpeg"}],"twitter_card":"summary_large_image","schema":{"@context":"https:\/\/schema.org","@graph":[{"@type":"WebPage","@id":"https:\/\/miumjau.ee\/lv\/produkts\/brit-mono-protein-konservi-suniem-ar-aitas-galu-un-risiem-6x400g\/","url":"https:\/\/miumjau.ee\/lv\/produkts\/brit-mono-protein-konservi-suniem-ar-aitas-galu-un-risiem-6x400g\/","name":"Brit Mono Protein konservi su\u0146iem ar aitas ga\u013cu un r\u012bsiem 6x400g - MiuMjau","isPartOf":{"@id":"https:\/\/miumjau.ee\/#website"},"primaryImageOfPage":{"@id":"https:\/\/miumjau.ee\/lv\/produkts\/brit-mono-protein-konservi-suniem-ar-aitas-galu-un-risiem-6x400g\/#primaryimage"},"image":{"@id":"https:\/\/miumjau.ee\/lv\/produkts\/brit-mono-protein-konservi-suniem-ar-aitas-galu-un-risiem-6x400g\/#primaryimage"},"thumbnailUrl":"https:\/\/miumjau.ee\/wp-content\/uploads\/2026\/02\/brit-mono-lamb-rice-600x800px.jpg","datePublished":"2026-02-25T08:22:25+00:00","breadcrumb":{"@id":"https:\/\/miumjau.ee\/lv\/produkts\/brit-mono-protein-konservi-suniem-ar-aitas-galu-un-risiem-6x400g\/#breadcrumb"},"inLanguage":"lv-LV","potentialAction":[{"@type":"ReadAction","target":["https:\/\/miumjau.ee\/lv\/produkts\/brit-mono-protein-konservi-suniem-ar-aitas-galu-un-risiem-6x400g\/"]}]},{"@type":"ImageObject","inLanguage":"lv-LV","@id":"https:\/\/miumjau.ee\/lv\/produkts\/brit-mono-protein-konservi-suniem-ar-aitas-galu-un-risiem-6x400g\/#primaryimage","url":"https:\/\/miumjau.ee\/wp-content\/uploads\/2026\/02\/brit-mono-lamb-rice-600x800px.jpg","contentUrl":"https:\/\/miumjau.ee\/wp-content\/uploads\/2026\/02\/brit-mono-lamb-rice-600x800px.jpg","width":600,"height":800,"caption":"Brit Mono Protein koera konserv lamba ja riisiga 6x 400g"},{"@type":"BreadcrumbList","@id":"https:\/\/miumjau.ee\/lv\/produkts\/brit-mono-protein-konservi-suniem-ar-aitas-galu-un-risiem-6x400g\/#breadcrumb","itemListElement":[{"@type":"ListItem","position":1,"name":"Home","item":"https:\/\/miumjau.ee\/lv\/"},{"@type":"ListItem","position":2,"name":"Veikals","item":"https:\/\/miumjau.ee\/lv\/veikals\/"},{"@type":"ListItem","position":3,"name":"Brit Mono Protein konservi su\u0146iem ar aitas ga\u013cu un r\u012bsiem 6x400g"}]},{"@type":"WebSite","@id":"https:\/\/miumjau.ee\/#website","url":"https:\/\/miumjau.ee\/","name":"MiuMjau","description":"Kraapimispuud kassidele","publisher":{"@id":"https:\/\/miumjau.ee\/#organization"},"potentialAction":[{"@type":"SearchAction","target":{"@type":"EntryPoint","urlTemplate":"https:\/\/miumjau.ee\/?s={search_term_string}"},"query-input":{"@type":"PropertyValueSpecification","valueRequired":true,"valueName":"search_term_string"}}],"inLanguage":"lv-LV"},{"@type":"Organization","@id":"https:\/\/miumjau.ee\/#organization","name":"MiuMjau O\u00dc","url":"https:\/\/miumjau.ee\/","logo":{"@type":"ImageObject","inLanguage":"lv-LV","@id":"https:\/\/miumjau.ee\/#\/schema\/logo\/image\/","url":"https:\/\/miumjau.ee\/wp-content\/uploads\/2022\/04\/MiuMjau-logo-kollane.png","contentUrl":"https:\/\/miumjau.ee\/wp-content\/uploads\/2022\/04\/MiuMjau-logo-kollane.png","width":219,"height":100,"caption":"MiuMjau O\u00dc"},"image":{"@id":"https:\/\/miumjau.ee\/#\/schema\/logo\/image\/"},"sameAs":["https:\/\/www.facebook.com\/miumjaupood\/"]}]}},"_links":{"self":[{"href":"https:\/\/miumjau.ee\/lv\/wp-json\/wp\/v2\/product\/55136","targetHints":{"allow":["GET"]}}],"collection":[{"href":"https:\/\/miumjau.ee\/lv\/wp-json\/wp\/v2\/product"}],"about":[{"href":"https:\/\/miumjau.ee\/lv\/wp-json\/wp\/v2\/types\/product"}],"wp:featuredmedia":[{"embeddable":true,"href":"https:\/\/miumjau.ee\/lv\/wp-json\/wp\/v2\/media\/54229"}],"wp:attachment":[{"href":"https:\/\/miumjau.ee\/lv\/wp-json\/wp\/v2\/media?parent=55136"}],"wp:term":[{"taxonomy":"product_brand","embeddable":true,"href":"https:\/\/miumjau.ee\/lv\/wp-json\/wp\/v2\/product_brand?post=55136"},{"taxonomy":"product_cat","embeddable":true,"href":"https:\/\/miumjau.ee\/lv\/wp-json\/wp\/v2\/product_cat?post=55136"},{"taxonomy":"product_tag","embeddable":true,"href":"https:\/\/miumjau.ee\/lv\/wp-json\/wp\/v2\/product_tag?post=55136"}],"curies":[{"name":"wp","href":"https:\/\/api.w.org\/{rel}","templated":true}]}}