{"id":55126,"date":"2026-03-10T08:40:48","date_gmt":"2026-03-10T06:40:48","guid":{"rendered":"https:\/\/miumjau.ee\/toode\/petrebels-estate-170-kapsanas-koks-kakiem-balts\/"},"modified":"2026-03-10T08:40:48","modified_gmt":"2026-03-10T06:40:48","slug":"petrebels-estate-170-kapsanas-koks-kakiem-balts","status":"publish","type":"product","link":"https:\/\/miumjau.ee\/lv\/produkts\/petrebels-estate-170-kapsanas-koks-kakiem-balts\/","title":{"rendered":"Petrebels Estate 170 k\u0101p\u0161anas koks ka\u0137iem, balts"},"content":{"rendered":"","protected":false},"excerpt":{"rendered":"<p data-start=\"2169\" data-end=\"2202\">Luksusa ka\u0137u koks lieliem ka\u0137iem!<\/p>\n<p data-start=\"2204\" data-end=\"2360\">\u0160is skr\u0101pju stabs ir iespaid\u012bgi augsts, gudri izstr\u0101d\u0101ts un piln\u012bb\u0101 p\u0101rkl\u0101ts ar m\u012bkstu pl\u012b\u0161u. Pateicoties tam, tas ir \u012bsts sp\u0113\u013cu un skr\u0101pju parad\u012bze ka\u0137iem.<\/p>\n<p data-start=\"2362\" data-end=\"2751\">Neatkar\u012bgi no t\u0101, vai jums ir Ragdoll, Norv\u0113\u0123u me\u017eacats vai parasts m\u0101jas ka\u0137is \u2013 katrs ka\u0137is jut\u012bsies k\u0101 m\u0101j\u0101s \u0161aj\u0101 skr\u0101pju kok\u0101. Taj\u0101 ir XXL izm\u0113ra gu\u013camistaba miegainiem ka\u0137iem, atp\u016btas grozs ar lab\u0101ko skatu un \u0161\u016bpulis vid\u0113j\u0101 augstum\u0101 \u0113rtai atp\u016btai. Pateicoties pak\u0101pieniem un platform\u0101m, \u0161is k\u0101p\u0161anas koks ir piem\u0113rots ar\u012b vec\u0101kiem ka\u0137iem vai ka\u0137iem, kas nav sp\u0113c\u012bgi k\u0101p\u0113ji vai l\u0113c\u0113ji.<\/p>\n<p data-start=\"2753\" data-end=\"2811\"><strong data-start=\"2753\" data-end=\"2764\">Izm\u0113ri:<\/strong> Garums 80 cm, Platums 62 cm, Augstums 170 cm<\/p>\n<ul data-start=\"2812\" data-end=\"2941\">\n<li data-section-id=\"1yj9twj\" data-start=\"2812\" data-end=\"2851\">\n<p data-start=\"2814\" data-end=\"2851\">Piem\u0113rots lieliem un smagiem ka\u0137iem<\/p>\n<\/li>\n<li data-section-id=\"kqiak6\" data-start=\"2852\" data-end=\"2897\">\n<p data-start=\"2854\" data-end=\"2897\">Piem\u0113rots ar\u012b vec\u0101kiem un akt\u012bviem ka\u0137iem<\/p>\n<\/li>\n<li data-section-id=\"dcwi79\" data-start=\"2898\" data-end=\"2941\">\n<p data-start=\"2900\" data-end=\"2941\">Spilveni un \u0161\u016bpulis ir ma\u0161\u012bnapmazg\u0101jami<\/p>\n<\/li>\n<\/ul>\n<p data-start=\"2943\" data-end=\"3008\">Produkts tiek pieg\u0101d\u0101ts pirc\u0113jam 3 iepakojumos un sver 43,2 kg.<\/p>\n","protected":false},"featured_media":54522,"template":"","meta":[],"product_brand":[],"product_cat":[584,583],"product_tag":[],"class_list":{"0":"post-55126","1":"product","2":"type-product","3":"status-publish","4":"has-post-thumbnail","6":"product_cat-lieli-skrapesanas-koki","7":"product_cat-petrebels-produkti-smagiem-kakiem","9":"first","10":"outofstock","11":"sale","12":"taxable","13":"shipping-taxable","14":"purchasable","15":"product-type-simple"},"yoast_head":"<!-- This site is optimized with the Yoast SEO plugin v27.4 - https:\/\/yoast.com\/product\/yoast-seo-wordpress\/ -->\n<title>Petrebels Estate 170 k\u0101p\u0161anas koks ka\u0137iem, balts - MiuMjau<\/title>\n<meta name=\"robots\" content=\"index, follow, max-snippet:-1, max-image-preview:large, max-video-preview:-1\" \/>\n<link rel=\"canonical\" href=\"https:\/\/miumjau.ee\/lv\/produkts\/petrebels-estate-170-kapsanas-koks-kakiem-balts\/\" \/>\n<meta property=\"og:locale\" content=\"lv_LV\" \/>\n<meta property=\"og:type\" content=\"article\" \/>\n<meta property=\"og:title\" content=\"Petrebels Estate 170 k\u0101p\u0161anas koks ka\u0137iem, balts - MiuMjau\" \/>\n<meta property=\"og:description\" content=\"Luksusa ka\u0137u koks lieliem ka\u0137iem! \u0160is skr\u0101pju stabs ir iespaid\u012bgi augsts, gudri izstr\u0101d\u0101ts un piln\u012bb\u0101 p\u0101rkl\u0101ts ar m\u012bkstu pl\u012b\u0161u. Pateicoties tam, tas ir \u012bsts sp\u0113\u013cu un skr\u0101pju parad\u012bze ka\u0137iem. Neatkar\u012bgi no t\u0101, vai jums ir Ragdoll, Norv\u0113\u0123u me\u017eacats vai parasts m\u0101jas ka\u0137is \u2013 katrs ka\u0137is jut\u012bsies k\u0101 m\u0101j\u0101s \u0161aj\u0101 skr\u0101pju kok\u0101. Taj\u0101 ir XXL izm\u0113ra gu\u013camistaba miegainiem ka\u0137iem, atp\u016btas grozs ar lab\u0101ko skatu un \u0161\u016bpulis vid\u0113j\u0101 augstum\u0101 \u0113rtai atp\u016btai. Pateicoties pak\u0101pieniem un platform\u0101m, \u0161is k\u0101p\u0161anas koks ir piem\u0113rots ar\u012b vec\u0101kiem ka\u0137iem vai ka\u0137iem, kas nav sp\u0113c\u012bgi k\u0101p\u0113ji vai l\u0113c\u0113ji. Izm\u0113ri: Garums 80 cm, Platums 62 cm, Augstums 170 cm     Piem\u0113rots lieliem un smagiem ka\u0137iem    Piem\u0113rots ar\u012b vec\u0101kiem un akt\u012bviem ka\u0137iem    Spilveni un \u0161\u016bpulis ir ma\u0161\u012bnapmazg\u0101jami   Produkts tiek pieg\u0101d\u0101ts pirc\u0113jam 3 iepakojumos un sver 43,2 kg.\" \/>\n<meta property=\"og:url\" content=\"https:\/\/miumjau.ee\/lv\/produkts\/petrebels-estate-170-kapsanas-koks-kakiem-balts\/\" \/>\n<meta property=\"og:site_name\" content=\"MiuMjau\" \/>\n<meta property=\"article:publisher\" content=\"https:\/\/www.facebook.com\/miumjaupood\/\" \/>\n<meta property=\"og:image\" content=\"https:\/\/miumjau.ee\/wp-content\/uploads\/2026\/03\/petrebels-estate-ronimispuu-valge3.jpg\" \/>\n\t<meta property=\"og:image:width\" content=\"600\" \/>\n\t<meta property=\"og:image:height\" content=\"800\" \/>\n\t<meta property=\"og:image:type\" content=\"image\/jpeg\" \/>\n<meta name=\"twitter:card\" content=\"summary_large_image\" \/>\n<script type=\"application\/ld+json\" class=\"yoast-schema-graph\">{\"@context\":\"https:\\\/\\\/schema.org\",\"@graph\":[{\"@type\":\"WebPage\",\"@id\":\"https:\\\/\\\/miumjau.ee\\\/lv\\\/produkts\\\/petrebels-estate-170-kapsanas-koks-kakiem-balts\\\/\",\"url\":\"https:\\\/\\\/miumjau.ee\\\/lv\\\/produkts\\\/petrebels-estate-170-kapsanas-koks-kakiem-balts\\\/\",\"name\":\"Petrebels Estate 170 k\u0101p\u0161anas koks ka\u0137iem, balts - MiuMjau\",\"isPartOf\":{\"@id\":\"https:\\\/\\\/miumjau.ee\\\/#website\"},\"primaryImageOfPage\":{\"@id\":\"https:\\\/\\\/miumjau.ee\\\/lv\\\/produkts\\\/petrebels-estate-170-kapsanas-koks-kakiem-balts\\\/#primaryimage\"},\"image\":{\"@id\":\"https:\\\/\\\/miumjau.ee\\\/lv\\\/produkts\\\/petrebels-estate-170-kapsanas-koks-kakiem-balts\\\/#primaryimage\"},\"thumbnailUrl\":\"https:\\\/\\\/miumjau.ee\\\/wp-content\\\/uploads\\\/2026\\\/03\\\/petrebels-estate-ronimispuu-valge3.jpg\",\"datePublished\":\"2026-03-10T06:40:48+00:00\",\"breadcrumb\":{\"@id\":\"https:\\\/\\\/miumjau.ee\\\/lv\\\/produkts\\\/petrebels-estate-170-kapsanas-koks-kakiem-balts\\\/#breadcrumb\"},\"inLanguage\":\"lv-LV\",\"potentialAction\":[{\"@type\":\"ReadAction\",\"target\":[\"https:\\\/\\\/miumjau.ee\\\/lv\\\/produkts\\\/petrebels-estate-170-kapsanas-koks-kakiem-balts\\\/\"]}]},{\"@type\":\"ImageObject\",\"inLanguage\":\"lv-LV\",\"@id\":\"https:\\\/\\\/miumjau.ee\\\/lv\\\/produkts\\\/petrebels-estate-170-kapsanas-koks-kakiem-balts\\\/#primaryimage\",\"url\":\"https:\\\/\\\/miumjau.ee\\\/wp-content\\\/uploads\\\/2026\\\/03\\\/petrebels-estate-ronimispuu-valge3.jpg\",\"contentUrl\":\"https:\\\/\\\/miumjau.ee\\\/wp-content\\\/uploads\\\/2026\\\/03\\\/petrebels-estate-ronimispuu-valge3.jpg\",\"width\":600,\"height\":800,\"caption\":\"Ronimispuu kassidele Petrebels Estate 170, valge\"},{\"@type\":\"BreadcrumbList\",\"@id\":\"https:\\\/\\\/miumjau.ee\\\/lv\\\/produkts\\\/petrebels-estate-170-kapsanas-koks-kakiem-balts\\\/#breadcrumb\",\"itemListElement\":[{\"@type\":\"ListItem\",\"position\":1,\"name\":\"Home\",\"item\":\"https:\\\/\\\/miumjau.ee\\\/lv\\\/\"},{\"@type\":\"ListItem\",\"position\":2,\"name\":\"Veikals\",\"item\":\"https:\\\/\\\/miumjau.ee\\\/lv\\\/veikals\\\/\"},{\"@type\":\"ListItem\",\"position\":3,\"name\":\"Petrebels Estate 170 k\u0101p\u0161anas koks ka\u0137iem, balts\"}]},{\"@type\":\"WebSite\",\"@id\":\"https:\\\/\\\/miumjau.ee\\\/#website\",\"url\":\"https:\\\/\\\/miumjau.ee\\\/\",\"name\":\"MiuMjau\",\"description\":\"Kraapimispuud kassidele\",\"publisher\":{\"@id\":\"https:\\\/\\\/miumjau.ee\\\/#organization\"},\"potentialAction\":[{\"@type\":\"SearchAction\",\"target\":{\"@type\":\"EntryPoint\",\"urlTemplate\":\"https:\\\/\\\/miumjau.ee\\\/?s={search_term_string}\"},\"query-input\":{\"@type\":\"PropertyValueSpecification\",\"valueRequired\":true,\"valueName\":\"search_term_string\"}}],\"inLanguage\":\"lv-LV\"},{\"@type\":\"Organization\",\"@id\":\"https:\\\/\\\/miumjau.ee\\\/#organization\",\"name\":\"MiuMjau O\u00dc\",\"url\":\"https:\\\/\\\/miumjau.ee\\\/\",\"logo\":{\"@type\":\"ImageObject\",\"inLanguage\":\"lv-LV\",\"@id\":\"https:\\\/\\\/miumjau.ee\\\/#\\\/schema\\\/logo\\\/image\\\/\",\"url\":\"https:\\\/\\\/miumjau.ee\\\/wp-content\\\/uploads\\\/2022\\\/04\\\/MiuMjau-logo-kollane.png\",\"contentUrl\":\"https:\\\/\\\/miumjau.ee\\\/wp-content\\\/uploads\\\/2022\\\/04\\\/MiuMjau-logo-kollane.png\",\"width\":219,\"height\":100,\"caption\":\"MiuMjau O\u00dc\"},\"image\":{\"@id\":\"https:\\\/\\\/miumjau.ee\\\/#\\\/schema\\\/logo\\\/image\\\/\"},\"sameAs\":[\"https:\\\/\\\/www.facebook.com\\\/miumjaupood\\\/\"]}]}<\/script>\n<!-- \/ Yoast SEO plugin. -->","yoast_head_json":{"title":"Petrebels Estate 170 k\u0101p\u0161anas koks ka\u0137iem, balts - MiuMjau","robots":{"index":"index","follow":"follow","max-snippet":"max-snippet:-1","max-image-preview":"max-image-preview:large","max-video-preview":"max-video-preview:-1"},"canonical":"https:\/\/miumjau.ee\/lv\/produkts\/petrebels-estate-170-kapsanas-koks-kakiem-balts\/","og_locale":"lv_LV","og_type":"article","og_title":"Petrebels Estate 170 k\u0101p\u0161anas koks ka\u0137iem, balts - MiuMjau","og_description":"Luksusa ka\u0137u koks lieliem ka\u0137iem! \u0160is skr\u0101pju stabs ir iespaid\u012bgi augsts, gudri izstr\u0101d\u0101ts un piln\u012bb\u0101 p\u0101rkl\u0101ts ar m\u012bkstu pl\u012b\u0161u. Pateicoties tam, tas ir \u012bsts sp\u0113\u013cu un skr\u0101pju parad\u012bze ka\u0137iem. Neatkar\u012bgi no t\u0101, vai jums ir Ragdoll, Norv\u0113\u0123u me\u017eacats vai parasts m\u0101jas ka\u0137is \u2013 katrs ka\u0137is jut\u012bsies k\u0101 m\u0101j\u0101s \u0161aj\u0101 skr\u0101pju kok\u0101. Taj\u0101 ir XXL izm\u0113ra gu\u013camistaba miegainiem ka\u0137iem, atp\u016btas grozs ar lab\u0101ko skatu un \u0161\u016bpulis vid\u0113j\u0101 augstum\u0101 \u0113rtai atp\u016btai. Pateicoties pak\u0101pieniem un platform\u0101m, \u0161is k\u0101p\u0161anas koks ir piem\u0113rots ar\u012b vec\u0101kiem ka\u0137iem vai ka\u0137iem, kas nav sp\u0113c\u012bgi k\u0101p\u0113ji vai l\u0113c\u0113ji. Izm\u0113ri: Garums 80 cm, Platums 62 cm, Augstums 170 cm     Piem\u0113rots lieliem un smagiem ka\u0137iem    Piem\u0113rots ar\u012b vec\u0101kiem un akt\u012bviem ka\u0137iem    Spilveni un \u0161\u016bpulis ir ma\u0161\u012bnapmazg\u0101jami   Produkts tiek pieg\u0101d\u0101ts pirc\u0113jam 3 iepakojumos un sver 43,2 kg.","og_url":"https:\/\/miumjau.ee\/lv\/produkts\/petrebels-estate-170-kapsanas-koks-kakiem-balts\/","og_site_name":"MiuMjau","article_publisher":"https:\/\/www.facebook.com\/miumjaupood\/","og_image":[{"width":600,"height":800,"url":"https:\/\/miumjau.ee\/wp-content\/uploads\/2026\/03\/petrebels-estate-ronimispuu-valge3.jpg","type":"image\/jpeg"}],"twitter_card":"summary_large_image","schema":{"@context":"https:\/\/schema.org","@graph":[{"@type":"WebPage","@id":"https:\/\/miumjau.ee\/lv\/produkts\/petrebels-estate-170-kapsanas-koks-kakiem-balts\/","url":"https:\/\/miumjau.ee\/lv\/produkts\/petrebels-estate-170-kapsanas-koks-kakiem-balts\/","name":"Petrebels Estate 170 k\u0101p\u0161anas koks ka\u0137iem, balts - MiuMjau","isPartOf":{"@id":"https:\/\/miumjau.ee\/#website"},"primaryImageOfPage":{"@id":"https:\/\/miumjau.ee\/lv\/produkts\/petrebels-estate-170-kapsanas-koks-kakiem-balts\/#primaryimage"},"image":{"@id":"https:\/\/miumjau.ee\/lv\/produkts\/petrebels-estate-170-kapsanas-koks-kakiem-balts\/#primaryimage"},"thumbnailUrl":"https:\/\/miumjau.ee\/wp-content\/uploads\/2026\/03\/petrebels-estate-ronimispuu-valge3.jpg","datePublished":"2026-03-10T06:40:48+00:00","breadcrumb":{"@id":"https:\/\/miumjau.ee\/lv\/produkts\/petrebels-estate-170-kapsanas-koks-kakiem-balts\/#breadcrumb"},"inLanguage":"lv-LV","potentialAction":[{"@type":"ReadAction","target":["https:\/\/miumjau.ee\/lv\/produkts\/petrebels-estate-170-kapsanas-koks-kakiem-balts\/"]}]},{"@type":"ImageObject","inLanguage":"lv-LV","@id":"https:\/\/miumjau.ee\/lv\/produkts\/petrebels-estate-170-kapsanas-koks-kakiem-balts\/#primaryimage","url":"https:\/\/miumjau.ee\/wp-content\/uploads\/2026\/03\/petrebels-estate-ronimispuu-valge3.jpg","contentUrl":"https:\/\/miumjau.ee\/wp-content\/uploads\/2026\/03\/petrebels-estate-ronimispuu-valge3.jpg","width":600,"height":800,"caption":"Ronimispuu kassidele Petrebels Estate 170, valge"},{"@type":"BreadcrumbList","@id":"https:\/\/miumjau.ee\/lv\/produkts\/petrebels-estate-170-kapsanas-koks-kakiem-balts\/#breadcrumb","itemListElement":[{"@type":"ListItem","position":1,"name":"Home","item":"https:\/\/miumjau.ee\/lv\/"},{"@type":"ListItem","position":2,"name":"Veikals","item":"https:\/\/miumjau.ee\/lv\/veikals\/"},{"@type":"ListItem","position":3,"name":"Petrebels Estate 170 k\u0101p\u0161anas koks ka\u0137iem, balts"}]},{"@type":"WebSite","@id":"https:\/\/miumjau.ee\/#website","url":"https:\/\/miumjau.ee\/","name":"MiuMjau","description":"Kraapimispuud kassidele","publisher":{"@id":"https:\/\/miumjau.ee\/#organization"},"potentialAction":[{"@type":"SearchAction","target":{"@type":"EntryPoint","urlTemplate":"https:\/\/miumjau.ee\/?s={search_term_string}"},"query-input":{"@type":"PropertyValueSpecification","valueRequired":true,"valueName":"search_term_string"}}],"inLanguage":"lv-LV"},{"@type":"Organization","@id":"https:\/\/miumjau.ee\/#organization","name":"MiuMjau O\u00dc","url":"https:\/\/miumjau.ee\/","logo":{"@type":"ImageObject","inLanguage":"lv-LV","@id":"https:\/\/miumjau.ee\/#\/schema\/logo\/image\/","url":"https:\/\/miumjau.ee\/wp-content\/uploads\/2022\/04\/MiuMjau-logo-kollane.png","contentUrl":"https:\/\/miumjau.ee\/wp-content\/uploads\/2022\/04\/MiuMjau-logo-kollane.png","width":219,"height":100,"caption":"MiuMjau O\u00dc"},"image":{"@id":"https:\/\/miumjau.ee\/#\/schema\/logo\/image\/"},"sameAs":["https:\/\/www.facebook.com\/miumjaupood\/"]}]}},"_links":{"self":[{"href":"https:\/\/miumjau.ee\/lv\/wp-json\/wp\/v2\/product\/55126","targetHints":{"allow":["GET"]}}],"collection":[{"href":"https:\/\/miumjau.ee\/lv\/wp-json\/wp\/v2\/product"}],"about":[{"href":"https:\/\/miumjau.ee\/lv\/wp-json\/wp\/v2\/types\/product"}],"wp:featuredmedia":[{"embeddable":true,"href":"https:\/\/miumjau.ee\/lv\/wp-json\/wp\/v2\/media\/54522"}],"wp:attachment":[{"href":"https:\/\/miumjau.ee\/lv\/wp-json\/wp\/v2\/media?parent=55126"}],"wp:term":[{"taxonomy":"product_brand","embeddable":true,"href":"https:\/\/miumjau.ee\/lv\/wp-json\/wp\/v2\/product_brand?post=55126"},{"taxonomy":"product_cat","embeddable":true,"href":"https:\/\/miumjau.ee\/lv\/wp-json\/wp\/v2\/product_cat?post=55126"},{"taxonomy":"product_tag","embeddable":true,"href":"https:\/\/miumjau.ee\/lv\/wp-json\/wp\/v2\/product_tag?post=55126"}],"curies":[{"name":"wp","href":"https:\/\/api.w.org\/{rel}","templated":true}]}}