{"id":55121,"date":"2026-03-10T09:59:05","date_gmt":"2026-03-10T07:59:05","guid":{"rendered":"https:\/\/miumjau.ee\/toode\/ibero-natural-trusa-stremeles-suniem-15-gab\/"},"modified":"2026-03-10T09:59:05","modified_gmt":"2026-03-10T07:59:05","slug":"ibero-natural-trusa-stremeles-suniem-15-gab","status":"publish","type":"product","link":"https:\/\/miumjau.ee\/lv\/produkts\/ibero-natural-trusa-stremeles-suniem-15-gab\/","title":{"rendered":"Ibero Natural tru\u0161a str\u0113meles su\u0146iem, 15 gab."},"content":{"rendered":"","protected":false},"excerpt":{"rendered":"<p data-start=\"3638\" data-end=\"3658\">Papildbar\u012bba su\u0146iem.<\/p>\n<p data-start=\"3660\" data-end=\"3751\"><strong data-start=\"3660\" data-end=\"3672\">Sast\u0101vs:<\/strong> Ga\u013ca un dz\u012bvnieku izcelsmes produkti (tru\u0161a ga\u013ca) 98 %, bar\u012bbas glicer\u012bns 2 %.<\/p>\n<p data-start=\"3753\" data-end=\"3866\"><strong data-start=\"3753\" data-end=\"3781\">Anal\u012btisk\u0101s sast\u0101vda\u013cas:<\/strong> Olbaltumvielas 41,9 %, tauki 24,3 %, pelni 19,07 %, \u0161\u0137iedrvielas 2,2 %, mitrums 8 %.<\/p>\n<p data-start=\"3868\" data-end=\"4100\">Dod k\u0101 gardumu sp\u0113les vai treni\u0146a laik\u0101, piel\u0101gojot daudzumu p\u0113c nepiecie\u0161am\u012bbas. Vienm\u0113r nodro\u0161in\u0101t su\u0146iem pietiekamu dzeram\u0101 \u016bdens daudzumu. Glab\u0101t saus\u0101, v\u0113s\u0101 viet\u0101. Partijas numurs un lab\u0101kais l\u012bdz datums nor\u0101d\u012bts uz iepakojuma.<\/p>\n<p data-start=\"4102\" data-end=\"4277\"><strong data-start=\"4102\" data-end=\"4134\">K\u0101p\u0113c izv\u0113l\u0113ties \u0161o gardumu?<\/strong><br data-start=\"4134\" data-end=\"4137\" \/>\ud83d\udc07 <strong data-start=\"4140\" data-end=\"4171\">1. \u013boti augsts ga\u013cas saturs<\/strong><br data-start=\"4171\" data-end=\"4174\" \/>Gardums satur 98 % tru\u0161a ga\u013cas, nodro\u0161inot augstas kvalit\u0101tes dz\u012bvnieku olbaltumvielas, kas atbalsta:<\/p>\n<ul data-start=\"4278\" data-end=\"4350\">\n<li data-section-id=\"1kk7ihx\" data-start=\"4278\" data-end=\"4299\">\n<p data-start=\"4280\" data-end=\"4299\">musku\u013cu att\u012bst\u012bbu<\/p>\n<\/li>\n<li data-section-id=\"efl7st\" data-start=\"4300\" data-end=\"4326\">\n<p data-start=\"4302\" data-end=\"4326\">ener\u0123iju un vitalit\u0101ti<\/p>\n<\/li>\n<li data-section-id=\"1gs5ywn\" data-start=\"4327\" data-end=\"4350\">\n<p data-start=\"4329\" data-end=\"4350\">dabisku su\u0146u uzturu<\/p>\n<\/li>\n<\/ul>\n<p data-start=\"4352\" data-end=\"4473\">\ud83c\udf3f <strong data-start=\"4355\" data-end=\"4387\">2. Vienk\u0101r\u0161s un t\u012brs sast\u0101vs<\/strong><br data-start=\"4387\" data-end=\"4390\" \/>Sast\u0101vs ir \u013coti \u012bss \u2013 tikai tru\u0161a ga\u013ca un neliels daudzums glicer\u012bna. Tas noz\u012bm\u0113:<\/p>\n<ul data-start=\"4474\" data-end=\"4577\">\n<li data-section-id=\"luwkre\" data-start=\"4474\" data-end=\"4503\">\n<p data-start=\"4476\" data-end=\"4503\">maz\u0101k nevajadz\u012bgu piedevu<\/p>\n<\/li>\n<li data-section-id=\"1p4323f\" data-start=\"4504\" data-end=\"4530\">\n<p data-start=\"4506\" data-end=\"4530\">zem\u0101ks aler\u0123ijas risks<\/p>\n<\/li>\n<li data-section-id=\"7p12ho\" data-start=\"4531\" data-end=\"4577\">\n<p data-start=\"4533\" data-end=\"4577\">lab\u0101k piem\u0113rots su\u0146iem ar jut\u012bgu gremo\u0161anu<\/p>\n<\/li>\n<\/ul>\n<p data-start=\"4579\" data-end=\"4658\">\ud83d\udcaa <strong data-start=\"4582\" data-end=\"4621\">3. \u013boti augsts olbaltumvielu saturs<\/strong><br data-start=\"4621\" data-end=\"4624\" \/>Satur 41,9 % olbaltumvielu, kas:<\/p>\n<ul data-start=\"4659\" data-end=\"4773\">\n<li data-section-id=\"1413hal\" data-start=\"4659\" data-end=\"4690\">\n<p data-start=\"4661\" data-end=\"4690\">pal\u012bdz uztur\u0113t musku\u013cu masu<\/p>\n<\/li>\n<li data-section-id=\"1qgb18a\" data-start=\"4691\" data-end=\"4736\">\n<p data-start=\"4693\" data-end=\"4736\">atbalsta akt\u012bvo su\u0146u ener\u0123ijas vajadz\u012bbas<\/p>\n<\/li>\n<li data-section-id=\"1frxg7c\" data-start=\"4737\" data-end=\"4773\">\n<p data-start=\"4739\" data-end=\"4773\">labi piem\u0113rots treni\u0146u gardumiem<\/p>\n<\/li>\n<\/ul>\n<p data-start=\"4775\" data-end=\"4858\">\ud83e\uddb7 <strong data-start=\"4778\" data-end=\"4814\">4. Ko\u0161\u013c\u0101\u0161anai veicino\u0161a tekst\u016bra<\/strong><br data-start=\"4814\" data-end=\"4817\" \/>Str\u0113meles forma liek sunim ko\u0161\u013c\u0101t, kas:<\/p>\n<ul data-start=\"4859\" data-end=\"4940\">\n<li data-section-id=\"1ccfvvb\" data-start=\"4859\" data-end=\"4883\">\n<p data-start=\"4861\" data-end=\"4883\">nodro\u0161ina aktivit\u0101ti<\/p>\n<\/li>\n<li data-section-id=\"1iviwus\" data-start=\"4884\" data-end=\"4916\">\n<p data-start=\"4886\" data-end=\"4916\">pal\u012bdz meh\u0101niski t\u012br\u012bt zobus<\/p>\n<\/li>\n<li data-section-id=\"14w8xph\" data-start=\"4917\" data-end=\"4940\">\n<p data-start=\"4919\" data-end=\"4940\">samazina garlaic\u012bbu<\/p>\n<\/li>\n<\/ul>\n<p data-start=\"4942\" data-end=\"4993\">\ud83d\udc15 <strong data-start=\"4945\" data-end=\"4968\">5. Ide\u0101li treni\u0146iem<\/strong><br data-start=\"4968\" data-end=\"4971\" \/>Str\u0113meles ir viegli:<\/p>\n<ul data-start=\"4994\" data-end=\"5072\">\n<li data-section-id=\"1sd6is\" data-start=\"4994\" data-end=\"5021\">\n<p data-start=\"4996\" data-end=\"5021\">lauzt maz\u0101kos gabali\u0146os<\/p>\n<\/li>\n<li data-section-id=\"1o20bdh\" data-start=\"5022\" data-end=\"5072\">\n<p data-start=\"5024\" data-end=\"5072\">izmantot k\u0101 atl\u012bdz\u012bbu sp\u0113les vai treni\u0146a laik\u0101<\/p>\n<\/li>\n<\/ul>\n<p data-start=\"5074\" data-end=\"5135\">\ud83c\udf1f <strong data-start=\"5077\" data-end=\"5116\">6. Tru\u0161a ga\u013ca ir viegli sagremojama<\/strong><br data-start=\"5116\" data-end=\"5119\" \/>Tru\u0161a ga\u013ca ir:<\/p>\n<ul data-start=\"5136\" data-end=\"5258\">\n<li data-section-id=\"1yn16k3\" data-start=\"5136\" data-end=\"5187\">\n<p data-start=\"5138\" data-end=\"5187\">maiga un viegli sagremojama olbaltumvielu avots<\/p>\n<\/li>\n<li data-section-id=\"16e44r3\" data-start=\"5188\" data-end=\"5258\">\n<p data-start=\"5190\" data-end=\"5258\">bie\u017ei piem\u0113rota ar\u012b su\u0146iem ar p\u0101rtikas aler\u0123ij\u0101m vai jut\u012bgu v\u0113deru<\/p>\n<\/li>\n<\/ul>\n","protected":false},"featured_media":54557,"template":"","meta":[],"product_brand":[],"product_cat":[576],"product_tag":[],"class_list":{"0":"post-55121","1":"product","2":"type-product","3":"status-publish","4":"has-post-thumbnail","6":"product_cat-naski-suniem","8":"first","9":"instock","10":"sale","11":"taxable","12":"shipping-taxable","13":"purchasable","14":"product-type-simple"},"yoast_head":"<!-- This site is optimized with the Yoast SEO plugin v27.4 - https:\/\/yoast.com\/product\/yoast-seo-wordpress\/ -->\n<title>Ibero Natural tru\u0161a str\u0113meles su\u0146iem, 15 gab. - MiuMjau<\/title>\n<meta name=\"robots\" content=\"index, follow, max-snippet:-1, max-image-preview:large, max-video-preview:-1\" \/>\n<link rel=\"canonical\" href=\"https:\/\/miumjau.ee\/lv\/produkts\/ibero-natural-trusa-stremeles-suniem-15-gab\/\" \/>\n<meta property=\"og:locale\" content=\"lv_LV\" \/>\n<meta property=\"og:type\" content=\"article\" \/>\n<meta property=\"og:title\" content=\"Ibero Natural tru\u0161a str\u0113meles su\u0146iem, 15 gab. - MiuMjau\" \/>\n<meta property=\"og:description\" content=\"Papildbar\u012bba su\u0146iem. Sast\u0101vs: Ga\u013ca un dz\u012bvnieku izcelsmes produkti (tru\u0161a ga\u013ca) 98 %, bar\u012bbas glicer\u012bns 2 %. Anal\u012btisk\u0101s sast\u0101vda\u013cas: Olbaltumvielas 41,9 %, tauki 24,3 %, pelni 19,07 %, \u0161\u0137iedrvielas 2,2 %, mitrums 8 %. Dod k\u0101 gardumu sp\u0113les vai treni\u0146a laik\u0101, piel\u0101gojot daudzumu p\u0113c nepiecie\u0161am\u012bbas. Vienm\u0113r nodro\u0161in\u0101t su\u0146iem pietiekamu dzeram\u0101 \u016bdens daudzumu. Glab\u0101t saus\u0101, v\u0113s\u0101 viet\u0101. Partijas numurs un lab\u0101kais l\u012bdz datums nor\u0101d\u012bts uz iepakojuma. K\u0101p\u0113c izv\u0113l\u0113ties \u0161o gardumu?\ud83d\udc07 1. \u013boti augsts ga\u013cas satursGardums satur 98 % tru\u0161a ga\u013cas, nodro\u0161inot augstas kvalit\u0101tes dz\u012bvnieku olbaltumvielas, kas atbalsta:     musku\u013cu att\u012bst\u012bbu    ener\u0123iju un vitalit\u0101ti    dabisku su\u0146u uzturu   \ud83c\udf3f 2. Vienk\u0101r\u0161s un t\u012brs sast\u0101vsSast\u0101vs ir \u013coti \u012bss \u2013 tikai tru\u0161a ga\u013ca un neliels daudzums glicer\u012bna. Tas noz\u012bm\u0113:     maz\u0101k nevajadz\u012bgu piedevu    zem\u0101ks aler\u0123ijas risks    lab\u0101k piem\u0113rots su\u0146iem ar jut\u012bgu gremo\u0161anu   \ud83d\udcaa 3. \u013boti augsts olbaltumvielu satursSatur 41,9 % olbaltumvielu, kas:     pal\u012bdz uztur\u0113t musku\u013cu masu    atbalsta akt\u012bvo su\u0146u ener\u0123ijas vajadz\u012bbas    labi piem\u0113rots treni\u0146u gardumiem   \ud83e\uddb7 4. Ko\u0161\u013c\u0101\u0161anai veicino\u0161a tekst\u016braStr\u0113meles forma liek sunim ko\u0161\u013c\u0101t, kas:     nodro\u0161ina aktivit\u0101ti    pal\u012bdz meh\u0101niski t\u012br\u012bt zobus    samazina garlaic\u012bbu   \ud83d\udc15 5. Ide\u0101li treni\u0146iemStr\u0113meles ir viegli:     lauzt maz\u0101kos gabali\u0146os    izmantot k\u0101 atl\u012bdz\u012bbu sp\u0113les vai treni\u0146a laik\u0101   \ud83c\udf1f 6. Tru\u0161a ga\u013ca ir viegli sagremojamaTru\u0161a ga\u013ca ir:     maiga un viegli sagremojama olbaltumvielu avots    bie\u017ei piem\u0113rota ar\u012b su\u0146iem ar p\u0101rtikas aler\u0123ij\u0101m vai jut\u012bgu v\u0113deru\" \/>\n<meta property=\"og:url\" content=\"https:\/\/miumjau.ee\/lv\/produkts\/ibero-natural-trusa-stremeles-suniem-15-gab\/\" \/>\n<meta property=\"og:site_name\" content=\"MiuMjau\" \/>\n<meta property=\"article:publisher\" content=\"https:\/\/www.facebook.com\/miumjaupood\/\" \/>\n<meta property=\"og:image\" content=\"https:\/\/miumjau.ee\/wp-content\/uploads\/2026\/03\/ibero-rabbit-stripes-15tk.jpg\" \/>\n\t<meta property=\"og:image:width\" content=\"600\" \/>\n\t<meta property=\"og:image:height\" content=\"800\" \/>\n\t<meta property=\"og:image:type\" content=\"image\/jpeg\" \/>\n<meta name=\"twitter:card\" content=\"summary_large_image\" \/>\n<script type=\"application\/ld+json\" class=\"yoast-schema-graph\">{\"@context\":\"https:\\\/\\\/schema.org\",\"@graph\":[{\"@type\":\"WebPage\",\"@id\":\"https:\\\/\\\/miumjau.ee\\\/lv\\\/produkts\\\/ibero-natural-trusa-stremeles-suniem-15-gab\\\/\",\"url\":\"https:\\\/\\\/miumjau.ee\\\/lv\\\/produkts\\\/ibero-natural-trusa-stremeles-suniem-15-gab\\\/\",\"name\":\"Ibero Natural tru\u0161a str\u0113meles su\u0146iem, 15 gab. - MiuMjau\",\"isPartOf\":{\"@id\":\"https:\\\/\\\/miumjau.ee\\\/#website\"},\"primaryImageOfPage\":{\"@id\":\"https:\\\/\\\/miumjau.ee\\\/lv\\\/produkts\\\/ibero-natural-trusa-stremeles-suniem-15-gab\\\/#primaryimage\"},\"image\":{\"@id\":\"https:\\\/\\\/miumjau.ee\\\/lv\\\/produkts\\\/ibero-natural-trusa-stremeles-suniem-15-gab\\\/#primaryimage\"},\"thumbnailUrl\":\"https:\\\/\\\/miumjau.ee\\\/wp-content\\\/uploads\\\/2026\\\/03\\\/ibero-rabbit-stripes-15tk.jpg\",\"datePublished\":\"2026-03-10T07:59:05+00:00\",\"breadcrumb\":{\"@id\":\"https:\\\/\\\/miumjau.ee\\\/lv\\\/produkts\\\/ibero-natural-trusa-stremeles-suniem-15-gab\\\/#breadcrumb\"},\"inLanguage\":\"lv-LV\",\"potentialAction\":[{\"@type\":\"ReadAction\",\"target\":[\"https:\\\/\\\/miumjau.ee\\\/lv\\\/produkts\\\/ibero-natural-trusa-stremeles-suniem-15-gab\\\/\"]}]},{\"@type\":\"ImageObject\",\"inLanguage\":\"lv-LV\",\"@id\":\"https:\\\/\\\/miumjau.ee\\\/lv\\\/produkts\\\/ibero-natural-trusa-stremeles-suniem-15-gab\\\/#primaryimage\",\"url\":\"https:\\\/\\\/miumjau.ee\\\/wp-content\\\/uploads\\\/2026\\\/03\\\/ibero-rabbit-stripes-15tk.jpg\",\"contentUrl\":\"https:\\\/\\\/miumjau.ee\\\/wp-content\\\/uploads\\\/2026\\\/03\\\/ibero-rabbit-stripes-15tk.jpg\",\"width\":600,\"height\":800,\"caption\":\"Ibero k\u00fc\u00fclikuribad koertele, 15tk\"},{\"@type\":\"BreadcrumbList\",\"@id\":\"https:\\\/\\\/miumjau.ee\\\/lv\\\/produkts\\\/ibero-natural-trusa-stremeles-suniem-15-gab\\\/#breadcrumb\",\"itemListElement\":[{\"@type\":\"ListItem\",\"position\":1,\"name\":\"Home\",\"item\":\"https:\\\/\\\/miumjau.ee\\\/lv\\\/\"},{\"@type\":\"ListItem\",\"position\":2,\"name\":\"Veikals\",\"item\":\"https:\\\/\\\/miumjau.ee\\\/lv\\\/veikals\\\/\"},{\"@type\":\"ListItem\",\"position\":3,\"name\":\"Ibero Natural tru\u0161a str\u0113meles su\u0146iem, 15 gab.\"}]},{\"@type\":\"WebSite\",\"@id\":\"https:\\\/\\\/miumjau.ee\\\/#website\",\"url\":\"https:\\\/\\\/miumjau.ee\\\/\",\"name\":\"MiuMjau\",\"description\":\"Kraapimispuud kassidele\",\"publisher\":{\"@id\":\"https:\\\/\\\/miumjau.ee\\\/#organization\"},\"potentialAction\":[{\"@type\":\"SearchAction\",\"target\":{\"@type\":\"EntryPoint\",\"urlTemplate\":\"https:\\\/\\\/miumjau.ee\\\/?s={search_term_string}\"},\"query-input\":{\"@type\":\"PropertyValueSpecification\",\"valueRequired\":true,\"valueName\":\"search_term_string\"}}],\"inLanguage\":\"lv-LV\"},{\"@type\":\"Organization\",\"@id\":\"https:\\\/\\\/miumjau.ee\\\/#organization\",\"name\":\"MiuMjau O\u00dc\",\"url\":\"https:\\\/\\\/miumjau.ee\\\/\",\"logo\":{\"@type\":\"ImageObject\",\"inLanguage\":\"lv-LV\",\"@id\":\"https:\\\/\\\/miumjau.ee\\\/#\\\/schema\\\/logo\\\/image\\\/\",\"url\":\"https:\\\/\\\/miumjau.ee\\\/wp-content\\\/uploads\\\/2022\\\/04\\\/MiuMjau-logo-kollane.png\",\"contentUrl\":\"https:\\\/\\\/miumjau.ee\\\/wp-content\\\/uploads\\\/2022\\\/04\\\/MiuMjau-logo-kollane.png\",\"width\":219,\"height\":100,\"caption\":\"MiuMjau O\u00dc\"},\"image\":{\"@id\":\"https:\\\/\\\/miumjau.ee\\\/#\\\/schema\\\/logo\\\/image\\\/\"},\"sameAs\":[\"https:\\\/\\\/www.facebook.com\\\/miumjaupood\\\/\"]}]}<\/script>\n<!-- \/ Yoast SEO plugin. -->","yoast_head_json":{"title":"Ibero Natural tru\u0161a str\u0113meles su\u0146iem, 15 gab. - MiuMjau","robots":{"index":"index","follow":"follow","max-snippet":"max-snippet:-1","max-image-preview":"max-image-preview:large","max-video-preview":"max-video-preview:-1"},"canonical":"https:\/\/miumjau.ee\/lv\/produkts\/ibero-natural-trusa-stremeles-suniem-15-gab\/","og_locale":"lv_LV","og_type":"article","og_title":"Ibero Natural tru\u0161a str\u0113meles su\u0146iem, 15 gab. - MiuMjau","og_description":"Papildbar\u012bba su\u0146iem. Sast\u0101vs: Ga\u013ca un dz\u012bvnieku izcelsmes produkti (tru\u0161a ga\u013ca) 98 %, bar\u012bbas glicer\u012bns 2 %. Anal\u012btisk\u0101s sast\u0101vda\u013cas: Olbaltumvielas 41,9 %, tauki 24,3 %, pelni 19,07 %, \u0161\u0137iedrvielas 2,2 %, mitrums 8 %. Dod k\u0101 gardumu sp\u0113les vai treni\u0146a laik\u0101, piel\u0101gojot daudzumu p\u0113c nepiecie\u0161am\u012bbas. Vienm\u0113r nodro\u0161in\u0101t su\u0146iem pietiekamu dzeram\u0101 \u016bdens daudzumu. Glab\u0101t saus\u0101, v\u0113s\u0101 viet\u0101. Partijas numurs un lab\u0101kais l\u012bdz datums nor\u0101d\u012bts uz iepakojuma. K\u0101p\u0113c izv\u0113l\u0113ties \u0161o gardumu?\ud83d\udc07 1. \u013boti augsts ga\u013cas satursGardums satur 98 % tru\u0161a ga\u013cas, nodro\u0161inot augstas kvalit\u0101tes dz\u012bvnieku olbaltumvielas, kas atbalsta:     musku\u013cu att\u012bst\u012bbu    ener\u0123iju un vitalit\u0101ti    dabisku su\u0146u uzturu   \ud83c\udf3f 2. Vienk\u0101r\u0161s un t\u012brs sast\u0101vsSast\u0101vs ir \u013coti \u012bss \u2013 tikai tru\u0161a ga\u013ca un neliels daudzums glicer\u012bna. Tas noz\u012bm\u0113:     maz\u0101k nevajadz\u012bgu piedevu    zem\u0101ks aler\u0123ijas risks    lab\u0101k piem\u0113rots su\u0146iem ar jut\u012bgu gremo\u0161anu   \ud83d\udcaa 3. \u013boti augsts olbaltumvielu satursSatur 41,9 % olbaltumvielu, kas:     pal\u012bdz uztur\u0113t musku\u013cu masu    atbalsta akt\u012bvo su\u0146u ener\u0123ijas vajadz\u012bbas    labi piem\u0113rots treni\u0146u gardumiem   \ud83e\uddb7 4. Ko\u0161\u013c\u0101\u0161anai veicino\u0161a tekst\u016braStr\u0113meles forma liek sunim ko\u0161\u013c\u0101t, kas:     nodro\u0161ina aktivit\u0101ti    pal\u012bdz meh\u0101niski t\u012br\u012bt zobus    samazina garlaic\u012bbu   \ud83d\udc15 5. Ide\u0101li treni\u0146iemStr\u0113meles ir viegli:     lauzt maz\u0101kos gabali\u0146os    izmantot k\u0101 atl\u012bdz\u012bbu sp\u0113les vai treni\u0146a laik\u0101   \ud83c\udf1f 6. Tru\u0161a ga\u013ca ir viegli sagremojamaTru\u0161a ga\u013ca ir:     maiga un viegli sagremojama olbaltumvielu avots    bie\u017ei piem\u0113rota ar\u012b su\u0146iem ar p\u0101rtikas aler\u0123ij\u0101m vai jut\u012bgu v\u0113deru","og_url":"https:\/\/miumjau.ee\/lv\/produkts\/ibero-natural-trusa-stremeles-suniem-15-gab\/","og_site_name":"MiuMjau","article_publisher":"https:\/\/www.facebook.com\/miumjaupood\/","og_image":[{"width":600,"height":800,"url":"https:\/\/miumjau.ee\/wp-content\/uploads\/2026\/03\/ibero-rabbit-stripes-15tk.jpg","type":"image\/jpeg"}],"twitter_card":"summary_large_image","schema":{"@context":"https:\/\/schema.org","@graph":[{"@type":"WebPage","@id":"https:\/\/miumjau.ee\/lv\/produkts\/ibero-natural-trusa-stremeles-suniem-15-gab\/","url":"https:\/\/miumjau.ee\/lv\/produkts\/ibero-natural-trusa-stremeles-suniem-15-gab\/","name":"Ibero Natural tru\u0161a str\u0113meles su\u0146iem, 15 gab. - MiuMjau","isPartOf":{"@id":"https:\/\/miumjau.ee\/#website"},"primaryImageOfPage":{"@id":"https:\/\/miumjau.ee\/lv\/produkts\/ibero-natural-trusa-stremeles-suniem-15-gab\/#primaryimage"},"image":{"@id":"https:\/\/miumjau.ee\/lv\/produkts\/ibero-natural-trusa-stremeles-suniem-15-gab\/#primaryimage"},"thumbnailUrl":"https:\/\/miumjau.ee\/wp-content\/uploads\/2026\/03\/ibero-rabbit-stripes-15tk.jpg","datePublished":"2026-03-10T07:59:05+00:00","breadcrumb":{"@id":"https:\/\/miumjau.ee\/lv\/produkts\/ibero-natural-trusa-stremeles-suniem-15-gab\/#breadcrumb"},"inLanguage":"lv-LV","potentialAction":[{"@type":"ReadAction","target":["https:\/\/miumjau.ee\/lv\/produkts\/ibero-natural-trusa-stremeles-suniem-15-gab\/"]}]},{"@type":"ImageObject","inLanguage":"lv-LV","@id":"https:\/\/miumjau.ee\/lv\/produkts\/ibero-natural-trusa-stremeles-suniem-15-gab\/#primaryimage","url":"https:\/\/miumjau.ee\/wp-content\/uploads\/2026\/03\/ibero-rabbit-stripes-15tk.jpg","contentUrl":"https:\/\/miumjau.ee\/wp-content\/uploads\/2026\/03\/ibero-rabbit-stripes-15tk.jpg","width":600,"height":800,"caption":"Ibero k\u00fc\u00fclikuribad koertele, 15tk"},{"@type":"BreadcrumbList","@id":"https:\/\/miumjau.ee\/lv\/produkts\/ibero-natural-trusa-stremeles-suniem-15-gab\/#breadcrumb","itemListElement":[{"@type":"ListItem","position":1,"name":"Home","item":"https:\/\/miumjau.ee\/lv\/"},{"@type":"ListItem","position":2,"name":"Veikals","item":"https:\/\/miumjau.ee\/lv\/veikals\/"},{"@type":"ListItem","position":3,"name":"Ibero Natural tru\u0161a str\u0113meles su\u0146iem, 15 gab."}]},{"@type":"WebSite","@id":"https:\/\/miumjau.ee\/#website","url":"https:\/\/miumjau.ee\/","name":"MiuMjau","description":"Kraapimispuud kassidele","publisher":{"@id":"https:\/\/miumjau.ee\/#organization"},"potentialAction":[{"@type":"SearchAction","target":{"@type":"EntryPoint","urlTemplate":"https:\/\/miumjau.ee\/?s={search_term_string}"},"query-input":{"@type":"PropertyValueSpecification","valueRequired":true,"valueName":"search_term_string"}}],"inLanguage":"lv-LV"},{"@type":"Organization","@id":"https:\/\/miumjau.ee\/#organization","name":"MiuMjau O\u00dc","url":"https:\/\/miumjau.ee\/","logo":{"@type":"ImageObject","inLanguage":"lv-LV","@id":"https:\/\/miumjau.ee\/#\/schema\/logo\/image\/","url":"https:\/\/miumjau.ee\/wp-content\/uploads\/2022\/04\/MiuMjau-logo-kollane.png","contentUrl":"https:\/\/miumjau.ee\/wp-content\/uploads\/2022\/04\/MiuMjau-logo-kollane.png","width":219,"height":100,"caption":"MiuMjau O\u00dc"},"image":{"@id":"https:\/\/miumjau.ee\/#\/schema\/logo\/image\/"},"sameAs":["https:\/\/www.facebook.com\/miumjaupood\/"]}]}},"_links":{"self":[{"href":"https:\/\/miumjau.ee\/lv\/wp-json\/wp\/v2\/product\/55121","targetHints":{"allow":["GET"]}}],"collection":[{"href":"https:\/\/miumjau.ee\/lv\/wp-json\/wp\/v2\/product"}],"about":[{"href":"https:\/\/miumjau.ee\/lv\/wp-json\/wp\/v2\/types\/product"}],"wp:featuredmedia":[{"embeddable":true,"href":"https:\/\/miumjau.ee\/lv\/wp-json\/wp\/v2\/media\/54557"}],"wp:attachment":[{"href":"https:\/\/miumjau.ee\/lv\/wp-json\/wp\/v2\/media?parent=55121"}],"wp:term":[{"taxonomy":"product_brand","embeddable":true,"href":"https:\/\/miumjau.ee\/lv\/wp-json\/wp\/v2\/product_brand?post=55121"},{"taxonomy":"product_cat","embeddable":true,"href":"https:\/\/miumjau.ee\/lv\/wp-json\/wp\/v2\/product_cat?post=55121"},{"taxonomy":"product_tag","embeddable":true,"href":"https:\/\/miumjau.ee\/lv\/wp-json\/wp\/v2\/product_tag?post=55121"}],"curies":[{"name":"wp","href":"https:\/\/api.w.org\/{rel}","templated":true}]}}