{"id":55116,"date":"2026-03-10T10:50:47","date_gmt":"2026-03-10T08:50:47","guid":{"rendered":"https:\/\/miumjau.ee\/toode\/ibero-natural-auksti-preseta-bariba-junioriem-m-l-ar-jeru-2-kg\/"},"modified":"2026-03-10T10:50:47","modified_gmt":"2026-03-10T08:50:47","slug":"ibero-natural-auksti-preseta-bariba-junioriem-m-l-ar-jeru-2-kg","status":"publish","type":"product","link":"https:\/\/miumjau.ee\/lv\/produkts\/ibero-natural-auksti-preseta-bariba-junioriem-m-l-ar-jeru-2-kg\/","title":{"rendered":"Ibero Natural auksti pres\u0113ta bar\u012bba junioriem M\/L ar j\u0113ru, 2 kg"},"content":{"rendered":"","protected":false},"excerpt":{"rendered":"<p data-start=\"3231\" data-end=\"3442\">Pilnv\u0113rt\u012bga auksti pres\u0113ta bar\u012bba, kas satur visas nepiecie\u0161am\u0101s uzturvielas vid\u0113ju un lielu \u0161\u0137ir\u0146u jaunajiem su\u0146iem. Ra\u017eota zem\u0101 temperat\u016br\u0101, lai saglab\u0101tu dab\u012bg\u0101s uzturvielas \u2013 ide\u0101li piem\u0113rota aug\u0161anas posm\u0101.<\/p>\n<p data-start=\"3444\" data-end=\"3555\">\u0160\u012b bar\u012bba paredz\u0113ta vid\u0113ju un lielu \u0161\u0137ir\u0146u kuc\u0113niem un jauniem su\u0146iem. Taj\u0101 \u0146emtas v\u0113r\u0101 specifisk\u0101s vajadz\u012bbas:<\/p>\n<p data-start=\"3557\" data-end=\"3796\">Kontrol\u0113ts un viegli sagremojams prote\u012bna l\u012bmenis<br data-start=\"3606\" data-end=\"3609\" \/>Glikozam\u012bns un hondroit\u012bns loc\u012btav\u0101m<br data-start=\"3645\" data-end=\"3648\" \/>Beta-glik\u0101ni imunit\u0101tei<br data-start=\"3671\" data-end=\"3674\" \/>Nepies\u0101tin\u0101t\u0101s tauksk\u0101bes att\u012bst\u012bbai<br data-start=\"3710\" data-end=\"3713\" \/>Biot\u012bns un cinks \u0101dai un spalvai<br data-start=\"3745\" data-end=\"3748\" \/>Augsta koncentr\u0101cija \u2013 maz\u0101ks bar\u012bbas daudzums<\/p>\n<p data-start=\"3798\" data-end=\"4119\"><strong data-start=\"3798\" data-end=\"3810\">Sast\u0101vs:<\/strong> \u017d\u0101v\u0113ta j\u0113ra ga\u013ca (34%), \u017e\u0101v\u0113ti bat\u0101tes, \u017e\u0101v\u0113ti kartupe\u013ci, liellopu tauki (15%), r\u012bsu milti (8%), j\u0113ra aknas (5%), auzu p\u0101rslas (4%), \u017e\u0101v\u0113ts \u0137irbis (2%), kukur\u016bzas p\u0101rslas, \u017e\u0101v\u0113ti burk\u0101ni (1,2%), lins\u0113klas, cigori\u0146u ekstrakts, \u017e\u0101v\u0113ti augi, beta-glik\u0101ni, glikozam\u012bns, hondroit\u012bna sulf\u0101ts, vitam\u012bni un miner\u0101li.<\/p>\n<p data-start=\"4121\" data-end=\"4264\"><strong data-start=\"4121\" data-end=\"4146\">Anal\u012btiskais sast\u0101vs:<\/strong> Prote\u012bns 25%, tauki 14%, \u0161\u0137iedrvielas 3,4%, pelni 6,8%, kalcijs 1,3%, fosfors 0,95%, n\u0101trijs 0,15%, mitrums l\u012bdz 10%.<\/p>\n<p data-start=\"4266\" data-end=\"4457\"><strong data-start=\"4266\" data-end=\"4286\">Piedevas (1 kg):<\/strong> A vitam\u012bns 17 331 SV, D3 1 733 SV, E 173 mg, B1 5,09 mg, B2 9 mg, B6 6,9 mg, B12 0,07 mg, C 173 mg, niac\u012bns 43,1 mg, pantot\u0113nsk\u0101be 17,8 mg. Antioksidanti: augu ekstrakti.<\/p>\n<p data-start=\"4459\" data-end=\"4494\">Metabolisk\u0101 ener\u0123ija: 4 120 kcal\/kg<\/p>\n","protected":false},"featured_media":54607,"template":"","meta":[],"product_brand":[],"product_cat":[575],"product_tag":[],"class_list":{"0":"post-55116","1":"product","2":"type-product","3":"status-publish","4":"has-post-thumbnail","6":"product_cat-sausa-bariba-suniem","8":"first","9":"instock","10":"sale","11":"taxable","12":"shipping-taxable","13":"purchasable","14":"product-type-simple"},"yoast_head":"<!-- This site is optimized with the Yoast SEO plugin v27.4 - https:\/\/yoast.com\/product\/yoast-seo-wordpress\/ -->\n<title>Ibero Natural auksti pres\u0113ta bar\u012bba junioriem M\/L ar j\u0113ru, 2 kg - MiuMjau<\/title>\n<meta name=\"robots\" content=\"index, follow, max-snippet:-1, max-image-preview:large, max-video-preview:-1\" \/>\n<link rel=\"canonical\" href=\"https:\/\/miumjau.ee\/lv\/produkts\/ibero-natural-auksti-preseta-bariba-junioriem-m-l-ar-jeru-2-kg\/\" \/>\n<meta property=\"og:locale\" content=\"lv_LV\" \/>\n<meta property=\"og:type\" content=\"article\" \/>\n<meta property=\"og:title\" content=\"Ibero Natural auksti pres\u0113ta bar\u012bba junioriem M\/L ar j\u0113ru, 2 kg - MiuMjau\" \/>\n<meta property=\"og:description\" content=\"Pilnv\u0113rt\u012bga auksti pres\u0113ta bar\u012bba, kas satur visas nepiecie\u0161am\u0101s uzturvielas vid\u0113ju un lielu \u0161\u0137ir\u0146u jaunajiem su\u0146iem. Ra\u017eota zem\u0101 temperat\u016br\u0101, lai saglab\u0101tu dab\u012bg\u0101s uzturvielas \u2013 ide\u0101li piem\u0113rota aug\u0161anas posm\u0101. \u0160\u012b bar\u012bba paredz\u0113ta vid\u0113ju un lielu \u0161\u0137ir\u0146u kuc\u0113niem un jauniem su\u0146iem. Taj\u0101 \u0146emtas v\u0113r\u0101 specifisk\u0101s vajadz\u012bbas: Kontrol\u0113ts un viegli sagremojams prote\u012bna l\u012bmenisGlikozam\u012bns un hondroit\u012bns loc\u012btav\u0101mBeta-glik\u0101ni imunit\u0101teiNepies\u0101tin\u0101t\u0101s tauksk\u0101bes att\u012bst\u012bbaiBiot\u012bns un cinks \u0101dai un spalvaiAugsta koncentr\u0101cija \u2013 maz\u0101ks bar\u012bbas daudzums Sast\u0101vs: \u017d\u0101v\u0113ta j\u0113ra ga\u013ca (34%), \u017e\u0101v\u0113ti bat\u0101tes, \u017e\u0101v\u0113ti kartupe\u013ci, liellopu tauki (15%), r\u012bsu milti (8%), j\u0113ra aknas (5%), auzu p\u0101rslas (4%), \u017e\u0101v\u0113ts \u0137irbis (2%), kukur\u016bzas p\u0101rslas, \u017e\u0101v\u0113ti burk\u0101ni (1,2%), lins\u0113klas, cigori\u0146u ekstrakts, \u017e\u0101v\u0113ti augi, beta-glik\u0101ni, glikozam\u012bns, hondroit\u012bna sulf\u0101ts, vitam\u012bni un miner\u0101li. Anal\u012btiskais sast\u0101vs: Prote\u012bns 25%, tauki 14%, \u0161\u0137iedrvielas 3,4%, pelni 6,8%, kalcijs 1,3%, fosfors 0,95%, n\u0101trijs 0,15%, mitrums l\u012bdz 10%. Piedevas (1 kg): A vitam\u012bns 17 331 SV, D3 1 733 SV, E 173 mg, B1 5,09 mg, B2 9 mg, B6 6,9 mg, B12 0,07 mg, C 173 mg, niac\u012bns 43,1 mg, pantot\u0113nsk\u0101be 17,8 mg. Antioksidanti: augu ekstrakti. Metabolisk\u0101 ener\u0123ija: 4 120 kcal\/kg\" \/>\n<meta property=\"og:url\" content=\"https:\/\/miumjau.ee\/lv\/produkts\/ibero-natural-auksti-preseta-bariba-junioriem-m-l-ar-jeru-2-kg\/\" \/>\n<meta property=\"og:site_name\" content=\"MiuMjau\" \/>\n<meta property=\"article:publisher\" content=\"https:\/\/www.facebook.com\/miumjaupood\/\" \/>\n<meta property=\"og:image\" content=\"https:\/\/miumjau.ee\/wp-content\/uploads\/2026\/03\/ibero-koertele-kulmpress-ml-junior-lamb-2kg.jpg\" \/>\n\t<meta property=\"og:image:width\" content=\"600\" \/>\n\t<meta property=\"og:image:height\" content=\"800\" \/>\n\t<meta property=\"og:image:type\" content=\"image\/jpeg\" \/>\n<meta name=\"twitter:card\" content=\"summary_large_image\" \/>\n<script type=\"application\/ld+json\" class=\"yoast-schema-graph\">{\"@context\":\"https:\\\/\\\/schema.org\",\"@graph\":[{\"@type\":\"WebPage\",\"@id\":\"https:\\\/\\\/miumjau.ee\\\/lv\\\/produkts\\\/ibero-natural-auksti-preseta-bariba-junioriem-m-l-ar-jeru-2-kg\\\/\",\"url\":\"https:\\\/\\\/miumjau.ee\\\/lv\\\/produkts\\\/ibero-natural-auksti-preseta-bariba-junioriem-m-l-ar-jeru-2-kg\\\/\",\"name\":\"Ibero Natural auksti pres\u0113ta bar\u012bba junioriem M\\\/L ar j\u0113ru, 2 kg - MiuMjau\",\"isPartOf\":{\"@id\":\"https:\\\/\\\/miumjau.ee\\\/#website\"},\"primaryImageOfPage\":{\"@id\":\"https:\\\/\\\/miumjau.ee\\\/lv\\\/produkts\\\/ibero-natural-auksti-preseta-bariba-junioriem-m-l-ar-jeru-2-kg\\\/#primaryimage\"},\"image\":{\"@id\":\"https:\\\/\\\/miumjau.ee\\\/lv\\\/produkts\\\/ibero-natural-auksti-preseta-bariba-junioriem-m-l-ar-jeru-2-kg\\\/#primaryimage\"},\"thumbnailUrl\":\"https:\\\/\\\/miumjau.ee\\\/wp-content\\\/uploads\\\/2026\\\/03\\\/ibero-koertele-kulmpress-ml-junior-lamb-2kg.jpg\",\"datePublished\":\"2026-03-10T08:50:47+00:00\",\"breadcrumb\":{\"@id\":\"https:\\\/\\\/miumjau.ee\\\/lv\\\/produkts\\\/ibero-natural-auksti-preseta-bariba-junioriem-m-l-ar-jeru-2-kg\\\/#breadcrumb\"},\"inLanguage\":\"lv-LV\",\"potentialAction\":[{\"@type\":\"ReadAction\",\"target\":[\"https:\\\/\\\/miumjau.ee\\\/lv\\\/produkts\\\/ibero-natural-auksti-preseta-bariba-junioriem-m-l-ar-jeru-2-kg\\\/\"]}]},{\"@type\":\"ImageObject\",\"inLanguage\":\"lv-LV\",\"@id\":\"https:\\\/\\\/miumjau.ee\\\/lv\\\/produkts\\\/ibero-natural-auksti-preseta-bariba-junioriem-m-l-ar-jeru-2-kg\\\/#primaryimage\",\"url\":\"https:\\\/\\\/miumjau.ee\\\/wp-content\\\/uploads\\\/2026\\\/03\\\/ibero-koertele-kulmpress-ml-junior-lamb-2kg.jpg\",\"contentUrl\":\"https:\\\/\\\/miumjau.ee\\\/wp-content\\\/uploads\\\/2026\\\/03\\\/ibero-koertele-kulmpress-ml-junior-lamb-2kg.jpg\",\"width\":600,\"height\":800,\"caption\":\"Ibero Natural k\u00fclmpress juunior M\\\/L lambaga, 2kg\"},{\"@type\":\"BreadcrumbList\",\"@id\":\"https:\\\/\\\/miumjau.ee\\\/lv\\\/produkts\\\/ibero-natural-auksti-preseta-bariba-junioriem-m-l-ar-jeru-2-kg\\\/#breadcrumb\",\"itemListElement\":[{\"@type\":\"ListItem\",\"position\":1,\"name\":\"Home\",\"item\":\"https:\\\/\\\/miumjau.ee\\\/lv\\\/\"},{\"@type\":\"ListItem\",\"position\":2,\"name\":\"Veikals\",\"item\":\"https:\\\/\\\/miumjau.ee\\\/lv\\\/veikals\\\/\"},{\"@type\":\"ListItem\",\"position\":3,\"name\":\"Ibero Natural auksti pres\u0113ta bar\u012bba junioriem M\\\/L ar j\u0113ru, 2 kg\"}]},{\"@type\":\"WebSite\",\"@id\":\"https:\\\/\\\/miumjau.ee\\\/#website\",\"url\":\"https:\\\/\\\/miumjau.ee\\\/\",\"name\":\"MiuMjau\",\"description\":\"Kraapimispuud kassidele\",\"publisher\":{\"@id\":\"https:\\\/\\\/miumjau.ee\\\/#organization\"},\"potentialAction\":[{\"@type\":\"SearchAction\",\"target\":{\"@type\":\"EntryPoint\",\"urlTemplate\":\"https:\\\/\\\/miumjau.ee\\\/?s={search_term_string}\"},\"query-input\":{\"@type\":\"PropertyValueSpecification\",\"valueRequired\":true,\"valueName\":\"search_term_string\"}}],\"inLanguage\":\"lv-LV\"},{\"@type\":\"Organization\",\"@id\":\"https:\\\/\\\/miumjau.ee\\\/#organization\",\"name\":\"MiuMjau O\u00dc\",\"url\":\"https:\\\/\\\/miumjau.ee\\\/\",\"logo\":{\"@type\":\"ImageObject\",\"inLanguage\":\"lv-LV\",\"@id\":\"https:\\\/\\\/miumjau.ee\\\/#\\\/schema\\\/logo\\\/image\\\/\",\"url\":\"https:\\\/\\\/miumjau.ee\\\/wp-content\\\/uploads\\\/2022\\\/04\\\/MiuMjau-logo-kollane.png\",\"contentUrl\":\"https:\\\/\\\/miumjau.ee\\\/wp-content\\\/uploads\\\/2022\\\/04\\\/MiuMjau-logo-kollane.png\",\"width\":219,\"height\":100,\"caption\":\"MiuMjau O\u00dc\"},\"image\":{\"@id\":\"https:\\\/\\\/miumjau.ee\\\/#\\\/schema\\\/logo\\\/image\\\/\"},\"sameAs\":[\"https:\\\/\\\/www.facebook.com\\\/miumjaupood\\\/\"]}]}<\/script>\n<!-- \/ Yoast SEO plugin. -->","yoast_head_json":{"title":"Ibero Natural auksti pres\u0113ta bar\u012bba junioriem M\/L ar j\u0113ru, 2 kg - MiuMjau","robots":{"index":"index","follow":"follow","max-snippet":"max-snippet:-1","max-image-preview":"max-image-preview:large","max-video-preview":"max-video-preview:-1"},"canonical":"https:\/\/miumjau.ee\/lv\/produkts\/ibero-natural-auksti-preseta-bariba-junioriem-m-l-ar-jeru-2-kg\/","og_locale":"lv_LV","og_type":"article","og_title":"Ibero Natural auksti pres\u0113ta bar\u012bba junioriem M\/L ar j\u0113ru, 2 kg - MiuMjau","og_description":"Pilnv\u0113rt\u012bga auksti pres\u0113ta bar\u012bba, kas satur visas nepiecie\u0161am\u0101s uzturvielas vid\u0113ju un lielu \u0161\u0137ir\u0146u jaunajiem su\u0146iem. Ra\u017eota zem\u0101 temperat\u016br\u0101, lai saglab\u0101tu dab\u012bg\u0101s uzturvielas \u2013 ide\u0101li piem\u0113rota aug\u0161anas posm\u0101. \u0160\u012b bar\u012bba paredz\u0113ta vid\u0113ju un lielu \u0161\u0137ir\u0146u kuc\u0113niem un jauniem su\u0146iem. Taj\u0101 \u0146emtas v\u0113r\u0101 specifisk\u0101s vajadz\u012bbas: Kontrol\u0113ts un viegli sagremojams prote\u012bna l\u012bmenisGlikozam\u012bns un hondroit\u012bns loc\u012btav\u0101mBeta-glik\u0101ni imunit\u0101teiNepies\u0101tin\u0101t\u0101s tauksk\u0101bes att\u012bst\u012bbaiBiot\u012bns un cinks \u0101dai un spalvaiAugsta koncentr\u0101cija \u2013 maz\u0101ks bar\u012bbas daudzums Sast\u0101vs: \u017d\u0101v\u0113ta j\u0113ra ga\u013ca (34%), \u017e\u0101v\u0113ti bat\u0101tes, \u017e\u0101v\u0113ti kartupe\u013ci, liellopu tauki (15%), r\u012bsu milti (8%), j\u0113ra aknas (5%), auzu p\u0101rslas (4%), \u017e\u0101v\u0113ts \u0137irbis (2%), kukur\u016bzas p\u0101rslas, \u017e\u0101v\u0113ti burk\u0101ni (1,2%), lins\u0113klas, cigori\u0146u ekstrakts, \u017e\u0101v\u0113ti augi, beta-glik\u0101ni, glikozam\u012bns, hondroit\u012bna sulf\u0101ts, vitam\u012bni un miner\u0101li. Anal\u012btiskais sast\u0101vs: Prote\u012bns 25%, tauki 14%, \u0161\u0137iedrvielas 3,4%, pelni 6,8%, kalcijs 1,3%, fosfors 0,95%, n\u0101trijs 0,15%, mitrums l\u012bdz 10%. Piedevas (1 kg): A vitam\u012bns 17 331 SV, D3 1 733 SV, E 173 mg, B1 5,09 mg, B2 9 mg, B6 6,9 mg, B12 0,07 mg, C 173 mg, niac\u012bns 43,1 mg, pantot\u0113nsk\u0101be 17,8 mg. Antioksidanti: augu ekstrakti. Metabolisk\u0101 ener\u0123ija: 4 120 kcal\/kg","og_url":"https:\/\/miumjau.ee\/lv\/produkts\/ibero-natural-auksti-preseta-bariba-junioriem-m-l-ar-jeru-2-kg\/","og_site_name":"MiuMjau","article_publisher":"https:\/\/www.facebook.com\/miumjaupood\/","og_image":[{"width":600,"height":800,"url":"https:\/\/miumjau.ee\/wp-content\/uploads\/2026\/03\/ibero-koertele-kulmpress-ml-junior-lamb-2kg.jpg","type":"image\/jpeg"}],"twitter_card":"summary_large_image","schema":{"@context":"https:\/\/schema.org","@graph":[{"@type":"WebPage","@id":"https:\/\/miumjau.ee\/lv\/produkts\/ibero-natural-auksti-preseta-bariba-junioriem-m-l-ar-jeru-2-kg\/","url":"https:\/\/miumjau.ee\/lv\/produkts\/ibero-natural-auksti-preseta-bariba-junioriem-m-l-ar-jeru-2-kg\/","name":"Ibero Natural auksti pres\u0113ta bar\u012bba junioriem M\/L ar j\u0113ru, 2 kg - MiuMjau","isPartOf":{"@id":"https:\/\/miumjau.ee\/#website"},"primaryImageOfPage":{"@id":"https:\/\/miumjau.ee\/lv\/produkts\/ibero-natural-auksti-preseta-bariba-junioriem-m-l-ar-jeru-2-kg\/#primaryimage"},"image":{"@id":"https:\/\/miumjau.ee\/lv\/produkts\/ibero-natural-auksti-preseta-bariba-junioriem-m-l-ar-jeru-2-kg\/#primaryimage"},"thumbnailUrl":"https:\/\/miumjau.ee\/wp-content\/uploads\/2026\/03\/ibero-koertele-kulmpress-ml-junior-lamb-2kg.jpg","datePublished":"2026-03-10T08:50:47+00:00","breadcrumb":{"@id":"https:\/\/miumjau.ee\/lv\/produkts\/ibero-natural-auksti-preseta-bariba-junioriem-m-l-ar-jeru-2-kg\/#breadcrumb"},"inLanguage":"lv-LV","potentialAction":[{"@type":"ReadAction","target":["https:\/\/miumjau.ee\/lv\/produkts\/ibero-natural-auksti-preseta-bariba-junioriem-m-l-ar-jeru-2-kg\/"]}]},{"@type":"ImageObject","inLanguage":"lv-LV","@id":"https:\/\/miumjau.ee\/lv\/produkts\/ibero-natural-auksti-preseta-bariba-junioriem-m-l-ar-jeru-2-kg\/#primaryimage","url":"https:\/\/miumjau.ee\/wp-content\/uploads\/2026\/03\/ibero-koertele-kulmpress-ml-junior-lamb-2kg.jpg","contentUrl":"https:\/\/miumjau.ee\/wp-content\/uploads\/2026\/03\/ibero-koertele-kulmpress-ml-junior-lamb-2kg.jpg","width":600,"height":800,"caption":"Ibero Natural k\u00fclmpress juunior M\/L lambaga, 2kg"},{"@type":"BreadcrumbList","@id":"https:\/\/miumjau.ee\/lv\/produkts\/ibero-natural-auksti-preseta-bariba-junioriem-m-l-ar-jeru-2-kg\/#breadcrumb","itemListElement":[{"@type":"ListItem","position":1,"name":"Home","item":"https:\/\/miumjau.ee\/lv\/"},{"@type":"ListItem","position":2,"name":"Veikals","item":"https:\/\/miumjau.ee\/lv\/veikals\/"},{"@type":"ListItem","position":3,"name":"Ibero Natural auksti pres\u0113ta bar\u012bba junioriem M\/L ar j\u0113ru, 2 kg"}]},{"@type":"WebSite","@id":"https:\/\/miumjau.ee\/#website","url":"https:\/\/miumjau.ee\/","name":"MiuMjau","description":"Kraapimispuud kassidele","publisher":{"@id":"https:\/\/miumjau.ee\/#organization"},"potentialAction":[{"@type":"SearchAction","target":{"@type":"EntryPoint","urlTemplate":"https:\/\/miumjau.ee\/?s={search_term_string}"},"query-input":{"@type":"PropertyValueSpecification","valueRequired":true,"valueName":"search_term_string"}}],"inLanguage":"lv-LV"},{"@type":"Organization","@id":"https:\/\/miumjau.ee\/#organization","name":"MiuMjau O\u00dc","url":"https:\/\/miumjau.ee\/","logo":{"@type":"ImageObject","inLanguage":"lv-LV","@id":"https:\/\/miumjau.ee\/#\/schema\/logo\/image\/","url":"https:\/\/miumjau.ee\/wp-content\/uploads\/2022\/04\/MiuMjau-logo-kollane.png","contentUrl":"https:\/\/miumjau.ee\/wp-content\/uploads\/2022\/04\/MiuMjau-logo-kollane.png","width":219,"height":100,"caption":"MiuMjau O\u00dc"},"image":{"@id":"https:\/\/miumjau.ee\/#\/schema\/logo\/image\/"},"sameAs":["https:\/\/www.facebook.com\/miumjaupood\/"]}]}},"_links":{"self":[{"href":"https:\/\/miumjau.ee\/lv\/wp-json\/wp\/v2\/product\/55116","targetHints":{"allow":["GET"]}}],"collection":[{"href":"https:\/\/miumjau.ee\/lv\/wp-json\/wp\/v2\/product"}],"about":[{"href":"https:\/\/miumjau.ee\/lv\/wp-json\/wp\/v2\/types\/product"}],"wp:featuredmedia":[{"embeddable":true,"href":"https:\/\/miumjau.ee\/lv\/wp-json\/wp\/v2\/media\/54607"}],"wp:attachment":[{"href":"https:\/\/miumjau.ee\/lv\/wp-json\/wp\/v2\/media?parent=55116"}],"wp:term":[{"taxonomy":"product_brand","embeddable":true,"href":"https:\/\/miumjau.ee\/lv\/wp-json\/wp\/v2\/product_brand?post=55116"},{"taxonomy":"product_cat","embeddable":true,"href":"https:\/\/miumjau.ee\/lv\/wp-json\/wp\/v2\/product_cat?post=55116"},{"taxonomy":"product_tag","embeddable":true,"href":"https:\/\/miumjau.ee\/lv\/wp-json\/wp\/v2\/product_tag?post=55116"}],"curies":[{"name":"wp","href":"https:\/\/api.w.org\/{rel}","templated":true}]}}