{"id":55111,"date":"2026-03-10T10:51:44","date_gmt":"2026-03-10T08:51:44","guid":{"rendered":"https:\/\/miumjau.ee\/toode\/ibero-natural-auksti-preseta-bariba-junioriem-s-ar-jeru-2-kg\/"},"modified":"2026-03-10T10:51:44","modified_gmt":"2026-03-10T08:51:44","slug":"ibero-natural-auksti-preseta-bariba-junioriem-s-ar-jeru-2-kg","status":"publish","type":"product","link":"https:\/\/miumjau.ee\/lv\/produkts\/ibero-natural-auksti-preseta-bariba-junioriem-s-ar-jeru-2-kg\/","title":{"rendered":"Ibero Natural auksti pres\u0113ta bar\u012bba junioriem S ar j\u0113ru, 2 kg"},"content":{"rendered":"","protected":false},"excerpt":{"rendered":"<p data-start=\"2837\" data-end=\"2945\">Pilnv\u0113rt\u012bga auksti pres\u0113ta su\u0146u bar\u012bba, kas satur visas nepiecie\u0161am\u0101s uzturvielas mazo \u0161\u0137ir\u0146u JUNIOR su\u0146iem.<\/p>\n<p data-start=\"2947\" data-end=\"3023\">Apvieno auksti pres\u0113tas bar\u012bbas priek\u0161roc\u012bbas un jaunas gar\u0161as Ibero s\u0113rij\u0101.<\/p>\n<p data-start=\"3025\" data-end=\"3134\">Ibero s\u0113rija saglab\u0101 savas galven\u0101s priek\u0161roc\u012bbas \u2013 daudz \u017e\u0101v\u0113tas ga\u013cas, kas ieg\u016bta no viet\u0113j\u0101m saimniec\u012bb\u0101m.<\/p>\n<p data-start=\"3136\" data-end=\"3206\"><strong data-start=\"3136\" data-end=\"3151\">100% DAB\u012aGA<\/strong> \u2013 t\u0101pat k\u0101 visa Ibero s\u0113rija \u2013 bez \u0137imik\u0101lij\u0101m un \u0122MO.<\/p>\n<p data-start=\"3208\" data-end=\"3377\">Auksti pres\u0113tu bar\u012bbu nepiecie\u0161ams maz\u0101k \u2013 t\u0101 ir uzturviel\u0101m bag\u0101t\u0101ka, kas noz\u012bm\u0113, ka, pat ja t\u0101 ir d\u0101rg\u0101ka, ilgtermi\u0146\u0101 t\u0101 var b\u016bt izdev\u012bg\u0101ka, jo iepakojums kalpo ilg\u0101k.<\/p>\n<p data-start=\"3379\" data-end=\"3393\"><strong data-start=\"3379\" data-end=\"3393\">Piem\u0113rota:<\/strong><\/p>\n<p data-start=\"3395\" data-end=\"3775\">Stresainiem su\u0146iem \u2013 koncentr\u0113ta bar\u012bba ar augst\u0101ku uzturv\u0113rt\u012bbu<br data-start=\"3459\" data-end=\"3462\" \/>Gr\u016bsn\u0101m kuc\u0113m \u2013 uzturviel\u0101m bag\u0101ts uzturs m\u0101tei un kuc\u0113niem, pal\u012bdz samazin\u0101t v\u0113dera slodzi aug\u013ca att\u012bst\u012bbas laik\u0101<br data-start=\"3576\" data-end=\"3579\" \/>Audz\u0113t\u0101jiem un vi\u0146u partneriem, kas dod priek\u0161roku citai apstr\u0101des tehnolo\u0123ijai \u2013 dabisk\u0101ka pieeja uzturam ar dro\u0161u apstr\u0101di veterin\u0101r\u0101rsta uzraudz\u012bb\u0101 bez nepiecie\u0161am\u012bbas p\u0113c speci\u0101l\u0101m zin\u0101\u0161an\u0101m<\/p>\n<p data-start=\"3777\" data-end=\"3803\"><strong data-start=\"3777\" data-end=\"3803\">Lieto\u0161anas nor\u0101d\u012bjumi:<\/strong><\/p>\n<p data-start=\"3805\" data-end=\"3875\">Pak\u0101peniski p\u0101rejiet uz \u0161o bar\u012bbu.<br data-start=\"3839\" data-end=\"3842\" \/>Vienm\u0113r nodro\u0161iniet svaigu \u016bdeni.<\/p>\n<p data-start=\"3877\" data-end=\"4216\"><strong data-start=\"3877\" data-end=\"3889\">SAST\u0100VS:<\/strong> \u017d\u0101v\u0113ta j\u0113ra ga\u013ca (34%), \u017e\u0101v\u0113ti saldie kartupe\u013ci, \u017e\u0101v\u0113ti kartupe\u013ci, liellopu tauki (15%), r\u012bsu milti (8%), j\u0113ra aknas (5%), auzu p\u0101rslas (4%), \u017e\u0101v\u0113ts \u0137irbis (2%), \u017e\u0101v\u0113tas j\u0113ra aknas (2%), kukur\u016bzas p\u0101rslas, \u017e\u0101v\u0113ti burk\u0101ni (1,2%), lins\u0113klas, cigori\u0146u ekstrakts, \u017e\u0101v\u0113ti gar\u0161augi, beta-glik\u0101ni, vitam\u012bnu un miner\u0101lvielu mais\u012bjums.<\/p>\n<p data-start=\"4218\" data-end=\"4364\"><strong data-start=\"4218\" data-end=\"4246\">ANAL\u012aTISK\u0100S SAST\u0100VDA\u013bAS:<\/strong> Prote\u012bns 26%, tauki 14%, \u0161\u0137iedrvielas 3,4%, pelni 6,8%, kalcijs 1,3%, fosfors 0,95%, n\u0101trijs 0,15%, mitrums l\u012bdz 10%.<\/p>\n<p data-start=\"4366\" data-end=\"4549\"><strong data-start=\"4366\" data-end=\"4389\">Piedevas (uz 1 kg):<\/strong><br data-start=\"4389\" data-end=\"4392\" \/>Vit.: A 16988 IU, D3 1698 IU, E 170 mg, B grupa, C utt.<br data-start=\"4447\" data-end=\"4450\" \/>Miner\u0101li: jods, sel\u0113ns, dzelzs, var\u0161, cinks, mang\u0101ns, hol\u012bns.<br data-start=\"4511\" data-end=\"4514\" \/>Antioksidanti: augu e\u013c\u013cu ekstrakti.<\/p>\n<p data-start=\"4551\" data-end=\"4585\">Metabolisk\u0101 ener\u0123ija: 3860 kcal\/kg<\/p>\n","protected":false},"featured_media":54619,"template":"","meta":[],"product_brand":[],"product_cat":[575],"product_tag":[],"class_list":{"0":"post-55111","1":"product","2":"type-product","3":"status-publish","4":"has-post-thumbnail","6":"product_cat-sausa-bariba-suniem","8":"first","9":"instock","10":"sale","11":"taxable","12":"shipping-taxable","13":"purchasable","14":"product-type-simple"},"yoast_head":"<!-- This site is optimized with the Yoast SEO plugin v27.4 - https:\/\/yoast.com\/product\/yoast-seo-wordpress\/ -->\n<title>Ibero Natural auksti pres\u0113ta bar\u012bba junioriem S ar j\u0113ru, 2 kg - MiuMjau<\/title>\n<meta name=\"robots\" content=\"index, follow, max-snippet:-1, max-image-preview:large, max-video-preview:-1\" \/>\n<link rel=\"canonical\" href=\"https:\/\/miumjau.ee\/lv\/produkts\/ibero-natural-auksti-preseta-bariba-junioriem-s-ar-jeru-2-kg\/\" \/>\n<meta property=\"og:locale\" content=\"lv_LV\" \/>\n<meta property=\"og:type\" content=\"article\" \/>\n<meta property=\"og:title\" content=\"Ibero Natural auksti pres\u0113ta bar\u012bba junioriem S ar j\u0113ru, 2 kg - MiuMjau\" \/>\n<meta property=\"og:description\" content=\"Pilnv\u0113rt\u012bga auksti pres\u0113ta su\u0146u bar\u012bba, kas satur visas nepiecie\u0161am\u0101s uzturvielas mazo \u0161\u0137ir\u0146u JUNIOR su\u0146iem. Apvieno auksti pres\u0113tas bar\u012bbas priek\u0161roc\u012bbas un jaunas gar\u0161as Ibero s\u0113rij\u0101. Ibero s\u0113rija saglab\u0101 savas galven\u0101s priek\u0161roc\u012bbas \u2013 daudz \u017e\u0101v\u0113tas ga\u013cas, kas ieg\u016bta no viet\u0113j\u0101m saimniec\u012bb\u0101m. 100% DAB\u012aGA \u2013 t\u0101pat k\u0101 visa Ibero s\u0113rija \u2013 bez \u0137imik\u0101lij\u0101m un \u0122MO. Auksti pres\u0113tu bar\u012bbu nepiecie\u0161ams maz\u0101k \u2013 t\u0101 ir uzturviel\u0101m bag\u0101t\u0101ka, kas noz\u012bm\u0113, ka, pat ja t\u0101 ir d\u0101rg\u0101ka, ilgtermi\u0146\u0101 t\u0101 var b\u016bt izdev\u012bg\u0101ka, jo iepakojums kalpo ilg\u0101k. Piem\u0113rota: Stresainiem su\u0146iem \u2013 koncentr\u0113ta bar\u012bba ar augst\u0101ku uzturv\u0113rt\u012bbuGr\u016bsn\u0101m kuc\u0113m \u2013 uzturviel\u0101m bag\u0101ts uzturs m\u0101tei un kuc\u0113niem, pal\u012bdz samazin\u0101t v\u0113dera slodzi aug\u013ca att\u012bst\u012bbas laik\u0101Audz\u0113t\u0101jiem un vi\u0146u partneriem, kas dod priek\u0161roku citai apstr\u0101des tehnolo\u0123ijai \u2013 dabisk\u0101ka pieeja uzturam ar dro\u0161u apstr\u0101di veterin\u0101r\u0101rsta uzraudz\u012bb\u0101 bez nepiecie\u0161am\u012bbas p\u0113c speci\u0101l\u0101m zin\u0101\u0161an\u0101m Lieto\u0161anas nor\u0101d\u012bjumi: Pak\u0101peniski p\u0101rejiet uz \u0161o bar\u012bbu.Vienm\u0113r nodro\u0161iniet svaigu \u016bdeni. SAST\u0100VS: \u017d\u0101v\u0113ta j\u0113ra ga\u013ca (34%), \u017e\u0101v\u0113ti saldie kartupe\u013ci, \u017e\u0101v\u0113ti kartupe\u013ci, liellopu tauki (15%), r\u012bsu milti (8%), j\u0113ra aknas (5%), auzu p\u0101rslas (4%), \u017e\u0101v\u0113ts \u0137irbis (2%), \u017e\u0101v\u0113tas j\u0113ra aknas (2%), kukur\u016bzas p\u0101rslas, \u017e\u0101v\u0113ti burk\u0101ni (1,2%), lins\u0113klas, cigori\u0146u ekstrakts, \u017e\u0101v\u0113ti gar\u0161augi, beta-glik\u0101ni, vitam\u012bnu un miner\u0101lvielu mais\u012bjums. ANAL\u012aTISK\u0100S SAST\u0100VDA\u013bAS: Prote\u012bns 26%, tauki 14%, \u0161\u0137iedrvielas 3,4%, pelni 6,8%, kalcijs 1,3%, fosfors 0,95%, n\u0101trijs 0,15%, mitrums l\u012bdz 10%. Piedevas (uz 1 kg):Vit.: A 16988 IU, D3 1698 IU, E 170 mg, B grupa, C utt.Miner\u0101li: jods, sel\u0113ns, dzelzs, var\u0161, cinks, mang\u0101ns, hol\u012bns.Antioksidanti: augu e\u013c\u013cu ekstrakti. Metabolisk\u0101 ener\u0123ija: 3860 kcal\/kg\" \/>\n<meta property=\"og:url\" content=\"https:\/\/miumjau.ee\/lv\/produkts\/ibero-natural-auksti-preseta-bariba-junioriem-s-ar-jeru-2-kg\/\" \/>\n<meta property=\"og:site_name\" content=\"MiuMjau\" \/>\n<meta property=\"article:publisher\" content=\"https:\/\/www.facebook.com\/miumjaupood\/\" \/>\n<meta property=\"og:image\" content=\"https:\/\/miumjau.ee\/wp-content\/uploads\/2026\/03\/ibero-kulmpress-2kg-S-junior-lamb.jpg\" \/>\n\t<meta property=\"og:image:width\" content=\"600\" \/>\n\t<meta property=\"og:image:height\" content=\"800\" \/>\n\t<meta property=\"og:image:type\" content=\"image\/jpeg\" \/>\n<meta name=\"twitter:card\" content=\"summary_large_image\" \/>\n<script type=\"application\/ld+json\" class=\"yoast-schema-graph\">{\"@context\":\"https:\\\/\\\/schema.org\",\"@graph\":[{\"@type\":\"WebPage\",\"@id\":\"https:\\\/\\\/miumjau.ee\\\/lv\\\/produkts\\\/ibero-natural-auksti-preseta-bariba-junioriem-s-ar-jeru-2-kg\\\/\",\"url\":\"https:\\\/\\\/miumjau.ee\\\/lv\\\/produkts\\\/ibero-natural-auksti-preseta-bariba-junioriem-s-ar-jeru-2-kg\\\/\",\"name\":\"Ibero Natural auksti pres\u0113ta bar\u012bba junioriem S ar j\u0113ru, 2 kg - MiuMjau\",\"isPartOf\":{\"@id\":\"https:\\\/\\\/miumjau.ee\\\/#website\"},\"primaryImageOfPage\":{\"@id\":\"https:\\\/\\\/miumjau.ee\\\/lv\\\/produkts\\\/ibero-natural-auksti-preseta-bariba-junioriem-s-ar-jeru-2-kg\\\/#primaryimage\"},\"image\":{\"@id\":\"https:\\\/\\\/miumjau.ee\\\/lv\\\/produkts\\\/ibero-natural-auksti-preseta-bariba-junioriem-s-ar-jeru-2-kg\\\/#primaryimage\"},\"thumbnailUrl\":\"https:\\\/\\\/miumjau.ee\\\/wp-content\\\/uploads\\\/2026\\\/03\\\/ibero-kulmpress-2kg-S-junior-lamb.jpg\",\"datePublished\":\"2026-03-10T08:51:44+00:00\",\"breadcrumb\":{\"@id\":\"https:\\\/\\\/miumjau.ee\\\/lv\\\/produkts\\\/ibero-natural-auksti-preseta-bariba-junioriem-s-ar-jeru-2-kg\\\/#breadcrumb\"},\"inLanguage\":\"lv-LV\",\"potentialAction\":[{\"@type\":\"ReadAction\",\"target\":[\"https:\\\/\\\/miumjau.ee\\\/lv\\\/produkts\\\/ibero-natural-auksti-preseta-bariba-junioriem-s-ar-jeru-2-kg\\\/\"]}]},{\"@type\":\"ImageObject\",\"inLanguage\":\"lv-LV\",\"@id\":\"https:\\\/\\\/miumjau.ee\\\/lv\\\/produkts\\\/ibero-natural-auksti-preseta-bariba-junioriem-s-ar-jeru-2-kg\\\/#primaryimage\",\"url\":\"https:\\\/\\\/miumjau.ee\\\/wp-content\\\/uploads\\\/2026\\\/03\\\/ibero-kulmpress-2kg-S-junior-lamb.jpg\",\"contentUrl\":\"https:\\\/\\\/miumjau.ee\\\/wp-content\\\/uploads\\\/2026\\\/03\\\/ibero-kulmpress-2kg-S-junior-lamb.jpg\",\"width\":600,\"height\":800,\"caption\":\"Ibero Natural k\u00fclmpress juunior S lambaga, 2kg\"},{\"@type\":\"BreadcrumbList\",\"@id\":\"https:\\\/\\\/miumjau.ee\\\/lv\\\/produkts\\\/ibero-natural-auksti-preseta-bariba-junioriem-s-ar-jeru-2-kg\\\/#breadcrumb\",\"itemListElement\":[{\"@type\":\"ListItem\",\"position\":1,\"name\":\"Home\",\"item\":\"https:\\\/\\\/miumjau.ee\\\/lv\\\/\"},{\"@type\":\"ListItem\",\"position\":2,\"name\":\"Veikals\",\"item\":\"https:\\\/\\\/miumjau.ee\\\/lv\\\/veikals\\\/\"},{\"@type\":\"ListItem\",\"position\":3,\"name\":\"Ibero Natural auksti pres\u0113ta bar\u012bba junioriem S ar j\u0113ru, 2 kg\"}]},{\"@type\":\"WebSite\",\"@id\":\"https:\\\/\\\/miumjau.ee\\\/#website\",\"url\":\"https:\\\/\\\/miumjau.ee\\\/\",\"name\":\"MiuMjau\",\"description\":\"Kraapimispuud kassidele\",\"publisher\":{\"@id\":\"https:\\\/\\\/miumjau.ee\\\/#organization\"},\"potentialAction\":[{\"@type\":\"SearchAction\",\"target\":{\"@type\":\"EntryPoint\",\"urlTemplate\":\"https:\\\/\\\/miumjau.ee\\\/?s={search_term_string}\"},\"query-input\":{\"@type\":\"PropertyValueSpecification\",\"valueRequired\":true,\"valueName\":\"search_term_string\"}}],\"inLanguage\":\"lv-LV\"},{\"@type\":\"Organization\",\"@id\":\"https:\\\/\\\/miumjau.ee\\\/#organization\",\"name\":\"MiuMjau O\u00dc\",\"url\":\"https:\\\/\\\/miumjau.ee\\\/\",\"logo\":{\"@type\":\"ImageObject\",\"inLanguage\":\"lv-LV\",\"@id\":\"https:\\\/\\\/miumjau.ee\\\/#\\\/schema\\\/logo\\\/image\\\/\",\"url\":\"https:\\\/\\\/miumjau.ee\\\/wp-content\\\/uploads\\\/2022\\\/04\\\/MiuMjau-logo-kollane.png\",\"contentUrl\":\"https:\\\/\\\/miumjau.ee\\\/wp-content\\\/uploads\\\/2022\\\/04\\\/MiuMjau-logo-kollane.png\",\"width\":219,\"height\":100,\"caption\":\"MiuMjau O\u00dc\"},\"image\":{\"@id\":\"https:\\\/\\\/miumjau.ee\\\/#\\\/schema\\\/logo\\\/image\\\/\"},\"sameAs\":[\"https:\\\/\\\/www.facebook.com\\\/miumjaupood\\\/\"]}]}<\/script>\n<!-- \/ Yoast SEO plugin. -->","yoast_head_json":{"title":"Ibero Natural auksti pres\u0113ta bar\u012bba junioriem S ar j\u0113ru, 2 kg - MiuMjau","robots":{"index":"index","follow":"follow","max-snippet":"max-snippet:-1","max-image-preview":"max-image-preview:large","max-video-preview":"max-video-preview:-1"},"canonical":"https:\/\/miumjau.ee\/lv\/produkts\/ibero-natural-auksti-preseta-bariba-junioriem-s-ar-jeru-2-kg\/","og_locale":"lv_LV","og_type":"article","og_title":"Ibero Natural auksti pres\u0113ta bar\u012bba junioriem S ar j\u0113ru, 2 kg - MiuMjau","og_description":"Pilnv\u0113rt\u012bga auksti pres\u0113ta su\u0146u bar\u012bba, kas satur visas nepiecie\u0161am\u0101s uzturvielas mazo \u0161\u0137ir\u0146u JUNIOR su\u0146iem. Apvieno auksti pres\u0113tas bar\u012bbas priek\u0161roc\u012bbas un jaunas gar\u0161as Ibero s\u0113rij\u0101. Ibero s\u0113rija saglab\u0101 savas galven\u0101s priek\u0161roc\u012bbas \u2013 daudz \u017e\u0101v\u0113tas ga\u013cas, kas ieg\u016bta no viet\u0113j\u0101m saimniec\u012bb\u0101m. 100% DAB\u012aGA \u2013 t\u0101pat k\u0101 visa Ibero s\u0113rija \u2013 bez \u0137imik\u0101lij\u0101m un \u0122MO. Auksti pres\u0113tu bar\u012bbu nepiecie\u0161ams maz\u0101k \u2013 t\u0101 ir uzturviel\u0101m bag\u0101t\u0101ka, kas noz\u012bm\u0113, ka, pat ja t\u0101 ir d\u0101rg\u0101ka, ilgtermi\u0146\u0101 t\u0101 var b\u016bt izdev\u012bg\u0101ka, jo iepakojums kalpo ilg\u0101k. Piem\u0113rota: Stresainiem su\u0146iem \u2013 koncentr\u0113ta bar\u012bba ar augst\u0101ku uzturv\u0113rt\u012bbuGr\u016bsn\u0101m kuc\u0113m \u2013 uzturviel\u0101m bag\u0101ts uzturs m\u0101tei un kuc\u0113niem, pal\u012bdz samazin\u0101t v\u0113dera slodzi aug\u013ca att\u012bst\u012bbas laik\u0101Audz\u0113t\u0101jiem un vi\u0146u partneriem, kas dod priek\u0161roku citai apstr\u0101des tehnolo\u0123ijai \u2013 dabisk\u0101ka pieeja uzturam ar dro\u0161u apstr\u0101di veterin\u0101r\u0101rsta uzraudz\u012bb\u0101 bez nepiecie\u0161am\u012bbas p\u0113c speci\u0101l\u0101m zin\u0101\u0161an\u0101m Lieto\u0161anas nor\u0101d\u012bjumi: Pak\u0101peniski p\u0101rejiet uz \u0161o bar\u012bbu.Vienm\u0113r nodro\u0161iniet svaigu \u016bdeni. SAST\u0100VS: \u017d\u0101v\u0113ta j\u0113ra ga\u013ca (34%), \u017e\u0101v\u0113ti saldie kartupe\u013ci, \u017e\u0101v\u0113ti kartupe\u013ci, liellopu tauki (15%), r\u012bsu milti (8%), j\u0113ra aknas (5%), auzu p\u0101rslas (4%), \u017e\u0101v\u0113ts \u0137irbis (2%), \u017e\u0101v\u0113tas j\u0113ra aknas (2%), kukur\u016bzas p\u0101rslas, \u017e\u0101v\u0113ti burk\u0101ni (1,2%), lins\u0113klas, cigori\u0146u ekstrakts, \u017e\u0101v\u0113ti gar\u0161augi, beta-glik\u0101ni, vitam\u012bnu un miner\u0101lvielu mais\u012bjums. ANAL\u012aTISK\u0100S SAST\u0100VDA\u013bAS: Prote\u012bns 26%, tauki 14%, \u0161\u0137iedrvielas 3,4%, pelni 6,8%, kalcijs 1,3%, fosfors 0,95%, n\u0101trijs 0,15%, mitrums l\u012bdz 10%. Piedevas (uz 1 kg):Vit.: A 16988 IU, D3 1698 IU, E 170 mg, B grupa, C utt.Miner\u0101li: jods, sel\u0113ns, dzelzs, var\u0161, cinks, mang\u0101ns, hol\u012bns.Antioksidanti: augu e\u013c\u013cu ekstrakti. Metabolisk\u0101 ener\u0123ija: 3860 kcal\/kg","og_url":"https:\/\/miumjau.ee\/lv\/produkts\/ibero-natural-auksti-preseta-bariba-junioriem-s-ar-jeru-2-kg\/","og_site_name":"MiuMjau","article_publisher":"https:\/\/www.facebook.com\/miumjaupood\/","og_image":[{"width":600,"height":800,"url":"https:\/\/miumjau.ee\/wp-content\/uploads\/2026\/03\/ibero-kulmpress-2kg-S-junior-lamb.jpg","type":"image\/jpeg"}],"twitter_card":"summary_large_image","schema":{"@context":"https:\/\/schema.org","@graph":[{"@type":"WebPage","@id":"https:\/\/miumjau.ee\/lv\/produkts\/ibero-natural-auksti-preseta-bariba-junioriem-s-ar-jeru-2-kg\/","url":"https:\/\/miumjau.ee\/lv\/produkts\/ibero-natural-auksti-preseta-bariba-junioriem-s-ar-jeru-2-kg\/","name":"Ibero Natural auksti pres\u0113ta bar\u012bba junioriem S ar j\u0113ru, 2 kg - MiuMjau","isPartOf":{"@id":"https:\/\/miumjau.ee\/#website"},"primaryImageOfPage":{"@id":"https:\/\/miumjau.ee\/lv\/produkts\/ibero-natural-auksti-preseta-bariba-junioriem-s-ar-jeru-2-kg\/#primaryimage"},"image":{"@id":"https:\/\/miumjau.ee\/lv\/produkts\/ibero-natural-auksti-preseta-bariba-junioriem-s-ar-jeru-2-kg\/#primaryimage"},"thumbnailUrl":"https:\/\/miumjau.ee\/wp-content\/uploads\/2026\/03\/ibero-kulmpress-2kg-S-junior-lamb.jpg","datePublished":"2026-03-10T08:51:44+00:00","breadcrumb":{"@id":"https:\/\/miumjau.ee\/lv\/produkts\/ibero-natural-auksti-preseta-bariba-junioriem-s-ar-jeru-2-kg\/#breadcrumb"},"inLanguage":"lv-LV","potentialAction":[{"@type":"ReadAction","target":["https:\/\/miumjau.ee\/lv\/produkts\/ibero-natural-auksti-preseta-bariba-junioriem-s-ar-jeru-2-kg\/"]}]},{"@type":"ImageObject","inLanguage":"lv-LV","@id":"https:\/\/miumjau.ee\/lv\/produkts\/ibero-natural-auksti-preseta-bariba-junioriem-s-ar-jeru-2-kg\/#primaryimage","url":"https:\/\/miumjau.ee\/wp-content\/uploads\/2026\/03\/ibero-kulmpress-2kg-S-junior-lamb.jpg","contentUrl":"https:\/\/miumjau.ee\/wp-content\/uploads\/2026\/03\/ibero-kulmpress-2kg-S-junior-lamb.jpg","width":600,"height":800,"caption":"Ibero Natural k\u00fclmpress juunior S lambaga, 2kg"},{"@type":"BreadcrumbList","@id":"https:\/\/miumjau.ee\/lv\/produkts\/ibero-natural-auksti-preseta-bariba-junioriem-s-ar-jeru-2-kg\/#breadcrumb","itemListElement":[{"@type":"ListItem","position":1,"name":"Home","item":"https:\/\/miumjau.ee\/lv\/"},{"@type":"ListItem","position":2,"name":"Veikals","item":"https:\/\/miumjau.ee\/lv\/veikals\/"},{"@type":"ListItem","position":3,"name":"Ibero Natural auksti pres\u0113ta bar\u012bba junioriem S ar j\u0113ru, 2 kg"}]},{"@type":"WebSite","@id":"https:\/\/miumjau.ee\/#website","url":"https:\/\/miumjau.ee\/","name":"MiuMjau","description":"Kraapimispuud kassidele","publisher":{"@id":"https:\/\/miumjau.ee\/#organization"},"potentialAction":[{"@type":"SearchAction","target":{"@type":"EntryPoint","urlTemplate":"https:\/\/miumjau.ee\/?s={search_term_string}"},"query-input":{"@type":"PropertyValueSpecification","valueRequired":true,"valueName":"search_term_string"}}],"inLanguage":"lv-LV"},{"@type":"Organization","@id":"https:\/\/miumjau.ee\/#organization","name":"MiuMjau O\u00dc","url":"https:\/\/miumjau.ee\/","logo":{"@type":"ImageObject","inLanguage":"lv-LV","@id":"https:\/\/miumjau.ee\/#\/schema\/logo\/image\/","url":"https:\/\/miumjau.ee\/wp-content\/uploads\/2022\/04\/MiuMjau-logo-kollane.png","contentUrl":"https:\/\/miumjau.ee\/wp-content\/uploads\/2022\/04\/MiuMjau-logo-kollane.png","width":219,"height":100,"caption":"MiuMjau O\u00dc"},"image":{"@id":"https:\/\/miumjau.ee\/#\/schema\/logo\/image\/"},"sameAs":["https:\/\/www.facebook.com\/miumjaupood\/"]}]}},"_links":{"self":[{"href":"https:\/\/miumjau.ee\/lv\/wp-json\/wp\/v2\/product\/55111","targetHints":{"allow":["GET"]}}],"collection":[{"href":"https:\/\/miumjau.ee\/lv\/wp-json\/wp\/v2\/product"}],"about":[{"href":"https:\/\/miumjau.ee\/lv\/wp-json\/wp\/v2\/types\/product"}],"wp:featuredmedia":[{"embeddable":true,"href":"https:\/\/miumjau.ee\/lv\/wp-json\/wp\/v2\/media\/54619"}],"wp:attachment":[{"href":"https:\/\/miumjau.ee\/lv\/wp-json\/wp\/v2\/media?parent=55111"}],"wp:term":[{"taxonomy":"product_brand","embeddable":true,"href":"https:\/\/miumjau.ee\/lv\/wp-json\/wp\/v2\/product_brand?post=55111"},{"taxonomy":"product_cat","embeddable":true,"href":"https:\/\/miumjau.ee\/lv\/wp-json\/wp\/v2\/product_cat?post=55111"},{"taxonomy":"product_tag","embeddable":true,"href":"https:\/\/miumjau.ee\/lv\/wp-json\/wp\/v2\/product_tag?post=55111"}],"curies":[{"name":"wp","href":"https:\/\/api.w.org\/{rel}","templated":true}]}}