{"id":55101,"date":"2026-03-10T12:36:36","date_gmt":"2026-03-10T10:36:36","guid":{"rendered":"https:\/\/miumjau.ee\/toode\/kong-izvelkama-pavada-terrain-black-m\/"},"modified":"2026-03-10T12:36:36","modified_gmt":"2026-03-10T10:36:36","slug":"kong-izvelkama-pavada-terrain-black-m","status":"publish","type":"product","link":"https:\/\/miumjau.ee\/lv\/produkts\/kong-izvelkama-pavada-terrain-black-m\/","title":{"rendered":"KONG izvelkama pavada, Terrain Black M"},"content":{"rendered":"","protected":false},"excerpt":{"rendered":"<p data-start=\"2003\" data-end=\"2057\">Ar KONG izvelkamaj\u0101m pavad\u0101m viss vienm\u0113r ir kontrol\u0113!<\/p>\n<p data-start=\"2059\" data-end=\"2300\">KONG pavadas raksturo m\u012bksts rokturis, kas padara t\u0101s \u0113rtas tur\u0113\u0161anai. Praktisk\u0101 un p\u0101rdom\u0101t\u0101 bremz\u0113\u0161anas sist\u0113ma darbojas vienm\u0113r\u012bgi kop\u0101 ar jums un j\u016bsu suni. T\u0101pat k\u0101 visi KONG produkti, ar\u012b \u0161\u012bs pavadas ir iztur\u012bgas un augstas kvalit\u0101tes.<\/p>\n<p data-start=\"2302\" data-end=\"2319\"><strong data-start=\"2302\" data-end=\"2319\">Priek\u0161roc\u012bbas<\/strong><\/p>\n<p data-start=\"2321\" data-end=\"2484\">M\u012bksts un \u0113rts rokturis<br data-start=\"2344\" data-end=\"2347\" \/>Viegli bremz\u0113t un blo\u0137\u0113t<br data-start=\"2371\" data-end=\"2374\" \/>KONG gumijas \u012bk\u0161\u0137a balsts<br data-start=\"2399\" data-end=\"2402\" \/>Pret sav\u012b\u0161anos sist\u0113ma un atstarojo\u0161as \u0161uves<br data-start=\"2446\" data-end=\"2449\" \/>Iztur\u012bgs met\u0101la rot\u0113jo\u0161s karab\u012bns<\/p>\n<p data-start=\"2486\" data-end=\"2496\"><strong data-start=\"2486\" data-end=\"2496\">Izm\u0113ri<\/strong><\/p>\n<p data-start=\"2498\" data-end=\"2648\">XS: 11,4 \u00d7 15,1 \u00d7 3,2 cm (\u0113rti ievietot kabat\u0101 un piem\u0113rots ar\u012b b\u0113rniem)<br data-start=\"2570\" data-end=\"2573\" \/>S: 15,4 \u00d7 12,6 \u00d7 3,6 cm<br data-start=\"2596\" data-end=\"2599\" \/>M: 16,8 \u00d7 14,7 \u00d7 3,8 cm<br data-start=\"2622\" data-end=\"2625\" \/>L: 22,2 \u00d7 15,9 \u00d7 4 cm<\/p>\n<p data-start=\"2650\" data-end=\"2667\"><strong data-start=\"2650\" data-end=\"2667\">Specifik\u0101cija<\/strong><\/p>\n<p data-start=\"2669\" data-end=\"2846\">XS: 3 m pavada, piem\u0113rota su\u0146iem 3\u201312 kg<br data-start=\"2709\" data-end=\"2712\" \/>S: 5 m pavada, piem\u0113rota su\u0146iem l\u012bdz 20 kg<br data-start=\"2754\" data-end=\"2757\" \/>M: 5 m pavada, piem\u0113rota su\u0146iem l\u012bdz 30 kg<br data-start=\"2799\" data-end=\"2802\" \/>L: 5 m pavada, piem\u0113rota su\u0146iem l\u012bdz 50 kg<\/p>\n","protected":false},"featured_media":54697,"template":"","meta":[],"product_brand":[],"product_cat":[863],"product_tag":[],"class_list":{"0":"post-55101","1":"product","2":"type-product","3":"status-publish","4":"has-post-thumbnail","6":"product_cat-sunu-apgerbi-apavi","8":"first","9":"instock","10":"taxable","11":"shipping-taxable","12":"purchasable","13":"product-type-simple"},"yoast_head":"<!-- This site is optimized with the Yoast SEO plugin v27.4 - https:\/\/yoast.com\/product\/yoast-seo-wordpress\/ -->\n<title>KONG izvelkama pavada, Terrain Black M - MiuMjau<\/title>\n<meta name=\"robots\" content=\"index, follow, max-snippet:-1, max-image-preview:large, max-video-preview:-1\" \/>\n<link rel=\"canonical\" href=\"https:\/\/miumjau.ee\/lv\/produkts\/kong-izvelkama-pavada-terrain-black-m\/\" \/>\n<meta property=\"og:locale\" content=\"lv_LV\" \/>\n<meta property=\"og:type\" content=\"article\" \/>\n<meta property=\"og:title\" content=\"KONG izvelkama pavada, Terrain Black M - MiuMjau\" \/>\n<meta property=\"og:description\" content=\"Ar KONG izvelkamaj\u0101m pavad\u0101m viss vienm\u0113r ir kontrol\u0113! KONG pavadas raksturo m\u012bksts rokturis, kas padara t\u0101s \u0113rtas tur\u0113\u0161anai. Praktisk\u0101 un p\u0101rdom\u0101t\u0101 bremz\u0113\u0161anas sist\u0113ma darbojas vienm\u0113r\u012bgi kop\u0101 ar jums un j\u016bsu suni. T\u0101pat k\u0101 visi KONG produkti, ar\u012b \u0161\u012bs pavadas ir iztur\u012bgas un augstas kvalit\u0101tes. Priek\u0161roc\u012bbas M\u012bksts un \u0113rts rokturisViegli bremz\u0113t un blo\u0137\u0113tKONG gumijas \u012bk\u0161\u0137a balstsPret sav\u012b\u0161anos sist\u0113ma un atstarojo\u0161as \u0161uvesIztur\u012bgs met\u0101la rot\u0113jo\u0161s karab\u012bns Izm\u0113ri XS: 11,4 \u00d7 15,1 \u00d7 3,2 cm (\u0113rti ievietot kabat\u0101 un piem\u0113rots ar\u012b b\u0113rniem)S: 15,4 \u00d7 12,6 \u00d7 3,6 cmM: 16,8 \u00d7 14,7 \u00d7 3,8 cmL: 22,2 \u00d7 15,9 \u00d7 4 cm Specifik\u0101cija XS: 3 m pavada, piem\u0113rota su\u0146iem 3\u201312 kgS: 5 m pavada, piem\u0113rota su\u0146iem l\u012bdz 20 kgM: 5 m pavada, piem\u0113rota su\u0146iem l\u012bdz 30 kgL: 5 m pavada, piem\u0113rota su\u0146iem l\u012bdz 50 kg\" \/>\n<meta property=\"og:url\" content=\"https:\/\/miumjau.ee\/lv\/produkts\/kong-izvelkama-pavada-terrain-black-m\/\" \/>\n<meta property=\"og:site_name\" content=\"MiuMjau\" \/>\n<meta property=\"article:publisher\" content=\"https:\/\/www.facebook.com\/miumjaupood\/\" \/>\n<meta property=\"og:image\" content=\"https:\/\/miumjau.ee\/wp-content\/uploads\/2026\/03\/KONGTRNMDBK-main.jpg\" \/>\n\t<meta property=\"og:image:width\" content=\"600\" \/>\n\t<meta property=\"og:image:height\" content=\"800\" \/>\n\t<meta property=\"og:image:type\" content=\"image\/jpeg\" \/>\n<meta name=\"twitter:card\" content=\"summary_large_image\" \/>\n<script type=\"application\/ld+json\" class=\"yoast-schema-graph\">{\"@context\":\"https:\\\/\\\/schema.org\",\"@graph\":[{\"@type\":\"WebPage\",\"@id\":\"https:\\\/\\\/miumjau.ee\\\/lv\\\/produkts\\\/kong-izvelkama-pavada-terrain-black-m\\\/\",\"url\":\"https:\\\/\\\/miumjau.ee\\\/lv\\\/produkts\\\/kong-izvelkama-pavada-terrain-black-m\\\/\",\"name\":\"KONG izvelkama pavada, Terrain Black M - MiuMjau\",\"isPartOf\":{\"@id\":\"https:\\\/\\\/miumjau.ee\\\/#website\"},\"primaryImageOfPage\":{\"@id\":\"https:\\\/\\\/miumjau.ee\\\/lv\\\/produkts\\\/kong-izvelkama-pavada-terrain-black-m\\\/#primaryimage\"},\"image\":{\"@id\":\"https:\\\/\\\/miumjau.ee\\\/lv\\\/produkts\\\/kong-izvelkama-pavada-terrain-black-m\\\/#primaryimage\"},\"thumbnailUrl\":\"https:\\\/\\\/miumjau.ee\\\/wp-content\\\/uploads\\\/2026\\\/03\\\/KONGTRNMDBK-main.jpg\",\"datePublished\":\"2026-03-10T10:36:36+00:00\",\"breadcrumb\":{\"@id\":\"https:\\\/\\\/miumjau.ee\\\/lv\\\/produkts\\\/kong-izvelkama-pavada-terrain-black-m\\\/#breadcrumb\"},\"inLanguage\":\"lv-LV\",\"potentialAction\":[{\"@type\":\"ReadAction\",\"target\":[\"https:\\\/\\\/miumjau.ee\\\/lv\\\/produkts\\\/kong-izvelkama-pavada-terrain-black-m\\\/\"]}]},{\"@type\":\"ImageObject\",\"inLanguage\":\"lv-LV\",\"@id\":\"https:\\\/\\\/miumjau.ee\\\/lv\\\/produkts\\\/kong-izvelkama-pavada-terrain-black-m\\\/#primaryimage\",\"url\":\"https:\\\/\\\/miumjau.ee\\\/wp-content\\\/uploads\\\/2026\\\/03\\\/KONGTRNMDBK-main.jpg\",\"contentUrl\":\"https:\\\/\\\/miumjau.ee\\\/wp-content\\\/uploads\\\/2026\\\/03\\\/KONGTRNMDBK-main.jpg\",\"width\":600,\"height\":800,\"caption\":\"Kong rullikrihm, Terrain Black M\"},{\"@type\":\"BreadcrumbList\",\"@id\":\"https:\\\/\\\/miumjau.ee\\\/lv\\\/produkts\\\/kong-izvelkama-pavada-terrain-black-m\\\/#breadcrumb\",\"itemListElement\":[{\"@type\":\"ListItem\",\"position\":1,\"name\":\"Home\",\"item\":\"https:\\\/\\\/miumjau.ee\\\/lv\\\/\"},{\"@type\":\"ListItem\",\"position\":2,\"name\":\"Veikals\",\"item\":\"https:\\\/\\\/miumjau.ee\\\/lv\\\/veikals\\\/\"},{\"@type\":\"ListItem\",\"position\":3,\"name\":\"KONG izvelkama pavada, Terrain Black M\"}]},{\"@type\":\"WebSite\",\"@id\":\"https:\\\/\\\/miumjau.ee\\\/#website\",\"url\":\"https:\\\/\\\/miumjau.ee\\\/\",\"name\":\"MiuMjau\",\"description\":\"Kraapimispuud kassidele\",\"publisher\":{\"@id\":\"https:\\\/\\\/miumjau.ee\\\/#organization\"},\"potentialAction\":[{\"@type\":\"SearchAction\",\"target\":{\"@type\":\"EntryPoint\",\"urlTemplate\":\"https:\\\/\\\/miumjau.ee\\\/?s={search_term_string}\"},\"query-input\":{\"@type\":\"PropertyValueSpecification\",\"valueRequired\":true,\"valueName\":\"search_term_string\"}}],\"inLanguage\":\"lv-LV\"},{\"@type\":\"Organization\",\"@id\":\"https:\\\/\\\/miumjau.ee\\\/#organization\",\"name\":\"MiuMjau O\u00dc\",\"url\":\"https:\\\/\\\/miumjau.ee\\\/\",\"logo\":{\"@type\":\"ImageObject\",\"inLanguage\":\"lv-LV\",\"@id\":\"https:\\\/\\\/miumjau.ee\\\/#\\\/schema\\\/logo\\\/image\\\/\",\"url\":\"https:\\\/\\\/miumjau.ee\\\/wp-content\\\/uploads\\\/2022\\\/04\\\/MiuMjau-logo-kollane.png\",\"contentUrl\":\"https:\\\/\\\/miumjau.ee\\\/wp-content\\\/uploads\\\/2022\\\/04\\\/MiuMjau-logo-kollane.png\",\"width\":219,\"height\":100,\"caption\":\"MiuMjau O\u00dc\"},\"image\":{\"@id\":\"https:\\\/\\\/miumjau.ee\\\/#\\\/schema\\\/logo\\\/image\\\/\"},\"sameAs\":[\"https:\\\/\\\/www.facebook.com\\\/miumjaupood\\\/\"]}]}<\/script>\n<!-- \/ Yoast SEO plugin. -->","yoast_head_json":{"title":"KONG izvelkama pavada, Terrain Black M - MiuMjau","robots":{"index":"index","follow":"follow","max-snippet":"max-snippet:-1","max-image-preview":"max-image-preview:large","max-video-preview":"max-video-preview:-1"},"canonical":"https:\/\/miumjau.ee\/lv\/produkts\/kong-izvelkama-pavada-terrain-black-m\/","og_locale":"lv_LV","og_type":"article","og_title":"KONG izvelkama pavada, Terrain Black M - MiuMjau","og_description":"Ar KONG izvelkamaj\u0101m pavad\u0101m viss vienm\u0113r ir kontrol\u0113! KONG pavadas raksturo m\u012bksts rokturis, kas padara t\u0101s \u0113rtas tur\u0113\u0161anai. Praktisk\u0101 un p\u0101rdom\u0101t\u0101 bremz\u0113\u0161anas sist\u0113ma darbojas vienm\u0113r\u012bgi kop\u0101 ar jums un j\u016bsu suni. T\u0101pat k\u0101 visi KONG produkti, ar\u012b \u0161\u012bs pavadas ir iztur\u012bgas un augstas kvalit\u0101tes. Priek\u0161roc\u012bbas M\u012bksts un \u0113rts rokturisViegli bremz\u0113t un blo\u0137\u0113tKONG gumijas \u012bk\u0161\u0137a balstsPret sav\u012b\u0161anos sist\u0113ma un atstarojo\u0161as \u0161uvesIztur\u012bgs met\u0101la rot\u0113jo\u0161s karab\u012bns Izm\u0113ri XS: 11,4 \u00d7 15,1 \u00d7 3,2 cm (\u0113rti ievietot kabat\u0101 un piem\u0113rots ar\u012b b\u0113rniem)S: 15,4 \u00d7 12,6 \u00d7 3,6 cmM: 16,8 \u00d7 14,7 \u00d7 3,8 cmL: 22,2 \u00d7 15,9 \u00d7 4 cm Specifik\u0101cija XS: 3 m pavada, piem\u0113rota su\u0146iem 3\u201312 kgS: 5 m pavada, piem\u0113rota su\u0146iem l\u012bdz 20 kgM: 5 m pavada, piem\u0113rota su\u0146iem l\u012bdz 30 kgL: 5 m pavada, piem\u0113rota su\u0146iem l\u012bdz 50 kg","og_url":"https:\/\/miumjau.ee\/lv\/produkts\/kong-izvelkama-pavada-terrain-black-m\/","og_site_name":"MiuMjau","article_publisher":"https:\/\/www.facebook.com\/miumjaupood\/","og_image":[{"width":600,"height":800,"url":"https:\/\/miumjau.ee\/wp-content\/uploads\/2026\/03\/KONGTRNMDBK-main.jpg","type":"image\/jpeg"}],"twitter_card":"summary_large_image","schema":{"@context":"https:\/\/schema.org","@graph":[{"@type":"WebPage","@id":"https:\/\/miumjau.ee\/lv\/produkts\/kong-izvelkama-pavada-terrain-black-m\/","url":"https:\/\/miumjau.ee\/lv\/produkts\/kong-izvelkama-pavada-terrain-black-m\/","name":"KONG izvelkama pavada, Terrain Black M - MiuMjau","isPartOf":{"@id":"https:\/\/miumjau.ee\/#website"},"primaryImageOfPage":{"@id":"https:\/\/miumjau.ee\/lv\/produkts\/kong-izvelkama-pavada-terrain-black-m\/#primaryimage"},"image":{"@id":"https:\/\/miumjau.ee\/lv\/produkts\/kong-izvelkama-pavada-terrain-black-m\/#primaryimage"},"thumbnailUrl":"https:\/\/miumjau.ee\/wp-content\/uploads\/2026\/03\/KONGTRNMDBK-main.jpg","datePublished":"2026-03-10T10:36:36+00:00","breadcrumb":{"@id":"https:\/\/miumjau.ee\/lv\/produkts\/kong-izvelkama-pavada-terrain-black-m\/#breadcrumb"},"inLanguage":"lv-LV","potentialAction":[{"@type":"ReadAction","target":["https:\/\/miumjau.ee\/lv\/produkts\/kong-izvelkama-pavada-terrain-black-m\/"]}]},{"@type":"ImageObject","inLanguage":"lv-LV","@id":"https:\/\/miumjau.ee\/lv\/produkts\/kong-izvelkama-pavada-terrain-black-m\/#primaryimage","url":"https:\/\/miumjau.ee\/wp-content\/uploads\/2026\/03\/KONGTRNMDBK-main.jpg","contentUrl":"https:\/\/miumjau.ee\/wp-content\/uploads\/2026\/03\/KONGTRNMDBK-main.jpg","width":600,"height":800,"caption":"Kong rullikrihm, Terrain Black M"},{"@type":"BreadcrumbList","@id":"https:\/\/miumjau.ee\/lv\/produkts\/kong-izvelkama-pavada-terrain-black-m\/#breadcrumb","itemListElement":[{"@type":"ListItem","position":1,"name":"Home","item":"https:\/\/miumjau.ee\/lv\/"},{"@type":"ListItem","position":2,"name":"Veikals","item":"https:\/\/miumjau.ee\/lv\/veikals\/"},{"@type":"ListItem","position":3,"name":"KONG izvelkama pavada, Terrain Black M"}]},{"@type":"WebSite","@id":"https:\/\/miumjau.ee\/#website","url":"https:\/\/miumjau.ee\/","name":"MiuMjau","description":"Kraapimispuud kassidele","publisher":{"@id":"https:\/\/miumjau.ee\/#organization"},"potentialAction":[{"@type":"SearchAction","target":{"@type":"EntryPoint","urlTemplate":"https:\/\/miumjau.ee\/?s={search_term_string}"},"query-input":{"@type":"PropertyValueSpecification","valueRequired":true,"valueName":"search_term_string"}}],"inLanguage":"lv-LV"},{"@type":"Organization","@id":"https:\/\/miumjau.ee\/#organization","name":"MiuMjau O\u00dc","url":"https:\/\/miumjau.ee\/","logo":{"@type":"ImageObject","inLanguage":"lv-LV","@id":"https:\/\/miumjau.ee\/#\/schema\/logo\/image\/","url":"https:\/\/miumjau.ee\/wp-content\/uploads\/2022\/04\/MiuMjau-logo-kollane.png","contentUrl":"https:\/\/miumjau.ee\/wp-content\/uploads\/2022\/04\/MiuMjau-logo-kollane.png","width":219,"height":100,"caption":"MiuMjau O\u00dc"},"image":{"@id":"https:\/\/miumjau.ee\/#\/schema\/logo\/image\/"},"sameAs":["https:\/\/www.facebook.com\/miumjaupood\/"]}]}},"_links":{"self":[{"href":"https:\/\/miumjau.ee\/lv\/wp-json\/wp\/v2\/product\/55101","targetHints":{"allow":["GET"]}}],"collection":[{"href":"https:\/\/miumjau.ee\/lv\/wp-json\/wp\/v2\/product"}],"about":[{"href":"https:\/\/miumjau.ee\/lv\/wp-json\/wp\/v2\/types\/product"}],"wp:featuredmedia":[{"embeddable":true,"href":"https:\/\/miumjau.ee\/lv\/wp-json\/wp\/v2\/media\/54697"}],"wp:attachment":[{"href":"https:\/\/miumjau.ee\/lv\/wp-json\/wp\/v2\/media?parent=55101"}],"wp:term":[{"taxonomy":"product_brand","embeddable":true,"href":"https:\/\/miumjau.ee\/lv\/wp-json\/wp\/v2\/product_brand?post=55101"},{"taxonomy":"product_cat","embeddable":true,"href":"https:\/\/miumjau.ee\/lv\/wp-json\/wp\/v2\/product_cat?post=55101"},{"taxonomy":"product_tag","embeddable":true,"href":"https:\/\/miumjau.ee\/lv\/wp-json\/wp\/v2\/product_tag?post=55101"}],"curies":[{"name":"wp","href":"https:\/\/api.w.org\/{rel}","templated":true}]}}