{"id":55091,"date":"2026-03-10T12:31:33","date_gmt":"2026-03-10T10:31:33","guid":{"rendered":"https:\/\/miumjau.ee\/toode\/dog-comets-rotallieta-astrotug-oranza\/"},"modified":"2026-03-10T12:31:33","modified_gmt":"2026-03-10T10:31:33","slug":"dog-comets-rotallieta-astrotug-oranza","status":"publish","type":"product","link":"https:\/\/miumjau.ee\/lv\/produkts\/dog-comets-rotallieta-astrotug-oranza\/","title":{"rendered":"Dog Comets rota\u013clieta AstroTug, oran\u017ea"},"content":{"rendered":"","protected":false},"excerpt":{"rendered":"<p data-start=\"861\" data-end=\"1086\">Dog Comets AstroTug ir su\u0146u rota\u013clieta, kas apvieno bumbi\u0146u un virvi, un ir piem\u0113rota su\u0146iem, kuriem pat\u012bk atnest un sp\u0113l\u0113ties.<br data-start=\"988\" data-end=\"991\" \/>\u0160\u012b rota\u013clieta ir ide\u0101li piem\u0113rota akt\u012bvai sp\u0113lei, kur galven\u0101 uzman\u012bba ir me\u0161anai un atne\u0161anai.<\/p>\n<p data-start=\"1088\" data-end=\"1184\">\u0160is produkts nav ko\u0161\u013c\u0101jam\u0101 rota\u013clieta, bet paredz\u0113ts kop\u012bgai rota\u013cai. Bumbi\u0146as diametrs ir 6 cm.<\/p>\n","protected":false},"featured_media":54685,"template":"","meta":[],"product_brand":[],"product_cat":[592],"product_tag":[],"class_list":{"0":"post-55091","1":"product","2":"type-product","3":"status-publish","4":"has-post-thumbnail","6":"product_cat-rotallietas-suniem","8":"first","9":"instock","10":"taxable","11":"shipping-taxable","12":"purchasable","13":"product-type-simple"},"yoast_head":"<!-- This site is optimized with the Yoast SEO plugin v27.2 - https:\/\/yoast.com\/product\/yoast-seo-wordpress\/ -->\n<title>Dog Comets rota\u013clieta AstroTug, oran\u017ea - MiuMjau<\/title>\n<meta name=\"robots\" content=\"index, follow, max-snippet:-1, max-image-preview:large, max-video-preview:-1\" \/>\n<link rel=\"canonical\" href=\"https:\/\/miumjau.ee\/lv\/produkts\/dog-comets-rotallieta-astrotug-oranza\/\" \/>\n<meta property=\"og:locale\" content=\"lv_LV\" \/>\n<meta property=\"og:type\" content=\"article\" \/>\n<meta property=\"og:title\" content=\"Dog Comets rota\u013clieta AstroTug, oran\u017ea - MiuMjau\" \/>\n<meta property=\"og:description\" content=\"Dog Comets AstroTug ir su\u0146u rota\u013clieta, kas apvieno bumbi\u0146u un virvi, un ir piem\u0113rota su\u0146iem, kuriem pat\u012bk atnest un sp\u0113l\u0113ties.\u0160\u012b rota\u013clieta ir ide\u0101li piem\u0113rota akt\u012bvai sp\u0113lei, kur galven\u0101 uzman\u012bba ir me\u0161anai un atne\u0161anai. \u0160is produkts nav ko\u0161\u013c\u0101jam\u0101 rota\u013clieta, bet paredz\u0113ts kop\u012bgai rota\u013cai. Bumbi\u0146as diametrs ir 6 cm.\" \/>\n<meta property=\"og:url\" content=\"https:\/\/miumjau.ee\/lv\/produkts\/dog-comets-rotallieta-astrotug-oranza\/\" \/>\n<meta property=\"og:site_name\" content=\"MiuMjau\" \/>\n<meta property=\"article:publisher\" content=\"https:\/\/www.facebook.com\/miumjaupood\/\" \/>\n<meta property=\"og:image\" content=\"https:\/\/miumjau.ee\/wp-content\/uploads\/2026\/03\/dog-comets-strotug-orange-2.jpg\" \/>\n\t<meta property=\"og:image:width\" content=\"600\" \/>\n\t<meta property=\"og:image:height\" content=\"800\" \/>\n\t<meta property=\"og:image:type\" content=\"image\/jpeg\" \/>\n<meta name=\"twitter:card\" content=\"summary_large_image\" \/>\n<script type=\"application\/ld+json\" class=\"yoast-schema-graph\">{\"@context\":\"https:\/\/schema.org\",\"@graph\":[{\"@type\":\"WebPage\",\"@id\":\"https:\/\/miumjau.ee\/lv\/produkts\/dog-comets-rotallieta-astrotug-oranza\/\",\"url\":\"https:\/\/miumjau.ee\/lv\/produkts\/dog-comets-rotallieta-astrotug-oranza\/\",\"name\":\"Dog Comets rota\u013clieta AstroTug, oran\u017ea - MiuMjau\",\"isPartOf\":{\"@id\":\"https:\/\/miumjau.ee\/#website\"},\"primaryImageOfPage\":{\"@id\":\"https:\/\/miumjau.ee\/lv\/produkts\/dog-comets-rotallieta-astrotug-oranza\/#primaryimage\"},\"image\":{\"@id\":\"https:\/\/miumjau.ee\/lv\/produkts\/dog-comets-rotallieta-astrotug-oranza\/#primaryimage\"},\"thumbnailUrl\":\"https:\/\/miumjau.ee\/wp-content\/uploads\/2026\/03\/dog-comets-strotug-orange-2.jpg\",\"datePublished\":\"2026-03-10T10:31:33+00:00\",\"breadcrumb\":{\"@id\":\"https:\/\/miumjau.ee\/lv\/produkts\/dog-comets-rotallieta-astrotug-oranza\/#breadcrumb\"},\"inLanguage\":\"lv-LV\",\"potentialAction\":[{\"@type\":\"ReadAction\",\"target\":[\"https:\/\/miumjau.ee\/lv\/produkts\/dog-comets-rotallieta-astrotug-oranza\/\"]}]},{\"@type\":\"ImageObject\",\"inLanguage\":\"lv-LV\",\"@id\":\"https:\/\/miumjau.ee\/lv\/produkts\/dog-comets-rotallieta-astrotug-oranza\/#primaryimage\",\"url\":\"https:\/\/miumjau.ee\/wp-content\/uploads\/2026\/03\/dog-comets-strotug-orange-2.jpg\",\"contentUrl\":\"https:\/\/miumjau.ee\/wp-content\/uploads\/2026\/03\/dog-comets-strotug-orange-2.jpg\",\"width\":600,\"height\":800,\"caption\":\"Dog Comets m\u00e4nguasi AstroTug, oranz\"},{\"@type\":\"BreadcrumbList\",\"@id\":\"https:\/\/miumjau.ee\/lv\/produkts\/dog-comets-rotallieta-astrotug-oranza\/#breadcrumb\",\"itemListElement\":[{\"@type\":\"ListItem\",\"position\":1,\"name\":\"Home\",\"item\":\"https:\/\/miumjau.ee\/lv\/\"},{\"@type\":\"ListItem\",\"position\":2,\"name\":\"Veikals\",\"item\":\"https:\/\/miumjau.ee\/lv\/veikals\/\"},{\"@type\":\"ListItem\",\"position\":3,\"name\":\"Dog Comets rota\u013clieta AstroTug, oran\u017ea\"}]},{\"@type\":\"WebSite\",\"@id\":\"https:\/\/miumjau.ee\/#website\",\"url\":\"https:\/\/miumjau.ee\/\",\"name\":\"MiuMjau\",\"description\":\"Kraapimispuud kassidele\",\"publisher\":{\"@id\":\"https:\/\/miumjau.ee\/#organization\"},\"potentialAction\":[{\"@type\":\"SearchAction\",\"target\":{\"@type\":\"EntryPoint\",\"urlTemplate\":\"https:\/\/miumjau.ee\/?s={search_term_string}\"},\"query-input\":{\"@type\":\"PropertyValueSpecification\",\"valueRequired\":true,\"valueName\":\"search_term_string\"}}],\"inLanguage\":\"lv-LV\"},{\"@type\":\"Organization\",\"@id\":\"https:\/\/miumjau.ee\/#organization\",\"name\":\"MiuMjau O\u00dc\",\"url\":\"https:\/\/miumjau.ee\/\",\"logo\":{\"@type\":\"ImageObject\",\"inLanguage\":\"lv-LV\",\"@id\":\"https:\/\/miumjau.ee\/#\/schema\/logo\/image\/\",\"url\":\"https:\/\/miumjau.ee\/wp-content\/uploads\/2022\/04\/MiuMjau-logo-kollane.png\",\"contentUrl\":\"https:\/\/miumjau.ee\/wp-content\/uploads\/2022\/04\/MiuMjau-logo-kollane.png\",\"width\":219,\"height\":100,\"caption\":\"MiuMjau O\u00dc\"},\"image\":{\"@id\":\"https:\/\/miumjau.ee\/#\/schema\/logo\/image\/\"},\"sameAs\":[\"https:\/\/www.facebook.com\/miumjaupood\/\"]}]}<\/script>\n<!-- \/ Yoast SEO plugin. -->","yoast_head_json":{"title":"Dog Comets rota\u013clieta AstroTug, oran\u017ea - MiuMjau","robots":{"index":"index","follow":"follow","max-snippet":"max-snippet:-1","max-image-preview":"max-image-preview:large","max-video-preview":"max-video-preview:-1"},"canonical":"https:\/\/miumjau.ee\/lv\/produkts\/dog-comets-rotallieta-astrotug-oranza\/","og_locale":"lv_LV","og_type":"article","og_title":"Dog Comets rota\u013clieta AstroTug, oran\u017ea - MiuMjau","og_description":"Dog Comets AstroTug ir su\u0146u rota\u013clieta, kas apvieno bumbi\u0146u un virvi, un ir piem\u0113rota su\u0146iem, kuriem pat\u012bk atnest un sp\u0113l\u0113ties.\u0160\u012b rota\u013clieta ir ide\u0101li piem\u0113rota akt\u012bvai sp\u0113lei, kur galven\u0101 uzman\u012bba ir me\u0161anai un atne\u0161anai. \u0160is produkts nav ko\u0161\u013c\u0101jam\u0101 rota\u013clieta, bet paredz\u0113ts kop\u012bgai rota\u013cai. Bumbi\u0146as diametrs ir 6 cm.","og_url":"https:\/\/miumjau.ee\/lv\/produkts\/dog-comets-rotallieta-astrotug-oranza\/","og_site_name":"MiuMjau","article_publisher":"https:\/\/www.facebook.com\/miumjaupood\/","og_image":[{"width":600,"height":800,"url":"https:\/\/miumjau.ee\/wp-content\/uploads\/2026\/03\/dog-comets-strotug-orange-2.jpg","type":"image\/jpeg"}],"twitter_card":"summary_large_image","schema":{"@context":"https:\/\/schema.org","@graph":[{"@type":"WebPage","@id":"https:\/\/miumjau.ee\/lv\/produkts\/dog-comets-rotallieta-astrotug-oranza\/","url":"https:\/\/miumjau.ee\/lv\/produkts\/dog-comets-rotallieta-astrotug-oranza\/","name":"Dog Comets rota\u013clieta AstroTug, oran\u017ea - MiuMjau","isPartOf":{"@id":"https:\/\/miumjau.ee\/#website"},"primaryImageOfPage":{"@id":"https:\/\/miumjau.ee\/lv\/produkts\/dog-comets-rotallieta-astrotug-oranza\/#primaryimage"},"image":{"@id":"https:\/\/miumjau.ee\/lv\/produkts\/dog-comets-rotallieta-astrotug-oranza\/#primaryimage"},"thumbnailUrl":"https:\/\/miumjau.ee\/wp-content\/uploads\/2026\/03\/dog-comets-strotug-orange-2.jpg","datePublished":"2026-03-10T10:31:33+00:00","breadcrumb":{"@id":"https:\/\/miumjau.ee\/lv\/produkts\/dog-comets-rotallieta-astrotug-oranza\/#breadcrumb"},"inLanguage":"lv-LV","potentialAction":[{"@type":"ReadAction","target":["https:\/\/miumjau.ee\/lv\/produkts\/dog-comets-rotallieta-astrotug-oranza\/"]}]},{"@type":"ImageObject","inLanguage":"lv-LV","@id":"https:\/\/miumjau.ee\/lv\/produkts\/dog-comets-rotallieta-astrotug-oranza\/#primaryimage","url":"https:\/\/miumjau.ee\/wp-content\/uploads\/2026\/03\/dog-comets-strotug-orange-2.jpg","contentUrl":"https:\/\/miumjau.ee\/wp-content\/uploads\/2026\/03\/dog-comets-strotug-orange-2.jpg","width":600,"height":800,"caption":"Dog Comets m\u00e4nguasi AstroTug, oranz"},{"@type":"BreadcrumbList","@id":"https:\/\/miumjau.ee\/lv\/produkts\/dog-comets-rotallieta-astrotug-oranza\/#breadcrumb","itemListElement":[{"@type":"ListItem","position":1,"name":"Home","item":"https:\/\/miumjau.ee\/lv\/"},{"@type":"ListItem","position":2,"name":"Veikals","item":"https:\/\/miumjau.ee\/lv\/veikals\/"},{"@type":"ListItem","position":3,"name":"Dog Comets rota\u013clieta AstroTug, oran\u017ea"}]},{"@type":"WebSite","@id":"https:\/\/miumjau.ee\/#website","url":"https:\/\/miumjau.ee\/","name":"MiuMjau","description":"Kraapimispuud kassidele","publisher":{"@id":"https:\/\/miumjau.ee\/#organization"},"potentialAction":[{"@type":"SearchAction","target":{"@type":"EntryPoint","urlTemplate":"https:\/\/miumjau.ee\/?s={search_term_string}"},"query-input":{"@type":"PropertyValueSpecification","valueRequired":true,"valueName":"search_term_string"}}],"inLanguage":"lv-LV"},{"@type":"Organization","@id":"https:\/\/miumjau.ee\/#organization","name":"MiuMjau O\u00dc","url":"https:\/\/miumjau.ee\/","logo":{"@type":"ImageObject","inLanguage":"lv-LV","@id":"https:\/\/miumjau.ee\/#\/schema\/logo\/image\/","url":"https:\/\/miumjau.ee\/wp-content\/uploads\/2022\/04\/MiuMjau-logo-kollane.png","contentUrl":"https:\/\/miumjau.ee\/wp-content\/uploads\/2022\/04\/MiuMjau-logo-kollane.png","width":219,"height":100,"caption":"MiuMjau O\u00dc"},"image":{"@id":"https:\/\/miumjau.ee\/#\/schema\/logo\/image\/"},"sameAs":["https:\/\/www.facebook.com\/miumjaupood\/"]}]}},"_links":{"self":[{"href":"https:\/\/miumjau.ee\/lv\/wp-json\/wp\/v2\/product\/55091","targetHints":{"allow":["GET"]}}],"collection":[{"href":"https:\/\/miumjau.ee\/lv\/wp-json\/wp\/v2\/product"}],"about":[{"href":"https:\/\/miumjau.ee\/lv\/wp-json\/wp\/v2\/types\/product"}],"wp:featuredmedia":[{"embeddable":true,"href":"https:\/\/miumjau.ee\/lv\/wp-json\/wp\/v2\/media\/54685"}],"wp:attachment":[{"href":"https:\/\/miumjau.ee\/lv\/wp-json\/wp\/v2\/media?parent=55091"}],"wp:term":[{"taxonomy":"product_brand","embeddable":true,"href":"https:\/\/miumjau.ee\/lv\/wp-json\/wp\/v2\/product_brand?post=55091"},{"taxonomy":"product_cat","embeddable":true,"href":"https:\/\/miumjau.ee\/lv\/wp-json\/wp\/v2\/product_cat?post=55091"},{"taxonomy":"product_tag","embeddable":true,"href":"https:\/\/miumjau.ee\/lv\/wp-json\/wp\/v2\/product_tag?post=55091"}],"curies":[{"name":"wp","href":"https:\/\/api.w.org\/{rel}","templated":true}]}}