{"id":55070,"date":"2026-03-10T12:45:14","date_gmt":"2026-03-10T10:45:14","guid":{"rendered":"https:\/\/miumjau.ee\/toode\/walkabout-izvelkama-pavada-roza-s\/"},"modified":"2026-03-10T12:45:14","modified_gmt":"2026-03-10T10:45:14","slug":"walkabout-izvelkama-pavada-roza-s","status":"publish","type":"product","link":"https:\/\/miumjau.ee\/lv\/produkts\/walkabout-izvelkama-pavada-roza-s\/","title":{"rendered":"Walkabout izvelkama pavada, roz\u0101 S"},"content":{"rendered":"","protected":false},"excerpt":{"rendered":"<p data-start=\"1318\" data-end=\"1621\">Walkabout izvelkam\u0101s pavadas jau vair\u0101k nek\u0101 10 gadus ir paz\u012bstamas k\u0101 vienas no lab\u0101kaj\u0101m sav\u0101 kategorij\u0101.<br data-start=\"1425\" data-end=\"1428\" \/>Pateicoties unik\u0101lajam m\u012bkstajam rokturim, pavadu ir \u013coti \u0113rti tur\u0113t, un t\u0101 nodro\u0161ina optim\u0101lu kontroli. Papildus pavadai ir rokas siksni\u0146a, kas pal\u012bdz nov\u0113rst t\u0101s nejau\u0161u izsl\u012bd\u0113\u0161anu no rokas.<\/p>\n<p data-start=\"1623\" data-end=\"1643\">Pavada katram sunim!<\/p>\n<p data-start=\"1645\" data-end=\"1806\">XS \u2013 su\u0146iem l\u012bdz 8,16 kg, garums 3,1 m<br data-start=\"1683\" data-end=\"1686\" \/>S \u2013 su\u0146iem l\u012bdz 11,34 kg, garums 4 m<br data-start=\"1722\" data-end=\"1725\" \/>M \u2013 su\u0146iem l\u012bdz 22,68 kg, garums 4,9 m<br data-start=\"1763\" data-end=\"1766\" \/>L \u2013 su\u0146iem l\u012bdz 49,89 kg, garums 4,9 m<\/p>\n","protected":false},"featured_media":54673,"template":"","meta":[],"product_brand":[],"product_cat":[863],"product_tag":[],"class_list":{"0":"post-55070","1":"product","2":"type-product","3":"status-publish","4":"has-post-thumbnail","6":"product_cat-sunu-apgerbi-apavi","8":"first","9":"instock","10":"taxable","11":"shipping-taxable","12":"purchasable","13":"product-type-simple"},"yoast_head":"<!-- This site is optimized with the Yoast SEO plugin v27.4 - https:\/\/yoast.com\/product\/yoast-seo-wordpress\/ -->\n<title>Walkabout izvelkama pavada, roz\u0101 S - MiuMjau<\/title>\n<meta name=\"robots\" content=\"index, follow, max-snippet:-1, max-image-preview:large, max-video-preview:-1\" \/>\n<link rel=\"canonical\" href=\"https:\/\/miumjau.ee\/lv\/produkts\/walkabout-izvelkama-pavada-roza-s\/\" \/>\n<meta property=\"og:locale\" content=\"lv_LV\" \/>\n<meta property=\"og:type\" content=\"article\" \/>\n<meta property=\"og:title\" content=\"Walkabout izvelkama pavada, roz\u0101 S - MiuMjau\" \/>\n<meta property=\"og:description\" content=\"Walkabout izvelkam\u0101s pavadas jau vair\u0101k nek\u0101 10 gadus ir paz\u012bstamas k\u0101 vienas no lab\u0101kaj\u0101m sav\u0101 kategorij\u0101.Pateicoties unik\u0101lajam m\u012bkstajam rokturim, pavadu ir \u013coti \u0113rti tur\u0113t, un t\u0101 nodro\u0161ina optim\u0101lu kontroli. Papildus pavadai ir rokas siksni\u0146a, kas pal\u012bdz nov\u0113rst t\u0101s nejau\u0161u izsl\u012bd\u0113\u0161anu no rokas. Pavada katram sunim! XS \u2013 su\u0146iem l\u012bdz 8,16 kg, garums 3,1 mS \u2013 su\u0146iem l\u012bdz 11,34 kg, garums 4 mM \u2013 su\u0146iem l\u012bdz 22,68 kg, garums 4,9 mL \u2013 su\u0146iem l\u012bdz 49,89 kg, garums 4,9 m\" \/>\n<meta property=\"og:url\" content=\"https:\/\/miumjau.ee\/lv\/produkts\/walkabout-izvelkama-pavada-roza-s\/\" \/>\n<meta property=\"og:site_name\" content=\"MiuMjau\" \/>\n<meta property=\"article:publisher\" content=\"https:\/\/www.facebook.com\/miumjaupood\/\" \/>\n<meta property=\"og:image\" content=\"https:\/\/miumjau.ee\/wp-content\/uploads\/2026\/03\/WALK02405-main.jpg\" \/>\n\t<meta property=\"og:image:width\" content=\"600\" \/>\n\t<meta property=\"og:image:height\" content=\"800\" \/>\n\t<meta property=\"og:image:type\" content=\"image\/jpeg\" \/>\n<meta name=\"twitter:card\" content=\"summary_large_image\" \/>\n<script type=\"application\/ld+json\" class=\"yoast-schema-graph\">{\"@context\":\"https:\\\/\\\/schema.org\",\"@graph\":[{\"@type\":\"WebPage\",\"@id\":\"https:\\\/\\\/miumjau.ee\\\/lv\\\/produkts\\\/walkabout-izvelkama-pavada-roza-s\\\/\",\"url\":\"https:\\\/\\\/miumjau.ee\\\/lv\\\/produkts\\\/walkabout-izvelkama-pavada-roza-s\\\/\",\"name\":\"Walkabout izvelkama pavada, roz\u0101 S - MiuMjau\",\"isPartOf\":{\"@id\":\"https:\\\/\\\/miumjau.ee\\\/#website\"},\"primaryImageOfPage\":{\"@id\":\"https:\\\/\\\/miumjau.ee\\\/lv\\\/produkts\\\/walkabout-izvelkama-pavada-roza-s\\\/#primaryimage\"},\"image\":{\"@id\":\"https:\\\/\\\/miumjau.ee\\\/lv\\\/produkts\\\/walkabout-izvelkama-pavada-roza-s\\\/#primaryimage\"},\"thumbnailUrl\":\"https:\\\/\\\/miumjau.ee\\\/wp-content\\\/uploads\\\/2026\\\/03\\\/WALK02405-main.jpg\",\"datePublished\":\"2026-03-10T10:45:14+00:00\",\"breadcrumb\":{\"@id\":\"https:\\\/\\\/miumjau.ee\\\/lv\\\/produkts\\\/walkabout-izvelkama-pavada-roza-s\\\/#breadcrumb\"},\"inLanguage\":\"lv-LV\",\"potentialAction\":[{\"@type\":\"ReadAction\",\"target\":[\"https:\\\/\\\/miumjau.ee\\\/lv\\\/produkts\\\/walkabout-izvelkama-pavada-roza-s\\\/\"]}]},{\"@type\":\"ImageObject\",\"inLanguage\":\"lv-LV\",\"@id\":\"https:\\\/\\\/miumjau.ee\\\/lv\\\/produkts\\\/walkabout-izvelkama-pavada-roza-s\\\/#primaryimage\",\"url\":\"https:\\\/\\\/miumjau.ee\\\/wp-content\\\/uploads\\\/2026\\\/03\\\/WALK02405-main.jpg\",\"contentUrl\":\"https:\\\/\\\/miumjau.ee\\\/wp-content\\\/uploads\\\/2026\\\/03\\\/WALK02405-main.jpg\",\"width\":600,\"height\":800},{\"@type\":\"BreadcrumbList\",\"@id\":\"https:\\\/\\\/miumjau.ee\\\/lv\\\/produkts\\\/walkabout-izvelkama-pavada-roza-s\\\/#breadcrumb\",\"itemListElement\":[{\"@type\":\"ListItem\",\"position\":1,\"name\":\"Home\",\"item\":\"https:\\\/\\\/miumjau.ee\\\/lv\\\/\"},{\"@type\":\"ListItem\",\"position\":2,\"name\":\"Veikals\",\"item\":\"https:\\\/\\\/miumjau.ee\\\/lv\\\/veikals\\\/\"},{\"@type\":\"ListItem\",\"position\":3,\"name\":\"Walkabout izvelkama pavada, roz\u0101 S\"}]},{\"@type\":\"WebSite\",\"@id\":\"https:\\\/\\\/miumjau.ee\\\/#website\",\"url\":\"https:\\\/\\\/miumjau.ee\\\/\",\"name\":\"MiuMjau\",\"description\":\"Kraapimispuud kassidele\",\"publisher\":{\"@id\":\"https:\\\/\\\/miumjau.ee\\\/#organization\"},\"potentialAction\":[{\"@type\":\"SearchAction\",\"target\":{\"@type\":\"EntryPoint\",\"urlTemplate\":\"https:\\\/\\\/miumjau.ee\\\/?s={search_term_string}\"},\"query-input\":{\"@type\":\"PropertyValueSpecification\",\"valueRequired\":true,\"valueName\":\"search_term_string\"}}],\"inLanguage\":\"lv-LV\"},{\"@type\":\"Organization\",\"@id\":\"https:\\\/\\\/miumjau.ee\\\/#organization\",\"name\":\"MiuMjau O\u00dc\",\"url\":\"https:\\\/\\\/miumjau.ee\\\/\",\"logo\":{\"@type\":\"ImageObject\",\"inLanguage\":\"lv-LV\",\"@id\":\"https:\\\/\\\/miumjau.ee\\\/#\\\/schema\\\/logo\\\/image\\\/\",\"url\":\"https:\\\/\\\/miumjau.ee\\\/wp-content\\\/uploads\\\/2022\\\/04\\\/MiuMjau-logo-kollane.png\",\"contentUrl\":\"https:\\\/\\\/miumjau.ee\\\/wp-content\\\/uploads\\\/2022\\\/04\\\/MiuMjau-logo-kollane.png\",\"width\":219,\"height\":100,\"caption\":\"MiuMjau O\u00dc\"},\"image\":{\"@id\":\"https:\\\/\\\/miumjau.ee\\\/#\\\/schema\\\/logo\\\/image\\\/\"},\"sameAs\":[\"https:\\\/\\\/www.facebook.com\\\/miumjaupood\\\/\"]}]}<\/script>\n<!-- \/ Yoast SEO plugin. -->","yoast_head_json":{"title":"Walkabout izvelkama pavada, roz\u0101 S - MiuMjau","robots":{"index":"index","follow":"follow","max-snippet":"max-snippet:-1","max-image-preview":"max-image-preview:large","max-video-preview":"max-video-preview:-1"},"canonical":"https:\/\/miumjau.ee\/lv\/produkts\/walkabout-izvelkama-pavada-roza-s\/","og_locale":"lv_LV","og_type":"article","og_title":"Walkabout izvelkama pavada, roz\u0101 S - MiuMjau","og_description":"Walkabout izvelkam\u0101s pavadas jau vair\u0101k nek\u0101 10 gadus ir paz\u012bstamas k\u0101 vienas no lab\u0101kaj\u0101m sav\u0101 kategorij\u0101.Pateicoties unik\u0101lajam m\u012bkstajam rokturim, pavadu ir \u013coti \u0113rti tur\u0113t, un t\u0101 nodro\u0161ina optim\u0101lu kontroli. Papildus pavadai ir rokas siksni\u0146a, kas pal\u012bdz nov\u0113rst t\u0101s nejau\u0161u izsl\u012bd\u0113\u0161anu no rokas. Pavada katram sunim! XS \u2013 su\u0146iem l\u012bdz 8,16 kg, garums 3,1 mS \u2013 su\u0146iem l\u012bdz 11,34 kg, garums 4 mM \u2013 su\u0146iem l\u012bdz 22,68 kg, garums 4,9 mL \u2013 su\u0146iem l\u012bdz 49,89 kg, garums 4,9 m","og_url":"https:\/\/miumjau.ee\/lv\/produkts\/walkabout-izvelkama-pavada-roza-s\/","og_site_name":"MiuMjau","article_publisher":"https:\/\/www.facebook.com\/miumjaupood\/","og_image":[{"width":600,"height":800,"url":"https:\/\/miumjau.ee\/wp-content\/uploads\/2026\/03\/WALK02405-main.jpg","type":"image\/jpeg"}],"twitter_card":"summary_large_image","schema":{"@context":"https:\/\/schema.org","@graph":[{"@type":"WebPage","@id":"https:\/\/miumjau.ee\/lv\/produkts\/walkabout-izvelkama-pavada-roza-s\/","url":"https:\/\/miumjau.ee\/lv\/produkts\/walkabout-izvelkama-pavada-roza-s\/","name":"Walkabout izvelkama pavada, roz\u0101 S - MiuMjau","isPartOf":{"@id":"https:\/\/miumjau.ee\/#website"},"primaryImageOfPage":{"@id":"https:\/\/miumjau.ee\/lv\/produkts\/walkabout-izvelkama-pavada-roza-s\/#primaryimage"},"image":{"@id":"https:\/\/miumjau.ee\/lv\/produkts\/walkabout-izvelkama-pavada-roza-s\/#primaryimage"},"thumbnailUrl":"https:\/\/miumjau.ee\/wp-content\/uploads\/2026\/03\/WALK02405-main.jpg","datePublished":"2026-03-10T10:45:14+00:00","breadcrumb":{"@id":"https:\/\/miumjau.ee\/lv\/produkts\/walkabout-izvelkama-pavada-roza-s\/#breadcrumb"},"inLanguage":"lv-LV","potentialAction":[{"@type":"ReadAction","target":["https:\/\/miumjau.ee\/lv\/produkts\/walkabout-izvelkama-pavada-roza-s\/"]}]},{"@type":"ImageObject","inLanguage":"lv-LV","@id":"https:\/\/miumjau.ee\/lv\/produkts\/walkabout-izvelkama-pavada-roza-s\/#primaryimage","url":"https:\/\/miumjau.ee\/wp-content\/uploads\/2026\/03\/WALK02405-main.jpg","contentUrl":"https:\/\/miumjau.ee\/wp-content\/uploads\/2026\/03\/WALK02405-main.jpg","width":600,"height":800},{"@type":"BreadcrumbList","@id":"https:\/\/miumjau.ee\/lv\/produkts\/walkabout-izvelkama-pavada-roza-s\/#breadcrumb","itemListElement":[{"@type":"ListItem","position":1,"name":"Home","item":"https:\/\/miumjau.ee\/lv\/"},{"@type":"ListItem","position":2,"name":"Veikals","item":"https:\/\/miumjau.ee\/lv\/veikals\/"},{"@type":"ListItem","position":3,"name":"Walkabout izvelkama pavada, roz\u0101 S"}]},{"@type":"WebSite","@id":"https:\/\/miumjau.ee\/#website","url":"https:\/\/miumjau.ee\/","name":"MiuMjau","description":"Kraapimispuud kassidele","publisher":{"@id":"https:\/\/miumjau.ee\/#organization"},"potentialAction":[{"@type":"SearchAction","target":{"@type":"EntryPoint","urlTemplate":"https:\/\/miumjau.ee\/?s={search_term_string}"},"query-input":{"@type":"PropertyValueSpecification","valueRequired":true,"valueName":"search_term_string"}}],"inLanguage":"lv-LV"},{"@type":"Organization","@id":"https:\/\/miumjau.ee\/#organization","name":"MiuMjau O\u00dc","url":"https:\/\/miumjau.ee\/","logo":{"@type":"ImageObject","inLanguage":"lv-LV","@id":"https:\/\/miumjau.ee\/#\/schema\/logo\/image\/","url":"https:\/\/miumjau.ee\/wp-content\/uploads\/2022\/04\/MiuMjau-logo-kollane.png","contentUrl":"https:\/\/miumjau.ee\/wp-content\/uploads\/2022\/04\/MiuMjau-logo-kollane.png","width":219,"height":100,"caption":"MiuMjau O\u00dc"},"image":{"@id":"https:\/\/miumjau.ee\/#\/schema\/logo\/image\/"},"sameAs":["https:\/\/www.facebook.com\/miumjaupood\/"]}]}},"_links":{"self":[{"href":"https:\/\/miumjau.ee\/lv\/wp-json\/wp\/v2\/product\/55070","targetHints":{"allow":["GET"]}}],"collection":[{"href":"https:\/\/miumjau.ee\/lv\/wp-json\/wp\/v2\/product"}],"about":[{"href":"https:\/\/miumjau.ee\/lv\/wp-json\/wp\/v2\/types\/product"}],"wp:featuredmedia":[{"embeddable":true,"href":"https:\/\/miumjau.ee\/lv\/wp-json\/wp\/v2\/media\/54673"}],"wp:attachment":[{"href":"https:\/\/miumjau.ee\/lv\/wp-json\/wp\/v2\/media?parent=55070"}],"wp:term":[{"taxonomy":"product_brand","embeddable":true,"href":"https:\/\/miumjau.ee\/lv\/wp-json\/wp\/v2\/product_brand?post=55070"},{"taxonomy":"product_cat","embeddable":true,"href":"https:\/\/miumjau.ee\/lv\/wp-json\/wp\/v2\/product_cat?post=55070"},{"taxonomy":"product_tag","embeddable":true,"href":"https:\/\/miumjau.ee\/lv\/wp-json\/wp\/v2\/product_tag?post=55070"}],"curies":[{"name":"wp","href":"https:\/\/api.w.org\/{rel}","templated":true}]}}