{"id":55044,"date":"2026-03-15T15:59:09","date_gmt":"2026-03-15T13:59:09","guid":{"rendered":"https:\/\/miumjau.ee\/toode\/dr-malou-liofilizeti-vistas-sirdis-kakiem-un-suniem-150g\/"},"modified":"2026-03-15T15:59:09","modified_gmt":"2026-03-15T13:59:09","slug":"dr-malou-liofilizeti-vistas-sirdis-kakiem-un-suniem-150g","status":"publish","type":"product","link":"https:\/\/miumjau.ee\/lv\/produkts\/dr-malou-liofilizeti-vistas-sirdis-kakiem-un-suniem-150g\/","title":{"rendered":"Dr Malou liofiliz\u0113ti vistas sirdis ka\u0137iem un su\u0146iem, 150g"},"content":{"rendered":"","protected":false},"excerpt":{"rendered":"<p data-start=\"4501\" data-end=\"4760\">Dr. Malou papildbar\u012bba ir t\u012brs vesel\u012bbas avots: dabisks, augsta olbaltumvielu satura k\u0101rums, kas izgatavots no 100% vistas sird\u012bm. Katrs gabali\u0146\u0161 (paredz\u0113ts su\u0146iem un ka\u0137iem) nodro\u0161ina dab\u012bgu gar\u0161u, ener\u0123iju un b\u016btiskas uzturvielas viegl\u0101 un krauk\u0161\u0137\u012bg\u0101 form\u0101.<\/p>\n<p data-start=\"4762\" data-end=\"4798\">Papildbar\u012bba su\u0146iem un ka\u0137iem satur:<\/p>\n<p data-start=\"4800\" data-end=\"5465\">100% vistas sirdis \u2013 \u012bpa\u0161i koncentr\u0113ts, viegli sagremojams un augsta olbaltumvielu satura ener\u0123ijas avots. Satur dabisko koenz\u012bmu Q10, kas atbalsta akt\u012bvu m\u0101jdz\u012bvnieku veiktsp\u0113ju un sirds-asinsvadu vesel\u012bbu. Taur\u012bns, neaizvietojama aminosk\u0101be, ir \u012bpa\u0161i svar\u012bgs ka\u0137u sirds vesel\u012bbai un redzei, k\u0101 ar\u012b su\u0146u musku\u013cu funkcijai. Bag\u0101t\u012bgs vitam\u012bnu (tostarp B12) un dzelzs avots atbalsta ener\u0123ijas ra\u017eo\u0161anu \u0161\u016bnu l\u012bmen\u012b un veicina m\u0101jdz\u012bvnieka vitalit\u0101ti. Intens\u012bv\u0101 ga\u013cas gar\u0161a padara vistas sirdis par lielisku balvu un motivatoru treni\u0146a laik\u0101.<br data-start=\"5338\" data-end=\"5341\" \/>Tas ir augst\u0101k\u0101s kvalit\u0101tes produkts, kas rad\u012bts saimniekiem, kuri v\u0113las savam m\u0101jdz\u012bvniekam sniegt lab\u0101ko \u2013 tie\u0161i no dabas.<\/p>\n<p data-start=\"5467\" data-end=\"5631\">bez graudiem, ga\u013cas miltiem un cukura<br data-start=\"5504\" data-end=\"5507\" \/>Svaigums un uzturv\u0113rt\u012bba tiek saglab\u0101ta, pateicoties liofiliz\u0101cijai<br data-start=\"5574\" data-end=\"5577\" \/>Liofiliz\u0101cijas process ir Dr Malou filozofijas pamat\u0101.<\/p>\n<p data-start=\"5633\" data-end=\"5652\">Liofiliz\u0113ta bar\u012bba:<\/p>\n<p data-start=\"5654\" data-end=\"5797\">saglab\u0101 ga\u013cas strukt\u016bru, gar\u0161u, smar\u017eu un uzturvielas,<br data-start=\"5708\" data-end=\"5711\" \/>ir dabiski iztur\u012bga un svaiga, piln\u012bb\u0101 izsl\u0113dzot m\u0101ksl\u012bgo konservantu nepiecie\u0161am\u012bbu<\/p>\n<p data-start=\"5799\" data-end=\"6279\">Ide\u0101li piem\u0113rota k\u0101 \u0101tra balva, barojo\u0161s papildin\u0101jums vai pievilc\u012bgs un interakt\u012bvs elements sp\u0113l\u0113m un treni\u0146iem.<br data-start=\"5913\" data-end=\"5916\" \/>\u0160\u012b modern\u0101, dabas iedvesmot\u0101 tehnolo\u0123ija nodro\u0161ina, ka katrs kumoss ir tikpat barojo\u0161s k\u0101 svaiga ga\u013ca, vienlaikus \u0113rts lieto\u0161anai un uzglab\u0101\u0161anai. Dr. Malou k\u0101rumiem nav nepiecie\u0161ami pievienoti konservanti \u2013 tie ir viegli, iztur\u012bgi un dro\u0161i. Tos var \u0146emt l\u012bdzi pastaig\u0101s, treni\u0146os vai ce\u013cojumos, lai jebkur\u0101 laik\u0101 palutin\u0101tu savu m\u0101jdz\u012bvnieku ar kaut ko vesel\u012bgu.<\/p>\n<p data-start=\"6281\" data-end=\"6580\">Vesel\u012bba tie\u0161i no dabas \u2013 olbaltumvielu, miner\u0101lvielu un vitam\u012bnu sp\u0113ks<br data-start=\"6352\" data-end=\"6355\" \/>Augsts olbaltumvielu saturs (57,5%) un vesel\u012bgie tauki (35,5%) padara tos par lielisku ener\u0123ijas avotu un pal\u012bdz atjaunoties p\u0113c slodzes. Zems mitruma saturs (3%) nodro\u0161ina ilgu uzglab\u0101\u0161anu bez nepiecie\u0161am\u012bbas p\u0113c dzes\u0113\u0161anas.<\/p>\n<p data-start=\"6582\" data-end=\"6720\">Dr Malou vistas sirdis ir dab\u012bgs taur\u012bna, dzelzs, cinka, fosfora un B vitam\u012bnu avots \u2013 sast\u0101vda\u013cas, kas atbalsta visas organisma sist\u0113mas.<\/p>\n<p data-start=\"6722\" data-end=\"7082\">Taur\u012bns nodro\u0161ina pareizu sirds darb\u012bbu un atbalsta redzi un nervu sist\u0113mu.<br data-start=\"6797\" data-end=\"6800\" \/>Dzelzs un fosfors atbalsta asinsradi un sp\u0113c\u012bgus musku\u013cus.<br data-start=\"6858\" data-end=\"6861\" \/>Cinks ietekm\u0113 \u0101das imunit\u0101ti un atjauno\u0161anos.<br data-start=\"6906\" data-end=\"6909\" \/>B vitam\u012bni pie\u0161\u0137ir ener\u0123iju, atbalsta vielmai\u0146u un koncentr\u0113\u0161an\u0101s sp\u0113jas.<br data-start=\"6982\" data-end=\"6985\" \/>Dabiskie tauki nodro\u0161ina sp\u012bd\u012bgu apmatojumu un pal\u012bdz uzs\u016bkties taukos \u0161\u0137\u012bsto\u0161ajiem vitam\u012bniem.<\/p>\n<p data-start=\"7084\" data-end=\"7292\">Tie ir gar\u0161\u012bga balva un dabisks vesel\u012bbas atbalsts \u2013 \u012bpa\u0161i svar\u012bgi akt\u012bviem, jauniem un senioru m\u0101jdz\u012bvniekiem. Regul\u0101ra \u0161o k\u0101rumu do\u0161ana pal\u012bdz uztur\u0113t vesel\u012bgu sirdi, uzlabot pa\u0161saj\u016btu un veicina ilgm\u016b\u017e\u012bbu.<\/p>\n","protected":false},"featured_media":54886,"template":"","meta":[],"product_brand":[],"product_cat":[570,576],"product_tag":[],"class_list":{"0":"post-55044","1":"product","2":"type-product","3":"status-publish","4":"has-post-thumbnail","6":"product_cat-naski","7":"product_cat-naski-suniem","9":"first","10":"instock","11":"taxable","12":"shipping-taxable","13":"purchasable","14":"product-type-simple"},"yoast_head":"<!-- This site is optimized with the Yoast SEO plugin v27.4 - https:\/\/yoast.com\/product\/yoast-seo-wordpress\/ -->\n<title>Dr Malou liofiliz\u0113ti vistas sirdis ka\u0137iem un su\u0146iem, 150g - MiuMjau<\/title>\n<meta name=\"robots\" content=\"index, follow, max-snippet:-1, max-image-preview:large, max-video-preview:-1\" \/>\n<link rel=\"canonical\" href=\"https:\/\/miumjau.ee\/lv\/produkts\/dr-malou-liofilizeti-vistas-sirdis-kakiem-un-suniem-150g\/\" \/>\n<meta property=\"og:locale\" content=\"lv_LV\" \/>\n<meta property=\"og:type\" content=\"article\" \/>\n<meta property=\"og:title\" content=\"Dr Malou liofiliz\u0113ti vistas sirdis ka\u0137iem un su\u0146iem, 150g - MiuMjau\" \/>\n<meta property=\"og:description\" content=\"Dr. Malou papildbar\u012bba ir t\u012brs vesel\u012bbas avots: dabisks, augsta olbaltumvielu satura k\u0101rums, kas izgatavots no 100% vistas sird\u012bm. Katrs gabali\u0146\u0161 (paredz\u0113ts su\u0146iem un ka\u0137iem) nodro\u0161ina dab\u012bgu gar\u0161u, ener\u0123iju un b\u016btiskas uzturvielas viegl\u0101 un krauk\u0161\u0137\u012bg\u0101 form\u0101. Papildbar\u012bba su\u0146iem un ka\u0137iem satur: 100% vistas sirdis \u2013 \u012bpa\u0161i koncentr\u0113ts, viegli sagremojams un augsta olbaltumvielu satura ener\u0123ijas avots. Satur dabisko koenz\u012bmu Q10, kas atbalsta akt\u012bvu m\u0101jdz\u012bvnieku veiktsp\u0113ju un sirds-asinsvadu vesel\u012bbu. Taur\u012bns, neaizvietojama aminosk\u0101be, ir \u012bpa\u0161i svar\u012bgs ka\u0137u sirds vesel\u012bbai un redzei, k\u0101 ar\u012b su\u0146u musku\u013cu funkcijai. Bag\u0101t\u012bgs vitam\u012bnu (tostarp B12) un dzelzs avots atbalsta ener\u0123ijas ra\u017eo\u0161anu \u0161\u016bnu l\u012bmen\u012b un veicina m\u0101jdz\u012bvnieka vitalit\u0101ti. Intens\u012bv\u0101 ga\u013cas gar\u0161a padara vistas sirdis par lielisku balvu un motivatoru treni\u0146a laik\u0101.Tas ir augst\u0101k\u0101s kvalit\u0101tes produkts, kas rad\u012bts saimniekiem, kuri v\u0113las savam m\u0101jdz\u012bvniekam sniegt lab\u0101ko \u2013 tie\u0161i no dabas. bez graudiem, ga\u013cas miltiem un cukuraSvaigums un uzturv\u0113rt\u012bba tiek saglab\u0101ta, pateicoties liofiliz\u0101cijaiLiofiliz\u0101cijas process ir Dr Malou filozofijas pamat\u0101. Liofiliz\u0113ta bar\u012bba: saglab\u0101 ga\u013cas strukt\u016bru, gar\u0161u, smar\u017eu un uzturvielas,ir dabiski iztur\u012bga un svaiga, piln\u012bb\u0101 izsl\u0113dzot m\u0101ksl\u012bgo konservantu nepiecie\u0161am\u012bbu Ide\u0101li piem\u0113rota k\u0101 \u0101tra balva, barojo\u0161s papildin\u0101jums vai pievilc\u012bgs un interakt\u012bvs elements sp\u0113l\u0113m un treni\u0146iem.\u0160\u012b modern\u0101, dabas iedvesmot\u0101 tehnolo\u0123ija nodro\u0161ina, ka katrs kumoss ir tikpat barojo\u0161s k\u0101 svaiga ga\u013ca, vienlaikus \u0113rts lieto\u0161anai un uzglab\u0101\u0161anai. Dr. Malou k\u0101rumiem nav nepiecie\u0161ami pievienoti konservanti \u2013 tie ir viegli, iztur\u012bgi un dro\u0161i. Tos var \u0146emt l\u012bdzi pastaig\u0101s, treni\u0146os vai ce\u013cojumos, lai jebkur\u0101 laik\u0101 palutin\u0101tu savu m\u0101jdz\u012bvnieku ar kaut ko vesel\u012bgu. Vesel\u012bba tie\u0161i no dabas \u2013 olbaltumvielu, miner\u0101lvielu un vitam\u012bnu sp\u0113ksAugsts olbaltumvielu saturs (57,5%) un vesel\u012bgie tauki (35,5%) padara tos par lielisku ener\u0123ijas avotu un pal\u012bdz atjaunoties p\u0113c slodzes. Zems mitruma saturs (3%) nodro\u0161ina ilgu uzglab\u0101\u0161anu bez nepiecie\u0161am\u012bbas p\u0113c dzes\u0113\u0161anas. Dr Malou vistas sirdis ir dab\u012bgs taur\u012bna, dzelzs, cinka, fosfora un B vitam\u012bnu avots \u2013 sast\u0101vda\u013cas, kas atbalsta visas organisma sist\u0113mas. Taur\u012bns nodro\u0161ina pareizu sirds darb\u012bbu un atbalsta redzi un nervu sist\u0113mu.Dzelzs un fosfors atbalsta asinsradi un sp\u0113c\u012bgus musku\u013cus.Cinks ietekm\u0113 \u0101das imunit\u0101ti un atjauno\u0161anos.B vitam\u012bni pie\u0161\u0137ir ener\u0123iju, atbalsta vielmai\u0146u un koncentr\u0113\u0161an\u0101s sp\u0113jas.Dabiskie tauki nodro\u0161ina sp\u012bd\u012bgu apmatojumu un pal\u012bdz uzs\u016bkties taukos \u0161\u0137\u012bsto\u0161ajiem vitam\u012bniem. Tie ir gar\u0161\u012bga balva un dabisks vesel\u012bbas atbalsts \u2013 \u012bpa\u0161i svar\u012bgi akt\u012bviem, jauniem un senioru m\u0101jdz\u012bvniekiem. Regul\u0101ra \u0161o k\u0101rumu do\u0161ana pal\u012bdz uztur\u0113t vesel\u012bgu sirdi, uzlabot pa\u0161saj\u016btu un veicina ilgm\u016b\u017e\u012bbu.\" \/>\n<meta property=\"og:url\" content=\"https:\/\/miumjau.ee\/lv\/produkts\/dr-malou-liofilizeti-vistas-sirdis-kakiem-un-suniem-150g\/\" \/>\n<meta property=\"og:site_name\" content=\"MiuMjau\" \/>\n<meta property=\"article:publisher\" content=\"https:\/\/www.facebook.com\/miumjaupood\/\" \/>\n<meta property=\"og:image\" content=\"https:\/\/miumjau.ee\/wp-content\/uploads\/2026\/03\/dr-malou-kanasudamed-150g1.jpg\" \/>\n\t<meta property=\"og:image:width\" content=\"600\" \/>\n\t<meta property=\"og:image:height\" content=\"800\" \/>\n\t<meta property=\"og:image:type\" content=\"image\/jpeg\" \/>\n<meta name=\"twitter:card\" content=\"summary_large_image\" \/>\n<script type=\"application\/ld+json\" class=\"yoast-schema-graph\">{\"@context\":\"https:\\\/\\\/schema.org\",\"@graph\":[{\"@type\":\"WebPage\",\"@id\":\"https:\\\/\\\/miumjau.ee\\\/lv\\\/produkts\\\/dr-malou-liofilizeti-vistas-sirdis-kakiem-un-suniem-150g\\\/\",\"url\":\"https:\\\/\\\/miumjau.ee\\\/lv\\\/produkts\\\/dr-malou-liofilizeti-vistas-sirdis-kakiem-un-suniem-150g\\\/\",\"name\":\"Dr Malou liofiliz\u0113ti vistas sirdis ka\u0137iem un su\u0146iem, 150g - MiuMjau\",\"isPartOf\":{\"@id\":\"https:\\\/\\\/miumjau.ee\\\/#website\"},\"primaryImageOfPage\":{\"@id\":\"https:\\\/\\\/miumjau.ee\\\/lv\\\/produkts\\\/dr-malou-liofilizeti-vistas-sirdis-kakiem-un-suniem-150g\\\/#primaryimage\"},\"image\":{\"@id\":\"https:\\\/\\\/miumjau.ee\\\/lv\\\/produkts\\\/dr-malou-liofilizeti-vistas-sirdis-kakiem-un-suniem-150g\\\/#primaryimage\"},\"thumbnailUrl\":\"https:\\\/\\\/miumjau.ee\\\/wp-content\\\/uploads\\\/2026\\\/03\\\/dr-malou-kanasudamed-150g1.jpg\",\"datePublished\":\"2026-03-15T13:59:09+00:00\",\"breadcrumb\":{\"@id\":\"https:\\\/\\\/miumjau.ee\\\/lv\\\/produkts\\\/dr-malou-liofilizeti-vistas-sirdis-kakiem-un-suniem-150g\\\/#breadcrumb\"},\"inLanguage\":\"lv-LV\",\"potentialAction\":[{\"@type\":\"ReadAction\",\"target\":[\"https:\\\/\\\/miumjau.ee\\\/lv\\\/produkts\\\/dr-malou-liofilizeti-vistas-sirdis-kakiem-un-suniem-150g\\\/\"]}]},{\"@type\":\"ImageObject\",\"inLanguage\":\"lv-LV\",\"@id\":\"https:\\\/\\\/miumjau.ee\\\/lv\\\/produkts\\\/dr-malou-liofilizeti-vistas-sirdis-kakiem-un-suniem-150g\\\/#primaryimage\",\"url\":\"https:\\\/\\\/miumjau.ee\\\/wp-content\\\/uploads\\\/2026\\\/03\\\/dr-malou-kanasudamed-150g1.jpg\",\"contentUrl\":\"https:\\\/\\\/miumjau.ee\\\/wp-content\\\/uploads\\\/2026\\\/03\\\/dr-malou-kanasudamed-150g1.jpg\",\"width\":600,\"height\":800,\"caption\":\"Dr Malou k\u00fclmkuivatatud kanas\u00fcdamed kassidele ja koertele 150g\"},{\"@type\":\"BreadcrumbList\",\"@id\":\"https:\\\/\\\/miumjau.ee\\\/lv\\\/produkts\\\/dr-malou-liofilizeti-vistas-sirdis-kakiem-un-suniem-150g\\\/#breadcrumb\",\"itemListElement\":[{\"@type\":\"ListItem\",\"position\":1,\"name\":\"Home\",\"item\":\"https:\\\/\\\/miumjau.ee\\\/lv\\\/\"},{\"@type\":\"ListItem\",\"position\":2,\"name\":\"Veikals\",\"item\":\"https:\\\/\\\/miumjau.ee\\\/lv\\\/veikals\\\/\"},{\"@type\":\"ListItem\",\"position\":3,\"name\":\"Dr Malou liofiliz\u0113ti vistas sirdis ka\u0137iem un su\u0146iem, 150g\"}]},{\"@type\":\"WebSite\",\"@id\":\"https:\\\/\\\/miumjau.ee\\\/#website\",\"url\":\"https:\\\/\\\/miumjau.ee\\\/\",\"name\":\"MiuMjau\",\"description\":\"Kraapimispuud kassidele\",\"publisher\":{\"@id\":\"https:\\\/\\\/miumjau.ee\\\/#organization\"},\"potentialAction\":[{\"@type\":\"SearchAction\",\"target\":{\"@type\":\"EntryPoint\",\"urlTemplate\":\"https:\\\/\\\/miumjau.ee\\\/?s={search_term_string}\"},\"query-input\":{\"@type\":\"PropertyValueSpecification\",\"valueRequired\":true,\"valueName\":\"search_term_string\"}}],\"inLanguage\":\"lv-LV\"},{\"@type\":\"Organization\",\"@id\":\"https:\\\/\\\/miumjau.ee\\\/#organization\",\"name\":\"MiuMjau O\u00dc\",\"url\":\"https:\\\/\\\/miumjau.ee\\\/\",\"logo\":{\"@type\":\"ImageObject\",\"inLanguage\":\"lv-LV\",\"@id\":\"https:\\\/\\\/miumjau.ee\\\/#\\\/schema\\\/logo\\\/image\\\/\",\"url\":\"https:\\\/\\\/miumjau.ee\\\/wp-content\\\/uploads\\\/2022\\\/04\\\/MiuMjau-logo-kollane.png\",\"contentUrl\":\"https:\\\/\\\/miumjau.ee\\\/wp-content\\\/uploads\\\/2022\\\/04\\\/MiuMjau-logo-kollane.png\",\"width\":219,\"height\":100,\"caption\":\"MiuMjau O\u00dc\"},\"image\":{\"@id\":\"https:\\\/\\\/miumjau.ee\\\/#\\\/schema\\\/logo\\\/image\\\/\"},\"sameAs\":[\"https:\\\/\\\/www.facebook.com\\\/miumjaupood\\\/\"]}]}<\/script>\n<!-- \/ Yoast SEO plugin. -->","yoast_head_json":{"title":"Dr Malou liofiliz\u0113ti vistas sirdis ka\u0137iem un su\u0146iem, 150g - MiuMjau","robots":{"index":"index","follow":"follow","max-snippet":"max-snippet:-1","max-image-preview":"max-image-preview:large","max-video-preview":"max-video-preview:-1"},"canonical":"https:\/\/miumjau.ee\/lv\/produkts\/dr-malou-liofilizeti-vistas-sirdis-kakiem-un-suniem-150g\/","og_locale":"lv_LV","og_type":"article","og_title":"Dr Malou liofiliz\u0113ti vistas sirdis ka\u0137iem un su\u0146iem, 150g - MiuMjau","og_description":"Dr. Malou papildbar\u012bba ir t\u012brs vesel\u012bbas avots: dabisks, augsta olbaltumvielu satura k\u0101rums, kas izgatavots no 100% vistas sird\u012bm. Katrs gabali\u0146\u0161 (paredz\u0113ts su\u0146iem un ka\u0137iem) nodro\u0161ina dab\u012bgu gar\u0161u, ener\u0123iju un b\u016btiskas uzturvielas viegl\u0101 un krauk\u0161\u0137\u012bg\u0101 form\u0101. Papildbar\u012bba su\u0146iem un ka\u0137iem satur: 100% vistas sirdis \u2013 \u012bpa\u0161i koncentr\u0113ts, viegli sagremojams un augsta olbaltumvielu satura ener\u0123ijas avots. Satur dabisko koenz\u012bmu Q10, kas atbalsta akt\u012bvu m\u0101jdz\u012bvnieku veiktsp\u0113ju un sirds-asinsvadu vesel\u012bbu. Taur\u012bns, neaizvietojama aminosk\u0101be, ir \u012bpa\u0161i svar\u012bgs ka\u0137u sirds vesel\u012bbai un redzei, k\u0101 ar\u012b su\u0146u musku\u013cu funkcijai. Bag\u0101t\u012bgs vitam\u012bnu (tostarp B12) un dzelzs avots atbalsta ener\u0123ijas ra\u017eo\u0161anu \u0161\u016bnu l\u012bmen\u012b un veicina m\u0101jdz\u012bvnieka vitalit\u0101ti. Intens\u012bv\u0101 ga\u013cas gar\u0161a padara vistas sirdis par lielisku balvu un motivatoru treni\u0146a laik\u0101.Tas ir augst\u0101k\u0101s kvalit\u0101tes produkts, kas rad\u012bts saimniekiem, kuri v\u0113las savam m\u0101jdz\u012bvniekam sniegt lab\u0101ko \u2013 tie\u0161i no dabas. bez graudiem, ga\u013cas miltiem un cukuraSvaigums un uzturv\u0113rt\u012bba tiek saglab\u0101ta, pateicoties liofiliz\u0101cijaiLiofiliz\u0101cijas process ir Dr Malou filozofijas pamat\u0101. Liofiliz\u0113ta bar\u012bba: saglab\u0101 ga\u013cas strukt\u016bru, gar\u0161u, smar\u017eu un uzturvielas,ir dabiski iztur\u012bga un svaiga, piln\u012bb\u0101 izsl\u0113dzot m\u0101ksl\u012bgo konservantu nepiecie\u0161am\u012bbu Ide\u0101li piem\u0113rota k\u0101 \u0101tra balva, barojo\u0161s papildin\u0101jums vai pievilc\u012bgs un interakt\u012bvs elements sp\u0113l\u0113m un treni\u0146iem.\u0160\u012b modern\u0101, dabas iedvesmot\u0101 tehnolo\u0123ija nodro\u0161ina, ka katrs kumoss ir tikpat barojo\u0161s k\u0101 svaiga ga\u013ca, vienlaikus \u0113rts lieto\u0161anai un uzglab\u0101\u0161anai. Dr. Malou k\u0101rumiem nav nepiecie\u0161ami pievienoti konservanti \u2013 tie ir viegli, iztur\u012bgi un dro\u0161i. Tos var \u0146emt l\u012bdzi pastaig\u0101s, treni\u0146os vai ce\u013cojumos, lai jebkur\u0101 laik\u0101 palutin\u0101tu savu m\u0101jdz\u012bvnieku ar kaut ko vesel\u012bgu. Vesel\u012bba tie\u0161i no dabas \u2013 olbaltumvielu, miner\u0101lvielu un vitam\u012bnu sp\u0113ksAugsts olbaltumvielu saturs (57,5%) un vesel\u012bgie tauki (35,5%) padara tos par lielisku ener\u0123ijas avotu un pal\u012bdz atjaunoties p\u0113c slodzes. Zems mitruma saturs (3%) nodro\u0161ina ilgu uzglab\u0101\u0161anu bez nepiecie\u0161am\u012bbas p\u0113c dzes\u0113\u0161anas. Dr Malou vistas sirdis ir dab\u012bgs taur\u012bna, dzelzs, cinka, fosfora un B vitam\u012bnu avots \u2013 sast\u0101vda\u013cas, kas atbalsta visas organisma sist\u0113mas. Taur\u012bns nodro\u0161ina pareizu sirds darb\u012bbu un atbalsta redzi un nervu sist\u0113mu.Dzelzs un fosfors atbalsta asinsradi un sp\u0113c\u012bgus musku\u013cus.Cinks ietekm\u0113 \u0101das imunit\u0101ti un atjauno\u0161anos.B vitam\u012bni pie\u0161\u0137ir ener\u0123iju, atbalsta vielmai\u0146u un koncentr\u0113\u0161an\u0101s sp\u0113jas.Dabiskie tauki nodro\u0161ina sp\u012bd\u012bgu apmatojumu un pal\u012bdz uzs\u016bkties taukos \u0161\u0137\u012bsto\u0161ajiem vitam\u012bniem. Tie ir gar\u0161\u012bga balva un dabisks vesel\u012bbas atbalsts \u2013 \u012bpa\u0161i svar\u012bgi akt\u012bviem, jauniem un senioru m\u0101jdz\u012bvniekiem. Regul\u0101ra \u0161o k\u0101rumu do\u0161ana pal\u012bdz uztur\u0113t vesel\u012bgu sirdi, uzlabot pa\u0161saj\u016btu un veicina ilgm\u016b\u017e\u012bbu.","og_url":"https:\/\/miumjau.ee\/lv\/produkts\/dr-malou-liofilizeti-vistas-sirdis-kakiem-un-suniem-150g\/","og_site_name":"MiuMjau","article_publisher":"https:\/\/www.facebook.com\/miumjaupood\/","og_image":[{"width":600,"height":800,"url":"https:\/\/miumjau.ee\/wp-content\/uploads\/2026\/03\/dr-malou-kanasudamed-150g1.jpg","type":"image\/jpeg"}],"twitter_card":"summary_large_image","schema":{"@context":"https:\/\/schema.org","@graph":[{"@type":"WebPage","@id":"https:\/\/miumjau.ee\/lv\/produkts\/dr-malou-liofilizeti-vistas-sirdis-kakiem-un-suniem-150g\/","url":"https:\/\/miumjau.ee\/lv\/produkts\/dr-malou-liofilizeti-vistas-sirdis-kakiem-un-suniem-150g\/","name":"Dr Malou liofiliz\u0113ti vistas sirdis ka\u0137iem un su\u0146iem, 150g - MiuMjau","isPartOf":{"@id":"https:\/\/miumjau.ee\/#website"},"primaryImageOfPage":{"@id":"https:\/\/miumjau.ee\/lv\/produkts\/dr-malou-liofilizeti-vistas-sirdis-kakiem-un-suniem-150g\/#primaryimage"},"image":{"@id":"https:\/\/miumjau.ee\/lv\/produkts\/dr-malou-liofilizeti-vistas-sirdis-kakiem-un-suniem-150g\/#primaryimage"},"thumbnailUrl":"https:\/\/miumjau.ee\/wp-content\/uploads\/2026\/03\/dr-malou-kanasudamed-150g1.jpg","datePublished":"2026-03-15T13:59:09+00:00","breadcrumb":{"@id":"https:\/\/miumjau.ee\/lv\/produkts\/dr-malou-liofilizeti-vistas-sirdis-kakiem-un-suniem-150g\/#breadcrumb"},"inLanguage":"lv-LV","potentialAction":[{"@type":"ReadAction","target":["https:\/\/miumjau.ee\/lv\/produkts\/dr-malou-liofilizeti-vistas-sirdis-kakiem-un-suniem-150g\/"]}]},{"@type":"ImageObject","inLanguage":"lv-LV","@id":"https:\/\/miumjau.ee\/lv\/produkts\/dr-malou-liofilizeti-vistas-sirdis-kakiem-un-suniem-150g\/#primaryimage","url":"https:\/\/miumjau.ee\/wp-content\/uploads\/2026\/03\/dr-malou-kanasudamed-150g1.jpg","contentUrl":"https:\/\/miumjau.ee\/wp-content\/uploads\/2026\/03\/dr-malou-kanasudamed-150g1.jpg","width":600,"height":800,"caption":"Dr Malou k\u00fclmkuivatatud kanas\u00fcdamed kassidele ja koertele 150g"},{"@type":"BreadcrumbList","@id":"https:\/\/miumjau.ee\/lv\/produkts\/dr-malou-liofilizeti-vistas-sirdis-kakiem-un-suniem-150g\/#breadcrumb","itemListElement":[{"@type":"ListItem","position":1,"name":"Home","item":"https:\/\/miumjau.ee\/lv\/"},{"@type":"ListItem","position":2,"name":"Veikals","item":"https:\/\/miumjau.ee\/lv\/veikals\/"},{"@type":"ListItem","position":3,"name":"Dr Malou liofiliz\u0113ti vistas sirdis ka\u0137iem un su\u0146iem, 150g"}]},{"@type":"WebSite","@id":"https:\/\/miumjau.ee\/#website","url":"https:\/\/miumjau.ee\/","name":"MiuMjau","description":"Kraapimispuud kassidele","publisher":{"@id":"https:\/\/miumjau.ee\/#organization"},"potentialAction":[{"@type":"SearchAction","target":{"@type":"EntryPoint","urlTemplate":"https:\/\/miumjau.ee\/?s={search_term_string}"},"query-input":{"@type":"PropertyValueSpecification","valueRequired":true,"valueName":"search_term_string"}}],"inLanguage":"lv-LV"},{"@type":"Organization","@id":"https:\/\/miumjau.ee\/#organization","name":"MiuMjau O\u00dc","url":"https:\/\/miumjau.ee\/","logo":{"@type":"ImageObject","inLanguage":"lv-LV","@id":"https:\/\/miumjau.ee\/#\/schema\/logo\/image\/","url":"https:\/\/miumjau.ee\/wp-content\/uploads\/2022\/04\/MiuMjau-logo-kollane.png","contentUrl":"https:\/\/miumjau.ee\/wp-content\/uploads\/2022\/04\/MiuMjau-logo-kollane.png","width":219,"height":100,"caption":"MiuMjau O\u00dc"},"image":{"@id":"https:\/\/miumjau.ee\/#\/schema\/logo\/image\/"},"sameAs":["https:\/\/www.facebook.com\/miumjaupood\/"]}]}},"_links":{"self":[{"href":"https:\/\/miumjau.ee\/lv\/wp-json\/wp\/v2\/product\/55044","targetHints":{"allow":["GET"]}}],"collection":[{"href":"https:\/\/miumjau.ee\/lv\/wp-json\/wp\/v2\/product"}],"about":[{"href":"https:\/\/miumjau.ee\/lv\/wp-json\/wp\/v2\/types\/product"}],"wp:featuredmedia":[{"embeddable":true,"href":"https:\/\/miumjau.ee\/lv\/wp-json\/wp\/v2\/media\/54886"}],"wp:attachment":[{"href":"https:\/\/miumjau.ee\/lv\/wp-json\/wp\/v2\/media?parent=55044"}],"wp:term":[{"taxonomy":"product_brand","embeddable":true,"href":"https:\/\/miumjau.ee\/lv\/wp-json\/wp\/v2\/product_brand?post=55044"},{"taxonomy":"product_cat","embeddable":true,"href":"https:\/\/miumjau.ee\/lv\/wp-json\/wp\/v2\/product_cat?post=55044"},{"taxonomy":"product_tag","embeddable":true,"href":"https:\/\/miumjau.ee\/lv\/wp-json\/wp\/v2\/product_tag?post=55044"}],"curies":[{"name":"wp","href":"https:\/\/api.w.org\/{rel}","templated":true}]}}