{"id":55038,"date":"2026-03-15T16:15:22","date_gmt":"2026-03-15T14:15:22","guid":{"rendered":"https:\/\/miumjau.ee\/toode\/dr-malou-liofilizeti-karumi-ar-vistas-fileju-un-miezu-zali-50g\/"},"modified":"2026-03-15T16:15:22","modified_gmt":"2026-03-15T14:15:22","slug":"dr-malou-liofilizeti-karumi-ar-vistas-fileju-un-miezu-zali-50g","status":"publish","type":"product","link":"https:\/\/miumjau.ee\/lv\/produkts\/dr-malou-liofilizeti-karumi-ar-vistas-fileju-un-miezu-zali-50g\/","title":{"rendered":"Dr Malou liofiliz\u0113ti k\u0101rumi ar vistas fileju un mie\u017eu z\u0101li, 50g"},"content":{"rendered":"","protected":false},"excerpt":{"rendered":"<p data-start=\"1359\" data-end=\"1605\">Dabiski un gar\u0161\u012bgi ka\u0137u k\u0101rumi ar vistu un mie\u017eu z\u0101li ir vesel\u012bgs papildin\u0101jums j\u016bsu ka\u0137a ikdienas uzturam. Liofiliz\u0113ti kubi\u0146i ar augstu ga\u013cas saturu nodro\u0161ina bag\u0101t\u012bgu gar\u0161u un v\u0113rt\u012bgas uzturvielas, kas atbalsta j\u016bsu ka\u0137a labsaj\u016btu un gremo\u0161anu.<\/p>\n<p data-start=\"1607\" data-end=\"1901\">K\u0101rumi ir izgatavoti no augstas kvalit\u0101tes vistas kr\u016bti\u0146as un vistas akn\u0101m, kas ir dab\u012bgs olbaltumvielu avots un pal\u012bdz uztur\u0113t ka\u0137i ener\u0123isku un akt\u012bvu. Pievienot\u0101 mie\u017eu z\u0101le ir paz\u012bstama ar savu \u0161\u0137iedrvielu un hlorofila saturu, kas pal\u012bdz atbalst\u012bt gremo\u0161anu un organisma dabisko att\u012br\u012b\u0161anos.<\/p>\n<p data-start=\"1903\" data-end=\"2113\">Pateicoties liofiliz\u0101cijas tehnolo\u0123ijai, sast\u0101vda\u013cu dabisk\u0101 gar\u0161a, arom\u0101ts un uzturv\u0113rt\u012bba tiek saglab\u0101ta bez augstas temperat\u016bras izmanto\u0161anas. Tas padara k\u0101rumus \u012bpa\u0161i gar\u0161\u012bgus un vienlaikus vesel\u012bgus ka\u0137iem.<\/p>\n<p data-start=\"2115\" data-end=\"2256\">\u0160ie ka\u0137u k\u0101rumi ir lieliski piem\u0113roti k\u0101 balva, treni\u0146u na\u0161\u0137is vai k\u0101 papildin\u0101jums ikdienas bar\u012bbai, un tie ir piem\u0113roti visu vecumu ka\u0137iem.<\/p>\n<p data-start=\"2258\" data-end=\"2304\">Galven\u0101s priek\u0161roc\u012bbas<br data-start=\"2280\" data-end=\"2283\" \/>augsts ga\u013cas saturs<\/p>\n<p data-start=\"2306\" data-end=\"2353\">izgatavoti no vistas kr\u016bti\u0146as un vistas akn\u0101m<\/p>\n<p data-start=\"2355\" data-end=\"2394\">satur mie\u017eu z\u0101li gremo\u0161anas atbalstam<\/p>\n<p data-start=\"2396\" data-end=\"2440\">liofiliz\u0113ti \u2013 saglab\u0101 uzturvielas un gar\u0161u<\/p>\n<p data-start=\"2442\" data-end=\"2472\">piem\u0113roti visu vecumu ka\u0137iem<\/p>\n<p data-start=\"2474\" data-end=\"2541\">Sast\u0101vs: vistas kr\u016bti\u0146a 84%, vistas aknas 5%, \u017e\u0101v\u0113ta mie\u017eu z\u0101le 5%.<\/p>\n","protected":false},"featured_media":54898,"template":"","meta":[],"product_brand":[],"product_cat":[570],"product_tag":[],"class_list":{"0":"post-55038","1":"product","2":"type-product","3":"status-publish","4":"has-post-thumbnail","6":"product_cat-naski","8":"first","9":"instock","10":"taxable","11":"shipping-taxable","12":"purchasable","13":"product-type-simple"},"yoast_head":"<!-- This site is optimized with the Yoast SEO plugin v27.4 - https:\/\/yoast.com\/product\/yoast-seo-wordpress\/ -->\n<title>Dr Malou liofiliz\u0113ti k\u0101rumi ar vistas fileju un mie\u017eu z\u0101li, 50g - MiuMjau<\/title>\n<meta name=\"robots\" content=\"index, follow, max-snippet:-1, max-image-preview:large, max-video-preview:-1\" \/>\n<link rel=\"canonical\" href=\"https:\/\/miumjau.ee\/lv\/produkts\/dr-malou-liofilizeti-karumi-ar-vistas-fileju-un-miezu-zali-50g\/\" \/>\n<meta property=\"og:locale\" content=\"lv_LV\" \/>\n<meta property=\"og:type\" content=\"article\" \/>\n<meta property=\"og:title\" content=\"Dr Malou liofiliz\u0113ti k\u0101rumi ar vistas fileju un mie\u017eu z\u0101li, 50g - MiuMjau\" \/>\n<meta property=\"og:description\" content=\"Dabiski un gar\u0161\u012bgi ka\u0137u k\u0101rumi ar vistu un mie\u017eu z\u0101li ir vesel\u012bgs papildin\u0101jums j\u016bsu ka\u0137a ikdienas uzturam. Liofiliz\u0113ti kubi\u0146i ar augstu ga\u013cas saturu nodro\u0161ina bag\u0101t\u012bgu gar\u0161u un v\u0113rt\u012bgas uzturvielas, kas atbalsta j\u016bsu ka\u0137a labsaj\u016btu un gremo\u0161anu. K\u0101rumi ir izgatavoti no augstas kvalit\u0101tes vistas kr\u016bti\u0146as un vistas akn\u0101m, kas ir dab\u012bgs olbaltumvielu avots un pal\u012bdz uztur\u0113t ka\u0137i ener\u0123isku un akt\u012bvu. Pievienot\u0101 mie\u017eu z\u0101le ir paz\u012bstama ar savu \u0161\u0137iedrvielu un hlorofila saturu, kas pal\u012bdz atbalst\u012bt gremo\u0161anu un organisma dabisko att\u012br\u012b\u0161anos. Pateicoties liofiliz\u0101cijas tehnolo\u0123ijai, sast\u0101vda\u013cu dabisk\u0101 gar\u0161a, arom\u0101ts un uzturv\u0113rt\u012bba tiek saglab\u0101ta bez augstas temperat\u016bras izmanto\u0161anas. Tas padara k\u0101rumus \u012bpa\u0161i gar\u0161\u012bgus un vienlaikus vesel\u012bgus ka\u0137iem. \u0160ie ka\u0137u k\u0101rumi ir lieliski piem\u0113roti k\u0101 balva, treni\u0146u na\u0161\u0137is vai k\u0101 papildin\u0101jums ikdienas bar\u012bbai, un tie ir piem\u0113roti visu vecumu ka\u0137iem. Galven\u0101s priek\u0161roc\u012bbasaugsts ga\u013cas saturs izgatavoti no vistas kr\u016bti\u0146as un vistas akn\u0101m satur mie\u017eu z\u0101li gremo\u0161anas atbalstam liofiliz\u0113ti \u2013 saglab\u0101 uzturvielas un gar\u0161u piem\u0113roti visu vecumu ka\u0137iem Sast\u0101vs: vistas kr\u016bti\u0146a 84%, vistas aknas 5%, \u017e\u0101v\u0113ta mie\u017eu z\u0101le 5%.\" \/>\n<meta property=\"og:url\" content=\"https:\/\/miumjau.ee\/lv\/produkts\/dr-malou-liofilizeti-karumi-ar-vistas-fileju-un-miezu-zali-50g\/\" \/>\n<meta property=\"og:site_name\" content=\"MiuMjau\" \/>\n<meta property=\"article:publisher\" content=\"https:\/\/www.facebook.com\/miumjaupood\/\" \/>\n<meta property=\"og:image\" content=\"https:\/\/miumjau.ee\/wp-content\/uploads\/2026\/03\/dr-malou-kassirohi-kana-50g.jpg\" \/>\n\t<meta property=\"og:image:width\" content=\"600\" \/>\n\t<meta property=\"og:image:height\" content=\"800\" \/>\n\t<meta property=\"og:image:type\" content=\"image\/jpeg\" \/>\n<meta name=\"twitter:card\" content=\"summary_large_image\" \/>\n<script type=\"application\/ld+json\" class=\"yoast-schema-graph\">{\"@context\":\"https:\\\/\\\/schema.org\",\"@graph\":[{\"@type\":\"WebPage\",\"@id\":\"https:\\\/\\\/miumjau.ee\\\/lv\\\/produkts\\\/dr-malou-liofilizeti-karumi-ar-vistas-fileju-un-miezu-zali-50g\\\/\",\"url\":\"https:\\\/\\\/miumjau.ee\\\/lv\\\/produkts\\\/dr-malou-liofilizeti-karumi-ar-vistas-fileju-un-miezu-zali-50g\\\/\",\"name\":\"Dr Malou liofiliz\u0113ti k\u0101rumi ar vistas fileju un mie\u017eu z\u0101li, 50g - MiuMjau\",\"isPartOf\":{\"@id\":\"https:\\\/\\\/miumjau.ee\\\/#website\"},\"primaryImageOfPage\":{\"@id\":\"https:\\\/\\\/miumjau.ee\\\/lv\\\/produkts\\\/dr-malou-liofilizeti-karumi-ar-vistas-fileju-un-miezu-zali-50g\\\/#primaryimage\"},\"image\":{\"@id\":\"https:\\\/\\\/miumjau.ee\\\/lv\\\/produkts\\\/dr-malou-liofilizeti-karumi-ar-vistas-fileju-un-miezu-zali-50g\\\/#primaryimage\"},\"thumbnailUrl\":\"https:\\\/\\\/miumjau.ee\\\/wp-content\\\/uploads\\\/2026\\\/03\\\/dr-malou-kassirohi-kana-50g.jpg\",\"datePublished\":\"2026-03-15T14:15:22+00:00\",\"breadcrumb\":{\"@id\":\"https:\\\/\\\/miumjau.ee\\\/lv\\\/produkts\\\/dr-malou-liofilizeti-karumi-ar-vistas-fileju-un-miezu-zali-50g\\\/#breadcrumb\"},\"inLanguage\":\"lv-LV\",\"potentialAction\":[{\"@type\":\"ReadAction\",\"target\":[\"https:\\\/\\\/miumjau.ee\\\/lv\\\/produkts\\\/dr-malou-liofilizeti-karumi-ar-vistas-fileju-un-miezu-zali-50g\\\/\"]}]},{\"@type\":\"ImageObject\",\"inLanguage\":\"lv-LV\",\"@id\":\"https:\\\/\\\/miumjau.ee\\\/lv\\\/produkts\\\/dr-malou-liofilizeti-karumi-ar-vistas-fileju-un-miezu-zali-50g\\\/#primaryimage\",\"url\":\"https:\\\/\\\/miumjau.ee\\\/wp-content\\\/uploads\\\/2026\\\/03\\\/dr-malou-kassirohi-kana-50g.jpg\",\"contentUrl\":\"https:\\\/\\\/miumjau.ee\\\/wp-content\\\/uploads\\\/2026\\\/03\\\/dr-malou-kassirohi-kana-50g.jpg\",\"width\":600,\"height\":800,\"caption\":\"Dr Malou k\u00fclmkuivatatud maiused kanafilee ja odraheinaga 50g\"},{\"@type\":\"BreadcrumbList\",\"@id\":\"https:\\\/\\\/miumjau.ee\\\/lv\\\/produkts\\\/dr-malou-liofilizeti-karumi-ar-vistas-fileju-un-miezu-zali-50g\\\/#breadcrumb\",\"itemListElement\":[{\"@type\":\"ListItem\",\"position\":1,\"name\":\"Home\",\"item\":\"https:\\\/\\\/miumjau.ee\\\/lv\\\/\"},{\"@type\":\"ListItem\",\"position\":2,\"name\":\"Veikals\",\"item\":\"https:\\\/\\\/miumjau.ee\\\/lv\\\/veikals\\\/\"},{\"@type\":\"ListItem\",\"position\":3,\"name\":\"Dr Malou liofiliz\u0113ti k\u0101rumi ar vistas fileju un mie\u017eu z\u0101li, 50g\"}]},{\"@type\":\"WebSite\",\"@id\":\"https:\\\/\\\/miumjau.ee\\\/#website\",\"url\":\"https:\\\/\\\/miumjau.ee\\\/\",\"name\":\"MiuMjau\",\"description\":\"Kraapimispuud kassidele\",\"publisher\":{\"@id\":\"https:\\\/\\\/miumjau.ee\\\/#organization\"},\"potentialAction\":[{\"@type\":\"SearchAction\",\"target\":{\"@type\":\"EntryPoint\",\"urlTemplate\":\"https:\\\/\\\/miumjau.ee\\\/?s={search_term_string}\"},\"query-input\":{\"@type\":\"PropertyValueSpecification\",\"valueRequired\":true,\"valueName\":\"search_term_string\"}}],\"inLanguage\":\"lv-LV\"},{\"@type\":\"Organization\",\"@id\":\"https:\\\/\\\/miumjau.ee\\\/#organization\",\"name\":\"MiuMjau O\u00dc\",\"url\":\"https:\\\/\\\/miumjau.ee\\\/\",\"logo\":{\"@type\":\"ImageObject\",\"inLanguage\":\"lv-LV\",\"@id\":\"https:\\\/\\\/miumjau.ee\\\/#\\\/schema\\\/logo\\\/image\\\/\",\"url\":\"https:\\\/\\\/miumjau.ee\\\/wp-content\\\/uploads\\\/2022\\\/04\\\/MiuMjau-logo-kollane.png\",\"contentUrl\":\"https:\\\/\\\/miumjau.ee\\\/wp-content\\\/uploads\\\/2022\\\/04\\\/MiuMjau-logo-kollane.png\",\"width\":219,\"height\":100,\"caption\":\"MiuMjau O\u00dc\"},\"image\":{\"@id\":\"https:\\\/\\\/miumjau.ee\\\/#\\\/schema\\\/logo\\\/image\\\/\"},\"sameAs\":[\"https:\\\/\\\/www.facebook.com\\\/miumjaupood\\\/\"]}]}<\/script>\n<!-- \/ Yoast SEO plugin. -->","yoast_head_json":{"title":"Dr Malou liofiliz\u0113ti k\u0101rumi ar vistas fileju un mie\u017eu z\u0101li, 50g - MiuMjau","robots":{"index":"index","follow":"follow","max-snippet":"max-snippet:-1","max-image-preview":"max-image-preview:large","max-video-preview":"max-video-preview:-1"},"canonical":"https:\/\/miumjau.ee\/lv\/produkts\/dr-malou-liofilizeti-karumi-ar-vistas-fileju-un-miezu-zali-50g\/","og_locale":"lv_LV","og_type":"article","og_title":"Dr Malou liofiliz\u0113ti k\u0101rumi ar vistas fileju un mie\u017eu z\u0101li, 50g - MiuMjau","og_description":"Dabiski un gar\u0161\u012bgi ka\u0137u k\u0101rumi ar vistu un mie\u017eu z\u0101li ir vesel\u012bgs papildin\u0101jums j\u016bsu ka\u0137a ikdienas uzturam. Liofiliz\u0113ti kubi\u0146i ar augstu ga\u013cas saturu nodro\u0161ina bag\u0101t\u012bgu gar\u0161u un v\u0113rt\u012bgas uzturvielas, kas atbalsta j\u016bsu ka\u0137a labsaj\u016btu un gremo\u0161anu. K\u0101rumi ir izgatavoti no augstas kvalit\u0101tes vistas kr\u016bti\u0146as un vistas akn\u0101m, kas ir dab\u012bgs olbaltumvielu avots un pal\u012bdz uztur\u0113t ka\u0137i ener\u0123isku un akt\u012bvu. Pievienot\u0101 mie\u017eu z\u0101le ir paz\u012bstama ar savu \u0161\u0137iedrvielu un hlorofila saturu, kas pal\u012bdz atbalst\u012bt gremo\u0161anu un organisma dabisko att\u012br\u012b\u0161anos. Pateicoties liofiliz\u0101cijas tehnolo\u0123ijai, sast\u0101vda\u013cu dabisk\u0101 gar\u0161a, arom\u0101ts un uzturv\u0113rt\u012bba tiek saglab\u0101ta bez augstas temperat\u016bras izmanto\u0161anas. Tas padara k\u0101rumus \u012bpa\u0161i gar\u0161\u012bgus un vienlaikus vesel\u012bgus ka\u0137iem. \u0160ie ka\u0137u k\u0101rumi ir lieliski piem\u0113roti k\u0101 balva, treni\u0146u na\u0161\u0137is vai k\u0101 papildin\u0101jums ikdienas bar\u012bbai, un tie ir piem\u0113roti visu vecumu ka\u0137iem. Galven\u0101s priek\u0161roc\u012bbasaugsts ga\u013cas saturs izgatavoti no vistas kr\u016bti\u0146as un vistas akn\u0101m satur mie\u017eu z\u0101li gremo\u0161anas atbalstam liofiliz\u0113ti \u2013 saglab\u0101 uzturvielas un gar\u0161u piem\u0113roti visu vecumu ka\u0137iem Sast\u0101vs: vistas kr\u016bti\u0146a 84%, vistas aknas 5%, \u017e\u0101v\u0113ta mie\u017eu z\u0101le 5%.","og_url":"https:\/\/miumjau.ee\/lv\/produkts\/dr-malou-liofilizeti-karumi-ar-vistas-fileju-un-miezu-zali-50g\/","og_site_name":"MiuMjau","article_publisher":"https:\/\/www.facebook.com\/miumjaupood\/","og_image":[{"width":600,"height":800,"url":"https:\/\/miumjau.ee\/wp-content\/uploads\/2026\/03\/dr-malou-kassirohi-kana-50g.jpg","type":"image\/jpeg"}],"twitter_card":"summary_large_image","schema":{"@context":"https:\/\/schema.org","@graph":[{"@type":"WebPage","@id":"https:\/\/miumjau.ee\/lv\/produkts\/dr-malou-liofilizeti-karumi-ar-vistas-fileju-un-miezu-zali-50g\/","url":"https:\/\/miumjau.ee\/lv\/produkts\/dr-malou-liofilizeti-karumi-ar-vistas-fileju-un-miezu-zali-50g\/","name":"Dr Malou liofiliz\u0113ti k\u0101rumi ar vistas fileju un mie\u017eu z\u0101li, 50g - MiuMjau","isPartOf":{"@id":"https:\/\/miumjau.ee\/#website"},"primaryImageOfPage":{"@id":"https:\/\/miumjau.ee\/lv\/produkts\/dr-malou-liofilizeti-karumi-ar-vistas-fileju-un-miezu-zali-50g\/#primaryimage"},"image":{"@id":"https:\/\/miumjau.ee\/lv\/produkts\/dr-malou-liofilizeti-karumi-ar-vistas-fileju-un-miezu-zali-50g\/#primaryimage"},"thumbnailUrl":"https:\/\/miumjau.ee\/wp-content\/uploads\/2026\/03\/dr-malou-kassirohi-kana-50g.jpg","datePublished":"2026-03-15T14:15:22+00:00","breadcrumb":{"@id":"https:\/\/miumjau.ee\/lv\/produkts\/dr-malou-liofilizeti-karumi-ar-vistas-fileju-un-miezu-zali-50g\/#breadcrumb"},"inLanguage":"lv-LV","potentialAction":[{"@type":"ReadAction","target":["https:\/\/miumjau.ee\/lv\/produkts\/dr-malou-liofilizeti-karumi-ar-vistas-fileju-un-miezu-zali-50g\/"]}]},{"@type":"ImageObject","inLanguage":"lv-LV","@id":"https:\/\/miumjau.ee\/lv\/produkts\/dr-malou-liofilizeti-karumi-ar-vistas-fileju-un-miezu-zali-50g\/#primaryimage","url":"https:\/\/miumjau.ee\/wp-content\/uploads\/2026\/03\/dr-malou-kassirohi-kana-50g.jpg","contentUrl":"https:\/\/miumjau.ee\/wp-content\/uploads\/2026\/03\/dr-malou-kassirohi-kana-50g.jpg","width":600,"height":800,"caption":"Dr Malou k\u00fclmkuivatatud maiused kanafilee ja odraheinaga 50g"},{"@type":"BreadcrumbList","@id":"https:\/\/miumjau.ee\/lv\/produkts\/dr-malou-liofilizeti-karumi-ar-vistas-fileju-un-miezu-zali-50g\/#breadcrumb","itemListElement":[{"@type":"ListItem","position":1,"name":"Home","item":"https:\/\/miumjau.ee\/lv\/"},{"@type":"ListItem","position":2,"name":"Veikals","item":"https:\/\/miumjau.ee\/lv\/veikals\/"},{"@type":"ListItem","position":3,"name":"Dr Malou liofiliz\u0113ti k\u0101rumi ar vistas fileju un mie\u017eu z\u0101li, 50g"}]},{"@type":"WebSite","@id":"https:\/\/miumjau.ee\/#website","url":"https:\/\/miumjau.ee\/","name":"MiuMjau","description":"Kraapimispuud kassidele","publisher":{"@id":"https:\/\/miumjau.ee\/#organization"},"potentialAction":[{"@type":"SearchAction","target":{"@type":"EntryPoint","urlTemplate":"https:\/\/miumjau.ee\/?s={search_term_string}"},"query-input":{"@type":"PropertyValueSpecification","valueRequired":true,"valueName":"search_term_string"}}],"inLanguage":"lv-LV"},{"@type":"Organization","@id":"https:\/\/miumjau.ee\/#organization","name":"MiuMjau O\u00dc","url":"https:\/\/miumjau.ee\/","logo":{"@type":"ImageObject","inLanguage":"lv-LV","@id":"https:\/\/miumjau.ee\/#\/schema\/logo\/image\/","url":"https:\/\/miumjau.ee\/wp-content\/uploads\/2022\/04\/MiuMjau-logo-kollane.png","contentUrl":"https:\/\/miumjau.ee\/wp-content\/uploads\/2022\/04\/MiuMjau-logo-kollane.png","width":219,"height":100,"caption":"MiuMjau O\u00dc"},"image":{"@id":"https:\/\/miumjau.ee\/#\/schema\/logo\/image\/"},"sameAs":["https:\/\/www.facebook.com\/miumjaupood\/"]}]}},"_links":{"self":[{"href":"https:\/\/miumjau.ee\/lv\/wp-json\/wp\/v2\/product\/55038","targetHints":{"allow":["GET"]}}],"collection":[{"href":"https:\/\/miumjau.ee\/lv\/wp-json\/wp\/v2\/product"}],"about":[{"href":"https:\/\/miumjau.ee\/lv\/wp-json\/wp\/v2\/types\/product"}],"wp:featuredmedia":[{"embeddable":true,"href":"https:\/\/miumjau.ee\/lv\/wp-json\/wp\/v2\/media\/54898"}],"wp:attachment":[{"href":"https:\/\/miumjau.ee\/lv\/wp-json\/wp\/v2\/media?parent=55038"}],"wp:term":[{"taxonomy":"product_brand","embeddable":true,"href":"https:\/\/miumjau.ee\/lv\/wp-json\/wp\/v2\/product_brand?post=55038"},{"taxonomy":"product_cat","embeddable":true,"href":"https:\/\/miumjau.ee\/lv\/wp-json\/wp\/v2\/product_cat?post=55038"},{"taxonomy":"product_tag","embeddable":true,"href":"https:\/\/miumjau.ee\/lv\/wp-json\/wp\/v2\/product_tag?post=55038"}],"curies":[{"name":"wp","href":"https:\/\/api.w.org\/{rel}","templated":true}]}}