{"id":55033,"date":"2026-03-15T16:27:19","date_gmt":"2026-03-15T14:27:19","guid":{"rendered":"https:\/\/miumjau.ee\/toode\/liofilizeti-100-tunca-kubini-dr-malou-50g\/"},"modified":"2026-03-15T16:27:19","modified_gmt":"2026-03-15T14:27:19","slug":"liofilizeti-100-tunca-kubini-dr-malou-50g","status":"publish","type":"product","link":"https:\/\/miumjau.ee\/lv\/produkts\/liofilizeti-100-tunca-kubini-dr-malou-50g\/","title":{"rendered":"Liofiliz\u0113ti 100% tun\u010da kubi\u0146i Dr Malou, 50g"},"content":{"rendered":"","protected":false},"excerpt":{"rendered":"<p data-start=\"1227\" data-end=\"1523\">Ka\u0137u k\u0101rumi no 100% liofiliz\u0113ta tun\u010da ir dab\u012bgs un augsta olbaltumvielu satura na\u0161\u0137is, kas nodro\u0161ina j\u016bsu ka\u0137im gan lielisku gar\u0161u, gan v\u0113rt\u012bgas uzturvielas. \u0160ie vieglie un krauk\u0161\u0137\u012bgie ga\u013cas kubi\u0146i ir izgatavoti tikai no t\u012bra tun\u010da, bez graudiem, m\u0101ksl\u012bg\u0101m piedev\u0101m, kr\u0101sviel\u0101m vai konservantiem.<\/p>\n<p data-start=\"1525\" data-end=\"1714\">Tuncis ir dabiski bag\u0101ts ar augstas kvalit\u0101tes olbaltumviel\u0101m, omega-3 tauksk\u0101b\u0113m un B grupas vitam\u012bniem, kas atbalsta musku\u013cu att\u012bst\u012bbu, \u0101das un apmatojuma vesel\u012bbu un visp\u0101r\u0113jo labsaj\u016btu.<\/p>\n<p data-start=\"1716\" data-end=\"1947\">Pateicoties liofiliz\u0101cijas (sald\u0113\u0161anas \u017e\u0101v\u0113\u0161anas) tehnolo\u0123ijai, ga\u013cas dabisk\u0101 gar\u0161a, arom\u0101ts un uzturvielas tiek saglab\u0101tas bez augstas temperat\u016bras izmanto\u0161anas. Tas nodro\u0161ina \u012bpa\u0161i gar\u0161\u012bgu un uzturviel\u0101m bag\u0101tu k\u0101rumu j\u016bsu ka\u0137im.<\/p>\n<p data-start=\"1949\" data-end=\"1985\">\u0160ie ka\u0137u k\u0101rumi ir ide\u0101li piem\u0113roti:<\/p>\n<p data-start=\"1987\" data-end=\"2131\">ikdienas balvai<br data-start=\"2002\" data-end=\"2005\" \/>treni\u0146u na\u0161\u0137im<br data-start=\"2019\" data-end=\"2022\" \/>bar\u012bbas gar\u0161as uzlabo\u0161anai (sasmalciniet un pievienojiet sausajai vai mitrajai bar\u012bbai)<br data-start=\"2109\" data-end=\"2112\" \/>vesel\u012bgai uzkodai<\/p>\n<p data-start=\"2133\" data-end=\"2183\">Galven\u0101s priek\u0161roc\u012bbas<br data-start=\"2155\" data-end=\"2158\" \/>100% liofiliz\u0113ts tuncis<\/p>\n<p data-start=\"2185\" data-end=\"2214\">augsts olbaltumvielu saturs<\/p>\n<p data-start=\"2216\" data-end=\"2242\">satur omega-3 tauksk\u0101bes<\/p>\n<p data-start=\"2244\" data-end=\"2280\">bez graudiem un m\u0101ksl\u012bg\u0101m piedev\u0101m<\/p>\n<p data-start=\"2282\" data-end=\"2312\">piem\u0113rots visu vecumu ka\u0137iem<\/p>\n<p data-start=\"2314\" data-end=\"2404\">Anal\u012btiskais sast\u0101vs: kopprote\u012bns 80%, koptauki 6%, koppele 5%, kop\u0161\u0137iedra 1%, mitrums 5%.<\/p>\n","protected":false},"featured_media":54904,"template":"","meta":[],"product_brand":[],"product_cat":[570],"product_tag":[],"class_list":{"0":"post-55033","1":"product","2":"type-product","3":"status-publish","4":"has-post-thumbnail","6":"product_cat-naski","8":"first","9":"instock","10":"taxable","11":"shipping-taxable","12":"purchasable","13":"product-type-simple"},"yoast_head":"<!-- This site is optimized with the Yoast SEO plugin v27.4 - https:\/\/yoast.com\/product\/yoast-seo-wordpress\/ -->\n<title>Liofiliz\u0113ti 100% tun\u010da kubi\u0146i Dr Malou, 50g - MiuMjau<\/title>\n<meta name=\"robots\" content=\"index, follow, max-snippet:-1, max-image-preview:large, max-video-preview:-1\" \/>\n<link rel=\"canonical\" href=\"https:\/\/miumjau.ee\/lv\/produkts\/liofilizeti-100-tunca-kubini-dr-malou-50g\/\" \/>\n<meta property=\"og:locale\" content=\"lv_LV\" \/>\n<meta property=\"og:type\" content=\"article\" \/>\n<meta property=\"og:title\" content=\"Liofiliz\u0113ti 100% tun\u010da kubi\u0146i Dr Malou, 50g - MiuMjau\" \/>\n<meta property=\"og:description\" content=\"Ka\u0137u k\u0101rumi no 100% liofiliz\u0113ta tun\u010da ir dab\u012bgs un augsta olbaltumvielu satura na\u0161\u0137is, kas nodro\u0161ina j\u016bsu ka\u0137im gan lielisku gar\u0161u, gan v\u0113rt\u012bgas uzturvielas. \u0160ie vieglie un krauk\u0161\u0137\u012bgie ga\u013cas kubi\u0146i ir izgatavoti tikai no t\u012bra tun\u010da, bez graudiem, m\u0101ksl\u012bg\u0101m piedev\u0101m, kr\u0101sviel\u0101m vai konservantiem. Tuncis ir dabiski bag\u0101ts ar augstas kvalit\u0101tes olbaltumviel\u0101m, omega-3 tauksk\u0101b\u0113m un B grupas vitam\u012bniem, kas atbalsta musku\u013cu att\u012bst\u012bbu, \u0101das un apmatojuma vesel\u012bbu un visp\u0101r\u0113jo labsaj\u016btu. Pateicoties liofiliz\u0101cijas (sald\u0113\u0161anas \u017e\u0101v\u0113\u0161anas) tehnolo\u0123ijai, ga\u013cas dabisk\u0101 gar\u0161a, arom\u0101ts un uzturvielas tiek saglab\u0101tas bez augstas temperat\u016bras izmanto\u0161anas. Tas nodro\u0161ina \u012bpa\u0161i gar\u0161\u012bgu un uzturviel\u0101m bag\u0101tu k\u0101rumu j\u016bsu ka\u0137im. \u0160ie ka\u0137u k\u0101rumi ir ide\u0101li piem\u0113roti: ikdienas balvaitreni\u0146u na\u0161\u0137imbar\u012bbas gar\u0161as uzlabo\u0161anai (sasmalciniet un pievienojiet sausajai vai mitrajai bar\u012bbai)vesel\u012bgai uzkodai Galven\u0101s priek\u0161roc\u012bbas100% liofiliz\u0113ts tuncis augsts olbaltumvielu saturs satur omega-3 tauksk\u0101bes bez graudiem un m\u0101ksl\u012bg\u0101m piedev\u0101m piem\u0113rots visu vecumu ka\u0137iem Anal\u012btiskais sast\u0101vs: kopprote\u012bns 80%, koptauki 6%, koppele 5%, kop\u0161\u0137iedra 1%, mitrums 5%.\" \/>\n<meta property=\"og:url\" content=\"https:\/\/miumjau.ee\/lv\/produkts\/liofilizeti-100-tunca-kubini-dr-malou-50g\/\" \/>\n<meta property=\"og:site_name\" content=\"MiuMjau\" \/>\n<meta property=\"article:publisher\" content=\"https:\/\/www.facebook.com\/miumjaupood\/\" \/>\n<meta property=\"og:image\" content=\"https:\/\/miumjau.ee\/wp-content\/uploads\/2026\/03\/dr-malou-tuunikala-maiused-50g.jpg\" \/>\n\t<meta property=\"og:image:width\" content=\"600\" \/>\n\t<meta property=\"og:image:height\" content=\"800\" \/>\n\t<meta property=\"og:image:type\" content=\"image\/jpeg\" \/>\n<meta name=\"twitter:card\" content=\"summary_large_image\" \/>\n<script type=\"application\/ld+json\" class=\"yoast-schema-graph\">{\"@context\":\"https:\\\/\\\/schema.org\",\"@graph\":[{\"@type\":\"WebPage\",\"@id\":\"https:\\\/\\\/miumjau.ee\\\/lv\\\/produkts\\\/liofilizeti-100-tunca-kubini-dr-malou-50g\\\/\",\"url\":\"https:\\\/\\\/miumjau.ee\\\/lv\\\/produkts\\\/liofilizeti-100-tunca-kubini-dr-malou-50g\\\/\",\"name\":\"Liofiliz\u0113ti 100% tun\u010da kubi\u0146i Dr Malou, 50g - MiuMjau\",\"isPartOf\":{\"@id\":\"https:\\\/\\\/miumjau.ee\\\/#website\"},\"primaryImageOfPage\":{\"@id\":\"https:\\\/\\\/miumjau.ee\\\/lv\\\/produkts\\\/liofilizeti-100-tunca-kubini-dr-malou-50g\\\/#primaryimage\"},\"image\":{\"@id\":\"https:\\\/\\\/miumjau.ee\\\/lv\\\/produkts\\\/liofilizeti-100-tunca-kubini-dr-malou-50g\\\/#primaryimage\"},\"thumbnailUrl\":\"https:\\\/\\\/miumjau.ee\\\/wp-content\\\/uploads\\\/2026\\\/03\\\/dr-malou-tuunikala-maiused-50g.jpg\",\"datePublished\":\"2026-03-15T14:27:19+00:00\",\"breadcrumb\":{\"@id\":\"https:\\\/\\\/miumjau.ee\\\/lv\\\/produkts\\\/liofilizeti-100-tunca-kubini-dr-malou-50g\\\/#breadcrumb\"},\"inLanguage\":\"lv-LV\",\"potentialAction\":[{\"@type\":\"ReadAction\",\"target\":[\"https:\\\/\\\/miumjau.ee\\\/lv\\\/produkts\\\/liofilizeti-100-tunca-kubini-dr-malou-50g\\\/\"]}]},{\"@type\":\"ImageObject\",\"inLanguage\":\"lv-LV\",\"@id\":\"https:\\\/\\\/miumjau.ee\\\/lv\\\/produkts\\\/liofilizeti-100-tunca-kubini-dr-malou-50g\\\/#primaryimage\",\"url\":\"https:\\\/\\\/miumjau.ee\\\/wp-content\\\/uploads\\\/2026\\\/03\\\/dr-malou-tuunikala-maiused-50g.jpg\",\"contentUrl\":\"https:\\\/\\\/miumjau.ee\\\/wp-content\\\/uploads\\\/2026\\\/03\\\/dr-malou-tuunikala-maiused-50g.jpg\",\"width\":600,\"height\":800,\"caption\":\"Dr Malou k\u00fclmkuivatatud tuunikala kuubikud, 50g\"},{\"@type\":\"BreadcrumbList\",\"@id\":\"https:\\\/\\\/miumjau.ee\\\/lv\\\/produkts\\\/liofilizeti-100-tunca-kubini-dr-malou-50g\\\/#breadcrumb\",\"itemListElement\":[{\"@type\":\"ListItem\",\"position\":1,\"name\":\"Home\",\"item\":\"https:\\\/\\\/miumjau.ee\\\/lv\\\/\"},{\"@type\":\"ListItem\",\"position\":2,\"name\":\"Veikals\",\"item\":\"https:\\\/\\\/miumjau.ee\\\/lv\\\/veikals\\\/\"},{\"@type\":\"ListItem\",\"position\":3,\"name\":\"Liofiliz\u0113ti 100% tun\u010da kubi\u0146i Dr Malou, 50g\"}]},{\"@type\":\"WebSite\",\"@id\":\"https:\\\/\\\/miumjau.ee\\\/#website\",\"url\":\"https:\\\/\\\/miumjau.ee\\\/\",\"name\":\"MiuMjau\",\"description\":\"Kraapimispuud kassidele\",\"publisher\":{\"@id\":\"https:\\\/\\\/miumjau.ee\\\/#organization\"},\"potentialAction\":[{\"@type\":\"SearchAction\",\"target\":{\"@type\":\"EntryPoint\",\"urlTemplate\":\"https:\\\/\\\/miumjau.ee\\\/?s={search_term_string}\"},\"query-input\":{\"@type\":\"PropertyValueSpecification\",\"valueRequired\":true,\"valueName\":\"search_term_string\"}}],\"inLanguage\":\"lv-LV\"},{\"@type\":\"Organization\",\"@id\":\"https:\\\/\\\/miumjau.ee\\\/#organization\",\"name\":\"MiuMjau O\u00dc\",\"url\":\"https:\\\/\\\/miumjau.ee\\\/\",\"logo\":{\"@type\":\"ImageObject\",\"inLanguage\":\"lv-LV\",\"@id\":\"https:\\\/\\\/miumjau.ee\\\/#\\\/schema\\\/logo\\\/image\\\/\",\"url\":\"https:\\\/\\\/miumjau.ee\\\/wp-content\\\/uploads\\\/2022\\\/04\\\/MiuMjau-logo-kollane.png\",\"contentUrl\":\"https:\\\/\\\/miumjau.ee\\\/wp-content\\\/uploads\\\/2022\\\/04\\\/MiuMjau-logo-kollane.png\",\"width\":219,\"height\":100,\"caption\":\"MiuMjau O\u00dc\"},\"image\":{\"@id\":\"https:\\\/\\\/miumjau.ee\\\/#\\\/schema\\\/logo\\\/image\\\/\"},\"sameAs\":[\"https:\\\/\\\/www.facebook.com\\\/miumjaupood\\\/\"]}]}<\/script>\n<!-- \/ Yoast SEO plugin. -->","yoast_head_json":{"title":"Liofiliz\u0113ti 100% tun\u010da kubi\u0146i Dr Malou, 50g - MiuMjau","robots":{"index":"index","follow":"follow","max-snippet":"max-snippet:-1","max-image-preview":"max-image-preview:large","max-video-preview":"max-video-preview:-1"},"canonical":"https:\/\/miumjau.ee\/lv\/produkts\/liofilizeti-100-tunca-kubini-dr-malou-50g\/","og_locale":"lv_LV","og_type":"article","og_title":"Liofiliz\u0113ti 100% tun\u010da kubi\u0146i Dr Malou, 50g - MiuMjau","og_description":"Ka\u0137u k\u0101rumi no 100% liofiliz\u0113ta tun\u010da ir dab\u012bgs un augsta olbaltumvielu satura na\u0161\u0137is, kas nodro\u0161ina j\u016bsu ka\u0137im gan lielisku gar\u0161u, gan v\u0113rt\u012bgas uzturvielas. \u0160ie vieglie un krauk\u0161\u0137\u012bgie ga\u013cas kubi\u0146i ir izgatavoti tikai no t\u012bra tun\u010da, bez graudiem, m\u0101ksl\u012bg\u0101m piedev\u0101m, kr\u0101sviel\u0101m vai konservantiem. Tuncis ir dabiski bag\u0101ts ar augstas kvalit\u0101tes olbaltumviel\u0101m, omega-3 tauksk\u0101b\u0113m un B grupas vitam\u012bniem, kas atbalsta musku\u013cu att\u012bst\u012bbu, \u0101das un apmatojuma vesel\u012bbu un visp\u0101r\u0113jo labsaj\u016btu. Pateicoties liofiliz\u0101cijas (sald\u0113\u0161anas \u017e\u0101v\u0113\u0161anas) tehnolo\u0123ijai, ga\u013cas dabisk\u0101 gar\u0161a, arom\u0101ts un uzturvielas tiek saglab\u0101tas bez augstas temperat\u016bras izmanto\u0161anas. Tas nodro\u0161ina \u012bpa\u0161i gar\u0161\u012bgu un uzturviel\u0101m bag\u0101tu k\u0101rumu j\u016bsu ka\u0137im. \u0160ie ka\u0137u k\u0101rumi ir ide\u0101li piem\u0113roti: ikdienas balvaitreni\u0146u na\u0161\u0137imbar\u012bbas gar\u0161as uzlabo\u0161anai (sasmalciniet un pievienojiet sausajai vai mitrajai bar\u012bbai)vesel\u012bgai uzkodai Galven\u0101s priek\u0161roc\u012bbas100% liofiliz\u0113ts tuncis augsts olbaltumvielu saturs satur omega-3 tauksk\u0101bes bez graudiem un m\u0101ksl\u012bg\u0101m piedev\u0101m piem\u0113rots visu vecumu ka\u0137iem Anal\u012btiskais sast\u0101vs: kopprote\u012bns 80%, koptauki 6%, koppele 5%, kop\u0161\u0137iedra 1%, mitrums 5%.","og_url":"https:\/\/miumjau.ee\/lv\/produkts\/liofilizeti-100-tunca-kubini-dr-malou-50g\/","og_site_name":"MiuMjau","article_publisher":"https:\/\/www.facebook.com\/miumjaupood\/","og_image":[{"width":600,"height":800,"url":"https:\/\/miumjau.ee\/wp-content\/uploads\/2026\/03\/dr-malou-tuunikala-maiused-50g.jpg","type":"image\/jpeg"}],"twitter_card":"summary_large_image","schema":{"@context":"https:\/\/schema.org","@graph":[{"@type":"WebPage","@id":"https:\/\/miumjau.ee\/lv\/produkts\/liofilizeti-100-tunca-kubini-dr-malou-50g\/","url":"https:\/\/miumjau.ee\/lv\/produkts\/liofilizeti-100-tunca-kubini-dr-malou-50g\/","name":"Liofiliz\u0113ti 100% tun\u010da kubi\u0146i Dr Malou, 50g - MiuMjau","isPartOf":{"@id":"https:\/\/miumjau.ee\/#website"},"primaryImageOfPage":{"@id":"https:\/\/miumjau.ee\/lv\/produkts\/liofilizeti-100-tunca-kubini-dr-malou-50g\/#primaryimage"},"image":{"@id":"https:\/\/miumjau.ee\/lv\/produkts\/liofilizeti-100-tunca-kubini-dr-malou-50g\/#primaryimage"},"thumbnailUrl":"https:\/\/miumjau.ee\/wp-content\/uploads\/2026\/03\/dr-malou-tuunikala-maiused-50g.jpg","datePublished":"2026-03-15T14:27:19+00:00","breadcrumb":{"@id":"https:\/\/miumjau.ee\/lv\/produkts\/liofilizeti-100-tunca-kubini-dr-malou-50g\/#breadcrumb"},"inLanguage":"lv-LV","potentialAction":[{"@type":"ReadAction","target":["https:\/\/miumjau.ee\/lv\/produkts\/liofilizeti-100-tunca-kubini-dr-malou-50g\/"]}]},{"@type":"ImageObject","inLanguage":"lv-LV","@id":"https:\/\/miumjau.ee\/lv\/produkts\/liofilizeti-100-tunca-kubini-dr-malou-50g\/#primaryimage","url":"https:\/\/miumjau.ee\/wp-content\/uploads\/2026\/03\/dr-malou-tuunikala-maiused-50g.jpg","contentUrl":"https:\/\/miumjau.ee\/wp-content\/uploads\/2026\/03\/dr-malou-tuunikala-maiused-50g.jpg","width":600,"height":800,"caption":"Dr Malou k\u00fclmkuivatatud tuunikala kuubikud, 50g"},{"@type":"BreadcrumbList","@id":"https:\/\/miumjau.ee\/lv\/produkts\/liofilizeti-100-tunca-kubini-dr-malou-50g\/#breadcrumb","itemListElement":[{"@type":"ListItem","position":1,"name":"Home","item":"https:\/\/miumjau.ee\/lv\/"},{"@type":"ListItem","position":2,"name":"Veikals","item":"https:\/\/miumjau.ee\/lv\/veikals\/"},{"@type":"ListItem","position":3,"name":"Liofiliz\u0113ti 100% tun\u010da kubi\u0146i Dr Malou, 50g"}]},{"@type":"WebSite","@id":"https:\/\/miumjau.ee\/#website","url":"https:\/\/miumjau.ee\/","name":"MiuMjau","description":"Kraapimispuud kassidele","publisher":{"@id":"https:\/\/miumjau.ee\/#organization"},"potentialAction":[{"@type":"SearchAction","target":{"@type":"EntryPoint","urlTemplate":"https:\/\/miumjau.ee\/?s={search_term_string}"},"query-input":{"@type":"PropertyValueSpecification","valueRequired":true,"valueName":"search_term_string"}}],"inLanguage":"lv-LV"},{"@type":"Organization","@id":"https:\/\/miumjau.ee\/#organization","name":"MiuMjau O\u00dc","url":"https:\/\/miumjau.ee\/","logo":{"@type":"ImageObject","inLanguage":"lv-LV","@id":"https:\/\/miumjau.ee\/#\/schema\/logo\/image\/","url":"https:\/\/miumjau.ee\/wp-content\/uploads\/2022\/04\/MiuMjau-logo-kollane.png","contentUrl":"https:\/\/miumjau.ee\/wp-content\/uploads\/2022\/04\/MiuMjau-logo-kollane.png","width":219,"height":100,"caption":"MiuMjau O\u00dc"},"image":{"@id":"https:\/\/miumjau.ee\/#\/schema\/logo\/image\/"},"sameAs":["https:\/\/www.facebook.com\/miumjaupood\/"]}]}},"_links":{"self":[{"href":"https:\/\/miumjau.ee\/lv\/wp-json\/wp\/v2\/product\/55033","targetHints":{"allow":["GET"]}}],"collection":[{"href":"https:\/\/miumjau.ee\/lv\/wp-json\/wp\/v2\/product"}],"about":[{"href":"https:\/\/miumjau.ee\/lv\/wp-json\/wp\/v2\/types\/product"}],"wp:featuredmedia":[{"embeddable":true,"href":"https:\/\/miumjau.ee\/lv\/wp-json\/wp\/v2\/media\/54904"}],"wp:attachment":[{"href":"https:\/\/miumjau.ee\/lv\/wp-json\/wp\/v2\/media?parent=55033"}],"wp:term":[{"taxonomy":"product_brand","embeddable":true,"href":"https:\/\/miumjau.ee\/lv\/wp-json\/wp\/v2\/product_brand?post=55033"},{"taxonomy":"product_cat","embeddable":true,"href":"https:\/\/miumjau.ee\/lv\/wp-json\/wp\/v2\/product_cat?post=55033"},{"taxonomy":"product_tag","embeddable":true,"href":"https:\/\/miumjau.ee\/lv\/wp-json\/wp\/v2\/product_tag?post=55033"}],"curies":[{"name":"wp","href":"https:\/\/api.w.org\/{rel}","templated":true}]}}