{"id":55028,"date":"2026-03-15T16:31:31","date_gmt":"2026-03-15T14:31:31","guid":{"rendered":"https:\/\/miumjau.ee\/toode\/dr-malou-liofilizeti-vistas-krutinas-filejas-kubini-50g\/"},"modified":"2026-03-15T16:31:31","modified_gmt":"2026-03-15T14:31:31","slug":"dr-malou-liofilizeti-vistas-krutinas-filejas-kubini-50g","status":"publish","type":"product","link":"https:\/\/miumjau.ee\/lv\/produkts\/dr-malou-liofilizeti-vistas-krutinas-filejas-kubini-50g\/","title":{"rendered":"Dr Malou liofiliz\u0113ti vistas kr\u016bti\u0146as filejas kubi\u0146i, 50g"},"content":{"rendered":"","protected":false},"excerpt":{"rendered":"<p data-start=\"1231\" data-end=\"1487\">Ka\u0137u k\u0101rumi no 100% liofiliz\u0113tas vistas kr\u016bti\u0146as ir dab\u012bgs un augsta olbaltumvielu satura na\u0161\u0137is, kas nodro\u0161ina \u012bstu ga\u013cas gar\u0161u. K\u0101rumi ir izgatavoti tikai no t\u012bras vistas kr\u016bti\u0146as ga\u013cas un nesatur graudus, m\u0101ksl\u012bg\u0101s piedevas, kr\u0101svielas vai konservantus.<\/p>\n<p data-start=\"1489\" data-end=\"1784\">Vista ir viegli sagremojams dz\u012bvnieku izcelsmes olbaltumvielu avots, kas pal\u012bdz atbalst\u012bt ka\u0137a musku\u013cu att\u012bst\u012bbu un visp\u0101r\u0113jo vesel\u012bbu. T\u0101 dabiski satur ar\u012b B grupas vitam\u012bnus (B6 un B12), A vitam\u012bnu, k\u0101 ar\u012b D un E vitam\u012bnus, kas atbalsta nervu sist\u0113mu, imunit\u0101ti un \u0101das un apmatojuma vesel\u012bbu.<\/p>\n<p data-start=\"1786\" data-end=\"2012\">K\u0101rumi ir izgatavoti, izmantojot liofiliz\u0101cijas (sald\u0113\u0161anas \u017e\u0101v\u0113\u0161anas) metodi, kas zem\u0101 temperat\u016br\u0101 izvada mitrumu. Tas pal\u012bdz saglab\u0101t ga\u013cas dabisko gar\u0161u, arom\u0101tu un uzturvielas, k\u0101 ar\u012b padara kubi\u0146us vieglus un krauk\u0161\u0137\u012bgus.<\/p>\n<p data-start=\"2014\" data-end=\"2050\">\u0160ie ka\u0137u k\u0101rumi ir ide\u0101li piem\u0113roti:<\/p>\n<p data-start=\"2052\" data-end=\"2138\">k\u0101 balva vai treni\u0146u na\u0161\u0137is<br data-start=\"2079\" data-end=\"2082\" \/>k\u0101 papildin\u0101jums ikdienas bar\u012bbai<br data-start=\"2115\" data-end=\"2118\" \/>k\u0101 vesel\u012bga uzkoda<\/p>\n<p data-start=\"2140\" data-end=\"2169\">Piem\u0113rots visu vecumu ka\u0137iem.<\/p>\n<p data-start=\"2171\" data-end=\"2207\">Sast\u0101vs: 100% vistas kr\u016bti\u0146as fileja<\/p>\n<p data-start=\"2209\" data-end=\"2299\">Anal\u012btiskais sast\u0101vs: kopprote\u012bns 83%, koptauki 4%, kop\u0161\u0137iedra 1%, koppele 6%, mitrums 6%.<\/p>\n<p data-start=\"2301\" data-end=\"2339\">Ener\u0123\u0113tisk\u0101 v\u0113rt\u012bba: 328 kcal \/ 100 g.<\/p>\n","protected":false},"featured_media":54910,"template":"","meta":[],"product_brand":[],"product_cat":[570],"product_tag":[],"class_list":{"0":"post-55028","1":"product","2":"type-product","3":"status-publish","4":"has-post-thumbnail","6":"product_cat-naski","8":"first","9":"instock","10":"taxable","11":"shipping-taxable","12":"purchasable","13":"product-type-simple"},"yoast_head":"<!-- This site is optimized with the Yoast SEO plugin v27.4 - https:\/\/yoast.com\/product\/yoast-seo-wordpress\/ -->\n<title>Dr Malou liofiliz\u0113ti vistas kr\u016bti\u0146as filejas kubi\u0146i, 50g - MiuMjau<\/title>\n<meta name=\"robots\" content=\"index, follow, max-snippet:-1, max-image-preview:large, max-video-preview:-1\" \/>\n<link rel=\"canonical\" href=\"https:\/\/miumjau.ee\/lv\/produkts\/dr-malou-liofilizeti-vistas-krutinas-filejas-kubini-50g\/\" \/>\n<meta property=\"og:locale\" content=\"lv_LV\" \/>\n<meta property=\"og:type\" content=\"article\" \/>\n<meta property=\"og:title\" content=\"Dr Malou liofiliz\u0113ti vistas kr\u016bti\u0146as filejas kubi\u0146i, 50g - MiuMjau\" \/>\n<meta property=\"og:description\" content=\"Ka\u0137u k\u0101rumi no 100% liofiliz\u0113tas vistas kr\u016bti\u0146as ir dab\u012bgs un augsta olbaltumvielu satura na\u0161\u0137is, kas nodro\u0161ina \u012bstu ga\u013cas gar\u0161u. K\u0101rumi ir izgatavoti tikai no t\u012bras vistas kr\u016bti\u0146as ga\u013cas un nesatur graudus, m\u0101ksl\u012bg\u0101s piedevas, kr\u0101svielas vai konservantus. Vista ir viegli sagremojams dz\u012bvnieku izcelsmes olbaltumvielu avots, kas pal\u012bdz atbalst\u012bt ka\u0137a musku\u013cu att\u012bst\u012bbu un visp\u0101r\u0113jo vesel\u012bbu. T\u0101 dabiski satur ar\u012b B grupas vitam\u012bnus (B6 un B12), A vitam\u012bnu, k\u0101 ar\u012b D un E vitam\u012bnus, kas atbalsta nervu sist\u0113mu, imunit\u0101ti un \u0101das un apmatojuma vesel\u012bbu. K\u0101rumi ir izgatavoti, izmantojot liofiliz\u0101cijas (sald\u0113\u0161anas \u017e\u0101v\u0113\u0161anas) metodi, kas zem\u0101 temperat\u016br\u0101 izvada mitrumu. Tas pal\u012bdz saglab\u0101t ga\u013cas dabisko gar\u0161u, arom\u0101tu un uzturvielas, k\u0101 ar\u012b padara kubi\u0146us vieglus un krauk\u0161\u0137\u012bgus. \u0160ie ka\u0137u k\u0101rumi ir ide\u0101li piem\u0113roti: k\u0101 balva vai treni\u0146u na\u0161\u0137isk\u0101 papildin\u0101jums ikdienas bar\u012bbaik\u0101 vesel\u012bga uzkoda Piem\u0113rots visu vecumu ka\u0137iem. Sast\u0101vs: 100% vistas kr\u016bti\u0146as fileja Anal\u012btiskais sast\u0101vs: kopprote\u012bns 83%, koptauki 4%, kop\u0161\u0137iedra 1%, koppele 6%, mitrums 6%. Ener\u0123\u0113tisk\u0101 v\u0113rt\u012bba: 328 kcal \/ 100 g.\" \/>\n<meta property=\"og:url\" content=\"https:\/\/miumjau.ee\/lv\/produkts\/dr-malou-liofilizeti-vistas-krutinas-filejas-kubini-50g\/\" \/>\n<meta property=\"og:site_name\" content=\"MiuMjau\" \/>\n<meta property=\"article:publisher\" content=\"https:\/\/www.facebook.com\/miumjaupood\/\" \/>\n<meta property=\"og:image\" content=\"https:\/\/miumjau.ee\/wp-content\/uploads\/2026\/03\/dr-malou-kana-rinnafilee-maiused-50g-1.jpg\" \/>\n\t<meta property=\"og:image:width\" content=\"600\" \/>\n\t<meta property=\"og:image:height\" content=\"800\" \/>\n\t<meta property=\"og:image:type\" content=\"image\/jpeg\" \/>\n<meta name=\"twitter:card\" content=\"summary_large_image\" \/>\n<script type=\"application\/ld+json\" class=\"yoast-schema-graph\">{\"@context\":\"https:\\\/\\\/schema.org\",\"@graph\":[{\"@type\":\"WebPage\",\"@id\":\"https:\\\/\\\/miumjau.ee\\\/lv\\\/produkts\\\/dr-malou-liofilizeti-vistas-krutinas-filejas-kubini-50g\\\/\",\"url\":\"https:\\\/\\\/miumjau.ee\\\/lv\\\/produkts\\\/dr-malou-liofilizeti-vistas-krutinas-filejas-kubini-50g\\\/\",\"name\":\"Dr Malou liofiliz\u0113ti vistas kr\u016bti\u0146as filejas kubi\u0146i, 50g - MiuMjau\",\"isPartOf\":{\"@id\":\"https:\\\/\\\/miumjau.ee\\\/#website\"},\"primaryImageOfPage\":{\"@id\":\"https:\\\/\\\/miumjau.ee\\\/lv\\\/produkts\\\/dr-malou-liofilizeti-vistas-krutinas-filejas-kubini-50g\\\/#primaryimage\"},\"image\":{\"@id\":\"https:\\\/\\\/miumjau.ee\\\/lv\\\/produkts\\\/dr-malou-liofilizeti-vistas-krutinas-filejas-kubini-50g\\\/#primaryimage\"},\"thumbnailUrl\":\"https:\\\/\\\/miumjau.ee\\\/wp-content\\\/uploads\\\/2026\\\/03\\\/dr-malou-kana-rinnafilee-maiused-50g-1.jpg\",\"datePublished\":\"2026-03-15T14:31:31+00:00\",\"breadcrumb\":{\"@id\":\"https:\\\/\\\/miumjau.ee\\\/lv\\\/produkts\\\/dr-malou-liofilizeti-vistas-krutinas-filejas-kubini-50g\\\/#breadcrumb\"},\"inLanguage\":\"lv-LV\",\"potentialAction\":[{\"@type\":\"ReadAction\",\"target\":[\"https:\\\/\\\/miumjau.ee\\\/lv\\\/produkts\\\/dr-malou-liofilizeti-vistas-krutinas-filejas-kubini-50g\\\/\"]}]},{\"@type\":\"ImageObject\",\"inLanguage\":\"lv-LV\",\"@id\":\"https:\\\/\\\/miumjau.ee\\\/lv\\\/produkts\\\/dr-malou-liofilizeti-vistas-krutinas-filejas-kubini-50g\\\/#primaryimage\",\"url\":\"https:\\\/\\\/miumjau.ee\\\/wp-content\\\/uploads\\\/2026\\\/03\\\/dr-malou-kana-rinnafilee-maiused-50g-1.jpg\",\"contentUrl\":\"https:\\\/\\\/miumjau.ee\\\/wp-content\\\/uploads\\\/2026\\\/03\\\/dr-malou-kana-rinnafilee-maiused-50g-1.jpg\",\"width\":600,\"height\":800,\"caption\":\"Dr Malou k\u00fclmkuivatatud kana rinnafilee kuubikud, 50g\"},{\"@type\":\"BreadcrumbList\",\"@id\":\"https:\\\/\\\/miumjau.ee\\\/lv\\\/produkts\\\/dr-malou-liofilizeti-vistas-krutinas-filejas-kubini-50g\\\/#breadcrumb\",\"itemListElement\":[{\"@type\":\"ListItem\",\"position\":1,\"name\":\"Home\",\"item\":\"https:\\\/\\\/miumjau.ee\\\/lv\\\/\"},{\"@type\":\"ListItem\",\"position\":2,\"name\":\"Veikals\",\"item\":\"https:\\\/\\\/miumjau.ee\\\/lv\\\/veikals\\\/\"},{\"@type\":\"ListItem\",\"position\":3,\"name\":\"Dr Malou liofiliz\u0113ti vistas kr\u016bti\u0146as filejas kubi\u0146i, 50g\"}]},{\"@type\":\"WebSite\",\"@id\":\"https:\\\/\\\/miumjau.ee\\\/#website\",\"url\":\"https:\\\/\\\/miumjau.ee\\\/\",\"name\":\"MiuMjau\",\"description\":\"Kraapimispuud kassidele\",\"publisher\":{\"@id\":\"https:\\\/\\\/miumjau.ee\\\/#organization\"},\"potentialAction\":[{\"@type\":\"SearchAction\",\"target\":{\"@type\":\"EntryPoint\",\"urlTemplate\":\"https:\\\/\\\/miumjau.ee\\\/?s={search_term_string}\"},\"query-input\":{\"@type\":\"PropertyValueSpecification\",\"valueRequired\":true,\"valueName\":\"search_term_string\"}}],\"inLanguage\":\"lv-LV\"},{\"@type\":\"Organization\",\"@id\":\"https:\\\/\\\/miumjau.ee\\\/#organization\",\"name\":\"MiuMjau O\u00dc\",\"url\":\"https:\\\/\\\/miumjau.ee\\\/\",\"logo\":{\"@type\":\"ImageObject\",\"inLanguage\":\"lv-LV\",\"@id\":\"https:\\\/\\\/miumjau.ee\\\/#\\\/schema\\\/logo\\\/image\\\/\",\"url\":\"https:\\\/\\\/miumjau.ee\\\/wp-content\\\/uploads\\\/2022\\\/04\\\/MiuMjau-logo-kollane.png\",\"contentUrl\":\"https:\\\/\\\/miumjau.ee\\\/wp-content\\\/uploads\\\/2022\\\/04\\\/MiuMjau-logo-kollane.png\",\"width\":219,\"height\":100,\"caption\":\"MiuMjau O\u00dc\"},\"image\":{\"@id\":\"https:\\\/\\\/miumjau.ee\\\/#\\\/schema\\\/logo\\\/image\\\/\"},\"sameAs\":[\"https:\\\/\\\/www.facebook.com\\\/miumjaupood\\\/\"]}]}<\/script>\n<!-- \/ Yoast SEO plugin. -->","yoast_head_json":{"title":"Dr Malou liofiliz\u0113ti vistas kr\u016bti\u0146as filejas kubi\u0146i, 50g - MiuMjau","robots":{"index":"index","follow":"follow","max-snippet":"max-snippet:-1","max-image-preview":"max-image-preview:large","max-video-preview":"max-video-preview:-1"},"canonical":"https:\/\/miumjau.ee\/lv\/produkts\/dr-malou-liofilizeti-vistas-krutinas-filejas-kubini-50g\/","og_locale":"lv_LV","og_type":"article","og_title":"Dr Malou liofiliz\u0113ti vistas kr\u016bti\u0146as filejas kubi\u0146i, 50g - MiuMjau","og_description":"Ka\u0137u k\u0101rumi no 100% liofiliz\u0113tas vistas kr\u016bti\u0146as ir dab\u012bgs un augsta olbaltumvielu satura na\u0161\u0137is, kas nodro\u0161ina \u012bstu ga\u013cas gar\u0161u. K\u0101rumi ir izgatavoti tikai no t\u012bras vistas kr\u016bti\u0146as ga\u013cas un nesatur graudus, m\u0101ksl\u012bg\u0101s piedevas, kr\u0101svielas vai konservantus. Vista ir viegli sagremojams dz\u012bvnieku izcelsmes olbaltumvielu avots, kas pal\u012bdz atbalst\u012bt ka\u0137a musku\u013cu att\u012bst\u012bbu un visp\u0101r\u0113jo vesel\u012bbu. T\u0101 dabiski satur ar\u012b B grupas vitam\u012bnus (B6 un B12), A vitam\u012bnu, k\u0101 ar\u012b D un E vitam\u012bnus, kas atbalsta nervu sist\u0113mu, imunit\u0101ti un \u0101das un apmatojuma vesel\u012bbu. K\u0101rumi ir izgatavoti, izmantojot liofiliz\u0101cijas (sald\u0113\u0161anas \u017e\u0101v\u0113\u0161anas) metodi, kas zem\u0101 temperat\u016br\u0101 izvada mitrumu. Tas pal\u012bdz saglab\u0101t ga\u013cas dabisko gar\u0161u, arom\u0101tu un uzturvielas, k\u0101 ar\u012b padara kubi\u0146us vieglus un krauk\u0161\u0137\u012bgus. \u0160ie ka\u0137u k\u0101rumi ir ide\u0101li piem\u0113roti: k\u0101 balva vai treni\u0146u na\u0161\u0137isk\u0101 papildin\u0101jums ikdienas bar\u012bbaik\u0101 vesel\u012bga uzkoda Piem\u0113rots visu vecumu ka\u0137iem. Sast\u0101vs: 100% vistas kr\u016bti\u0146as fileja Anal\u012btiskais sast\u0101vs: kopprote\u012bns 83%, koptauki 4%, kop\u0161\u0137iedra 1%, koppele 6%, mitrums 6%. Ener\u0123\u0113tisk\u0101 v\u0113rt\u012bba: 328 kcal \/ 100 g.","og_url":"https:\/\/miumjau.ee\/lv\/produkts\/dr-malou-liofilizeti-vistas-krutinas-filejas-kubini-50g\/","og_site_name":"MiuMjau","article_publisher":"https:\/\/www.facebook.com\/miumjaupood\/","og_image":[{"width":600,"height":800,"url":"https:\/\/miumjau.ee\/wp-content\/uploads\/2026\/03\/dr-malou-kana-rinnafilee-maiused-50g-1.jpg","type":"image\/jpeg"}],"twitter_card":"summary_large_image","schema":{"@context":"https:\/\/schema.org","@graph":[{"@type":"WebPage","@id":"https:\/\/miumjau.ee\/lv\/produkts\/dr-malou-liofilizeti-vistas-krutinas-filejas-kubini-50g\/","url":"https:\/\/miumjau.ee\/lv\/produkts\/dr-malou-liofilizeti-vistas-krutinas-filejas-kubini-50g\/","name":"Dr Malou liofiliz\u0113ti vistas kr\u016bti\u0146as filejas kubi\u0146i, 50g - MiuMjau","isPartOf":{"@id":"https:\/\/miumjau.ee\/#website"},"primaryImageOfPage":{"@id":"https:\/\/miumjau.ee\/lv\/produkts\/dr-malou-liofilizeti-vistas-krutinas-filejas-kubini-50g\/#primaryimage"},"image":{"@id":"https:\/\/miumjau.ee\/lv\/produkts\/dr-malou-liofilizeti-vistas-krutinas-filejas-kubini-50g\/#primaryimage"},"thumbnailUrl":"https:\/\/miumjau.ee\/wp-content\/uploads\/2026\/03\/dr-malou-kana-rinnafilee-maiused-50g-1.jpg","datePublished":"2026-03-15T14:31:31+00:00","breadcrumb":{"@id":"https:\/\/miumjau.ee\/lv\/produkts\/dr-malou-liofilizeti-vistas-krutinas-filejas-kubini-50g\/#breadcrumb"},"inLanguage":"lv-LV","potentialAction":[{"@type":"ReadAction","target":["https:\/\/miumjau.ee\/lv\/produkts\/dr-malou-liofilizeti-vistas-krutinas-filejas-kubini-50g\/"]}]},{"@type":"ImageObject","inLanguage":"lv-LV","@id":"https:\/\/miumjau.ee\/lv\/produkts\/dr-malou-liofilizeti-vistas-krutinas-filejas-kubini-50g\/#primaryimage","url":"https:\/\/miumjau.ee\/wp-content\/uploads\/2026\/03\/dr-malou-kana-rinnafilee-maiused-50g-1.jpg","contentUrl":"https:\/\/miumjau.ee\/wp-content\/uploads\/2026\/03\/dr-malou-kana-rinnafilee-maiused-50g-1.jpg","width":600,"height":800,"caption":"Dr Malou k\u00fclmkuivatatud kana rinnafilee kuubikud, 50g"},{"@type":"BreadcrumbList","@id":"https:\/\/miumjau.ee\/lv\/produkts\/dr-malou-liofilizeti-vistas-krutinas-filejas-kubini-50g\/#breadcrumb","itemListElement":[{"@type":"ListItem","position":1,"name":"Home","item":"https:\/\/miumjau.ee\/lv\/"},{"@type":"ListItem","position":2,"name":"Veikals","item":"https:\/\/miumjau.ee\/lv\/veikals\/"},{"@type":"ListItem","position":3,"name":"Dr Malou liofiliz\u0113ti vistas kr\u016bti\u0146as filejas kubi\u0146i, 50g"}]},{"@type":"WebSite","@id":"https:\/\/miumjau.ee\/#website","url":"https:\/\/miumjau.ee\/","name":"MiuMjau","description":"Kraapimispuud kassidele","publisher":{"@id":"https:\/\/miumjau.ee\/#organization"},"potentialAction":[{"@type":"SearchAction","target":{"@type":"EntryPoint","urlTemplate":"https:\/\/miumjau.ee\/?s={search_term_string}"},"query-input":{"@type":"PropertyValueSpecification","valueRequired":true,"valueName":"search_term_string"}}],"inLanguage":"lv-LV"},{"@type":"Organization","@id":"https:\/\/miumjau.ee\/#organization","name":"MiuMjau O\u00dc","url":"https:\/\/miumjau.ee\/","logo":{"@type":"ImageObject","inLanguage":"lv-LV","@id":"https:\/\/miumjau.ee\/#\/schema\/logo\/image\/","url":"https:\/\/miumjau.ee\/wp-content\/uploads\/2022\/04\/MiuMjau-logo-kollane.png","contentUrl":"https:\/\/miumjau.ee\/wp-content\/uploads\/2022\/04\/MiuMjau-logo-kollane.png","width":219,"height":100,"caption":"MiuMjau O\u00dc"},"image":{"@id":"https:\/\/miumjau.ee\/#\/schema\/logo\/image\/"},"sameAs":["https:\/\/www.facebook.com\/miumjaupood\/"]}]}},"_links":{"self":[{"href":"https:\/\/miumjau.ee\/lv\/wp-json\/wp\/v2\/product\/55028","targetHints":{"allow":["GET"]}}],"collection":[{"href":"https:\/\/miumjau.ee\/lv\/wp-json\/wp\/v2\/product"}],"about":[{"href":"https:\/\/miumjau.ee\/lv\/wp-json\/wp\/v2\/types\/product"}],"wp:featuredmedia":[{"embeddable":true,"href":"https:\/\/miumjau.ee\/lv\/wp-json\/wp\/v2\/media\/54910"}],"wp:attachment":[{"href":"https:\/\/miumjau.ee\/lv\/wp-json\/wp\/v2\/media?parent=55028"}],"wp:term":[{"taxonomy":"product_brand","embeddable":true,"href":"https:\/\/miumjau.ee\/lv\/wp-json\/wp\/v2\/product_brand?post=55028"},{"taxonomy":"product_cat","embeddable":true,"href":"https:\/\/miumjau.ee\/lv\/wp-json\/wp\/v2\/product_cat?post=55028"},{"taxonomy":"product_tag","embeddable":true,"href":"https:\/\/miumjau.ee\/lv\/wp-json\/wp\/v2\/product_tag?post=55028"}],"curies":[{"name":"wp","href":"https:\/\/api.w.org\/{rel}","templated":true}]}}