{"id":54940,"date":"2026-03-16T09:50:09","date_gmt":"2026-03-16T07:50:09","guid":{"rendered":"https:\/\/miumjau.ee\/?post_type=product&#038;p=54940"},"modified":"2026-03-16T15:49:15","modified_gmt":"2026-03-16T13:49:15","slug":"ibero-natural-70-galas-konservs-zivs-un-abols-400g-kopeeri","status":"publish","type":"product","link":"https:\/\/miumjau.ee\/lv\/produkts\/ibero-natural-70-galas-konservs-zivs-un-abols-400g-kopeeri\/","title":{"rendered":"Ibero Natural 70% ga\u013cas konservs, zivs un \u0101bols 6x400g"},"content":{"rendered":"","protected":false},"excerpt":{"rendered":"<p data-start=\"90\" data-end=\"172\">Pilnv\u0113rt\u012bga bar\u012bba pieaugu\u0161iem su\u0146iem no vis\u0101m \u0161\u0137irn\u0113m (&gt;1 gads) \u2013 zivs un \u0101bols<\/p>\n<p data-start=\"174\" data-end=\"267\"><strong data-start=\"174\" data-end=\"186\">Sast\u0101vs:<\/strong> Balta zivs 35%, sard\u012bnes 35%, \u0101bols 5%, kartupelis, zir\u0146u \u0161\u0137iedras, lins\u0113klas.<\/p>\n<p data-start=\"269\" data-end=\"368\"><strong data-start=\"269\" data-end=\"297\">Anal\u012btisk\u0101s sast\u0101vda\u013cas:<\/strong> Olbaltumvielas 9,5%, tauki 7%, \u0161\u0137iedras 1,5%, pelni 2%, mitrums 76%.<\/p>\n<p data-start=\"370\" data-end=\"523\"><strong data-start=\"370\" data-end=\"393\">Piedevas (uz 1 kg):<\/strong> Vitam\u012bns A 7 954 IU, vitam\u012bns D3 509 IU, vitam\u012bns E 159 IU, mang\u0101ns 13 mg, dzelzs 29 mg, var\u0161 2,7 mg, cinks 44 mg, jods 0,6 mg.<\/p>\n<p data-start=\"525\" data-end=\"570\"><strong data-start=\"525\" data-end=\"553\">Metaboliz\u0113jam\u0101 ener\u0123ija:<\/strong> 1 170 kcal\/kg.<\/p>\n<p data-start=\"572\" data-end=\"650\"><strong data-start=\"572\" data-end=\"605\">Konservanti un antioksidanti:<\/strong> tokoferolu bag\u0101ti ekstrakti no augu e\u013c\u013c\u0101m.<\/p>\n<p data-start=\"652\" data-end=\"790\">Pasniegt istabas temperat\u016br\u0101 atbilsto\u0161i ieteiktajai devai. Glab\u0101t v\u0113s\u0101 un saus\u0101 viet\u0101. Lab\u0101k izmantot l\u012bdz \/ partija: skat\u012bt iepakojumu.<\/p>\n<p data-start=\"792\" data-end=\"946\">Vai j\u016bsu suns ar\u012b m\u012bl zivis? Omega tauksk\u0101bes ir \u0101rk\u0101rt\u012bgi svar\u012bgas skaistam ka\u017eokam un vesel\u012bgai \u0101dai. Viss nepiecie\u0161amais j\u016bsu sunim no Ibero bar\u012bbas!<\/p>\n","protected":false},"featured_media":54951,"template":"","meta":[],"product_brand":[],"product_cat":[577],"product_tag":[],"class_list":{"0":"post-54940","1":"product","2":"type-product","3":"status-publish","4":"has-post-thumbnail","6":"product_cat-mitra-bariba-suniem","8":"first","9":"instock","10":"taxable","11":"shipping-taxable","12":"purchasable","13":"product-type-simple"},"yoast_head":"<!-- This site is optimized with the Yoast SEO plugin v27.4 - https:\/\/yoast.com\/product\/yoast-seo-wordpress\/ -->\n<title>Ibero Natural 70% ga\u013cas konservs, zivs un \u0101bols 6x400g - MiuMjau<\/title>\n<meta name=\"robots\" content=\"index, follow, max-snippet:-1, max-image-preview:large, max-video-preview:-1\" \/>\n<link rel=\"canonical\" href=\"https:\/\/miumjau.ee\/lv\/produkts\/ibero-natural-70-galas-konservs-zivs-un-abols-400g-kopeeri\/\" \/>\n<meta property=\"og:locale\" content=\"lv_LV\" \/>\n<meta property=\"og:type\" content=\"article\" \/>\n<meta property=\"og:title\" content=\"Ibero Natural 70% ga\u013cas konservs, zivs un \u0101bols 6x400g - MiuMjau\" \/>\n<meta property=\"og:description\" content=\"Pilnv\u0113rt\u012bga bar\u012bba pieaugu\u0161iem su\u0146iem no vis\u0101m \u0161\u0137irn\u0113m (&gt;1 gads) \u2013 zivs un \u0101bols Sast\u0101vs: Balta zivs 35%, sard\u012bnes 35%, \u0101bols 5%, kartupelis, zir\u0146u \u0161\u0137iedras, lins\u0113klas. Anal\u012btisk\u0101s sast\u0101vda\u013cas: Olbaltumvielas 9,5%, tauki 7%, \u0161\u0137iedras 1,5%, pelni 2%, mitrums 76%. Piedevas (uz 1 kg): Vitam\u012bns A 7 954 IU, vitam\u012bns D3 509 IU, vitam\u012bns E 159 IU, mang\u0101ns 13 mg, dzelzs 29 mg, var\u0161 2,7 mg, cinks 44 mg, jods 0,6 mg. Metaboliz\u0113jam\u0101 ener\u0123ija: 1 170 kcal\/kg. Konservanti un antioksidanti: tokoferolu bag\u0101ti ekstrakti no augu e\u013c\u013c\u0101m. Pasniegt istabas temperat\u016br\u0101 atbilsto\u0161i ieteiktajai devai. Glab\u0101t v\u0113s\u0101 un saus\u0101 viet\u0101. Lab\u0101k izmantot l\u012bdz \/ partija: skat\u012bt iepakojumu. Vai j\u016bsu suns ar\u012b m\u012bl zivis? Omega tauksk\u0101bes ir \u0101rk\u0101rt\u012bgi svar\u012bgas skaistam ka\u017eokam un vesel\u012bgai \u0101dai. Viss nepiecie\u0161amais j\u016bsu sunim no Ibero bar\u012bbas!\" \/>\n<meta property=\"og:url\" content=\"https:\/\/miumjau.ee\/lv\/produkts\/ibero-natural-70-galas-konservs-zivs-un-abols-400g-kopeeri\/\" \/>\n<meta property=\"og:site_name\" content=\"MiuMjau\" \/>\n<meta property=\"article:publisher\" content=\"https:\/\/www.facebook.com\/miumjaupood\/\" \/>\n<meta property=\"article:modified_time\" content=\"2026-03-16T13:49:15+00:00\" \/>\n<meta property=\"og:image\" content=\"https:\/\/miumjau.ee\/wp-content\/uploads\/2026\/03\/ibero-taissoot-konservid-koerale1.jpg\" \/>\n\t<meta property=\"og:image:width\" content=\"600\" \/>\n\t<meta property=\"og:image:height\" content=\"800\" \/>\n\t<meta property=\"og:image:type\" content=\"image\/jpeg\" \/>\n<meta name=\"twitter:card\" content=\"summary_large_image\" \/>\n<script type=\"application\/ld+json\" class=\"yoast-schema-graph\">{\"@context\":\"https:\\\/\\\/schema.org\",\"@graph\":[{\"@type\":\"WebPage\",\"@id\":\"https:\\\/\\\/miumjau.ee\\\/lv\\\/produkts\\\/ibero-natural-70-galas-konservs-zivs-un-abols-400g-kopeeri\\\/\",\"url\":\"https:\\\/\\\/miumjau.ee\\\/lv\\\/produkts\\\/ibero-natural-70-galas-konservs-zivs-un-abols-400g-kopeeri\\\/\",\"name\":\"Ibero Natural 70% ga\u013cas konservs, zivs un \u0101bols 6x400g - MiuMjau\",\"isPartOf\":{\"@id\":\"https:\\\/\\\/miumjau.ee\\\/#website\"},\"primaryImageOfPage\":{\"@id\":\"https:\\\/\\\/miumjau.ee\\\/lv\\\/produkts\\\/ibero-natural-70-galas-konservs-zivs-un-abols-400g-kopeeri\\\/#primaryimage\"},\"image\":{\"@id\":\"https:\\\/\\\/miumjau.ee\\\/lv\\\/produkts\\\/ibero-natural-70-galas-konservs-zivs-un-abols-400g-kopeeri\\\/#primaryimage\"},\"thumbnailUrl\":\"https:\\\/\\\/miumjau.ee\\\/wp-content\\\/uploads\\\/2026\\\/03\\\/ibero-taissoot-konservid-koerale1.jpg\",\"datePublished\":\"2026-03-16T07:50:09+00:00\",\"dateModified\":\"2026-03-16T13:49:15+00:00\",\"breadcrumb\":{\"@id\":\"https:\\\/\\\/miumjau.ee\\\/lv\\\/produkts\\\/ibero-natural-70-galas-konservs-zivs-un-abols-400g-kopeeri\\\/#breadcrumb\"},\"inLanguage\":\"lv-LV\",\"potentialAction\":[{\"@type\":\"ReadAction\",\"target\":[\"https:\\\/\\\/miumjau.ee\\\/lv\\\/produkts\\\/ibero-natural-70-galas-konservs-zivs-un-abols-400g-kopeeri\\\/\"]}]},{\"@type\":\"ImageObject\",\"inLanguage\":\"lv-LV\",\"@id\":\"https:\\\/\\\/miumjau.ee\\\/lv\\\/produkts\\\/ibero-natural-70-galas-konservs-zivs-un-abols-400g-kopeeri\\\/#primaryimage\",\"url\":\"https:\\\/\\\/miumjau.ee\\\/wp-content\\\/uploads\\\/2026\\\/03\\\/ibero-taissoot-konservid-koerale1.jpg\",\"contentUrl\":\"https:\\\/\\\/miumjau.ee\\\/wp-content\\\/uploads\\\/2026\\\/03\\\/ibero-taissoot-konservid-koerale1.jpg\",\"width\":600,\"height\":800,\"caption\":\"Ibero Natural 70% lihaga konserv, kala ja \u00f5un 6x400g\"},{\"@type\":\"BreadcrumbList\",\"@id\":\"https:\\\/\\\/miumjau.ee\\\/lv\\\/produkts\\\/ibero-natural-70-galas-konservs-zivs-un-abols-400g-kopeeri\\\/#breadcrumb\",\"itemListElement\":[{\"@type\":\"ListItem\",\"position\":1,\"name\":\"Home\",\"item\":\"https:\\\/\\\/miumjau.ee\\\/lv\\\/\"},{\"@type\":\"ListItem\",\"position\":2,\"name\":\"Veikals\",\"item\":\"https:\\\/\\\/miumjau.ee\\\/lv\\\/veikals\\\/\"},{\"@type\":\"ListItem\",\"position\":3,\"name\":\"Ibero Natural 70% ga\u013cas konservs, zivs un \u0101bols 6x400g\"}]},{\"@type\":\"WebSite\",\"@id\":\"https:\\\/\\\/miumjau.ee\\\/#website\",\"url\":\"https:\\\/\\\/miumjau.ee\\\/\",\"name\":\"MiuMjau\",\"description\":\"Kraapimispuud kassidele\",\"publisher\":{\"@id\":\"https:\\\/\\\/miumjau.ee\\\/#organization\"},\"potentialAction\":[{\"@type\":\"SearchAction\",\"target\":{\"@type\":\"EntryPoint\",\"urlTemplate\":\"https:\\\/\\\/miumjau.ee\\\/?s={search_term_string}\"},\"query-input\":{\"@type\":\"PropertyValueSpecification\",\"valueRequired\":true,\"valueName\":\"search_term_string\"}}],\"inLanguage\":\"lv-LV\"},{\"@type\":\"Organization\",\"@id\":\"https:\\\/\\\/miumjau.ee\\\/#organization\",\"name\":\"MiuMjau O\u00dc\",\"url\":\"https:\\\/\\\/miumjau.ee\\\/\",\"logo\":{\"@type\":\"ImageObject\",\"inLanguage\":\"lv-LV\",\"@id\":\"https:\\\/\\\/miumjau.ee\\\/#\\\/schema\\\/logo\\\/image\\\/\",\"url\":\"https:\\\/\\\/miumjau.ee\\\/wp-content\\\/uploads\\\/2022\\\/04\\\/MiuMjau-logo-kollane.png\",\"contentUrl\":\"https:\\\/\\\/miumjau.ee\\\/wp-content\\\/uploads\\\/2022\\\/04\\\/MiuMjau-logo-kollane.png\",\"width\":219,\"height\":100,\"caption\":\"MiuMjau O\u00dc\"},\"image\":{\"@id\":\"https:\\\/\\\/miumjau.ee\\\/#\\\/schema\\\/logo\\\/image\\\/\"},\"sameAs\":[\"https:\\\/\\\/www.facebook.com\\\/miumjaupood\\\/\"]}]}<\/script>\n<!-- \/ Yoast SEO plugin. -->","yoast_head_json":{"title":"Ibero Natural 70% ga\u013cas konservs, zivs un \u0101bols 6x400g - MiuMjau","robots":{"index":"index","follow":"follow","max-snippet":"max-snippet:-1","max-image-preview":"max-image-preview:large","max-video-preview":"max-video-preview:-1"},"canonical":"https:\/\/miumjau.ee\/lv\/produkts\/ibero-natural-70-galas-konservs-zivs-un-abols-400g-kopeeri\/","og_locale":"lv_LV","og_type":"article","og_title":"Ibero Natural 70% ga\u013cas konservs, zivs un \u0101bols 6x400g - MiuMjau","og_description":"Pilnv\u0113rt\u012bga bar\u012bba pieaugu\u0161iem su\u0146iem no vis\u0101m \u0161\u0137irn\u0113m (&gt;1 gads) \u2013 zivs un \u0101bols Sast\u0101vs: Balta zivs 35%, sard\u012bnes 35%, \u0101bols 5%, kartupelis, zir\u0146u \u0161\u0137iedras, lins\u0113klas. Anal\u012btisk\u0101s sast\u0101vda\u013cas: Olbaltumvielas 9,5%, tauki 7%, \u0161\u0137iedras 1,5%, pelni 2%, mitrums 76%. Piedevas (uz 1 kg): Vitam\u012bns A 7 954 IU, vitam\u012bns D3 509 IU, vitam\u012bns E 159 IU, mang\u0101ns 13 mg, dzelzs 29 mg, var\u0161 2,7 mg, cinks 44 mg, jods 0,6 mg. Metaboliz\u0113jam\u0101 ener\u0123ija: 1 170 kcal\/kg. Konservanti un antioksidanti: tokoferolu bag\u0101ti ekstrakti no augu e\u013c\u013c\u0101m. Pasniegt istabas temperat\u016br\u0101 atbilsto\u0161i ieteiktajai devai. Glab\u0101t v\u0113s\u0101 un saus\u0101 viet\u0101. Lab\u0101k izmantot l\u012bdz \/ partija: skat\u012bt iepakojumu. Vai j\u016bsu suns ar\u012b m\u012bl zivis? Omega tauksk\u0101bes ir \u0101rk\u0101rt\u012bgi svar\u012bgas skaistam ka\u017eokam un vesel\u012bgai \u0101dai. Viss nepiecie\u0161amais j\u016bsu sunim no Ibero bar\u012bbas!","og_url":"https:\/\/miumjau.ee\/lv\/produkts\/ibero-natural-70-galas-konservs-zivs-un-abols-400g-kopeeri\/","og_site_name":"MiuMjau","article_publisher":"https:\/\/www.facebook.com\/miumjaupood\/","article_modified_time":"2026-03-16T13:49:15+00:00","og_image":[{"width":600,"height":800,"url":"https:\/\/miumjau.ee\/wp-content\/uploads\/2026\/03\/ibero-taissoot-konservid-koerale1.jpg","type":"image\/jpeg"}],"twitter_card":"summary_large_image","schema":{"@context":"https:\/\/schema.org","@graph":[{"@type":"WebPage","@id":"https:\/\/miumjau.ee\/lv\/produkts\/ibero-natural-70-galas-konservs-zivs-un-abols-400g-kopeeri\/","url":"https:\/\/miumjau.ee\/lv\/produkts\/ibero-natural-70-galas-konservs-zivs-un-abols-400g-kopeeri\/","name":"Ibero Natural 70% ga\u013cas konservs, zivs un \u0101bols 6x400g - MiuMjau","isPartOf":{"@id":"https:\/\/miumjau.ee\/#website"},"primaryImageOfPage":{"@id":"https:\/\/miumjau.ee\/lv\/produkts\/ibero-natural-70-galas-konservs-zivs-un-abols-400g-kopeeri\/#primaryimage"},"image":{"@id":"https:\/\/miumjau.ee\/lv\/produkts\/ibero-natural-70-galas-konservs-zivs-un-abols-400g-kopeeri\/#primaryimage"},"thumbnailUrl":"https:\/\/miumjau.ee\/wp-content\/uploads\/2026\/03\/ibero-taissoot-konservid-koerale1.jpg","datePublished":"2026-03-16T07:50:09+00:00","dateModified":"2026-03-16T13:49:15+00:00","breadcrumb":{"@id":"https:\/\/miumjau.ee\/lv\/produkts\/ibero-natural-70-galas-konservs-zivs-un-abols-400g-kopeeri\/#breadcrumb"},"inLanguage":"lv-LV","potentialAction":[{"@type":"ReadAction","target":["https:\/\/miumjau.ee\/lv\/produkts\/ibero-natural-70-galas-konservs-zivs-un-abols-400g-kopeeri\/"]}]},{"@type":"ImageObject","inLanguage":"lv-LV","@id":"https:\/\/miumjau.ee\/lv\/produkts\/ibero-natural-70-galas-konservs-zivs-un-abols-400g-kopeeri\/#primaryimage","url":"https:\/\/miumjau.ee\/wp-content\/uploads\/2026\/03\/ibero-taissoot-konservid-koerale1.jpg","contentUrl":"https:\/\/miumjau.ee\/wp-content\/uploads\/2026\/03\/ibero-taissoot-konservid-koerale1.jpg","width":600,"height":800,"caption":"Ibero Natural 70% lihaga konserv, kala ja \u00f5un 6x400g"},{"@type":"BreadcrumbList","@id":"https:\/\/miumjau.ee\/lv\/produkts\/ibero-natural-70-galas-konservs-zivs-un-abols-400g-kopeeri\/#breadcrumb","itemListElement":[{"@type":"ListItem","position":1,"name":"Home","item":"https:\/\/miumjau.ee\/lv\/"},{"@type":"ListItem","position":2,"name":"Veikals","item":"https:\/\/miumjau.ee\/lv\/veikals\/"},{"@type":"ListItem","position":3,"name":"Ibero Natural 70% ga\u013cas konservs, zivs un \u0101bols 6x400g"}]},{"@type":"WebSite","@id":"https:\/\/miumjau.ee\/#website","url":"https:\/\/miumjau.ee\/","name":"MiuMjau","description":"Kraapimispuud kassidele","publisher":{"@id":"https:\/\/miumjau.ee\/#organization"},"potentialAction":[{"@type":"SearchAction","target":{"@type":"EntryPoint","urlTemplate":"https:\/\/miumjau.ee\/?s={search_term_string}"},"query-input":{"@type":"PropertyValueSpecification","valueRequired":true,"valueName":"search_term_string"}}],"inLanguage":"lv-LV"},{"@type":"Organization","@id":"https:\/\/miumjau.ee\/#organization","name":"MiuMjau O\u00dc","url":"https:\/\/miumjau.ee\/","logo":{"@type":"ImageObject","inLanguage":"lv-LV","@id":"https:\/\/miumjau.ee\/#\/schema\/logo\/image\/","url":"https:\/\/miumjau.ee\/wp-content\/uploads\/2022\/04\/MiuMjau-logo-kollane.png","contentUrl":"https:\/\/miumjau.ee\/wp-content\/uploads\/2022\/04\/MiuMjau-logo-kollane.png","width":219,"height":100,"caption":"MiuMjau O\u00dc"},"image":{"@id":"https:\/\/miumjau.ee\/#\/schema\/logo\/image\/"},"sameAs":["https:\/\/www.facebook.com\/miumjaupood\/"]}]}},"_links":{"self":[{"href":"https:\/\/miumjau.ee\/lv\/wp-json\/wp\/v2\/product\/54940","targetHints":{"allow":["GET"]}}],"collection":[{"href":"https:\/\/miumjau.ee\/lv\/wp-json\/wp\/v2\/product"}],"about":[{"href":"https:\/\/miumjau.ee\/lv\/wp-json\/wp\/v2\/types\/product"}],"wp:featuredmedia":[{"embeddable":true,"href":"https:\/\/miumjau.ee\/lv\/wp-json\/wp\/v2\/media\/54951"}],"wp:attachment":[{"href":"https:\/\/miumjau.ee\/lv\/wp-json\/wp\/v2\/media?parent=54940"}],"wp:term":[{"taxonomy":"product_brand","embeddable":true,"href":"https:\/\/miumjau.ee\/lv\/wp-json\/wp\/v2\/product_brand?post=54940"},{"taxonomy":"product_cat","embeddable":true,"href":"https:\/\/miumjau.ee\/lv\/wp-json\/wp\/v2\/product_cat?post=54940"},{"taxonomy":"product_tag","embeddable":true,"href":"https:\/\/miumjau.ee\/lv\/wp-json\/wp\/v2\/product_tag?post=54940"}],"curies":[{"name":"wp","href":"https:\/\/api.w.org\/{rel}","templated":true}]}}