{"id":54928,"date":"2026-03-16T09:50:06","date_gmt":"2026-03-16T07:50:06","guid":{"rendered":"https:\/\/miumjau.ee\/?post_type=product&#038;p=54928"},"modified":"2026-03-16T15:51:12","modified_gmt":"2026-03-16T13:51:12","slug":"ibero-natural-junior-70-galas-konservs-titars-un-banans-400g-kopeeri","status":"publish","type":"product","link":"https:\/\/miumjau.ee\/lv\/produkts\/ibero-natural-junior-70-galas-konservs-titars-un-banans-400g-kopeeri\/","title":{"rendered":"Ibero Natural Junior 70% ga\u013cas konservs, t\u012btars un ban\u0101ns 6x400g"},"content":{"rendered":"","protected":false},"excerpt":{"rendered":"<p data-start=\"100\" data-end=\"181\">Pilnv\u0113rt\u012bga bar\u012bba jauniem su\u0146iem no vis\u0101m \u0161\u0137irn\u0113m (&lt;1 gads) \u2013 t\u012btars un ban\u0101ns<\/p>\n<p data-start=\"183\" data-end=\"273\"><strong data-start=\"183\" data-end=\"195\">Sast\u0101vs:<\/strong> T\u012btara ga\u013ca 71%, c\u016bku aknas 5%, ban\u0101ns 5%, r\u012bsi, zir\u0146u \u0161\u0137iedras, lins\u0113klas.<\/p>\n<p data-start=\"275\" data-end=\"373\"><strong data-start=\"275\" data-end=\"303\">Anal\u012btisk\u0101s sast\u0101vda\u013cas:<\/strong> Olbaltumvielas 10%, tauki 8%, \u0161\u0137iedras 1,5%, pelni 2%, mitrums 74%.<\/p>\n<p data-start=\"375\" data-end=\"528\"><strong data-start=\"375\" data-end=\"398\">Piedevas (uz 1 kg):<\/strong> Vitam\u012bns A 7 954 IU, vitam\u012bns D3 509 IU, vitam\u012bns E 159 IU, mang\u0101ns 13 mg, dzelzs 29 mg, var\u0161 2,7 mg, cinks 44 mg, jods 0,6 mg.<\/p>\n<p data-start=\"530\" data-end=\"575\"><strong data-start=\"530\" data-end=\"558\">Metaboliz\u0113jam\u0101 ener\u0123ija:<\/strong> 1 300 kcal\/kg.<\/p>\n<p data-start=\"577\" data-end=\"655\"><strong data-start=\"577\" data-end=\"610\">Konservanti un antioksidanti:<\/strong> tokoferolu bag\u0101ti ekstrakti no augu e\u013c\u013c\u0101m.<\/p>\n<p data-start=\"657\" data-end=\"795\">Pasniegt istabas temperat\u016br\u0101 atbilsto\u0161i ieteiktajai devai. Glab\u0101t v\u0113s\u0101 un saus\u0101 viet\u0101. Lab\u0101k izmantot l\u012bdz \/ partija: skat\u012bt iepakojumu.<\/p>\n<p data-start=\"797\" data-end=\"874\">Visas nepiecie\u0161am\u0101s uzturvielas tav\u0101m p\u016bkainaj\u0101m draudz\u0113m no Ibero bar\u012bbas!<\/p>\n","protected":false},"featured_media":54969,"template":"","meta":[],"product_brand":[],"product_cat":[577],"product_tag":[],"class_list":{"0":"post-54928","1":"product","2":"type-product","3":"status-publish","4":"has-post-thumbnail","6":"product_cat-mitra-bariba-suniem","8":"first","9":"instock","10":"taxable","11":"shipping-taxable","12":"purchasable","13":"product-type-simple"},"yoast_head":"<!-- This site is optimized with the Yoast SEO plugin v27.4 - https:\/\/yoast.com\/product\/yoast-seo-wordpress\/ -->\n<title>Ibero Natural Junior 70% ga\u013cas konservs, t\u012btars un ban\u0101ns 6x400g - MiuMjau<\/title>\n<meta name=\"robots\" content=\"index, follow, max-snippet:-1, max-image-preview:large, max-video-preview:-1\" \/>\n<link rel=\"canonical\" href=\"https:\/\/miumjau.ee\/lv\/produkts\/ibero-natural-junior-70-galas-konservs-titars-un-banans-400g-kopeeri\/\" \/>\n<meta property=\"og:locale\" content=\"lv_LV\" \/>\n<meta property=\"og:type\" content=\"article\" \/>\n<meta property=\"og:title\" content=\"Ibero Natural Junior 70% ga\u013cas konservs, t\u012btars un ban\u0101ns 6x400g - MiuMjau\" \/>\n<meta property=\"og:description\" content=\"Pilnv\u0113rt\u012bga bar\u012bba jauniem su\u0146iem no vis\u0101m \u0161\u0137irn\u0113m (&lt;1 gads) \u2013 t\u012btars un ban\u0101ns Sast\u0101vs: T\u012btara ga\u013ca 71%, c\u016bku aknas 5%, ban\u0101ns 5%, r\u012bsi, zir\u0146u \u0161\u0137iedras, lins\u0113klas. Anal\u012btisk\u0101s sast\u0101vda\u013cas: Olbaltumvielas 10%, tauki 8%, \u0161\u0137iedras 1,5%, pelni 2%, mitrums 74%. Piedevas (uz 1 kg): Vitam\u012bns A 7 954 IU, vitam\u012bns D3 509 IU, vitam\u012bns E 159 IU, mang\u0101ns 13 mg, dzelzs 29 mg, var\u0161 2,7 mg, cinks 44 mg, jods 0,6 mg. Metaboliz\u0113jam\u0101 ener\u0123ija: 1 300 kcal\/kg. Konservanti un antioksidanti: tokoferolu bag\u0101ti ekstrakti no augu e\u013c\u013c\u0101m. Pasniegt istabas temperat\u016br\u0101 atbilsto\u0161i ieteiktajai devai. Glab\u0101t v\u0113s\u0101 un saus\u0101 viet\u0101. Lab\u0101k izmantot l\u012bdz \/ partija: skat\u012bt iepakojumu. Visas nepiecie\u0161am\u0101s uzturvielas tav\u0101m p\u016bkainaj\u0101m draudz\u0113m no Ibero bar\u012bbas!\" \/>\n<meta property=\"og:url\" content=\"https:\/\/miumjau.ee\/lv\/produkts\/ibero-natural-junior-70-galas-konservs-titars-un-banans-400g-kopeeri\/\" \/>\n<meta property=\"og:site_name\" content=\"MiuMjau\" \/>\n<meta property=\"article:publisher\" content=\"https:\/\/www.facebook.com\/miumjaupood\/\" \/>\n<meta property=\"article:modified_time\" content=\"2026-03-16T13:51:12+00:00\" \/>\n<meta property=\"og:image\" content=\"https:\/\/miumjau.ee\/wp-content\/uploads\/2026\/03\/ibero-taissoot-konservid-koerale4.jpg\" \/>\n\t<meta property=\"og:image:width\" content=\"600\" \/>\n\t<meta property=\"og:image:height\" content=\"800\" \/>\n\t<meta property=\"og:image:type\" content=\"image\/jpeg\" \/>\n<meta name=\"twitter:card\" content=\"summary_large_image\" \/>\n<script type=\"application\/ld+json\" class=\"yoast-schema-graph\">{\"@context\":\"https:\\\/\\\/schema.org\",\"@graph\":[{\"@type\":\"WebPage\",\"@id\":\"https:\\\/\\\/miumjau.ee\\\/lv\\\/produkts\\\/ibero-natural-junior-70-galas-konservs-titars-un-banans-400g-kopeeri\\\/\",\"url\":\"https:\\\/\\\/miumjau.ee\\\/lv\\\/produkts\\\/ibero-natural-junior-70-galas-konservs-titars-un-banans-400g-kopeeri\\\/\",\"name\":\"Ibero Natural Junior 70% ga\u013cas konservs, t\u012btars un ban\u0101ns 6x400g - MiuMjau\",\"isPartOf\":{\"@id\":\"https:\\\/\\\/miumjau.ee\\\/#website\"},\"primaryImageOfPage\":{\"@id\":\"https:\\\/\\\/miumjau.ee\\\/lv\\\/produkts\\\/ibero-natural-junior-70-galas-konservs-titars-un-banans-400g-kopeeri\\\/#primaryimage\"},\"image\":{\"@id\":\"https:\\\/\\\/miumjau.ee\\\/lv\\\/produkts\\\/ibero-natural-junior-70-galas-konservs-titars-un-banans-400g-kopeeri\\\/#primaryimage\"},\"thumbnailUrl\":\"https:\\\/\\\/miumjau.ee\\\/wp-content\\\/uploads\\\/2026\\\/03\\\/ibero-taissoot-konservid-koerale4.jpg\",\"datePublished\":\"2026-03-16T07:50:06+00:00\",\"dateModified\":\"2026-03-16T13:51:12+00:00\",\"breadcrumb\":{\"@id\":\"https:\\\/\\\/miumjau.ee\\\/lv\\\/produkts\\\/ibero-natural-junior-70-galas-konservs-titars-un-banans-400g-kopeeri\\\/#breadcrumb\"},\"inLanguage\":\"lv-LV\",\"potentialAction\":[{\"@type\":\"ReadAction\",\"target\":[\"https:\\\/\\\/miumjau.ee\\\/lv\\\/produkts\\\/ibero-natural-junior-70-galas-konservs-titars-un-banans-400g-kopeeri\\\/\"]}]},{\"@type\":\"ImageObject\",\"inLanguage\":\"lv-LV\",\"@id\":\"https:\\\/\\\/miumjau.ee\\\/lv\\\/produkts\\\/ibero-natural-junior-70-galas-konservs-titars-un-banans-400g-kopeeri\\\/#primaryimage\",\"url\":\"https:\\\/\\\/miumjau.ee\\\/wp-content\\\/uploads\\\/2026\\\/03\\\/ibero-taissoot-konservid-koerale4.jpg\",\"contentUrl\":\"https:\\\/\\\/miumjau.ee\\\/wp-content\\\/uploads\\\/2026\\\/03\\\/ibero-taissoot-konservid-koerale4.jpg\",\"width\":600,\"height\":800,\"caption\":\"Ibero Natural Junior 70% lihaga konserv, kalkun ja banaan 6x400g\"},{\"@type\":\"BreadcrumbList\",\"@id\":\"https:\\\/\\\/miumjau.ee\\\/lv\\\/produkts\\\/ibero-natural-junior-70-galas-konservs-titars-un-banans-400g-kopeeri\\\/#breadcrumb\",\"itemListElement\":[{\"@type\":\"ListItem\",\"position\":1,\"name\":\"Home\",\"item\":\"https:\\\/\\\/miumjau.ee\\\/lv\\\/\"},{\"@type\":\"ListItem\",\"position\":2,\"name\":\"Veikals\",\"item\":\"https:\\\/\\\/miumjau.ee\\\/lv\\\/veikals\\\/\"},{\"@type\":\"ListItem\",\"position\":3,\"name\":\"Ibero Natural Junior 70% ga\u013cas konservs, t\u012btars un ban\u0101ns 6x400g\"}]},{\"@type\":\"WebSite\",\"@id\":\"https:\\\/\\\/miumjau.ee\\\/#website\",\"url\":\"https:\\\/\\\/miumjau.ee\\\/\",\"name\":\"MiuMjau\",\"description\":\"Kraapimispuud kassidele\",\"publisher\":{\"@id\":\"https:\\\/\\\/miumjau.ee\\\/#organization\"},\"potentialAction\":[{\"@type\":\"SearchAction\",\"target\":{\"@type\":\"EntryPoint\",\"urlTemplate\":\"https:\\\/\\\/miumjau.ee\\\/?s={search_term_string}\"},\"query-input\":{\"@type\":\"PropertyValueSpecification\",\"valueRequired\":true,\"valueName\":\"search_term_string\"}}],\"inLanguage\":\"lv-LV\"},{\"@type\":\"Organization\",\"@id\":\"https:\\\/\\\/miumjau.ee\\\/#organization\",\"name\":\"MiuMjau O\u00dc\",\"url\":\"https:\\\/\\\/miumjau.ee\\\/\",\"logo\":{\"@type\":\"ImageObject\",\"inLanguage\":\"lv-LV\",\"@id\":\"https:\\\/\\\/miumjau.ee\\\/#\\\/schema\\\/logo\\\/image\\\/\",\"url\":\"https:\\\/\\\/miumjau.ee\\\/wp-content\\\/uploads\\\/2022\\\/04\\\/MiuMjau-logo-kollane.png\",\"contentUrl\":\"https:\\\/\\\/miumjau.ee\\\/wp-content\\\/uploads\\\/2022\\\/04\\\/MiuMjau-logo-kollane.png\",\"width\":219,\"height\":100,\"caption\":\"MiuMjau O\u00dc\"},\"image\":{\"@id\":\"https:\\\/\\\/miumjau.ee\\\/#\\\/schema\\\/logo\\\/image\\\/\"},\"sameAs\":[\"https:\\\/\\\/www.facebook.com\\\/miumjaupood\\\/\"]}]}<\/script>\n<!-- \/ Yoast SEO plugin. -->","yoast_head_json":{"title":"Ibero Natural Junior 70% ga\u013cas konservs, t\u012btars un ban\u0101ns 6x400g - MiuMjau","robots":{"index":"index","follow":"follow","max-snippet":"max-snippet:-1","max-image-preview":"max-image-preview:large","max-video-preview":"max-video-preview:-1"},"canonical":"https:\/\/miumjau.ee\/lv\/produkts\/ibero-natural-junior-70-galas-konservs-titars-un-banans-400g-kopeeri\/","og_locale":"lv_LV","og_type":"article","og_title":"Ibero Natural Junior 70% ga\u013cas konservs, t\u012btars un ban\u0101ns 6x400g - MiuMjau","og_description":"Pilnv\u0113rt\u012bga bar\u012bba jauniem su\u0146iem no vis\u0101m \u0161\u0137irn\u0113m (&lt;1 gads) \u2013 t\u012btars un ban\u0101ns Sast\u0101vs: T\u012btara ga\u013ca 71%, c\u016bku aknas 5%, ban\u0101ns 5%, r\u012bsi, zir\u0146u \u0161\u0137iedras, lins\u0113klas. Anal\u012btisk\u0101s sast\u0101vda\u013cas: Olbaltumvielas 10%, tauki 8%, \u0161\u0137iedras 1,5%, pelni 2%, mitrums 74%. Piedevas (uz 1 kg): Vitam\u012bns A 7 954 IU, vitam\u012bns D3 509 IU, vitam\u012bns E 159 IU, mang\u0101ns 13 mg, dzelzs 29 mg, var\u0161 2,7 mg, cinks 44 mg, jods 0,6 mg. Metaboliz\u0113jam\u0101 ener\u0123ija: 1 300 kcal\/kg. Konservanti un antioksidanti: tokoferolu bag\u0101ti ekstrakti no augu e\u013c\u013c\u0101m. Pasniegt istabas temperat\u016br\u0101 atbilsto\u0161i ieteiktajai devai. Glab\u0101t v\u0113s\u0101 un saus\u0101 viet\u0101. Lab\u0101k izmantot l\u012bdz \/ partija: skat\u012bt iepakojumu. Visas nepiecie\u0161am\u0101s uzturvielas tav\u0101m p\u016bkainaj\u0101m draudz\u0113m no Ibero bar\u012bbas!","og_url":"https:\/\/miumjau.ee\/lv\/produkts\/ibero-natural-junior-70-galas-konservs-titars-un-banans-400g-kopeeri\/","og_site_name":"MiuMjau","article_publisher":"https:\/\/www.facebook.com\/miumjaupood\/","article_modified_time":"2026-03-16T13:51:12+00:00","og_image":[{"width":600,"height":800,"url":"https:\/\/miumjau.ee\/wp-content\/uploads\/2026\/03\/ibero-taissoot-konservid-koerale4.jpg","type":"image\/jpeg"}],"twitter_card":"summary_large_image","schema":{"@context":"https:\/\/schema.org","@graph":[{"@type":"WebPage","@id":"https:\/\/miumjau.ee\/lv\/produkts\/ibero-natural-junior-70-galas-konservs-titars-un-banans-400g-kopeeri\/","url":"https:\/\/miumjau.ee\/lv\/produkts\/ibero-natural-junior-70-galas-konservs-titars-un-banans-400g-kopeeri\/","name":"Ibero Natural Junior 70% ga\u013cas konservs, t\u012btars un ban\u0101ns 6x400g - MiuMjau","isPartOf":{"@id":"https:\/\/miumjau.ee\/#website"},"primaryImageOfPage":{"@id":"https:\/\/miumjau.ee\/lv\/produkts\/ibero-natural-junior-70-galas-konservs-titars-un-banans-400g-kopeeri\/#primaryimage"},"image":{"@id":"https:\/\/miumjau.ee\/lv\/produkts\/ibero-natural-junior-70-galas-konservs-titars-un-banans-400g-kopeeri\/#primaryimage"},"thumbnailUrl":"https:\/\/miumjau.ee\/wp-content\/uploads\/2026\/03\/ibero-taissoot-konservid-koerale4.jpg","datePublished":"2026-03-16T07:50:06+00:00","dateModified":"2026-03-16T13:51:12+00:00","breadcrumb":{"@id":"https:\/\/miumjau.ee\/lv\/produkts\/ibero-natural-junior-70-galas-konservs-titars-un-banans-400g-kopeeri\/#breadcrumb"},"inLanguage":"lv-LV","potentialAction":[{"@type":"ReadAction","target":["https:\/\/miumjau.ee\/lv\/produkts\/ibero-natural-junior-70-galas-konservs-titars-un-banans-400g-kopeeri\/"]}]},{"@type":"ImageObject","inLanguage":"lv-LV","@id":"https:\/\/miumjau.ee\/lv\/produkts\/ibero-natural-junior-70-galas-konservs-titars-un-banans-400g-kopeeri\/#primaryimage","url":"https:\/\/miumjau.ee\/wp-content\/uploads\/2026\/03\/ibero-taissoot-konservid-koerale4.jpg","contentUrl":"https:\/\/miumjau.ee\/wp-content\/uploads\/2026\/03\/ibero-taissoot-konservid-koerale4.jpg","width":600,"height":800,"caption":"Ibero Natural Junior 70% lihaga konserv, kalkun ja banaan 6x400g"},{"@type":"BreadcrumbList","@id":"https:\/\/miumjau.ee\/lv\/produkts\/ibero-natural-junior-70-galas-konservs-titars-un-banans-400g-kopeeri\/#breadcrumb","itemListElement":[{"@type":"ListItem","position":1,"name":"Home","item":"https:\/\/miumjau.ee\/lv\/"},{"@type":"ListItem","position":2,"name":"Veikals","item":"https:\/\/miumjau.ee\/lv\/veikals\/"},{"@type":"ListItem","position":3,"name":"Ibero Natural Junior 70% ga\u013cas konservs, t\u012btars un ban\u0101ns 6x400g"}]},{"@type":"WebSite","@id":"https:\/\/miumjau.ee\/#website","url":"https:\/\/miumjau.ee\/","name":"MiuMjau","description":"Kraapimispuud kassidele","publisher":{"@id":"https:\/\/miumjau.ee\/#organization"},"potentialAction":[{"@type":"SearchAction","target":{"@type":"EntryPoint","urlTemplate":"https:\/\/miumjau.ee\/?s={search_term_string}"},"query-input":{"@type":"PropertyValueSpecification","valueRequired":true,"valueName":"search_term_string"}}],"inLanguage":"lv-LV"},{"@type":"Organization","@id":"https:\/\/miumjau.ee\/#organization","name":"MiuMjau O\u00dc","url":"https:\/\/miumjau.ee\/","logo":{"@type":"ImageObject","inLanguage":"lv-LV","@id":"https:\/\/miumjau.ee\/#\/schema\/logo\/image\/","url":"https:\/\/miumjau.ee\/wp-content\/uploads\/2022\/04\/MiuMjau-logo-kollane.png","contentUrl":"https:\/\/miumjau.ee\/wp-content\/uploads\/2022\/04\/MiuMjau-logo-kollane.png","width":219,"height":100,"caption":"MiuMjau O\u00dc"},"image":{"@id":"https:\/\/miumjau.ee\/#\/schema\/logo\/image\/"},"sameAs":["https:\/\/www.facebook.com\/miumjaupood\/"]}]}},"_links":{"self":[{"href":"https:\/\/miumjau.ee\/lv\/wp-json\/wp\/v2\/product\/54928","targetHints":{"allow":["GET"]}}],"collection":[{"href":"https:\/\/miumjau.ee\/lv\/wp-json\/wp\/v2\/product"}],"about":[{"href":"https:\/\/miumjau.ee\/lv\/wp-json\/wp\/v2\/types\/product"}],"wp:featuredmedia":[{"embeddable":true,"href":"https:\/\/miumjau.ee\/lv\/wp-json\/wp\/v2\/media\/54969"}],"wp:attachment":[{"href":"https:\/\/miumjau.ee\/lv\/wp-json\/wp\/v2\/media?parent=54928"}],"wp:term":[{"taxonomy":"product_brand","embeddable":true,"href":"https:\/\/miumjau.ee\/lv\/wp-json\/wp\/v2\/product_brand?post=54928"},{"taxonomy":"product_cat","embeddable":true,"href":"https:\/\/miumjau.ee\/lv\/wp-json\/wp\/v2\/product_cat?post=54928"},{"taxonomy":"product_tag","embeddable":true,"href":"https:\/\/miumjau.ee\/lv\/wp-json\/wp\/v2\/product_tag?post=54928"}],"curies":[{"name":"wp","href":"https:\/\/api.w.org\/{rel}","templated":true}]}}