{"id":54848,"date":"2026-03-10T09:28:55","date_gmt":"2026-03-10T07:28:55","guid":{"rendered":"https:\/\/miumjau.ee\/toode\/ibero-galas-desa-suniem-ar-spinatiem-un-burkaniem-800g\/"},"modified":"2026-03-10T09:28:55","modified_gmt":"2026-03-10T07:28:55","slug":"ibero-galas-desa-suniem-ar-spinatiem-un-burkaniem-800g","status":"publish","type":"product","link":"https:\/\/miumjau.ee\/lv\/produkts\/ibero-galas-desa-suniem-ar-spinatiem-un-burkaniem-800g\/","title":{"rendered":"Ibero ga\u013cas desa su\u0146iem ar spin\u0101tiem un burk\u0101niem 800g"},"content":{"rendered":"","protected":false},"excerpt":{"rendered":"<p data-start=\"2695\" data-end=\"2759\">Ga\u013cas bag\u0101tin\u0101ta papildbar\u012bba visu \u0161\u0137ir\u0146u un visu vecumu su\u0146iem.<\/p>\n<p data-start=\"2761\" data-end=\"3118\">T\u0101 izstr\u0101d\u0101ta, iev\u0113rojot su\u0146u dabiskos uztura principus. Recepte apvieno lielu daudzumu kvalitat\u012bvas dz\u012bvnieku ga\u013cas ar r\u016bp\u012bgi izv\u0113l\u0113tiem d\u0101rze\u0146iem, kas veicina labu gremo\u0161anu un su\u0146a visp\u0101r\u0113jo vitalit\u0101ti. Pateicoties augstajam mitruma saturam un maigajai konsistencei, salami ir ide\u0101li piem\u0113rota k\u0101 balva, uzkoda vai gar\u0161\u012bgs papildin\u0101jums ikdienas \u0113dienam.<\/p>\n<h3 data-section-id=\"1vczd6q\" data-start=\"3120\" data-end=\"3146\">Galven\u0101s priek\u0161roc\u012bbas<\/h3>\n<p data-start=\"3147\" data-end=\"3313\"><strong data-start=\"3147\" data-end=\"3176\">Augsts ga\u013cas saturs (92%)<\/strong> \u2013 vistas, liellopa, c\u016bkga\u013cas un j\u0113ra kombin\u0101cija ar v\u0113rt\u012bgiem subproduktiem nodro\u0161ina kvalitat\u012bvu dz\u012bvnieku prote\u012bnu un dabisku gar\u0161u.<\/p>\n<p data-start=\"3315\" data-end=\"3419\"><strong data-start=\"3315\" data-end=\"3333\">J\u0113ra ga\u013ca (5%)<\/strong> \u2013 viegli sagremojams olbaltumvielu avots, piem\u0113rots ar\u012b su\u0146iem ar jut\u012bgu gremo\u0161anu.<\/p>\n<p data-start=\"3421\" data-end=\"3546\"><strong data-start=\"3421\" data-end=\"3453\">Spin\u0101ti (2%) un burk\u0101ni (6%)<\/strong> \u2013 dab\u012bgs \u0161\u0137iedrvielu un augu bar\u012bbas vielu avots, kas atbalsta gremo\u0161anu un zarnu darb\u012bbu.<\/p>\n<p data-start=\"3548\" data-end=\"3687\"><strong data-start=\"3548\" data-end=\"3598\">M\u012bksta tekst\u016bra un augsts mitruma saturs (70%)<\/strong> \u2013 viegli sagrie\u017eama; piem\u0113rota kuc\u0113niem, vec\u0101kiem su\u0146iem un su\u0146iem ar jut\u012bgiem zobiem.<\/p>\n<p data-start=\"3689\" data-end=\"3800\"><strong data-start=\"3689\" data-end=\"3708\">Dabisks sast\u0101vs<\/strong> \u2013 bez nevajadz\u012bg\u0101m tehnolo\u0123isk\u0101m piedev\u0101m; uzsvars uz izejvielu kvalit\u0101ti un vienk\u0101r\u0161\u012bbu.<\/p>\n<p data-start=\"3802\" data-end=\"3919\"><strong data-start=\"3802\" data-end=\"3827\">Daudzpus\u012bgs lietojums<\/strong> \u2013 piem\u0113rota k\u0101 balva, k\u0101rums, saus\u0101s bar\u012bbas papildin\u0101jums vai BARF uztura papildin\u0101jums.<\/p>\n<h3 data-section-id=\"18lqhf0\" data-start=\"3921\" data-end=\"3934\">Piem\u0113rota<\/h3>\n<p data-start=\"3935\" data-end=\"4124\">\u2714 Vis\u0101m \u0161\u0137irn\u0113m un vecumiem<br data-start=\"3962\" data-end=\"3965\" \/>\u2714 Su\u0146iem ar jut\u012bgu gremo\u0161anas sist\u0113mu<br data-start=\"4002\" data-end=\"4005\" \/>\u2714 Su\u0146iem ar norm\u0101lu vai izv\u0113l\u012bgu apet\u012bti<br data-start=\"4045\" data-end=\"4048\" \/>\u2714 Saimniekiem, kas mekl\u0113 kvalitat\u012bvus ga\u013cas k\u0101rumus ar caursp\u012bd\u012bgu sast\u0101vu<\/p>\n<p data-start=\"4126\" data-end=\"4368\"><strong data-start=\"4126\" data-end=\"4138\">Sast\u0101vs:<\/strong> Vista 57% (vistas gabali un skrim\u0161\u013ci), liellops 20% + c\u016bkga\u013ca 10% (musku\u013ci, sirds, plau\u0161as, aknas), burk\u0101ni 6%, j\u0113ra ga\u013ca 5%, spin\u0101ti 2%. Produkts var satur\u0113t kaulus. (Visas sast\u0101vda\u013cas termiski apstr\u0101d\u0101tas zem augsta spiediena.)<\/p>\n<p data-start=\"4370\" data-end=\"4472\"><strong data-start=\"4370\" data-end=\"4395\">Anal\u012btiskais sast\u0101vs:<\/strong> Kopprote\u012bns 14%, kop\u0113jie tauki 9%, \u0161\u0137iedrvielas 1%, pelni 2,5%, mitrums 70%.<\/p>\n<p data-start=\"4474\" data-end=\"4491\"><strong data-start=\"4474\" data-end=\"4487\">Doz\u0113\u0161ana:<\/strong> \u2014<\/p>\n<p data-start=\"4493\" data-end=\"4632\"><strong data-start=\"4493\" data-end=\"4509\">Uzglab\u0101\u0161ana:<\/strong> Uzglab\u0101t istabas temperat\u016br\u0101, sarg\u0101t no tie\u0161iem saules stariem. P\u0113c atv\u0113r\u0161anas uzglab\u0101t zem 5\u00b0C un izlietot 3 dienu laik\u0101.<\/p>\n","protected":false},"featured_media":54543,"template":"","meta":[],"product_brand":[],"product_cat":[577],"product_tag":[],"class_list":{"0":"post-54848","1":"product","2":"type-product","3":"status-publish","4":"has-post-thumbnail","6":"product_cat-mitra-bariba-suniem","8":"first","9":"instock","10":"sale","11":"taxable","12":"shipping-taxable","13":"purchasable","14":"product-type-simple"},"yoast_head":"<!-- This site is optimized with the Yoast SEO plugin v27.4 - https:\/\/yoast.com\/product\/yoast-seo-wordpress\/ -->\n<title>Ibero ga\u013cas desa su\u0146iem ar spin\u0101tiem un burk\u0101niem 800g - MiuMjau<\/title>\n<meta name=\"robots\" content=\"index, follow, max-snippet:-1, max-image-preview:large, max-video-preview:-1\" \/>\n<link rel=\"canonical\" href=\"https:\/\/miumjau.ee\/lv\/produkts\/ibero-galas-desa-suniem-ar-spinatiem-un-burkaniem-800g\/\" \/>\n<meta property=\"og:locale\" content=\"lv_LV\" \/>\n<meta property=\"og:type\" content=\"article\" \/>\n<meta property=\"og:title\" content=\"Ibero ga\u013cas desa su\u0146iem ar spin\u0101tiem un burk\u0101niem 800g - MiuMjau\" \/>\n<meta property=\"og:description\" content=\"Ga\u013cas bag\u0101tin\u0101ta papildbar\u012bba visu \u0161\u0137ir\u0146u un visu vecumu su\u0146iem. T\u0101 izstr\u0101d\u0101ta, iev\u0113rojot su\u0146u dabiskos uztura principus. Recepte apvieno lielu daudzumu kvalitat\u012bvas dz\u012bvnieku ga\u013cas ar r\u016bp\u012bgi izv\u0113l\u0113tiem d\u0101rze\u0146iem, kas veicina labu gremo\u0161anu un su\u0146a visp\u0101r\u0113jo vitalit\u0101ti. Pateicoties augstajam mitruma saturam un maigajai konsistencei, salami ir ide\u0101li piem\u0113rota k\u0101 balva, uzkoda vai gar\u0161\u012bgs papildin\u0101jums ikdienas \u0113dienam.  Galven\u0101s priek\u0161roc\u012bbas Augsts ga\u013cas saturs (92%) \u2013 vistas, liellopa, c\u016bkga\u013cas un j\u0113ra kombin\u0101cija ar v\u0113rt\u012bgiem subproduktiem nodro\u0161ina kvalitat\u012bvu dz\u012bvnieku prote\u012bnu un dabisku gar\u0161u. J\u0113ra ga\u013ca (5%) \u2013 viegli sagremojams olbaltumvielu avots, piem\u0113rots ar\u012b su\u0146iem ar jut\u012bgu gremo\u0161anu. Spin\u0101ti (2%) un burk\u0101ni (6%) \u2013 dab\u012bgs \u0161\u0137iedrvielu un augu bar\u012bbas vielu avots, kas atbalsta gremo\u0161anu un zarnu darb\u012bbu. M\u012bksta tekst\u016bra un augsts mitruma saturs (70%) \u2013 viegli sagrie\u017eama; piem\u0113rota kuc\u0113niem, vec\u0101kiem su\u0146iem un su\u0146iem ar jut\u012bgiem zobiem. Dabisks sast\u0101vs \u2013 bez nevajadz\u012bg\u0101m tehnolo\u0123isk\u0101m piedev\u0101m; uzsvars uz izejvielu kvalit\u0101ti un vienk\u0101r\u0161\u012bbu. Daudzpus\u012bgs lietojums \u2013 piem\u0113rota k\u0101 balva, k\u0101rums, saus\u0101s bar\u012bbas papildin\u0101jums vai BARF uztura papildin\u0101jums.  Piem\u0113rota \u2714 Vis\u0101m \u0161\u0137irn\u0113m un vecumiem\u2714 Su\u0146iem ar jut\u012bgu gremo\u0161anas sist\u0113mu\u2714 Su\u0146iem ar norm\u0101lu vai izv\u0113l\u012bgu apet\u012bti\u2714 Saimniekiem, kas mekl\u0113 kvalitat\u012bvus ga\u013cas k\u0101rumus ar caursp\u012bd\u012bgu sast\u0101vu Sast\u0101vs: Vista 57% (vistas gabali un skrim\u0161\u013ci), liellops 20% + c\u016bkga\u013ca 10% (musku\u013ci, sirds, plau\u0161as, aknas), burk\u0101ni 6%, j\u0113ra ga\u013ca 5%, spin\u0101ti 2%. Produkts var satur\u0113t kaulus. (Visas sast\u0101vda\u013cas termiski apstr\u0101d\u0101tas zem augsta spiediena.) Anal\u012btiskais sast\u0101vs: Kopprote\u012bns 14%, kop\u0113jie tauki 9%, \u0161\u0137iedrvielas 1%, pelni 2,5%, mitrums 70%. Doz\u0113\u0161ana: \u2014 Uzglab\u0101\u0161ana: Uzglab\u0101t istabas temperat\u016br\u0101, sarg\u0101t no tie\u0161iem saules stariem. P\u0113c atv\u0113r\u0161anas uzglab\u0101t zem 5\u00b0C un izlietot 3 dienu laik\u0101.\" \/>\n<meta property=\"og:url\" content=\"https:\/\/miumjau.ee\/lv\/produkts\/ibero-galas-desa-suniem-ar-spinatiem-un-burkaniem-800g\/\" \/>\n<meta property=\"og:site_name\" content=\"MiuMjau\" \/>\n<meta property=\"article:publisher\" content=\"https:\/\/www.facebook.com\/miumjaupood\/\" \/>\n<meta property=\"og:image\" content=\"https:\/\/miumjau.ee\/wp-content\/uploads\/2026\/03\/ibero-vorst-lambaga2.jpg\" \/>\n\t<meta property=\"og:image:width\" content=\"600\" \/>\n\t<meta property=\"og:image:height\" content=\"800\" \/>\n\t<meta property=\"og:image:type\" content=\"image\/jpeg\" \/>\n<meta name=\"twitter:card\" content=\"summary_large_image\" \/>\n<script type=\"application\/ld+json\" class=\"yoast-schema-graph\">{\"@context\":\"https:\\\/\\\/schema.org\",\"@graph\":[{\"@type\":\"WebPage\",\"@id\":\"https:\\\/\\\/miumjau.ee\\\/lv\\\/produkts\\\/ibero-galas-desa-suniem-ar-spinatiem-un-burkaniem-800g\\\/\",\"url\":\"https:\\\/\\\/miumjau.ee\\\/lv\\\/produkts\\\/ibero-galas-desa-suniem-ar-spinatiem-un-burkaniem-800g\\\/\",\"name\":\"Ibero ga\u013cas desa su\u0146iem ar spin\u0101tiem un burk\u0101niem 800g - MiuMjau\",\"isPartOf\":{\"@id\":\"https:\\\/\\\/miumjau.ee\\\/#website\"},\"primaryImageOfPage\":{\"@id\":\"https:\\\/\\\/miumjau.ee\\\/lv\\\/produkts\\\/ibero-galas-desa-suniem-ar-spinatiem-un-burkaniem-800g\\\/#primaryimage\"},\"image\":{\"@id\":\"https:\\\/\\\/miumjau.ee\\\/lv\\\/produkts\\\/ibero-galas-desa-suniem-ar-spinatiem-un-burkaniem-800g\\\/#primaryimage\"},\"thumbnailUrl\":\"https:\\\/\\\/miumjau.ee\\\/wp-content\\\/uploads\\\/2026\\\/03\\\/ibero-vorst-lambaga2.jpg\",\"datePublished\":\"2026-03-10T07:28:55+00:00\",\"breadcrumb\":{\"@id\":\"https:\\\/\\\/miumjau.ee\\\/lv\\\/produkts\\\/ibero-galas-desa-suniem-ar-spinatiem-un-burkaniem-800g\\\/#breadcrumb\"},\"inLanguage\":\"lv-LV\",\"potentialAction\":[{\"@type\":\"ReadAction\",\"target\":[\"https:\\\/\\\/miumjau.ee\\\/lv\\\/produkts\\\/ibero-galas-desa-suniem-ar-spinatiem-un-burkaniem-800g\\\/\"]}]},{\"@type\":\"ImageObject\",\"inLanguage\":\"lv-LV\",\"@id\":\"https:\\\/\\\/miumjau.ee\\\/lv\\\/produkts\\\/ibero-galas-desa-suniem-ar-spinatiem-un-burkaniem-800g\\\/#primaryimage\",\"url\":\"https:\\\/\\\/miumjau.ee\\\/wp-content\\\/uploads\\\/2026\\\/03\\\/ibero-vorst-lambaga2.jpg\",\"contentUrl\":\"https:\\\/\\\/miumjau.ee\\\/wp-content\\\/uploads\\\/2026\\\/03\\\/ibero-vorst-lambaga2.jpg\",\"width\":600,\"height\":800,\"caption\":\"Ibero liharohke vorst koertele spinati ja porgandiga 800g\"},{\"@type\":\"BreadcrumbList\",\"@id\":\"https:\\\/\\\/miumjau.ee\\\/lv\\\/produkts\\\/ibero-galas-desa-suniem-ar-spinatiem-un-burkaniem-800g\\\/#breadcrumb\",\"itemListElement\":[{\"@type\":\"ListItem\",\"position\":1,\"name\":\"Home\",\"item\":\"https:\\\/\\\/miumjau.ee\\\/lv\\\/\"},{\"@type\":\"ListItem\",\"position\":2,\"name\":\"Veikals\",\"item\":\"https:\\\/\\\/miumjau.ee\\\/lv\\\/veikals\\\/\"},{\"@type\":\"ListItem\",\"position\":3,\"name\":\"Ibero ga\u013cas desa su\u0146iem ar spin\u0101tiem un burk\u0101niem 800g\"}]},{\"@type\":\"WebSite\",\"@id\":\"https:\\\/\\\/miumjau.ee\\\/#website\",\"url\":\"https:\\\/\\\/miumjau.ee\\\/\",\"name\":\"MiuMjau\",\"description\":\"Kraapimispuud kassidele\",\"publisher\":{\"@id\":\"https:\\\/\\\/miumjau.ee\\\/#organization\"},\"potentialAction\":[{\"@type\":\"SearchAction\",\"target\":{\"@type\":\"EntryPoint\",\"urlTemplate\":\"https:\\\/\\\/miumjau.ee\\\/?s={search_term_string}\"},\"query-input\":{\"@type\":\"PropertyValueSpecification\",\"valueRequired\":true,\"valueName\":\"search_term_string\"}}],\"inLanguage\":\"lv-LV\"},{\"@type\":\"Organization\",\"@id\":\"https:\\\/\\\/miumjau.ee\\\/#organization\",\"name\":\"MiuMjau O\u00dc\",\"url\":\"https:\\\/\\\/miumjau.ee\\\/\",\"logo\":{\"@type\":\"ImageObject\",\"inLanguage\":\"lv-LV\",\"@id\":\"https:\\\/\\\/miumjau.ee\\\/#\\\/schema\\\/logo\\\/image\\\/\",\"url\":\"https:\\\/\\\/miumjau.ee\\\/wp-content\\\/uploads\\\/2022\\\/04\\\/MiuMjau-logo-kollane.png\",\"contentUrl\":\"https:\\\/\\\/miumjau.ee\\\/wp-content\\\/uploads\\\/2022\\\/04\\\/MiuMjau-logo-kollane.png\",\"width\":219,\"height\":100,\"caption\":\"MiuMjau O\u00dc\"},\"image\":{\"@id\":\"https:\\\/\\\/miumjau.ee\\\/#\\\/schema\\\/logo\\\/image\\\/\"},\"sameAs\":[\"https:\\\/\\\/www.facebook.com\\\/miumjaupood\\\/\"]}]}<\/script>\n<!-- \/ Yoast SEO plugin. -->","yoast_head_json":{"title":"Ibero ga\u013cas desa su\u0146iem ar spin\u0101tiem un burk\u0101niem 800g - MiuMjau","robots":{"index":"index","follow":"follow","max-snippet":"max-snippet:-1","max-image-preview":"max-image-preview:large","max-video-preview":"max-video-preview:-1"},"canonical":"https:\/\/miumjau.ee\/lv\/produkts\/ibero-galas-desa-suniem-ar-spinatiem-un-burkaniem-800g\/","og_locale":"lv_LV","og_type":"article","og_title":"Ibero ga\u013cas desa su\u0146iem ar spin\u0101tiem un burk\u0101niem 800g - MiuMjau","og_description":"Ga\u013cas bag\u0101tin\u0101ta papildbar\u012bba visu \u0161\u0137ir\u0146u un visu vecumu su\u0146iem. T\u0101 izstr\u0101d\u0101ta, iev\u0113rojot su\u0146u dabiskos uztura principus. Recepte apvieno lielu daudzumu kvalitat\u012bvas dz\u012bvnieku ga\u013cas ar r\u016bp\u012bgi izv\u0113l\u0113tiem d\u0101rze\u0146iem, kas veicina labu gremo\u0161anu un su\u0146a visp\u0101r\u0113jo vitalit\u0101ti. Pateicoties augstajam mitruma saturam un maigajai konsistencei, salami ir ide\u0101li piem\u0113rota k\u0101 balva, uzkoda vai gar\u0161\u012bgs papildin\u0101jums ikdienas \u0113dienam.  Galven\u0101s priek\u0161roc\u012bbas Augsts ga\u013cas saturs (92%) \u2013 vistas, liellopa, c\u016bkga\u013cas un j\u0113ra kombin\u0101cija ar v\u0113rt\u012bgiem subproduktiem nodro\u0161ina kvalitat\u012bvu dz\u012bvnieku prote\u012bnu un dabisku gar\u0161u. J\u0113ra ga\u013ca (5%) \u2013 viegli sagremojams olbaltumvielu avots, piem\u0113rots ar\u012b su\u0146iem ar jut\u012bgu gremo\u0161anu. Spin\u0101ti (2%) un burk\u0101ni (6%) \u2013 dab\u012bgs \u0161\u0137iedrvielu un augu bar\u012bbas vielu avots, kas atbalsta gremo\u0161anu un zarnu darb\u012bbu. M\u012bksta tekst\u016bra un augsts mitruma saturs (70%) \u2013 viegli sagrie\u017eama; piem\u0113rota kuc\u0113niem, vec\u0101kiem su\u0146iem un su\u0146iem ar jut\u012bgiem zobiem. Dabisks sast\u0101vs \u2013 bez nevajadz\u012bg\u0101m tehnolo\u0123isk\u0101m piedev\u0101m; uzsvars uz izejvielu kvalit\u0101ti un vienk\u0101r\u0161\u012bbu. Daudzpus\u012bgs lietojums \u2013 piem\u0113rota k\u0101 balva, k\u0101rums, saus\u0101s bar\u012bbas papildin\u0101jums vai BARF uztura papildin\u0101jums.  Piem\u0113rota \u2714 Vis\u0101m \u0161\u0137irn\u0113m un vecumiem\u2714 Su\u0146iem ar jut\u012bgu gremo\u0161anas sist\u0113mu\u2714 Su\u0146iem ar norm\u0101lu vai izv\u0113l\u012bgu apet\u012bti\u2714 Saimniekiem, kas mekl\u0113 kvalitat\u012bvus ga\u013cas k\u0101rumus ar caursp\u012bd\u012bgu sast\u0101vu Sast\u0101vs: Vista 57% (vistas gabali un skrim\u0161\u013ci), liellops 20% + c\u016bkga\u013ca 10% (musku\u013ci, sirds, plau\u0161as, aknas), burk\u0101ni 6%, j\u0113ra ga\u013ca 5%, spin\u0101ti 2%. Produkts var satur\u0113t kaulus. (Visas sast\u0101vda\u013cas termiski apstr\u0101d\u0101tas zem augsta spiediena.) Anal\u012btiskais sast\u0101vs: Kopprote\u012bns 14%, kop\u0113jie tauki 9%, \u0161\u0137iedrvielas 1%, pelni 2,5%, mitrums 70%. Doz\u0113\u0161ana: \u2014 Uzglab\u0101\u0161ana: Uzglab\u0101t istabas temperat\u016br\u0101, sarg\u0101t no tie\u0161iem saules stariem. P\u0113c atv\u0113r\u0161anas uzglab\u0101t zem 5\u00b0C un izlietot 3 dienu laik\u0101.","og_url":"https:\/\/miumjau.ee\/lv\/produkts\/ibero-galas-desa-suniem-ar-spinatiem-un-burkaniem-800g\/","og_site_name":"MiuMjau","article_publisher":"https:\/\/www.facebook.com\/miumjaupood\/","og_image":[{"width":600,"height":800,"url":"https:\/\/miumjau.ee\/wp-content\/uploads\/2026\/03\/ibero-vorst-lambaga2.jpg","type":"image\/jpeg"}],"twitter_card":"summary_large_image","schema":{"@context":"https:\/\/schema.org","@graph":[{"@type":"WebPage","@id":"https:\/\/miumjau.ee\/lv\/produkts\/ibero-galas-desa-suniem-ar-spinatiem-un-burkaniem-800g\/","url":"https:\/\/miumjau.ee\/lv\/produkts\/ibero-galas-desa-suniem-ar-spinatiem-un-burkaniem-800g\/","name":"Ibero ga\u013cas desa su\u0146iem ar spin\u0101tiem un burk\u0101niem 800g - MiuMjau","isPartOf":{"@id":"https:\/\/miumjau.ee\/#website"},"primaryImageOfPage":{"@id":"https:\/\/miumjau.ee\/lv\/produkts\/ibero-galas-desa-suniem-ar-spinatiem-un-burkaniem-800g\/#primaryimage"},"image":{"@id":"https:\/\/miumjau.ee\/lv\/produkts\/ibero-galas-desa-suniem-ar-spinatiem-un-burkaniem-800g\/#primaryimage"},"thumbnailUrl":"https:\/\/miumjau.ee\/wp-content\/uploads\/2026\/03\/ibero-vorst-lambaga2.jpg","datePublished":"2026-03-10T07:28:55+00:00","breadcrumb":{"@id":"https:\/\/miumjau.ee\/lv\/produkts\/ibero-galas-desa-suniem-ar-spinatiem-un-burkaniem-800g\/#breadcrumb"},"inLanguage":"lv-LV","potentialAction":[{"@type":"ReadAction","target":["https:\/\/miumjau.ee\/lv\/produkts\/ibero-galas-desa-suniem-ar-spinatiem-un-burkaniem-800g\/"]}]},{"@type":"ImageObject","inLanguage":"lv-LV","@id":"https:\/\/miumjau.ee\/lv\/produkts\/ibero-galas-desa-suniem-ar-spinatiem-un-burkaniem-800g\/#primaryimage","url":"https:\/\/miumjau.ee\/wp-content\/uploads\/2026\/03\/ibero-vorst-lambaga2.jpg","contentUrl":"https:\/\/miumjau.ee\/wp-content\/uploads\/2026\/03\/ibero-vorst-lambaga2.jpg","width":600,"height":800,"caption":"Ibero liharohke vorst koertele spinati ja porgandiga 800g"},{"@type":"BreadcrumbList","@id":"https:\/\/miumjau.ee\/lv\/produkts\/ibero-galas-desa-suniem-ar-spinatiem-un-burkaniem-800g\/#breadcrumb","itemListElement":[{"@type":"ListItem","position":1,"name":"Home","item":"https:\/\/miumjau.ee\/lv\/"},{"@type":"ListItem","position":2,"name":"Veikals","item":"https:\/\/miumjau.ee\/lv\/veikals\/"},{"@type":"ListItem","position":3,"name":"Ibero ga\u013cas desa su\u0146iem ar spin\u0101tiem un burk\u0101niem 800g"}]},{"@type":"WebSite","@id":"https:\/\/miumjau.ee\/#website","url":"https:\/\/miumjau.ee\/","name":"MiuMjau","description":"Kraapimispuud kassidele","publisher":{"@id":"https:\/\/miumjau.ee\/#organization"},"potentialAction":[{"@type":"SearchAction","target":{"@type":"EntryPoint","urlTemplate":"https:\/\/miumjau.ee\/?s={search_term_string}"},"query-input":{"@type":"PropertyValueSpecification","valueRequired":true,"valueName":"search_term_string"}}],"inLanguage":"lv-LV"},{"@type":"Organization","@id":"https:\/\/miumjau.ee\/#organization","name":"MiuMjau O\u00dc","url":"https:\/\/miumjau.ee\/","logo":{"@type":"ImageObject","inLanguage":"lv-LV","@id":"https:\/\/miumjau.ee\/#\/schema\/logo\/image\/","url":"https:\/\/miumjau.ee\/wp-content\/uploads\/2022\/04\/MiuMjau-logo-kollane.png","contentUrl":"https:\/\/miumjau.ee\/wp-content\/uploads\/2022\/04\/MiuMjau-logo-kollane.png","width":219,"height":100,"caption":"MiuMjau O\u00dc"},"image":{"@id":"https:\/\/miumjau.ee\/#\/schema\/logo\/image\/"},"sameAs":["https:\/\/www.facebook.com\/miumjaupood\/"]}]}},"_links":{"self":[{"href":"https:\/\/miumjau.ee\/lv\/wp-json\/wp\/v2\/product\/54848","targetHints":{"allow":["GET"]}}],"collection":[{"href":"https:\/\/miumjau.ee\/lv\/wp-json\/wp\/v2\/product"}],"about":[{"href":"https:\/\/miumjau.ee\/lv\/wp-json\/wp\/v2\/types\/product"}],"wp:featuredmedia":[{"embeddable":true,"href":"https:\/\/miumjau.ee\/lv\/wp-json\/wp\/v2\/media\/54543"}],"wp:attachment":[{"href":"https:\/\/miumjau.ee\/lv\/wp-json\/wp\/v2\/media?parent=54848"}],"wp:term":[{"taxonomy":"product_brand","embeddable":true,"href":"https:\/\/miumjau.ee\/lv\/wp-json\/wp\/v2\/product_brand?post=54848"},{"taxonomy":"product_cat","embeddable":true,"href":"https:\/\/miumjau.ee\/lv\/wp-json\/wp\/v2\/product_cat?post=54848"},{"taxonomy":"product_tag","embeddable":true,"href":"https:\/\/miumjau.ee\/lv\/wp-json\/wp\/v2\/product_tag?post=54848"}],"curies":[{"name":"wp","href":"https:\/\/api.w.org\/{rel}","templated":true}]}}