{"id":54829,"date":"2024-11-07T14:00:38","date_gmt":"2024-11-07T12:00:38","guid":{"rendered":"https:\/\/miumjau.ee\/toode\/platinum-meatcrisp-sausa-bariba-kakim-ar-zivim-3-kg\/"},"modified":"2024-11-07T14:00:38","modified_gmt":"2024-11-07T12:00:38","slug":"platinum-meatcrisp-sausa-bariba-kakim-ar-zivim-3-kg","status":"publish","type":"product","link":"https:\/\/miumjau.ee\/lv\/produkts\/platinum-meatcrisp-sausa-bariba-kakim-ar-zivim-3-kg\/","title":{"rendered":"Platinum MeatCrisp saus\u0101 bar\u012bba ka\u0137im ar ziv\u012bm 3 kg"},"content":{"rendered":"","protected":false},"excerpt":{"rendered":"<p data-start=\"70\" data-end=\"577\">MeatCrisp ir pirm\u0101 vesel\u012bg\u0101 ka\u0137u bar\u012bba, kas izgatavota no \u017e\u0101v\u0113tas svaigas ga\u013cas. T\u0101 satur svaigas ga\u013cas dabiskos mikroelementus un aminosk\u0101bes, padarot MeatCrisp par lab\u0101ku alternat\u012bvu ka\u0137a dabiskajam med\u012bjumam nek\u0101 liel\u0101k\u0101 da\u013ca komerci\u0101lo ka\u0137u bar\u012bbu. Barojot savu ka\u0137i ar MeatCrisp, tas jut\u012bsies stabil\u0101ks un mier\u012bg\u0101ks, t\u0101d\u0113j\u0101di ar\u012b laim\u012bg\u0101ks. MeatCrisp krauk\u0161\u0137\u012bgais kumoss un ga\u013cas gar\u0161a ir tik gar\u0161\u012bga, ka j\u016bsu ka\u0137is nev\u0113l\u0113sies \u0113st neko citu. MeatCrisp nesatur aromatiz\u0113t\u0101jus un gar\u0161as pastiprin\u0101t\u0101jus.<\/p>\n<p data-start=\"579\" data-end=\"624\"><strong data-start=\"579\" data-end=\"624\">82 % svaigas ga\u013cas (nesatur ga\u013cas miltus)<\/strong><\/p>\n<p data-start=\"626\" data-end=\"791\">Dab\u012bgas sast\u0101vda\u013cas<br data-start=\"645\" data-end=\"648\" \/>Bez aromatiz\u0113t\u0101jiem un gar\u0161as pastiprin\u0101t\u0101jiem<br data-start=\"694\" data-end=\"697\" \/>Bez glut\u0113nu saturo\u0161iem graudiem<br data-start=\"728\" data-end=\"731\" \/>Barojo\u0161s un viegli sagremojams<br data-start=\"761\" data-end=\"764\" \/>Optimiz\u0113ts taur\u012bna saturs<\/p>\n<p data-start=\"793\" data-end=\"990\"><strong data-start=\"793\" data-end=\"805\">Sast\u0101vs:<\/strong> Svaiga zivju ga\u013ca 82 %, Flor de Ma\u00edz* (kukur\u016bza), kokosriekstu e\u013c\u013ca** (60 % laur\u012bnsk\u0101bes), rap\u0161u e\u013c\u013ca**, zir\u0146i*, alus raugs*, augu \u0161\u0137iedra*.<br data-start=\"946\" data-end=\"949\" \/>(*\u017e\u0101v\u0113ts, **auksti pres\u0113ts, neapstr\u0101d\u0101ts)<\/p>\n<p data-start=\"992\" data-end=\"1120\"><strong data-start=\"992\" data-end=\"1017\">Anal\u012btiskais sast\u0101vs:<\/strong> Kopprote\u012bns 35 %, kop\u0161\u0137iedra 3 %, kop\u0113jie tauki 16 %, kalcijs 1,1 %, kop\u0113jie pelni 7,5 %, fosfors 1 %.<\/p>\n<p data-start=\"1122\" data-end=\"1154\"><strong data-start=\"1122\" data-end=\"1145\">Kalorijas uz 100 g:<\/strong> 378 kcal<\/p>\n","protected":false},"featured_media":54830,"template":"","meta":[],"product_brand":[],"product_cat":[569],"product_tag":[],"class_list":{"0":"post-54829","1":"product","2":"type-product","3":"status-publish","4":"has-post-thumbnail","6":"product_cat-sausa-bariba","8":"first","9":"instock","10":"taxable","11":"shipping-taxable","12":"purchasable","13":"product-type-simple"},"yoast_head":"<!-- This site is optimized with the Yoast SEO plugin v27.4 - https:\/\/yoast.com\/product\/yoast-seo-wordpress\/ -->\n<title>Platinum MeatCrisp saus\u0101 bar\u012bba ka\u0137im ar ziv\u012bm 3 kg - MiuMjau<\/title>\n<meta name=\"robots\" content=\"index, follow, max-snippet:-1, max-image-preview:large, max-video-preview:-1\" \/>\n<link rel=\"canonical\" href=\"https:\/\/miumjau.ee\/lv\/produkts\/platinum-meatcrisp-sausa-bariba-kakim-ar-zivim-3-kg\/\" \/>\n<meta property=\"og:locale\" content=\"lv_LV\" \/>\n<meta property=\"og:type\" content=\"article\" \/>\n<meta property=\"og:title\" content=\"Platinum MeatCrisp saus\u0101 bar\u012bba ka\u0137im ar ziv\u012bm 3 kg - MiuMjau\" \/>\n<meta property=\"og:description\" content=\"MeatCrisp ir pirm\u0101 vesel\u012bg\u0101 ka\u0137u bar\u012bba, kas izgatavota no \u017e\u0101v\u0113tas svaigas ga\u013cas. T\u0101 satur svaigas ga\u013cas dabiskos mikroelementus un aminosk\u0101bes, padarot MeatCrisp par lab\u0101ku alternat\u012bvu ka\u0137a dabiskajam med\u012bjumam nek\u0101 liel\u0101k\u0101 da\u013ca komerci\u0101lo ka\u0137u bar\u012bbu. Barojot savu ka\u0137i ar MeatCrisp, tas jut\u012bsies stabil\u0101ks un mier\u012bg\u0101ks, t\u0101d\u0113j\u0101di ar\u012b laim\u012bg\u0101ks. MeatCrisp krauk\u0161\u0137\u012bgais kumoss un ga\u013cas gar\u0161a ir tik gar\u0161\u012bga, ka j\u016bsu ka\u0137is nev\u0113l\u0113sies \u0113st neko citu. MeatCrisp nesatur aromatiz\u0113t\u0101jus un gar\u0161as pastiprin\u0101t\u0101jus. 82 % svaigas ga\u013cas (nesatur ga\u013cas miltus) Dab\u012bgas sast\u0101vda\u013casBez aromatiz\u0113t\u0101jiem un gar\u0161as pastiprin\u0101t\u0101jiemBez glut\u0113nu saturo\u0161iem graudiemBarojo\u0161s un viegli sagremojamsOptimiz\u0113ts taur\u012bna saturs Sast\u0101vs: Svaiga zivju ga\u013ca 82 %, Flor de Ma\u00edz* (kukur\u016bza), kokosriekstu e\u013c\u013ca** (60 % laur\u012bnsk\u0101bes), rap\u0161u e\u013c\u013ca**, zir\u0146i*, alus raugs*, augu \u0161\u0137iedra*.(*\u017e\u0101v\u0113ts, **auksti pres\u0113ts, neapstr\u0101d\u0101ts) Anal\u012btiskais sast\u0101vs: Kopprote\u012bns 35 %, kop\u0161\u0137iedra 3 %, kop\u0113jie tauki 16 %, kalcijs 1,1 %, kop\u0113jie pelni 7,5 %, fosfors 1 %. Kalorijas uz 100 g: 378 kcal\" \/>\n<meta property=\"og:url\" content=\"https:\/\/miumjau.ee\/lv\/produkts\/platinum-meatcrisp-sausa-bariba-kakim-ar-zivim-3-kg\/\" \/>\n<meta property=\"og:site_name\" content=\"MiuMjau\" \/>\n<meta property=\"article:publisher\" content=\"https:\/\/www.facebook.com\/miumjaupood\/\" \/>\n<meta property=\"og:image\" content=\"https:\/\/miumjau.ee\/wp-content\/uploads\/2024\/11\/platinum-kuivtoit-pood11.jpg\" \/>\n\t<meta property=\"og:image:width\" content=\"600\" \/>\n\t<meta property=\"og:image:height\" content=\"800\" \/>\n\t<meta property=\"og:image:type\" content=\"image\/jpeg\" \/>\n<meta name=\"twitter:card\" content=\"summary_large_image\" \/>\n<script type=\"application\/ld+json\" class=\"yoast-schema-graph\">{\"@context\":\"https:\\\/\\\/schema.org\",\"@graph\":[{\"@type\":\"WebPage\",\"@id\":\"https:\\\/\\\/miumjau.ee\\\/lv\\\/produkts\\\/platinum-meatcrisp-sausa-bariba-kakim-ar-zivim-3-kg\\\/\",\"url\":\"https:\\\/\\\/miumjau.ee\\\/lv\\\/produkts\\\/platinum-meatcrisp-sausa-bariba-kakim-ar-zivim-3-kg\\\/\",\"name\":\"Platinum MeatCrisp saus\u0101 bar\u012bba ka\u0137im ar ziv\u012bm 3 kg - MiuMjau\",\"isPartOf\":{\"@id\":\"https:\\\/\\\/miumjau.ee\\\/#website\"},\"primaryImageOfPage\":{\"@id\":\"https:\\\/\\\/miumjau.ee\\\/lv\\\/produkts\\\/platinum-meatcrisp-sausa-bariba-kakim-ar-zivim-3-kg\\\/#primaryimage\"},\"image\":{\"@id\":\"https:\\\/\\\/miumjau.ee\\\/lv\\\/produkts\\\/platinum-meatcrisp-sausa-bariba-kakim-ar-zivim-3-kg\\\/#primaryimage\"},\"thumbnailUrl\":\"https:\\\/\\\/miumjau.ee\\\/wp-content\\\/uploads\\\/2024\\\/11\\\/platinum-kuivtoit-pood11.jpg\",\"datePublished\":\"2024-11-07T12:00:38+00:00\",\"breadcrumb\":{\"@id\":\"https:\\\/\\\/miumjau.ee\\\/lv\\\/produkts\\\/platinum-meatcrisp-sausa-bariba-kakim-ar-zivim-3-kg\\\/#breadcrumb\"},\"inLanguage\":\"lv-LV\",\"potentialAction\":[{\"@type\":\"ReadAction\",\"target\":[\"https:\\\/\\\/miumjau.ee\\\/lv\\\/produkts\\\/platinum-meatcrisp-sausa-bariba-kakim-ar-zivim-3-kg\\\/\"]}]},{\"@type\":\"ImageObject\",\"inLanguage\":\"lv-LV\",\"@id\":\"https:\\\/\\\/miumjau.ee\\\/lv\\\/produkts\\\/platinum-meatcrisp-sausa-bariba-kakim-ar-zivim-3-kg\\\/#primaryimage\",\"url\":\"https:\\\/\\\/miumjau.ee\\\/wp-content\\\/uploads\\\/2024\\\/11\\\/platinum-kuivtoit-pood11.jpg\",\"contentUrl\":\"https:\\\/\\\/miumjau.ee\\\/wp-content\\\/uploads\\\/2024\\\/11\\\/platinum-kuivtoit-pood11.jpg\",\"width\":600,\"height\":800},{\"@type\":\"BreadcrumbList\",\"@id\":\"https:\\\/\\\/miumjau.ee\\\/lv\\\/produkts\\\/platinum-meatcrisp-sausa-bariba-kakim-ar-zivim-3-kg\\\/#breadcrumb\",\"itemListElement\":[{\"@type\":\"ListItem\",\"position\":1,\"name\":\"Home\",\"item\":\"https:\\\/\\\/miumjau.ee\\\/lv\\\/\"},{\"@type\":\"ListItem\",\"position\":2,\"name\":\"Veikals\",\"item\":\"https:\\\/\\\/miumjau.ee\\\/lv\\\/veikals\\\/\"},{\"@type\":\"ListItem\",\"position\":3,\"name\":\"Platinum MeatCrisp saus\u0101 bar\u012bba ka\u0137im ar ziv\u012bm 3 kg\"}]},{\"@type\":\"WebSite\",\"@id\":\"https:\\\/\\\/miumjau.ee\\\/#website\",\"url\":\"https:\\\/\\\/miumjau.ee\\\/\",\"name\":\"MiuMjau\",\"description\":\"Kraapimispuud kassidele\",\"publisher\":{\"@id\":\"https:\\\/\\\/miumjau.ee\\\/#organization\"},\"potentialAction\":[{\"@type\":\"SearchAction\",\"target\":{\"@type\":\"EntryPoint\",\"urlTemplate\":\"https:\\\/\\\/miumjau.ee\\\/?s={search_term_string}\"},\"query-input\":{\"@type\":\"PropertyValueSpecification\",\"valueRequired\":true,\"valueName\":\"search_term_string\"}}],\"inLanguage\":\"lv-LV\"},{\"@type\":\"Organization\",\"@id\":\"https:\\\/\\\/miumjau.ee\\\/#organization\",\"name\":\"MiuMjau O\u00dc\",\"url\":\"https:\\\/\\\/miumjau.ee\\\/\",\"logo\":{\"@type\":\"ImageObject\",\"inLanguage\":\"lv-LV\",\"@id\":\"https:\\\/\\\/miumjau.ee\\\/#\\\/schema\\\/logo\\\/image\\\/\",\"url\":\"https:\\\/\\\/miumjau.ee\\\/wp-content\\\/uploads\\\/2022\\\/04\\\/MiuMjau-logo-kollane.png\",\"contentUrl\":\"https:\\\/\\\/miumjau.ee\\\/wp-content\\\/uploads\\\/2022\\\/04\\\/MiuMjau-logo-kollane.png\",\"width\":219,\"height\":100,\"caption\":\"MiuMjau O\u00dc\"},\"image\":{\"@id\":\"https:\\\/\\\/miumjau.ee\\\/#\\\/schema\\\/logo\\\/image\\\/\"},\"sameAs\":[\"https:\\\/\\\/www.facebook.com\\\/miumjaupood\\\/\"]}]}<\/script>\n<!-- \/ Yoast SEO plugin. -->","yoast_head_json":{"title":"Platinum MeatCrisp saus\u0101 bar\u012bba ka\u0137im ar ziv\u012bm 3 kg - MiuMjau","robots":{"index":"index","follow":"follow","max-snippet":"max-snippet:-1","max-image-preview":"max-image-preview:large","max-video-preview":"max-video-preview:-1"},"canonical":"https:\/\/miumjau.ee\/lv\/produkts\/platinum-meatcrisp-sausa-bariba-kakim-ar-zivim-3-kg\/","og_locale":"lv_LV","og_type":"article","og_title":"Platinum MeatCrisp saus\u0101 bar\u012bba ka\u0137im ar ziv\u012bm 3 kg - MiuMjau","og_description":"MeatCrisp ir pirm\u0101 vesel\u012bg\u0101 ka\u0137u bar\u012bba, kas izgatavota no \u017e\u0101v\u0113tas svaigas ga\u013cas. T\u0101 satur svaigas ga\u013cas dabiskos mikroelementus un aminosk\u0101bes, padarot MeatCrisp par lab\u0101ku alternat\u012bvu ka\u0137a dabiskajam med\u012bjumam nek\u0101 liel\u0101k\u0101 da\u013ca komerci\u0101lo ka\u0137u bar\u012bbu. Barojot savu ka\u0137i ar MeatCrisp, tas jut\u012bsies stabil\u0101ks un mier\u012bg\u0101ks, t\u0101d\u0113j\u0101di ar\u012b laim\u012bg\u0101ks. MeatCrisp krauk\u0161\u0137\u012bgais kumoss un ga\u013cas gar\u0161a ir tik gar\u0161\u012bga, ka j\u016bsu ka\u0137is nev\u0113l\u0113sies \u0113st neko citu. MeatCrisp nesatur aromatiz\u0113t\u0101jus un gar\u0161as pastiprin\u0101t\u0101jus. 82 % svaigas ga\u013cas (nesatur ga\u013cas miltus) Dab\u012bgas sast\u0101vda\u013casBez aromatiz\u0113t\u0101jiem un gar\u0161as pastiprin\u0101t\u0101jiemBez glut\u0113nu saturo\u0161iem graudiemBarojo\u0161s un viegli sagremojamsOptimiz\u0113ts taur\u012bna saturs Sast\u0101vs: Svaiga zivju ga\u013ca 82 %, Flor de Ma\u00edz* (kukur\u016bza), kokosriekstu e\u013c\u013ca** (60 % laur\u012bnsk\u0101bes), rap\u0161u e\u013c\u013ca**, zir\u0146i*, alus raugs*, augu \u0161\u0137iedra*.(*\u017e\u0101v\u0113ts, **auksti pres\u0113ts, neapstr\u0101d\u0101ts) Anal\u012btiskais sast\u0101vs: Kopprote\u012bns 35 %, kop\u0161\u0137iedra 3 %, kop\u0113jie tauki 16 %, kalcijs 1,1 %, kop\u0113jie pelni 7,5 %, fosfors 1 %. Kalorijas uz 100 g: 378 kcal","og_url":"https:\/\/miumjau.ee\/lv\/produkts\/platinum-meatcrisp-sausa-bariba-kakim-ar-zivim-3-kg\/","og_site_name":"MiuMjau","article_publisher":"https:\/\/www.facebook.com\/miumjaupood\/","og_image":[{"width":600,"height":800,"url":"https:\/\/miumjau.ee\/wp-content\/uploads\/2024\/11\/platinum-kuivtoit-pood11.jpg","type":"image\/jpeg"}],"twitter_card":"summary_large_image","schema":{"@context":"https:\/\/schema.org","@graph":[{"@type":"WebPage","@id":"https:\/\/miumjau.ee\/lv\/produkts\/platinum-meatcrisp-sausa-bariba-kakim-ar-zivim-3-kg\/","url":"https:\/\/miumjau.ee\/lv\/produkts\/platinum-meatcrisp-sausa-bariba-kakim-ar-zivim-3-kg\/","name":"Platinum MeatCrisp saus\u0101 bar\u012bba ka\u0137im ar ziv\u012bm 3 kg - MiuMjau","isPartOf":{"@id":"https:\/\/miumjau.ee\/#website"},"primaryImageOfPage":{"@id":"https:\/\/miumjau.ee\/lv\/produkts\/platinum-meatcrisp-sausa-bariba-kakim-ar-zivim-3-kg\/#primaryimage"},"image":{"@id":"https:\/\/miumjau.ee\/lv\/produkts\/platinum-meatcrisp-sausa-bariba-kakim-ar-zivim-3-kg\/#primaryimage"},"thumbnailUrl":"https:\/\/miumjau.ee\/wp-content\/uploads\/2024\/11\/platinum-kuivtoit-pood11.jpg","datePublished":"2024-11-07T12:00:38+00:00","breadcrumb":{"@id":"https:\/\/miumjau.ee\/lv\/produkts\/platinum-meatcrisp-sausa-bariba-kakim-ar-zivim-3-kg\/#breadcrumb"},"inLanguage":"lv-LV","potentialAction":[{"@type":"ReadAction","target":["https:\/\/miumjau.ee\/lv\/produkts\/platinum-meatcrisp-sausa-bariba-kakim-ar-zivim-3-kg\/"]}]},{"@type":"ImageObject","inLanguage":"lv-LV","@id":"https:\/\/miumjau.ee\/lv\/produkts\/platinum-meatcrisp-sausa-bariba-kakim-ar-zivim-3-kg\/#primaryimage","url":"https:\/\/miumjau.ee\/wp-content\/uploads\/2024\/11\/platinum-kuivtoit-pood11.jpg","contentUrl":"https:\/\/miumjau.ee\/wp-content\/uploads\/2024\/11\/platinum-kuivtoit-pood11.jpg","width":600,"height":800},{"@type":"BreadcrumbList","@id":"https:\/\/miumjau.ee\/lv\/produkts\/platinum-meatcrisp-sausa-bariba-kakim-ar-zivim-3-kg\/#breadcrumb","itemListElement":[{"@type":"ListItem","position":1,"name":"Home","item":"https:\/\/miumjau.ee\/lv\/"},{"@type":"ListItem","position":2,"name":"Veikals","item":"https:\/\/miumjau.ee\/lv\/veikals\/"},{"@type":"ListItem","position":3,"name":"Platinum MeatCrisp saus\u0101 bar\u012bba ka\u0137im ar ziv\u012bm 3 kg"}]},{"@type":"WebSite","@id":"https:\/\/miumjau.ee\/#website","url":"https:\/\/miumjau.ee\/","name":"MiuMjau","description":"Kraapimispuud kassidele","publisher":{"@id":"https:\/\/miumjau.ee\/#organization"},"potentialAction":[{"@type":"SearchAction","target":{"@type":"EntryPoint","urlTemplate":"https:\/\/miumjau.ee\/?s={search_term_string}"},"query-input":{"@type":"PropertyValueSpecification","valueRequired":true,"valueName":"search_term_string"}}],"inLanguage":"lv-LV"},{"@type":"Organization","@id":"https:\/\/miumjau.ee\/#organization","name":"MiuMjau O\u00dc","url":"https:\/\/miumjau.ee\/","logo":{"@type":"ImageObject","inLanguage":"lv-LV","@id":"https:\/\/miumjau.ee\/#\/schema\/logo\/image\/","url":"https:\/\/miumjau.ee\/wp-content\/uploads\/2022\/04\/MiuMjau-logo-kollane.png","contentUrl":"https:\/\/miumjau.ee\/wp-content\/uploads\/2022\/04\/MiuMjau-logo-kollane.png","width":219,"height":100,"caption":"MiuMjau O\u00dc"},"image":{"@id":"https:\/\/miumjau.ee\/#\/schema\/logo\/image\/"},"sameAs":["https:\/\/www.facebook.com\/miumjaupood\/"]}]}},"_links":{"self":[{"href":"https:\/\/miumjau.ee\/lv\/wp-json\/wp\/v2\/product\/54829","targetHints":{"allow":["GET"]}}],"collection":[{"href":"https:\/\/miumjau.ee\/lv\/wp-json\/wp\/v2\/product"}],"about":[{"href":"https:\/\/miumjau.ee\/lv\/wp-json\/wp\/v2\/types\/product"}],"wp:featuredmedia":[{"embeddable":true,"href":"https:\/\/miumjau.ee\/lv\/wp-json\/wp\/v2\/media\/54830"}],"wp:attachment":[{"href":"https:\/\/miumjau.ee\/lv\/wp-json\/wp\/v2\/media?parent=54829"}],"wp:term":[{"taxonomy":"product_brand","embeddable":true,"href":"https:\/\/miumjau.ee\/lv\/wp-json\/wp\/v2\/product_brand?post=54829"},{"taxonomy":"product_cat","embeddable":true,"href":"https:\/\/miumjau.ee\/lv\/wp-json\/wp\/v2\/product_cat?post=54829"},{"taxonomy":"product_tag","embeddable":true,"href":"https:\/\/miumjau.ee\/lv\/wp-json\/wp\/v2\/product_tag?post=54829"}],"curies":[{"name":"wp","href":"https:\/\/api.w.org\/{rel}","templated":true}]}}