{"id":54813,"date":"2025-06-28T15:55:38","date_gmt":"2025-06-28T12:55:38","guid":{"rendered":"https:\/\/miumjau.ee\/toode\/platinum-adult-chicken-mini-auksti-preseta-bariba-mazo-skirnu-suniem-900-g\/"},"modified":"2025-06-28T15:55:38","modified_gmt":"2025-06-28T12:55:38","slug":"platinum-adult-chicken-mini-auksti-preseta-bariba-mazo-skirnu-suniem-900-g","status":"publish","type":"product","link":"https:\/\/miumjau.ee\/lv\/produkts\/platinum-adult-chicken-mini-auksti-preseta-bariba-mazo-skirnu-suniem-900-g\/","title":{"rendered":"Platinum Adult Chicken Mini, auksti pres\u0113ta bar\u012bba mazo \u0161\u0137ir\u0146u su\u0146iem 900 g"},"content":{"rendered":"","protected":false},"excerpt":{"rendered":"<p data-start=\"3352\" data-end=\"3467\">PLATINUM saus\u0101 bar\u012bba ar vistas ga\u013cu satur tikai augstas kvalit\u0101tes sast\u0101vda\u013cas, kuras izmanto ar\u012b cilv\u0113ku p\u0101rtik\u0101:<\/p>\n<p data-start=\"3469\" data-end=\"3653\">70 % svaigas vistas ga\u013cas<br data-start=\"3494\" data-end=\"3497\" \/>Kukur\u016bza un r\u012bsi k\u0101 kvalitat\u012bvi og\u013chidr\u0101tu avoti<br data-start=\"3545\" data-end=\"3548\" \/>D\u0101rze\u0146i, kas bag\u0101ti ar dab\u012bgiem antioksidantiem<br data-start=\"3595\" data-end=\"3598\" \/>Za\u013cmutes gliemenes ekstrakts un vair\u0101ki noder\u012bgi augi<\/p>\n<p data-start=\"3655\" data-end=\"4029\"><strong data-start=\"3655\" data-end=\"3667\">Sast\u0101vs:<\/strong> Svaiga vistas ga\u013ca (70 %), sasmalcin\u0101ti r\u012bsi, kukur\u016bza (nav \u0123en\u0113tiski modific\u0113ta), alus raugs*, \u0101bolu masa*, la\u0161a e\u013c\u013ca** (omega-3), jukas ekstrakts, lins\u0113klu e\u013c\u013ca** (omega-3), ol\u012bve\u013c\u013ca**, za\u013cmutes gliemenes ekstrakts, burk\u0101ni*, tom\u0101ti*, kli\u0146\u0123er\u012bte*, pienene*, broko\u013ci*, za\u013c\u0101 t\u0113ja*, kumel\u012bte*, oregano*, m\u0101rdad\u017ea s\u0113klas*, dz\u0113rve\u0146u s\u0113klas*, a\u013c\u0123e*, k\u0101lija hlor\u012bds.<\/p>\n<p data-start=\"4031\" data-end=\"4210\"><strong data-start=\"4031\" data-end=\"4056\">Anal\u012btiskais sast\u0101vs:<\/strong> Kopprote\u012bns 26,0 %, kop\u0113j\u0101s e\u013c\u013cas un tauki 16,0 %, kop\u0113jie pelni 7,9 %, kop\u0161\u0137iedra 2,0 %, kalcijs 1,5 %, fosfors 1,0 %, mitrums (dab\u012bgais saturs) 19,0 %.<\/p>\n<p data-start=\"4212\" data-end=\"4454\"><strong data-start=\"4212\" data-end=\"4225\">Piedevas:<\/strong><br data-start=\"4225\" data-end=\"4228\" \/>Vitam\u012bni: 3a672a\/vitam\u012bns A 10 000 SV, 3a671\/vitam\u012bns D3 1 600 SV, 3a700i\/vitam\u012bns E 150 mg.<br data-start=\"4320\" data-end=\"4323\" \/>Mikroelementi: 3b108\/dzelzs 75 mg, 3b203\/jods 3 mg, 3b413\/var\u0161 19 mg, 3b506\/mang\u0101ns 40 mg, 3b607\/cinks 150 mg, 3b814\/sel\u0113ns 0,2 mg.<\/p>\n<p data-start=\"4456\" data-end=\"4478\"><strong data-start=\"4456\" data-end=\"4478\">100 g = 364,4 kcal<\/strong><\/p>\n<p data-start=\"4480\" data-end=\"4503\"><strong data-start=\"4480\" data-end=\"4503\">Baro\u0161anas ieteikums<\/strong><\/p>\n<p data-start=\"4505\" data-end=\"4663\">PLATINUM Adult Chicken ir piem\u0113rots visiem pieaugu\u0161iem su\u0146iem; kuc\u0113niem to var pied\u0101v\u0101t no 5 m\u0113ne\u0161u vecuma. PLATINUM saus\u0101 bar\u012bba ir gatava lieto\u0161anai uzreiz.<\/p>\n<p data-start=\"4665\" data-end=\"4804\">Su\u0146a svars (kg) | Dienas bar\u012bbas daudzums (g)<br data-start=\"4710\" data-end=\"4713\" \/>1,0 \u2013 3,0 | 30 \u2013 55<br data-start=\"4732\" data-end=\"4735\" \/>3,0 \u2013 5,0 | 55 \u2013 85<br data-start=\"4754\" data-end=\"4757\" \/>5,0 \u2013 7,5 | 85 \u2013 115<br data-start=\"4777\" data-end=\"4780\" \/>7,5 \u2013 10,0 | 115 \u2013 150<\/p>\n","protected":false},"featured_media":54811,"template":"","meta":[],"product_brand":[],"product_cat":[575],"product_tag":[],"class_list":{"0":"post-54813","1":"product","2":"type-product","3":"status-publish","4":"has-post-thumbnail","6":"product_cat-sausa-bariba-suniem","8":"first","9":"instock","10":"sale","11":"taxable","12":"shipping-taxable","13":"purchasable","14":"product-type-simple"},"yoast_head":"<!-- This site is optimized with the Yoast SEO plugin v27.4 - https:\/\/yoast.com\/product\/yoast-seo-wordpress\/ -->\n<title>Platinum Adult Chicken Mini, auksti pres\u0113ta bar\u012bba mazo \u0161\u0137ir\u0146u su\u0146iem 900 g - MiuMjau<\/title>\n<meta name=\"robots\" content=\"index, follow, max-snippet:-1, max-image-preview:large, max-video-preview:-1\" \/>\n<link rel=\"canonical\" href=\"https:\/\/miumjau.ee\/lv\/produkts\/platinum-adult-chicken-mini-auksti-preseta-bariba-mazo-skirnu-suniem-900-g\/\" \/>\n<meta property=\"og:locale\" content=\"lv_LV\" \/>\n<meta property=\"og:type\" content=\"article\" \/>\n<meta property=\"og:title\" content=\"Platinum Adult Chicken Mini, auksti pres\u0113ta bar\u012bba mazo \u0161\u0137ir\u0146u su\u0146iem 900 g - MiuMjau\" \/>\n<meta property=\"og:description\" content=\"PLATINUM saus\u0101 bar\u012bba ar vistas ga\u013cu satur tikai augstas kvalit\u0101tes sast\u0101vda\u013cas, kuras izmanto ar\u012b cilv\u0113ku p\u0101rtik\u0101: 70 % svaigas vistas ga\u013casKukur\u016bza un r\u012bsi k\u0101 kvalitat\u012bvi og\u013chidr\u0101tu avotiD\u0101rze\u0146i, kas bag\u0101ti ar dab\u012bgiem antioksidantiemZa\u013cmutes gliemenes ekstrakts un vair\u0101ki noder\u012bgi augi Sast\u0101vs: Svaiga vistas ga\u013ca (70 %), sasmalcin\u0101ti r\u012bsi, kukur\u016bza (nav \u0123en\u0113tiski modific\u0113ta), alus raugs*, \u0101bolu masa*, la\u0161a e\u013c\u013ca** (omega-3), jukas ekstrakts, lins\u0113klu e\u013c\u013ca** (omega-3), ol\u012bve\u013c\u013ca**, za\u013cmutes gliemenes ekstrakts, burk\u0101ni*, tom\u0101ti*, kli\u0146\u0123er\u012bte*, pienene*, broko\u013ci*, za\u013c\u0101 t\u0113ja*, kumel\u012bte*, oregano*, m\u0101rdad\u017ea s\u0113klas*, dz\u0113rve\u0146u s\u0113klas*, a\u013c\u0123e*, k\u0101lija hlor\u012bds. Anal\u012btiskais sast\u0101vs: Kopprote\u012bns 26,0 %, kop\u0113j\u0101s e\u013c\u013cas un tauki 16,0 %, kop\u0113jie pelni 7,9 %, kop\u0161\u0137iedra 2,0 %, kalcijs 1,5 %, fosfors 1,0 %, mitrums (dab\u012bgais saturs) 19,0 %. Piedevas:Vitam\u012bni: 3a672a\/vitam\u012bns A 10 000 SV, 3a671\/vitam\u012bns D3 1 600 SV, 3a700i\/vitam\u012bns E 150 mg.Mikroelementi: 3b108\/dzelzs 75 mg, 3b203\/jods 3 mg, 3b413\/var\u0161 19 mg, 3b506\/mang\u0101ns 40 mg, 3b607\/cinks 150 mg, 3b814\/sel\u0113ns 0,2 mg. 100 g = 364,4 kcal Baro\u0161anas ieteikums PLATINUM Adult Chicken ir piem\u0113rots visiem pieaugu\u0161iem su\u0146iem; kuc\u0113niem to var pied\u0101v\u0101t no 5 m\u0113ne\u0161u vecuma. PLATINUM saus\u0101 bar\u012bba ir gatava lieto\u0161anai uzreiz. Su\u0146a svars (kg) | Dienas bar\u012bbas daudzums (g)1,0 \u2013 3,0 | 30 \u2013 553,0 \u2013 5,0 | 55 \u2013 855,0 \u2013 7,5 | 85 \u2013 1157,5 \u2013 10,0 | 115 \u2013 150\" \/>\n<meta property=\"og:url\" content=\"https:\/\/miumjau.ee\/lv\/produkts\/platinum-adult-chicken-mini-auksti-preseta-bariba-mazo-skirnu-suniem-900-g\/\" \/>\n<meta property=\"og:site_name\" content=\"MiuMjau\" \/>\n<meta property=\"article:publisher\" content=\"https:\/\/www.facebook.com\/miumjaupood\/\" \/>\n<meta property=\"og:image\" content=\"https:\/\/miumjau.ee\/wp-content\/uploads\/2025\/06\/platinum-mini-koeratoit3.jpg\" \/>\n\t<meta property=\"og:image:width\" content=\"600\" \/>\n\t<meta property=\"og:image:height\" content=\"800\" \/>\n\t<meta property=\"og:image:type\" content=\"image\/jpeg\" \/>\n<meta name=\"twitter:card\" content=\"summary_large_image\" \/>\n<script type=\"application\/ld+json\" class=\"yoast-schema-graph\">{\"@context\":\"https:\\\/\\\/schema.org\",\"@graph\":[{\"@type\":\"WebPage\",\"@id\":\"https:\\\/\\\/miumjau.ee\\\/lv\\\/produkts\\\/platinum-adult-chicken-mini-auksti-preseta-bariba-mazo-skirnu-suniem-900-g\\\/\",\"url\":\"https:\\\/\\\/miumjau.ee\\\/lv\\\/produkts\\\/platinum-adult-chicken-mini-auksti-preseta-bariba-mazo-skirnu-suniem-900-g\\\/\",\"name\":\"Platinum Adult Chicken Mini, auksti pres\u0113ta bar\u012bba mazo \u0161\u0137ir\u0146u su\u0146iem 900 g - MiuMjau\",\"isPartOf\":{\"@id\":\"https:\\\/\\\/miumjau.ee\\\/#website\"},\"primaryImageOfPage\":{\"@id\":\"https:\\\/\\\/miumjau.ee\\\/lv\\\/produkts\\\/platinum-adult-chicken-mini-auksti-preseta-bariba-mazo-skirnu-suniem-900-g\\\/#primaryimage\"},\"image\":{\"@id\":\"https:\\\/\\\/miumjau.ee\\\/lv\\\/produkts\\\/platinum-adult-chicken-mini-auksti-preseta-bariba-mazo-skirnu-suniem-900-g\\\/#primaryimage\"},\"thumbnailUrl\":\"https:\\\/\\\/miumjau.ee\\\/wp-content\\\/uploads\\\/2025\\\/06\\\/platinum-mini-koeratoit3.jpg\",\"datePublished\":\"2025-06-28T12:55:38+00:00\",\"breadcrumb\":{\"@id\":\"https:\\\/\\\/miumjau.ee\\\/lv\\\/produkts\\\/platinum-adult-chicken-mini-auksti-preseta-bariba-mazo-skirnu-suniem-900-g\\\/#breadcrumb\"},\"inLanguage\":\"lv-LV\",\"potentialAction\":[{\"@type\":\"ReadAction\",\"target\":[\"https:\\\/\\\/miumjau.ee\\\/lv\\\/produkts\\\/platinum-adult-chicken-mini-auksti-preseta-bariba-mazo-skirnu-suniem-900-g\\\/\"]}]},{\"@type\":\"ImageObject\",\"inLanguage\":\"lv-LV\",\"@id\":\"https:\\\/\\\/miumjau.ee\\\/lv\\\/produkts\\\/platinum-adult-chicken-mini-auksti-preseta-bariba-mazo-skirnu-suniem-900-g\\\/#primaryimage\",\"url\":\"https:\\\/\\\/miumjau.ee\\\/wp-content\\\/uploads\\\/2025\\\/06\\\/platinum-mini-koeratoit3.jpg\",\"contentUrl\":\"https:\\\/\\\/miumjau.ee\\\/wp-content\\\/uploads\\\/2025\\\/06\\\/platinum-mini-koeratoit3.jpg\",\"width\":600,\"height\":800},{\"@type\":\"BreadcrumbList\",\"@id\":\"https:\\\/\\\/miumjau.ee\\\/lv\\\/produkts\\\/platinum-adult-chicken-mini-auksti-preseta-bariba-mazo-skirnu-suniem-900-g\\\/#breadcrumb\",\"itemListElement\":[{\"@type\":\"ListItem\",\"position\":1,\"name\":\"Home\",\"item\":\"https:\\\/\\\/miumjau.ee\\\/lv\\\/\"},{\"@type\":\"ListItem\",\"position\":2,\"name\":\"Veikals\",\"item\":\"https:\\\/\\\/miumjau.ee\\\/lv\\\/veikals\\\/\"},{\"@type\":\"ListItem\",\"position\":3,\"name\":\"Platinum Adult Chicken Mini, auksti pres\u0113ta bar\u012bba mazo \u0161\u0137ir\u0146u su\u0146iem 900 g\"}]},{\"@type\":\"WebSite\",\"@id\":\"https:\\\/\\\/miumjau.ee\\\/#website\",\"url\":\"https:\\\/\\\/miumjau.ee\\\/\",\"name\":\"MiuMjau\",\"description\":\"Kraapimispuud kassidele\",\"publisher\":{\"@id\":\"https:\\\/\\\/miumjau.ee\\\/#organization\"},\"potentialAction\":[{\"@type\":\"SearchAction\",\"target\":{\"@type\":\"EntryPoint\",\"urlTemplate\":\"https:\\\/\\\/miumjau.ee\\\/?s={search_term_string}\"},\"query-input\":{\"@type\":\"PropertyValueSpecification\",\"valueRequired\":true,\"valueName\":\"search_term_string\"}}],\"inLanguage\":\"lv-LV\"},{\"@type\":\"Organization\",\"@id\":\"https:\\\/\\\/miumjau.ee\\\/#organization\",\"name\":\"MiuMjau O\u00dc\",\"url\":\"https:\\\/\\\/miumjau.ee\\\/\",\"logo\":{\"@type\":\"ImageObject\",\"inLanguage\":\"lv-LV\",\"@id\":\"https:\\\/\\\/miumjau.ee\\\/#\\\/schema\\\/logo\\\/image\\\/\",\"url\":\"https:\\\/\\\/miumjau.ee\\\/wp-content\\\/uploads\\\/2022\\\/04\\\/MiuMjau-logo-kollane.png\",\"contentUrl\":\"https:\\\/\\\/miumjau.ee\\\/wp-content\\\/uploads\\\/2022\\\/04\\\/MiuMjau-logo-kollane.png\",\"width\":219,\"height\":100,\"caption\":\"MiuMjau O\u00dc\"},\"image\":{\"@id\":\"https:\\\/\\\/miumjau.ee\\\/#\\\/schema\\\/logo\\\/image\\\/\"},\"sameAs\":[\"https:\\\/\\\/www.facebook.com\\\/miumjaupood\\\/\"]}]}<\/script>\n<!-- \/ Yoast SEO plugin. -->","yoast_head_json":{"title":"Platinum Adult Chicken Mini, auksti pres\u0113ta bar\u012bba mazo \u0161\u0137ir\u0146u su\u0146iem 900 g - MiuMjau","robots":{"index":"index","follow":"follow","max-snippet":"max-snippet:-1","max-image-preview":"max-image-preview:large","max-video-preview":"max-video-preview:-1"},"canonical":"https:\/\/miumjau.ee\/lv\/produkts\/platinum-adult-chicken-mini-auksti-preseta-bariba-mazo-skirnu-suniem-900-g\/","og_locale":"lv_LV","og_type":"article","og_title":"Platinum Adult Chicken Mini, auksti pres\u0113ta bar\u012bba mazo \u0161\u0137ir\u0146u su\u0146iem 900 g - MiuMjau","og_description":"PLATINUM saus\u0101 bar\u012bba ar vistas ga\u013cu satur tikai augstas kvalit\u0101tes sast\u0101vda\u013cas, kuras izmanto ar\u012b cilv\u0113ku p\u0101rtik\u0101: 70 % svaigas vistas ga\u013casKukur\u016bza un r\u012bsi k\u0101 kvalitat\u012bvi og\u013chidr\u0101tu avotiD\u0101rze\u0146i, kas bag\u0101ti ar dab\u012bgiem antioksidantiemZa\u013cmutes gliemenes ekstrakts un vair\u0101ki noder\u012bgi augi Sast\u0101vs: Svaiga vistas ga\u013ca (70 %), sasmalcin\u0101ti r\u012bsi, kukur\u016bza (nav \u0123en\u0113tiski modific\u0113ta), alus raugs*, \u0101bolu masa*, la\u0161a e\u013c\u013ca** (omega-3), jukas ekstrakts, lins\u0113klu e\u013c\u013ca** (omega-3), ol\u012bve\u013c\u013ca**, za\u013cmutes gliemenes ekstrakts, burk\u0101ni*, tom\u0101ti*, kli\u0146\u0123er\u012bte*, pienene*, broko\u013ci*, za\u013c\u0101 t\u0113ja*, kumel\u012bte*, oregano*, m\u0101rdad\u017ea s\u0113klas*, dz\u0113rve\u0146u s\u0113klas*, a\u013c\u0123e*, k\u0101lija hlor\u012bds. Anal\u012btiskais sast\u0101vs: Kopprote\u012bns 26,0 %, kop\u0113j\u0101s e\u013c\u013cas un tauki 16,0 %, kop\u0113jie pelni 7,9 %, kop\u0161\u0137iedra 2,0 %, kalcijs 1,5 %, fosfors 1,0 %, mitrums (dab\u012bgais saturs) 19,0 %. Piedevas:Vitam\u012bni: 3a672a\/vitam\u012bns A 10 000 SV, 3a671\/vitam\u012bns D3 1 600 SV, 3a700i\/vitam\u012bns E 150 mg.Mikroelementi: 3b108\/dzelzs 75 mg, 3b203\/jods 3 mg, 3b413\/var\u0161 19 mg, 3b506\/mang\u0101ns 40 mg, 3b607\/cinks 150 mg, 3b814\/sel\u0113ns 0,2 mg. 100 g = 364,4 kcal Baro\u0161anas ieteikums PLATINUM Adult Chicken ir piem\u0113rots visiem pieaugu\u0161iem su\u0146iem; kuc\u0113niem to var pied\u0101v\u0101t no 5 m\u0113ne\u0161u vecuma. PLATINUM saus\u0101 bar\u012bba ir gatava lieto\u0161anai uzreiz. Su\u0146a svars (kg) | Dienas bar\u012bbas daudzums (g)1,0 \u2013 3,0 | 30 \u2013 553,0 \u2013 5,0 | 55 \u2013 855,0 \u2013 7,5 | 85 \u2013 1157,5 \u2013 10,0 | 115 \u2013 150","og_url":"https:\/\/miumjau.ee\/lv\/produkts\/platinum-adult-chicken-mini-auksti-preseta-bariba-mazo-skirnu-suniem-900-g\/","og_site_name":"MiuMjau","article_publisher":"https:\/\/www.facebook.com\/miumjaupood\/","og_image":[{"width":600,"height":800,"url":"https:\/\/miumjau.ee\/wp-content\/uploads\/2025\/06\/platinum-mini-koeratoit3.jpg","type":"image\/jpeg"}],"twitter_card":"summary_large_image","schema":{"@context":"https:\/\/schema.org","@graph":[{"@type":"WebPage","@id":"https:\/\/miumjau.ee\/lv\/produkts\/platinum-adult-chicken-mini-auksti-preseta-bariba-mazo-skirnu-suniem-900-g\/","url":"https:\/\/miumjau.ee\/lv\/produkts\/platinum-adult-chicken-mini-auksti-preseta-bariba-mazo-skirnu-suniem-900-g\/","name":"Platinum Adult Chicken Mini, auksti pres\u0113ta bar\u012bba mazo \u0161\u0137ir\u0146u su\u0146iem 900 g - MiuMjau","isPartOf":{"@id":"https:\/\/miumjau.ee\/#website"},"primaryImageOfPage":{"@id":"https:\/\/miumjau.ee\/lv\/produkts\/platinum-adult-chicken-mini-auksti-preseta-bariba-mazo-skirnu-suniem-900-g\/#primaryimage"},"image":{"@id":"https:\/\/miumjau.ee\/lv\/produkts\/platinum-adult-chicken-mini-auksti-preseta-bariba-mazo-skirnu-suniem-900-g\/#primaryimage"},"thumbnailUrl":"https:\/\/miumjau.ee\/wp-content\/uploads\/2025\/06\/platinum-mini-koeratoit3.jpg","datePublished":"2025-06-28T12:55:38+00:00","breadcrumb":{"@id":"https:\/\/miumjau.ee\/lv\/produkts\/platinum-adult-chicken-mini-auksti-preseta-bariba-mazo-skirnu-suniem-900-g\/#breadcrumb"},"inLanguage":"lv-LV","potentialAction":[{"@type":"ReadAction","target":["https:\/\/miumjau.ee\/lv\/produkts\/platinum-adult-chicken-mini-auksti-preseta-bariba-mazo-skirnu-suniem-900-g\/"]}]},{"@type":"ImageObject","inLanguage":"lv-LV","@id":"https:\/\/miumjau.ee\/lv\/produkts\/platinum-adult-chicken-mini-auksti-preseta-bariba-mazo-skirnu-suniem-900-g\/#primaryimage","url":"https:\/\/miumjau.ee\/wp-content\/uploads\/2025\/06\/platinum-mini-koeratoit3.jpg","contentUrl":"https:\/\/miumjau.ee\/wp-content\/uploads\/2025\/06\/platinum-mini-koeratoit3.jpg","width":600,"height":800},{"@type":"BreadcrumbList","@id":"https:\/\/miumjau.ee\/lv\/produkts\/platinum-adult-chicken-mini-auksti-preseta-bariba-mazo-skirnu-suniem-900-g\/#breadcrumb","itemListElement":[{"@type":"ListItem","position":1,"name":"Home","item":"https:\/\/miumjau.ee\/lv\/"},{"@type":"ListItem","position":2,"name":"Veikals","item":"https:\/\/miumjau.ee\/lv\/veikals\/"},{"@type":"ListItem","position":3,"name":"Platinum Adult Chicken Mini, auksti pres\u0113ta bar\u012bba mazo \u0161\u0137ir\u0146u su\u0146iem 900 g"}]},{"@type":"WebSite","@id":"https:\/\/miumjau.ee\/#website","url":"https:\/\/miumjau.ee\/","name":"MiuMjau","description":"Kraapimispuud kassidele","publisher":{"@id":"https:\/\/miumjau.ee\/#organization"},"potentialAction":[{"@type":"SearchAction","target":{"@type":"EntryPoint","urlTemplate":"https:\/\/miumjau.ee\/?s={search_term_string}"},"query-input":{"@type":"PropertyValueSpecification","valueRequired":true,"valueName":"search_term_string"}}],"inLanguage":"lv-LV"},{"@type":"Organization","@id":"https:\/\/miumjau.ee\/#organization","name":"MiuMjau O\u00dc","url":"https:\/\/miumjau.ee\/","logo":{"@type":"ImageObject","inLanguage":"lv-LV","@id":"https:\/\/miumjau.ee\/#\/schema\/logo\/image\/","url":"https:\/\/miumjau.ee\/wp-content\/uploads\/2022\/04\/MiuMjau-logo-kollane.png","contentUrl":"https:\/\/miumjau.ee\/wp-content\/uploads\/2022\/04\/MiuMjau-logo-kollane.png","width":219,"height":100,"caption":"MiuMjau O\u00dc"},"image":{"@id":"https:\/\/miumjau.ee\/#\/schema\/logo\/image\/"},"sameAs":["https:\/\/www.facebook.com\/miumjaupood\/"]}]}},"_links":{"self":[{"href":"https:\/\/miumjau.ee\/lv\/wp-json\/wp\/v2\/product\/54813","targetHints":{"allow":["GET"]}}],"collection":[{"href":"https:\/\/miumjau.ee\/lv\/wp-json\/wp\/v2\/product"}],"about":[{"href":"https:\/\/miumjau.ee\/lv\/wp-json\/wp\/v2\/types\/product"}],"wp:featuredmedia":[{"embeddable":true,"href":"https:\/\/miumjau.ee\/lv\/wp-json\/wp\/v2\/media\/54811"}],"wp:attachment":[{"href":"https:\/\/miumjau.ee\/lv\/wp-json\/wp\/v2\/media?parent=54813"}],"wp:term":[{"taxonomy":"product_brand","embeddable":true,"href":"https:\/\/miumjau.ee\/lv\/wp-json\/wp\/v2\/product_brand?post=54813"},{"taxonomy":"product_cat","embeddable":true,"href":"https:\/\/miumjau.ee\/lv\/wp-json\/wp\/v2\/product_cat?post=54813"},{"taxonomy":"product_tag","embeddable":true,"href":"https:\/\/miumjau.ee\/lv\/wp-json\/wp\/v2\/product_tag?post=54813"}],"curies":[{"name":"wp","href":"https:\/\/api.w.org\/{rel}","templated":true}]}}