{"id":54805,"date":"2025-06-28T16:13:23","date_gmt":"2025-06-28T13:13:23","guid":{"rendered":"https:\/\/miumjau.ee\/toode\/platinum-puppy-chicken-auksti-preseta-bariba-kuceniem-5-kg\/"},"modified":"2025-06-28T16:13:23","modified_gmt":"2025-06-28T13:13:23","slug":"platinum-puppy-chicken-auksti-preseta-bariba-kuceniem-5-kg","status":"publish","type":"product","link":"https:\/\/miumjau.ee\/lv\/produkts\/platinum-puppy-chicken-auksti-preseta-bariba-kuceniem-5-kg\/","title":{"rendered":"Platinum Puppy Chicken, auksti pres\u0113ta bar\u012bba kuc\u0113niem 5 kg"},"content":{"rendered":"","protected":false},"excerpt":{"rendered":"<p data-start=\"3502\" data-end=\"3626\">PLATINUM saus\u0101 bar\u012bba kuc\u0113niem ar vistas ga\u013cu satur tikai augstas kvalit\u0101tes sast\u0101vda\u013cas, kuras izmanto ar\u012b cilv\u0113ku p\u0101rtik\u0101:<\/p>\n<p data-start=\"3628\" data-end=\"3752\">Vismaz 73 % svaigas vistas ga\u013cas<br data-start=\"3660\" data-end=\"3663\" \/>R\u012bsi k\u0101 kvalitat\u012bvs og\u013chidr\u0101tu avots<br data-start=\"3699\" data-end=\"3702\" \/>Auksti pres\u0113tas e\u013c\u013cas optim\u0101lam tauku l\u012bdzsvaram<\/p>\n<p data-start=\"3754\" data-end=\"3913\">Gar\u0161\u012bga, sul\u012bga un arom\u0101tiska bar\u012bba tavam vism\u012b\u013c\u0101kajam draugam. Pilnv\u0113rt\u012bga bar\u012bba, t\u0101p\u0113c vari b\u016bt dro\u0161s, ka tavs suns no \u0161\u012bs bar\u012bbas sa\u0146em visu nepiecie\u0161amo.<\/p>\n<p data-start=\"3915\" data-end=\"4169\"><strong data-start=\"3915\" data-end=\"3927\">Sast\u0101vs:<\/strong> Svaiga vistas ga\u013ca (73 %), sasmalcin\u0101ti r\u012bsi, dehidr\u0113ts vistas prote\u012bns, kalt\u0113tas zivis, hidroliz\u0113ts m\u0101jputnu prote\u012bns, kalt\u0113ta \u0101bolu masa, la\u0161a e\u013c\u013ca, kalt\u0113ts alus raugs, auksti pres\u0113ta lins\u0113klu e\u013c\u013ca, auksti pres\u0113ta ol\u012bve\u013c\u013ca, k\u0101lija hlor\u012bds.<\/p>\n<p data-start=\"4171\" data-end=\"4350\"><strong data-start=\"4171\" data-end=\"4196\">Anal\u012btiskais sast\u0101vs:<\/strong> Kopprote\u012bns 27,0 %, kop\u0113j\u0101s e\u013c\u013cas un tauki 16,0 %, kop\u0113jie pelni 7,9 %, kop\u0161\u0137iedra 2,0 %, kalcijs 1,5 %, fosfors 1,0 %, mitrums (dab\u012bgais saturs) 19,0 %.<\/p>\n<p data-start=\"4352\" data-end=\"4594\"><strong data-start=\"4352\" data-end=\"4365\">Piedevas:<\/strong><br data-start=\"4365\" data-end=\"4368\" \/>Vit\u0101m\u012bni: 3a672a\/vitam\u012bns A 10 000 SV, 3a671\/vitam\u012bns D3 1 600 SV, 3a700i\/vitam\u012bns E 150 mg.<br data-start=\"4460\" data-end=\"4463\" \/>Mikroelementi: 3b108\/dzelzs 75 mg, 3b203\/jods 3 mg, 3b413\/var\u0161 19 mg, 3b506\/mang\u0101ns 40 mg, 3b607\/cinks 150 mg, 3b814\/sel\u0113ns 0,2 mg.<\/p>\n","protected":false},"featured_media":54802,"template":"","meta":[],"product_brand":[],"product_cat":[575],"product_tag":[],"class_list":{"0":"post-54805","1":"product","2":"type-product","3":"status-publish","4":"has-post-thumbnail","6":"product_cat-sausa-bariba-suniem","8":"first","9":"instock","10":"sale","11":"taxable","12":"shipping-taxable","13":"purchasable","14":"product-type-simple"},"yoast_head":"<!-- This site is optimized with the Yoast SEO plugin v27.4 - https:\/\/yoast.com\/product\/yoast-seo-wordpress\/ -->\n<title>Platinum Puppy Chicken, auksti pres\u0113ta bar\u012bba kuc\u0113niem 5 kg - MiuMjau<\/title>\n<meta name=\"robots\" content=\"index, follow, max-snippet:-1, max-image-preview:large, max-video-preview:-1\" \/>\n<link rel=\"canonical\" href=\"https:\/\/miumjau.ee\/lv\/produkts\/platinum-puppy-chicken-auksti-preseta-bariba-kuceniem-5-kg\/\" \/>\n<meta property=\"og:locale\" content=\"lv_LV\" \/>\n<meta property=\"og:type\" content=\"article\" \/>\n<meta property=\"og:title\" content=\"Platinum Puppy Chicken, auksti pres\u0113ta bar\u012bba kuc\u0113niem 5 kg - MiuMjau\" \/>\n<meta property=\"og:description\" content=\"PLATINUM saus\u0101 bar\u012bba kuc\u0113niem ar vistas ga\u013cu satur tikai augstas kvalit\u0101tes sast\u0101vda\u013cas, kuras izmanto ar\u012b cilv\u0113ku p\u0101rtik\u0101: Vismaz 73 % svaigas vistas ga\u013casR\u012bsi k\u0101 kvalitat\u012bvs og\u013chidr\u0101tu avotsAuksti pres\u0113tas e\u013c\u013cas optim\u0101lam tauku l\u012bdzsvaram Gar\u0161\u012bga, sul\u012bga un arom\u0101tiska bar\u012bba tavam vism\u012b\u013c\u0101kajam draugam. Pilnv\u0113rt\u012bga bar\u012bba, t\u0101p\u0113c vari b\u016bt dro\u0161s, ka tavs suns no \u0161\u012bs bar\u012bbas sa\u0146em visu nepiecie\u0161amo. Sast\u0101vs: Svaiga vistas ga\u013ca (73 %), sasmalcin\u0101ti r\u012bsi, dehidr\u0113ts vistas prote\u012bns, kalt\u0113tas zivis, hidroliz\u0113ts m\u0101jputnu prote\u012bns, kalt\u0113ta \u0101bolu masa, la\u0161a e\u013c\u013ca, kalt\u0113ts alus raugs, auksti pres\u0113ta lins\u0113klu e\u013c\u013ca, auksti pres\u0113ta ol\u012bve\u013c\u013ca, k\u0101lija hlor\u012bds. Anal\u012btiskais sast\u0101vs: Kopprote\u012bns 27,0 %, kop\u0113j\u0101s e\u013c\u013cas un tauki 16,0 %, kop\u0113jie pelni 7,9 %, kop\u0161\u0137iedra 2,0 %, kalcijs 1,5 %, fosfors 1,0 %, mitrums (dab\u012bgais saturs) 19,0 %. Piedevas:Vit\u0101m\u012bni: 3a672a\/vitam\u012bns A 10 000 SV, 3a671\/vitam\u012bns D3 1 600 SV, 3a700i\/vitam\u012bns E 150 mg.Mikroelementi: 3b108\/dzelzs 75 mg, 3b203\/jods 3 mg, 3b413\/var\u0161 19 mg, 3b506\/mang\u0101ns 40 mg, 3b607\/cinks 150 mg, 3b814\/sel\u0113ns 0,2 mg.\" \/>\n<meta property=\"og:url\" content=\"https:\/\/miumjau.ee\/lv\/produkts\/platinum-puppy-chicken-auksti-preseta-bariba-kuceniem-5-kg\/\" \/>\n<meta property=\"og:site_name\" content=\"MiuMjau\" \/>\n<meta property=\"article:publisher\" content=\"https:\/\/www.facebook.com\/miumjaupood\/\" \/>\n<meta property=\"og:image\" content=\"https:\/\/miumjau.ee\/wp-content\/uploads\/2025\/06\/platinum-koeratoit-kulmpress1.jpg\" \/>\n\t<meta property=\"og:image:width\" content=\"600\" \/>\n\t<meta property=\"og:image:height\" content=\"800\" \/>\n\t<meta property=\"og:image:type\" content=\"image\/jpeg\" \/>\n<meta name=\"twitter:card\" content=\"summary_large_image\" \/>\n<script type=\"application\/ld+json\" class=\"yoast-schema-graph\">{\"@context\":\"https:\\\/\\\/schema.org\",\"@graph\":[{\"@type\":\"WebPage\",\"@id\":\"https:\\\/\\\/miumjau.ee\\\/lv\\\/produkts\\\/platinum-puppy-chicken-auksti-preseta-bariba-kuceniem-5-kg\\\/\",\"url\":\"https:\\\/\\\/miumjau.ee\\\/lv\\\/produkts\\\/platinum-puppy-chicken-auksti-preseta-bariba-kuceniem-5-kg\\\/\",\"name\":\"Platinum Puppy Chicken, auksti pres\u0113ta bar\u012bba kuc\u0113niem 5 kg - MiuMjau\",\"isPartOf\":{\"@id\":\"https:\\\/\\\/miumjau.ee\\\/#website\"},\"primaryImageOfPage\":{\"@id\":\"https:\\\/\\\/miumjau.ee\\\/lv\\\/produkts\\\/platinum-puppy-chicken-auksti-preseta-bariba-kuceniem-5-kg\\\/#primaryimage\"},\"image\":{\"@id\":\"https:\\\/\\\/miumjau.ee\\\/lv\\\/produkts\\\/platinum-puppy-chicken-auksti-preseta-bariba-kuceniem-5-kg\\\/#primaryimage\"},\"thumbnailUrl\":\"https:\\\/\\\/miumjau.ee\\\/wp-content\\\/uploads\\\/2025\\\/06\\\/platinum-koeratoit-kulmpress1.jpg\",\"datePublished\":\"2025-06-28T13:13:23+00:00\",\"breadcrumb\":{\"@id\":\"https:\\\/\\\/miumjau.ee\\\/lv\\\/produkts\\\/platinum-puppy-chicken-auksti-preseta-bariba-kuceniem-5-kg\\\/#breadcrumb\"},\"inLanguage\":\"lv-LV\",\"potentialAction\":[{\"@type\":\"ReadAction\",\"target\":[\"https:\\\/\\\/miumjau.ee\\\/lv\\\/produkts\\\/platinum-puppy-chicken-auksti-preseta-bariba-kuceniem-5-kg\\\/\"]}]},{\"@type\":\"ImageObject\",\"inLanguage\":\"lv-LV\",\"@id\":\"https:\\\/\\\/miumjau.ee\\\/lv\\\/produkts\\\/platinum-puppy-chicken-auksti-preseta-bariba-kuceniem-5-kg\\\/#primaryimage\",\"url\":\"https:\\\/\\\/miumjau.ee\\\/wp-content\\\/uploads\\\/2025\\\/06\\\/platinum-koeratoit-kulmpress1.jpg\",\"contentUrl\":\"https:\\\/\\\/miumjau.ee\\\/wp-content\\\/uploads\\\/2025\\\/06\\\/platinum-koeratoit-kulmpress1.jpg\",\"width\":600,\"height\":800},{\"@type\":\"BreadcrumbList\",\"@id\":\"https:\\\/\\\/miumjau.ee\\\/lv\\\/produkts\\\/platinum-puppy-chicken-auksti-preseta-bariba-kuceniem-5-kg\\\/#breadcrumb\",\"itemListElement\":[{\"@type\":\"ListItem\",\"position\":1,\"name\":\"Home\",\"item\":\"https:\\\/\\\/miumjau.ee\\\/lv\\\/\"},{\"@type\":\"ListItem\",\"position\":2,\"name\":\"Veikals\",\"item\":\"https:\\\/\\\/miumjau.ee\\\/lv\\\/veikals\\\/\"},{\"@type\":\"ListItem\",\"position\":3,\"name\":\"Platinum Puppy Chicken, auksti pres\u0113ta bar\u012bba kuc\u0113niem 5 kg\"}]},{\"@type\":\"WebSite\",\"@id\":\"https:\\\/\\\/miumjau.ee\\\/#website\",\"url\":\"https:\\\/\\\/miumjau.ee\\\/\",\"name\":\"MiuMjau\",\"description\":\"Kraapimispuud kassidele\",\"publisher\":{\"@id\":\"https:\\\/\\\/miumjau.ee\\\/#organization\"},\"potentialAction\":[{\"@type\":\"SearchAction\",\"target\":{\"@type\":\"EntryPoint\",\"urlTemplate\":\"https:\\\/\\\/miumjau.ee\\\/?s={search_term_string}\"},\"query-input\":{\"@type\":\"PropertyValueSpecification\",\"valueRequired\":true,\"valueName\":\"search_term_string\"}}],\"inLanguage\":\"lv-LV\"},{\"@type\":\"Organization\",\"@id\":\"https:\\\/\\\/miumjau.ee\\\/#organization\",\"name\":\"MiuMjau O\u00dc\",\"url\":\"https:\\\/\\\/miumjau.ee\\\/\",\"logo\":{\"@type\":\"ImageObject\",\"inLanguage\":\"lv-LV\",\"@id\":\"https:\\\/\\\/miumjau.ee\\\/#\\\/schema\\\/logo\\\/image\\\/\",\"url\":\"https:\\\/\\\/miumjau.ee\\\/wp-content\\\/uploads\\\/2022\\\/04\\\/MiuMjau-logo-kollane.png\",\"contentUrl\":\"https:\\\/\\\/miumjau.ee\\\/wp-content\\\/uploads\\\/2022\\\/04\\\/MiuMjau-logo-kollane.png\",\"width\":219,\"height\":100,\"caption\":\"MiuMjau O\u00dc\"},\"image\":{\"@id\":\"https:\\\/\\\/miumjau.ee\\\/#\\\/schema\\\/logo\\\/image\\\/\"},\"sameAs\":[\"https:\\\/\\\/www.facebook.com\\\/miumjaupood\\\/\"]}]}<\/script>\n<!-- \/ Yoast SEO plugin. -->","yoast_head_json":{"title":"Platinum Puppy Chicken, auksti pres\u0113ta bar\u012bba kuc\u0113niem 5 kg - MiuMjau","robots":{"index":"index","follow":"follow","max-snippet":"max-snippet:-1","max-image-preview":"max-image-preview:large","max-video-preview":"max-video-preview:-1"},"canonical":"https:\/\/miumjau.ee\/lv\/produkts\/platinum-puppy-chicken-auksti-preseta-bariba-kuceniem-5-kg\/","og_locale":"lv_LV","og_type":"article","og_title":"Platinum Puppy Chicken, auksti pres\u0113ta bar\u012bba kuc\u0113niem 5 kg - MiuMjau","og_description":"PLATINUM saus\u0101 bar\u012bba kuc\u0113niem ar vistas ga\u013cu satur tikai augstas kvalit\u0101tes sast\u0101vda\u013cas, kuras izmanto ar\u012b cilv\u0113ku p\u0101rtik\u0101: Vismaz 73 % svaigas vistas ga\u013casR\u012bsi k\u0101 kvalitat\u012bvs og\u013chidr\u0101tu avotsAuksti pres\u0113tas e\u013c\u013cas optim\u0101lam tauku l\u012bdzsvaram Gar\u0161\u012bga, sul\u012bga un arom\u0101tiska bar\u012bba tavam vism\u012b\u013c\u0101kajam draugam. Pilnv\u0113rt\u012bga bar\u012bba, t\u0101p\u0113c vari b\u016bt dro\u0161s, ka tavs suns no \u0161\u012bs bar\u012bbas sa\u0146em visu nepiecie\u0161amo. Sast\u0101vs: Svaiga vistas ga\u013ca (73 %), sasmalcin\u0101ti r\u012bsi, dehidr\u0113ts vistas prote\u012bns, kalt\u0113tas zivis, hidroliz\u0113ts m\u0101jputnu prote\u012bns, kalt\u0113ta \u0101bolu masa, la\u0161a e\u013c\u013ca, kalt\u0113ts alus raugs, auksti pres\u0113ta lins\u0113klu e\u013c\u013ca, auksti pres\u0113ta ol\u012bve\u013c\u013ca, k\u0101lija hlor\u012bds. Anal\u012btiskais sast\u0101vs: Kopprote\u012bns 27,0 %, kop\u0113j\u0101s e\u013c\u013cas un tauki 16,0 %, kop\u0113jie pelni 7,9 %, kop\u0161\u0137iedra 2,0 %, kalcijs 1,5 %, fosfors 1,0 %, mitrums (dab\u012bgais saturs) 19,0 %. Piedevas:Vit\u0101m\u012bni: 3a672a\/vitam\u012bns A 10 000 SV, 3a671\/vitam\u012bns D3 1 600 SV, 3a700i\/vitam\u012bns E 150 mg.Mikroelementi: 3b108\/dzelzs 75 mg, 3b203\/jods 3 mg, 3b413\/var\u0161 19 mg, 3b506\/mang\u0101ns 40 mg, 3b607\/cinks 150 mg, 3b814\/sel\u0113ns 0,2 mg.","og_url":"https:\/\/miumjau.ee\/lv\/produkts\/platinum-puppy-chicken-auksti-preseta-bariba-kuceniem-5-kg\/","og_site_name":"MiuMjau","article_publisher":"https:\/\/www.facebook.com\/miumjaupood\/","og_image":[{"width":600,"height":800,"url":"https:\/\/miumjau.ee\/wp-content\/uploads\/2025\/06\/platinum-koeratoit-kulmpress1.jpg","type":"image\/jpeg"}],"twitter_card":"summary_large_image","schema":{"@context":"https:\/\/schema.org","@graph":[{"@type":"WebPage","@id":"https:\/\/miumjau.ee\/lv\/produkts\/platinum-puppy-chicken-auksti-preseta-bariba-kuceniem-5-kg\/","url":"https:\/\/miumjau.ee\/lv\/produkts\/platinum-puppy-chicken-auksti-preseta-bariba-kuceniem-5-kg\/","name":"Platinum Puppy Chicken, auksti pres\u0113ta bar\u012bba kuc\u0113niem 5 kg - MiuMjau","isPartOf":{"@id":"https:\/\/miumjau.ee\/#website"},"primaryImageOfPage":{"@id":"https:\/\/miumjau.ee\/lv\/produkts\/platinum-puppy-chicken-auksti-preseta-bariba-kuceniem-5-kg\/#primaryimage"},"image":{"@id":"https:\/\/miumjau.ee\/lv\/produkts\/platinum-puppy-chicken-auksti-preseta-bariba-kuceniem-5-kg\/#primaryimage"},"thumbnailUrl":"https:\/\/miumjau.ee\/wp-content\/uploads\/2025\/06\/platinum-koeratoit-kulmpress1.jpg","datePublished":"2025-06-28T13:13:23+00:00","breadcrumb":{"@id":"https:\/\/miumjau.ee\/lv\/produkts\/platinum-puppy-chicken-auksti-preseta-bariba-kuceniem-5-kg\/#breadcrumb"},"inLanguage":"lv-LV","potentialAction":[{"@type":"ReadAction","target":["https:\/\/miumjau.ee\/lv\/produkts\/platinum-puppy-chicken-auksti-preseta-bariba-kuceniem-5-kg\/"]}]},{"@type":"ImageObject","inLanguage":"lv-LV","@id":"https:\/\/miumjau.ee\/lv\/produkts\/platinum-puppy-chicken-auksti-preseta-bariba-kuceniem-5-kg\/#primaryimage","url":"https:\/\/miumjau.ee\/wp-content\/uploads\/2025\/06\/platinum-koeratoit-kulmpress1.jpg","contentUrl":"https:\/\/miumjau.ee\/wp-content\/uploads\/2025\/06\/platinum-koeratoit-kulmpress1.jpg","width":600,"height":800},{"@type":"BreadcrumbList","@id":"https:\/\/miumjau.ee\/lv\/produkts\/platinum-puppy-chicken-auksti-preseta-bariba-kuceniem-5-kg\/#breadcrumb","itemListElement":[{"@type":"ListItem","position":1,"name":"Home","item":"https:\/\/miumjau.ee\/lv\/"},{"@type":"ListItem","position":2,"name":"Veikals","item":"https:\/\/miumjau.ee\/lv\/veikals\/"},{"@type":"ListItem","position":3,"name":"Platinum Puppy Chicken, auksti pres\u0113ta bar\u012bba kuc\u0113niem 5 kg"}]},{"@type":"WebSite","@id":"https:\/\/miumjau.ee\/#website","url":"https:\/\/miumjau.ee\/","name":"MiuMjau","description":"Kraapimispuud kassidele","publisher":{"@id":"https:\/\/miumjau.ee\/#organization"},"potentialAction":[{"@type":"SearchAction","target":{"@type":"EntryPoint","urlTemplate":"https:\/\/miumjau.ee\/?s={search_term_string}"},"query-input":{"@type":"PropertyValueSpecification","valueRequired":true,"valueName":"search_term_string"}}],"inLanguage":"lv-LV"},{"@type":"Organization","@id":"https:\/\/miumjau.ee\/#organization","name":"MiuMjau O\u00dc","url":"https:\/\/miumjau.ee\/","logo":{"@type":"ImageObject","inLanguage":"lv-LV","@id":"https:\/\/miumjau.ee\/#\/schema\/logo\/image\/","url":"https:\/\/miumjau.ee\/wp-content\/uploads\/2022\/04\/MiuMjau-logo-kollane.png","contentUrl":"https:\/\/miumjau.ee\/wp-content\/uploads\/2022\/04\/MiuMjau-logo-kollane.png","width":219,"height":100,"caption":"MiuMjau O\u00dc"},"image":{"@id":"https:\/\/miumjau.ee\/#\/schema\/logo\/image\/"},"sameAs":["https:\/\/www.facebook.com\/miumjaupood\/"]}]}},"_links":{"self":[{"href":"https:\/\/miumjau.ee\/lv\/wp-json\/wp\/v2\/product\/54805","targetHints":{"allow":["GET"]}}],"collection":[{"href":"https:\/\/miumjau.ee\/lv\/wp-json\/wp\/v2\/product"}],"about":[{"href":"https:\/\/miumjau.ee\/lv\/wp-json\/wp\/v2\/types\/product"}],"wp:featuredmedia":[{"embeddable":true,"href":"https:\/\/miumjau.ee\/lv\/wp-json\/wp\/v2\/media\/54802"}],"wp:attachment":[{"href":"https:\/\/miumjau.ee\/lv\/wp-json\/wp\/v2\/media?parent=54805"}],"wp:term":[{"taxonomy":"product_brand","embeddable":true,"href":"https:\/\/miumjau.ee\/lv\/wp-json\/wp\/v2\/product_brand?post=54805"},{"taxonomy":"product_cat","embeddable":true,"href":"https:\/\/miumjau.ee\/lv\/wp-json\/wp\/v2\/product_cat?post=54805"},{"taxonomy":"product_tag","embeddable":true,"href":"https:\/\/miumjau.ee\/lv\/wp-json\/wp\/v2\/product_tag?post=54805"}],"curies":[{"name":"wp","href":"https:\/\/api.w.org\/{rel}","templated":true}]}}