{"id":54792,"date":"2025-06-29T14:32:23","date_gmt":"2025-06-29T11:32:23","guid":{"rendered":"https:\/\/miumjau.ee\/toode\/platinum-adult-iberico-auksti-preseta-sunu-bariba-ar-cukgalu-5-kg\/"},"modified":"2025-06-29T14:32:23","modified_gmt":"2025-06-29T11:32:23","slug":"platinum-adult-iberico-auksti-preseta-sunu-bariba-ar-cukgalu-5-kg","status":"publish","type":"product","link":"https:\/\/miumjau.ee\/lv\/produkts\/platinum-adult-iberico-auksti-preseta-sunu-bariba-ar-cukgalu-5-kg\/","title":{"rendered":"Platinum Adult Iberico, auksti pres\u0113ta su\u0146u bar\u012bba ar c\u016bkga\u013cu 5 kg"},"content":{"rendered":"","protected":false},"excerpt":{"rendered":"<p data-start=\"3847\" data-end=\"4211\">Pieaugu\u0161iem su\u0146iem paredz\u0113tais PLATINUM Adult Iberico, pateicoties t\u0101 dabiskajam, vesel\u012bgajam un viegli sagremojamajam sast\u0101vam, ir piem\u0113rots visiem su\u0146iem neatkar\u012bgi no vecuma vai \u0161\u0137irnes. Auksti pres\u0113ta bar\u012bba su\u0146iem instinkt\u012bvi pat\u012bk vair\u0101k nek\u0101 parast\u0101 saus\u0101 bar\u012bba. T\u0101 ir daudz sul\u012bg\u0101ka, arom\u0101tiska un patie\u0161\u0101m gar\u0161\u012bga. Ide\u0101li piem\u0113rota ar\u012b k\u0101 treni\u0146u na\u0161\u0137is.<\/p>\n<p data-start=\"4213\" data-end=\"4575\"><strong data-start=\"4213\" data-end=\"4225\">Sast\u0101vs:<\/strong> Svaiga c\u016bkga\u013ca (70 %, tikai Ib\u0113rijas c\u016bkas ga\u013ca), kartupe\u013ci*, zivis*, alus raugs*, \u0101bolu masa*, la\u0161a e\u013c\u013ca** (omega-3), jukas ekstrakts, lins\u0113klu e\u013c\u013ca** (omega-3), ol\u012bve\u013c\u013ca**, za\u013cmutes gliemenes ekstrakts, burk\u0101ni*, tom\u0101ti*, kli\u0146\u0123er\u012bte*, pienene*, broko\u013ci*, za\u013c\u0101 t\u0113ja*, kumel\u012bte*, oregano*, m\u0101rdad\u017ea s\u0113klas*, dz\u0113rve\u0146u s\u0113klas*, a\u013c\u0123es*, k\u0101lija hlor\u012bds.<\/p>\n<p data-start=\"4577\" data-end=\"4756\"><strong data-start=\"4577\" data-end=\"4602\">Anal\u012btiskais sast\u0101vs:<\/strong> Kopprote\u012bns 23,0 %, kop\u0113j\u0101s e\u013c\u013cas un tauki 14,0 %, kop\u0113jie pelni 7,8 %, kop\u0161\u0137iedra 2,0 %, kalcijs 1,6 %, fosfors 1,0 %, mitrums (dab\u012bgais saturs) 19,0 %.<\/p>\n<p data-start=\"4758\" data-end=\"5000\"><strong data-start=\"4758\" data-end=\"4771\">Piedevas:<\/strong><br data-start=\"4771\" data-end=\"4774\" \/>Vitam\u012bni: 3a672a\/vitam\u012bns A 10 000 SV, 3a671\/vitam\u012bns D3 1 600 SV, 3a700i\/vitam\u012bns E 150 mg.<br data-start=\"4866\" data-end=\"4869\" \/>Mikroelementi: 3b108\/dzelzs 75 mg, 3b203\/jods 3 mg, 3b413\/var\u0161 19 mg, 3b506\/mang\u0101ns 40 mg, 3b607\/cinks 150 mg, 3b814\/sel\u0113ns 0,2 mg.<\/p>\n<p data-start=\"5002\" data-end=\"5024\"><strong data-start=\"5002\" data-end=\"5024\">100 g = 354,8 kcal<\/strong><\/p>\n<p data-start=\"5026\" data-end=\"5209\"><strong data-start=\"5026\" data-end=\"5050\">Baro\u0161anas ieteikums:<\/strong> PLATINUM Adult Iberico ir piem\u0113rots visiem pieaugu\u0161iem su\u0146iem; kuc\u0113niem to var pied\u0101v\u0101t no 5 m\u0113ne\u0161u vecuma. PLATINUM saus\u0101 bar\u012bba ir gatava lieto\u0161anai uzreiz.<\/p>\n<p data-start=\"5211\" data-end=\"5556\">Su\u0146a svars (kg) | Dienas bar\u012bbas daudzums (g)<br data-start=\"5256\" data-end=\"5259\" \/>1,0 \u2013 3,0 | 35 \u2013 60<br data-start=\"5278\" data-end=\"5281\" \/>3,0 \u2013 5,0 | 60 \u2013 90<br data-start=\"5300\" data-end=\"5303\" \/>5,0 \u2013 7,5 | 90 \u2013 120<br data-start=\"5323\" data-end=\"5326\" \/>7,5 \u2013 10,0 | 120 \u2013 160<br data-start=\"5348\" data-end=\"5351\" \/>10,0 \u2013 12,5 | 160 \u2013 175<br data-start=\"5374\" data-end=\"5377\" \/>12,5 \u2013 15,0 | 175 \u2013 200<br data-start=\"5400\" data-end=\"5403\" \/>15,0 \u2013 20,0 | 200 \u2013 260<br data-start=\"5426\" data-end=\"5429\" \/>20,0 \u2013 25,0 | 260 \u2013 315<br data-start=\"5452\" data-end=\"5455\" \/>25,0 \u2013 30,0 | 315 \u2013 340<br data-start=\"5478\" data-end=\"5481\" \/>30,0 \u2013 40,0 | 340 \u2013 445<br data-start=\"5504\" data-end=\"5507\" \/>40,0 \u2013 60,0 | 445 \u2013 630<br data-start=\"5530\" data-end=\"5533\" \/>60,0 \u2013 80,0 | 630 \u2013 790<\/p>\n","protected":false},"featured_media":54791,"template":"","meta":[],"product_brand":[],"product_cat":[575],"product_tag":[],"class_list":{"0":"post-54792","1":"product","2":"type-product","3":"status-publish","4":"has-post-thumbnail","6":"product_cat-sausa-bariba-suniem","8":"first","9":"instock","10":"sale","11":"taxable","12":"shipping-taxable","13":"purchasable","14":"product-type-simple"},"yoast_head":"<!-- This site is optimized with the Yoast SEO plugin v27.4 - https:\/\/yoast.com\/product\/yoast-seo-wordpress\/ -->\n<title>Platinum Adult Iberico, auksti pres\u0113ta su\u0146u bar\u012bba ar c\u016bkga\u013cu 5 kg - MiuMjau<\/title>\n<meta name=\"robots\" content=\"index, follow, max-snippet:-1, max-image-preview:large, max-video-preview:-1\" \/>\n<link rel=\"canonical\" href=\"https:\/\/miumjau.ee\/lv\/produkts\/platinum-adult-iberico-auksti-preseta-sunu-bariba-ar-cukgalu-5-kg\/\" \/>\n<meta property=\"og:locale\" content=\"lv_LV\" \/>\n<meta property=\"og:type\" content=\"article\" \/>\n<meta property=\"og:title\" content=\"Platinum Adult Iberico, auksti pres\u0113ta su\u0146u bar\u012bba ar c\u016bkga\u013cu 5 kg - MiuMjau\" \/>\n<meta property=\"og:description\" content=\"Pieaugu\u0161iem su\u0146iem paredz\u0113tais PLATINUM Adult Iberico, pateicoties t\u0101 dabiskajam, vesel\u012bgajam un viegli sagremojamajam sast\u0101vam, ir piem\u0113rots visiem su\u0146iem neatkar\u012bgi no vecuma vai \u0161\u0137irnes. Auksti pres\u0113ta bar\u012bba su\u0146iem instinkt\u012bvi pat\u012bk vair\u0101k nek\u0101 parast\u0101 saus\u0101 bar\u012bba. T\u0101 ir daudz sul\u012bg\u0101ka, arom\u0101tiska un patie\u0161\u0101m gar\u0161\u012bga. Ide\u0101li piem\u0113rota ar\u012b k\u0101 treni\u0146u na\u0161\u0137is. Sast\u0101vs: Svaiga c\u016bkga\u013ca (70 %, tikai Ib\u0113rijas c\u016bkas ga\u013ca), kartupe\u013ci*, zivis*, alus raugs*, \u0101bolu masa*, la\u0161a e\u013c\u013ca** (omega-3), jukas ekstrakts, lins\u0113klu e\u013c\u013ca** (omega-3), ol\u012bve\u013c\u013ca**, za\u013cmutes gliemenes ekstrakts, burk\u0101ni*, tom\u0101ti*, kli\u0146\u0123er\u012bte*, pienene*, broko\u013ci*, za\u013c\u0101 t\u0113ja*, kumel\u012bte*, oregano*, m\u0101rdad\u017ea s\u0113klas*, dz\u0113rve\u0146u s\u0113klas*, a\u013c\u0123es*, k\u0101lija hlor\u012bds. Anal\u012btiskais sast\u0101vs: Kopprote\u012bns 23,0 %, kop\u0113j\u0101s e\u013c\u013cas un tauki 14,0 %, kop\u0113jie pelni 7,8 %, kop\u0161\u0137iedra 2,0 %, kalcijs 1,6 %, fosfors 1,0 %, mitrums (dab\u012bgais saturs) 19,0 %. Piedevas:Vitam\u012bni: 3a672a\/vitam\u012bns A 10 000 SV, 3a671\/vitam\u012bns D3 1 600 SV, 3a700i\/vitam\u012bns E 150 mg.Mikroelementi: 3b108\/dzelzs 75 mg, 3b203\/jods 3 mg, 3b413\/var\u0161 19 mg, 3b506\/mang\u0101ns 40 mg, 3b607\/cinks 150 mg, 3b814\/sel\u0113ns 0,2 mg. 100 g = 354,8 kcal Baro\u0161anas ieteikums: PLATINUM Adult Iberico ir piem\u0113rots visiem pieaugu\u0161iem su\u0146iem; kuc\u0113niem to var pied\u0101v\u0101t no 5 m\u0113ne\u0161u vecuma. PLATINUM saus\u0101 bar\u012bba ir gatava lieto\u0161anai uzreiz. Su\u0146a svars (kg) | Dienas bar\u012bbas daudzums (g)1,0 \u2013 3,0 | 35 \u2013 603,0 \u2013 5,0 | 60 \u2013 905,0 \u2013 7,5 | 90 \u2013 1207,5 \u2013 10,0 | 120 \u2013 16010,0 \u2013 12,5 | 160 \u2013 17512,5 \u2013 15,0 | 175 \u2013 20015,0 \u2013 20,0 | 200 \u2013 26020,0 \u2013 25,0 | 260 \u2013 31525,0 \u2013 30,0 | 315 \u2013 34030,0 \u2013 40,0 | 340 \u2013 44540,0 \u2013 60,0 | 445 \u2013 63060,0 \u2013 80,0 | 630 \u2013 790\" \/>\n<meta property=\"og:url\" content=\"https:\/\/miumjau.ee\/lv\/produkts\/platinum-adult-iberico-auksti-preseta-sunu-bariba-ar-cukgalu-5-kg\/\" \/>\n<meta property=\"og:site_name\" content=\"MiuMjau\" \/>\n<meta property=\"article:publisher\" content=\"https:\/\/www.facebook.com\/miumjaupood\/\" \/>\n<meta property=\"og:image\" content=\"https:\/\/miumjau.ee\/wp-content\/uploads\/2025\/06\/platinum-koeratoit-kulmpress3.jpg\" \/>\n\t<meta property=\"og:image:width\" content=\"600\" \/>\n\t<meta property=\"og:image:height\" content=\"800\" \/>\n\t<meta property=\"og:image:type\" content=\"image\/jpeg\" \/>\n<meta name=\"twitter:card\" content=\"summary_large_image\" \/>\n<script type=\"application\/ld+json\" class=\"yoast-schema-graph\">{\"@context\":\"https:\\\/\\\/schema.org\",\"@graph\":[{\"@type\":\"WebPage\",\"@id\":\"https:\\\/\\\/miumjau.ee\\\/lv\\\/produkts\\\/platinum-adult-iberico-auksti-preseta-sunu-bariba-ar-cukgalu-5-kg\\\/\",\"url\":\"https:\\\/\\\/miumjau.ee\\\/lv\\\/produkts\\\/platinum-adult-iberico-auksti-preseta-sunu-bariba-ar-cukgalu-5-kg\\\/\",\"name\":\"Platinum Adult Iberico, auksti pres\u0113ta su\u0146u bar\u012bba ar c\u016bkga\u013cu 5 kg - MiuMjau\",\"isPartOf\":{\"@id\":\"https:\\\/\\\/miumjau.ee\\\/#website\"},\"primaryImageOfPage\":{\"@id\":\"https:\\\/\\\/miumjau.ee\\\/lv\\\/produkts\\\/platinum-adult-iberico-auksti-preseta-sunu-bariba-ar-cukgalu-5-kg\\\/#primaryimage\"},\"image\":{\"@id\":\"https:\\\/\\\/miumjau.ee\\\/lv\\\/produkts\\\/platinum-adult-iberico-auksti-preseta-sunu-bariba-ar-cukgalu-5-kg\\\/#primaryimage\"},\"thumbnailUrl\":\"https:\\\/\\\/miumjau.ee\\\/wp-content\\\/uploads\\\/2025\\\/06\\\/platinum-koeratoit-kulmpress3.jpg\",\"datePublished\":\"2025-06-29T11:32:23+00:00\",\"breadcrumb\":{\"@id\":\"https:\\\/\\\/miumjau.ee\\\/lv\\\/produkts\\\/platinum-adult-iberico-auksti-preseta-sunu-bariba-ar-cukgalu-5-kg\\\/#breadcrumb\"},\"inLanguage\":\"lv-LV\",\"potentialAction\":[{\"@type\":\"ReadAction\",\"target\":[\"https:\\\/\\\/miumjau.ee\\\/lv\\\/produkts\\\/platinum-adult-iberico-auksti-preseta-sunu-bariba-ar-cukgalu-5-kg\\\/\"]}]},{\"@type\":\"ImageObject\",\"inLanguage\":\"lv-LV\",\"@id\":\"https:\\\/\\\/miumjau.ee\\\/lv\\\/produkts\\\/platinum-adult-iberico-auksti-preseta-sunu-bariba-ar-cukgalu-5-kg\\\/#primaryimage\",\"url\":\"https:\\\/\\\/miumjau.ee\\\/wp-content\\\/uploads\\\/2025\\\/06\\\/platinum-koeratoit-kulmpress3.jpg\",\"contentUrl\":\"https:\\\/\\\/miumjau.ee\\\/wp-content\\\/uploads\\\/2025\\\/06\\\/platinum-koeratoit-kulmpress3.jpg\",\"width\":600,\"height\":800},{\"@type\":\"BreadcrumbList\",\"@id\":\"https:\\\/\\\/miumjau.ee\\\/lv\\\/produkts\\\/platinum-adult-iberico-auksti-preseta-sunu-bariba-ar-cukgalu-5-kg\\\/#breadcrumb\",\"itemListElement\":[{\"@type\":\"ListItem\",\"position\":1,\"name\":\"Home\",\"item\":\"https:\\\/\\\/miumjau.ee\\\/lv\\\/\"},{\"@type\":\"ListItem\",\"position\":2,\"name\":\"Veikals\",\"item\":\"https:\\\/\\\/miumjau.ee\\\/lv\\\/veikals\\\/\"},{\"@type\":\"ListItem\",\"position\":3,\"name\":\"Platinum Adult Iberico, auksti pres\u0113ta su\u0146u bar\u012bba ar c\u016bkga\u013cu 5 kg\"}]},{\"@type\":\"WebSite\",\"@id\":\"https:\\\/\\\/miumjau.ee\\\/#website\",\"url\":\"https:\\\/\\\/miumjau.ee\\\/\",\"name\":\"MiuMjau\",\"description\":\"Kraapimispuud kassidele\",\"publisher\":{\"@id\":\"https:\\\/\\\/miumjau.ee\\\/#organization\"},\"potentialAction\":[{\"@type\":\"SearchAction\",\"target\":{\"@type\":\"EntryPoint\",\"urlTemplate\":\"https:\\\/\\\/miumjau.ee\\\/?s={search_term_string}\"},\"query-input\":{\"@type\":\"PropertyValueSpecification\",\"valueRequired\":true,\"valueName\":\"search_term_string\"}}],\"inLanguage\":\"lv-LV\"},{\"@type\":\"Organization\",\"@id\":\"https:\\\/\\\/miumjau.ee\\\/#organization\",\"name\":\"MiuMjau O\u00dc\",\"url\":\"https:\\\/\\\/miumjau.ee\\\/\",\"logo\":{\"@type\":\"ImageObject\",\"inLanguage\":\"lv-LV\",\"@id\":\"https:\\\/\\\/miumjau.ee\\\/#\\\/schema\\\/logo\\\/image\\\/\",\"url\":\"https:\\\/\\\/miumjau.ee\\\/wp-content\\\/uploads\\\/2022\\\/04\\\/MiuMjau-logo-kollane.png\",\"contentUrl\":\"https:\\\/\\\/miumjau.ee\\\/wp-content\\\/uploads\\\/2022\\\/04\\\/MiuMjau-logo-kollane.png\",\"width\":219,\"height\":100,\"caption\":\"MiuMjau O\u00dc\"},\"image\":{\"@id\":\"https:\\\/\\\/miumjau.ee\\\/#\\\/schema\\\/logo\\\/image\\\/\"},\"sameAs\":[\"https:\\\/\\\/www.facebook.com\\\/miumjaupood\\\/\"]}]}<\/script>\n<!-- \/ Yoast SEO plugin. -->","yoast_head_json":{"title":"Platinum Adult Iberico, auksti pres\u0113ta su\u0146u bar\u012bba ar c\u016bkga\u013cu 5 kg - MiuMjau","robots":{"index":"index","follow":"follow","max-snippet":"max-snippet:-1","max-image-preview":"max-image-preview:large","max-video-preview":"max-video-preview:-1"},"canonical":"https:\/\/miumjau.ee\/lv\/produkts\/platinum-adult-iberico-auksti-preseta-sunu-bariba-ar-cukgalu-5-kg\/","og_locale":"lv_LV","og_type":"article","og_title":"Platinum Adult Iberico, auksti pres\u0113ta su\u0146u bar\u012bba ar c\u016bkga\u013cu 5 kg - MiuMjau","og_description":"Pieaugu\u0161iem su\u0146iem paredz\u0113tais PLATINUM Adult Iberico, pateicoties t\u0101 dabiskajam, vesel\u012bgajam un viegli sagremojamajam sast\u0101vam, ir piem\u0113rots visiem su\u0146iem neatkar\u012bgi no vecuma vai \u0161\u0137irnes. Auksti pres\u0113ta bar\u012bba su\u0146iem instinkt\u012bvi pat\u012bk vair\u0101k nek\u0101 parast\u0101 saus\u0101 bar\u012bba. T\u0101 ir daudz sul\u012bg\u0101ka, arom\u0101tiska un patie\u0161\u0101m gar\u0161\u012bga. Ide\u0101li piem\u0113rota ar\u012b k\u0101 treni\u0146u na\u0161\u0137is. Sast\u0101vs: Svaiga c\u016bkga\u013ca (70 %, tikai Ib\u0113rijas c\u016bkas ga\u013ca), kartupe\u013ci*, zivis*, alus raugs*, \u0101bolu masa*, la\u0161a e\u013c\u013ca** (omega-3), jukas ekstrakts, lins\u0113klu e\u013c\u013ca** (omega-3), ol\u012bve\u013c\u013ca**, za\u013cmutes gliemenes ekstrakts, burk\u0101ni*, tom\u0101ti*, kli\u0146\u0123er\u012bte*, pienene*, broko\u013ci*, za\u013c\u0101 t\u0113ja*, kumel\u012bte*, oregano*, m\u0101rdad\u017ea s\u0113klas*, dz\u0113rve\u0146u s\u0113klas*, a\u013c\u0123es*, k\u0101lija hlor\u012bds. Anal\u012btiskais sast\u0101vs: Kopprote\u012bns 23,0 %, kop\u0113j\u0101s e\u013c\u013cas un tauki 14,0 %, kop\u0113jie pelni 7,8 %, kop\u0161\u0137iedra 2,0 %, kalcijs 1,6 %, fosfors 1,0 %, mitrums (dab\u012bgais saturs) 19,0 %. Piedevas:Vitam\u012bni: 3a672a\/vitam\u012bns A 10 000 SV, 3a671\/vitam\u012bns D3 1 600 SV, 3a700i\/vitam\u012bns E 150 mg.Mikroelementi: 3b108\/dzelzs 75 mg, 3b203\/jods 3 mg, 3b413\/var\u0161 19 mg, 3b506\/mang\u0101ns 40 mg, 3b607\/cinks 150 mg, 3b814\/sel\u0113ns 0,2 mg. 100 g = 354,8 kcal Baro\u0161anas ieteikums: PLATINUM Adult Iberico ir piem\u0113rots visiem pieaugu\u0161iem su\u0146iem; kuc\u0113niem to var pied\u0101v\u0101t no 5 m\u0113ne\u0161u vecuma. PLATINUM saus\u0101 bar\u012bba ir gatava lieto\u0161anai uzreiz. Su\u0146a svars (kg) | Dienas bar\u012bbas daudzums (g)1,0 \u2013 3,0 | 35 \u2013 603,0 \u2013 5,0 | 60 \u2013 905,0 \u2013 7,5 | 90 \u2013 1207,5 \u2013 10,0 | 120 \u2013 16010,0 \u2013 12,5 | 160 \u2013 17512,5 \u2013 15,0 | 175 \u2013 20015,0 \u2013 20,0 | 200 \u2013 26020,0 \u2013 25,0 | 260 \u2013 31525,0 \u2013 30,0 | 315 \u2013 34030,0 \u2013 40,0 | 340 \u2013 44540,0 \u2013 60,0 | 445 \u2013 63060,0 \u2013 80,0 | 630 \u2013 790","og_url":"https:\/\/miumjau.ee\/lv\/produkts\/platinum-adult-iberico-auksti-preseta-sunu-bariba-ar-cukgalu-5-kg\/","og_site_name":"MiuMjau","article_publisher":"https:\/\/www.facebook.com\/miumjaupood\/","og_image":[{"width":600,"height":800,"url":"https:\/\/miumjau.ee\/wp-content\/uploads\/2025\/06\/platinum-koeratoit-kulmpress3.jpg","type":"image\/jpeg"}],"twitter_card":"summary_large_image","schema":{"@context":"https:\/\/schema.org","@graph":[{"@type":"WebPage","@id":"https:\/\/miumjau.ee\/lv\/produkts\/platinum-adult-iberico-auksti-preseta-sunu-bariba-ar-cukgalu-5-kg\/","url":"https:\/\/miumjau.ee\/lv\/produkts\/platinum-adult-iberico-auksti-preseta-sunu-bariba-ar-cukgalu-5-kg\/","name":"Platinum Adult Iberico, auksti pres\u0113ta su\u0146u bar\u012bba ar c\u016bkga\u013cu 5 kg - MiuMjau","isPartOf":{"@id":"https:\/\/miumjau.ee\/#website"},"primaryImageOfPage":{"@id":"https:\/\/miumjau.ee\/lv\/produkts\/platinum-adult-iberico-auksti-preseta-sunu-bariba-ar-cukgalu-5-kg\/#primaryimage"},"image":{"@id":"https:\/\/miumjau.ee\/lv\/produkts\/platinum-adult-iberico-auksti-preseta-sunu-bariba-ar-cukgalu-5-kg\/#primaryimage"},"thumbnailUrl":"https:\/\/miumjau.ee\/wp-content\/uploads\/2025\/06\/platinum-koeratoit-kulmpress3.jpg","datePublished":"2025-06-29T11:32:23+00:00","breadcrumb":{"@id":"https:\/\/miumjau.ee\/lv\/produkts\/platinum-adult-iberico-auksti-preseta-sunu-bariba-ar-cukgalu-5-kg\/#breadcrumb"},"inLanguage":"lv-LV","potentialAction":[{"@type":"ReadAction","target":["https:\/\/miumjau.ee\/lv\/produkts\/platinum-adult-iberico-auksti-preseta-sunu-bariba-ar-cukgalu-5-kg\/"]}]},{"@type":"ImageObject","inLanguage":"lv-LV","@id":"https:\/\/miumjau.ee\/lv\/produkts\/platinum-adult-iberico-auksti-preseta-sunu-bariba-ar-cukgalu-5-kg\/#primaryimage","url":"https:\/\/miumjau.ee\/wp-content\/uploads\/2025\/06\/platinum-koeratoit-kulmpress3.jpg","contentUrl":"https:\/\/miumjau.ee\/wp-content\/uploads\/2025\/06\/platinum-koeratoit-kulmpress3.jpg","width":600,"height":800},{"@type":"BreadcrumbList","@id":"https:\/\/miumjau.ee\/lv\/produkts\/platinum-adult-iberico-auksti-preseta-sunu-bariba-ar-cukgalu-5-kg\/#breadcrumb","itemListElement":[{"@type":"ListItem","position":1,"name":"Home","item":"https:\/\/miumjau.ee\/lv\/"},{"@type":"ListItem","position":2,"name":"Veikals","item":"https:\/\/miumjau.ee\/lv\/veikals\/"},{"@type":"ListItem","position":3,"name":"Platinum Adult Iberico, auksti pres\u0113ta su\u0146u bar\u012bba ar c\u016bkga\u013cu 5 kg"}]},{"@type":"WebSite","@id":"https:\/\/miumjau.ee\/#website","url":"https:\/\/miumjau.ee\/","name":"MiuMjau","description":"Kraapimispuud kassidele","publisher":{"@id":"https:\/\/miumjau.ee\/#organization"},"potentialAction":[{"@type":"SearchAction","target":{"@type":"EntryPoint","urlTemplate":"https:\/\/miumjau.ee\/?s={search_term_string}"},"query-input":{"@type":"PropertyValueSpecification","valueRequired":true,"valueName":"search_term_string"}}],"inLanguage":"lv-LV"},{"@type":"Organization","@id":"https:\/\/miumjau.ee\/#organization","name":"MiuMjau O\u00dc","url":"https:\/\/miumjau.ee\/","logo":{"@type":"ImageObject","inLanguage":"lv-LV","@id":"https:\/\/miumjau.ee\/#\/schema\/logo\/image\/","url":"https:\/\/miumjau.ee\/wp-content\/uploads\/2022\/04\/MiuMjau-logo-kollane.png","contentUrl":"https:\/\/miumjau.ee\/wp-content\/uploads\/2022\/04\/MiuMjau-logo-kollane.png","width":219,"height":100,"caption":"MiuMjau O\u00dc"},"image":{"@id":"https:\/\/miumjau.ee\/#\/schema\/logo\/image\/"},"sameAs":["https:\/\/www.facebook.com\/miumjaupood\/"]}]}},"_links":{"self":[{"href":"https:\/\/miumjau.ee\/lv\/wp-json\/wp\/v2\/product\/54792","targetHints":{"allow":["GET"]}}],"collection":[{"href":"https:\/\/miumjau.ee\/lv\/wp-json\/wp\/v2\/product"}],"about":[{"href":"https:\/\/miumjau.ee\/lv\/wp-json\/wp\/v2\/types\/product"}],"wp:featuredmedia":[{"embeddable":true,"href":"https:\/\/miumjau.ee\/lv\/wp-json\/wp\/v2\/media\/54791"}],"wp:attachment":[{"href":"https:\/\/miumjau.ee\/lv\/wp-json\/wp\/v2\/media?parent=54792"}],"wp:term":[{"taxonomy":"product_brand","embeddable":true,"href":"https:\/\/miumjau.ee\/lv\/wp-json\/wp\/v2\/product_brand?post=54792"},{"taxonomy":"product_cat","embeddable":true,"href":"https:\/\/miumjau.ee\/lv\/wp-json\/wp\/v2\/product_cat?post=54792"},{"taxonomy":"product_tag","embeddable":true,"href":"https:\/\/miumjau.ee\/lv\/wp-json\/wp\/v2\/product_tag?post=54792"}],"curies":[{"name":"wp","href":"https:\/\/api.w.org\/{rel}","templated":true}]}}