{"id":54576,"date":"2026-03-10T10:19:27","date_gmt":"2026-03-10T08:19:27","guid":{"rendered":"https:\/\/miumjau.ee\/?post_type=product&#038;p=54576"},"modified":"2026-03-10T10:35:40","modified_gmt":"2026-03-10T08:35:40","slug":"ibero-natural-grainfree-all-breed-adult-ar-brieza-galu-12-kg-kopeeri","status":"publish","type":"product","link":"https:\/\/miumjau.ee\/lv\/produkts\/ibero-natural-grainfree-all-breed-adult-ar-brieza-galu-12-kg-kopeeri\/","title":{"rendered":"Ibero Natural Grainfree, All Breed Adult ar brie\u017ea ga\u013cu 2kg"},"content":{"rendered":"","protected":false},"excerpt":{"rendered":"<p data-start=\"99\" data-end=\"333\">Pilnv\u0113rt\u012bga bar\u012bba pieaugu\u0161iem visu \u0161\u0137ir\u0146u un izm\u0113ru su\u0146iem, kas izce\u013cas ar bezgraudu sast\u0101vu. \u0160is bar\u012bbas veids ir ide\u0101la izv\u0113le su\u0146iem ar jut\u012bgu gremo\u0161anas sist\u0113mu vai graudaugu aler\u0123iju, jo nodro\u0161ina viegli sagremojamu alternat\u012bvu.<\/p>\n<p data-start=\"335\" data-end=\"697\">Galven\u0101 sast\u0101vda\u013ca ir kalt\u0113ta brie\u017ea (med\u012bjuma) ga\u013ca, kas nodro\u0161ina augstas kvalit\u0101tes olbaltumvielas, atbalstot musku\u013cu masas att\u012bst\u012bbu un visp\u0101r\u0113jo vitalit\u0101ti. Bat\u0101tes un kalt\u0113ti kartupe\u013ci nodro\u0161ina su\u0146us ar nepiecie\u0161amo ener\u0123iju, pateicoties viegli uzs\u016bcamiem og\u013chidr\u0101tiem, savuk\u0101rt liellopu tauki pie\u0161\u0137ir bar\u012bbai lielisku gar\u0161u un palielina t\u0101s uzturv\u0113rt\u012bbu.<\/p>\n<p data-start=\"699\" data-end=\"1049\">Gremo\u0161anas trakta vesel\u012bbas atbalstam un apmatojuma kvalit\u0101tes uzlabo\u0161anai bar\u012bba satur \u0137irbi, burk\u0101nus un lins\u0113klas, kas ir \u0161\u0137iedrvielu un omega-3 tauksk\u0101bju avoti. Papildu sast\u0101vda\u013cas, piem\u0113ram, cigori\u0146u ekstrakts, beta-glik\u0101ni, glikozam\u012bns un hondroit\u012bna sulf\u0101ts, veicina loc\u012btavu vesel\u012bbu, stiprina im\u016bnsist\u0113mu un uzlabo su\u0146a visp\u0101r\u0113jo labsaj\u016btu.<\/p>\n<p data-start=\"1051\" data-end=\"1253\">Sabalans\u0113ts vitam\u012bnu (A, D3, E, B grupas) un miner\u0101lvielu (cinks, dzelzs, sel\u0113ns) saturs pal\u012bdz nodro\u0161in\u0101t ilgtermi\u0146a vesel\u012bbu un dz\u012bvotsp\u0113ju, sniedzot sunim ener\u0123iju un labu pa\u0161saj\u016btu visa m\u016b\u017ea garum\u0101.<\/p>\n<p data-start=\"1255\" data-end=\"1297\"><strong data-start=\"1255\" data-end=\"1283\">Metaboliz\u0113jam\u0101 ener\u0123ija:<\/strong> 3 790 kcal\/kg<\/p>\n<p data-start=\"1299\" data-end=\"1546\"><strong data-start=\"1299\" data-end=\"1311\">Sast\u0101vs:<\/strong> kalt\u0113ta brie\u017ea ga\u013ca 35%, bat\u0101tes, kalt\u0113ti kartupe\u013ci, liellopu tauki 15%, kalt\u0113ts \u0137irbis 2%, kalt\u0113ti burk\u0101ni 1,2%, lins\u0113klas, cigori\u0146u ekstrakts, juka, beta-glik\u0101ni, glikozam\u012bns, hondroit\u012bna sulf\u0101ts, vitam\u012bnu un miner\u0101lvielu mais\u012bjums.<\/p>\n<p data-start=\"1548\" data-end=\"1707\"><strong data-start=\"1548\" data-end=\"1576\">Anal\u012btisk\u0101s sast\u0101vda\u013cas:<\/strong> kopprote\u012bns 25,00%, koptauki 14,00%, kop\u0161\u0137iedra 3,20%, koppele 7,9%, kalcijs 1,1%, fosfors 0,85%, n\u0101trijs 0,15%, mitrums max. 10%.<\/p>\n<p data-start=\"1709\" data-end=\"2127\"><strong data-start=\"1709\" data-end=\"1730\">Piedevas (mg\/kg):<\/strong><br data-start=\"1730\" data-end=\"1733\" \/>A vitam\u012bns 16 300 SV, D3 vitam\u012bns 1 620 SV, E vitam\u012bns 160 mg, B1 vitam\u012bns 4,8 mg, B2 vitam\u012bns 8 mg, B6 vitam\u012bns 6,4 mg, B12 vitam\u012bns 0,07 mg, niac\u012bns 40 mg, pantot\u0113nsk\u0101be 16 mg, folijsk\u0101be 0,64 mg, biot\u012bns 0,4 mg, C vitam\u012bns 160 mg, jods 4 mg, sel\u0113ns 0,35 mg, dzelzs 96 mg, var\u0161 12 mg, cinks 120 mg, mang\u0101ns 12 mg, hol\u012bna hlor\u012bds 1 728 mg, glikozam\u012bns 400 mg\/kg, hondroit\u012bna sulf\u0101ts 350 mg\/kg.<\/p>\n<p data-start=\"2129\" data-end=\"2191\"><strong data-start=\"2129\" data-end=\"2147\">Antioksidanti:<\/strong> augu e\u013c\u013cu ekstrakti, bag\u0101ti ar tokoferoliem<\/p>\n<p data-start=\"2193\" data-end=\"2231\" data-is-last-node=\"\" data-is-only-node=\"\"><strong data-start=\"2193\" data-end=\"2217\">Ener\u0123\u0113tisk\u0101 v\u0113rt\u012bba:<\/strong> 3 790 kcal\/kg<\/p>\n","protected":false},"featured_media":54587,"template":"","meta":[],"product_brand":[],"product_cat":[573,575],"product_tag":[],"class_list":{"0":"post-54576","1":"product","2":"type-product","3":"status-publish","4":"has-post-thumbnail","6":"product_cat-kaup24-lv","7":"product_cat-sausa-bariba-suniem","9":"first","10":"instock","11":"sale","12":"taxable","13":"shipping-taxable","14":"purchasable","15":"product-type-simple"},"yoast_head":"<!-- This site is optimized with the Yoast SEO plugin v27.4 - https:\/\/yoast.com\/product\/yoast-seo-wordpress\/ -->\n<title>Ibero Natural Grainfree, All Breed Adult ar brie\u017ea ga\u013cu 2kg - MiuMjau<\/title>\n<meta name=\"robots\" content=\"index, follow, max-snippet:-1, max-image-preview:large, max-video-preview:-1\" \/>\n<link rel=\"canonical\" href=\"https:\/\/miumjau.ee\/lv\/produkts\/ibero-natural-grainfree-all-breed-adult-ar-brieza-galu-12-kg-kopeeri\/\" \/>\n<meta property=\"og:locale\" content=\"lv_LV\" \/>\n<meta property=\"og:type\" content=\"article\" \/>\n<meta property=\"og:title\" content=\"Ibero Natural Grainfree, All Breed Adult ar brie\u017ea ga\u013cu 2kg - MiuMjau\" \/>\n<meta property=\"og:description\" content=\"Pilnv\u0113rt\u012bga bar\u012bba pieaugu\u0161iem visu \u0161\u0137ir\u0146u un izm\u0113ru su\u0146iem, kas izce\u013cas ar bezgraudu sast\u0101vu. \u0160is bar\u012bbas veids ir ide\u0101la izv\u0113le su\u0146iem ar jut\u012bgu gremo\u0161anas sist\u0113mu vai graudaugu aler\u0123iju, jo nodro\u0161ina viegli sagremojamu alternat\u012bvu. Galven\u0101 sast\u0101vda\u013ca ir kalt\u0113ta brie\u017ea (med\u012bjuma) ga\u013ca, kas nodro\u0161ina augstas kvalit\u0101tes olbaltumvielas, atbalstot musku\u013cu masas att\u012bst\u012bbu un visp\u0101r\u0113jo vitalit\u0101ti. Bat\u0101tes un kalt\u0113ti kartupe\u013ci nodro\u0161ina su\u0146us ar nepiecie\u0161amo ener\u0123iju, pateicoties viegli uzs\u016bcamiem og\u013chidr\u0101tiem, savuk\u0101rt liellopu tauki pie\u0161\u0137ir bar\u012bbai lielisku gar\u0161u un palielina t\u0101s uzturv\u0113rt\u012bbu. Gremo\u0161anas trakta vesel\u012bbas atbalstam un apmatojuma kvalit\u0101tes uzlabo\u0161anai bar\u012bba satur \u0137irbi, burk\u0101nus un lins\u0113klas, kas ir \u0161\u0137iedrvielu un omega-3 tauksk\u0101bju avoti. Papildu sast\u0101vda\u013cas, piem\u0113ram, cigori\u0146u ekstrakts, beta-glik\u0101ni, glikozam\u012bns un hondroit\u012bna sulf\u0101ts, veicina loc\u012btavu vesel\u012bbu, stiprina im\u016bnsist\u0113mu un uzlabo su\u0146a visp\u0101r\u0113jo labsaj\u016btu. Sabalans\u0113ts vitam\u012bnu (A, D3, E, B grupas) un miner\u0101lvielu (cinks, dzelzs, sel\u0113ns) saturs pal\u012bdz nodro\u0161in\u0101t ilgtermi\u0146a vesel\u012bbu un dz\u012bvotsp\u0113ju, sniedzot sunim ener\u0123iju un labu pa\u0161saj\u016btu visa m\u016b\u017ea garum\u0101. Metaboliz\u0113jam\u0101 ener\u0123ija: 3 790 kcal\/kg Sast\u0101vs: kalt\u0113ta brie\u017ea ga\u013ca 35%, bat\u0101tes, kalt\u0113ti kartupe\u013ci, liellopu tauki 15%, kalt\u0113ts \u0137irbis 2%, kalt\u0113ti burk\u0101ni 1,2%, lins\u0113klas, cigori\u0146u ekstrakts, juka, beta-glik\u0101ni, glikozam\u012bns, hondroit\u012bna sulf\u0101ts, vitam\u012bnu un miner\u0101lvielu mais\u012bjums. Anal\u012btisk\u0101s sast\u0101vda\u013cas: kopprote\u012bns 25,00%, koptauki 14,00%, kop\u0161\u0137iedra 3,20%, koppele 7,9%, kalcijs 1,1%, fosfors 0,85%, n\u0101trijs 0,15%, mitrums max. 10%. Piedevas (mg\/kg):A vitam\u012bns 16 300 SV, D3 vitam\u012bns 1 620 SV, E vitam\u012bns 160 mg, B1 vitam\u012bns 4,8 mg, B2 vitam\u012bns 8 mg, B6 vitam\u012bns 6,4 mg, B12 vitam\u012bns 0,07 mg, niac\u012bns 40 mg, pantot\u0113nsk\u0101be 16 mg, folijsk\u0101be 0,64 mg, biot\u012bns 0,4 mg, C vitam\u012bns 160 mg, jods 4 mg, sel\u0113ns 0,35 mg, dzelzs 96 mg, var\u0161 12 mg, cinks 120 mg, mang\u0101ns 12 mg, hol\u012bna hlor\u012bds 1 728 mg, glikozam\u012bns 400 mg\/kg, hondroit\u012bna sulf\u0101ts 350 mg\/kg. Antioksidanti: augu e\u013c\u013cu ekstrakti, bag\u0101ti ar tokoferoliem Ener\u0123\u0113tisk\u0101 v\u0113rt\u012bba: 3 790 kcal\/kg\" \/>\n<meta property=\"og:url\" content=\"https:\/\/miumjau.ee\/lv\/produkts\/ibero-natural-grainfree-all-breed-adult-ar-brieza-galu-12-kg-kopeeri\/\" \/>\n<meta property=\"og:site_name\" content=\"MiuMjau\" \/>\n<meta property=\"article:publisher\" content=\"https:\/\/www.facebook.com\/miumjaupood\/\" \/>\n<meta property=\"article:modified_time\" content=\"2026-03-10T08:35:40+00:00\" \/>\n<meta property=\"og:image\" content=\"https:\/\/miumjau.ee\/wp-content\/uploads\/2026\/03\/ibero-graianfree-venison-koertele-2kg.jpg\" \/>\n\t<meta property=\"og:image:width\" content=\"600\" \/>\n\t<meta property=\"og:image:height\" content=\"800\" \/>\n\t<meta property=\"og:image:type\" content=\"image\/jpeg\" \/>\n<meta name=\"twitter:card\" content=\"summary_large_image\" \/>\n<script type=\"application\/ld+json\" class=\"yoast-schema-graph\">{\"@context\":\"https:\\\/\\\/schema.org\",\"@graph\":[{\"@type\":\"WebPage\",\"@id\":\"https:\\\/\\\/miumjau.ee\\\/lv\\\/produkts\\\/ibero-natural-grainfree-all-breed-adult-ar-brieza-galu-12-kg-kopeeri\\\/\",\"url\":\"https:\\\/\\\/miumjau.ee\\\/lv\\\/produkts\\\/ibero-natural-grainfree-all-breed-adult-ar-brieza-galu-12-kg-kopeeri\\\/\",\"name\":\"Ibero Natural Grainfree, All Breed Adult ar brie\u017ea ga\u013cu 2kg - MiuMjau\",\"isPartOf\":{\"@id\":\"https:\\\/\\\/miumjau.ee\\\/#website\"},\"primaryImageOfPage\":{\"@id\":\"https:\\\/\\\/miumjau.ee\\\/lv\\\/produkts\\\/ibero-natural-grainfree-all-breed-adult-ar-brieza-galu-12-kg-kopeeri\\\/#primaryimage\"},\"image\":{\"@id\":\"https:\\\/\\\/miumjau.ee\\\/lv\\\/produkts\\\/ibero-natural-grainfree-all-breed-adult-ar-brieza-galu-12-kg-kopeeri\\\/#primaryimage\"},\"thumbnailUrl\":\"https:\\\/\\\/miumjau.ee\\\/wp-content\\\/uploads\\\/2026\\\/03\\\/ibero-graianfree-venison-koertele-2kg.jpg\",\"datePublished\":\"2026-03-10T08:19:27+00:00\",\"dateModified\":\"2026-03-10T08:35:40+00:00\",\"breadcrumb\":{\"@id\":\"https:\\\/\\\/miumjau.ee\\\/lv\\\/produkts\\\/ibero-natural-grainfree-all-breed-adult-ar-brieza-galu-12-kg-kopeeri\\\/#breadcrumb\"},\"inLanguage\":\"lv-LV\",\"potentialAction\":[{\"@type\":\"ReadAction\",\"target\":[\"https:\\\/\\\/miumjau.ee\\\/lv\\\/produkts\\\/ibero-natural-grainfree-all-breed-adult-ar-brieza-galu-12-kg-kopeeri\\\/\"]}]},{\"@type\":\"ImageObject\",\"inLanguage\":\"lv-LV\",\"@id\":\"https:\\\/\\\/miumjau.ee\\\/lv\\\/produkts\\\/ibero-natural-grainfree-all-breed-adult-ar-brieza-galu-12-kg-kopeeri\\\/#primaryimage\",\"url\":\"https:\\\/\\\/miumjau.ee\\\/wp-content\\\/uploads\\\/2026\\\/03\\\/ibero-graianfree-venison-koertele-2kg.jpg\",\"contentUrl\":\"https:\\\/\\\/miumjau.ee\\\/wp-content\\\/uploads\\\/2026\\\/03\\\/ibero-graianfree-venison-koertele-2kg.jpg\",\"width\":600,\"height\":800,\"caption\":\"Ibero Natural teraviljavaba, All Breed Adult hirvega 2kg\"},{\"@type\":\"BreadcrumbList\",\"@id\":\"https:\\\/\\\/miumjau.ee\\\/lv\\\/produkts\\\/ibero-natural-grainfree-all-breed-adult-ar-brieza-galu-12-kg-kopeeri\\\/#breadcrumb\",\"itemListElement\":[{\"@type\":\"ListItem\",\"position\":1,\"name\":\"Home\",\"item\":\"https:\\\/\\\/miumjau.ee\\\/lv\\\/\"},{\"@type\":\"ListItem\",\"position\":2,\"name\":\"Veikals\",\"item\":\"https:\\\/\\\/miumjau.ee\\\/lv\\\/veikals\\\/\"},{\"@type\":\"ListItem\",\"position\":3,\"name\":\"Ibero Natural Grainfree, All Breed Adult ar brie\u017ea ga\u013cu 2kg\"}]},{\"@type\":\"WebSite\",\"@id\":\"https:\\\/\\\/miumjau.ee\\\/#website\",\"url\":\"https:\\\/\\\/miumjau.ee\\\/\",\"name\":\"MiuMjau\",\"description\":\"Kraapimispuud kassidele\",\"publisher\":{\"@id\":\"https:\\\/\\\/miumjau.ee\\\/#organization\"},\"potentialAction\":[{\"@type\":\"SearchAction\",\"target\":{\"@type\":\"EntryPoint\",\"urlTemplate\":\"https:\\\/\\\/miumjau.ee\\\/?s={search_term_string}\"},\"query-input\":{\"@type\":\"PropertyValueSpecification\",\"valueRequired\":true,\"valueName\":\"search_term_string\"}}],\"inLanguage\":\"lv-LV\"},{\"@type\":\"Organization\",\"@id\":\"https:\\\/\\\/miumjau.ee\\\/#organization\",\"name\":\"MiuMjau O\u00dc\",\"url\":\"https:\\\/\\\/miumjau.ee\\\/\",\"logo\":{\"@type\":\"ImageObject\",\"inLanguage\":\"lv-LV\",\"@id\":\"https:\\\/\\\/miumjau.ee\\\/#\\\/schema\\\/logo\\\/image\\\/\",\"url\":\"https:\\\/\\\/miumjau.ee\\\/wp-content\\\/uploads\\\/2022\\\/04\\\/MiuMjau-logo-kollane.png\",\"contentUrl\":\"https:\\\/\\\/miumjau.ee\\\/wp-content\\\/uploads\\\/2022\\\/04\\\/MiuMjau-logo-kollane.png\",\"width\":219,\"height\":100,\"caption\":\"MiuMjau O\u00dc\"},\"image\":{\"@id\":\"https:\\\/\\\/miumjau.ee\\\/#\\\/schema\\\/logo\\\/image\\\/\"},\"sameAs\":[\"https:\\\/\\\/www.facebook.com\\\/miumjaupood\\\/\"]}]}<\/script>\n<!-- \/ Yoast SEO plugin. -->","yoast_head_json":{"title":"Ibero Natural Grainfree, All Breed Adult ar brie\u017ea ga\u013cu 2kg - MiuMjau","robots":{"index":"index","follow":"follow","max-snippet":"max-snippet:-1","max-image-preview":"max-image-preview:large","max-video-preview":"max-video-preview:-1"},"canonical":"https:\/\/miumjau.ee\/lv\/produkts\/ibero-natural-grainfree-all-breed-adult-ar-brieza-galu-12-kg-kopeeri\/","og_locale":"lv_LV","og_type":"article","og_title":"Ibero Natural Grainfree, All Breed Adult ar brie\u017ea ga\u013cu 2kg - MiuMjau","og_description":"Pilnv\u0113rt\u012bga bar\u012bba pieaugu\u0161iem visu \u0161\u0137ir\u0146u un izm\u0113ru su\u0146iem, kas izce\u013cas ar bezgraudu sast\u0101vu. \u0160is bar\u012bbas veids ir ide\u0101la izv\u0113le su\u0146iem ar jut\u012bgu gremo\u0161anas sist\u0113mu vai graudaugu aler\u0123iju, jo nodro\u0161ina viegli sagremojamu alternat\u012bvu. Galven\u0101 sast\u0101vda\u013ca ir kalt\u0113ta brie\u017ea (med\u012bjuma) ga\u013ca, kas nodro\u0161ina augstas kvalit\u0101tes olbaltumvielas, atbalstot musku\u013cu masas att\u012bst\u012bbu un visp\u0101r\u0113jo vitalit\u0101ti. Bat\u0101tes un kalt\u0113ti kartupe\u013ci nodro\u0161ina su\u0146us ar nepiecie\u0161amo ener\u0123iju, pateicoties viegli uzs\u016bcamiem og\u013chidr\u0101tiem, savuk\u0101rt liellopu tauki pie\u0161\u0137ir bar\u012bbai lielisku gar\u0161u un palielina t\u0101s uzturv\u0113rt\u012bbu. Gremo\u0161anas trakta vesel\u012bbas atbalstam un apmatojuma kvalit\u0101tes uzlabo\u0161anai bar\u012bba satur \u0137irbi, burk\u0101nus un lins\u0113klas, kas ir \u0161\u0137iedrvielu un omega-3 tauksk\u0101bju avoti. Papildu sast\u0101vda\u013cas, piem\u0113ram, cigori\u0146u ekstrakts, beta-glik\u0101ni, glikozam\u012bns un hondroit\u012bna sulf\u0101ts, veicina loc\u012btavu vesel\u012bbu, stiprina im\u016bnsist\u0113mu un uzlabo su\u0146a visp\u0101r\u0113jo labsaj\u016btu. Sabalans\u0113ts vitam\u012bnu (A, D3, E, B grupas) un miner\u0101lvielu (cinks, dzelzs, sel\u0113ns) saturs pal\u012bdz nodro\u0161in\u0101t ilgtermi\u0146a vesel\u012bbu un dz\u012bvotsp\u0113ju, sniedzot sunim ener\u0123iju un labu pa\u0161saj\u016btu visa m\u016b\u017ea garum\u0101. Metaboliz\u0113jam\u0101 ener\u0123ija: 3 790 kcal\/kg Sast\u0101vs: kalt\u0113ta brie\u017ea ga\u013ca 35%, bat\u0101tes, kalt\u0113ti kartupe\u013ci, liellopu tauki 15%, kalt\u0113ts \u0137irbis 2%, kalt\u0113ti burk\u0101ni 1,2%, lins\u0113klas, cigori\u0146u ekstrakts, juka, beta-glik\u0101ni, glikozam\u012bns, hondroit\u012bna sulf\u0101ts, vitam\u012bnu un miner\u0101lvielu mais\u012bjums. Anal\u012btisk\u0101s sast\u0101vda\u013cas: kopprote\u012bns 25,00%, koptauki 14,00%, kop\u0161\u0137iedra 3,20%, koppele 7,9%, kalcijs 1,1%, fosfors 0,85%, n\u0101trijs 0,15%, mitrums max. 10%. Piedevas (mg\/kg):A vitam\u012bns 16 300 SV, D3 vitam\u012bns 1 620 SV, E vitam\u012bns 160 mg, B1 vitam\u012bns 4,8 mg, B2 vitam\u012bns 8 mg, B6 vitam\u012bns 6,4 mg, B12 vitam\u012bns 0,07 mg, niac\u012bns 40 mg, pantot\u0113nsk\u0101be 16 mg, folijsk\u0101be 0,64 mg, biot\u012bns 0,4 mg, C vitam\u012bns 160 mg, jods 4 mg, sel\u0113ns 0,35 mg, dzelzs 96 mg, var\u0161 12 mg, cinks 120 mg, mang\u0101ns 12 mg, hol\u012bna hlor\u012bds 1 728 mg, glikozam\u012bns 400 mg\/kg, hondroit\u012bna sulf\u0101ts 350 mg\/kg. Antioksidanti: augu e\u013c\u013cu ekstrakti, bag\u0101ti ar tokoferoliem Ener\u0123\u0113tisk\u0101 v\u0113rt\u012bba: 3 790 kcal\/kg","og_url":"https:\/\/miumjau.ee\/lv\/produkts\/ibero-natural-grainfree-all-breed-adult-ar-brieza-galu-12-kg-kopeeri\/","og_site_name":"MiuMjau","article_publisher":"https:\/\/www.facebook.com\/miumjaupood\/","article_modified_time":"2026-03-10T08:35:40+00:00","og_image":[{"width":600,"height":800,"url":"https:\/\/miumjau.ee\/wp-content\/uploads\/2026\/03\/ibero-graianfree-venison-koertele-2kg.jpg","type":"image\/jpeg"}],"twitter_card":"summary_large_image","schema":{"@context":"https:\/\/schema.org","@graph":[{"@type":"WebPage","@id":"https:\/\/miumjau.ee\/lv\/produkts\/ibero-natural-grainfree-all-breed-adult-ar-brieza-galu-12-kg-kopeeri\/","url":"https:\/\/miumjau.ee\/lv\/produkts\/ibero-natural-grainfree-all-breed-adult-ar-brieza-galu-12-kg-kopeeri\/","name":"Ibero Natural Grainfree, All Breed Adult ar brie\u017ea ga\u013cu 2kg - MiuMjau","isPartOf":{"@id":"https:\/\/miumjau.ee\/#website"},"primaryImageOfPage":{"@id":"https:\/\/miumjau.ee\/lv\/produkts\/ibero-natural-grainfree-all-breed-adult-ar-brieza-galu-12-kg-kopeeri\/#primaryimage"},"image":{"@id":"https:\/\/miumjau.ee\/lv\/produkts\/ibero-natural-grainfree-all-breed-adult-ar-brieza-galu-12-kg-kopeeri\/#primaryimage"},"thumbnailUrl":"https:\/\/miumjau.ee\/wp-content\/uploads\/2026\/03\/ibero-graianfree-venison-koertele-2kg.jpg","datePublished":"2026-03-10T08:19:27+00:00","dateModified":"2026-03-10T08:35:40+00:00","breadcrumb":{"@id":"https:\/\/miumjau.ee\/lv\/produkts\/ibero-natural-grainfree-all-breed-adult-ar-brieza-galu-12-kg-kopeeri\/#breadcrumb"},"inLanguage":"lv-LV","potentialAction":[{"@type":"ReadAction","target":["https:\/\/miumjau.ee\/lv\/produkts\/ibero-natural-grainfree-all-breed-adult-ar-brieza-galu-12-kg-kopeeri\/"]}]},{"@type":"ImageObject","inLanguage":"lv-LV","@id":"https:\/\/miumjau.ee\/lv\/produkts\/ibero-natural-grainfree-all-breed-adult-ar-brieza-galu-12-kg-kopeeri\/#primaryimage","url":"https:\/\/miumjau.ee\/wp-content\/uploads\/2026\/03\/ibero-graianfree-venison-koertele-2kg.jpg","contentUrl":"https:\/\/miumjau.ee\/wp-content\/uploads\/2026\/03\/ibero-graianfree-venison-koertele-2kg.jpg","width":600,"height":800,"caption":"Ibero Natural teraviljavaba, All Breed Adult hirvega 2kg"},{"@type":"BreadcrumbList","@id":"https:\/\/miumjau.ee\/lv\/produkts\/ibero-natural-grainfree-all-breed-adult-ar-brieza-galu-12-kg-kopeeri\/#breadcrumb","itemListElement":[{"@type":"ListItem","position":1,"name":"Home","item":"https:\/\/miumjau.ee\/lv\/"},{"@type":"ListItem","position":2,"name":"Veikals","item":"https:\/\/miumjau.ee\/lv\/veikals\/"},{"@type":"ListItem","position":3,"name":"Ibero Natural Grainfree, All Breed Adult ar brie\u017ea ga\u013cu 2kg"}]},{"@type":"WebSite","@id":"https:\/\/miumjau.ee\/#website","url":"https:\/\/miumjau.ee\/","name":"MiuMjau","description":"Kraapimispuud kassidele","publisher":{"@id":"https:\/\/miumjau.ee\/#organization"},"potentialAction":[{"@type":"SearchAction","target":{"@type":"EntryPoint","urlTemplate":"https:\/\/miumjau.ee\/?s={search_term_string}"},"query-input":{"@type":"PropertyValueSpecification","valueRequired":true,"valueName":"search_term_string"}}],"inLanguage":"lv-LV"},{"@type":"Organization","@id":"https:\/\/miumjau.ee\/#organization","name":"MiuMjau O\u00dc","url":"https:\/\/miumjau.ee\/","logo":{"@type":"ImageObject","inLanguage":"lv-LV","@id":"https:\/\/miumjau.ee\/#\/schema\/logo\/image\/","url":"https:\/\/miumjau.ee\/wp-content\/uploads\/2022\/04\/MiuMjau-logo-kollane.png","contentUrl":"https:\/\/miumjau.ee\/wp-content\/uploads\/2022\/04\/MiuMjau-logo-kollane.png","width":219,"height":100,"caption":"MiuMjau O\u00dc"},"image":{"@id":"https:\/\/miumjau.ee\/#\/schema\/logo\/image\/"},"sameAs":["https:\/\/www.facebook.com\/miumjaupood\/"]}]}},"_links":{"self":[{"href":"https:\/\/miumjau.ee\/lv\/wp-json\/wp\/v2\/product\/54576","targetHints":{"allow":["GET"]}}],"collection":[{"href":"https:\/\/miumjau.ee\/lv\/wp-json\/wp\/v2\/product"}],"about":[{"href":"https:\/\/miumjau.ee\/lv\/wp-json\/wp\/v2\/types\/product"}],"wp:featuredmedia":[{"embeddable":true,"href":"https:\/\/miumjau.ee\/lv\/wp-json\/wp\/v2\/media\/54587"}],"wp:attachment":[{"href":"https:\/\/miumjau.ee\/lv\/wp-json\/wp\/v2\/media?parent=54576"}],"wp:term":[{"taxonomy":"product_brand","embeddable":true,"href":"https:\/\/miumjau.ee\/lv\/wp-json\/wp\/v2\/product_brand?post=54576"},{"taxonomy":"product_cat","embeddable":true,"href":"https:\/\/miumjau.ee\/lv\/wp-json\/wp\/v2\/product_cat?post=54576"},{"taxonomy":"product_tag","embeddable":true,"href":"https:\/\/miumjau.ee\/lv\/wp-json\/wp\/v2\/product_tag?post=54576"}],"curies":[{"name":"wp","href":"https:\/\/api.w.org\/{rel}","templated":true}]}}