{"id":54564,"date":"2026-03-10T10:12:00","date_gmt":"2026-03-10T08:12:00","guid":{"rendered":"https:\/\/miumjau.ee\/?post_type=product&#038;p=54564"},"modified":"2026-03-10T10:18:28","modified_gmt":"2026-03-10T08:18:28","slug":"auksti-preseta-bariba-kuceniem-ibero-starter-ar-pili-un-titaru-3-kg-kopeeri","status":"publish","type":"product","link":"https:\/\/miumjau.ee\/lv\/produkts\/auksti-preseta-bariba-kuceniem-ibero-starter-ar-pili-un-titaru-3-kg-kopeeri\/","title":{"rendered":"Auksti pres\u0113ta bar\u012bba kuc\u0113niem Ibero Starter, ar p\u012bli un t\u012btaru 12kg"},"content":{"rendered":"","protected":false},"excerpt":{"rendered":"<p data-start=\"106\" data-end=\"502\">Pilnv\u0113rt\u012bga auksti pres\u0113ta bar\u012bba, piem\u0113rota visu \u0161\u0137ir\u0146u kuc\u0113niem vecum\u0101 no 5 ned\u0113\u013c\u0101m l\u012bdz 4 m\u0113ne\u0161iem. Auksti pres\u0113ta bar\u012bba ir bar\u012bbas viel\u0101m bag\u0101t\u0101ka, t\u0101p\u0113c nepiecie\u0161ams maz\u0101ks bar\u012bbas daudzums. Lai gan cena var b\u016bt augst\u0101ka, maiss kalpo ilg\u0101k, padarot to ilgtermi\u0146\u0101 ekonomisk\u0101ku. Bar\u012bbai ir zems graudaugu saturs \u2013 priek\u0161roka tiek dota kartupe\u013ciem un bat\u0101t\u0113m. Labi piem\u0113rota ar\u012b gr\u016bsn\u0101m kuc\u0113m.<\/p>\n<p data-start=\"504\" data-end=\"804\"><strong data-start=\"504\" data-end=\"516\">Sast\u0101vs:<\/strong> kalt\u0113ta t\u012btara un p\u012bles ga\u013ca (39%), kalt\u0113ti bat\u0101tes, kalt\u0113ti kartupe\u013ci, t\u012btara tauki (14%), t\u012btara prote\u012bns (13%), auzu p\u0101rslas (8%), kalt\u0113ts \u0137irbis (2%), olu pulveris, kalt\u0113ti burk\u0101ni (1,2%), lins\u0113klas, cigori\u0146u ekstrakts, kalt\u0113ti augi, beta-glik\u0101ni, vitam\u012bnu un miner\u0101lvielu mais\u012bjums.<\/p>\n<p data-start=\"806\" data-end=\"965\"><strong data-start=\"806\" data-end=\"834\">Anal\u012btisk\u0101s sast\u0101vda\u013cas:<\/strong> kopprote\u012bns 28%, koptauki 18%, kop\u0161\u0137iedra 3,4%, koppele 5,4%, kalcijs 1,1%, fosfors 0,85%, n\u0101trijs 0,15%, maksim\u0101lais mitrums 10%.<\/p>\n<p data-start=\"967\" data-end=\"1479\"><strong data-start=\"967\" data-end=\"988\">Piedevas (uz kg):<\/strong><br data-start=\"988\" data-end=\"991\" \/><strong data-start=\"991\" data-end=\"1015\">Uzturvielu piedevas:<\/strong> A vitam\u012bns 18 000 SV, D3 vitam\u012bns 1 800 SV, E vitam\u012bns 180 mg, B1 vitam\u012bns 5,3 mg, B2 vitam\u012bns 8,5 mg, B6 vitam\u012bns 7,2 mg, B12 vitam\u012bns 0,07 mg, C vitam\u012bns 180 mg, niac\u012bns 45 mg, pantot\u0113nsk\u0101be 17 mg, folijsk\u0101be 0,7 mg, biot\u012bns 0,42 mg, jods 4 mg, sel\u0113ns 0,35 mg, dzelzs 110 mg, var\u0161 13 mg, cinks 130 mg, mang\u0101ns 12 mg, hol\u012bna hlor\u012bds 1 900 mg, glikozam\u012bns 400 mg\/kg, hondroit\u012bna sulf\u0101ts 350 mg\/kg.<br data-start=\"1413\" data-end=\"1416\" \/><strong data-start=\"1416\" data-end=\"1434\">Antioksidanti:<\/strong> augu e\u013c\u013cu ekstrakti, bag\u0101ti ar tokoferoliem.<\/p>\n<p data-start=\"1481\" data-end=\"1523\"><strong data-start=\"1481\" data-end=\"1509\">Metaboliz\u0113jam\u0101 ener\u0123ija:<\/strong> 3 840 kcal\/kg<\/p>\n","protected":false},"featured_media":54569,"template":"","meta":[],"product_brand":[],"product_cat":[573,575],"product_tag":[],"class_list":{"0":"post-54564","1":"product","2":"type-product","3":"status-publish","4":"has-post-thumbnail","6":"product_cat-kaup24-lv","7":"product_cat-sausa-bariba-suniem","9":"first","10":"instock","11":"sale","12":"taxable","13":"shipping-taxable","14":"purchasable","15":"product-type-simple"},"yoast_head":"<!-- This site is optimized with the Yoast SEO plugin v27.4 - https:\/\/yoast.com\/product\/yoast-seo-wordpress\/ -->\n<title>Auksti pres\u0113ta bar\u012bba kuc\u0113niem Ibero Starter, ar p\u012bli un t\u012btaru 12kg - MiuMjau<\/title>\n<meta name=\"robots\" content=\"index, follow, max-snippet:-1, max-image-preview:large, max-video-preview:-1\" \/>\n<link rel=\"canonical\" href=\"https:\/\/miumjau.ee\/lv\/produkts\/auksti-preseta-bariba-kuceniem-ibero-starter-ar-pili-un-titaru-3-kg-kopeeri\/\" \/>\n<meta property=\"og:locale\" content=\"lv_LV\" \/>\n<meta property=\"og:type\" content=\"article\" \/>\n<meta property=\"og:title\" content=\"Auksti pres\u0113ta bar\u012bba kuc\u0113niem Ibero Starter, ar p\u012bli un t\u012btaru 12kg - MiuMjau\" \/>\n<meta property=\"og:description\" content=\"Pilnv\u0113rt\u012bga auksti pres\u0113ta bar\u012bba, piem\u0113rota visu \u0161\u0137ir\u0146u kuc\u0113niem vecum\u0101 no 5 ned\u0113\u013c\u0101m l\u012bdz 4 m\u0113ne\u0161iem. Auksti pres\u0113ta bar\u012bba ir bar\u012bbas viel\u0101m bag\u0101t\u0101ka, t\u0101p\u0113c nepiecie\u0161ams maz\u0101ks bar\u012bbas daudzums. Lai gan cena var b\u016bt augst\u0101ka, maiss kalpo ilg\u0101k, padarot to ilgtermi\u0146\u0101 ekonomisk\u0101ku. Bar\u012bbai ir zems graudaugu saturs \u2013 priek\u0161roka tiek dota kartupe\u013ciem un bat\u0101t\u0113m. Labi piem\u0113rota ar\u012b gr\u016bsn\u0101m kuc\u0113m. Sast\u0101vs: kalt\u0113ta t\u012btara un p\u012bles ga\u013ca (39%), kalt\u0113ti bat\u0101tes, kalt\u0113ti kartupe\u013ci, t\u012btara tauki (14%), t\u012btara prote\u012bns (13%), auzu p\u0101rslas (8%), kalt\u0113ts \u0137irbis (2%), olu pulveris, kalt\u0113ti burk\u0101ni (1,2%), lins\u0113klas, cigori\u0146u ekstrakts, kalt\u0113ti augi, beta-glik\u0101ni, vitam\u012bnu un miner\u0101lvielu mais\u012bjums. Anal\u012btisk\u0101s sast\u0101vda\u013cas: kopprote\u012bns 28%, koptauki 18%, kop\u0161\u0137iedra 3,4%, koppele 5,4%, kalcijs 1,1%, fosfors 0,85%, n\u0101trijs 0,15%, maksim\u0101lais mitrums 10%. Piedevas (uz kg):Uzturvielu piedevas: A vitam\u012bns 18 000 SV, D3 vitam\u012bns 1 800 SV, E vitam\u012bns 180 mg, B1 vitam\u012bns 5,3 mg, B2 vitam\u012bns 8,5 mg, B6 vitam\u012bns 7,2 mg, B12 vitam\u012bns 0,07 mg, C vitam\u012bns 180 mg, niac\u012bns 45 mg, pantot\u0113nsk\u0101be 17 mg, folijsk\u0101be 0,7 mg, biot\u012bns 0,42 mg, jods 4 mg, sel\u0113ns 0,35 mg, dzelzs 110 mg, var\u0161 13 mg, cinks 130 mg, mang\u0101ns 12 mg, hol\u012bna hlor\u012bds 1 900 mg, glikozam\u012bns 400 mg\/kg, hondroit\u012bna sulf\u0101ts 350 mg\/kg.Antioksidanti: augu e\u013c\u013cu ekstrakti, bag\u0101ti ar tokoferoliem. Metaboliz\u0113jam\u0101 ener\u0123ija: 3 840 kcal\/kg\" \/>\n<meta property=\"og:url\" content=\"https:\/\/miumjau.ee\/lv\/produkts\/auksti-preseta-bariba-kuceniem-ibero-starter-ar-pili-un-titaru-3-kg-kopeeri\/\" \/>\n<meta property=\"og:site_name\" content=\"MiuMjau\" \/>\n<meta property=\"article:publisher\" content=\"https:\/\/www.facebook.com\/miumjaupood\/\" \/>\n<meta property=\"article:modified_time\" content=\"2026-03-10T08:18:28+00:00\" \/>\n<meta property=\"og:image\" content=\"https:\/\/miumjau.ee\/wp-content\/uploads\/2026\/03\/ibero-starter-kutsikatele-12kg.jpg\" \/>\n\t<meta property=\"og:image:width\" content=\"600\" \/>\n\t<meta property=\"og:image:height\" content=\"800\" \/>\n\t<meta property=\"og:image:type\" content=\"image\/jpeg\" \/>\n<meta name=\"twitter:card\" content=\"summary_large_image\" \/>\n<script type=\"application\/ld+json\" class=\"yoast-schema-graph\">{\"@context\":\"https:\\\/\\\/schema.org\",\"@graph\":[{\"@type\":\"WebPage\",\"@id\":\"https:\\\/\\\/miumjau.ee\\\/lv\\\/produkts\\\/auksti-preseta-bariba-kuceniem-ibero-starter-ar-pili-un-titaru-3-kg-kopeeri\\\/\",\"url\":\"https:\\\/\\\/miumjau.ee\\\/lv\\\/produkts\\\/auksti-preseta-bariba-kuceniem-ibero-starter-ar-pili-un-titaru-3-kg-kopeeri\\\/\",\"name\":\"Auksti pres\u0113ta bar\u012bba kuc\u0113niem Ibero Starter, ar p\u012bli un t\u012btaru 12kg - MiuMjau\",\"isPartOf\":{\"@id\":\"https:\\\/\\\/miumjau.ee\\\/#website\"},\"primaryImageOfPage\":{\"@id\":\"https:\\\/\\\/miumjau.ee\\\/lv\\\/produkts\\\/auksti-preseta-bariba-kuceniem-ibero-starter-ar-pili-un-titaru-3-kg-kopeeri\\\/#primaryimage\"},\"image\":{\"@id\":\"https:\\\/\\\/miumjau.ee\\\/lv\\\/produkts\\\/auksti-preseta-bariba-kuceniem-ibero-starter-ar-pili-un-titaru-3-kg-kopeeri\\\/#primaryimage\"},\"thumbnailUrl\":\"https:\\\/\\\/miumjau.ee\\\/wp-content\\\/uploads\\\/2026\\\/03\\\/ibero-starter-kutsikatele-12kg.jpg\",\"datePublished\":\"2026-03-10T08:12:00+00:00\",\"dateModified\":\"2026-03-10T08:18:28+00:00\",\"breadcrumb\":{\"@id\":\"https:\\\/\\\/miumjau.ee\\\/lv\\\/produkts\\\/auksti-preseta-bariba-kuceniem-ibero-starter-ar-pili-un-titaru-3-kg-kopeeri\\\/#breadcrumb\"},\"inLanguage\":\"lv-LV\",\"potentialAction\":[{\"@type\":\"ReadAction\",\"target\":[\"https:\\\/\\\/miumjau.ee\\\/lv\\\/produkts\\\/auksti-preseta-bariba-kuceniem-ibero-starter-ar-pili-un-titaru-3-kg-kopeeri\\\/\"]}]},{\"@type\":\"ImageObject\",\"inLanguage\":\"lv-LV\",\"@id\":\"https:\\\/\\\/miumjau.ee\\\/lv\\\/produkts\\\/auksti-preseta-bariba-kuceniem-ibero-starter-ar-pili-un-titaru-3-kg-kopeeri\\\/#primaryimage\",\"url\":\"https:\\\/\\\/miumjau.ee\\\/wp-content\\\/uploads\\\/2026\\\/03\\\/ibero-starter-kutsikatele-12kg.jpg\",\"contentUrl\":\"https:\\\/\\\/miumjau.ee\\\/wp-content\\\/uploads\\\/2026\\\/03\\\/ibero-starter-kutsikatele-12kg.jpg\",\"width\":600,\"height\":800,\"caption\":\"K\u00fclmpressitud toit kutsikatele Ibero Starter, part ja kalkun 12kg\"},{\"@type\":\"BreadcrumbList\",\"@id\":\"https:\\\/\\\/miumjau.ee\\\/lv\\\/produkts\\\/auksti-preseta-bariba-kuceniem-ibero-starter-ar-pili-un-titaru-3-kg-kopeeri\\\/#breadcrumb\",\"itemListElement\":[{\"@type\":\"ListItem\",\"position\":1,\"name\":\"Home\",\"item\":\"https:\\\/\\\/miumjau.ee\\\/lv\\\/\"},{\"@type\":\"ListItem\",\"position\":2,\"name\":\"Veikals\",\"item\":\"https:\\\/\\\/miumjau.ee\\\/lv\\\/veikals\\\/\"},{\"@type\":\"ListItem\",\"position\":3,\"name\":\"Auksti pres\u0113ta bar\u012bba kuc\u0113niem Ibero Starter, ar p\u012bli un t\u012btaru 12kg\"}]},{\"@type\":\"WebSite\",\"@id\":\"https:\\\/\\\/miumjau.ee\\\/#website\",\"url\":\"https:\\\/\\\/miumjau.ee\\\/\",\"name\":\"MiuMjau\",\"description\":\"Kraapimispuud kassidele\",\"publisher\":{\"@id\":\"https:\\\/\\\/miumjau.ee\\\/#organization\"},\"potentialAction\":[{\"@type\":\"SearchAction\",\"target\":{\"@type\":\"EntryPoint\",\"urlTemplate\":\"https:\\\/\\\/miumjau.ee\\\/?s={search_term_string}\"},\"query-input\":{\"@type\":\"PropertyValueSpecification\",\"valueRequired\":true,\"valueName\":\"search_term_string\"}}],\"inLanguage\":\"lv-LV\"},{\"@type\":\"Organization\",\"@id\":\"https:\\\/\\\/miumjau.ee\\\/#organization\",\"name\":\"MiuMjau O\u00dc\",\"url\":\"https:\\\/\\\/miumjau.ee\\\/\",\"logo\":{\"@type\":\"ImageObject\",\"inLanguage\":\"lv-LV\",\"@id\":\"https:\\\/\\\/miumjau.ee\\\/#\\\/schema\\\/logo\\\/image\\\/\",\"url\":\"https:\\\/\\\/miumjau.ee\\\/wp-content\\\/uploads\\\/2022\\\/04\\\/MiuMjau-logo-kollane.png\",\"contentUrl\":\"https:\\\/\\\/miumjau.ee\\\/wp-content\\\/uploads\\\/2022\\\/04\\\/MiuMjau-logo-kollane.png\",\"width\":219,\"height\":100,\"caption\":\"MiuMjau O\u00dc\"},\"image\":{\"@id\":\"https:\\\/\\\/miumjau.ee\\\/#\\\/schema\\\/logo\\\/image\\\/\"},\"sameAs\":[\"https:\\\/\\\/www.facebook.com\\\/miumjaupood\\\/\"]}]}<\/script>\n<!-- \/ Yoast SEO plugin. -->","yoast_head_json":{"title":"Auksti pres\u0113ta bar\u012bba kuc\u0113niem Ibero Starter, ar p\u012bli un t\u012btaru 12kg - MiuMjau","robots":{"index":"index","follow":"follow","max-snippet":"max-snippet:-1","max-image-preview":"max-image-preview:large","max-video-preview":"max-video-preview:-1"},"canonical":"https:\/\/miumjau.ee\/lv\/produkts\/auksti-preseta-bariba-kuceniem-ibero-starter-ar-pili-un-titaru-3-kg-kopeeri\/","og_locale":"lv_LV","og_type":"article","og_title":"Auksti pres\u0113ta bar\u012bba kuc\u0113niem Ibero Starter, ar p\u012bli un t\u012btaru 12kg - MiuMjau","og_description":"Pilnv\u0113rt\u012bga auksti pres\u0113ta bar\u012bba, piem\u0113rota visu \u0161\u0137ir\u0146u kuc\u0113niem vecum\u0101 no 5 ned\u0113\u013c\u0101m l\u012bdz 4 m\u0113ne\u0161iem. Auksti pres\u0113ta bar\u012bba ir bar\u012bbas viel\u0101m bag\u0101t\u0101ka, t\u0101p\u0113c nepiecie\u0161ams maz\u0101ks bar\u012bbas daudzums. Lai gan cena var b\u016bt augst\u0101ka, maiss kalpo ilg\u0101k, padarot to ilgtermi\u0146\u0101 ekonomisk\u0101ku. Bar\u012bbai ir zems graudaugu saturs \u2013 priek\u0161roka tiek dota kartupe\u013ciem un bat\u0101t\u0113m. Labi piem\u0113rota ar\u012b gr\u016bsn\u0101m kuc\u0113m. Sast\u0101vs: kalt\u0113ta t\u012btara un p\u012bles ga\u013ca (39%), kalt\u0113ti bat\u0101tes, kalt\u0113ti kartupe\u013ci, t\u012btara tauki (14%), t\u012btara prote\u012bns (13%), auzu p\u0101rslas (8%), kalt\u0113ts \u0137irbis (2%), olu pulveris, kalt\u0113ti burk\u0101ni (1,2%), lins\u0113klas, cigori\u0146u ekstrakts, kalt\u0113ti augi, beta-glik\u0101ni, vitam\u012bnu un miner\u0101lvielu mais\u012bjums. Anal\u012btisk\u0101s sast\u0101vda\u013cas: kopprote\u012bns 28%, koptauki 18%, kop\u0161\u0137iedra 3,4%, koppele 5,4%, kalcijs 1,1%, fosfors 0,85%, n\u0101trijs 0,15%, maksim\u0101lais mitrums 10%. Piedevas (uz kg):Uzturvielu piedevas: A vitam\u012bns 18 000 SV, D3 vitam\u012bns 1 800 SV, E vitam\u012bns 180 mg, B1 vitam\u012bns 5,3 mg, B2 vitam\u012bns 8,5 mg, B6 vitam\u012bns 7,2 mg, B12 vitam\u012bns 0,07 mg, C vitam\u012bns 180 mg, niac\u012bns 45 mg, pantot\u0113nsk\u0101be 17 mg, folijsk\u0101be 0,7 mg, biot\u012bns 0,42 mg, jods 4 mg, sel\u0113ns 0,35 mg, dzelzs 110 mg, var\u0161 13 mg, cinks 130 mg, mang\u0101ns 12 mg, hol\u012bna hlor\u012bds 1 900 mg, glikozam\u012bns 400 mg\/kg, hondroit\u012bna sulf\u0101ts 350 mg\/kg.Antioksidanti: augu e\u013c\u013cu ekstrakti, bag\u0101ti ar tokoferoliem. Metaboliz\u0113jam\u0101 ener\u0123ija: 3 840 kcal\/kg","og_url":"https:\/\/miumjau.ee\/lv\/produkts\/auksti-preseta-bariba-kuceniem-ibero-starter-ar-pili-un-titaru-3-kg-kopeeri\/","og_site_name":"MiuMjau","article_publisher":"https:\/\/www.facebook.com\/miumjaupood\/","article_modified_time":"2026-03-10T08:18:28+00:00","og_image":[{"width":600,"height":800,"url":"https:\/\/miumjau.ee\/wp-content\/uploads\/2026\/03\/ibero-starter-kutsikatele-12kg.jpg","type":"image\/jpeg"}],"twitter_card":"summary_large_image","schema":{"@context":"https:\/\/schema.org","@graph":[{"@type":"WebPage","@id":"https:\/\/miumjau.ee\/lv\/produkts\/auksti-preseta-bariba-kuceniem-ibero-starter-ar-pili-un-titaru-3-kg-kopeeri\/","url":"https:\/\/miumjau.ee\/lv\/produkts\/auksti-preseta-bariba-kuceniem-ibero-starter-ar-pili-un-titaru-3-kg-kopeeri\/","name":"Auksti pres\u0113ta bar\u012bba kuc\u0113niem Ibero Starter, ar p\u012bli un t\u012btaru 12kg - MiuMjau","isPartOf":{"@id":"https:\/\/miumjau.ee\/#website"},"primaryImageOfPage":{"@id":"https:\/\/miumjau.ee\/lv\/produkts\/auksti-preseta-bariba-kuceniem-ibero-starter-ar-pili-un-titaru-3-kg-kopeeri\/#primaryimage"},"image":{"@id":"https:\/\/miumjau.ee\/lv\/produkts\/auksti-preseta-bariba-kuceniem-ibero-starter-ar-pili-un-titaru-3-kg-kopeeri\/#primaryimage"},"thumbnailUrl":"https:\/\/miumjau.ee\/wp-content\/uploads\/2026\/03\/ibero-starter-kutsikatele-12kg.jpg","datePublished":"2026-03-10T08:12:00+00:00","dateModified":"2026-03-10T08:18:28+00:00","breadcrumb":{"@id":"https:\/\/miumjau.ee\/lv\/produkts\/auksti-preseta-bariba-kuceniem-ibero-starter-ar-pili-un-titaru-3-kg-kopeeri\/#breadcrumb"},"inLanguage":"lv-LV","potentialAction":[{"@type":"ReadAction","target":["https:\/\/miumjau.ee\/lv\/produkts\/auksti-preseta-bariba-kuceniem-ibero-starter-ar-pili-un-titaru-3-kg-kopeeri\/"]}]},{"@type":"ImageObject","inLanguage":"lv-LV","@id":"https:\/\/miumjau.ee\/lv\/produkts\/auksti-preseta-bariba-kuceniem-ibero-starter-ar-pili-un-titaru-3-kg-kopeeri\/#primaryimage","url":"https:\/\/miumjau.ee\/wp-content\/uploads\/2026\/03\/ibero-starter-kutsikatele-12kg.jpg","contentUrl":"https:\/\/miumjau.ee\/wp-content\/uploads\/2026\/03\/ibero-starter-kutsikatele-12kg.jpg","width":600,"height":800,"caption":"K\u00fclmpressitud toit kutsikatele Ibero Starter, part ja kalkun 12kg"},{"@type":"BreadcrumbList","@id":"https:\/\/miumjau.ee\/lv\/produkts\/auksti-preseta-bariba-kuceniem-ibero-starter-ar-pili-un-titaru-3-kg-kopeeri\/#breadcrumb","itemListElement":[{"@type":"ListItem","position":1,"name":"Home","item":"https:\/\/miumjau.ee\/lv\/"},{"@type":"ListItem","position":2,"name":"Veikals","item":"https:\/\/miumjau.ee\/lv\/veikals\/"},{"@type":"ListItem","position":3,"name":"Auksti pres\u0113ta bar\u012bba kuc\u0113niem Ibero Starter, ar p\u012bli un t\u012btaru 12kg"}]},{"@type":"WebSite","@id":"https:\/\/miumjau.ee\/#website","url":"https:\/\/miumjau.ee\/","name":"MiuMjau","description":"Kraapimispuud kassidele","publisher":{"@id":"https:\/\/miumjau.ee\/#organization"},"potentialAction":[{"@type":"SearchAction","target":{"@type":"EntryPoint","urlTemplate":"https:\/\/miumjau.ee\/?s={search_term_string}"},"query-input":{"@type":"PropertyValueSpecification","valueRequired":true,"valueName":"search_term_string"}}],"inLanguage":"lv-LV"},{"@type":"Organization","@id":"https:\/\/miumjau.ee\/#organization","name":"MiuMjau O\u00dc","url":"https:\/\/miumjau.ee\/","logo":{"@type":"ImageObject","inLanguage":"lv-LV","@id":"https:\/\/miumjau.ee\/#\/schema\/logo\/image\/","url":"https:\/\/miumjau.ee\/wp-content\/uploads\/2022\/04\/MiuMjau-logo-kollane.png","contentUrl":"https:\/\/miumjau.ee\/wp-content\/uploads\/2022\/04\/MiuMjau-logo-kollane.png","width":219,"height":100,"caption":"MiuMjau O\u00dc"},"image":{"@id":"https:\/\/miumjau.ee\/#\/schema\/logo\/image\/"},"sameAs":["https:\/\/www.facebook.com\/miumjaupood\/"]}]}},"_links":{"self":[{"href":"https:\/\/miumjau.ee\/lv\/wp-json\/wp\/v2\/product\/54564","targetHints":{"allow":["GET"]}}],"collection":[{"href":"https:\/\/miumjau.ee\/lv\/wp-json\/wp\/v2\/product"}],"about":[{"href":"https:\/\/miumjau.ee\/lv\/wp-json\/wp\/v2\/types\/product"}],"wp:featuredmedia":[{"embeddable":true,"href":"https:\/\/miumjau.ee\/lv\/wp-json\/wp\/v2\/media\/54569"}],"wp:attachment":[{"href":"https:\/\/miumjau.ee\/lv\/wp-json\/wp\/v2\/media?parent=54564"}],"wp:term":[{"taxonomy":"product_brand","embeddable":true,"href":"https:\/\/miumjau.ee\/lv\/wp-json\/wp\/v2\/product_brand?post=54564"},{"taxonomy":"product_cat","embeddable":true,"href":"https:\/\/miumjau.ee\/lv\/wp-json\/wp\/v2\/product_cat?post=54564"},{"taxonomy":"product_tag","embeddable":true,"href":"https:\/\/miumjau.ee\/lv\/wp-json\/wp\/v2\/product_tag?post=54564"}],"curies":[{"name":"wp","href":"https:\/\/api.w.org\/{rel}","templated":true}]}}