{"id":53888,"date":"2026-02-15T12:10:52","date_gmt":"2026-02-15T10:10:52","guid":{"rendered":"https:\/\/miumjau.ee\/?post_type=product&#038;p=53888"},"modified":"2026-02-15T23:25:30","modified_gmt":"2026-02-15T21:25:30","slug":"ibero-natural-grainfree-adult-m-l-ar-jera-galu-12-kg-kopeeri","status":"publish","type":"product","link":"https:\/\/miumjau.ee\/lv\/produkts\/ibero-natural-grainfree-adult-m-l-ar-jera-galu-12-kg-kopeeri\/","title":{"rendered":"Ibero Natural Grainfree, Adult M\/L ar j\u0113ra ga\u013cu 2kg"},"content":{"rendered":"","protected":false},"excerpt":{"rendered":"<p data-start=\"91\" data-end=\"238\">Pilnv\u0113rt\u012bga bezgraudu bar\u012bba pieaugu\u0161iem visu \u0161\u0137ir\u0146u un izm\u0113ru su\u0146iem. Ide\u0101li piem\u0113rota su\u0146iem ar jut\u012bgu gremo\u0161anas sist\u0113mu vai graudaugu aler\u0123iju.<\/p>\n<p data-start=\"240\" data-end=\"596\">Galven\u0101 sast\u0101vda\u013ca ir kalt\u0113ta j\u0113ra ga\u013ca, kas nodro\u0161ina augstas kvalit\u0101tes olbaltumvielas musku\u013cu masas uztur\u0113\u0161anai un visp\u0101r\u0113j\u0101s dz\u012bvotsp\u0113jas veicin\u0101\u0161anai. Bat\u0101tes un kalt\u0113ti kartupe\u013ci ir viegli sagremojams ener\u0123ijas avots, kas \u012bpa\u0161i piem\u0113rots su\u0146iem ar jut\u012bgu gremo\u0161anu. J\u0113ra aknas un liellopu tauki uzlabo bar\u012bbas gar\u0161u un nodro\u0161ina svar\u012bgas uzturvielas.<\/p>\n<p data-start=\"598\" data-end=\"940\">\u0136irbis, burk\u0101ni un lins\u0113klas atbalsta gremo\u0161anas vesel\u012bbu un uzlabo apmatojuma kvalit\u0101ti. Lins\u0113kl\u0101s eso\u0161\u0101s omega-3 tauksk\u0101bes veicina \u0101das vesel\u012bbu un apmatojuma dabisko sp\u012bdumu. Funkcion\u0101l\u0101s sast\u0101vda\u013cas, piem\u0113ram, cigori\u0146u ekstrakts, beta-glik\u0101ni, glikozam\u012bns un hondroit\u012bna sulf\u0101ts, pal\u012bdz uztur\u0113t loc\u012btavu vesel\u012bbu un stiprina im\u016bnsist\u0113mu.<\/p>\n<p data-start=\"942\" data-end=\"1120\">Sabalans\u0113ts vitam\u012bnu un miner\u0101lvielu saturs \u2013 A, D3 un E vitam\u012bni, B grupas vitam\u012bnu komplekss, k\u0101 ar\u012b cinks, dzelzs un sel\u0113ns \u2013 atbalsta su\u0146a ilgtermi\u0146a vesel\u012bbu un dz\u012bvotsp\u0113ju.<\/p>\n<p data-start=\"1122\" data-end=\"1423\"><strong data-start=\"1122\" data-end=\"1134\">Sast\u0101vs:<\/strong> kalt\u0113ta j\u0113ra ga\u013ca 31%, bat\u0101tes, kalt\u0113ti kartupe\u013ci, liellopu tauki 14%, j\u0113ra aknas 5%, kalt\u0113ts \u0137irbis 2%, kalt\u0113tas j\u0113ra aknas 2%, kalt\u0113ti burk\u0101ni 1,2%, \u010dia s\u0113klas 0,1%, lins\u0113klas, cigori\u0146u ekstrakts, juka, beta-glik\u0101ni, glikozam\u012bns, hondroit\u012bna sulf\u0101ts, vitam\u012bnu un miner\u0101lvielu mais\u012bjums.<\/p>\n<p data-start=\"1425\" data-end=\"1584\"><strong data-start=\"1425\" data-end=\"1453\">Anal\u012btisk\u0101s sast\u0101vda\u013cas:<\/strong> kopprote\u012bns 25%, koptauki 14%, kop\u0161\u0137iedra 3,2%, koppele 6,9%, kalcijs 1,1%, fosfors 0,85%, n\u0101trijs 0,15%, maksim\u0101lais mitrums 10%.<\/p>\n<p data-start=\"1586\" data-end=\"2004\"><strong data-start=\"1586\" data-end=\"1607\">Piedevas (uz kg):<\/strong><br data-start=\"1607\" data-end=\"1610\" \/>A vitam\u012bns 16 300 SV, D3 vitam\u012bns 1 620 SV, E vitam\u012bns 160 mg, B1 vitam\u012bns 4,8 mg, B2 vitam\u012bns 8 mg, B6 vitam\u012bns 6,4 mg, B12 vitam\u012bns 0,07 mg, niac\u012bns 40 mg, pantot\u0113nsk\u0101be 16 mg, folijsk\u0101be 0,64 mg, biot\u012bns 0,4 mg, C vitam\u012bns 160 mg, jods 4 mg, sel\u0113ns 0,35 mg, dzelzs 96 mg, var\u0161 12 mg, cinks 120 mg, mang\u0101ns 12 mg, hol\u012bna hlor\u012bds 1 728 mg, glikozam\u012bns 400 mg\/kg, hondroit\u012bna sulf\u0101ts 350 mg\/kg.<\/p>\n<p data-start=\"2006\" data-end=\"2044\"><strong data-start=\"2006\" data-end=\"2030\">Ener\u0123\u0113tisk\u0101 v\u0113rt\u012bba:<\/strong> 3 790 kcal\/kg<\/p>\n","protected":false},"featured_media":53893,"template":"","meta":[],"product_brand":[],"product_cat":[575,573],"product_tag":[],"class_list":{"0":"post-53888","1":"product","2":"type-product","3":"status-publish","4":"has-post-thumbnail","6":"product_cat-sausa-bariba-suniem","7":"product_cat-kaup24-lv","9":"first","10":"instock","11":"sale","12":"taxable","13":"shipping-taxable","14":"purchasable","15":"product-type-simple"},"yoast_head":"<!-- This site is optimized with the Yoast SEO plugin v27.2 - https:\/\/yoast.com\/product\/yoast-seo-wordpress\/ -->\n<title>Ibero Natural Grainfree, Adult M\/L ar j\u0113ra ga\u013cu 2kg - MiuMjau<\/title>\n<meta name=\"robots\" content=\"index, follow, max-snippet:-1, max-image-preview:large, max-video-preview:-1\" \/>\n<link rel=\"canonical\" href=\"https:\/\/miumjau.ee\/lv\/produkts\/ibero-natural-grainfree-adult-m-l-ar-jera-galu-12-kg-kopeeri\/\" \/>\n<meta property=\"og:locale\" content=\"lv_LV\" \/>\n<meta property=\"og:type\" content=\"article\" \/>\n<meta property=\"og:title\" content=\"Ibero Natural Grainfree, Adult M\/L ar j\u0113ra ga\u013cu 2kg - MiuMjau\" \/>\n<meta property=\"og:description\" content=\"Pilnv\u0113rt\u012bga bezgraudu bar\u012bba pieaugu\u0161iem visu \u0161\u0137ir\u0146u un izm\u0113ru su\u0146iem. Ide\u0101li piem\u0113rota su\u0146iem ar jut\u012bgu gremo\u0161anas sist\u0113mu vai graudaugu aler\u0123iju. Galven\u0101 sast\u0101vda\u013ca ir kalt\u0113ta j\u0113ra ga\u013ca, kas nodro\u0161ina augstas kvalit\u0101tes olbaltumvielas musku\u013cu masas uztur\u0113\u0161anai un visp\u0101r\u0113j\u0101s dz\u012bvotsp\u0113jas veicin\u0101\u0161anai. Bat\u0101tes un kalt\u0113ti kartupe\u013ci ir viegli sagremojams ener\u0123ijas avots, kas \u012bpa\u0161i piem\u0113rots su\u0146iem ar jut\u012bgu gremo\u0161anu. J\u0113ra aknas un liellopu tauki uzlabo bar\u012bbas gar\u0161u un nodro\u0161ina svar\u012bgas uzturvielas. \u0136irbis, burk\u0101ni un lins\u0113klas atbalsta gremo\u0161anas vesel\u012bbu un uzlabo apmatojuma kvalit\u0101ti. Lins\u0113kl\u0101s eso\u0161\u0101s omega-3 tauksk\u0101bes veicina \u0101das vesel\u012bbu un apmatojuma dabisko sp\u012bdumu. Funkcion\u0101l\u0101s sast\u0101vda\u013cas, piem\u0113ram, cigori\u0146u ekstrakts, beta-glik\u0101ni, glikozam\u012bns un hondroit\u012bna sulf\u0101ts, pal\u012bdz uztur\u0113t loc\u012btavu vesel\u012bbu un stiprina im\u016bnsist\u0113mu. Sabalans\u0113ts vitam\u012bnu un miner\u0101lvielu saturs \u2013 A, D3 un E vitam\u012bni, B grupas vitam\u012bnu komplekss, k\u0101 ar\u012b cinks, dzelzs un sel\u0113ns \u2013 atbalsta su\u0146a ilgtermi\u0146a vesel\u012bbu un dz\u012bvotsp\u0113ju. Sast\u0101vs: kalt\u0113ta j\u0113ra ga\u013ca 31%, bat\u0101tes, kalt\u0113ti kartupe\u013ci, liellopu tauki 14%, j\u0113ra aknas 5%, kalt\u0113ts \u0137irbis 2%, kalt\u0113tas j\u0113ra aknas 2%, kalt\u0113ti burk\u0101ni 1,2%, \u010dia s\u0113klas 0,1%, lins\u0113klas, cigori\u0146u ekstrakts, juka, beta-glik\u0101ni, glikozam\u012bns, hondroit\u012bna sulf\u0101ts, vitam\u012bnu un miner\u0101lvielu mais\u012bjums. Anal\u012btisk\u0101s sast\u0101vda\u013cas: kopprote\u012bns 25%, koptauki 14%, kop\u0161\u0137iedra 3,2%, koppele 6,9%, kalcijs 1,1%, fosfors 0,85%, n\u0101trijs 0,15%, maksim\u0101lais mitrums 10%. Piedevas (uz kg):A vitam\u012bns 16 300 SV, D3 vitam\u012bns 1 620 SV, E vitam\u012bns 160 mg, B1 vitam\u012bns 4,8 mg, B2 vitam\u012bns 8 mg, B6 vitam\u012bns 6,4 mg, B12 vitam\u012bns 0,07 mg, niac\u012bns 40 mg, pantot\u0113nsk\u0101be 16 mg, folijsk\u0101be 0,64 mg, biot\u012bns 0,4 mg, C vitam\u012bns 160 mg, jods 4 mg, sel\u0113ns 0,35 mg, dzelzs 96 mg, var\u0161 12 mg, cinks 120 mg, mang\u0101ns 12 mg, hol\u012bna hlor\u012bds 1 728 mg, glikozam\u012bns 400 mg\/kg, hondroit\u012bna sulf\u0101ts 350 mg\/kg. Ener\u0123\u0113tisk\u0101 v\u0113rt\u012bba: 3 790 kcal\/kg\" \/>\n<meta property=\"og:url\" content=\"https:\/\/miumjau.ee\/lv\/produkts\/ibero-natural-grainfree-adult-m-l-ar-jera-galu-12-kg-kopeeri\/\" \/>\n<meta property=\"og:site_name\" content=\"MiuMjau\" \/>\n<meta property=\"article:publisher\" content=\"https:\/\/www.facebook.com\/miumjaupood\/\" \/>\n<meta property=\"article:modified_time\" content=\"2026-02-15T21:25:30+00:00\" \/>\n<meta property=\"og:image\" content=\"https:\/\/miumjau.ee\/wp-content\/uploads\/2026\/02\/ibero-grainfree-ml-adult-lamb-2kg.jpg\" \/>\n\t<meta property=\"og:image:width\" content=\"600\" \/>\n\t<meta property=\"og:image:height\" content=\"800\" \/>\n\t<meta property=\"og:image:type\" content=\"image\/jpeg\" \/>\n<meta name=\"twitter:card\" content=\"summary_large_image\" \/>\n<script type=\"application\/ld+json\" class=\"yoast-schema-graph\">{\"@context\":\"https:\/\/schema.org\",\"@graph\":[{\"@type\":\"WebPage\",\"@id\":\"https:\/\/miumjau.ee\/lv\/produkts\/ibero-natural-grainfree-adult-m-l-ar-jera-galu-12-kg-kopeeri\/\",\"url\":\"https:\/\/miumjau.ee\/lv\/produkts\/ibero-natural-grainfree-adult-m-l-ar-jera-galu-12-kg-kopeeri\/\",\"name\":\"Ibero Natural Grainfree, Adult M\/L ar j\u0113ra ga\u013cu 2kg - MiuMjau\",\"isPartOf\":{\"@id\":\"https:\/\/miumjau.ee\/#website\"},\"primaryImageOfPage\":{\"@id\":\"https:\/\/miumjau.ee\/lv\/produkts\/ibero-natural-grainfree-adult-m-l-ar-jera-galu-12-kg-kopeeri\/#primaryimage\"},\"image\":{\"@id\":\"https:\/\/miumjau.ee\/lv\/produkts\/ibero-natural-grainfree-adult-m-l-ar-jera-galu-12-kg-kopeeri\/#primaryimage\"},\"thumbnailUrl\":\"https:\/\/miumjau.ee\/wp-content\/uploads\/2026\/02\/ibero-grainfree-ml-adult-lamb-2kg.jpg\",\"datePublished\":\"2026-02-15T10:10:52+00:00\",\"dateModified\":\"2026-02-15T21:25:30+00:00\",\"breadcrumb\":{\"@id\":\"https:\/\/miumjau.ee\/lv\/produkts\/ibero-natural-grainfree-adult-m-l-ar-jera-galu-12-kg-kopeeri\/#breadcrumb\"},\"inLanguage\":\"lv-LV\",\"potentialAction\":[{\"@type\":\"ReadAction\",\"target\":[\"https:\/\/miumjau.ee\/lv\/produkts\/ibero-natural-grainfree-adult-m-l-ar-jera-galu-12-kg-kopeeri\/\"]}]},{\"@type\":\"ImageObject\",\"inLanguage\":\"lv-LV\",\"@id\":\"https:\/\/miumjau.ee\/lv\/produkts\/ibero-natural-grainfree-adult-m-l-ar-jera-galu-12-kg-kopeeri\/#primaryimage\",\"url\":\"https:\/\/miumjau.ee\/wp-content\/uploads\/2026\/02\/ibero-grainfree-ml-adult-lamb-2kg.jpg\",\"contentUrl\":\"https:\/\/miumjau.ee\/wp-content\/uploads\/2026\/02\/ibero-grainfree-ml-adult-lamb-2kg.jpg\",\"width\":600,\"height\":800,\"caption\":\"Ibero Natural teraviljavaba, Adult M\/L lambaga 2kg\"},{\"@type\":\"BreadcrumbList\",\"@id\":\"https:\/\/miumjau.ee\/lv\/produkts\/ibero-natural-grainfree-adult-m-l-ar-jera-galu-12-kg-kopeeri\/#breadcrumb\",\"itemListElement\":[{\"@type\":\"ListItem\",\"position\":1,\"name\":\"Home\",\"item\":\"https:\/\/miumjau.ee\/lv\/\"},{\"@type\":\"ListItem\",\"position\":2,\"name\":\"Veikals\",\"item\":\"https:\/\/miumjau.ee\/lv\/veikals\/\"},{\"@type\":\"ListItem\",\"position\":3,\"name\":\"Ibero Natural Grainfree, Adult M\/L ar j\u0113ra ga\u013cu 2kg\"}]},{\"@type\":\"WebSite\",\"@id\":\"https:\/\/miumjau.ee\/#website\",\"url\":\"https:\/\/miumjau.ee\/\",\"name\":\"MiuMjau\",\"description\":\"Kraapimispuud kassidele\",\"publisher\":{\"@id\":\"https:\/\/miumjau.ee\/#organization\"},\"potentialAction\":[{\"@type\":\"SearchAction\",\"target\":{\"@type\":\"EntryPoint\",\"urlTemplate\":\"https:\/\/miumjau.ee\/?s={search_term_string}\"},\"query-input\":{\"@type\":\"PropertyValueSpecification\",\"valueRequired\":true,\"valueName\":\"search_term_string\"}}],\"inLanguage\":\"lv-LV\"},{\"@type\":\"Organization\",\"@id\":\"https:\/\/miumjau.ee\/#organization\",\"name\":\"MiuMjau O\u00dc\",\"url\":\"https:\/\/miumjau.ee\/\",\"logo\":{\"@type\":\"ImageObject\",\"inLanguage\":\"lv-LV\",\"@id\":\"https:\/\/miumjau.ee\/#\/schema\/logo\/image\/\",\"url\":\"https:\/\/miumjau.ee\/wp-content\/uploads\/2022\/04\/MiuMjau-logo-kollane.png\",\"contentUrl\":\"https:\/\/miumjau.ee\/wp-content\/uploads\/2022\/04\/MiuMjau-logo-kollane.png\",\"width\":219,\"height\":100,\"caption\":\"MiuMjau O\u00dc\"},\"image\":{\"@id\":\"https:\/\/miumjau.ee\/#\/schema\/logo\/image\/\"},\"sameAs\":[\"https:\/\/www.facebook.com\/miumjaupood\/\"]}]}<\/script>\n<!-- \/ Yoast SEO plugin. -->","yoast_head_json":{"title":"Ibero Natural Grainfree, Adult M\/L ar j\u0113ra ga\u013cu 2kg - MiuMjau","robots":{"index":"index","follow":"follow","max-snippet":"max-snippet:-1","max-image-preview":"max-image-preview:large","max-video-preview":"max-video-preview:-1"},"canonical":"https:\/\/miumjau.ee\/lv\/produkts\/ibero-natural-grainfree-adult-m-l-ar-jera-galu-12-kg-kopeeri\/","og_locale":"lv_LV","og_type":"article","og_title":"Ibero Natural Grainfree, Adult M\/L ar j\u0113ra ga\u013cu 2kg - MiuMjau","og_description":"Pilnv\u0113rt\u012bga bezgraudu bar\u012bba pieaugu\u0161iem visu \u0161\u0137ir\u0146u un izm\u0113ru su\u0146iem. Ide\u0101li piem\u0113rota su\u0146iem ar jut\u012bgu gremo\u0161anas sist\u0113mu vai graudaugu aler\u0123iju. Galven\u0101 sast\u0101vda\u013ca ir kalt\u0113ta j\u0113ra ga\u013ca, kas nodro\u0161ina augstas kvalit\u0101tes olbaltumvielas musku\u013cu masas uztur\u0113\u0161anai un visp\u0101r\u0113j\u0101s dz\u012bvotsp\u0113jas veicin\u0101\u0161anai. Bat\u0101tes un kalt\u0113ti kartupe\u013ci ir viegli sagremojams ener\u0123ijas avots, kas \u012bpa\u0161i piem\u0113rots su\u0146iem ar jut\u012bgu gremo\u0161anu. J\u0113ra aknas un liellopu tauki uzlabo bar\u012bbas gar\u0161u un nodro\u0161ina svar\u012bgas uzturvielas. \u0136irbis, burk\u0101ni un lins\u0113klas atbalsta gremo\u0161anas vesel\u012bbu un uzlabo apmatojuma kvalit\u0101ti. Lins\u0113kl\u0101s eso\u0161\u0101s omega-3 tauksk\u0101bes veicina \u0101das vesel\u012bbu un apmatojuma dabisko sp\u012bdumu. Funkcion\u0101l\u0101s sast\u0101vda\u013cas, piem\u0113ram, cigori\u0146u ekstrakts, beta-glik\u0101ni, glikozam\u012bns un hondroit\u012bna sulf\u0101ts, pal\u012bdz uztur\u0113t loc\u012btavu vesel\u012bbu un stiprina im\u016bnsist\u0113mu. Sabalans\u0113ts vitam\u012bnu un miner\u0101lvielu saturs \u2013 A, D3 un E vitam\u012bni, B grupas vitam\u012bnu komplekss, k\u0101 ar\u012b cinks, dzelzs un sel\u0113ns \u2013 atbalsta su\u0146a ilgtermi\u0146a vesel\u012bbu un dz\u012bvotsp\u0113ju. Sast\u0101vs: kalt\u0113ta j\u0113ra ga\u013ca 31%, bat\u0101tes, kalt\u0113ti kartupe\u013ci, liellopu tauki 14%, j\u0113ra aknas 5%, kalt\u0113ts \u0137irbis 2%, kalt\u0113tas j\u0113ra aknas 2%, kalt\u0113ti burk\u0101ni 1,2%, \u010dia s\u0113klas 0,1%, lins\u0113klas, cigori\u0146u ekstrakts, juka, beta-glik\u0101ni, glikozam\u012bns, hondroit\u012bna sulf\u0101ts, vitam\u012bnu un miner\u0101lvielu mais\u012bjums. Anal\u012btisk\u0101s sast\u0101vda\u013cas: kopprote\u012bns 25%, koptauki 14%, kop\u0161\u0137iedra 3,2%, koppele 6,9%, kalcijs 1,1%, fosfors 0,85%, n\u0101trijs 0,15%, maksim\u0101lais mitrums 10%. Piedevas (uz kg):A vitam\u012bns 16 300 SV, D3 vitam\u012bns 1 620 SV, E vitam\u012bns 160 mg, B1 vitam\u012bns 4,8 mg, B2 vitam\u012bns 8 mg, B6 vitam\u012bns 6,4 mg, B12 vitam\u012bns 0,07 mg, niac\u012bns 40 mg, pantot\u0113nsk\u0101be 16 mg, folijsk\u0101be 0,64 mg, biot\u012bns 0,4 mg, C vitam\u012bns 160 mg, jods 4 mg, sel\u0113ns 0,35 mg, dzelzs 96 mg, var\u0161 12 mg, cinks 120 mg, mang\u0101ns 12 mg, hol\u012bna hlor\u012bds 1 728 mg, glikozam\u012bns 400 mg\/kg, hondroit\u012bna sulf\u0101ts 350 mg\/kg. Ener\u0123\u0113tisk\u0101 v\u0113rt\u012bba: 3 790 kcal\/kg","og_url":"https:\/\/miumjau.ee\/lv\/produkts\/ibero-natural-grainfree-adult-m-l-ar-jera-galu-12-kg-kopeeri\/","og_site_name":"MiuMjau","article_publisher":"https:\/\/www.facebook.com\/miumjaupood\/","article_modified_time":"2026-02-15T21:25:30+00:00","og_image":[{"width":600,"height":800,"url":"https:\/\/miumjau.ee\/wp-content\/uploads\/2026\/02\/ibero-grainfree-ml-adult-lamb-2kg.jpg","type":"image\/jpeg"}],"twitter_card":"summary_large_image","schema":{"@context":"https:\/\/schema.org","@graph":[{"@type":"WebPage","@id":"https:\/\/miumjau.ee\/lv\/produkts\/ibero-natural-grainfree-adult-m-l-ar-jera-galu-12-kg-kopeeri\/","url":"https:\/\/miumjau.ee\/lv\/produkts\/ibero-natural-grainfree-adult-m-l-ar-jera-galu-12-kg-kopeeri\/","name":"Ibero Natural Grainfree, Adult M\/L ar j\u0113ra ga\u013cu 2kg - MiuMjau","isPartOf":{"@id":"https:\/\/miumjau.ee\/#website"},"primaryImageOfPage":{"@id":"https:\/\/miumjau.ee\/lv\/produkts\/ibero-natural-grainfree-adult-m-l-ar-jera-galu-12-kg-kopeeri\/#primaryimage"},"image":{"@id":"https:\/\/miumjau.ee\/lv\/produkts\/ibero-natural-grainfree-adult-m-l-ar-jera-galu-12-kg-kopeeri\/#primaryimage"},"thumbnailUrl":"https:\/\/miumjau.ee\/wp-content\/uploads\/2026\/02\/ibero-grainfree-ml-adult-lamb-2kg.jpg","datePublished":"2026-02-15T10:10:52+00:00","dateModified":"2026-02-15T21:25:30+00:00","breadcrumb":{"@id":"https:\/\/miumjau.ee\/lv\/produkts\/ibero-natural-grainfree-adult-m-l-ar-jera-galu-12-kg-kopeeri\/#breadcrumb"},"inLanguage":"lv-LV","potentialAction":[{"@type":"ReadAction","target":["https:\/\/miumjau.ee\/lv\/produkts\/ibero-natural-grainfree-adult-m-l-ar-jera-galu-12-kg-kopeeri\/"]}]},{"@type":"ImageObject","inLanguage":"lv-LV","@id":"https:\/\/miumjau.ee\/lv\/produkts\/ibero-natural-grainfree-adult-m-l-ar-jera-galu-12-kg-kopeeri\/#primaryimage","url":"https:\/\/miumjau.ee\/wp-content\/uploads\/2026\/02\/ibero-grainfree-ml-adult-lamb-2kg.jpg","contentUrl":"https:\/\/miumjau.ee\/wp-content\/uploads\/2026\/02\/ibero-grainfree-ml-adult-lamb-2kg.jpg","width":600,"height":800,"caption":"Ibero Natural teraviljavaba, Adult M\/L lambaga 2kg"},{"@type":"BreadcrumbList","@id":"https:\/\/miumjau.ee\/lv\/produkts\/ibero-natural-grainfree-adult-m-l-ar-jera-galu-12-kg-kopeeri\/#breadcrumb","itemListElement":[{"@type":"ListItem","position":1,"name":"Home","item":"https:\/\/miumjau.ee\/lv\/"},{"@type":"ListItem","position":2,"name":"Veikals","item":"https:\/\/miumjau.ee\/lv\/veikals\/"},{"@type":"ListItem","position":3,"name":"Ibero Natural Grainfree, Adult M\/L ar j\u0113ra ga\u013cu 2kg"}]},{"@type":"WebSite","@id":"https:\/\/miumjau.ee\/#website","url":"https:\/\/miumjau.ee\/","name":"MiuMjau","description":"Kraapimispuud kassidele","publisher":{"@id":"https:\/\/miumjau.ee\/#organization"},"potentialAction":[{"@type":"SearchAction","target":{"@type":"EntryPoint","urlTemplate":"https:\/\/miumjau.ee\/?s={search_term_string}"},"query-input":{"@type":"PropertyValueSpecification","valueRequired":true,"valueName":"search_term_string"}}],"inLanguage":"lv-LV"},{"@type":"Organization","@id":"https:\/\/miumjau.ee\/#organization","name":"MiuMjau O\u00dc","url":"https:\/\/miumjau.ee\/","logo":{"@type":"ImageObject","inLanguage":"lv-LV","@id":"https:\/\/miumjau.ee\/#\/schema\/logo\/image\/","url":"https:\/\/miumjau.ee\/wp-content\/uploads\/2022\/04\/MiuMjau-logo-kollane.png","contentUrl":"https:\/\/miumjau.ee\/wp-content\/uploads\/2022\/04\/MiuMjau-logo-kollane.png","width":219,"height":100,"caption":"MiuMjau O\u00dc"},"image":{"@id":"https:\/\/miumjau.ee\/#\/schema\/logo\/image\/"},"sameAs":["https:\/\/www.facebook.com\/miumjaupood\/"]}]}},"_links":{"self":[{"href":"https:\/\/miumjau.ee\/lv\/wp-json\/wp\/v2\/product\/53888","targetHints":{"allow":["GET"]}}],"collection":[{"href":"https:\/\/miumjau.ee\/lv\/wp-json\/wp\/v2\/product"}],"about":[{"href":"https:\/\/miumjau.ee\/lv\/wp-json\/wp\/v2\/types\/product"}],"wp:featuredmedia":[{"embeddable":true,"href":"https:\/\/miumjau.ee\/lv\/wp-json\/wp\/v2\/media\/53893"}],"wp:attachment":[{"href":"https:\/\/miumjau.ee\/lv\/wp-json\/wp\/v2\/media?parent=53888"}],"wp:term":[{"taxonomy":"product_brand","embeddable":true,"href":"https:\/\/miumjau.ee\/lv\/wp-json\/wp\/v2\/product_brand?post=53888"},{"taxonomy":"product_cat","embeddable":true,"href":"https:\/\/miumjau.ee\/lv\/wp-json\/wp\/v2\/product_cat?post=53888"},{"taxonomy":"product_tag","embeddable":true,"href":"https:\/\/miumjau.ee\/lv\/wp-json\/wp\/v2\/product_tag?post=53888"}],"curies":[{"name":"wp","href":"https:\/\/api.w.org\/{rel}","templated":true}]}}