{"id":53633,"date":"2026-01-27T09:15:14","date_gmt":"2026-01-27T07:15:14","guid":{"rendered":"https:\/\/miumjau.ee\/toode\/kong-lazers-kakiem\/"},"modified":"2026-01-27T09:15:14","modified_gmt":"2026-01-27T07:15:14","slug":"kong-lazers-kakiem","status":"publish","type":"product","link":"https:\/\/miumjau.ee\/lv\/produkts\/kong-lazers-kakiem\/","title":{"rendered":"Kong l\u0101zers ka\u0137iem"},"content":{"rendered":"","protected":false},"excerpt":{"rendered":"<p data-start=\"2344\" data-end=\"2405\">Sp\u0113l\u0113\u0161an\u0101s ar l\u0101zeru stimul\u0113 ka\u0137a dabiskos med\u012bbu instinktus.<\/p>\n<p data-start=\"2407\" data-end=\"2445\">Vienk\u0101r\u0161s, viegls un iztur\u012bgs dizains.<\/p>\n<p data-start=\"2447\" data-end=\"2497\">Veicina akt\u012bvu dz\u012bvesveidu un visp\u0101r\u0113jo labsaj\u016btu.<\/p>\n<p data-start=\"2499\" data-end=\"2779\">KONG Laser Pointer ir m\u016bsdien\u012bga rota\u013clieta, kas izstr\u0101d\u0101ta \u012bpa\u0161i ka\u0137a med\u012bbu instinkta stimul\u0113\u0161anai jautr\u0101 un dro\u0161\u0101 veid\u0101. Jaud\u012bgais l\u0101zera stars mudina ka\u0137i skriet, l\u0113kt un vaj\u0101t kust\u012bgo gaismu. Tas uztur m\u0101jdz\u012bvnieku fiziski akt\u012bvu un nodro\u0161ina nepiecie\u0161amo gar\u012bgo stimul\u0101ciju.<\/p>\n<p data-start=\"2781\" data-end=\"2991\">L\u0101zera r\u0101d\u012bt\u0101ju ir \u013coti viegli lietot, un t\u0101 ergonomiskais dizains padara to \u0113rtu tur\u0113\u0161anai rok\u0101. Pateicoties iztur\u012bgajiem materi\u0101liem, KONG Laser Pointer kalpo ilgi un iztur pat visintens\u012bv\u0101k\u0101s rota\u013cu sesijas.<\/p>\n","protected":false},"featured_media":53002,"template":"","meta":[],"product_brand":[],"product_cat":[590],"product_tag":[],"class_list":{"0":"post-53633","1":"product","2":"type-product","3":"status-publish","4":"has-post-thumbnail","6":"product_cat-kaku-rotallietas","8":"first","9":"instock","10":"sale","11":"taxable","12":"shipping-taxable","13":"purchasable","14":"product-type-simple"},"yoast_head":"<!-- This site is optimized with the Yoast SEO plugin v27.2 - https:\/\/yoast.com\/product\/yoast-seo-wordpress\/ -->\n<title>Kong l\u0101zers ka\u0137iem - MiuMjau<\/title>\n<meta name=\"robots\" content=\"index, follow, max-snippet:-1, max-image-preview:large, max-video-preview:-1\" \/>\n<link rel=\"canonical\" href=\"https:\/\/miumjau.ee\/lv\/produkts\/kong-lazers-kakiem\/\" \/>\n<meta property=\"og:locale\" content=\"lv_LV\" \/>\n<meta property=\"og:type\" content=\"article\" \/>\n<meta property=\"og:title\" content=\"Kong l\u0101zers ka\u0137iem - MiuMjau\" \/>\n<meta property=\"og:description\" content=\"Sp\u0113l\u0113\u0161an\u0101s ar l\u0101zeru stimul\u0113 ka\u0137a dabiskos med\u012bbu instinktus. Vienk\u0101r\u0161s, viegls un iztur\u012bgs dizains. Veicina akt\u012bvu dz\u012bvesveidu un visp\u0101r\u0113jo labsaj\u016btu. KONG Laser Pointer ir m\u016bsdien\u012bga rota\u013clieta, kas izstr\u0101d\u0101ta \u012bpa\u0161i ka\u0137a med\u012bbu instinkta stimul\u0113\u0161anai jautr\u0101 un dro\u0161\u0101 veid\u0101. Jaud\u012bgais l\u0101zera stars mudina ka\u0137i skriet, l\u0113kt un vaj\u0101t kust\u012bgo gaismu. Tas uztur m\u0101jdz\u012bvnieku fiziski akt\u012bvu un nodro\u0161ina nepiecie\u0161amo gar\u012bgo stimul\u0101ciju. L\u0101zera r\u0101d\u012bt\u0101ju ir \u013coti viegli lietot, un t\u0101 ergonomiskais dizains padara to \u0113rtu tur\u0113\u0161anai rok\u0101. Pateicoties iztur\u012bgajiem materi\u0101liem, KONG Laser Pointer kalpo ilgi un iztur pat visintens\u012bv\u0101k\u0101s rota\u013cu sesijas.\" \/>\n<meta property=\"og:url\" content=\"https:\/\/miumjau.ee\/lv\/produkts\/kong-lazers-kakiem\/\" \/>\n<meta property=\"og:site_name\" content=\"MiuMjau\" \/>\n<meta property=\"article:publisher\" content=\"https:\/\/www.facebook.com\/miumjaupood\/\" \/>\n<meta property=\"og:image\" content=\"https:\/\/miumjau.ee\/wp-content\/uploads\/2026\/01\/kong-laser-kassidele3.jpg\" \/>\n\t<meta property=\"og:image:width\" content=\"600\" \/>\n\t<meta property=\"og:image:height\" content=\"800\" \/>\n\t<meta property=\"og:image:type\" content=\"image\/jpeg\" \/>\n<meta name=\"twitter:card\" content=\"summary_large_image\" \/>\n<script type=\"application\/ld+json\" class=\"yoast-schema-graph\">{\"@context\":\"https:\/\/schema.org\",\"@graph\":[{\"@type\":\"WebPage\",\"@id\":\"https:\/\/miumjau.ee\/lv\/produkts\/kong-lazers-kakiem\/\",\"url\":\"https:\/\/miumjau.ee\/lv\/produkts\/kong-lazers-kakiem\/\",\"name\":\"Kong l\u0101zers ka\u0137iem - MiuMjau\",\"isPartOf\":{\"@id\":\"https:\/\/miumjau.ee\/#website\"},\"primaryImageOfPage\":{\"@id\":\"https:\/\/miumjau.ee\/lv\/produkts\/kong-lazers-kakiem\/#primaryimage\"},\"image\":{\"@id\":\"https:\/\/miumjau.ee\/lv\/produkts\/kong-lazers-kakiem\/#primaryimage\"},\"thumbnailUrl\":\"https:\/\/miumjau.ee\/wp-content\/uploads\/2026\/01\/kong-laser-kassidele3.jpg\",\"datePublished\":\"2026-01-27T07:15:14+00:00\",\"breadcrumb\":{\"@id\":\"https:\/\/miumjau.ee\/lv\/produkts\/kong-lazers-kakiem\/#breadcrumb\"},\"inLanguage\":\"lv-LV\",\"potentialAction\":[{\"@type\":\"ReadAction\",\"target\":[\"https:\/\/miumjau.ee\/lv\/produkts\/kong-lazers-kakiem\/\"]}]},{\"@type\":\"ImageObject\",\"inLanguage\":\"lv-LV\",\"@id\":\"https:\/\/miumjau.ee\/lv\/produkts\/kong-lazers-kakiem\/#primaryimage\",\"url\":\"https:\/\/miumjau.ee\/wp-content\/uploads\/2026\/01\/kong-laser-kassidele3.jpg\",\"contentUrl\":\"https:\/\/miumjau.ee\/wp-content\/uploads\/2026\/01\/kong-laser-kassidele3.jpg\",\"width\":600,\"height\":800,\"caption\":\"Kong laser kassidele\"},{\"@type\":\"BreadcrumbList\",\"@id\":\"https:\/\/miumjau.ee\/lv\/produkts\/kong-lazers-kakiem\/#breadcrumb\",\"itemListElement\":[{\"@type\":\"ListItem\",\"position\":1,\"name\":\"Home\",\"item\":\"https:\/\/miumjau.ee\/lv\/\"},{\"@type\":\"ListItem\",\"position\":2,\"name\":\"Veikals\",\"item\":\"https:\/\/miumjau.ee\/lv\/veikals\/\"},{\"@type\":\"ListItem\",\"position\":3,\"name\":\"Kong l\u0101zers ka\u0137iem\"}]},{\"@type\":\"WebSite\",\"@id\":\"https:\/\/miumjau.ee\/#website\",\"url\":\"https:\/\/miumjau.ee\/\",\"name\":\"MiuMjau\",\"description\":\"Kraapimispuud kassidele\",\"publisher\":{\"@id\":\"https:\/\/miumjau.ee\/#organization\"},\"potentialAction\":[{\"@type\":\"SearchAction\",\"target\":{\"@type\":\"EntryPoint\",\"urlTemplate\":\"https:\/\/miumjau.ee\/?s={search_term_string}\"},\"query-input\":{\"@type\":\"PropertyValueSpecification\",\"valueRequired\":true,\"valueName\":\"search_term_string\"}}],\"inLanguage\":\"lv-LV\"},{\"@type\":\"Organization\",\"@id\":\"https:\/\/miumjau.ee\/#organization\",\"name\":\"MiuMjau O\u00dc\",\"url\":\"https:\/\/miumjau.ee\/\",\"logo\":{\"@type\":\"ImageObject\",\"inLanguage\":\"lv-LV\",\"@id\":\"https:\/\/miumjau.ee\/#\/schema\/logo\/image\/\",\"url\":\"https:\/\/miumjau.ee\/wp-content\/uploads\/2022\/04\/MiuMjau-logo-kollane.png\",\"contentUrl\":\"https:\/\/miumjau.ee\/wp-content\/uploads\/2022\/04\/MiuMjau-logo-kollane.png\",\"width\":219,\"height\":100,\"caption\":\"MiuMjau O\u00dc\"},\"image\":{\"@id\":\"https:\/\/miumjau.ee\/#\/schema\/logo\/image\/\"},\"sameAs\":[\"https:\/\/www.facebook.com\/miumjaupood\/\"]}]}<\/script>\n<!-- \/ Yoast SEO plugin. -->","yoast_head_json":{"title":"Kong l\u0101zers ka\u0137iem - MiuMjau","robots":{"index":"index","follow":"follow","max-snippet":"max-snippet:-1","max-image-preview":"max-image-preview:large","max-video-preview":"max-video-preview:-1"},"canonical":"https:\/\/miumjau.ee\/lv\/produkts\/kong-lazers-kakiem\/","og_locale":"lv_LV","og_type":"article","og_title":"Kong l\u0101zers ka\u0137iem - MiuMjau","og_description":"Sp\u0113l\u0113\u0161an\u0101s ar l\u0101zeru stimul\u0113 ka\u0137a dabiskos med\u012bbu instinktus. Vienk\u0101r\u0161s, viegls un iztur\u012bgs dizains. Veicina akt\u012bvu dz\u012bvesveidu un visp\u0101r\u0113jo labsaj\u016btu. KONG Laser Pointer ir m\u016bsdien\u012bga rota\u013clieta, kas izstr\u0101d\u0101ta \u012bpa\u0161i ka\u0137a med\u012bbu instinkta stimul\u0113\u0161anai jautr\u0101 un dro\u0161\u0101 veid\u0101. Jaud\u012bgais l\u0101zera stars mudina ka\u0137i skriet, l\u0113kt un vaj\u0101t kust\u012bgo gaismu. Tas uztur m\u0101jdz\u012bvnieku fiziski akt\u012bvu un nodro\u0161ina nepiecie\u0161amo gar\u012bgo stimul\u0101ciju. L\u0101zera r\u0101d\u012bt\u0101ju ir \u013coti viegli lietot, un t\u0101 ergonomiskais dizains padara to \u0113rtu tur\u0113\u0161anai rok\u0101. Pateicoties iztur\u012bgajiem materi\u0101liem, KONG Laser Pointer kalpo ilgi un iztur pat visintens\u012bv\u0101k\u0101s rota\u013cu sesijas.","og_url":"https:\/\/miumjau.ee\/lv\/produkts\/kong-lazers-kakiem\/","og_site_name":"MiuMjau","article_publisher":"https:\/\/www.facebook.com\/miumjaupood\/","og_image":[{"width":600,"height":800,"url":"https:\/\/miumjau.ee\/wp-content\/uploads\/2026\/01\/kong-laser-kassidele3.jpg","type":"image\/jpeg"}],"twitter_card":"summary_large_image","schema":{"@context":"https:\/\/schema.org","@graph":[{"@type":"WebPage","@id":"https:\/\/miumjau.ee\/lv\/produkts\/kong-lazers-kakiem\/","url":"https:\/\/miumjau.ee\/lv\/produkts\/kong-lazers-kakiem\/","name":"Kong l\u0101zers ka\u0137iem - MiuMjau","isPartOf":{"@id":"https:\/\/miumjau.ee\/#website"},"primaryImageOfPage":{"@id":"https:\/\/miumjau.ee\/lv\/produkts\/kong-lazers-kakiem\/#primaryimage"},"image":{"@id":"https:\/\/miumjau.ee\/lv\/produkts\/kong-lazers-kakiem\/#primaryimage"},"thumbnailUrl":"https:\/\/miumjau.ee\/wp-content\/uploads\/2026\/01\/kong-laser-kassidele3.jpg","datePublished":"2026-01-27T07:15:14+00:00","breadcrumb":{"@id":"https:\/\/miumjau.ee\/lv\/produkts\/kong-lazers-kakiem\/#breadcrumb"},"inLanguage":"lv-LV","potentialAction":[{"@type":"ReadAction","target":["https:\/\/miumjau.ee\/lv\/produkts\/kong-lazers-kakiem\/"]}]},{"@type":"ImageObject","inLanguage":"lv-LV","@id":"https:\/\/miumjau.ee\/lv\/produkts\/kong-lazers-kakiem\/#primaryimage","url":"https:\/\/miumjau.ee\/wp-content\/uploads\/2026\/01\/kong-laser-kassidele3.jpg","contentUrl":"https:\/\/miumjau.ee\/wp-content\/uploads\/2026\/01\/kong-laser-kassidele3.jpg","width":600,"height":800,"caption":"Kong laser kassidele"},{"@type":"BreadcrumbList","@id":"https:\/\/miumjau.ee\/lv\/produkts\/kong-lazers-kakiem\/#breadcrumb","itemListElement":[{"@type":"ListItem","position":1,"name":"Home","item":"https:\/\/miumjau.ee\/lv\/"},{"@type":"ListItem","position":2,"name":"Veikals","item":"https:\/\/miumjau.ee\/lv\/veikals\/"},{"@type":"ListItem","position":3,"name":"Kong l\u0101zers ka\u0137iem"}]},{"@type":"WebSite","@id":"https:\/\/miumjau.ee\/#website","url":"https:\/\/miumjau.ee\/","name":"MiuMjau","description":"Kraapimispuud kassidele","publisher":{"@id":"https:\/\/miumjau.ee\/#organization"},"potentialAction":[{"@type":"SearchAction","target":{"@type":"EntryPoint","urlTemplate":"https:\/\/miumjau.ee\/?s={search_term_string}"},"query-input":{"@type":"PropertyValueSpecification","valueRequired":true,"valueName":"search_term_string"}}],"inLanguage":"lv-LV"},{"@type":"Organization","@id":"https:\/\/miumjau.ee\/#organization","name":"MiuMjau O\u00dc","url":"https:\/\/miumjau.ee\/","logo":{"@type":"ImageObject","inLanguage":"lv-LV","@id":"https:\/\/miumjau.ee\/#\/schema\/logo\/image\/","url":"https:\/\/miumjau.ee\/wp-content\/uploads\/2022\/04\/MiuMjau-logo-kollane.png","contentUrl":"https:\/\/miumjau.ee\/wp-content\/uploads\/2022\/04\/MiuMjau-logo-kollane.png","width":219,"height":100,"caption":"MiuMjau O\u00dc"},"image":{"@id":"https:\/\/miumjau.ee\/#\/schema\/logo\/image\/"},"sameAs":["https:\/\/www.facebook.com\/miumjaupood\/"]}]}},"_links":{"self":[{"href":"https:\/\/miumjau.ee\/lv\/wp-json\/wp\/v2\/product\/53633","targetHints":{"allow":["GET"]}}],"collection":[{"href":"https:\/\/miumjau.ee\/lv\/wp-json\/wp\/v2\/product"}],"about":[{"href":"https:\/\/miumjau.ee\/lv\/wp-json\/wp\/v2\/types\/product"}],"wp:featuredmedia":[{"embeddable":true,"href":"https:\/\/miumjau.ee\/lv\/wp-json\/wp\/v2\/media\/53002"}],"wp:attachment":[{"href":"https:\/\/miumjau.ee\/lv\/wp-json\/wp\/v2\/media?parent=53633"}],"wp:term":[{"taxonomy":"product_brand","embeddable":true,"href":"https:\/\/miumjau.ee\/lv\/wp-json\/wp\/v2\/product_brand?post=53633"},{"taxonomy":"product_cat","embeddable":true,"href":"https:\/\/miumjau.ee\/lv\/wp-json\/wp\/v2\/product_cat?post=53633"},{"taxonomy":"product_tag","embeddable":true,"href":"https:\/\/miumjau.ee\/lv\/wp-json\/wp\/v2\/product_tag?post=53633"}],"curies":[{"name":"wp","href":"https:\/\/api.w.org\/{rel}","templated":true}]}}