{"id":53619,"date":"2026-02-03T12:19:23","date_gmt":"2026-02-03T10:19:23","guid":{"rendered":"https:\/\/miumjau.ee\/toode\/nutrolin-senior-omega-ella-kakiem-150-ml\/"},"modified":"2026-02-03T12:19:23","modified_gmt":"2026-02-03T10:19:23","slug":"nutrolin-senior-omega-ella-kakiem-150-ml","status":"publish","type":"product","link":"https:\/\/miumjau.ee\/lv\/produkts\/nutrolin-senior-omega-ella-kakiem-150-ml\/","title":{"rendered":"Nutrolin Senior Omega e\u013c\u013ca ka\u0137iem, 150 ml"},"content":{"rendered":"","protected":false},"excerpt":{"rendered":"<p data-start=\"3811\" data-end=\"4224\">Nutrolin Senior e\u013c\u013ca vec\u0101kiem ka\u0137iem ir papildbar\u012bba, kas bag\u0101tin\u0101ta ar tauksk\u0101b\u0113m un antioksidantiem vesel\u012bbas atbalstam. Uzlabo vec\u0101ka ka\u0137a kust\u012bgumu, atbalsta smadze\u0146u un sirds darb\u012bbu, baro un aizsarg\u0101 \u0101du un uzlabo apmatojuma kvalit\u0101ti. Satur lielu daudzumu omega-3 tauksk\u0101bju (200 mg\/ml), kas atbalsta loc\u012btavas un dz\u012bv\u012bbai svar\u012bgus org\u0101nus. Omega-3 tauksk\u0101bes var ar\u012b uzlabot vec\u0101ku ka\u0137u kognit\u012bv\u0101s sp\u0113jas.<\/p>\n<p data-start=\"4226\" data-end=\"4409\"><strong data-start=\"4226\" data-end=\"4253\">Lieto\u0161anas instrukcija:<\/strong><br data-start=\"4253\" data-end=\"4256\" \/>Tauksk\u0101bju un antioksidantu mais\u012bjums piem\u0113rots ka\u0137iem no 7 gadu vecuma. Sajaukt vienu reizi dien\u0101 ar bar\u012bbu. Inform\u0101cija par devu: skat\u012bt uz iepakojuma.<\/p>\n<p data-start=\"4411\" data-end=\"4585\"><strong data-start=\"4411\" data-end=\"4423\">Sast\u0101vs:<\/strong> Zivju e\u013c\u013cas mais\u012bjums*, Dab\u012bgas piedevas: E vitam\u012bns 2,5 mg\/ml, Tokoferolu ekstrakts, Rozmar\u012bna ekstrakts. Anal\u012btisk\u0101s sast\u0101vda\u013cas: Omega-3 tauksk\u0101bes 200 mg\/ml.<\/p>\n<p data-start=\"4587\" data-end=\"4944\"><strong data-start=\"4587\" data-end=\"4616\">Uzglab\u0101\u0161anas inform\u0101cija:<\/strong> P\u0113c iepakojuma atv\u0113r\u0161anas produkts ir der\u012bgs lieto\u0161anai l\u012bdz 4 m\u0113ne\u0161iem. Uzglab\u0101t iepakojumus saus\u0101 viet\u0101, pasarg\u0101tus no tie\u0161iem saules stariem. Atv\u0113rt\u0101s pudeles vienm\u0113r tur\u0113t vertik\u0101l\u0101 st\u0101vokl\u012b. Pudeli nav nepiecie\u0161ams sakrat\u012bt. Lab\u0101kai uzglab\u0101\u0161anai e\u013c\u013cu ieteicams tur\u0113t ledusskap\u012b. E\u013c\u013cu var ar\u012b sasald\u0113t ilg\u0101kai uzglab\u0101\u0161anai.<\/p>\n","protected":false},"featured_media":53465,"template":"","meta":[],"product_brand":[],"product_cat":[878],"product_tag":[],"class_list":{"0":"post-53619","1":"product","2":"type-product","3":"status-publish","4":"has-post-thumbnail","6":"product_cat-vitamini-uztura-bagatinataji-kakiem","8":"first","9":"instock","10":"sale","11":"taxable","12":"shipping-taxable","13":"purchasable","14":"product-type-simple"},"yoast_head":"<!-- This site is optimized with the Yoast SEO plugin v27.4 - https:\/\/yoast.com\/product\/yoast-seo-wordpress\/ -->\n<title>Nutrolin Senior Omega e\u013c\u013ca ka\u0137iem, 150 ml - MiuMjau<\/title>\n<meta name=\"robots\" content=\"index, follow, max-snippet:-1, max-image-preview:large, max-video-preview:-1\" \/>\n<link rel=\"canonical\" href=\"https:\/\/miumjau.ee\/lv\/produkts\/nutrolin-senior-omega-ella-kakiem-150-ml\/\" \/>\n<meta property=\"og:locale\" content=\"lv_LV\" \/>\n<meta property=\"og:type\" content=\"article\" \/>\n<meta property=\"og:title\" content=\"Nutrolin Senior Omega e\u013c\u013ca ka\u0137iem, 150 ml - MiuMjau\" \/>\n<meta property=\"og:description\" content=\"Nutrolin Senior e\u013c\u013ca vec\u0101kiem ka\u0137iem ir papildbar\u012bba, kas bag\u0101tin\u0101ta ar tauksk\u0101b\u0113m un antioksidantiem vesel\u012bbas atbalstam. Uzlabo vec\u0101ka ka\u0137a kust\u012bgumu, atbalsta smadze\u0146u un sirds darb\u012bbu, baro un aizsarg\u0101 \u0101du un uzlabo apmatojuma kvalit\u0101ti. Satur lielu daudzumu omega-3 tauksk\u0101bju (200 mg\/ml), kas atbalsta loc\u012btavas un dz\u012bv\u012bbai svar\u012bgus org\u0101nus. Omega-3 tauksk\u0101bes var ar\u012b uzlabot vec\u0101ku ka\u0137u kognit\u012bv\u0101s sp\u0113jas. Lieto\u0161anas instrukcija:Tauksk\u0101bju un antioksidantu mais\u012bjums piem\u0113rots ka\u0137iem no 7 gadu vecuma. Sajaukt vienu reizi dien\u0101 ar bar\u012bbu. Inform\u0101cija par devu: skat\u012bt uz iepakojuma. Sast\u0101vs: Zivju e\u013c\u013cas mais\u012bjums*, Dab\u012bgas piedevas: E vitam\u012bns 2,5 mg\/ml, Tokoferolu ekstrakts, Rozmar\u012bna ekstrakts. Anal\u012btisk\u0101s sast\u0101vda\u013cas: Omega-3 tauksk\u0101bes 200 mg\/ml. Uzglab\u0101\u0161anas inform\u0101cija: P\u0113c iepakojuma atv\u0113r\u0161anas produkts ir der\u012bgs lieto\u0161anai l\u012bdz 4 m\u0113ne\u0161iem. Uzglab\u0101t iepakojumus saus\u0101 viet\u0101, pasarg\u0101tus no tie\u0161iem saules stariem. Atv\u0113rt\u0101s pudeles vienm\u0113r tur\u0113t vertik\u0101l\u0101 st\u0101vokl\u012b. Pudeli nav nepiecie\u0161ams sakrat\u012bt. Lab\u0101kai uzglab\u0101\u0161anai e\u013c\u013cu ieteicams tur\u0113t ledusskap\u012b. E\u013c\u013cu var ar\u012b sasald\u0113t ilg\u0101kai uzglab\u0101\u0161anai.\" \/>\n<meta property=\"og:url\" content=\"https:\/\/miumjau.ee\/lv\/produkts\/nutrolin-senior-omega-ella-kakiem-150-ml\/\" \/>\n<meta property=\"og:site_name\" content=\"MiuMjau\" \/>\n<meta property=\"article:publisher\" content=\"https:\/\/www.facebook.com\/miumjaupood\/\" \/>\n<meta property=\"og:image\" content=\"https:\/\/miumjau.ee\/wp-content\/uploads\/2026\/02\/NutrolinCATSENIOR150ml.jpg\" \/>\n\t<meta property=\"og:image:width\" content=\"600\" \/>\n\t<meta property=\"og:image:height\" content=\"800\" \/>\n\t<meta property=\"og:image:type\" content=\"image\/jpeg\" \/>\n<meta name=\"twitter:card\" content=\"summary_large_image\" \/>\n<script type=\"application\/ld+json\" class=\"yoast-schema-graph\">{\"@context\":\"https:\\\/\\\/schema.org\",\"@graph\":[{\"@type\":\"WebPage\",\"@id\":\"https:\\\/\\\/miumjau.ee\\\/lv\\\/produkts\\\/nutrolin-senior-omega-ella-kakiem-150-ml\\\/\",\"url\":\"https:\\\/\\\/miumjau.ee\\\/lv\\\/produkts\\\/nutrolin-senior-omega-ella-kakiem-150-ml\\\/\",\"name\":\"Nutrolin Senior Omega e\u013c\u013ca ka\u0137iem, 150 ml - MiuMjau\",\"isPartOf\":{\"@id\":\"https:\\\/\\\/miumjau.ee\\\/#website\"},\"primaryImageOfPage\":{\"@id\":\"https:\\\/\\\/miumjau.ee\\\/lv\\\/produkts\\\/nutrolin-senior-omega-ella-kakiem-150-ml\\\/#primaryimage\"},\"image\":{\"@id\":\"https:\\\/\\\/miumjau.ee\\\/lv\\\/produkts\\\/nutrolin-senior-omega-ella-kakiem-150-ml\\\/#primaryimage\"},\"thumbnailUrl\":\"https:\\\/\\\/miumjau.ee\\\/wp-content\\\/uploads\\\/2026\\\/02\\\/NutrolinCATSENIOR150ml.jpg\",\"datePublished\":\"2026-02-03T10:19:23+00:00\",\"breadcrumb\":{\"@id\":\"https:\\\/\\\/miumjau.ee\\\/lv\\\/produkts\\\/nutrolin-senior-omega-ella-kakiem-150-ml\\\/#breadcrumb\"},\"inLanguage\":\"lv-LV\",\"potentialAction\":[{\"@type\":\"ReadAction\",\"target\":[\"https:\\\/\\\/miumjau.ee\\\/lv\\\/produkts\\\/nutrolin-senior-omega-ella-kakiem-150-ml\\\/\"]}]},{\"@type\":\"ImageObject\",\"inLanguage\":\"lv-LV\",\"@id\":\"https:\\\/\\\/miumjau.ee\\\/lv\\\/produkts\\\/nutrolin-senior-omega-ella-kakiem-150-ml\\\/#primaryimage\",\"url\":\"https:\\\/\\\/miumjau.ee\\\/wp-content\\\/uploads\\\/2026\\\/02\\\/NutrolinCATSENIOR150ml.jpg\",\"contentUrl\":\"https:\\\/\\\/miumjau.ee\\\/wp-content\\\/uploads\\\/2026\\\/02\\\/NutrolinCATSENIOR150ml.jpg\",\"width\":600,\"height\":800,\"caption\":\"Nutrolin Senior Oomega \u00f5li eakatele kassidele 150ml\"},{\"@type\":\"BreadcrumbList\",\"@id\":\"https:\\\/\\\/miumjau.ee\\\/lv\\\/produkts\\\/nutrolin-senior-omega-ella-kakiem-150-ml\\\/#breadcrumb\",\"itemListElement\":[{\"@type\":\"ListItem\",\"position\":1,\"name\":\"Home\",\"item\":\"https:\\\/\\\/miumjau.ee\\\/lv\\\/\"},{\"@type\":\"ListItem\",\"position\":2,\"name\":\"Veikals\",\"item\":\"https:\\\/\\\/miumjau.ee\\\/lv\\\/veikals\\\/\"},{\"@type\":\"ListItem\",\"position\":3,\"name\":\"Nutrolin Senior Omega e\u013c\u013ca ka\u0137iem, 150 ml\"}]},{\"@type\":\"WebSite\",\"@id\":\"https:\\\/\\\/miumjau.ee\\\/#website\",\"url\":\"https:\\\/\\\/miumjau.ee\\\/\",\"name\":\"MiuMjau\",\"description\":\"Kraapimispuud kassidele\",\"publisher\":{\"@id\":\"https:\\\/\\\/miumjau.ee\\\/#organization\"},\"potentialAction\":[{\"@type\":\"SearchAction\",\"target\":{\"@type\":\"EntryPoint\",\"urlTemplate\":\"https:\\\/\\\/miumjau.ee\\\/?s={search_term_string}\"},\"query-input\":{\"@type\":\"PropertyValueSpecification\",\"valueRequired\":true,\"valueName\":\"search_term_string\"}}],\"inLanguage\":\"lv-LV\"},{\"@type\":\"Organization\",\"@id\":\"https:\\\/\\\/miumjau.ee\\\/#organization\",\"name\":\"MiuMjau O\u00dc\",\"url\":\"https:\\\/\\\/miumjau.ee\\\/\",\"logo\":{\"@type\":\"ImageObject\",\"inLanguage\":\"lv-LV\",\"@id\":\"https:\\\/\\\/miumjau.ee\\\/#\\\/schema\\\/logo\\\/image\\\/\",\"url\":\"https:\\\/\\\/miumjau.ee\\\/wp-content\\\/uploads\\\/2022\\\/04\\\/MiuMjau-logo-kollane.png\",\"contentUrl\":\"https:\\\/\\\/miumjau.ee\\\/wp-content\\\/uploads\\\/2022\\\/04\\\/MiuMjau-logo-kollane.png\",\"width\":219,\"height\":100,\"caption\":\"MiuMjau O\u00dc\"},\"image\":{\"@id\":\"https:\\\/\\\/miumjau.ee\\\/#\\\/schema\\\/logo\\\/image\\\/\"},\"sameAs\":[\"https:\\\/\\\/www.facebook.com\\\/miumjaupood\\\/\"]}]}<\/script>\n<!-- \/ Yoast SEO plugin. -->","yoast_head_json":{"title":"Nutrolin Senior Omega e\u013c\u013ca ka\u0137iem, 150 ml - MiuMjau","robots":{"index":"index","follow":"follow","max-snippet":"max-snippet:-1","max-image-preview":"max-image-preview:large","max-video-preview":"max-video-preview:-1"},"canonical":"https:\/\/miumjau.ee\/lv\/produkts\/nutrolin-senior-omega-ella-kakiem-150-ml\/","og_locale":"lv_LV","og_type":"article","og_title":"Nutrolin Senior Omega e\u013c\u013ca ka\u0137iem, 150 ml - MiuMjau","og_description":"Nutrolin Senior e\u013c\u013ca vec\u0101kiem ka\u0137iem ir papildbar\u012bba, kas bag\u0101tin\u0101ta ar tauksk\u0101b\u0113m un antioksidantiem vesel\u012bbas atbalstam. Uzlabo vec\u0101ka ka\u0137a kust\u012bgumu, atbalsta smadze\u0146u un sirds darb\u012bbu, baro un aizsarg\u0101 \u0101du un uzlabo apmatojuma kvalit\u0101ti. Satur lielu daudzumu omega-3 tauksk\u0101bju (200 mg\/ml), kas atbalsta loc\u012btavas un dz\u012bv\u012bbai svar\u012bgus org\u0101nus. Omega-3 tauksk\u0101bes var ar\u012b uzlabot vec\u0101ku ka\u0137u kognit\u012bv\u0101s sp\u0113jas. Lieto\u0161anas instrukcija:Tauksk\u0101bju un antioksidantu mais\u012bjums piem\u0113rots ka\u0137iem no 7 gadu vecuma. Sajaukt vienu reizi dien\u0101 ar bar\u012bbu. Inform\u0101cija par devu: skat\u012bt uz iepakojuma. Sast\u0101vs: Zivju e\u013c\u013cas mais\u012bjums*, Dab\u012bgas piedevas: E vitam\u012bns 2,5 mg\/ml, Tokoferolu ekstrakts, Rozmar\u012bna ekstrakts. Anal\u012btisk\u0101s sast\u0101vda\u013cas: Omega-3 tauksk\u0101bes 200 mg\/ml. Uzglab\u0101\u0161anas inform\u0101cija: P\u0113c iepakojuma atv\u0113r\u0161anas produkts ir der\u012bgs lieto\u0161anai l\u012bdz 4 m\u0113ne\u0161iem. Uzglab\u0101t iepakojumus saus\u0101 viet\u0101, pasarg\u0101tus no tie\u0161iem saules stariem. Atv\u0113rt\u0101s pudeles vienm\u0113r tur\u0113t vertik\u0101l\u0101 st\u0101vokl\u012b. Pudeli nav nepiecie\u0161ams sakrat\u012bt. Lab\u0101kai uzglab\u0101\u0161anai e\u013c\u013cu ieteicams tur\u0113t ledusskap\u012b. E\u013c\u013cu var ar\u012b sasald\u0113t ilg\u0101kai uzglab\u0101\u0161anai.","og_url":"https:\/\/miumjau.ee\/lv\/produkts\/nutrolin-senior-omega-ella-kakiem-150-ml\/","og_site_name":"MiuMjau","article_publisher":"https:\/\/www.facebook.com\/miumjaupood\/","og_image":[{"width":600,"height":800,"url":"https:\/\/miumjau.ee\/wp-content\/uploads\/2026\/02\/NutrolinCATSENIOR150ml.jpg","type":"image\/jpeg"}],"twitter_card":"summary_large_image","schema":{"@context":"https:\/\/schema.org","@graph":[{"@type":"WebPage","@id":"https:\/\/miumjau.ee\/lv\/produkts\/nutrolin-senior-omega-ella-kakiem-150-ml\/","url":"https:\/\/miumjau.ee\/lv\/produkts\/nutrolin-senior-omega-ella-kakiem-150-ml\/","name":"Nutrolin Senior Omega e\u013c\u013ca ka\u0137iem, 150 ml - MiuMjau","isPartOf":{"@id":"https:\/\/miumjau.ee\/#website"},"primaryImageOfPage":{"@id":"https:\/\/miumjau.ee\/lv\/produkts\/nutrolin-senior-omega-ella-kakiem-150-ml\/#primaryimage"},"image":{"@id":"https:\/\/miumjau.ee\/lv\/produkts\/nutrolin-senior-omega-ella-kakiem-150-ml\/#primaryimage"},"thumbnailUrl":"https:\/\/miumjau.ee\/wp-content\/uploads\/2026\/02\/NutrolinCATSENIOR150ml.jpg","datePublished":"2026-02-03T10:19:23+00:00","breadcrumb":{"@id":"https:\/\/miumjau.ee\/lv\/produkts\/nutrolin-senior-omega-ella-kakiem-150-ml\/#breadcrumb"},"inLanguage":"lv-LV","potentialAction":[{"@type":"ReadAction","target":["https:\/\/miumjau.ee\/lv\/produkts\/nutrolin-senior-omega-ella-kakiem-150-ml\/"]}]},{"@type":"ImageObject","inLanguage":"lv-LV","@id":"https:\/\/miumjau.ee\/lv\/produkts\/nutrolin-senior-omega-ella-kakiem-150-ml\/#primaryimage","url":"https:\/\/miumjau.ee\/wp-content\/uploads\/2026\/02\/NutrolinCATSENIOR150ml.jpg","contentUrl":"https:\/\/miumjau.ee\/wp-content\/uploads\/2026\/02\/NutrolinCATSENIOR150ml.jpg","width":600,"height":800,"caption":"Nutrolin Senior Oomega \u00f5li eakatele kassidele 150ml"},{"@type":"BreadcrumbList","@id":"https:\/\/miumjau.ee\/lv\/produkts\/nutrolin-senior-omega-ella-kakiem-150-ml\/#breadcrumb","itemListElement":[{"@type":"ListItem","position":1,"name":"Home","item":"https:\/\/miumjau.ee\/lv\/"},{"@type":"ListItem","position":2,"name":"Veikals","item":"https:\/\/miumjau.ee\/lv\/veikals\/"},{"@type":"ListItem","position":3,"name":"Nutrolin Senior Omega e\u013c\u013ca ka\u0137iem, 150 ml"}]},{"@type":"WebSite","@id":"https:\/\/miumjau.ee\/#website","url":"https:\/\/miumjau.ee\/","name":"MiuMjau","description":"Kraapimispuud kassidele","publisher":{"@id":"https:\/\/miumjau.ee\/#organization"},"potentialAction":[{"@type":"SearchAction","target":{"@type":"EntryPoint","urlTemplate":"https:\/\/miumjau.ee\/?s={search_term_string}"},"query-input":{"@type":"PropertyValueSpecification","valueRequired":true,"valueName":"search_term_string"}}],"inLanguage":"lv-LV"},{"@type":"Organization","@id":"https:\/\/miumjau.ee\/#organization","name":"MiuMjau O\u00dc","url":"https:\/\/miumjau.ee\/","logo":{"@type":"ImageObject","inLanguage":"lv-LV","@id":"https:\/\/miumjau.ee\/#\/schema\/logo\/image\/","url":"https:\/\/miumjau.ee\/wp-content\/uploads\/2022\/04\/MiuMjau-logo-kollane.png","contentUrl":"https:\/\/miumjau.ee\/wp-content\/uploads\/2022\/04\/MiuMjau-logo-kollane.png","width":219,"height":100,"caption":"MiuMjau O\u00dc"},"image":{"@id":"https:\/\/miumjau.ee\/#\/schema\/logo\/image\/"},"sameAs":["https:\/\/www.facebook.com\/miumjaupood\/"]}]}},"_links":{"self":[{"href":"https:\/\/miumjau.ee\/lv\/wp-json\/wp\/v2\/product\/53619","targetHints":{"allow":["GET"]}}],"collection":[{"href":"https:\/\/miumjau.ee\/lv\/wp-json\/wp\/v2\/product"}],"about":[{"href":"https:\/\/miumjau.ee\/lv\/wp-json\/wp\/v2\/types\/product"}],"wp:featuredmedia":[{"embeddable":true,"href":"https:\/\/miumjau.ee\/lv\/wp-json\/wp\/v2\/media\/53465"}],"wp:attachment":[{"href":"https:\/\/miumjau.ee\/lv\/wp-json\/wp\/v2\/media?parent=53619"}],"wp:term":[{"taxonomy":"product_brand","embeddable":true,"href":"https:\/\/miumjau.ee\/lv\/wp-json\/wp\/v2\/product_brand?post=53619"},{"taxonomy":"product_cat","embeddable":true,"href":"https:\/\/miumjau.ee\/lv\/wp-json\/wp\/v2\/product_cat?post=53619"},{"taxonomy":"product_tag","embeddable":true,"href":"https:\/\/miumjau.ee\/lv\/wp-json\/wp\/v2\/product_tag?post=53619"}],"curies":[{"name":"wp","href":"https:\/\/api.w.org\/{rel}","templated":true}]}}